{"id":13505,"date":"2015-10-08T12:59:47","date_gmt":"2015-10-08T11:59:47","guid":{"rendered":"https:\/\/astos.cz\/uvodni-stranka\/"},"modified":"2025-10-31T13:59:34","modified_gmt":"2025-10-31T12:59:34","slug":"uvodni-stranka","status":"publish","type":"page","link":"https:\/\/astos.cz\/uk\/","title":{"rendered":"\u00davodn\u00ed str\u00e1nka"},"content":{"rendered":"<div id=\"pl-13505\"  class=\"panel-layout\" ><div id=\"pg-13505-0\"  class=\"panel-grid panel-no-style\" ><div id=\"pgc-13505-0-0\"  class=\"panel-grid-cell\" ><div id=\"panel-13505-0-0-0\" class=\"so-panel widget widget_sow-editor panel-first-child panel-last-child\" data-index=\"0\" ><div class=\"so-widget-sow-editor so-widget-sow-editor-base\">\n<div class=\"siteorigin-widget-tinymce textwidget\">\n\t<h2 style=\"text-align: center;\"><strong>\u0412\u0430\u043a\u0430\u043d\u0441\u0456\u0457<\/strong><\/h2>\n<hr \/>\n<p>&nbsp;<\/p>\n<\/div>\n<\/div><\/div><\/div><\/div><div id=\"pg-13505-1\"  class=\"panel-grid panel-no-style\" ><div id=\"pgc-13505-1-0\"  class=\"panel-grid-cell\" ><div id=\"panel-13505-1-0-0\" class=\"so-panel widget widget_sow-editor panel-first-child panel-last-child\" data-index=\"1\" ><div class=\"so-widget-sow-editor so-widget-sow-editor-base\">\n<div class=\"siteorigin-widget-tinymce textwidget\">\n\t<h3 data-start=\"78\" data-end=\"100\"><strong data-start=\"82\" data-end=\"98\">\u0417\u0432\u0430\u0440\u044e\u0432\u0430\u043b\u044c\u043d\u0438\u043a<\/strong><\/h3>\n<p data-start=\"102\" data-end=\"177\">\u041c\u0430\u0454\u0442\u0435 \u0434\u043e\u0441\u0432\u0456\u0434 \u0437\u0432\u0430\u0440\u044e\u0432\u0430\u043d\u043d\u044f \u0442\u0430 \u0448\u0443\u043a\u0430\u0454\u0442\u0435 \u0441\u0442\u0430\u0431\u0456\u043b\u044c\u043d\u0443 \u0440\u043e\u0431\u043e\u0442\u0443? \u041f\u0440\u0438\u0454\u0434\u043d\u0443\u0439\u0442\u0435\u0441\u044c \u0434\u043e \u043d\u0430\u0441.<\/p>\n<p data-start=\"179\" data-end=\"250\">\u0423 \u043d\u0430\u0448\u0443 \u043a\u043e\u043c\u0430\u043d\u0434\u0443 \u0448\u0443\u043a\u0430\u0454\u043c\u043e \u043a\u043e\u043b\u0435\u0433\u0443 \/ \u043a\u043e\u043b\u0435\u0433\u0438\u043d\u044e \u043d\u0430 \u043f\u043e\u0441\u0430\u0434\u0443 <strong data-start=\"230\" data-end=\"247\">\u0437\u0432\u0430\u0440\u044e\u0432\u0430\u043b\u044c\u043d\u0438\u043a\u0430<\/strong>!<\/p>\n<h4 data-start=\"252\" data-end=\"278\"><strong data-start=\"257\" data-end=\"276\">\u0412\u0430\u0448\u0456 \u043e\u0431\u043e\u0432\u2019\u044f\u0437\u043a\u0438:<\/strong><\/h4>\n<ul data-start=\"279\" data-end=\"590\">\n<li data-start=\"279\" data-end=\"336\">\n<p data-start=\"281\" data-end=\"336\">\u0441\u043a\u043b\u0430\u0434\u0430\u043d\u043d\u044f \u0437\u0432\u0430\u0440\u043d\u0438\u0445 \u0432\u0443\u0437\u043b\u0456\u0432 \u0437\u0430 \u043a\u0440\u0435\u0441\u043b\u0435\u043d\u043d\u044f\u043c\u0438 \u0442\u0430 \u0437\u0432\u0430\u0440\u044e\u0432\u0430\u043d\u043d\u044f<\/p>\n<\/li>\n<li data-start=\"337\" data-end=\"398\">\n<p data-start=\"339\" data-end=\"398\">\u0440\u043e\u0431\u043e\u0442\u0430 \u043c\u0435\u0442\u043e\u0434\u0430\u043c\u0438 MIG\/MAG \u0442\u0430 TIG (\u0437\u0430\u043b\u0435\u0436\u043d\u043e \u0432\u0456\u0434 \u043a\u0432\u0430\u043b\u0456\u0444\u0456\u043a\u0430\u0446\u0456\u0457)<\/p>\n<\/li>\n<li data-start=\"399\" data-end=\"454\">\n<p data-start=\"401\" data-end=\"454\">\u043a\u043e\u043d\u0442\u0440\u043e\u043b\u044c \u044f\u043a\u043e\u0441\u0442\u0456 \u0448\u0432\u0456\u0432 \u0442\u0430 \u0437\u0430 \u043f\u043e\u0442\u0440\u0435\u0431\u0438 \u0457\u0445 \u0434\u043e\u043e\u043f\u0440\u0430\u0446\u044e\u0432\u0430\u043d\u043d\u044f<\/p>\n<\/li>\n<li data-start=\"455\" data-end=\"532\">\n<p data-start=\"457\" data-end=\"532\">\u0440\u043e\u0431\u043e\u0442\u0430 \u0437 \u043e\u0441\u043d\u043e\u0432\u043d\u0438\u043c\u0438 \u0432\u0438\u043c\u0456\u0440\u044e\u0432\u0430\u043b\u044c\u043d\u0438\u043c\u0438 \u0456\u043d\u0441\u0442\u0440\u0443\u043c\u0435\u043d\u0442\u0430\u043c\u0438 \u0442\u0430 \u0442\u0435\u0445\u043d\u0456\u0447\u043d\u0438\u043c\u0438 \u043a\u0440\u0435\u0441\u043b\u0435\u043d\u043d\u044f\u043c\u0438<\/p>\n<\/li>\n<li data-start=\"533\" data-end=\"590\">\n<p data-start=\"535\" data-end=\"590\">\u0441\u043f\u0456\u0432\u043f\u0440\u0430\u0446\u044f \u0437 \u0432\u0438\u0440\u043e\u0431\u043d\u0438\u0447\u043e\u044e \u043a\u043e\u043c\u0430\u043d\u0434\u043e\u044e \u0442\u0430 \u0442\u0435\u0445\u043d\u0456\u0447\u043d\u0438\u043c \u0432\u0456\u0434\u0434\u0456\u043b\u043e\u043c<\/p>\n<\/li>\n<\/ul>\n<h4 data-start=\"592\" data-end=\"615\"><strong data-start=\"597\" data-end=\"613\">\u041d\u0430\u0448\u0456 \u0432\u0438\u043c\u043e\u0433\u0438:<\/strong><\/h4>\n<ul data-start=\"616\" data-end=\"806\">\n<li data-start=\"616\" data-end=\"660\">\n<p data-start=\"618\" data-end=\"660\">\u0447\u0438\u043d\u043d\u0435 \u043f\u043e\u0441\u0432\u0456\u0434\u0447\u0435\u043d\u043d\u044f \u0437\u0432\u0430\u0440\u044e\u0432\u0430\u043b\u044c\u043d\u0438\u043a\u0430 (\u0431\u0430\u0436\u0430\u043d\u043e)<\/p>\n<\/li>\n<li data-start=\"661\" data-end=\"693\">\n<p data-start=\"663\" data-end=\"693\">\u0434\u043e\u0441\u0432\u0456\u0434 \u0440\u043e\u0431\u043e\u0442\u0438 \u0437\u0456 \u0437\u0432\u0430\u0440\u044e\u0432\u0430\u043d\u043d\u044f\u043c<\/p>\n<\/li>\n<li data-start=\"694\" data-end=\"733\">\n<p data-start=\"696\" data-end=\"733\">\u043e\u0440\u0456\u0454\u043d\u0442\u0430\u0446\u0456\u044f \u0443 \u0442\u0435\u0445\u043d\u0456\u0447\u043d\u0456\u0439 \u0434\u043e\u043a\u0443\u043c\u0435\u043d\u0442\u0430\u0446\u0456\u0457<\/p>\n<\/li>\n<li data-start=\"734\" data-end=\"806\">\n<p data-start=\"736\" data-end=\"806\">\u0440\u0443\u0447\u043d\u0430 \u0432\u043f\u0440\u0430\u0432\u043d\u0456\u0441\u0442\u044c, \u0441\u0430\u043c\u043e\u0441\u0442\u0456\u0439\u043d\u0456\u0441\u0442\u044c \u0442\u0430 \u0432\u0456\u0434\u043f\u043e\u0432\u0456\u0434\u0430\u043b\u044c\u043d\u0435 \u0441\u0442\u0430\u0432\u043b\u0435\u043d\u043d\u044f \u0434\u043e \u0440\u043e\u0431\u043e\u0442\u0438<\/p>\n<\/li>\n<\/ul>\n<\/div>\n<\/div><\/div><\/div><div id=\"pgc-13505-1-1\"  class=\"panel-grid-cell\" ><div id=\"panel-13505-1-1-0\" class=\"so-panel widget widget_sow-image panel-first-child\" data-index=\"2\" ><div class=\"so-widget-sow-image so-widget-sow-image-default-d6014b76747a-13505\">\n\n<div class=\"sow-image-container\">\n\t\t<img src=\"https:\/\/astos.cz\/wp-content\/uploads\/2025\/08\/Svarec-300x212.png\" width=\"300\" height=\"212\" srcset=\"https:\/\/astos.cz\/wp-content\/uploads\/2025\/08\/Svarec-300x212.png 300w, https:\/\/astos.cz\/wp-content\/uploads\/2025\/08\/Svarec-1024x724.png 1024w, https:\/\/astos.cz\/wp-content\/uploads\/2025\/08\/Svarec-768x543.png 768w, https:\/\/astos.cz\/wp-content\/uploads\/2025\/08\/Svarec-1536x1086.png 1536w, https:\/\/astos.cz\/wp-content\/uploads\/2025\/08\/Svarec-2048x1448.png 2048w, https:\/\/astos.cz\/wp-content\/uploads\/2025\/08\/Svarec-555x392.png 555w\" sizes=\"(max-width: 300px) 100vw, 300px\" title=\"svarec_foto\" alt=\"\" loading=\"lazy\" \t\tclass=\"so-widget-image\"\/>\n\t<\/div>\n\n<\/div><\/div><div id=\"panel-13505-1-1-1\" class=\"so-panel widget widget_sow-editor panel-last-child\" data-index=\"3\" ><div class=\"so-widget-sow-editor so-widget-sow-editor-base\">\n<div class=\"siteorigin-widget-tinymce textwidget\">\n\t<h3 data-start=\"64\" data-end=\"88\"><strong data-start=\"68\" data-end=\"86\">\u041c\u0438 \u043f\u0440\u043e\u043f\u043e\u043d\u0443\u0454\u043c\u043e:<\/strong><\/h3>\n<ul data-start=\"89\" data-end=\"517\">\n<li data-start=\"89\" data-end=\"238\">\n<p data-start=\"91\" data-end=\"238\">\u0441\u0442\u0430\u0431\u0456\u043b\u044c\u043d\u0435 \u043f\u0440\u0430\u0446\u0435\u0432\u043b\u0430\u0448\u0442\u0443\u0432\u0430\u043d\u043d\u044f \u043d\u0430 \u043f\u043e\u0432\u043d\u0438\u0439 \u0440\u043e\u0431\u043e\u0447\u0438\u0439 \u0434\u0435\u043d\u044c \u2013 \u0442\u0440\u0443\u0434\u043e\u0432\u0438\u0439 \u0434\u043e\u0433\u043e\u0432\u0456\u0440 \u043d\u0430 \u0432\u0438\u0437\u043d\u0430\u0447\u0435\u043d\u0438\u0439 \u0442\u0435\u0440\u043c\u0456\u043d (1 \u0440\u0456\u043a) \u0437 \u043c\u043e\u0436\u043b\u0438\u0432\u0456\u0441\u0442\u044e \u043f\u0440\u043e\u0434\u043e\u0432\u0436\u0435\u043d\u043d\u044f \u043d\u0430 \u043d\u0435\u0432\u0438\u0437\u043d\u0430\u0447\u0435\u043d\u0438\u0439 \u0442\u0435\u0440\u043c\u0456\u043d<\/p>\n<\/li>\n<li data-start=\"239\" data-end=\"262\">\n<p data-start=\"241\" data-end=\"262\">\u0440\u043e\u0431\u043e\u0442\u0443 \u0432 \u043e\u0434\u043d\u0443 \u0437\u043c\u0456\u043d\u0443<\/p>\n<\/li>\n<li data-start=\"263\" data-end=\"313\">\n<p data-start=\"265\" data-end=\"313\">\u0432\u0456\u0434\u043f\u043e\u0432\u0456\u0434\u043d\u0443 \u0437\u0430\u0440\u043e\u0431\u0456\u0442\u043d\u0443 \u043f\u043b\u0430\u0442\u0443 \u0437\u0430\u043b\u0435\u0436\u043d\u043e \u0432\u0456\u0434 \u0434\u043e\u0441\u0432\u0456\u0434\u0443<\/p>\n<\/li>\n<li data-start=\"314\" data-end=\"369\">\n<p data-start=\"316\" data-end=\"369\">\u0432\u043d\u0435\u0441\u043e\u043a \u043d\u0430 \u0445\u0430\u0440\u0447\u0443\u0432\u0430\u043d\u043d\u044f, \u0434\u043e\u0457\u0437\u0434 \u0442\u0430 \u043f\u0435\u043d\u0441\u0456\u0439\u043d\u0435 \u0441\u0442\u0440\u0430\u0445\u0443\u0432\u0430\u043d\u043d\u044f<\/p>\n<\/li>\n<li data-start=\"370\" data-end=\"427\">\n<p data-start=\"372\" data-end=\"427\">\u0441\u043f\u0435\u0446\u0456\u0430\u043b\u044c\u043d\u0456 \u043f\u0440\u0435\u043c\u0456\u0457 \u0437\u0430 \u043f\u0440\u043e\u0434\u0443\u043a\u0442\u0438\u0432\u043d\u0456\u0441\u0442\u044c \u0442\u0430 \u0432\u0456\u0434\u0432\u0456\u0434\u0443\u0432\u0430\u043d\u0456\u0441\u0442\u044c<\/p>\n<\/li>\n<li data-start=\"428\" data-end=\"517\">\n<p data-start=\"430\" data-end=\"517\">\u0434\u0440\u0443\u0436\u043d\u0456\u0439 \u043a\u043e\u043b\u0435\u043a\u0442\u0438\u0432 \u0456 \u043f\u0456\u0434\u0442\u0440\u0438\u043c\u043a\u0443 \u0447\u0435\u0441\u044c\u043a\u043e\u0457 \u043c\u0430\u0448\u0438\u043d\u043e\u0431\u0443\u0434\u0456\u0432\u043d\u043e\u0457 \u043a\u043e\u043c\u043f\u0430\u043d\u0456\u0457 \u0437 \u0431\u0430\u0433\u0430\u0442\u043e\u0440\u0456\u0447\u043d\u043e\u044e \u0442\u0440\u0430\u0434\u0438\u0446\u0456\u0454\u044e<\/p>\n<\/li>\n<\/ul>\n<\/div>\n<\/div><\/div><\/div><\/div><div id=\"pg-13505-2\"  class=\"panel-grid panel-no-style\" ><div id=\"pgc-13505-2-0\"  class=\"panel-grid-cell\" ><div id=\"panel-13505-2-0-0\" class=\"so-panel widget widget_sow-editor panel-first-child panel-last-child\" data-index=\"4\" ><div class=\"so-widget-sow-editor so-widget-sow-editor-base\">\n<div class=\"siteorigin-widget-tinymce textwidget\">\n\t<p class=\"alternative-heading\">\u0411\u0456\u043b\u044c\u0448\u0435 \u0456\u043d\u0444\u043e\u0440\u043c\u0430\u0446\u0456\u0457 \u0432\u0438 \u043c\u043e\u0436\u0435\u0442\u0435 \u043e\u0442\u0440\u0438\u043c\u0430\u0442\u0438 \u0437\u0430 \u0442\u0435\u043b\u0435\u0444\u043e\u043d\u043e\u043c\u00a0<a href=\"tel:+420354401011\">354 401 011<\/a>, \u041c\u043e\u0431.: <a href=\"tel:+420774407012\">774 407 012<\/a> , e-mail: <a href=\"mailto:vachelova@astos.cz\">vachelova@astos.cz<\/a><\/p>\n<\/div>\n<\/div><\/div><\/div><\/div><\/div>","protected":false},"excerpt":{"rendered":"<p>\u0412\u0430\u043a\u0430\u043d\u0441\u0456\u0457 &nbsp; \u0417\u0432\u0430\u0440\u044e\u0432\u0430\u043b\u044c\u043d\u0438\u043a \u041c\u0430\u0454\u0442\u0435 \u0434\u043e\u0441\u0432\u0456\u0434 \u0437\u0432\u0430\u0440\u044e\u0432\u0430\u043d\u043d\u044f \u0442\u0430 \u0448\u0443\u043a\u0430\u0454\u0442\u0435 \u0441\u0442\u0430\u0431\u0456\u043b\u044c\u043d\u0443 \u0440\u043e\u0431\u043e\u0442\u0443? \u041f\u0440\u0438\u0454\u0434\u043d\u0443\u0439\u0442\u0435\u0441\u044c \u0434\u043e \u043d\u0430\u0441. \u0423 \u043d\u0430\u0448\u0443 \u043a\u043e\u043c\u0430\u043d\u0434\u0443 \u0448\u0443\u043a\u0430\u0454\u043c\u043e \u043a\u043e\u043b\u0435\u0433\u0443 \/ \u043a\u043e\u043b\u0435\u0433\u0438\u043d\u044e \u043d\u0430 \u043f\u043e\u0441\u0430\u0434\u0443 \u0437\u0432\u0430\u0440\u044e\u0432\u0430\u043b\u044c\u043d\u0438\u043a\u0430! \u0412\u0430\u0448\u0456 \u043e\u0431\u043e\u0432\u2019\u044f\u0437\u043a\u0438: \u0441\u043a\u043b\u0430\u0434\u0430\u043d\u043d\u044f \u0437\u0432\u0430\u0440\u043d\u0438\u0445 \u0432\u0443\u0437\u043b\u0456\u0432 \u0437\u0430 \u043a\u0440\u0435\u0441\u043b\u0435\u043d\u043d\u044f\u043c\u0438 \u0442\u0430 \u0437\u0432\u0430\u0440\u044e\u0432\u0430\u043d\u043d\u044f \u0440\u043e\u0431\u043e\u0442\u0430 \u043c\u0435\u0442\u043e\u0434\u0430\u043c\u0438 MIG\/MAG \u0442\u0430 TIG (\u0437\u0430\u043b\u0435\u0436\u043d\u043e \u0432\u0456\u0434 \u043a\u0432\u0430\u043b\u0456\u0444\u0456\u043a\u0430\u0446\u0456\u0457) \u043a\u043e\u043d\u0442\u0440\u043e\u043b\u044c \u044f\u043a\u043e\u0441\u0442\u0456 \u0448\u0432\u0456\u0432 \u0442\u0430 \u0437\u0430 \u043f\u043e\u0442\u0440\u0435\u0431\u0438 \u0457\u0445 \u0434\u043e\u043e\u043f\u0440\u0430\u0446\u044e\u0432\u0430\u043d\u043d\u044f \u0440\u043e\u0431\u043e\u0442\u0430 \u0437 \u043e\u0441\u043d\u043e\u0432\u043d\u0438\u043c\u0438 \u0432\u0438\u043c\u0456\u0440\u044e\u0432\u0430\u043b\u044c\u043d\u0438\u043c\u0438 \u0456\u043d\u0441\u0442\u0440\u0443\u043c\u0435\u043d\u0442\u0430\u043c\u0438 \u0442\u0430 \u0442\u0435\u0445\u043d\u0456\u0447\u043d\u0438\u043c\u0438 &hellip;<\/p>\n","protected":false},"author":6,"featured_media":0,"parent":0,"menu_order":0,"comment_status":"closed","ping_status":"closed","template":"template-front-page-slider.php","meta":[],"categories":[],"tags":[],"yoast_head":"<!-- This site is optimized with the Yoast SEO plugin v18.5.1 - https:\/\/yoast.com\/wordpress\/plugins\/seo\/ -->\n<title>Kvalita, spolehlivost a dlouh\u00e1 \u017eivotnost | ASTOS Machinery<\/title>\n<meta name=\"description\" content=\"Specialista na dopravn\u00edkov\u00e9 syst\u00e9my a krytov\u00e1n\u00ed stroj\u016f. Ergonomie, funkcionalita a kvalita proveden\u00ed n\u00e1m zaru\u010duje mezin\u00e1rodn\u00ed uzn\u00e1n\u00ed.\" \/>\n<meta name=\"robots\" content=\"index, follow, max-snippet:-1, max-image-preview:large, max-video-preview:-1\" \/>\n<link rel=\"canonical\" href=\"https:\/\/astos.cz\/uk\/\" \/>\n<meta property=\"og:locale\" content=\"uk_UA\" \/>\n<meta property=\"og:type\" content=\"article\" \/>\n<meta property=\"og:title\" content=\"Kvalita, spolehlivost a dlouh\u00e1 \u017eivotnost | ASTOS Machinery\" \/>\n<meta property=\"og:description\" content=\"Specialista na dopravn\u00edkov\u00e9 syst\u00e9my a krytov\u00e1n\u00ed stroj\u016f. Ergonomie, funkcionalita a kvalita proveden\u00ed n\u00e1m zaru\u010duje mezin\u00e1rodn\u00ed uzn\u00e1n\u00ed.\" \/>\n<meta property=\"og:url\" content=\"https:\/\/astos.cz\/uk\/\" \/>\n<meta property=\"og:site_name\" content=\"ASTOS Machinery\" \/>\n<meta property=\"article:modified_time\" content=\"2025-10-31T12:59:34+00:00\" \/>\n<meta name=\"twitter:card\" content=\"summary\" \/>\n<meta name=\"twitter:label1\" content=\"Est. reading time\" \/>\n\t<meta name=\"twitter:data1\" content=\"1 minute\" \/>\n<script type=\"application\/ld+json\" class=\"yoast-schema-graph\">{\"@context\":\"https:\/\/schema.org\",\"@graph\":[{\"@type\":\"WebSite\",\"@id\":\"https:\/\/astos.cz\/#website\",\"url\":\"https:\/\/astos.cz\/\",\"name\":\"ASTOS Machinery\",\"description\":\"Specialista na dopravn\u00edkov\u00e9 syst\u00e9my a krytov\u00e1n\u00ed stroj\u016f\",\"potentialAction\":[{\"@type\":\"SearchAction\",\"target\":{\"@type\":\"EntryPoint\",\"urlTemplate\":\"https:\/\/astos.cz\/?s={search_term_string}\"},\"query-input\":\"required name=search_term_string\"}],\"inLanguage\":\"uk-UA\"},{\"@type\":\"WebPage\",\"@id\":\"https:\/\/astos.cz\/uk\/#webpage\",\"url\":\"https:\/\/astos.cz\/uk\/\",\"name\":\"Kvalita, spolehlivost a dlouh\u00e1 \u017eivotnost | ASTOS Machinery\",\"isPartOf\":{\"@id\":\"https:\/\/astos.cz\/#website\"},\"datePublished\":\"2015-10-08T11:59:47+00:00\",\"dateModified\":\"2025-10-31T12:59:34+00:00\",\"description\":\"Specialista na dopravn\u00edkov\u00e9 syst\u00e9my a krytov\u00e1n\u00ed stroj\u016f. Ergonomie, funkcionalita a kvalita proveden\u00ed n\u00e1m zaru\u010duje mezin\u00e1rodn\u00ed uzn\u00e1n\u00ed.\",\"breadcrumb\":{\"@id\":\"https:\/\/astos.cz\/uk\/#breadcrumb\"},\"inLanguage\":\"uk-UA\",\"potentialAction\":[{\"@type\":\"ReadAction\",\"target\":[\"https:\/\/astos.cz\/uk\/\"]}]},{\"@type\":\"BreadcrumbList\",\"@id\":\"https:\/\/astos.cz\/uk\/#breadcrumb\",\"itemListElement\":[{\"@type\":\"ListItem\",\"position\":1,\"name\":\"Dom\u016f\",\"item\":\"https:\/\/astos.cz\/uk\/\"},{\"@type\":\"ListItem\",\"position\":2,\"name\":\"\u00davodn\u00ed str\u00e1nka\"}]}]}<\/script>\n<!-- \/ Yoast SEO plugin. -->","yoast_head_json":{"title":"Kvalita, spolehlivost a dlouh\u00e1 \u017eivotnost | ASTOS Machinery","description":"Specialista na dopravn\u00edkov\u00e9 syst\u00e9my a krytov\u00e1n\u00ed stroj\u016f. Ergonomie, funkcionalita a kvalita proveden\u00ed n\u00e1m zaru\u010duje mezin\u00e1rodn\u00ed uzn\u00e1n\u00ed.","robots":{"index":"index","follow":"follow","max-snippet":"max-snippet:-1","max-image-preview":"max-image-preview:large","max-video-preview":"max-video-preview:-1"},"canonical":"https:\/\/astos.cz\/uk\/","og_locale":"uk_UA","og_type":"article","og_title":"Kvalita, spolehlivost a dlouh\u00e1 \u017eivotnost | ASTOS Machinery","og_description":"Specialista na dopravn\u00edkov\u00e9 syst\u00e9my a krytov\u00e1n\u00ed stroj\u016f. Ergonomie, funkcionalita a kvalita proveden\u00ed n\u00e1m zaru\u010duje mezin\u00e1rodn\u00ed uzn\u00e1n\u00ed.","og_url":"https:\/\/astos.cz\/uk\/","og_site_name":"ASTOS Machinery","article_modified_time":"2025-10-31T12:59:34+00:00","twitter_card":"summary","twitter_misc":{"Est. reading time":"1 minute"},"schema":{"@context":"https:\/\/schema.org","@graph":[{"@type":"WebSite","@id":"https:\/\/astos.cz\/#website","url":"https:\/\/astos.cz\/","name":"ASTOS Machinery","description":"Specialista na dopravn\u00edkov\u00e9 syst\u00e9my a krytov\u00e1n\u00ed stroj\u016f","potentialAction":[{"@type":"SearchAction","target":{"@type":"EntryPoint","urlTemplate":"https:\/\/astos.cz\/?s={search_term_string}"},"query-input":"required name=search_term_string"}],"inLanguage":"uk-UA"},{"@type":"WebPage","@id":"https:\/\/astos.cz\/uk\/#webpage","url":"https:\/\/astos.cz\/uk\/","name":"Kvalita, spolehlivost a dlouh\u00e1 \u017eivotnost | ASTOS Machinery","isPartOf":{"@id":"https:\/\/astos.cz\/#website"},"datePublished":"2015-10-08T11:59:47+00:00","dateModified":"2025-10-31T12:59:34+00:00","description":"Specialista na dopravn\u00edkov\u00e9 syst\u00e9my a krytov\u00e1n\u00ed stroj\u016f. Ergonomie, funkcionalita a kvalita proveden\u00ed n\u00e1m zaru\u010duje mezin\u00e1rodn\u00ed uzn\u00e1n\u00ed.","breadcrumb":{"@id":"https:\/\/astos.cz\/uk\/#breadcrumb"},"inLanguage":"uk-UA","potentialAction":[{"@type":"ReadAction","target":["https:\/\/astos.cz\/uk\/"]}]},{"@type":"BreadcrumbList","@id":"https:\/\/astos.cz\/uk\/#breadcrumb","itemListElement":[{"@type":"ListItem","position":1,"name":"Dom\u016f","item":"https:\/\/astos.cz\/uk\/"},{"@type":"ListItem","position":2,"name":"\u00davodn\u00ed str\u00e1nka"}]}]}},"_links":{"self":[{"href":"https:\/\/astos.cz\/uk\/wp-json\/wp\/v2\/pages\/13505"}],"collection":[{"href":"https:\/\/astos.cz\/uk\/wp-json\/wp\/v2\/pages"}],"about":[{"href":"https:\/\/astos.cz\/uk\/wp-json\/wp\/v2\/types\/page"}],"author":[{"embeddable":true,"href":"https:\/\/astos.cz\/uk\/wp-json\/wp\/v2\/users\/6"}],"replies":[{"embeddable":true,"href":"https:\/\/astos.cz\/uk\/wp-json\/wp\/v2\/comments?post=13505"}],"version-history":[{"count":46,"href":"https:\/\/astos.cz\/uk\/wp-json\/wp\/v2\/pages\/13505\/revisions"}],"predecessor-version":[{"id":13573,"href":"https:\/\/astos.cz\/uk\/wp-json\/wp\/v2\/pages\/13505\/revisions\/13573"}],"wp:attachment":[{"href":"https:\/\/astos.cz\/uk\/wp-json\/wp\/v2\/media?parent=13505"}],"wp:term":[{"taxonomy":"category","embeddable":true,"href":"https:\/\/astos.cz\/uk\/wp-json\/wp\/v2\/categories?post=13505"},{"taxonomy":"post_tag","embeddable":true,"href":"https:\/\/astos.cz\/uk\/wp-json\/wp\/v2\/tags?post=13505"}],"curies":[{"name":"wp","href":"https:\/\/api.w.org\/{rel}","templated":true}]}}