{"id":8021,"date":"2019-09-18T13:18:11","date_gmt":"2019-09-18T12:18:11","guid":{"rendered":"https:\/\/astos.cz\/pl\/?page_id=8021"},"modified":"2019-09-27T09:53:53","modified_gmt":"2019-09-27T08:53:53","slug":"vseobecne-obchodni-podminky","status":"publish","type":"page","link":"https:\/\/astos.cz\/pl\/vseobecne-obchodni-podminky\/","title":{"rendered":"V\u0161eobecn\u00e9 obchodn\u00ed podm\u00ednky"},"content":{"rendered":"<h4 class=\"alternative-heading\" style=\"margin-top: 0px;\">V\u0161eobecn\u00e9 obchodn\u00ed podm\u00ednky<\/h4>\n<h5 class=\"brochure-box__text\">V\u0161eobecn\u00e9 n\u00e1kupn\u00ed podm\u00ednky<\/h5>\n","protected":false},"excerpt":{"rendered":"<p>V\u0161eobecn\u00e9 obchodn\u00ed podm\u00ednky V\u0161eobecn\u00e9 n\u00e1kupn\u00ed podm\u00ednky<\/p>\n","protected":false},"author":4,"featured_media":7229,"parent":0,"menu_order":0,"comment_status":"closed","ping_status":"closed","template":"","meta":[],"categories":[],"tags":[],"yoast_head":"<!-- This site is optimized with the Yoast SEO plugin v18.5.1 - https:\/\/yoast.com\/wordpress\/plugins\/seo\/ -->\n<title>V\u0161eobecn\u00e9 obchodn\u00ed podm\u00ednky | ASTOS Machinery<\/title>\n<meta name=\"description\" content=\"Produktov\u00e9 listy ke sta\u017een\u00ed, Dopravn\u00edkov\u00e9 syst\u00e9my, Filtra\u010dn\u00ed za\u0159\u00edzen\u00ed, Krytov\u00e1n\u00ed stroj\u016f, Dopl\u0148kov\u00fd program\" \/>\n<meta name=\"robots\" content=\"index, follow, max-snippet:-1, max-image-preview:large, max-video-preview:-1\" \/>\n<link rel=\"canonical\" href=\"https:\/\/astos.cz\/pl\/vseobecne-obchodni-podminky\/\" \/>\n<meta property=\"og:locale\" content=\"pl_PL\" \/>\n<meta property=\"og:type\" content=\"article\" \/>\n<meta property=\"og:title\" content=\"V\u0161eobecn\u00e9 obchodn\u00ed podm\u00ednky | ASTOS Machinery\" \/>\n<meta property=\"og:description\" content=\"Produktov\u00e9 listy ke sta\u017een\u00ed, Dopravn\u00edkov\u00e9 syst\u00e9my, Filtra\u010dn\u00ed za\u0159\u00edzen\u00ed, Krytov\u00e1n\u00ed stroj\u016f, Dopl\u0148kov\u00fd program\" \/>\n<meta property=\"og:url\" content=\"https:\/\/astos.cz\/pl\/vseobecne-obchodni-podminky\/\" \/>\n<meta property=\"og:site_name\" content=\"ASTOS Machinery\" \/>\n<meta property=\"article:modified_time\" content=\"2019-09-27T08:53:53+00:00\" \/>\n<meta property=\"og:image\" content=\"https:\/\/astos.cz\/wp-content\/uploads\/2015\/10\/nahledovy-obrazek-produktove-listy.jpg\" \/>\n\t<meta property=\"og:image:width\" content=\"1140\" \/>\n\t<meta property=\"og:image:height\" content=\"640\" \/>\n\t<meta property=\"og:image:type\" content=\"image\/jpeg\" \/>\n<meta name=\"twitter:card\" content=\"summary\" \/>\n<script type=\"application\/ld+json\" class=\"yoast-schema-graph\">{\"@context\":\"https:\/\/schema.org\",\"@graph\":[{\"@type\":\"WebSite\",\"@id\":\"https:\/\/astos.cz\/#website\",\"url\":\"https:\/\/astos.cz\/\",\"name\":\"ASTOS Machinery\",\"description\":\"Specialista na dopravn\u00edkov\u00e9 syst\u00e9my a krytov\u00e1n\u00ed stroj\u016f\",\"potentialAction\":[{\"@type\":\"SearchAction\",\"target\":{\"@type\":\"EntryPoint\",\"urlTemplate\":\"https:\/\/astos.cz\/?s={search_term_string}\"},\"query-input\":\"required name=search_term_string\"}],\"inLanguage\":\"pl-PL\"},{\"@type\":\"ImageObject\",\"@id\":\"https:\/\/astos.cz\/pl\/vseobecne-obchodni-podminky\/#primaryimage\",\"inLanguage\":\"pl-PL\",\"url\":\"https:\/\/astos.cz\/wp-content\/uploads\/2015\/10\/nahledovy-obrazek-produktove-listy.jpg\",\"contentUrl\":\"https:\/\/astos.cz\/wp-content\/uploads\/2015\/10\/nahledovy-obrazek-produktove-listy.jpg\",\"width\":1140,\"height\":640},{\"@type\":\"WebPage\",\"@id\":\"https:\/\/astos.cz\/pl\/vseobecne-obchodni-podminky\/#webpage\",\"url\":\"https:\/\/astos.cz\/pl\/vseobecne-obchodni-podminky\/\",\"name\":\"V\u0161eobecn\u00e9 obchodn\u00ed podm\u00ednky | ASTOS Machinery\",\"isPartOf\":{\"@id\":\"https:\/\/astos.cz\/#website\"},\"primaryImageOfPage\":{\"@id\":\"https:\/\/astos.cz\/pl\/vseobecne-obchodni-podminky\/#primaryimage\"},\"datePublished\":\"2019-09-18T12:18:11+00:00\",\"dateModified\":\"2019-09-27T08:53:53+00:00\",\"description\":\"Produktov\u00e9 listy ke sta\u017een\u00ed, Dopravn\u00edkov\u00e9 syst\u00e9my, Filtra\u010dn\u00ed za\u0159\u00edzen\u00ed, Krytov\u00e1n\u00ed stroj\u016f, Dopl\u0148kov\u00fd program\",\"breadcrumb\":{\"@id\":\"https:\/\/astos.cz\/pl\/vseobecne-obchodni-podminky\/#breadcrumb\"},\"inLanguage\":\"pl-PL\",\"potentialAction\":[{\"@type\":\"ReadAction\",\"target\":[\"https:\/\/astos.cz\/pl\/vseobecne-obchodni-podminky\/\"]}]},{\"@type\":\"BreadcrumbList\",\"@id\":\"https:\/\/astos.cz\/pl\/vseobecne-obchodni-podminky\/#breadcrumb\",\"itemListElement\":[{\"@type\":\"ListItem\",\"position\":1,\"name\":\"Dom\u016f\",\"item\":\"https:\/\/astos.cz\/pl\/\"},{\"@type\":\"ListItem\",\"position\":2,\"name\":\"V\u0161eobecn\u00e9 obchodn\u00ed podm\u00ednky\"}]}]}<\/script>\n<!-- \/ Yoast SEO plugin. -->","yoast_head_json":{"title":"V\u0161eobecn\u00e9 obchodn\u00ed podm\u00ednky | ASTOS Machinery","description":"Produktov\u00e9 listy ke sta\u017een\u00ed, Dopravn\u00edkov\u00e9 syst\u00e9my, Filtra\u010dn\u00ed za\u0159\u00edzen\u00ed, Krytov\u00e1n\u00ed stroj\u016f, Dopl\u0148kov\u00fd program","robots":{"index":"index","follow":"follow","max-snippet":"max-snippet:-1","max-image-preview":"max-image-preview:large","max-video-preview":"max-video-preview:-1"},"canonical":"https:\/\/astos.cz\/pl\/vseobecne-obchodni-podminky\/","og_locale":"pl_PL","og_type":"article","og_title":"V\u0161eobecn\u00e9 obchodn\u00ed podm\u00ednky | ASTOS Machinery","og_description":"Produktov\u00e9 listy ke sta\u017een\u00ed, Dopravn\u00edkov\u00e9 syst\u00e9my, Filtra\u010dn\u00ed za\u0159\u00edzen\u00ed, Krytov\u00e1n\u00ed stroj\u016f, Dopl\u0148kov\u00fd program","og_url":"https:\/\/astos.cz\/pl\/vseobecne-obchodni-podminky\/","og_site_name":"ASTOS Machinery","article_modified_time":"2019-09-27T08:53:53+00:00","og_image":[{"width":1140,"height":640,"url":"https:\/\/astos.cz\/wp-content\/uploads\/2015\/10\/nahledovy-obrazek-produktove-listy.jpg","type":"image\/jpeg"}],"twitter_card":"summary","schema":{"@context":"https:\/\/schema.org","@graph":[{"@type":"WebSite","@id":"https:\/\/astos.cz\/#website","url":"https:\/\/astos.cz\/","name":"ASTOS Machinery","description":"Specialista na dopravn\u00edkov\u00e9 syst\u00e9my a krytov\u00e1n\u00ed stroj\u016f","potentialAction":[{"@type":"SearchAction","target":{"@type":"EntryPoint","urlTemplate":"https:\/\/astos.cz\/?s={search_term_string}"},"query-input":"required name=search_term_string"}],"inLanguage":"pl-PL"},{"@type":"ImageObject","@id":"https:\/\/astos.cz\/pl\/vseobecne-obchodni-podminky\/#primaryimage","inLanguage":"pl-PL","url":"https:\/\/astos.cz\/wp-content\/uploads\/2015\/10\/nahledovy-obrazek-produktove-listy.jpg","contentUrl":"https:\/\/astos.cz\/wp-content\/uploads\/2015\/10\/nahledovy-obrazek-produktove-listy.jpg","width":1140,"height":640},{"@type":"WebPage","@id":"https:\/\/astos.cz\/pl\/vseobecne-obchodni-podminky\/#webpage","url":"https:\/\/astos.cz\/pl\/vseobecne-obchodni-podminky\/","name":"V\u0161eobecn\u00e9 obchodn\u00ed podm\u00ednky | ASTOS Machinery","isPartOf":{"@id":"https:\/\/astos.cz\/#website"},"primaryImageOfPage":{"@id":"https:\/\/astos.cz\/pl\/vseobecne-obchodni-podminky\/#primaryimage"},"datePublished":"2019-09-18T12:18:11+00:00","dateModified":"2019-09-27T08:53:53+00:00","description":"Produktov\u00e9 listy ke sta\u017een\u00ed, Dopravn\u00edkov\u00e9 syst\u00e9my, Filtra\u010dn\u00ed za\u0159\u00edzen\u00ed, Krytov\u00e1n\u00ed stroj\u016f, Dopl\u0148kov\u00fd program","breadcrumb":{"@id":"https:\/\/astos.cz\/pl\/vseobecne-obchodni-podminky\/#breadcrumb"},"inLanguage":"pl-PL","potentialAction":[{"@type":"ReadAction","target":["https:\/\/astos.cz\/pl\/vseobecne-obchodni-podminky\/"]}]},{"@type":"BreadcrumbList","@id":"https:\/\/astos.cz\/pl\/vseobecne-obchodni-podminky\/#breadcrumb","itemListElement":[{"@type":"ListItem","position":1,"name":"Dom\u016f","item":"https:\/\/astos.cz\/pl\/"},{"@type":"ListItem","position":2,"name":"V\u0161eobecn\u00e9 obchodn\u00ed podm\u00ednky"}]}]}},"_links":{"self":[{"href":"https:\/\/astos.cz\/pl\/wp-json\/wp\/v2\/pages\/8021"}],"collection":[{"href":"https:\/\/astos.cz\/pl\/wp-json\/wp\/v2\/pages"}],"about":[{"href":"https:\/\/astos.cz\/pl\/wp-json\/wp\/v2\/types\/page"}],"author":[{"embeddable":true,"href":"https:\/\/astos.cz\/pl\/wp-json\/wp\/v2\/users\/4"}],"replies":[{"embeddable":true,"href":"https:\/\/astos.cz\/pl\/wp-json\/wp\/v2\/comments?post=8021"}],"version-history":[{"count":2,"href":"https:\/\/astos.cz\/pl\/wp-json\/wp\/v2\/pages\/8021\/revisions"}],"predecessor-version":[{"id":8688,"href":"https:\/\/astos.cz\/pl\/wp-json\/wp\/v2\/pages\/8021\/revisions\/8688"}],"wp:featuredmedia":[{"embeddable":true,"href":"https:\/\/astos.cz\/pl\/wp-json\/wp\/v2\/media\/7229"}],"wp:attachment":[{"href":"https:\/\/astos.cz\/pl\/wp-json\/wp\/v2\/media?parent=8021"}],"wp:term":[{"taxonomy":"category","embeddable":true,"href":"https:\/\/astos.cz\/pl\/wp-json\/wp\/v2\/categories?post=8021"},{"taxonomy":"post_tag","embeddable":true,"href":"https:\/\/astos.cz\/pl\/wp-json\/wp\/v2\/tags?post=8021"}],"curies":[{"name":"wp","href":"https:\/\/api.w.org\/{rel}","templated":true}]}}