{"id":7549,"date":"2017-03-14T14:31:42","date_gmt":"2017-03-14T13:31:42","guid":{"rendered":"https:\/\/astos.cz\/pl\/?page_id=7549"},"modified":"2017-03-14T14:31:42","modified_gmt":"2017-03-14T13:31:42","slug":"slownik-pojec","status":"publish","type":"page","link":"https:\/\/astos.cz\/pl\/o-nas\/slownik-pojec\/","title":{"rendered":"S\u0142ownik poj\u0119\u0107"},"content":{"rendered":"<p>Zawarto\u015b\u0107 jest dost\u0119pna tylko w j\u0119zyku angielskim<\/p>\n","protected":false},"excerpt":{"rendered":"<p>Zawarto\u015b\u0107 jest dost\u0119pna tylko w j\u0119zyku angielskim<\/p>\n","protected":false},"author":4,"featured_media":7548,"parent":7501,"menu_order":0,"comment_status":"closed","ping_status":"closed","template":"","meta":[],"categories":[],"tags":[],"yoast_head":"<!-- This site is optimized with the Yoast SEO plugin v18.5.1 - https:\/\/yoast.com\/wordpress\/plugins\/seo\/ -->\n<title>S\u0142ownik poj\u0119\u0107 | ASTOS Machinery<\/title>\n<meta name=\"robots\" content=\"index, follow, max-snippet:-1, max-image-preview:large, max-video-preview:-1\" \/>\n<link rel=\"canonical\" href=\"https:\/\/astos.cz\/pl\/o-nas\/slownik-pojec\/\" \/>\n<meta property=\"og:locale\" content=\"pl_PL\" \/>\n<meta property=\"og:type\" content=\"article\" \/>\n<meta property=\"og:title\" content=\"S\u0142ownik poj\u0119\u0107 | ASTOS Machinery\" \/>\n<meta property=\"og:description\" content=\"Zawarto\u015b\u0107 jest dost\u0119pna tylko w j\u0119zyku angielskim\" \/>\n<meta property=\"og:url\" content=\"https:\/\/astos.cz\/pl\/o-nas\/slownik-pojec\/\" \/>\n<meta property=\"og:site_name\" content=\"ASTOS Machinery\" \/>\n<meta property=\"og:image\" content=\"https:\/\/astos.cz\/wp-content\/uploads\/2016\/02\/nahledovy-obrazek-slovnicek.jpg\" \/>\n\t<meta property=\"og:image:width\" content=\"700\" \/>\n\t<meta property=\"og:image:height\" content=\"450\" \/>\n\t<meta property=\"og:image:type\" content=\"image\/jpeg\" \/>\n<meta name=\"twitter:card\" content=\"summary\" \/>\n<script type=\"application\/ld+json\" class=\"yoast-schema-graph\">{\"@context\":\"https:\/\/schema.org\",\"@graph\":[{\"@type\":\"WebSite\",\"@id\":\"https:\/\/astos.cz\/#website\",\"url\":\"https:\/\/astos.cz\/\",\"name\":\"ASTOS Machinery\",\"description\":\"Specialista na dopravn\u00edkov\u00e9 syst\u00e9my a krytov\u00e1n\u00ed stroj\u016f\",\"potentialAction\":[{\"@type\":\"SearchAction\",\"target\":{\"@type\":\"EntryPoint\",\"urlTemplate\":\"https:\/\/astos.cz\/?s={search_term_string}\"},\"query-input\":\"required name=search_term_string\"}],\"inLanguage\":\"pl-PL\"},{\"@type\":\"ImageObject\",\"@id\":\"https:\/\/astos.cz\/pl\/o-nas\/slownik-pojec\/#primaryimage\",\"inLanguage\":\"pl-PL\",\"url\":\"https:\/\/astos.cz\/wp-content\/uploads\/2016\/02\/nahledovy-obrazek-slovnicek.jpg\",\"contentUrl\":\"https:\/\/astos.cz\/wp-content\/uploads\/2016\/02\/nahledovy-obrazek-slovnicek.jpg\",\"width\":700,\"height\":450},{\"@type\":\"WebPage\",\"@id\":\"https:\/\/astos.cz\/pl\/o-nas\/slownik-pojec\/#webpage\",\"url\":\"https:\/\/astos.cz\/pl\/o-nas\/slownik-pojec\/\",\"name\":\"S\u0142ownik poj\u0119\u0107 | ASTOS Machinery\",\"isPartOf\":{\"@id\":\"https:\/\/astos.cz\/#website\"},\"primaryImageOfPage\":{\"@id\":\"https:\/\/astos.cz\/pl\/o-nas\/slownik-pojec\/#primaryimage\"},\"datePublished\":\"2017-03-14T13:31:42+00:00\",\"dateModified\":\"2017-03-14T13:31:42+00:00\",\"breadcrumb\":{\"@id\":\"https:\/\/astos.cz\/pl\/o-nas\/slownik-pojec\/#breadcrumb\"},\"inLanguage\":\"pl-PL\",\"potentialAction\":[{\"@type\":\"ReadAction\",\"target\":[\"https:\/\/astos.cz\/pl\/o-nas\/slownik-pojec\/\"]}]},{\"@type\":\"BreadcrumbList\",\"@id\":\"https:\/\/astos.cz\/pl\/o-nas\/slownik-pojec\/#breadcrumb\",\"itemListElement\":[{\"@type\":\"ListItem\",\"position\":1,\"name\":\"Dom\u016f\",\"item\":\"https:\/\/astos.cz\/pl\/\"},{\"@type\":\"ListItem\",\"position\":2,\"name\":\"O NAS\",\"item\":\"https:\/\/astos.cz\/pl\/o-nas\/\"},{\"@type\":\"ListItem\",\"position\":3,\"name\":\"S\u0142ownik poj\u0119\u0107\"}]}]}<\/script>\n<!-- \/ Yoast SEO plugin. -->","yoast_head_json":{"title":"S\u0142ownik poj\u0119\u0107 | ASTOS Machinery","robots":{"index":"index","follow":"follow","max-snippet":"max-snippet:-1","max-image-preview":"max-image-preview:large","max-video-preview":"max-video-preview:-1"},"canonical":"https:\/\/astos.cz\/pl\/o-nas\/slownik-pojec\/","og_locale":"pl_PL","og_type":"article","og_title":"S\u0142ownik poj\u0119\u0107 | ASTOS Machinery","og_description":"Zawarto\u015b\u0107 jest dost\u0119pna tylko w j\u0119zyku angielskim","og_url":"https:\/\/astos.cz\/pl\/o-nas\/slownik-pojec\/","og_site_name":"ASTOS Machinery","og_image":[{"width":700,"height":450,"url":"https:\/\/astos.cz\/wp-content\/uploads\/2016\/02\/nahledovy-obrazek-slovnicek.jpg","type":"image\/jpeg"}],"twitter_card":"summary","schema":{"@context":"https:\/\/schema.org","@graph":[{"@type":"WebSite","@id":"https:\/\/astos.cz\/#website","url":"https:\/\/astos.cz\/","name":"ASTOS Machinery","description":"Specialista na dopravn\u00edkov\u00e9 syst\u00e9my a krytov\u00e1n\u00ed stroj\u016f","potentialAction":[{"@type":"SearchAction","target":{"@type":"EntryPoint","urlTemplate":"https:\/\/astos.cz\/?s={search_term_string}"},"query-input":"required name=search_term_string"}],"inLanguage":"pl-PL"},{"@type":"ImageObject","@id":"https:\/\/astos.cz\/pl\/o-nas\/slownik-pojec\/#primaryimage","inLanguage":"pl-PL","url":"https:\/\/astos.cz\/wp-content\/uploads\/2016\/02\/nahledovy-obrazek-slovnicek.jpg","contentUrl":"https:\/\/astos.cz\/wp-content\/uploads\/2016\/02\/nahledovy-obrazek-slovnicek.jpg","width":700,"height":450},{"@type":"WebPage","@id":"https:\/\/astos.cz\/pl\/o-nas\/slownik-pojec\/#webpage","url":"https:\/\/astos.cz\/pl\/o-nas\/slownik-pojec\/","name":"S\u0142ownik poj\u0119\u0107 | ASTOS Machinery","isPartOf":{"@id":"https:\/\/astos.cz\/#website"},"primaryImageOfPage":{"@id":"https:\/\/astos.cz\/pl\/o-nas\/slownik-pojec\/#primaryimage"},"datePublished":"2017-03-14T13:31:42+00:00","dateModified":"2017-03-14T13:31:42+00:00","breadcrumb":{"@id":"https:\/\/astos.cz\/pl\/o-nas\/slownik-pojec\/#breadcrumb"},"inLanguage":"pl-PL","potentialAction":[{"@type":"ReadAction","target":["https:\/\/astos.cz\/pl\/o-nas\/slownik-pojec\/"]}]},{"@type":"BreadcrumbList","@id":"https:\/\/astos.cz\/pl\/o-nas\/slownik-pojec\/#breadcrumb","itemListElement":[{"@type":"ListItem","position":1,"name":"Dom\u016f","item":"https:\/\/astos.cz\/pl\/"},{"@type":"ListItem","position":2,"name":"O NAS","item":"https:\/\/astos.cz\/pl\/o-nas\/"},{"@type":"ListItem","position":3,"name":"S\u0142ownik poj\u0119\u0107"}]}]}},"_links":{"self":[{"href":"https:\/\/astos.cz\/pl\/wp-json\/wp\/v2\/pages\/7549"}],"collection":[{"href":"https:\/\/astos.cz\/pl\/wp-json\/wp\/v2\/pages"}],"about":[{"href":"https:\/\/astos.cz\/pl\/wp-json\/wp\/v2\/types\/page"}],"author":[{"embeddable":true,"href":"https:\/\/astos.cz\/pl\/wp-json\/wp\/v2\/users\/4"}],"replies":[{"embeddable":true,"href":"https:\/\/astos.cz\/pl\/wp-json\/wp\/v2\/comments?post=7549"}],"version-history":[{"count":1,"href":"https:\/\/astos.cz\/pl\/wp-json\/wp\/v2\/pages\/7549\/revisions"}],"predecessor-version":[{"id":7550,"href":"https:\/\/astos.cz\/pl\/wp-json\/wp\/v2\/pages\/7549\/revisions\/7550"}],"up":[{"embeddable":true,"href":"https:\/\/astos.cz\/pl\/wp-json\/wp\/v2\/pages\/7501"}],"wp:featuredmedia":[{"embeddable":true,"href":"https:\/\/astos.cz\/pl\/wp-json\/wp\/v2\/media\/7548"}],"wp:attachment":[{"href":"https:\/\/astos.cz\/pl\/wp-json\/wp\/v2\/media?parent=7549"}],"wp:term":[{"taxonomy":"category","embeddable":true,"href":"https:\/\/astos.cz\/pl\/wp-json\/wp\/v2\/categories?post=7549"},{"taxonomy":"post_tag","embeddable":true,"href":"https:\/\/astos.cz\/pl\/wp-json\/wp\/v2\/tags?post=7549"}],"curies":[{"name":"wp","href":"https:\/\/api.w.org\/{rel}","templated":true}]}}