{"id":7509,"date":"2017-03-13T15:32:28","date_gmt":"2017-03-13T14:32:28","guid":{"rendered":"https:\/\/astos.cz\/pl\/?page_id=7509"},"modified":"2017-03-13T15:32:28","modified_gmt":"2017-03-13T14:32:28","slug":"kariera","status":"publish","type":"page","link":"https:\/\/astos.cz\/pl\/kariera\/","title":{"rendered":"KARIERA"},"content":{"rendered":"<p>Zawarto\u015b\u0107 jest dost\u0119pna tylko w j\u0119zyku angielskim<\/p>\n","protected":false},"excerpt":{"rendered":"<p>Zawarto\u015b\u0107 jest dost\u0119pna tylko w j\u0119zyku angielskim<\/p>\n","protected":false},"author":4,"featured_media":0,"parent":0,"menu_order":0,"comment_status":"closed","ping_status":"closed","template":"","meta":[],"categories":[],"tags":[],"yoast_head":"<!-- This site is optimized with the Yoast SEO plugin v18.5.1 - https:\/\/yoast.com\/wordpress\/plugins\/seo\/ -->\n<title>KARIERA | ASTOS Machinery<\/title>\n<meta name=\"robots\" content=\"index, follow, max-snippet:-1, max-image-preview:large, max-video-preview:-1\" \/>\n<link rel=\"canonical\" href=\"https:\/\/astos.cz\/pl\/kariera\/\" \/>\n<meta property=\"og:locale\" content=\"pl_PL\" \/>\n<meta property=\"og:type\" content=\"article\" \/>\n<meta property=\"og:title\" content=\"KARIERA | ASTOS Machinery\" \/>\n<meta property=\"og:description\" content=\"Zawarto\u015b\u0107 jest dost\u0119pna tylko w j\u0119zyku angielskim\" \/>\n<meta property=\"og:url\" content=\"https:\/\/astos.cz\/pl\/kariera\/\" \/>\n<meta property=\"og:site_name\" content=\"ASTOS Machinery\" \/>\n<meta name=\"twitter:card\" content=\"summary\" \/>\n<script type=\"application\/ld+json\" class=\"yoast-schema-graph\">{\"@context\":\"https:\/\/schema.org\",\"@graph\":[{\"@type\":\"WebSite\",\"@id\":\"https:\/\/astos.cz\/#website\",\"url\":\"https:\/\/astos.cz\/\",\"name\":\"ASTOS Machinery\",\"description\":\"Specialista na dopravn\u00edkov\u00e9 syst\u00e9my a krytov\u00e1n\u00ed stroj\u016f\",\"potentialAction\":[{\"@type\":\"SearchAction\",\"target\":{\"@type\":\"EntryPoint\",\"urlTemplate\":\"https:\/\/astos.cz\/?s={search_term_string}\"},\"query-input\":\"required name=search_term_string\"}],\"inLanguage\":\"pl-PL\"},{\"@type\":\"WebPage\",\"@id\":\"https:\/\/astos.cz\/pl\/kariera\/#webpage\",\"url\":\"https:\/\/astos.cz\/pl\/kariera\/\",\"name\":\"KARIERA | ASTOS Machinery\",\"isPartOf\":{\"@id\":\"https:\/\/astos.cz\/#website\"},\"datePublished\":\"2017-03-13T14:32:28+00:00\",\"dateModified\":\"2017-03-13T14:32:28+00:00\",\"breadcrumb\":{\"@id\":\"https:\/\/astos.cz\/pl\/kariera\/#breadcrumb\"},\"inLanguage\":\"pl-PL\",\"potentialAction\":[{\"@type\":\"ReadAction\",\"target\":[\"https:\/\/astos.cz\/pl\/kariera\/\"]}]},{\"@type\":\"BreadcrumbList\",\"@id\":\"https:\/\/astos.cz\/pl\/kariera\/#breadcrumb\",\"itemListElement\":[{\"@type\":\"ListItem\",\"position\":1,\"name\":\"Dom\u016f\",\"item\":\"https:\/\/astos.cz\/pl\/\"},{\"@type\":\"ListItem\",\"position\":2,\"name\":\"KARIERA\"}]}]}<\/script>\n<!-- \/ Yoast SEO plugin. -->","yoast_head_json":{"title":"KARIERA | ASTOS Machinery","robots":{"index":"index","follow":"follow","max-snippet":"max-snippet:-1","max-image-preview":"max-image-preview:large","max-video-preview":"max-video-preview:-1"},"canonical":"https:\/\/astos.cz\/pl\/kariera\/","og_locale":"pl_PL","og_type":"article","og_title":"KARIERA | ASTOS Machinery","og_description":"Zawarto\u015b\u0107 jest dost\u0119pna tylko w j\u0119zyku angielskim","og_url":"https:\/\/astos.cz\/pl\/kariera\/","og_site_name":"ASTOS Machinery","twitter_card":"summary","schema":{"@context":"https:\/\/schema.org","@graph":[{"@type":"WebSite","@id":"https:\/\/astos.cz\/#website","url":"https:\/\/astos.cz\/","name":"ASTOS Machinery","description":"Specialista na dopravn\u00edkov\u00e9 syst\u00e9my a krytov\u00e1n\u00ed stroj\u016f","potentialAction":[{"@type":"SearchAction","target":{"@type":"EntryPoint","urlTemplate":"https:\/\/astos.cz\/?s={search_term_string}"},"query-input":"required name=search_term_string"}],"inLanguage":"pl-PL"},{"@type":"WebPage","@id":"https:\/\/astos.cz\/pl\/kariera\/#webpage","url":"https:\/\/astos.cz\/pl\/kariera\/","name":"KARIERA | ASTOS Machinery","isPartOf":{"@id":"https:\/\/astos.cz\/#website"},"datePublished":"2017-03-13T14:32:28+00:00","dateModified":"2017-03-13T14:32:28+00:00","breadcrumb":{"@id":"https:\/\/astos.cz\/pl\/kariera\/#breadcrumb"},"inLanguage":"pl-PL","potentialAction":[{"@type":"ReadAction","target":["https:\/\/astos.cz\/pl\/kariera\/"]}]},{"@type":"BreadcrumbList","@id":"https:\/\/astos.cz\/pl\/kariera\/#breadcrumb","itemListElement":[{"@type":"ListItem","position":1,"name":"Dom\u016f","item":"https:\/\/astos.cz\/pl\/"},{"@type":"ListItem","position":2,"name":"KARIERA"}]}]}},"_links":{"self":[{"href":"https:\/\/astos.cz\/pl\/wp-json\/wp\/v2\/pages\/7509"}],"collection":[{"href":"https:\/\/astos.cz\/pl\/wp-json\/wp\/v2\/pages"}],"about":[{"href":"https:\/\/astos.cz\/pl\/wp-json\/wp\/v2\/types\/page"}],"author":[{"embeddable":true,"href":"https:\/\/astos.cz\/pl\/wp-json\/wp\/v2\/users\/4"}],"replies":[{"embeddable":true,"href":"https:\/\/astos.cz\/pl\/wp-json\/wp\/v2\/comments?post=7509"}],"version-history":[{"count":1,"href":"https:\/\/astos.cz\/pl\/wp-json\/wp\/v2\/pages\/7509\/revisions"}],"predecessor-version":[{"id":7510,"href":"https:\/\/astos.cz\/pl\/wp-json\/wp\/v2\/pages\/7509\/revisions\/7510"}],"wp:attachment":[{"href":"https:\/\/astos.cz\/pl\/wp-json\/wp\/v2\/media?parent=7509"}],"wp:term":[{"taxonomy":"category","embeddable":true,"href":"https:\/\/astos.cz\/pl\/wp-json\/wp\/v2\/categories?post=7509"},{"taxonomy":"post_tag","embeddable":true,"href":"https:\/\/astos.cz\/pl\/wp-json\/wp\/v2\/tags?post=7509"}],"curies":[{"name":"wp","href":"https:\/\/api.w.org\/{rel}","templated":true}]}}