{"id":7501,"date":"2017-03-13T15:28:18","date_gmt":"2017-03-13T14:28:18","guid":{"rendered":"https:\/\/astos.cz\/pl\/?page_id=7501"},"modified":"2017-03-13T15:31:01","modified_gmt":"2017-03-13T14:31:01","slug":"o-nas","status":"publish","type":"page","link":"https:\/\/astos.cz\/pl\/o-nas\/","title":{"rendered":"O NAS"},"content":{"rendered":"<p>Zawarto\u015b\u0107 jest dost\u0119pna tylko w j\u0119zyku angielskim<\/p>\n","protected":false},"excerpt":{"rendered":"<p>Zawarto\u015b\u0107 jest dost\u0119pna tylko w j\u0119zyku angielskim<\/p>\n","protected":false},"author":4,"featured_media":0,"parent":0,"menu_order":0,"comment_status":"closed","ping_status":"closed","template":"","meta":[],"categories":[],"tags":[],"yoast_head":"<!-- This site is optimized with the Yoast SEO plugin v18.5.1 - https:\/\/yoast.com\/wordpress\/plugins\/seo\/ -->\n<title>O NAS | ASTOS Machinery<\/title>\n<meta name=\"robots\" content=\"index, follow, max-snippet:-1, max-image-preview:large, max-video-preview:-1\" \/>\n<link rel=\"canonical\" href=\"https:\/\/astos.cz\/pl\/o-nas\/\" \/>\n<meta property=\"og:locale\" content=\"pl_PL\" \/>\n<meta property=\"og:type\" content=\"article\" \/>\n<meta property=\"og:title\" content=\"O NAS | ASTOS Machinery\" \/>\n<meta property=\"og:description\" content=\"Zawarto\u015b\u0107 jest dost\u0119pna tylko w j\u0119zyku angielskim\" \/>\n<meta property=\"og:url\" content=\"https:\/\/astos.cz\/pl\/o-nas\/\" \/>\n<meta property=\"og:site_name\" content=\"ASTOS Machinery\" \/>\n<meta property=\"article:modified_time\" content=\"2017-03-13T14:31:01+00:00\" \/>\n<meta name=\"twitter:card\" content=\"summary\" \/>\n<script type=\"application\/ld+json\" class=\"yoast-schema-graph\">{\"@context\":\"https:\/\/schema.org\",\"@graph\":[{\"@type\":\"WebSite\",\"@id\":\"https:\/\/astos.cz\/#website\",\"url\":\"https:\/\/astos.cz\/\",\"name\":\"ASTOS Machinery\",\"description\":\"Specialista na dopravn\u00edkov\u00e9 syst\u00e9my a krytov\u00e1n\u00ed stroj\u016f\",\"potentialAction\":[{\"@type\":\"SearchAction\",\"target\":{\"@type\":\"EntryPoint\",\"urlTemplate\":\"https:\/\/astos.cz\/?s={search_term_string}\"},\"query-input\":\"required name=search_term_string\"}],\"inLanguage\":\"pl-PL\"},{\"@type\":\"WebPage\",\"@id\":\"https:\/\/astos.cz\/pl\/o-nas\/#webpage\",\"url\":\"https:\/\/astos.cz\/pl\/o-nas\/\",\"name\":\"O NAS | ASTOS Machinery\",\"isPartOf\":{\"@id\":\"https:\/\/astos.cz\/#website\"},\"datePublished\":\"2017-03-13T14:28:18+00:00\",\"dateModified\":\"2017-03-13T14:31:01+00:00\",\"breadcrumb\":{\"@id\":\"https:\/\/astos.cz\/pl\/o-nas\/#breadcrumb\"},\"inLanguage\":\"pl-PL\",\"potentialAction\":[{\"@type\":\"ReadAction\",\"target\":[\"https:\/\/astos.cz\/pl\/o-nas\/\"]}]},{\"@type\":\"BreadcrumbList\",\"@id\":\"https:\/\/astos.cz\/pl\/o-nas\/#breadcrumb\",\"itemListElement\":[{\"@type\":\"ListItem\",\"position\":1,\"name\":\"Dom\u016f\",\"item\":\"https:\/\/astos.cz\/pl\/\"},{\"@type\":\"ListItem\",\"position\":2,\"name\":\"O NAS\"}]}]}<\/script>\n<!-- \/ Yoast SEO plugin. -->","yoast_head_json":{"title":"O NAS | ASTOS Machinery","robots":{"index":"index","follow":"follow","max-snippet":"max-snippet:-1","max-image-preview":"max-image-preview:large","max-video-preview":"max-video-preview:-1"},"canonical":"https:\/\/astos.cz\/pl\/o-nas\/","og_locale":"pl_PL","og_type":"article","og_title":"O NAS | ASTOS Machinery","og_description":"Zawarto\u015b\u0107 jest dost\u0119pna tylko w j\u0119zyku angielskim","og_url":"https:\/\/astos.cz\/pl\/o-nas\/","og_site_name":"ASTOS Machinery","article_modified_time":"2017-03-13T14:31:01+00:00","twitter_card":"summary","schema":{"@context":"https:\/\/schema.org","@graph":[{"@type":"WebSite","@id":"https:\/\/astos.cz\/#website","url":"https:\/\/astos.cz\/","name":"ASTOS Machinery","description":"Specialista na dopravn\u00edkov\u00e9 syst\u00e9my a krytov\u00e1n\u00ed stroj\u016f","potentialAction":[{"@type":"SearchAction","target":{"@type":"EntryPoint","urlTemplate":"https:\/\/astos.cz\/?s={search_term_string}"},"query-input":"required name=search_term_string"}],"inLanguage":"pl-PL"},{"@type":"WebPage","@id":"https:\/\/astos.cz\/pl\/o-nas\/#webpage","url":"https:\/\/astos.cz\/pl\/o-nas\/","name":"O NAS | ASTOS Machinery","isPartOf":{"@id":"https:\/\/astos.cz\/#website"},"datePublished":"2017-03-13T14:28:18+00:00","dateModified":"2017-03-13T14:31:01+00:00","breadcrumb":{"@id":"https:\/\/astos.cz\/pl\/o-nas\/#breadcrumb"},"inLanguage":"pl-PL","potentialAction":[{"@type":"ReadAction","target":["https:\/\/astos.cz\/pl\/o-nas\/"]}]},{"@type":"BreadcrumbList","@id":"https:\/\/astos.cz\/pl\/o-nas\/#breadcrumb","itemListElement":[{"@type":"ListItem","position":1,"name":"Dom\u016f","item":"https:\/\/astos.cz\/pl\/"},{"@type":"ListItem","position":2,"name":"O NAS"}]}]}},"_links":{"self":[{"href":"https:\/\/astos.cz\/pl\/wp-json\/wp\/v2\/pages\/7501"}],"collection":[{"href":"https:\/\/astos.cz\/pl\/wp-json\/wp\/v2\/pages"}],"about":[{"href":"https:\/\/astos.cz\/pl\/wp-json\/wp\/v2\/types\/page"}],"author":[{"embeddable":true,"href":"https:\/\/astos.cz\/pl\/wp-json\/wp\/v2\/users\/4"}],"replies":[{"embeddable":true,"href":"https:\/\/astos.cz\/pl\/wp-json\/wp\/v2\/comments?post=7501"}],"version-history":[{"count":3,"href":"https:\/\/astos.cz\/pl\/wp-json\/wp\/v2\/pages\/7501\/revisions"}],"predecessor-version":[{"id":7507,"href":"https:\/\/astos.cz\/pl\/wp-json\/wp\/v2\/pages\/7501\/revisions\/7507"}],"wp:attachment":[{"href":"https:\/\/astos.cz\/pl\/wp-json\/wp\/v2\/media?parent=7501"}],"wp:term":[{"taxonomy":"category","embeddable":true,"href":"https:\/\/astos.cz\/pl\/wp-json\/wp\/v2\/categories?post=7501"},{"taxonomy":"post_tag","embeddable":true,"href":"https:\/\/astos.cz\/pl\/wp-json\/wp\/v2\/tags?post=7501"}],"curies":[{"name":"wp","href":"https:\/\/api.w.org\/{rel}","templated":true}]}}