{"id":7202,"date":"2017-03-09T14:27:07","date_gmt":"2017-03-09T13:27:07","guid":{"rendered":"https:\/\/astos.cz\/pl\/?page_id=7202"},"modified":"2017-03-09T14:27:07","modified_gmt":"2017-03-09T13:27:07","slug":"fakulta-strojni-pri-zcu-v-plzni","status":"publish","type":"page","link":"https:\/\/astos.cz\/pl\/fakulta-strojni-pri-zcu-v-plzni\/","title":{"rendered":"Fakulta strojn\u00ed p\u0159i Z\u010cU v Plzni"},"content":{"rendered":"<p><strong>Fakulta strojn\u00ed p\u0159i Z\u010cU v&nbsp;Plzni<\/strong> pat\u0159\u00ed k&nbsp;nejstar\u0161\u00edm fakult\u00e1m plze\u0148sk\u00fdch vysok\u00fdch \u0161kol. <strong>ASTOS Machinery spolupracuje<\/strong> na r\u016fzn\u00fdch \u00farovn\u00edch s&nbsp;touto fakultou <strong>ji\u017e od roku 2006<\/strong> a stala se tak jedn\u00edm z&nbsp;neju\u017e\u0161\u00edch partner\u016f z&nbsp;pr\u016fmyslov\u00fdch firem.<br \/>\nNa\u0161i techni\u010dt\u00ed odborn\u00edci dlouhodob\u011b a opakovan\u011b spolupracuj\u00ed se studenty Z\u010cU a to nejen z&nbsp;fakulty strojn\u00ed, ale tak\u00e9 z&nbsp;<strong>fakulty Designu<\/strong> (d\u0159\u00edve Institut technick\u00e9ho designu) a dal\u0161\u00edch fakult. Vz\u00e1jemn\u00e1 spolupr\u00e1ce vede k&nbsp;obohacen\u00ed o inovativn\u00ed a\u017e neot\u0159el\u00e9 n\u00e1pady student\u016f, kte\u0159\u00ed maj\u00ed zase mo\u017enost \u010derpat zku\u0161enosti z&nbsp;praxe.<br \/>\nJako jeden z&nbsp;p\u0159\u00edklad\u016f ocen\u011bn\u00ed vz\u00e1jemn\u00e9 spolupr\u00e1ce bychom cht\u011bli uv\u00e9st ud\u011blen\u00ed Pam\u011btn\u00edho listu fakulty strojn\u00ed p\u0159edsedovi p\u0159edstavenstva ASTOS Machinery v&nbsp;roce 2013.<br \/>\nZ cel\u00e9 \u0159ady projekt\u016f zde uv\u00e1d\u00edme n\u011bkolik n\u00e1vrh\u016f a studi\u00ed v\u00edce <a href=\"#\">zde<\/a><\/p>\n<p><a href=\"https:\/\/astos.cz\/wp-content\/uploads\/2016\/02\/Fakulta-strojni-ZCU.jpg\" rel=\"lightbox[7202]\"><img loading=\"lazy\" class=\"alignnone wp-image-2888\" src=\"https:\/\/astos.cz\/wp-content\/uploads\/2016\/02\/Fakulta-strojni-ZCU-300x168.jpg\" alt=\"Fakulta strojni ZCU\" height=\"230\" width=\"410\" srcset=\"https:\/\/astos.cz\/wp-content\/uploads\/2016\/02\/Fakulta-strojni-ZCU-300x168.jpg 300w, https:\/\/astos.cz\/wp-content\/uploads\/2016\/02\/Fakulta-strojni-ZCU-1024x575.jpg 1024w, https:\/\/astos.cz\/wp-content\/uploads\/2016\/02\/Fakulta-strojni-ZCU-555x312.jpg 555w, https:\/\/astos.cz\/wp-content\/uploads\/2016\/02\/Fakulta-strojni-ZCU.jpg 1140w\" sizes=\"(max-width: 410px) 100vw, 410px\" \/><\/a><a href=\"https:\/\/astos.cz\/wp-content\/uploads\/2016\/02\/zcu-vysypka-studenti.jpg\"  rel=\"lightbox[7202] attachment wp-att-5746\"><img loading=\"lazy\" class=\"alignnone wp-image-5746\" src=\"https:\/\/astos.cz\/wp-content\/uploads\/2016\/02\/zcu-vysypka-studenti.jpg\" alt=\"zcu-vysypka-studenti\" height=\"230\" width=\"410\" srcset=\"https:\/\/astos.cz\/wp-content\/uploads\/2016\/02\/zcu-vysypka-studenti.jpg 1140w, https:\/\/astos.cz\/wp-content\/uploads\/2016\/02\/zcu-vysypka-studenti-300x168.jpg 300w, https:\/\/astos.cz\/wp-content\/uploads\/2016\/02\/zcu-vysypka-studenti-768x431.jpg 768w, https:\/\/astos.cz\/wp-content\/uploads\/2016\/02\/zcu-vysypka-studenti-1024x575.jpg 1024w, https:\/\/astos.cz\/wp-content\/uploads\/2016\/02\/zcu-vysypka-studenti-555x312.jpg 555w\" sizes=\"(max-width: 410px) 100vw, 410px\" \/><\/a><\/p>\n","protected":false},"excerpt":{"rendered":"<p>Fakulta strojn\u00ed p\u0159i Z\u010cU v Plzni pat\u0159\u00ed k nejstar\u0161\u00edm fakult\u00e1m plze\u0148sk\u00fdch vysok\u00fdch \u0161kol. ASTOS Machinery spolupracuje na r\u016fzn\u00fdch \u00farovn\u00edch s touto fakultou ji\u017e od roku 2006 <\/p>\n","protected":false},"author":4,"featured_media":7207,"parent":0,"menu_order":0,"comment_status":"closed","ping_status":"closed","template":"","meta":[],"categories":[],"tags":[],"yoast_head":"<!-- This site is optimized with the Yoast SEO plugin v18.5.1 - https:\/\/yoast.com\/wordpress\/plugins\/seo\/ -->\n<title>Fakulta strojn\u00ed p\u0159i Z\u010cU v Plzni | ASTOS Machinery<\/title>\n<meta name=\"robots\" content=\"index, follow, max-snippet:-1, max-image-preview:large, max-video-preview:-1\" \/>\n<link rel=\"canonical\" href=\"https:\/\/astos.cz\/pl\/fakulta-strojni-pri-zcu-v-plzni\/\" \/>\n<meta property=\"og:locale\" content=\"pl_PL\" \/>\n<meta property=\"og:type\" content=\"article\" \/>\n<meta property=\"og:title\" content=\"Fakulta strojn\u00ed p\u0159i Z\u010cU v Plzni | ASTOS Machinery\" \/>\n<meta property=\"og:description\" content=\"Fakulta strojn\u00ed p\u0159i Z\u010cU v Plzni pat\u0159\u00ed k nejstar\u0161\u00edm fakult\u00e1m plze\u0148sk\u00fdch vysok\u00fdch \u0161kol. ASTOS Machinery spolupracuje na r\u016fzn\u00fdch \u00farovn\u00edch s touto fakultou ji\u017e od roku 2006\" \/>\n<meta property=\"og:url\" content=\"https:\/\/astos.cz\/pl\/fakulta-strojni-pri-zcu-v-plzni\/\" \/>\n<meta property=\"og:site_name\" content=\"ASTOS Machinery\" \/>\n<meta property=\"og:image\" content=\"https:\/\/astos.cz\/wp-content\/uploads\/2016\/02\/Fakulta-strojni-ZCU.jpg\" \/>\n\t<meta property=\"og:image:width\" content=\"1140\" \/>\n\t<meta property=\"og:image:height\" content=\"640\" \/>\n\t<meta property=\"og:image:type\" content=\"image\/jpeg\" \/>\n<meta name=\"twitter:card\" content=\"summary\" \/>\n<meta name=\"twitter:label1\" content=\"Szacowany czas czytania\" \/>\n\t<meta name=\"twitter:data1\" content=\"1 minuta\" \/>\n<script type=\"application\/ld+json\" class=\"yoast-schema-graph\">{\"@context\":\"https:\/\/schema.org\",\"@graph\":[{\"@type\":\"WebSite\",\"@id\":\"https:\/\/astos.cz\/#website\",\"url\":\"https:\/\/astos.cz\/\",\"name\":\"ASTOS Machinery\",\"description\":\"Specialista na dopravn\u00edkov\u00e9 syst\u00e9my a krytov\u00e1n\u00ed stroj\u016f\",\"potentialAction\":[{\"@type\":\"SearchAction\",\"target\":{\"@type\":\"EntryPoint\",\"urlTemplate\":\"https:\/\/astos.cz\/?s={search_term_string}\"},\"query-input\":\"required name=search_term_string\"}],\"inLanguage\":\"pl-PL\"},{\"@type\":\"ImageObject\",\"@id\":\"https:\/\/astos.cz\/pl\/fakulta-strojni-pri-zcu-v-plzni\/#primaryimage\",\"inLanguage\":\"pl-PL\",\"url\":\"https:\/\/astos.cz\/wp-content\/uploads\/2016\/02\/Fakulta-strojni-ZCU.jpg\",\"contentUrl\":\"https:\/\/astos.cz\/wp-content\/uploads\/2016\/02\/Fakulta-strojni-ZCU.jpg\",\"width\":1140,\"height\":640},{\"@type\":\"WebPage\",\"@id\":\"https:\/\/astos.cz\/pl\/fakulta-strojni-pri-zcu-v-plzni\/#webpage\",\"url\":\"https:\/\/astos.cz\/pl\/fakulta-strojni-pri-zcu-v-plzni\/\",\"name\":\"Fakulta strojn\u00ed p\u0159i Z\u010cU v Plzni | ASTOS Machinery\",\"isPartOf\":{\"@id\":\"https:\/\/astos.cz\/#website\"},\"primaryImageOfPage\":{\"@id\":\"https:\/\/astos.cz\/pl\/fakulta-strojni-pri-zcu-v-plzni\/#primaryimage\"},\"datePublished\":\"2017-03-09T13:27:07+00:00\",\"dateModified\":\"2017-03-09T13:27:07+00:00\",\"breadcrumb\":{\"@id\":\"https:\/\/astos.cz\/pl\/fakulta-strojni-pri-zcu-v-plzni\/#breadcrumb\"},\"inLanguage\":\"pl-PL\",\"potentialAction\":[{\"@type\":\"ReadAction\",\"target\":[\"https:\/\/astos.cz\/pl\/fakulta-strojni-pri-zcu-v-plzni\/\"]}]},{\"@type\":\"BreadcrumbList\",\"@id\":\"https:\/\/astos.cz\/pl\/fakulta-strojni-pri-zcu-v-plzni\/#breadcrumb\",\"itemListElement\":[{\"@type\":\"ListItem\",\"position\":1,\"name\":\"Dom\u016f\",\"item\":\"https:\/\/astos.cz\/pl\/\"},{\"@type\":\"ListItem\",\"position\":2,\"name\":\"Fakulta strojn\u00ed p\u0159i Z\u010cU v Plzni\"}]}]}<\/script>\n<!-- \/ Yoast SEO plugin. -->","yoast_head_json":{"title":"Fakulta strojn\u00ed p\u0159i Z\u010cU v Plzni | ASTOS Machinery","robots":{"index":"index","follow":"follow","max-snippet":"max-snippet:-1","max-image-preview":"max-image-preview:large","max-video-preview":"max-video-preview:-1"},"canonical":"https:\/\/astos.cz\/pl\/fakulta-strojni-pri-zcu-v-plzni\/","og_locale":"pl_PL","og_type":"article","og_title":"Fakulta strojn\u00ed p\u0159i Z\u010cU v Plzni | ASTOS Machinery","og_description":"Fakulta strojn\u00ed p\u0159i Z\u010cU v Plzni pat\u0159\u00ed k nejstar\u0161\u00edm fakult\u00e1m plze\u0148sk\u00fdch vysok\u00fdch \u0161kol. ASTOS Machinery spolupracuje na r\u016fzn\u00fdch \u00farovn\u00edch s touto fakultou ji\u017e od roku 2006","og_url":"https:\/\/astos.cz\/pl\/fakulta-strojni-pri-zcu-v-plzni\/","og_site_name":"ASTOS Machinery","og_image":[{"width":1140,"height":640,"url":"https:\/\/astos.cz\/wp-content\/uploads\/2016\/02\/Fakulta-strojni-ZCU.jpg","type":"image\/jpeg"}],"twitter_card":"summary","twitter_misc":{"Szacowany czas czytania":"1 minuta"},"schema":{"@context":"https:\/\/schema.org","@graph":[{"@type":"WebSite","@id":"https:\/\/astos.cz\/#website","url":"https:\/\/astos.cz\/","name":"ASTOS Machinery","description":"Specialista na dopravn\u00edkov\u00e9 syst\u00e9my a krytov\u00e1n\u00ed stroj\u016f","potentialAction":[{"@type":"SearchAction","target":{"@type":"EntryPoint","urlTemplate":"https:\/\/astos.cz\/?s={search_term_string}"},"query-input":"required name=search_term_string"}],"inLanguage":"pl-PL"},{"@type":"ImageObject","@id":"https:\/\/astos.cz\/pl\/fakulta-strojni-pri-zcu-v-plzni\/#primaryimage","inLanguage":"pl-PL","url":"https:\/\/astos.cz\/wp-content\/uploads\/2016\/02\/Fakulta-strojni-ZCU.jpg","contentUrl":"https:\/\/astos.cz\/wp-content\/uploads\/2016\/02\/Fakulta-strojni-ZCU.jpg","width":1140,"height":640},{"@type":"WebPage","@id":"https:\/\/astos.cz\/pl\/fakulta-strojni-pri-zcu-v-plzni\/#webpage","url":"https:\/\/astos.cz\/pl\/fakulta-strojni-pri-zcu-v-plzni\/","name":"Fakulta strojn\u00ed p\u0159i Z\u010cU v Plzni | ASTOS Machinery","isPartOf":{"@id":"https:\/\/astos.cz\/#website"},"primaryImageOfPage":{"@id":"https:\/\/astos.cz\/pl\/fakulta-strojni-pri-zcu-v-plzni\/#primaryimage"},"datePublished":"2017-03-09T13:27:07+00:00","dateModified":"2017-03-09T13:27:07+00:00","breadcrumb":{"@id":"https:\/\/astos.cz\/pl\/fakulta-strojni-pri-zcu-v-plzni\/#breadcrumb"},"inLanguage":"pl-PL","potentialAction":[{"@type":"ReadAction","target":["https:\/\/astos.cz\/pl\/fakulta-strojni-pri-zcu-v-plzni\/"]}]},{"@type":"BreadcrumbList","@id":"https:\/\/astos.cz\/pl\/fakulta-strojni-pri-zcu-v-plzni\/#breadcrumb","itemListElement":[{"@type":"ListItem","position":1,"name":"Dom\u016f","item":"https:\/\/astos.cz\/pl\/"},{"@type":"ListItem","position":2,"name":"Fakulta strojn\u00ed p\u0159i Z\u010cU v Plzni"}]}]}},"_links":{"self":[{"href":"https:\/\/astos.cz\/pl\/wp-json\/wp\/v2\/pages\/7202"}],"collection":[{"href":"https:\/\/astos.cz\/pl\/wp-json\/wp\/v2\/pages"}],"about":[{"href":"https:\/\/astos.cz\/pl\/wp-json\/wp\/v2\/types\/page"}],"author":[{"embeddable":true,"href":"https:\/\/astos.cz\/pl\/wp-json\/wp\/v2\/users\/4"}],"replies":[{"embeddable":true,"href":"https:\/\/astos.cz\/pl\/wp-json\/wp\/v2\/comments?post=7202"}],"version-history":[{"count":1,"href":"https:\/\/astos.cz\/pl\/wp-json\/wp\/v2\/pages\/7202\/revisions"}],"predecessor-version":[{"id":7206,"href":"https:\/\/astos.cz\/pl\/wp-json\/wp\/v2\/pages\/7202\/revisions\/7206"}],"wp:featuredmedia":[{"embeddable":true,"href":"https:\/\/astos.cz\/pl\/wp-json\/wp\/v2\/media\/7207"}],"wp:attachment":[{"href":"https:\/\/astos.cz\/pl\/wp-json\/wp\/v2\/media?parent=7202"}],"wp:term":[{"taxonomy":"category","embeddable":true,"href":"https:\/\/astos.cz\/pl\/wp-json\/wp\/v2\/categories?post=7202"},{"taxonomy":"post_tag","embeddable":true,"href":"https:\/\/astos.cz\/pl\/wp-json\/wp\/v2\/tags?post=7202"}],"curies":[{"name":"wp","href":"https:\/\/api.w.org\/{rel}","templated":true}]}}