{"id":7185,"date":"2016-03-04T11:14:14","date_gmt":"2016-03-04T10:14:14","guid":{"rendered":"https:\/\/astos.cz\/pl\/kt-kontejnery\/"},"modified":"2024-05-28T09:30:45","modified_gmt":"2024-05-28T08:30:45","slug":"kt-kontejnery","status":"publish","type":"page","link":"https:\/\/astos.cz\/pl\/nase-vyrobky\/doplnkovy-program\/kt-kontejnery\/","title":{"rendered":"KT \u2013 Kontenery"},"content":{"rendered":"<div id=\"pl-7185\"  class=\"panel-layout\" ><div id=\"pg-7185-0\"  class=\"panel-grid panel-no-style\" ><div id=\"pgc-7185-0-0\"  class=\"panel-grid-cell\" ><div id=\"panel-7185-0-0-0\" class=\"so-panel widget widget_black-studio-tinymce widget_black_studio_tinymce panel-first-child panel-last-child\" data-index=\"0\" ><div class=\"textwidget\"><h3 style=\"margin-top: 0px;\">Kontenery na wi\u00f3ry<\/h3>\n<p>Pojemniki na wi\u00f3ry s\u0105 uzupe\u0142nieniem programu ASTOS Machinery. Stosowane s\u0105 g\u0142\u00f3wnie w obrabiarkach lub tam, gdzie nie ma scentralizowanego zarz\u0105dzania wi\u00f3rami.<\/p>\n<p>Pojemniki na wi\u00f3ry mog\u0105 by\u0107 r\u00f3wnie\u017c stosowane do innych materia\u0142\u00f3w, takich jak szk\u0142o, \u017cu\u017cel itp. Standardowo produkujemy kontenery na wi\u00f3ry z pojedynczym dnem, ale je\u015bli konieczne jest oddzielenie cz\u0105stek sta\u0142ych od pozosta\u0142ej cieczy, dostarczamy kontenery z podw\u00f3jnym dnem wyposa\u017cone w sita i kurek spustowy.<\/p>\n<p>Podwozie pojemnika jest wyposa\u017cone w zestaw poliamidowych k\u00f3\u0142ek o \u015brednicy 100 mm (H=150 mm) lub 160 mm (H=216 mm).<br \/>\nWszystkie typy kontener\u00f3w przystosowane s\u0105 do manipulacji w\u00f3zkiem wid\u0142owym.<\/p>\n<\/div><\/div><\/div><div id=\"pgc-7185-0-1\"  class=\"panel-grid-cell\" ><div id=\"panel-7185-0-1-0\" class=\"so-panel widget widget_black-studio-tinymce widget_black_studio_tinymce panel-first-child panel-last-child\" data-index=\"1\" ><div class=\"textwidget\"><p><a href=\"https:\/\/astos.cz\/wp-content\/uploads\/2016\/03\/kv_rn.jpg\" rel=\"lightbox[7185]\"><img class=\"alignnone  wp-image-6760\" src=\"https:\/\/astos.cz\/wp-content\/uploads\/2016\/03\/kv_rn-300x226.jpg\" alt=\"kv_rn\" width=\"365\" height=\"275\" \/><\/a><\/p>\n<\/div><\/div><\/div><\/div><div id=\"pg-7185-1\"  class=\"panel-grid panel-no-style\" ><div id=\"pgc-7185-1-0\"  class=\"panel-grid-cell\" ><div id=\"panel-7185-1-0-0\" class=\"so-panel widget widget_black-studio-tinymce widget_black_studio_tinymce panel-first-child panel-last-child\" data-index=\"2\" ><div class=\"textwidget\"><p><a href=\"https:\/\/astos.cz\/wp-content\/uploads\/2016\/03\/obrazek-kontejneru-Astos.jpg\" rel=\"lightbox[7185]\"><img class=\"alignnone size-full wp-image-4230\" src=\"https:\/\/astos.cz\/wp-content\/uploads\/2016\/03\/obrazek-kontejneru-Astos.jpg\" alt=\"obrazek-kontejneru-Astos\" width=\"700\" height=\"450\" \/><\/a><\/p>\n<\/div><\/div><\/div><\/div><\/div>","protected":false},"excerpt":{"rendered":"<p>Kontejnery na t\u0159\u00edsky tvo\u0159\u00ed dopl\u0148kov\u00fd program spole\u010dnosti ASTOS Machinery. Jejich vyu\u017eit\u00ed je zejm\u00e9na u obr\u00e1b\u011bc\u00edch stroj\u016f<\/p>\n","protected":false},"author":6,"featured_media":7191,"parent":7383,"menu_order":0,"comment_status":"closed","ping_status":"closed","template":"","meta":[],"categories":[153],"tags":[],"yoast_head":"<!-- This site is optimized with the Yoast SEO plugin v18.5.1 - https:\/\/yoast.com\/wordpress\/plugins\/seo\/ -->\n<title>KT \u2013 Kontenery | ASTOS Machinery<\/title>\n<meta name=\"robots\" content=\"index, follow, max-snippet:-1, max-image-preview:large, max-video-preview:-1\" \/>\n<link rel=\"canonical\" href=\"https:\/\/astos.cz\/pl\/nase-vyrobky\/doplnkovy-program\/kt-kontejnery\/\" \/>\n<meta property=\"og:locale\" content=\"pl_PL\" \/>\n<meta property=\"og:type\" content=\"article\" \/>\n<meta property=\"og:title\" content=\"KT \u2013 Kontenery | ASTOS Machinery\" \/>\n<meta property=\"og:description\" content=\"Kontejnery na t\u0159\u00edsky tvo\u0159\u00ed dopl\u0148kov\u00fd program spole\u010dnosti ASTOS Machinery. Jejich vyu\u017eit\u00ed je zejm\u00e9na u obr\u00e1b\u011bc\u00edch stroj\u016f\" \/>\n<meta property=\"og:url\" content=\"https:\/\/astos.cz\/pl\/nase-vyrobky\/doplnkovy-program\/kt-kontejnery\/\" \/>\n<meta property=\"og:site_name\" content=\"ASTOS Machinery\" \/>\n<meta property=\"article:modified_time\" content=\"2024-05-28T08:30:45+00:00\" \/>\n<meta property=\"og:image\" content=\"https:\/\/astos.cz\/wp-content\/uploads\/2016\/03\/KT-Kontejnery_01.jpg\" \/>\n\t<meta property=\"og:image:width\" content=\"670\" \/>\n\t<meta property=\"og:image:height\" content=\"530\" \/>\n\t<meta property=\"og:image:type\" content=\"image\/jpeg\" \/>\n<meta name=\"twitter:card\" content=\"summary\" \/>\n<meta name=\"twitter:label1\" content=\"Szacowany czas czytania\" \/>\n\t<meta name=\"twitter:data1\" content=\"1 minuta\" \/>\n<script type=\"application\/ld+json\" class=\"yoast-schema-graph\">{\"@context\":\"https:\/\/schema.org\",\"@graph\":[{\"@type\":\"WebSite\",\"@id\":\"https:\/\/astos.cz\/#website\",\"url\":\"https:\/\/astos.cz\/\",\"name\":\"ASTOS Machinery\",\"description\":\"Specialista na dopravn\u00edkov\u00e9 syst\u00e9my a krytov\u00e1n\u00ed stroj\u016f\",\"potentialAction\":[{\"@type\":\"SearchAction\",\"target\":{\"@type\":\"EntryPoint\",\"urlTemplate\":\"https:\/\/astos.cz\/?s={search_term_string}\"},\"query-input\":\"required name=search_term_string\"}],\"inLanguage\":\"pl-PL\"},{\"@type\":\"ImageObject\",\"@id\":\"https:\/\/astos.cz\/pl\/nase-vyrobky\/doplnkovy-program\/kt-kontejnery\/#primaryimage\",\"inLanguage\":\"pl-PL\",\"url\":\"https:\/\/astos.cz\/wp-content\/uploads\/2016\/03\/KT-Kontejnery_01.jpg\",\"contentUrl\":\"https:\/\/astos.cz\/wp-content\/uploads\/2016\/03\/KT-Kontejnery_01.jpg\",\"width\":670,\"height\":530},{\"@type\":\"WebPage\",\"@id\":\"https:\/\/astos.cz\/pl\/nase-vyrobky\/doplnkovy-program\/kt-kontejnery\/#webpage\",\"url\":\"https:\/\/astos.cz\/pl\/nase-vyrobky\/doplnkovy-program\/kt-kontejnery\/\",\"name\":\"KT \u2013 Kontenery | ASTOS Machinery\",\"isPartOf\":{\"@id\":\"https:\/\/astos.cz\/#website\"},\"primaryImageOfPage\":{\"@id\":\"https:\/\/astos.cz\/pl\/nase-vyrobky\/doplnkovy-program\/kt-kontejnery\/#primaryimage\"},\"datePublished\":\"2016-03-04T10:14:14+00:00\",\"dateModified\":\"2024-05-28T08:30:45+00:00\",\"breadcrumb\":{\"@id\":\"https:\/\/astos.cz\/pl\/nase-vyrobky\/doplnkovy-program\/kt-kontejnery\/#breadcrumb\"},\"inLanguage\":\"pl-PL\",\"potentialAction\":[{\"@type\":\"ReadAction\",\"target\":[\"https:\/\/astos.cz\/pl\/nase-vyrobky\/doplnkovy-program\/kt-kontejnery\/\"]}]},{\"@type\":\"BreadcrumbList\",\"@id\":\"https:\/\/astos.cz\/pl\/nase-vyrobky\/doplnkovy-program\/kt-kontejnery\/#breadcrumb\",\"itemListElement\":[{\"@type\":\"ListItem\",\"position\":1,\"name\":\"Dom\u016f\",\"item\":\"https:\/\/astos.cz\/pl\/\"},{\"@type\":\"ListItem\",\"position\":2,\"name\":\"NASZE PRODUKTY\",\"item\":\"https:\/\/astos.cz\/pl\/nase-vyrobky\/\"},{\"@type\":\"ListItem\",\"position\":3,\"name\":\"Program uzupe\u0142niaj\u0105cy\",\"item\":\"https:\/\/astos.cz\/pl\/nase-vyrobky\/doplnkovy-program\/\"},{\"@type\":\"ListItem\",\"position\":4,\"name\":\"KT \u2013 Kontenery\"}]}]}<\/script>\n<!-- \/ Yoast SEO plugin. -->","yoast_head_json":{"title":"KT \u2013 Kontenery | ASTOS Machinery","robots":{"index":"index","follow":"follow","max-snippet":"max-snippet:-1","max-image-preview":"max-image-preview:large","max-video-preview":"max-video-preview:-1"},"canonical":"https:\/\/astos.cz\/pl\/nase-vyrobky\/doplnkovy-program\/kt-kontejnery\/","og_locale":"pl_PL","og_type":"article","og_title":"KT \u2013 Kontenery | ASTOS Machinery","og_description":"Kontejnery na t\u0159\u00edsky tvo\u0159\u00ed dopl\u0148kov\u00fd program spole\u010dnosti ASTOS Machinery. Jejich vyu\u017eit\u00ed je zejm\u00e9na u obr\u00e1b\u011bc\u00edch stroj\u016f","og_url":"https:\/\/astos.cz\/pl\/nase-vyrobky\/doplnkovy-program\/kt-kontejnery\/","og_site_name":"ASTOS Machinery","article_modified_time":"2024-05-28T08:30:45+00:00","og_image":[{"width":670,"height":530,"url":"https:\/\/astos.cz\/wp-content\/uploads\/2016\/03\/KT-Kontejnery_01.jpg","type":"image\/jpeg"}],"twitter_card":"summary","twitter_misc":{"Szacowany czas czytania":"1 minuta"},"schema":{"@context":"https:\/\/schema.org","@graph":[{"@type":"WebSite","@id":"https:\/\/astos.cz\/#website","url":"https:\/\/astos.cz\/","name":"ASTOS Machinery","description":"Specialista na dopravn\u00edkov\u00e9 syst\u00e9my a krytov\u00e1n\u00ed stroj\u016f","potentialAction":[{"@type":"SearchAction","target":{"@type":"EntryPoint","urlTemplate":"https:\/\/astos.cz\/?s={search_term_string}"},"query-input":"required name=search_term_string"}],"inLanguage":"pl-PL"},{"@type":"ImageObject","@id":"https:\/\/astos.cz\/pl\/nase-vyrobky\/doplnkovy-program\/kt-kontejnery\/#primaryimage","inLanguage":"pl-PL","url":"https:\/\/astos.cz\/wp-content\/uploads\/2016\/03\/KT-Kontejnery_01.jpg","contentUrl":"https:\/\/astos.cz\/wp-content\/uploads\/2016\/03\/KT-Kontejnery_01.jpg","width":670,"height":530},{"@type":"WebPage","@id":"https:\/\/astos.cz\/pl\/nase-vyrobky\/doplnkovy-program\/kt-kontejnery\/#webpage","url":"https:\/\/astos.cz\/pl\/nase-vyrobky\/doplnkovy-program\/kt-kontejnery\/","name":"KT \u2013 Kontenery | ASTOS Machinery","isPartOf":{"@id":"https:\/\/astos.cz\/#website"},"primaryImageOfPage":{"@id":"https:\/\/astos.cz\/pl\/nase-vyrobky\/doplnkovy-program\/kt-kontejnery\/#primaryimage"},"datePublished":"2016-03-04T10:14:14+00:00","dateModified":"2024-05-28T08:30:45+00:00","breadcrumb":{"@id":"https:\/\/astos.cz\/pl\/nase-vyrobky\/doplnkovy-program\/kt-kontejnery\/#breadcrumb"},"inLanguage":"pl-PL","potentialAction":[{"@type":"ReadAction","target":["https:\/\/astos.cz\/pl\/nase-vyrobky\/doplnkovy-program\/kt-kontejnery\/"]}]},{"@type":"BreadcrumbList","@id":"https:\/\/astos.cz\/pl\/nase-vyrobky\/doplnkovy-program\/kt-kontejnery\/#breadcrumb","itemListElement":[{"@type":"ListItem","position":1,"name":"Dom\u016f","item":"https:\/\/astos.cz\/pl\/"},{"@type":"ListItem","position":2,"name":"NASZE PRODUKTY","item":"https:\/\/astos.cz\/pl\/nase-vyrobky\/"},{"@type":"ListItem","position":3,"name":"Program uzupe\u0142niaj\u0105cy","item":"https:\/\/astos.cz\/pl\/nase-vyrobky\/doplnkovy-program\/"},{"@type":"ListItem","position":4,"name":"KT \u2013 Kontenery"}]}]}},"_links":{"self":[{"href":"https:\/\/astos.cz\/pl\/wp-json\/wp\/v2\/pages\/7185"}],"collection":[{"href":"https:\/\/astos.cz\/pl\/wp-json\/wp\/v2\/pages"}],"about":[{"href":"https:\/\/astos.cz\/pl\/wp-json\/wp\/v2\/types\/page"}],"author":[{"embeddable":true,"href":"https:\/\/astos.cz\/pl\/wp-json\/wp\/v2\/users\/6"}],"replies":[{"embeddable":true,"href":"https:\/\/astos.cz\/pl\/wp-json\/wp\/v2\/comments?post=7185"}],"version-history":[{"count":4,"href":"https:\/\/astos.cz\/pl\/wp-json\/wp\/v2\/pages\/7185\/revisions"}],"predecessor-version":[{"id":10509,"href":"https:\/\/astos.cz\/pl\/wp-json\/wp\/v2\/pages\/7185\/revisions\/10509"}],"up":[{"embeddable":true,"href":"https:\/\/astos.cz\/pl\/wp-json\/wp\/v2\/pages\/7383"}],"wp:featuredmedia":[{"embeddable":true,"href":"https:\/\/astos.cz\/pl\/wp-json\/wp\/v2\/media\/7191"}],"wp:attachment":[{"href":"https:\/\/astos.cz\/pl\/wp-json\/wp\/v2\/media?parent=7185"}],"wp:term":[{"taxonomy":"category","embeddable":true,"href":"https:\/\/astos.cz\/pl\/wp-json\/wp\/v2\/categories?post=7185"},{"taxonomy":"post_tag","embeddable":true,"href":"https:\/\/astos.cz\/pl\/wp-json\/wp\/v2\/tags?post=7185"}],"curies":[{"name":"wp","href":"https:\/\/api.w.org\/{rel}","templated":true}]}}