{"id":7178,"date":"2016-03-04T11:03:09","date_gmt":"2016-03-04T10:03:09","guid":{"rendered":"https:\/\/astos.cz\/pl\/kb-kabiny-a-krytovani-vyrobnich-linek\/"},"modified":"2022-04-20T12:14:25","modified_gmt":"2022-04-20T11:14:25","slug":"kb-kabiny-a-krytovani-vyrobnich-linek","status":"publish","type":"page","link":"https:\/\/astos.cz\/pl\/nase-vyrobky\/krytovani-stroju\/kb-kabiny-a-krytovani-vyrobnich-linek\/","title":{"rendered":"KB \u2013 Kabiny i ogrodzenia"},"content":{"rendered":"<div id=\"pl-7178\"  class=\"panel-layout\" ><div id=\"pg-7178-0\"  class=\"panel-grid panel-no-style\" ><div id=\"pgc-7178-0-0\"  class=\"panel-grid-cell\" ><div id=\"panel-7178-0-0-0\" class=\"so-panel widget widget_black-studio-tinymce widget_black_studio_tinymce panel-first-child\" data-index=\"0\" ><div class=\"textwidget\"><h3 style=\"margin-top: 0px\">Kabiny i ogrodzenia<\/h3>\n<p>ASTOS Machinery posiada do\u015bwiadczenia i zdolno\u015bci pozwalaj\u0105ce rozwi\u0105za\u0107, nawet z\u0142o\u017cone i trudne z technicznego punktu widzenia, nie tylko obudowy przestrzeni roboczej, ale tak\u017ce ca\u0142ej maszyny, tj. kabin. Opr\u00f3cz kabin do maszyn projektujemy i produkujemy kabiny dla obs\u0142ugi. Wszystkie typy kabin spe\u0142niaj\u0105 wszelkie wymogi bezpiecze\u0144stwa z uwzgl\u0119dnieniem wymaganej odporno\u015bci na przebicie. Ponadto s\u0105 uwzgl\u0119dniane wymogi dotycz\u0105ce odci\u0105gu i \/ lub klimatyzacji przestrzeni. Oczywista jest poprawa ergonomii i opracowanie atrakcyjniejszego wygl\u0105du. Cz\u0119\u015bci\u0105 rozwi\u0105zania kabin dla maszyn du\u017cych rozmiar\u00f3w lub ca\u0142ych linii produkcyjnych oferujemy tak\u017ce konstrukcj\u0119 i produkcj\u0119 ogrodzenia ca\u0142ego zespo\u0142u technologicznego.<\/p>\n<\/div><\/div><div id=\"panel-7178-0-0-1\" class=\"so-panel widget widget_black-studio-tinymce widget_black_studio_tinymce\" data-index=\"1\" ><div class=\"panel-widget-style panel-widget-style-for-7178-0-0-1\" ><div class=\"textwidget\"><p><strong><em>Konstruk\u010dn\u00ed \u0159e\u0161en\u00ed<\/em><\/strong><br \/>\n<a href=\"https:\/\/astos.cz\/wp-content\/uploads\/2016\/03\/KB-Kabiny-Junker-Konstrukcni-reseni.jpg\"  rel=\"lightbox[7178] attachment wp-att-5397\"><img class=\"alignnone wp-image-5397\" src=\"https:\/\/astos.cz\/wp-content\/uploads\/2016\/03\/KB-Kabiny-Junker-Konstrukcni-reseni.jpg\" alt=\"KB-Kabiny-Junker-Konstrukcni-reseni\" width=\"819\" height=\"460\" \/><\/a><\/p>\n<\/div><\/div><\/div><div id=\"panel-7178-0-0-2\" class=\"so-panel widget widget_black-studio-tinymce widget_black_studio_tinymce panel-last-child\" data-index=\"2\" ><div class=\"textwidget\"><p><strong><em>Realizace<\/em><\/strong><br \/>\n<a href=\"https:\/\/astos.cz\/wp-content\/uploads\/2016\/03\/KB-Kabiny-Junker-Realizace.jpg\"  rel=\"lightbox[7178] attachment wp-att-5397\"><img class=\"alignnone wp-image-5403\" src=\"https:\/\/astos.cz\/wp-content\/uploads\/2016\/03\/KB-Kabiny-Junker-Realizace.jpg\" alt=\"Junker realizace\" width=\"819\" height=\"460\" \/><\/a><\/p>\n<\/div><\/div><\/div><\/div><\/div>","protected":false},"excerpt":{"rendered":"<p>ASTOS Machinery disponuje zku\u0161enostmi a schopnostmi \u0159e\u0161it i slo\u017eit\u00e1 a technicky n\u00e1ro\u010dn\u00e1 \u0159e\u0161en\u00ed zakrytov\u00e1n\u00ed<\/p>\n","protected":false},"author":6,"featured_media":7183,"parent":7381,"menu_order":0,"comment_status":"closed","ping_status":"closed","template":"","meta":[],"categories":[152],"tags":[],"yoast_head":"<!-- This site is optimized with the Yoast SEO plugin v18.5.1 - https:\/\/yoast.com\/wordpress\/plugins\/seo\/ -->\n<title>KB \u2013 Kabiny i ogrodzenia | ASTOS Machinery<\/title>\n<meta name=\"description\" content=\"ASTOS Machinery disponuje zku\u0161enostmi a schopnostmi \u0159e\u0161it i slo\u017eit\u00e1 a technicky n\u00e1ro\u010dn\u00e1 \u0159e\u0161en\u00ed zakrytov\u00e1n\u00ed nejen pracovn\u00edho prostoru, ale cel\u00e9ho stroje.\" \/>\n<meta name=\"robots\" content=\"index, follow, max-snippet:-1, max-image-preview:large, max-video-preview:-1\" \/>\n<link rel=\"canonical\" href=\"https:\/\/astos.cz\/pl\/nase-vyrobky\/krytovani-stroju\/kb-kabiny-a-krytovani-vyrobnich-linek\/\" \/>\n<meta property=\"og:locale\" content=\"pl_PL\" \/>\n<meta property=\"og:type\" content=\"article\" \/>\n<meta property=\"og:title\" content=\"KB \u2013 Kabiny i ogrodzenia | ASTOS Machinery\" \/>\n<meta property=\"og:description\" content=\"ASTOS Machinery disponuje zku\u0161enostmi a schopnostmi \u0159e\u0161it i slo\u017eit\u00e1 a technicky n\u00e1ro\u010dn\u00e1 \u0159e\u0161en\u00ed zakrytov\u00e1n\u00ed nejen pracovn\u00edho prostoru, ale cel\u00e9ho stroje.\" \/>\n<meta property=\"og:url\" content=\"https:\/\/astos.cz\/pl\/nase-vyrobky\/krytovani-stroju\/kb-kabiny-a-krytovani-vyrobnich-linek\/\" \/>\n<meta property=\"og:site_name\" content=\"ASTOS Machinery\" \/>\n<meta property=\"article:modified_time\" content=\"2022-04-20T11:14:25+00:00\" \/>\n<meta property=\"og:image\" content=\"https:\/\/astos.cz\/wp-content\/uploads\/2016\/03\/KB-Kabiny-vyrobnich-linek.jpg\" \/>\n\t<meta property=\"og:image:width\" content=\"700\" \/>\n\t<meta property=\"og:image:height\" content=\"450\" \/>\n\t<meta property=\"og:image:type\" content=\"image\/jpeg\" \/>\n<meta name=\"twitter:card\" content=\"summary\" \/>\n<meta name=\"twitter:label1\" content=\"Szacowany czas czytania\" \/>\n\t<meta name=\"twitter:data1\" content=\"1 minuta\" \/>\n<script type=\"application\/ld+json\" class=\"yoast-schema-graph\">{\"@context\":\"https:\/\/schema.org\",\"@graph\":[{\"@type\":\"WebSite\",\"@id\":\"https:\/\/astos.cz\/#website\",\"url\":\"https:\/\/astos.cz\/\",\"name\":\"ASTOS Machinery\",\"description\":\"Specialista na dopravn\u00edkov\u00e9 syst\u00e9my a krytov\u00e1n\u00ed stroj\u016f\",\"potentialAction\":[{\"@type\":\"SearchAction\",\"target\":{\"@type\":\"EntryPoint\",\"urlTemplate\":\"https:\/\/astos.cz\/?s={search_term_string}\"},\"query-input\":\"required name=search_term_string\"}],\"inLanguage\":\"pl-PL\"},{\"@type\":\"ImageObject\",\"@id\":\"https:\/\/astos.cz\/pl\/nase-vyrobky\/krytovani-stroju\/kb-kabiny-a-krytovani-vyrobnich-linek\/#primaryimage\",\"inLanguage\":\"pl-PL\",\"url\":\"https:\/\/astos.cz\/wp-content\/uploads\/2016\/03\/KB-Kabiny-vyrobnich-linek.jpg\",\"contentUrl\":\"https:\/\/astos.cz\/wp-content\/uploads\/2016\/03\/KB-Kabiny-vyrobnich-linek.jpg\",\"width\":700,\"height\":450},{\"@type\":\"WebPage\",\"@id\":\"https:\/\/astos.cz\/pl\/nase-vyrobky\/krytovani-stroju\/kb-kabiny-a-krytovani-vyrobnich-linek\/#webpage\",\"url\":\"https:\/\/astos.cz\/pl\/nase-vyrobky\/krytovani-stroju\/kb-kabiny-a-krytovani-vyrobnich-linek\/\",\"name\":\"KB \u2013 Kabiny i ogrodzenia | ASTOS Machinery\",\"isPartOf\":{\"@id\":\"https:\/\/astos.cz\/#website\"},\"primaryImageOfPage\":{\"@id\":\"https:\/\/astos.cz\/pl\/nase-vyrobky\/krytovani-stroju\/kb-kabiny-a-krytovani-vyrobnich-linek\/#primaryimage\"},\"datePublished\":\"2016-03-04T10:03:09+00:00\",\"dateModified\":\"2022-04-20T11:14:25+00:00\",\"description\":\"ASTOS Machinery disponuje zku\u0161enostmi a schopnostmi \u0159e\u0161it i slo\u017eit\u00e1 a technicky n\u00e1ro\u010dn\u00e1 \u0159e\u0161en\u00ed zakrytov\u00e1n\u00ed nejen pracovn\u00edho prostoru, ale cel\u00e9ho stroje.\",\"breadcrumb\":{\"@id\":\"https:\/\/astos.cz\/pl\/nase-vyrobky\/krytovani-stroju\/kb-kabiny-a-krytovani-vyrobnich-linek\/#breadcrumb\"},\"inLanguage\":\"pl-PL\",\"potentialAction\":[{\"@type\":\"ReadAction\",\"target\":[\"https:\/\/astos.cz\/pl\/nase-vyrobky\/krytovani-stroju\/kb-kabiny-a-krytovani-vyrobnich-linek\/\"]}]},{\"@type\":\"BreadcrumbList\",\"@id\":\"https:\/\/astos.cz\/pl\/nase-vyrobky\/krytovani-stroju\/kb-kabiny-a-krytovani-vyrobnich-linek\/#breadcrumb\",\"itemListElement\":[{\"@type\":\"ListItem\",\"position\":1,\"name\":\"Dom\u016f\",\"item\":\"https:\/\/astos.cz\/pl\/\"},{\"@type\":\"ListItem\",\"position\":2,\"name\":\"NASZE PRODUKTY\",\"item\":\"https:\/\/astos.cz\/pl\/nase-vyrobky\/\"},{\"@type\":\"ListItem\",\"position\":3,\"name\":\"Obudowa maszyn\",\"item\":\"https:\/\/astos.cz\/pl\/nase-vyrobky\/krytovani-stroju\/\"},{\"@type\":\"ListItem\",\"position\":4,\"name\":\"KB \u2013 Kabiny i ogrodzenia\"}]}]}<\/script>\n<!-- \/ Yoast SEO plugin. -->","yoast_head_json":{"title":"KB \u2013 Kabiny i ogrodzenia | ASTOS Machinery","description":"ASTOS Machinery disponuje zku\u0161enostmi a schopnostmi \u0159e\u0161it i slo\u017eit\u00e1 a technicky n\u00e1ro\u010dn\u00e1 \u0159e\u0161en\u00ed zakrytov\u00e1n\u00ed nejen pracovn\u00edho prostoru, ale cel\u00e9ho stroje.","robots":{"index":"index","follow":"follow","max-snippet":"max-snippet:-1","max-image-preview":"max-image-preview:large","max-video-preview":"max-video-preview:-1"},"canonical":"https:\/\/astos.cz\/pl\/nase-vyrobky\/krytovani-stroju\/kb-kabiny-a-krytovani-vyrobnich-linek\/","og_locale":"pl_PL","og_type":"article","og_title":"KB \u2013 Kabiny i ogrodzenia | ASTOS Machinery","og_description":"ASTOS Machinery disponuje zku\u0161enostmi a schopnostmi \u0159e\u0161it i slo\u017eit\u00e1 a technicky n\u00e1ro\u010dn\u00e1 \u0159e\u0161en\u00ed zakrytov\u00e1n\u00ed nejen pracovn\u00edho prostoru, ale cel\u00e9ho stroje.","og_url":"https:\/\/astos.cz\/pl\/nase-vyrobky\/krytovani-stroju\/kb-kabiny-a-krytovani-vyrobnich-linek\/","og_site_name":"ASTOS Machinery","article_modified_time":"2022-04-20T11:14:25+00:00","og_image":[{"width":700,"height":450,"url":"https:\/\/astos.cz\/wp-content\/uploads\/2016\/03\/KB-Kabiny-vyrobnich-linek.jpg","type":"image\/jpeg"}],"twitter_card":"summary","twitter_misc":{"Szacowany czas czytania":"1 minuta"},"schema":{"@context":"https:\/\/schema.org","@graph":[{"@type":"WebSite","@id":"https:\/\/astos.cz\/#website","url":"https:\/\/astos.cz\/","name":"ASTOS Machinery","description":"Specialista na dopravn\u00edkov\u00e9 syst\u00e9my a krytov\u00e1n\u00ed stroj\u016f","potentialAction":[{"@type":"SearchAction","target":{"@type":"EntryPoint","urlTemplate":"https:\/\/astos.cz\/?s={search_term_string}"},"query-input":"required name=search_term_string"}],"inLanguage":"pl-PL"},{"@type":"ImageObject","@id":"https:\/\/astos.cz\/pl\/nase-vyrobky\/krytovani-stroju\/kb-kabiny-a-krytovani-vyrobnich-linek\/#primaryimage","inLanguage":"pl-PL","url":"https:\/\/astos.cz\/wp-content\/uploads\/2016\/03\/KB-Kabiny-vyrobnich-linek.jpg","contentUrl":"https:\/\/astos.cz\/wp-content\/uploads\/2016\/03\/KB-Kabiny-vyrobnich-linek.jpg","width":700,"height":450},{"@type":"WebPage","@id":"https:\/\/astos.cz\/pl\/nase-vyrobky\/krytovani-stroju\/kb-kabiny-a-krytovani-vyrobnich-linek\/#webpage","url":"https:\/\/astos.cz\/pl\/nase-vyrobky\/krytovani-stroju\/kb-kabiny-a-krytovani-vyrobnich-linek\/","name":"KB \u2013 Kabiny i ogrodzenia | ASTOS Machinery","isPartOf":{"@id":"https:\/\/astos.cz\/#website"},"primaryImageOfPage":{"@id":"https:\/\/astos.cz\/pl\/nase-vyrobky\/krytovani-stroju\/kb-kabiny-a-krytovani-vyrobnich-linek\/#primaryimage"},"datePublished":"2016-03-04T10:03:09+00:00","dateModified":"2022-04-20T11:14:25+00:00","description":"ASTOS Machinery disponuje zku\u0161enostmi a schopnostmi \u0159e\u0161it i slo\u017eit\u00e1 a technicky n\u00e1ro\u010dn\u00e1 \u0159e\u0161en\u00ed zakrytov\u00e1n\u00ed nejen pracovn\u00edho prostoru, ale cel\u00e9ho stroje.","breadcrumb":{"@id":"https:\/\/astos.cz\/pl\/nase-vyrobky\/krytovani-stroju\/kb-kabiny-a-krytovani-vyrobnich-linek\/#breadcrumb"},"inLanguage":"pl-PL","potentialAction":[{"@type":"ReadAction","target":["https:\/\/astos.cz\/pl\/nase-vyrobky\/krytovani-stroju\/kb-kabiny-a-krytovani-vyrobnich-linek\/"]}]},{"@type":"BreadcrumbList","@id":"https:\/\/astos.cz\/pl\/nase-vyrobky\/krytovani-stroju\/kb-kabiny-a-krytovani-vyrobnich-linek\/#breadcrumb","itemListElement":[{"@type":"ListItem","position":1,"name":"Dom\u016f","item":"https:\/\/astos.cz\/pl\/"},{"@type":"ListItem","position":2,"name":"NASZE PRODUKTY","item":"https:\/\/astos.cz\/pl\/nase-vyrobky\/"},{"@type":"ListItem","position":3,"name":"Obudowa maszyn","item":"https:\/\/astos.cz\/pl\/nase-vyrobky\/krytovani-stroju\/"},{"@type":"ListItem","position":4,"name":"KB \u2013 Kabiny i ogrodzenia"}]}]}},"_links":{"self":[{"href":"https:\/\/astos.cz\/pl\/wp-json\/wp\/v2\/pages\/7178"}],"collection":[{"href":"https:\/\/astos.cz\/pl\/wp-json\/wp\/v2\/pages"}],"about":[{"href":"https:\/\/astos.cz\/pl\/wp-json\/wp\/v2\/types\/page"}],"author":[{"embeddable":true,"href":"https:\/\/astos.cz\/pl\/wp-json\/wp\/v2\/users\/6"}],"replies":[{"embeddable":true,"href":"https:\/\/astos.cz\/pl\/wp-json\/wp\/v2\/comments?post=7178"}],"version-history":[{"count":3,"href":"https:\/\/astos.cz\/pl\/wp-json\/wp\/v2\/pages\/7178\/revisions"}],"predecessor-version":[{"id":9793,"href":"https:\/\/astos.cz\/pl\/wp-json\/wp\/v2\/pages\/7178\/revisions\/9793"}],"up":[{"embeddable":true,"href":"https:\/\/astos.cz\/pl\/wp-json\/wp\/v2\/pages\/7381"}],"wp:featuredmedia":[{"embeddable":true,"href":"https:\/\/astos.cz\/pl\/wp-json\/wp\/v2\/media\/7183"}],"wp:attachment":[{"href":"https:\/\/astos.cz\/pl\/wp-json\/wp\/v2\/media?parent=7178"}],"wp:term":[{"taxonomy":"category","embeddable":true,"href":"https:\/\/astos.cz\/pl\/wp-json\/wp\/v2\/categories?post=7178"},{"taxonomy":"post_tag","embeddable":true,"href":"https:\/\/astos.cz\/pl\/wp-json\/wp\/v2\/tags?post=7178"}],"curies":[{"name":"wp","href":"https:\/\/api.w.org\/{rel}","templated":true}]}}