{"id":7171,"date":"2016-03-04T10:58:51","date_gmt":"2016-03-04T09:58:51","guid":{"rendered":"https:\/\/astos.cz\/pl\/ks-oplasteni-obrabecich-stroju\/"},"modified":"2022-04-20T12:13:42","modified_gmt":"2022-04-20T11:13:42","slug":"ks-oplasteni-obrabecich-stroju","status":"publish","type":"page","link":"https:\/\/astos.cz\/pl\/nase-vyrobky\/krytovani-stroju\/ks-oplasteni-obrabecich-stroju\/","title":{"rendered":"KS \u2013 Obudowa maszyn"},"content":{"rendered":"<div id=\"pl-7171\"  class=\"panel-layout\" ><div id=\"pg-7171-0\"  class=\"panel-grid panel-no-style\" ><div id=\"pgc-7171-0-0\"  class=\"panel-grid-cell\" ><div id=\"panel-7171-0-0-0\" class=\"so-panel widget widget_siteorigin-panels-builder panel-first-child\" data-index=\"0\" ><div class=\"panel-widget-style panel-widget-style-for-7171-0-0-0\" ><div id=\"pl-w625feadb40add\"  class=\"panel-layout\" ><div id=\"pg-w625feadb40add-0\"  class=\"panel-grid panel-no-style\" ><div id=\"pgc-w625feadb40add-0-0\"  class=\"panel-grid-cell\" ><div id=\"panel-w625feadb40add-0-0-0\" class=\"so-panel widget widget_black-studio-tinymce widget_black_studio_tinymce panel-first-child panel-last-child\" data-index=\"0\" ><div class=\"textwidget\"><h3 style=\"margin-top: 0px\">Obudowa maszyn<\/h3>\n<p>Obudowa maszyn nale\u017cy do najcz\u0119stszych a r\u00f3wnocze\u015bnie do podstawowych typ\u00f3w os\u0142on maszyn. Wymagane s\u0105 tu obszerne do\u015bwiadczenia ze spe\u0142nieniem wymog\u00f3w dotycz\u0105cych dost\u0119pno\u015bci do element\u00f3w regulacyjnych maszyny, \u0142atwego i szybkiego demontowania pojedynczych cz\u0119\u015bci os\u0142on do operacji serwisowych. Nowoczesny design uwydatnia wyj\u0105tkowo\u015b\u0107 maszyny, spe\u0142niaj\u0105c przy tym wszystkie wymogi bezpiecze\u0144stwa. Wszystkie te wymagaj\u0105ce kryteria udaje si\u0119 z powodzeniem spe\u0142nia\u0107 firmie ASTOS Machinery a.s., co dokumentuje wielka liczba zrealizowanych zlece\u0144 r\u00f3\u017cnych typ\u00f3w obud\u00f3w.<\/p>\n<\/div><\/div><\/div><div id=\"pgc-w625feadb40add-0-1\"  class=\"panel-grid-cell\" ><div id=\"panel-w625feadb40add-0-1-0\" class=\"so-panel widget widget_black-studio-tinymce widget_black_studio_tinymce panel-first-child panel-last-child\" data-index=\"1\" ><div class=\"textwidget\"><p><a href=\"https:\/\/astos.cz\/wp-content\/uploads\/2016\/03\/WHN-Realizace.jpg\"  rel=\"lightbox[7171] attachment wp-att-5340\"><img class=\"alignleft size-full wp-image-5340\" src=\"https:\/\/astos.cz\/wp-content\/uploads\/2016\/03\/WHN-Realizace.jpg\" alt=\"WHN-Realizace\" width=\"410\" height=\"230\" \/><\/a><\/p>\n<\/div><\/div><\/div><\/div><\/div><\/div><\/div><div id=\"panel-7171-0-0-1\" class=\"so-panel widget widget_black-studio-tinymce widget_black_studio_tinymce panel-last-child\" data-index=\"1\" ><div class=\"textwidget\"><p><a href=\"https:\/\/astos.cz\/wp-content\/uploads\/2016\/03\/WHN-render.jpg\"  rel=\"lightbox[7171] attachment wp-att-5334\"><img class=\"alignleft wp-image-5334\" src=\"https:\/\/astos.cz\/wp-content\/uploads\/2016\/03\/WHN-render.jpg\" alt=\"WHN-render\" width=\"820\" height=\"460\" \/><\/a><\/p>\n<\/div><\/div><\/div><\/div><\/div>","protected":false},"excerpt":{"rendered":"<p>Opl\u00e1\u0161t\u011bn\u00ed stroj\u016f pat\u0159\u00ed k nej\u010dast\u011bj\u0161\u00edm a z\u00e1rove\u0148 k z\u00e1kladn\u00edm typ\u016fm zakrytov\u00e1n\u00ed stroj\u016f.  <\/p>\n","protected":false},"author":6,"featured_media":7175,"parent":7381,"menu_order":0,"comment_status":"closed","ping_status":"closed","template":"","meta":[],"categories":[152],"tags":[],"yoast_head":"<!-- This site is optimized with the Yoast SEO plugin v18.5.1 - https:\/\/yoast.com\/wordpress\/plugins\/seo\/ -->\n<title>KS \u2013 Obudowa maszyn | ASTOS Machinery<\/title>\n<meta name=\"robots\" content=\"index, follow, max-snippet:-1, max-image-preview:large, max-video-preview:-1\" \/>\n<link rel=\"canonical\" href=\"https:\/\/astos.cz\/pl\/nase-vyrobky\/krytovani-stroju\/ks-oplasteni-obrabecich-stroju\/\" \/>\n<meta property=\"og:locale\" content=\"pl_PL\" \/>\n<meta property=\"og:type\" content=\"article\" \/>\n<meta property=\"og:title\" content=\"KS \u2013 Obudowa maszyn | ASTOS Machinery\" \/>\n<meta property=\"og:description\" content=\"Opl\u00e1\u0161t\u011bn\u00ed stroj\u016f pat\u0159\u00ed k nej\u010dast\u011bj\u0161\u00edm a z\u00e1rove\u0148 k z\u00e1kladn\u00edm typ\u016fm zakrytov\u00e1n\u00ed stroj\u016f.\" \/>\n<meta property=\"og:url\" content=\"https:\/\/astos.cz\/pl\/nase-vyrobky\/krytovani-stroju\/ks-oplasteni-obrabecich-stroju\/\" \/>\n<meta property=\"og:site_name\" content=\"ASTOS Machinery\" \/>\n<meta property=\"article:modified_time\" content=\"2022-04-20T11:13:42+00:00\" \/>\n<meta property=\"og:image\" content=\"https:\/\/astos.cz\/wp-content\/uploads\/2016\/03\/WHN-render.jpg\" \/>\n\t<meta property=\"og:image:width\" content=\"1140\" \/>\n\t<meta property=\"og:image:height\" content=\"640\" \/>\n\t<meta property=\"og:image:type\" content=\"image\/jpeg\" \/>\n<meta name=\"twitter:card\" content=\"summary\" \/>\n<script type=\"application\/ld+json\" class=\"yoast-schema-graph\">{\"@context\":\"https:\/\/schema.org\",\"@graph\":[{\"@type\":\"WebSite\",\"@id\":\"https:\/\/astos.cz\/#website\",\"url\":\"https:\/\/astos.cz\/\",\"name\":\"ASTOS Machinery\",\"description\":\"Specialista na dopravn\u00edkov\u00e9 syst\u00e9my a krytov\u00e1n\u00ed stroj\u016f\",\"potentialAction\":[{\"@type\":\"SearchAction\",\"target\":{\"@type\":\"EntryPoint\",\"urlTemplate\":\"https:\/\/astos.cz\/?s={search_term_string}\"},\"query-input\":\"required name=search_term_string\"}],\"inLanguage\":\"pl-PL\"},{\"@type\":\"ImageObject\",\"@id\":\"https:\/\/astos.cz\/pl\/nase-vyrobky\/krytovani-stroju\/ks-oplasteni-obrabecich-stroju\/#primaryimage\",\"inLanguage\":\"pl-PL\",\"url\":\"https:\/\/astos.cz\/wp-content\/uploads\/2016\/03\/WHN-render.jpg\",\"contentUrl\":\"https:\/\/astos.cz\/wp-content\/uploads\/2016\/03\/WHN-render.jpg\",\"width\":1140,\"height\":640},{\"@type\":\"WebPage\",\"@id\":\"https:\/\/astos.cz\/pl\/nase-vyrobky\/krytovani-stroju\/ks-oplasteni-obrabecich-stroju\/#webpage\",\"url\":\"https:\/\/astos.cz\/pl\/nase-vyrobky\/krytovani-stroju\/ks-oplasteni-obrabecich-stroju\/\",\"name\":\"KS \u2013 Obudowa maszyn | ASTOS Machinery\",\"isPartOf\":{\"@id\":\"https:\/\/astos.cz\/#website\"},\"primaryImageOfPage\":{\"@id\":\"https:\/\/astos.cz\/pl\/nase-vyrobky\/krytovani-stroju\/ks-oplasteni-obrabecich-stroju\/#primaryimage\"},\"datePublished\":\"2016-03-04T09:58:51+00:00\",\"dateModified\":\"2022-04-20T11:13:42+00:00\",\"breadcrumb\":{\"@id\":\"https:\/\/astos.cz\/pl\/nase-vyrobky\/krytovani-stroju\/ks-oplasteni-obrabecich-stroju\/#breadcrumb\"},\"inLanguage\":\"pl-PL\",\"potentialAction\":[{\"@type\":\"ReadAction\",\"target\":[\"https:\/\/astos.cz\/pl\/nase-vyrobky\/krytovani-stroju\/ks-oplasteni-obrabecich-stroju\/\"]}]},{\"@type\":\"BreadcrumbList\",\"@id\":\"https:\/\/astos.cz\/pl\/nase-vyrobky\/krytovani-stroju\/ks-oplasteni-obrabecich-stroju\/#breadcrumb\",\"itemListElement\":[{\"@type\":\"ListItem\",\"position\":1,\"name\":\"Dom\u016f\",\"item\":\"https:\/\/astos.cz\/pl\/\"},{\"@type\":\"ListItem\",\"position\":2,\"name\":\"NASZE PRODUKTY\",\"item\":\"https:\/\/astos.cz\/pl\/nase-vyrobky\/\"},{\"@type\":\"ListItem\",\"position\":3,\"name\":\"Obudowa maszyn\",\"item\":\"https:\/\/astos.cz\/pl\/nase-vyrobky\/krytovani-stroju\/\"},{\"@type\":\"ListItem\",\"position\":4,\"name\":\"KS \u2013 Obudowa maszyn\"}]}]}<\/script>\n<!-- \/ Yoast SEO plugin. -->","yoast_head_json":{"title":"KS \u2013 Obudowa maszyn | ASTOS Machinery","robots":{"index":"index","follow":"follow","max-snippet":"max-snippet:-1","max-image-preview":"max-image-preview:large","max-video-preview":"max-video-preview:-1"},"canonical":"https:\/\/astos.cz\/pl\/nase-vyrobky\/krytovani-stroju\/ks-oplasteni-obrabecich-stroju\/","og_locale":"pl_PL","og_type":"article","og_title":"KS \u2013 Obudowa maszyn | ASTOS Machinery","og_description":"Opl\u00e1\u0161t\u011bn\u00ed stroj\u016f pat\u0159\u00ed k nej\u010dast\u011bj\u0161\u00edm a z\u00e1rove\u0148 k z\u00e1kladn\u00edm typ\u016fm zakrytov\u00e1n\u00ed stroj\u016f.","og_url":"https:\/\/astos.cz\/pl\/nase-vyrobky\/krytovani-stroju\/ks-oplasteni-obrabecich-stroju\/","og_site_name":"ASTOS Machinery","article_modified_time":"2022-04-20T11:13:42+00:00","og_image":[{"width":1140,"height":640,"url":"https:\/\/astos.cz\/wp-content\/uploads\/2016\/03\/WHN-render.jpg","type":"image\/jpeg"}],"twitter_card":"summary","schema":{"@context":"https:\/\/schema.org","@graph":[{"@type":"WebSite","@id":"https:\/\/astos.cz\/#website","url":"https:\/\/astos.cz\/","name":"ASTOS Machinery","description":"Specialista na dopravn\u00edkov\u00e9 syst\u00e9my a krytov\u00e1n\u00ed stroj\u016f","potentialAction":[{"@type":"SearchAction","target":{"@type":"EntryPoint","urlTemplate":"https:\/\/astos.cz\/?s={search_term_string}"},"query-input":"required name=search_term_string"}],"inLanguage":"pl-PL"},{"@type":"ImageObject","@id":"https:\/\/astos.cz\/pl\/nase-vyrobky\/krytovani-stroju\/ks-oplasteni-obrabecich-stroju\/#primaryimage","inLanguage":"pl-PL","url":"https:\/\/astos.cz\/wp-content\/uploads\/2016\/03\/WHN-render.jpg","contentUrl":"https:\/\/astos.cz\/wp-content\/uploads\/2016\/03\/WHN-render.jpg","width":1140,"height":640},{"@type":"WebPage","@id":"https:\/\/astos.cz\/pl\/nase-vyrobky\/krytovani-stroju\/ks-oplasteni-obrabecich-stroju\/#webpage","url":"https:\/\/astos.cz\/pl\/nase-vyrobky\/krytovani-stroju\/ks-oplasteni-obrabecich-stroju\/","name":"KS \u2013 Obudowa maszyn | ASTOS Machinery","isPartOf":{"@id":"https:\/\/astos.cz\/#website"},"primaryImageOfPage":{"@id":"https:\/\/astos.cz\/pl\/nase-vyrobky\/krytovani-stroju\/ks-oplasteni-obrabecich-stroju\/#primaryimage"},"datePublished":"2016-03-04T09:58:51+00:00","dateModified":"2022-04-20T11:13:42+00:00","breadcrumb":{"@id":"https:\/\/astos.cz\/pl\/nase-vyrobky\/krytovani-stroju\/ks-oplasteni-obrabecich-stroju\/#breadcrumb"},"inLanguage":"pl-PL","potentialAction":[{"@type":"ReadAction","target":["https:\/\/astos.cz\/pl\/nase-vyrobky\/krytovani-stroju\/ks-oplasteni-obrabecich-stroju\/"]}]},{"@type":"BreadcrumbList","@id":"https:\/\/astos.cz\/pl\/nase-vyrobky\/krytovani-stroju\/ks-oplasteni-obrabecich-stroju\/#breadcrumb","itemListElement":[{"@type":"ListItem","position":1,"name":"Dom\u016f","item":"https:\/\/astos.cz\/pl\/"},{"@type":"ListItem","position":2,"name":"NASZE PRODUKTY","item":"https:\/\/astos.cz\/pl\/nase-vyrobky\/"},{"@type":"ListItem","position":3,"name":"Obudowa maszyn","item":"https:\/\/astos.cz\/pl\/nase-vyrobky\/krytovani-stroju\/"},{"@type":"ListItem","position":4,"name":"KS \u2013 Obudowa maszyn"}]}]}},"_links":{"self":[{"href":"https:\/\/astos.cz\/pl\/wp-json\/wp\/v2\/pages\/7171"}],"collection":[{"href":"https:\/\/astos.cz\/pl\/wp-json\/wp\/v2\/pages"}],"about":[{"href":"https:\/\/astos.cz\/pl\/wp-json\/wp\/v2\/types\/page"}],"author":[{"embeddable":true,"href":"https:\/\/astos.cz\/pl\/wp-json\/wp\/v2\/users\/6"}],"replies":[{"embeddable":true,"href":"https:\/\/astos.cz\/pl\/wp-json\/wp\/v2\/comments?post=7171"}],"version-history":[{"count":3,"href":"https:\/\/astos.cz\/pl\/wp-json\/wp\/v2\/pages\/7171\/revisions"}],"predecessor-version":[{"id":9792,"href":"https:\/\/astos.cz\/pl\/wp-json\/wp\/v2\/pages\/7171\/revisions\/9792"}],"up":[{"embeddable":true,"href":"https:\/\/astos.cz\/pl\/wp-json\/wp\/v2\/pages\/7381"}],"wp:featuredmedia":[{"embeddable":true,"href":"https:\/\/astos.cz\/pl\/wp-json\/wp\/v2\/media\/7175"}],"wp:attachment":[{"href":"https:\/\/astos.cz\/pl\/wp-json\/wp\/v2\/media?parent=7171"}],"wp:term":[{"taxonomy":"category","embeddable":true,"href":"https:\/\/astos.cz\/pl\/wp-json\/wp\/v2\/categories?post=7171"},{"taxonomy":"post_tag","embeddable":true,"href":"https:\/\/astos.cz\/pl\/wp-json\/wp\/v2\/tags?post=7171"}],"curies":[{"name":"wp","href":"https:\/\/api.w.org\/{rel}","templated":true}]}}