{"id":7145,"date":"2016-03-04T09:49:55","date_gmt":"2016-03-04T08:49:55","guid":{"rendered":"https:\/\/astos.cz\/pl\/ms-magneticke-separatory\/"},"modified":"2024-05-28T09:21:12","modified_gmt":"2024-05-28T08:21:12","slug":"ms-magneticke-separatory","status":"publish","type":"page","link":"https:\/\/astos.cz\/pl\/nase-vyrobky\/filtracni-zarizeni\/ms-magneticke-separatory\/","title":{"rendered":"MS \u2013 Separator magnetyczny"},"content":{"rendered":"<div id=\"pl-7145\"  class=\"panel-layout\" ><div id=\"pg-7145-0\"  class=\"panel-grid panel-no-style\" ><div id=\"pgc-7145-0-0\"  class=\"panel-grid-cell\" ><div id=\"panel-7145-0-0-0\" class=\"so-panel widget widget_black-studio-tinymce widget_black_studio_tinymce panel-first-child panel-last-child\" data-index=\"0\" ><div class=\"textwidget\"><h3 style=\"margin-top: 0px;\">Separator magnetyczny<\/h3>\n<p>Separatory magnetyczne s\u0105 przeznaczone przede wszystkim do zgrubnego oczyszczania ch\u0142odziwa z zanieczyszcze\u0144 ferromagnetycznych. Konstrukcja separator\u00f3w magnetycznych umo\u017cliwia ci\u0105g\u0142y proces oczyszczania cieczy ch\u0142odz\u0105co-smaruj\u0105cej.<\/p>\n<p><a href=\"https:\/\/astos.cz\/wp-content\/uploads\/2016\/03\/MS-Magneticky-separator.jpg\"  rel=\"lightbox[7145] attachment wp-att-3505\"><img class=\"alignnone wp-image-3505\" src=\"https:\/\/astos.cz\/wp-content\/uploads\/2016\/03\/MS-Magneticky-separator.jpg\" alt=\"MS-Magneticky-separator\" width=\"820\" height=\"460\" \/><\/a><\/p>\n<h4 class=\"alternative-heading\">Separatory s\u0105 produkowane w dw\u00f3ch podstawowych zakresach wielko\u015bci, okre\u015blonych przez wielko\u015b\u0107 przep\u0142ywu:<\/h4>\n<ul>\n<li>Maksymalny przep\u0142yw 63 l\/min - MS 63<\/li>\n<li>Maksymalny przep\u0142yw 100 l\/min - MS 100<\/li>\n<\/ul>\n<p>Separatory magnetyczne s\u0105 idealne w po\u0142\u0105czeniu z filtrem ta\u015bmowym. Produkujemy zar\u00f3wno wersje lewe, jak i prawe. Separator mo\u017ce by\u0107 wyposa\u017cony w zbiornik.<br \/>\nNa \u017cyczenie klienta mo\u017cemy r\u00f3wnie\u017c wyprodukowa\u0107 wi\u0119ksze separatory.<\/p>\n<p>Wymiary standardowych separator\u00f3w magnetycznych MS 63 i MS 100.<\/p>\n<p>Masz specyficzne wymagania? Skontaktuj si\u0119 z nami, korzystaj\u0105c z naszych danych <a href=\"https:\/\/astos.cz\/pl\/kontakty\/\">kontaktowych<\/a>.<\/p>\n<p>Pobierz formularz zapytania ofertowego <a href=\"https:\/\/astos.cz\/pl\/poptavkove-formulare\/\">tutaj<\/a>.<\/p>\n<\/div><\/div><\/div><\/div><div id=\"pg-7145-1\"  class=\"panel-grid panel-no-style\" ><div id=\"pgc-7145-1-0\"  class=\"panel-grid-cell\" ><div id=\"panel-7145-1-0-0\" class=\"so-panel widget widget_black-studio-tinymce widget_black_studio_tinymce panel-first-child panel-last-child\" data-index=\"1\" ><div class=\"textwidget\"><p><div id='gallery-1' class='gallery galleryid-7145 gallery-columns-3 gallery-size-medium'><figure class='gallery-item'>\n\t\t\t<div class='gallery-icon landscape'>\n\t\t\t\t<a href='https:\/\/astos.cz\/wp-content\/uploads\/2016\/03\/MS-schema-1-1.jpg' rel=\"lightbox[7145]\"><img width=\"300\" height=\"193\" src=\"https:\/\/astos.cz\/wp-content\/uploads\/2016\/03\/MS-schema-1-1-300x193.jpg\" class=\"attachment-medium size-medium\" alt=\"\" loading=\"lazy\" srcset=\"https:\/\/astos.cz\/wp-content\/uploads\/2016\/03\/MS-schema-1-1-300x193.jpg 300w, https:\/\/astos.cz\/wp-content\/uploads\/2016\/03\/MS-schema-1-1-555x357.jpg 555w, https:\/\/astos.cz\/wp-content\/uploads\/2016\/03\/MS-schema-1-1.jpg 700w\" sizes=\"(max-width: 300px) 100vw, 300px\" \/><\/a>\n\t\t\t<\/div><\/figure><figure class='gallery-item'>\n\t\t\t<div class='gallery-icon landscape'>\n\t\t\t\t<a href='https:\/\/astos.cz\/wp-content\/uploads\/2016\/03\/MS-schema-2-1.jpg' rel=\"lightbox[7145]\"><img width=\"300\" height=\"193\" src=\"https:\/\/astos.cz\/wp-content\/uploads\/2016\/03\/MS-schema-2-1-300x193.jpg\" class=\"attachment-medium size-medium\" alt=\"\" loading=\"lazy\" srcset=\"https:\/\/astos.cz\/wp-content\/uploads\/2016\/03\/MS-schema-2-1-300x193.jpg 300w, https:\/\/astos.cz\/wp-content\/uploads\/2016\/03\/MS-schema-2-1-555x357.jpg 555w, https:\/\/astos.cz\/wp-content\/uploads\/2016\/03\/MS-schema-2-1.jpg 700w\" sizes=\"(max-width: 300px) 100vw, 300px\" \/><\/a>\n\t\t\t<\/div><\/figure><figure class='gallery-item'>\n\t\t\t<div class='gallery-icon landscape'>\n\t\t\t\t<a href='https:\/\/astos.cz\/wp-content\/uploads\/2016\/03\/MS-schema-3-1.jpg' rel=\"lightbox[7145]\"><img width=\"300\" height=\"193\" src=\"https:\/\/astos.cz\/wp-content\/uploads\/2016\/03\/MS-schema-3-1-300x193.jpg\" class=\"attachment-medium size-medium\" alt=\"\" loading=\"lazy\" srcset=\"https:\/\/astos.cz\/wp-content\/uploads\/2016\/03\/MS-schema-3-1-300x193.jpg 300w, https:\/\/astos.cz\/wp-content\/uploads\/2016\/03\/MS-schema-3-1-555x357.jpg 555w, https:\/\/astos.cz\/wp-content\/uploads\/2016\/03\/MS-schema-3-1.jpg 700w\" sizes=\"(max-width: 300px) 100vw, 300px\" \/><\/a>\n\t\t\t<\/div><\/figure>\n\t\t<\/div>\n<\/p>\n<\/div><\/div><\/div><\/div><\/div>","protected":false},"excerpt":{"rendered":"<p>Magnetick\u00e9 separ\u00e1tory jsou ur\u010deny p\u0159edev\u0161\u00edm k hrub\u0161\u00edmu \u010di\u0161t\u011bn\u00ed chladic\u00ed kapaliny od feromagnetick\u00fdch ne\u010distot<\/p>\n","protected":false},"author":6,"featured_media":7155,"parent":7380,"menu_order":0,"comment_status":"closed","ping_status":"closed","template":"","meta":[],"categories":[151],"tags":[],"yoast_head":"<!-- This site is optimized with the Yoast SEO plugin v18.5.1 - https:\/\/yoast.com\/wordpress\/plugins\/seo\/ -->\n<title>MS \u2013 Separator magnetyczny | ASTOS Machinery<\/title>\n<meta name=\"robots\" content=\"index, follow, max-snippet:-1, max-image-preview:large, max-video-preview:-1\" \/>\n<link rel=\"canonical\" href=\"https:\/\/astos.cz\/pl\/nase-vyrobky\/filtracni-zarizeni\/ms-magneticke-separatory\/\" \/>\n<meta property=\"og:locale\" content=\"pl_PL\" \/>\n<meta property=\"og:type\" content=\"article\" \/>\n<meta property=\"og:title\" content=\"MS \u2013 Separator magnetyczny | ASTOS Machinery\" \/>\n<meta property=\"og:description\" content=\"Magnetick\u00e9 separ\u00e1tory jsou ur\u010deny p\u0159edev\u0161\u00edm k hrub\u0161\u00edmu \u010di\u0161t\u011bn\u00ed chladic\u00ed kapaliny od feromagnetick\u00fdch ne\u010distot\" \/>\n<meta property=\"og:url\" content=\"https:\/\/astos.cz\/pl\/nase-vyrobky\/filtracni-zarizeni\/ms-magneticke-separatory\/\" \/>\n<meta property=\"og:site_name\" content=\"ASTOS Machinery\" \/>\n<meta property=\"article:modified_time\" content=\"2024-05-28T08:21:12+00:00\" \/>\n<meta property=\"og:image\" content=\"https:\/\/astos.cz\/wp-content\/uploads\/2016\/03\/MS-Magneticke-separatory.jpg\" \/>\n\t<meta property=\"og:image:width\" content=\"1140\" \/>\n\t<meta property=\"og:image:height\" content=\"640\" \/>\n\t<meta property=\"og:image:type\" content=\"image\/jpeg\" \/>\n<meta name=\"twitter:card\" content=\"summary\" \/>\n<meta name=\"twitter:label1\" content=\"Szacowany czas czytania\" \/>\n\t<meta name=\"twitter:data1\" content=\"1 minuta\" \/>\n<script type=\"application\/ld+json\" class=\"yoast-schema-graph\">{\"@context\":\"https:\/\/schema.org\",\"@graph\":[{\"@type\":\"WebSite\",\"@id\":\"https:\/\/astos.cz\/#website\",\"url\":\"https:\/\/astos.cz\/\",\"name\":\"ASTOS Machinery\",\"description\":\"Specialista na dopravn\u00edkov\u00e9 syst\u00e9my a krytov\u00e1n\u00ed stroj\u016f\",\"potentialAction\":[{\"@type\":\"SearchAction\",\"target\":{\"@type\":\"EntryPoint\",\"urlTemplate\":\"https:\/\/astos.cz\/?s={search_term_string}\"},\"query-input\":\"required name=search_term_string\"}],\"inLanguage\":\"pl-PL\"},{\"@type\":\"ImageObject\",\"@id\":\"https:\/\/astos.cz\/pl\/nase-vyrobky\/filtracni-zarizeni\/ms-magneticke-separatory\/#primaryimage\",\"inLanguage\":\"pl-PL\",\"url\":\"https:\/\/astos.cz\/wp-content\/uploads\/2016\/03\/MS-Magneticke-separatory.jpg\",\"contentUrl\":\"https:\/\/astos.cz\/wp-content\/uploads\/2016\/03\/MS-Magneticke-separatory.jpg\",\"width\":1140,\"height\":640},{\"@type\":\"WebPage\",\"@id\":\"https:\/\/astos.cz\/pl\/nase-vyrobky\/filtracni-zarizeni\/ms-magneticke-separatory\/#webpage\",\"url\":\"https:\/\/astos.cz\/pl\/nase-vyrobky\/filtracni-zarizeni\/ms-magneticke-separatory\/\",\"name\":\"MS \u2013 Separator magnetyczny | ASTOS Machinery\",\"isPartOf\":{\"@id\":\"https:\/\/astos.cz\/#website\"},\"primaryImageOfPage\":{\"@id\":\"https:\/\/astos.cz\/pl\/nase-vyrobky\/filtracni-zarizeni\/ms-magneticke-separatory\/#primaryimage\"},\"datePublished\":\"2016-03-04T08:49:55+00:00\",\"dateModified\":\"2024-05-28T08:21:12+00:00\",\"breadcrumb\":{\"@id\":\"https:\/\/astos.cz\/pl\/nase-vyrobky\/filtracni-zarizeni\/ms-magneticke-separatory\/#breadcrumb\"},\"inLanguage\":\"pl-PL\",\"potentialAction\":[{\"@type\":\"ReadAction\",\"target\":[\"https:\/\/astos.cz\/pl\/nase-vyrobky\/filtracni-zarizeni\/ms-magneticke-separatory\/\"]}]},{\"@type\":\"BreadcrumbList\",\"@id\":\"https:\/\/astos.cz\/pl\/nase-vyrobky\/filtracni-zarizeni\/ms-magneticke-separatory\/#breadcrumb\",\"itemListElement\":[{\"@type\":\"ListItem\",\"position\":1,\"name\":\"Dom\u016f\",\"item\":\"https:\/\/astos.cz\/pl\/\"},{\"@type\":\"ListItem\",\"position\":2,\"name\":\"NASZE PRODUKTY\",\"item\":\"https:\/\/astos.cz\/pl\/nase-vyrobky\/\"},{\"@type\":\"ListItem\",\"position\":3,\"name\":\"Urz\u0105dzenia filtracyjne\",\"item\":\"https:\/\/astos.cz\/pl\/nase-vyrobky\/filtracni-zarizeni\/\"},{\"@type\":\"ListItem\",\"position\":4,\"name\":\"MS \u2013 Separator magnetyczny\"}]}]}<\/script>\n<!-- \/ Yoast SEO plugin. -->","yoast_head_json":{"title":"MS \u2013 Separator magnetyczny | ASTOS Machinery","robots":{"index":"index","follow":"follow","max-snippet":"max-snippet:-1","max-image-preview":"max-image-preview:large","max-video-preview":"max-video-preview:-1"},"canonical":"https:\/\/astos.cz\/pl\/nase-vyrobky\/filtracni-zarizeni\/ms-magneticke-separatory\/","og_locale":"pl_PL","og_type":"article","og_title":"MS \u2013 Separator magnetyczny | ASTOS Machinery","og_description":"Magnetick\u00e9 separ\u00e1tory jsou ur\u010deny p\u0159edev\u0161\u00edm k hrub\u0161\u00edmu \u010di\u0161t\u011bn\u00ed chladic\u00ed kapaliny od feromagnetick\u00fdch ne\u010distot","og_url":"https:\/\/astos.cz\/pl\/nase-vyrobky\/filtracni-zarizeni\/ms-magneticke-separatory\/","og_site_name":"ASTOS Machinery","article_modified_time":"2024-05-28T08:21:12+00:00","og_image":[{"width":1140,"height":640,"url":"https:\/\/astos.cz\/wp-content\/uploads\/2016\/03\/MS-Magneticke-separatory.jpg","type":"image\/jpeg"}],"twitter_card":"summary","twitter_misc":{"Szacowany czas czytania":"1 minuta"},"schema":{"@context":"https:\/\/schema.org","@graph":[{"@type":"WebSite","@id":"https:\/\/astos.cz\/#website","url":"https:\/\/astos.cz\/","name":"ASTOS Machinery","description":"Specialista na dopravn\u00edkov\u00e9 syst\u00e9my a krytov\u00e1n\u00ed stroj\u016f","potentialAction":[{"@type":"SearchAction","target":{"@type":"EntryPoint","urlTemplate":"https:\/\/astos.cz\/?s={search_term_string}"},"query-input":"required name=search_term_string"}],"inLanguage":"pl-PL"},{"@type":"ImageObject","@id":"https:\/\/astos.cz\/pl\/nase-vyrobky\/filtracni-zarizeni\/ms-magneticke-separatory\/#primaryimage","inLanguage":"pl-PL","url":"https:\/\/astos.cz\/wp-content\/uploads\/2016\/03\/MS-Magneticke-separatory.jpg","contentUrl":"https:\/\/astos.cz\/wp-content\/uploads\/2016\/03\/MS-Magneticke-separatory.jpg","width":1140,"height":640},{"@type":"WebPage","@id":"https:\/\/astos.cz\/pl\/nase-vyrobky\/filtracni-zarizeni\/ms-magneticke-separatory\/#webpage","url":"https:\/\/astos.cz\/pl\/nase-vyrobky\/filtracni-zarizeni\/ms-magneticke-separatory\/","name":"MS \u2013 Separator magnetyczny | ASTOS Machinery","isPartOf":{"@id":"https:\/\/astos.cz\/#website"},"primaryImageOfPage":{"@id":"https:\/\/astos.cz\/pl\/nase-vyrobky\/filtracni-zarizeni\/ms-magneticke-separatory\/#primaryimage"},"datePublished":"2016-03-04T08:49:55+00:00","dateModified":"2024-05-28T08:21:12+00:00","breadcrumb":{"@id":"https:\/\/astos.cz\/pl\/nase-vyrobky\/filtracni-zarizeni\/ms-magneticke-separatory\/#breadcrumb"},"inLanguage":"pl-PL","potentialAction":[{"@type":"ReadAction","target":["https:\/\/astos.cz\/pl\/nase-vyrobky\/filtracni-zarizeni\/ms-magneticke-separatory\/"]}]},{"@type":"BreadcrumbList","@id":"https:\/\/astos.cz\/pl\/nase-vyrobky\/filtracni-zarizeni\/ms-magneticke-separatory\/#breadcrumb","itemListElement":[{"@type":"ListItem","position":1,"name":"Dom\u016f","item":"https:\/\/astos.cz\/pl\/"},{"@type":"ListItem","position":2,"name":"NASZE PRODUKTY","item":"https:\/\/astos.cz\/pl\/nase-vyrobky\/"},{"@type":"ListItem","position":3,"name":"Urz\u0105dzenia filtracyjne","item":"https:\/\/astos.cz\/pl\/nase-vyrobky\/filtracni-zarizeni\/"},{"@type":"ListItem","position":4,"name":"MS \u2013 Separator magnetyczny"}]}]}},"_links":{"self":[{"href":"https:\/\/astos.cz\/pl\/wp-json\/wp\/v2\/pages\/7145"}],"collection":[{"href":"https:\/\/astos.cz\/pl\/wp-json\/wp\/v2\/pages"}],"about":[{"href":"https:\/\/astos.cz\/pl\/wp-json\/wp\/v2\/types\/page"}],"author":[{"embeddable":true,"href":"https:\/\/astos.cz\/pl\/wp-json\/wp\/v2\/users\/6"}],"replies":[{"embeddable":true,"href":"https:\/\/astos.cz\/pl\/wp-json\/wp\/v2\/comments?post=7145"}],"version-history":[{"count":7,"href":"https:\/\/astos.cz\/pl\/wp-json\/wp\/v2\/pages\/7145\/revisions"}],"predecessor-version":[{"id":10504,"href":"https:\/\/astos.cz\/pl\/wp-json\/wp\/v2\/pages\/7145\/revisions\/10504"}],"up":[{"embeddable":true,"href":"https:\/\/astos.cz\/pl\/wp-json\/wp\/v2\/pages\/7380"}],"wp:featuredmedia":[{"embeddable":true,"href":"https:\/\/astos.cz\/pl\/wp-json\/wp\/v2\/media\/7155"}],"wp:attachment":[{"href":"https:\/\/astos.cz\/pl\/wp-json\/wp\/v2\/media?parent=7145"}],"wp:term":[{"taxonomy":"category","embeddable":true,"href":"https:\/\/astos.cz\/pl\/wp-json\/wp\/v2\/categories?post=7145"},{"taxonomy":"post_tag","embeddable":true,"href":"https:\/\/astos.cz\/pl\/wp-json\/wp\/v2\/tags?post=7145"}],"curies":[{"name":"wp","href":"https:\/\/api.w.org\/{rel}","templated":true}]}}