{"id":7134,"date":"2016-03-04T10:10:34","date_gmt":"2016-03-04T09:10:34","guid":{"rendered":"https:\/\/astos.cz\/pl\/pfb-bubnove-filtrace\/"},"modified":"2024-05-28T09:11:51","modified_gmt":"2024-05-28T08:11:51","slug":"pfb-bubnove-filtrace","status":"publish","type":"page","link":"https:\/\/astos.cz\/pl\/nase-vyrobky\/filtracni-zarizeni\/pfb-bubnove-filtrace\/","title":{"rendered":"PFB \u2013 Ta\u015bmowa filtracja b\u0119bnowa"},"content":{"rendered":"<div id=\"pl-7134\"  class=\"panel-layout\" ><div id=\"pg-7134-0\"  class=\"panel-grid panel-no-style\" ><div id=\"pgc-7134-0-0\"  class=\"panel-grid-cell\" ><div id=\"panel-7134-0-0-0\" class=\"so-panel widget widget_black-studio-tinymce widget_black_studio_tinymce panel-first-child panel-last-child\" data-index=\"0\" ><div class=\"panel-widget-style panel-widget-style-for-7134-0-0-0\" ><div class=\"textwidget\"><h3 style=\"margin-top: 0px;\">Ta\u015bmowa filtracja b\u0119bnowa<\/h3>\n<p>Ta\u015bmowy filtr b\u0119bnowy jest urz\u0105dzeniem przeznaczonym do filtracji wielu rodzaj\u00f3w cieczy zanieczyszczonych cz\u0105stkami mechanicznymi, takimi jak wi\u00f3ry szlifierskie, wi\u00f3ry podczas obr\u00f3bki skrawaniem, zgorzelina podczas formowania, szlam podczas proces\u00f3w mycia i hartowania itp. Zasada tej filtracji polega na zatrzymywaniu zanieczyszcze\u0144 na powierzchni tkaniny filtracyjnej, przez kt\u00f3r\u0105 przep\u0142ywa zanieczyszczona ciecz. Tkanina filtracyjna jest rozwijana z rolki magazynowej i umieszczana na pasie siatki dryfuj\u0105cej. Jest ona dociskana przez par\u0119 k\u00f3\u0142 dociskowych, kt\u00f3re r\u00f3wnie\u017c zapobiegaj\u0105 wydostawaniu si\u0119 cieczy na zewn\u0105trz filtra. Zanieczyszczenia z cieczy osadzaj\u0105 si\u0119 na tkaninie filtracyjnej i tworz\u0105 warstw\u0119 osadu zwan\u0105 plackiem filtracyjnym (FK).<\/p>\n<p><strong>Zalety PFB:<\/strong><\/p>\n<ul>\n<li>Poprzez stopniowe wype\u0142nianie por\u00f3w tkaniny filtracyjnej i zag\u0119szczanie zanieczyszcze\u0144, wychwytywane s\u0105 cz\u0105steczki o rozmiarze mniejszym ni\u017c pory tkaniny filtracyjnej.<\/li>\n<li>W punkcie, w kt\u00f3rym FK jest nasycony do tego stopnia, \u017ce nie mo\u017ce ju\u017c przepuszcza\u0107 ilo\u015bci przep\u0142ywaj\u0105cej cieczy, poziom w zbiorniku wzrasta. Zwi\u0119ksza to ci\u015bnienie hydrostatyczne i umo\u017cliwia przep\u0142yw wi\u0119kszej ilo\u015bci cieczy przez w\u0142\u00f3knin\u0119 filtracyjn\u0105. Gdy FK staje si\u0119 ca\u0142kowicie nieprzepuszczalny, poziom cieczy jest podnoszony poprzez aktywacj\u0119 prze\u0142\u0105cznika poziomu, co powoduje ruch ta\u015bmy siatkowej i automatyczne podawanie wymaganej ilo\u015bci czystej tkaniny filtracyjnej. Spowoduje to przywr\u00f3cenie przep\u0142ywu cieczy i rozpocz\u0119cie formowania nowego FK. Zanieczyszczona tkanina z FK jest wyrzucana z PFB i wpada do pojemnika na odpady.<\/li>\n<li>Rolka tkaniny jest skanowana przez czujnik zwoju rolki.<\/li>\n<li>Urz\u0105dzenie mo\u017cna uzupe\u0142ni\u0107 o listw\u0119 wycieraczki w celu oczyszczenia tkaniny filtracyjnej z grubszych zanieczyszcze\u0144.<\/li>\n<\/ul>\n<p><a href=\"https:\/\/astos.cz\/wp-content\/uploads\/2019\/09\/Bubnova-filtrace-1.jpg\" rel=\"lightbox[7134]\"><img class=\"alignnone wp-image-8645 size-large\" src=\"https:\/\/astos.cz\/wp-content\/uploads\/2019\/09\/Bubnova-filtrace-1-1024x575.jpg\" alt=\"\" width=\"1024\" height=\"575\" \/><\/a><\/p>\n<\/div><\/div><\/div><\/div><\/div><div id=\"pg-7134-1\"  class=\"panel-grid panel-no-style\" ><div id=\"pgc-7134-1-0\"  class=\"panel-grid-cell\" ><div id=\"panel-7134-1-0-0\" class=\"so-panel widget widget_black-studio-tinymce widget_black_studio_tinymce panel-first-child panel-last-child\" data-index=\"1\" ><div class=\"textwidget\"><h4 class=\"alternative-heading\">Specyfikacja techniczna<\/h4>\n<div style=\"text-align: center;\">\n<p><div id='gallery-1' class='gallery galleryid-7134 gallery-columns-1 gallery-size-full'><figure class='gallery-item'>\n\t\t\t<div class='gallery-icon landscape'>\n\t\t\t\t<a href='https:\/\/astos.cz\/wp-content\/uploads\/2019\/05\/tabulka_pfb_image.jpg' rel=\"lightbox[7134]\"><img width=\"426\" height=\"157\" src=\"https:\/\/astos.cz\/wp-content\/uploads\/2019\/05\/tabulka_pfb_image.jpg\" class=\"attachment-full size-full\" alt=\"\" loading=\"lazy\" srcset=\"https:\/\/astos.cz\/wp-content\/uploads\/2019\/05\/tabulka_pfb_image.jpg 426w, https:\/\/astos.cz\/wp-content\/uploads\/2019\/05\/tabulka_pfb_image-300x111.jpg 300w\" sizes=\"(max-width: 426px) 100vw, 426px\" \/><\/a>\n\t\t\t<\/div><\/figure>\n\t\t<\/div>\n<\/p><\/div>\n<table class=\"table\">\n<thead>\n<tr>\n<th class=\"align-center\">TYP<\/th>\n<th class=\"align-center\">Przep\u0142yw\u00f3w p\u0142ynu VG5*<\/th>\n<th class=\"align-center\">A<\/th>\n<th class=\"align-center\">B<\/th>\n<th class=\"align-center\">C<\/th>\n<th class=\"align-center\">D<\/th>\n<th class=\"align-center\">E<\/th>\n<th class=\"align-center\">F<\/th>\n<th class=\"align-center\">G<\/th>\n<\/tr>\n<\/thead>\n<tbody>\n<tr>\n<td class=\"align-center\"><\/td>\n<td class=\"align-center\">[l\/min]<\/td>\n<td class=\"align-center\">[mm]<\/td>\n<td class=\"align-center\">[mm]<\/td>\n<td class=\"align-center\">[mm]<\/td>\n<td class=\"align-center\">[mm]<\/td>\n<td class=\"align-center\">[mm]<\/td>\n<td class=\"align-center\">[mm]<\/td>\n<td class=\"align-center\">[coul]<\/td>\n<\/tr>\n<tr>\n<td class=\"align-center\">PFB100.04<\/td>\n<td class=\"align-center\">100<\/td>\n<td class=\"align-center\">400<\/td>\n<td class=\"align-center\">538<\/td>\n<td class=\"align-center\">522<\/td>\n<td class=\"align-center\">698<\/td>\n<td class=\"align-center\">611<\/td>\n<td class=\"align-center\">696<\/td>\n<td class=\"align-center\">1 1\/2\"<\/td>\n<\/tr>\n<tr>\n<td class=\"align-center\">PFB150.06<\/td>\n<td class=\"align-center\">150<\/td>\n<td class=\"align-center\">600<\/td>\n<td class=\"align-center\">738<\/td>\n<td class=\"align-center\">522<\/td>\n<td class=\"align-center\">698<\/td>\n<td class=\"align-center\">611<\/td>\n<td class=\"align-center\">896<\/td>\n<td class=\"align-center\">1 1\/2\"<\/td>\n<\/tr>\n<tr>\n<td class=\"align-center\">PFB220.06<\/td>\n<td class=\"align-center\">220<\/td>\n<td class=\"align-center\">600<\/td>\n<td class=\"align-center\">738<\/td>\n<td class=\"align-center\">760<\/td>\n<td class=\"align-center\">900<\/td>\n<td class=\"align-center\">800<\/td>\n<td class=\"align-center\">900<\/td>\n<td class=\"align-center\">1 1\/2\"<\/td>\n<\/tr>\n<tr>\n<td class=\"align-center\">PFB420.10<\/td>\n<td class=\"align-center\">420<\/td>\n<td class=\"align-center\">1000<\/td>\n<td class=\"align-center\">1168<\/td>\n<td class=\"align-center\">760<\/td>\n<td class=\"align-center\">900<\/td>\n<td class=\"align-center\">800<\/td>\n<td class=\"align-center\">1300<\/td>\n<td class=\"align-center\">1 1\/2\"<\/td>\n<\/tr>\n<tr>\n<td class=\"align-center\">PFB1000.10<\/td>\n<td class=\"align-center\">1000<\/td>\n<td class=\"align-center\">1000<\/td>\n<td class=\"align-center\">1168<\/td>\n<td class=\"align-center\">1162<\/td>\n<td class=\"align-center\">1422<\/td>\n<td class=\"align-center\">1376<\/td>\n<td class=\"align-center\">1332<\/td>\n<td class=\"align-center\">3\"<\/td>\n<\/tr>\n<tr>\n<td class=\"align-center\">PFB1600.15<\/td>\n<td class=\"align-center\">1600<\/td>\n<td class=\"align-center\">1500<\/td>\n<td class=\"align-center\">1688<\/td>\n<td class=\"align-center\">1162<\/td>\n<td class=\"align-center\">1422<\/td>\n<td class=\"align-center\">1376<\/td>\n<td class=\"align-center\">1850<\/td>\n<td class=\"align-center\">3\"<\/td>\n<\/tr>\n<tr>\n<td class=\"align-center\">PFB2200.20<\/td>\n<td class=\"align-center\">2200<\/td>\n<td class=\"align-center\">2000<\/td>\n<td class=\"align-center\">2168<\/td>\n<td class=\"align-center\">1162<\/td>\n<td class=\"align-center\">1422<\/td>\n<td class=\"align-center\">1376<\/td>\n<td class=\"align-center\">2368<\/td>\n<td class=\"align-center\">3\"<\/td>\n<\/tr>\n<\/tbody>\n<\/table>\n<p>*Tkanina filtracyjna 70 g\/qm, g\u0142\u0119boko\u015b\u0107 filtra 35 \u00b5m<\/p>\n<p>\u2022 Filtry mog\u0105 by\u0107 zaprojektowane jako samodzielne lub mog\u0105 by\u0107 instalowane na zbiornikach magazynowych.<br \/>\n\u2022 Podstawowymi parametrami okre\u015blaj\u0105cymi typ filtra i ta\u015bmy filtracyjnej s\u0105: media filtracyjne, st\u0119\u017cenie na wlocie, rozmiar i kszta\u0142t filtrowanych zanieczyszcze\u0144, przepuszczalno\u015b\u0107 ta\u015bmy filtracyjnej i stopie\u0144 rozdrobnienia filtra.<br \/>\n\u2022 Nominalne nat\u0119\u017cenie przep\u0142ywu w tabeli podano jako \u015bredni\u0105 warto\u015b\u0107 obliczon\u0105 dla cieczy na bazie wody. Przygotujemy dla Ciebie optymalne rozwi\u0105zanie w oparciu o dostarczone parametry lub pr\u00f3bki osad\u00f3w i cieczy do analizy filtracji w naszym laboratorium testowym.<\/p>\n<p>Masz specyficzne wymagania? Skontaktuj si\u0119 z nami, korzystaj\u0105c z naszych danych <a href=\"https:\/\/astos.cz\/pl\/kontakty\/\">kontaktowych<\/a>.<\/p>\n<p>Pobierz formularz zapytania ofertowego<a href=\"https:\/\/astos.cz\/pl\/poptavkove-formulare\/\"> tutaj<\/a>.<\/p>\n<\/div><\/div><\/div><\/div><\/div>","protected":false},"excerpt":{"rendered":"<p>P\u00e1sov\u00e9 bubnov\u00e9 filtrace jsou ur\u010den\u00e9 k jemn\u00e9 filtraci chladic\u00edch a \u0159ezn\u00fdch kapalin u obr\u00e1b\u011bc\u00edch stroj\u016f<\/p>\n","protected":false},"author":6,"featured_media":8645,"parent":7380,"menu_order":0,"comment_status":"closed","ping_status":"closed","template":"","meta":[],"categories":[151],"tags":[],"yoast_head":"<!-- This site is optimized with the Yoast SEO plugin v18.5.1 - https:\/\/yoast.com\/wordpress\/plugins\/seo\/ -->\n<title>PFB \u2013 Ta\u015bmowa filtracja b\u0119bnowa | ASTOS Machinery<\/title>\n<meta name=\"robots\" content=\"index, follow, max-snippet:-1, max-image-preview:large, max-video-preview:-1\" \/>\n<link rel=\"canonical\" href=\"https:\/\/astos.cz\/pl\/nase-vyrobky\/filtracni-zarizeni\/pfb-bubnove-filtrace\/\" \/>\n<meta property=\"og:locale\" content=\"pl_PL\" \/>\n<meta property=\"og:type\" content=\"article\" \/>\n<meta property=\"og:title\" content=\"PFB \u2013 Ta\u015bmowa filtracja b\u0119bnowa | ASTOS Machinery\" \/>\n<meta property=\"og:description\" content=\"P\u00e1sov\u00e9 bubnov\u00e9 filtrace jsou ur\u010den\u00e9 k jemn\u00e9 filtraci chladic\u00edch a \u0159ezn\u00fdch kapalin u obr\u00e1b\u011bc\u00edch stroj\u016f\" \/>\n<meta property=\"og:url\" content=\"https:\/\/astos.cz\/pl\/nase-vyrobky\/filtracni-zarizeni\/pfb-bubnove-filtrace\/\" \/>\n<meta property=\"og:site_name\" content=\"ASTOS Machinery\" \/>\n<meta property=\"article:modified_time\" content=\"2024-05-28T08:11:51+00:00\" \/>\n<meta property=\"og:image\" content=\"https:\/\/astos.cz\/wp-content\/uploads\/2019\/09\/Bubnova-filtrace-1.jpg\" \/>\n\t<meta property=\"og:image:width\" content=\"1140\" \/>\n\t<meta property=\"og:image:height\" content=\"640\" \/>\n\t<meta property=\"og:image:type\" content=\"image\/jpeg\" \/>\n<meta name=\"twitter:card\" content=\"summary\" \/>\n<meta name=\"twitter:label1\" content=\"Szacowany czas czytania\" \/>\n\t<meta name=\"twitter:data1\" content=\"2 minuty\" \/>\n<script type=\"application\/ld+json\" class=\"yoast-schema-graph\">{\"@context\":\"https:\/\/schema.org\",\"@graph\":[{\"@type\":\"WebSite\",\"@id\":\"https:\/\/astos.cz\/#website\",\"url\":\"https:\/\/astos.cz\/\",\"name\":\"ASTOS Machinery\",\"description\":\"Specialista na dopravn\u00edkov\u00e9 syst\u00e9my a krytov\u00e1n\u00ed stroj\u016f\",\"potentialAction\":[{\"@type\":\"SearchAction\",\"target\":{\"@type\":\"EntryPoint\",\"urlTemplate\":\"https:\/\/astos.cz\/?s={search_term_string}\"},\"query-input\":\"required name=search_term_string\"}],\"inLanguage\":\"pl-PL\"},{\"@type\":\"ImageObject\",\"@id\":\"https:\/\/astos.cz\/pl\/nase-vyrobky\/filtracni-zarizeni\/pfb-bubnove-filtrace\/#primaryimage\",\"inLanguage\":\"pl-PL\",\"url\":\"https:\/\/astos.cz\/wp-content\/uploads\/2019\/09\/Bubnova-filtrace-1.jpg\",\"contentUrl\":\"https:\/\/astos.cz\/wp-content\/uploads\/2019\/09\/Bubnova-filtrace-1.jpg\",\"width\":1140,\"height\":640},{\"@type\":\"WebPage\",\"@id\":\"https:\/\/astos.cz\/pl\/nase-vyrobky\/filtracni-zarizeni\/pfb-bubnove-filtrace\/#webpage\",\"url\":\"https:\/\/astos.cz\/pl\/nase-vyrobky\/filtracni-zarizeni\/pfb-bubnove-filtrace\/\",\"name\":\"PFB \u2013 Ta\u015bmowa filtracja b\u0119bnowa | ASTOS Machinery\",\"isPartOf\":{\"@id\":\"https:\/\/astos.cz\/#website\"},\"primaryImageOfPage\":{\"@id\":\"https:\/\/astos.cz\/pl\/nase-vyrobky\/filtracni-zarizeni\/pfb-bubnove-filtrace\/#primaryimage\"},\"datePublished\":\"2016-03-04T09:10:34+00:00\",\"dateModified\":\"2024-05-28T08:11:51+00:00\",\"breadcrumb\":{\"@id\":\"https:\/\/astos.cz\/pl\/nase-vyrobky\/filtracni-zarizeni\/pfb-bubnove-filtrace\/#breadcrumb\"},\"inLanguage\":\"pl-PL\",\"potentialAction\":[{\"@type\":\"ReadAction\",\"target\":[\"https:\/\/astos.cz\/pl\/nase-vyrobky\/filtracni-zarizeni\/pfb-bubnove-filtrace\/\"]}]},{\"@type\":\"BreadcrumbList\",\"@id\":\"https:\/\/astos.cz\/pl\/nase-vyrobky\/filtracni-zarizeni\/pfb-bubnove-filtrace\/#breadcrumb\",\"itemListElement\":[{\"@type\":\"ListItem\",\"position\":1,\"name\":\"Dom\u016f\",\"item\":\"https:\/\/astos.cz\/pl\/\"},{\"@type\":\"ListItem\",\"position\":2,\"name\":\"NASZE PRODUKTY\",\"item\":\"https:\/\/astos.cz\/pl\/nase-vyrobky\/\"},{\"@type\":\"ListItem\",\"position\":3,\"name\":\"Urz\u0105dzenia filtracyjne\",\"item\":\"https:\/\/astos.cz\/pl\/nase-vyrobky\/filtracni-zarizeni\/\"},{\"@type\":\"ListItem\",\"position\":4,\"name\":\"PFB \u2013 Ta\u015bmowa filtracja b\u0119bnowa\"}]}]}<\/script>\n<!-- \/ Yoast SEO plugin. -->","yoast_head_json":{"title":"PFB \u2013 Ta\u015bmowa filtracja b\u0119bnowa | ASTOS Machinery","robots":{"index":"index","follow":"follow","max-snippet":"max-snippet:-1","max-image-preview":"max-image-preview:large","max-video-preview":"max-video-preview:-1"},"canonical":"https:\/\/astos.cz\/pl\/nase-vyrobky\/filtracni-zarizeni\/pfb-bubnove-filtrace\/","og_locale":"pl_PL","og_type":"article","og_title":"PFB \u2013 Ta\u015bmowa filtracja b\u0119bnowa | ASTOS Machinery","og_description":"P\u00e1sov\u00e9 bubnov\u00e9 filtrace jsou ur\u010den\u00e9 k jemn\u00e9 filtraci chladic\u00edch a \u0159ezn\u00fdch kapalin u obr\u00e1b\u011bc\u00edch stroj\u016f","og_url":"https:\/\/astos.cz\/pl\/nase-vyrobky\/filtracni-zarizeni\/pfb-bubnove-filtrace\/","og_site_name":"ASTOS Machinery","article_modified_time":"2024-05-28T08:11:51+00:00","og_image":[{"width":1140,"height":640,"url":"https:\/\/astos.cz\/wp-content\/uploads\/2019\/09\/Bubnova-filtrace-1.jpg","type":"image\/jpeg"}],"twitter_card":"summary","twitter_misc":{"Szacowany czas czytania":"2 minuty"},"schema":{"@context":"https:\/\/schema.org","@graph":[{"@type":"WebSite","@id":"https:\/\/astos.cz\/#website","url":"https:\/\/astos.cz\/","name":"ASTOS Machinery","description":"Specialista na dopravn\u00edkov\u00e9 syst\u00e9my a krytov\u00e1n\u00ed stroj\u016f","potentialAction":[{"@type":"SearchAction","target":{"@type":"EntryPoint","urlTemplate":"https:\/\/astos.cz\/?s={search_term_string}"},"query-input":"required name=search_term_string"}],"inLanguage":"pl-PL"},{"@type":"ImageObject","@id":"https:\/\/astos.cz\/pl\/nase-vyrobky\/filtracni-zarizeni\/pfb-bubnove-filtrace\/#primaryimage","inLanguage":"pl-PL","url":"https:\/\/astos.cz\/wp-content\/uploads\/2019\/09\/Bubnova-filtrace-1.jpg","contentUrl":"https:\/\/astos.cz\/wp-content\/uploads\/2019\/09\/Bubnova-filtrace-1.jpg","width":1140,"height":640},{"@type":"WebPage","@id":"https:\/\/astos.cz\/pl\/nase-vyrobky\/filtracni-zarizeni\/pfb-bubnove-filtrace\/#webpage","url":"https:\/\/astos.cz\/pl\/nase-vyrobky\/filtracni-zarizeni\/pfb-bubnove-filtrace\/","name":"PFB \u2013 Ta\u015bmowa filtracja b\u0119bnowa | ASTOS Machinery","isPartOf":{"@id":"https:\/\/astos.cz\/#website"},"primaryImageOfPage":{"@id":"https:\/\/astos.cz\/pl\/nase-vyrobky\/filtracni-zarizeni\/pfb-bubnove-filtrace\/#primaryimage"},"datePublished":"2016-03-04T09:10:34+00:00","dateModified":"2024-05-28T08:11:51+00:00","breadcrumb":{"@id":"https:\/\/astos.cz\/pl\/nase-vyrobky\/filtracni-zarizeni\/pfb-bubnove-filtrace\/#breadcrumb"},"inLanguage":"pl-PL","potentialAction":[{"@type":"ReadAction","target":["https:\/\/astos.cz\/pl\/nase-vyrobky\/filtracni-zarizeni\/pfb-bubnove-filtrace\/"]}]},{"@type":"BreadcrumbList","@id":"https:\/\/astos.cz\/pl\/nase-vyrobky\/filtracni-zarizeni\/pfb-bubnove-filtrace\/#breadcrumb","itemListElement":[{"@type":"ListItem","position":1,"name":"Dom\u016f","item":"https:\/\/astos.cz\/pl\/"},{"@type":"ListItem","position":2,"name":"NASZE PRODUKTY","item":"https:\/\/astos.cz\/pl\/nase-vyrobky\/"},{"@type":"ListItem","position":3,"name":"Urz\u0105dzenia filtracyjne","item":"https:\/\/astos.cz\/pl\/nase-vyrobky\/filtracni-zarizeni\/"},{"@type":"ListItem","position":4,"name":"PFB \u2013 Ta\u015bmowa filtracja b\u0119bnowa"}]}]}},"_links":{"self":[{"href":"https:\/\/astos.cz\/pl\/wp-json\/wp\/v2\/pages\/7134"}],"collection":[{"href":"https:\/\/astos.cz\/pl\/wp-json\/wp\/v2\/pages"}],"about":[{"href":"https:\/\/astos.cz\/pl\/wp-json\/wp\/v2\/types\/page"}],"author":[{"embeddable":true,"href":"https:\/\/astos.cz\/pl\/wp-json\/wp\/v2\/users\/6"}],"replies":[{"embeddable":true,"href":"https:\/\/astos.cz\/pl\/wp-json\/wp\/v2\/comments?post=7134"}],"version-history":[{"count":12,"href":"https:\/\/astos.cz\/pl\/wp-json\/wp\/v2\/pages\/7134\/revisions"}],"predecessor-version":[{"id":10498,"href":"https:\/\/astos.cz\/pl\/wp-json\/wp\/v2\/pages\/7134\/revisions\/10498"}],"up":[{"embeddable":true,"href":"https:\/\/astos.cz\/pl\/wp-json\/wp\/v2\/pages\/7380"}],"wp:featuredmedia":[{"embeddable":true,"href":"https:\/\/astos.cz\/pl\/wp-json\/wp\/v2\/media\/8645"}],"wp:attachment":[{"href":"https:\/\/astos.cz\/pl\/wp-json\/wp\/v2\/media?parent=7134"}],"wp:term":[{"taxonomy":"category","embeddable":true,"href":"https:\/\/astos.cz\/pl\/wp-json\/wp\/v2\/categories?post=7134"},{"taxonomy":"post_tag","embeddable":true,"href":"https:\/\/astos.cz\/pl\/wp-json\/wp\/v2\/tags?post=7134"}],"curies":[{"name":"wp","href":"https:\/\/api.w.org\/{rel}","templated":true}]}}