{"id":7112,"date":"2015-10-14T13:16:21","date_gmt":"2015-10-14T12:16:21","guid":{"rendered":"https:\/\/astos.cz\/pl\/poptavkove-formulare\/"},"modified":"2022-05-09T10:11:31","modified_gmt":"2022-05-09T09:11:31","slug":"poptavkove-formulare","status":"publish","type":"page","link":"https:\/\/astos.cz\/pl\/poptavkove-formulare\/","title":{"rendered":"Formularz zapotrzebowania"},"content":{"rendered":"<div id=\"pl-7112\"  class=\"panel-layout\" ><div id=\"pg-7112-0\"  class=\"panel-grid panel-no-style\" ><div id=\"pgc-7112-0-0\"  class=\"panel-grid-cell\" ><div id=\"panel-7112-0-0-0\" class=\"so-panel widget widget_black-studio-tinymce widget_black_studio_tinymce panel-first-child\" data-index=\"0\" ><div class=\"panel-widget-style panel-widget-style-for-7112-0-0-0\" ><div class=\"textwidget\"><h4 class=\"alternative-heading\" style=\"margin-top: 0px\">Formularz zapotrzebowania na przeno\u015bniki<\/h4>\n<\/div><\/div><\/div><div id=\"panel-7112-0-0-1\" class=\"so-panel widget widget_pt_brochure_box widget-brochure-box\" data-index=\"1\" ><div class=\"dopravnik_class panel-widget-style panel-widget-style-for-7112-0-0-1\" >\t\t\t<a class=\"brochure-box\" href=\"https:\/\/astos.cz\/wp-content\/uploads\/2015\/10\/Inquiry-form-Conveyor.xlsx\" >\n\t\t\t\t<i class=\"fa  fa-file-excel-o\"><\/i>\n\t\t\t\t<h5 class=\"brochure-box__text\">Pobierz formularz w XLSX<\/h5>\n\t\t\t<\/a>\n\n\t\t\t<\/div><\/div><div id=\"panel-7112-0-0-2\" class=\"so-panel widget widget_pt_brochure_box widget-brochure-box panel-last-child\" data-index=\"2\" ><div class=\"dopravnik_class panel-widget-style panel-widget-style-for-7112-0-0-2\" >\t\t\t<a class=\"brochure-box\" href=\"https:\/\/astos.cz\/wp-content\/uploads\/2015\/10\/Inquiry-form-Conveyor.pdf\" >\n\t\t\t\t<i class=\"fa  fa-file-pdf-o\"><\/i>\n\t\t\t\t<h5 class=\"brochure-box__text\">Pobierz formularz w PDF<\/h5>\n\t\t\t<\/a>\n\n\t\t\t<\/div><\/div><\/div><div id=\"pgc-7112-0-1\"  class=\"panel-grid-cell\" ><div id=\"panel-7112-0-1-0\" class=\"so-panel widget widget_black-studio-tinymce widget_black_studio_tinymce panel-first-child\" data-index=\"3\" ><div class=\"panel-widget-style panel-widget-style-for-7112-0-1-0\" ><div class=\"textwidget\"><h4 class=\"alternative-heading\" style=\"margin-top: 0px\">Formularz zapotrzebowania na przeno\u015bniki do pras<\/h4>\n<\/div><\/div><\/div><div id=\"panel-7112-0-1-1\" class=\"so-panel widget widget_pt_brochure_box widget-brochure-box\" data-index=\"4\" ><div class=\"dopravnik_listy_class panel-widget-style panel-widget-style-for-7112-0-1-1\" >\t\t\t<a class=\"brochure-box\" href=\"https:\/\/astos.cz\/wp-content\/uploads\/2015\/10\/Inquiry-form-Conveyors-for-press.xlsx\" >\n\t\t\t\t<i class=\"fa  fa-file-excel-o\"><\/i>\n\t\t\t\t<h5 class=\"brochure-box__text\">Pobierz formularz w XLSX<\/h5>\n\t\t\t<\/a>\n\n\t\t\t<\/div><\/div><div id=\"panel-7112-0-1-2\" class=\"so-panel widget widget_pt_brochure_box widget-brochure-box panel-last-child\" data-index=\"5\" ><div class=\"dopravnik_listy_class panel-widget-style panel-widget-style-for-7112-0-1-2\" >\t\t\t<a class=\"brochure-box\" href=\"https:\/\/www.astos.cz\/wp-content\/uploads\/2019\/04\/Inquiry-form-Conveyors-for-press.pdf\" >\n\t\t\t\t<i class=\"fa  fa-file-pdf-o\"><\/i>\n\t\t\t\t<h5 class=\"brochure-box__text\">Pobierz formularz w PDF<\/h5>\n\t\t\t<\/a>\n\n\t\t\t<\/div><\/div><\/div><div id=\"pgc-7112-0-2\"  class=\"panel-grid-cell\" ><div id=\"panel-7112-0-2-0\" class=\"so-panel widget widget_black-studio-tinymce widget_black_studio_tinymce panel-first-child\" data-index=\"6\" ><div class=\"panel-widget-style panel-widget-style-for-7112-0-2-0\" ><div class=\"textwidget\"><h4 class=\"alternative-heading\" style=\"margin-top: 0px\">Formularz zapotrzebowania na przeno\u015bniki do stacji filtracyjnych<\/h4>\n<\/div><\/div><\/div><div id=\"panel-7112-0-2-1\" class=\"so-panel widget widget_pt_brochure_box widget-brochure-box\" data-index=\"7\" ><div class=\"stanice_class panel-widget-style panel-widget-style-for-7112-0-2-1\" >\t\t\t<a class=\"brochure-box\" href=\"https:\/\/astos.cz\/wp-content\/uploads\/2015\/10\/Inquiry-form-Filtration-FS.xlsx\" >\n\t\t\t\t<i class=\"fa  fa-file-excel-o\"><\/i>\n\t\t\t\t<h5 class=\"brochure-box__text\">Pobierz formularz w XLSX<\/h5>\n\t\t\t<\/a>\n\n\t\t\t<\/div><\/div><div id=\"panel-7112-0-2-2\" class=\"so-panel widget widget_pt_brochure_box widget-brochure-box panel-last-child\" data-index=\"8\" ><div class=\"stanice_class panel-widget-style panel-widget-style-for-7112-0-2-2\" >\t\t\t<a class=\"brochure-box\" href=\"https:\/\/astos.cz\/wp-content\/uploads\/2015\/10\/Inquiry-form-Filtration-FS.pdf\" >\n\t\t\t\t<i class=\"fa  fa-file-pdf-o\"><\/i>\n\t\t\t\t<h5 class=\"brochure-box__text\">Pobierz formularz w PDF<\/h5>\n\t\t\t<\/a>\n\n\t\t\t<\/div><\/div><\/div><\/div><\/div>","protected":false},"excerpt":{"rendered":"<p>Formularz zapotrzebowania na przeno\u015bniki Formularz zapotrzebowania na przeno\u015bniki do pras Formularz zapotrzebowania na przeno\u015bniki do stacji filtracyjnych<\/p>\n","protected":false},"author":6,"featured_media":7116,"parent":0,"menu_order":0,"comment_status":"closed","ping_status":"closed","template":"","meta":[],"categories":[],"tags":[],"yoast_head":"<!-- This site is optimized with the Yoast SEO plugin v18.5.1 - https:\/\/yoast.com\/wordpress\/plugins\/seo\/ -->\n<title>Formularz zapotrzebowania | ASTOS Machinery<\/title>\n<meta name=\"robots\" content=\"index, follow, max-snippet:-1, max-image-preview:large, max-video-preview:-1\" \/>\n<link rel=\"canonical\" href=\"https:\/\/astos.cz\/pl\/poptavkove-formulare\/\" \/>\n<meta property=\"og:locale\" content=\"pl_PL\" \/>\n<meta property=\"og:type\" content=\"article\" \/>\n<meta property=\"og:title\" content=\"Formularz zapotrzebowania | ASTOS Machinery\" \/>\n<meta property=\"og:description\" content=\"Formularz zapotrzebowania na przeno\u015bniki Formularz zapotrzebowania na przeno\u015bniki do pras Formularz zapotrzebowania na przeno\u015bniki do stacji filtracyjnych\" \/>\n<meta property=\"og:url\" content=\"https:\/\/astos.cz\/pl\/poptavkove-formulare\/\" \/>\n<meta property=\"og:site_name\" content=\"ASTOS Machinery\" \/>\n<meta property=\"article:modified_time\" content=\"2022-05-09T09:11:31+00:00\" \/>\n<meta property=\"og:image\" content=\"https:\/\/astos.cz\/wp-content\/uploads\/2015\/10\/nahledovy-obrazek-formulare.jpg\" \/>\n\t<meta property=\"og:image:width\" content=\"1140\" \/>\n\t<meta property=\"og:image:height\" content=\"640\" \/>\n\t<meta property=\"og:image:type\" content=\"image\/jpeg\" \/>\n<meta name=\"twitter:card\" content=\"summary\" \/>\n<script type=\"application\/ld+json\" class=\"yoast-schema-graph\">{\"@context\":\"https:\/\/schema.org\",\"@graph\":[{\"@type\":\"WebSite\",\"@id\":\"https:\/\/astos.cz\/#website\",\"url\":\"https:\/\/astos.cz\/\",\"name\":\"ASTOS Machinery\",\"description\":\"Specialista na dopravn\u00edkov\u00e9 syst\u00e9my a krytov\u00e1n\u00ed stroj\u016f\",\"potentialAction\":[{\"@type\":\"SearchAction\",\"target\":{\"@type\":\"EntryPoint\",\"urlTemplate\":\"https:\/\/astos.cz\/?s={search_term_string}\"},\"query-input\":\"required name=search_term_string\"}],\"inLanguage\":\"pl-PL\"},{\"@type\":\"ImageObject\",\"@id\":\"https:\/\/astos.cz\/pl\/poptavkove-formulare\/#primaryimage\",\"inLanguage\":\"pl-PL\",\"url\":\"https:\/\/astos.cz\/wp-content\/uploads\/2015\/10\/nahledovy-obrazek-formulare.jpg\",\"contentUrl\":\"https:\/\/astos.cz\/wp-content\/uploads\/2015\/10\/nahledovy-obrazek-formulare.jpg\",\"width\":1140,\"height\":640,\"caption\":\"A variety of United States tax forms with a pencil\"},{\"@type\":\"WebPage\",\"@id\":\"https:\/\/astos.cz\/pl\/poptavkove-formulare\/#webpage\",\"url\":\"https:\/\/astos.cz\/pl\/poptavkove-formulare\/\",\"name\":\"Formularz zapotrzebowania | ASTOS Machinery\",\"isPartOf\":{\"@id\":\"https:\/\/astos.cz\/#website\"},\"primaryImageOfPage\":{\"@id\":\"https:\/\/astos.cz\/pl\/poptavkove-formulare\/#primaryimage\"},\"datePublished\":\"2015-10-14T12:16:21+00:00\",\"dateModified\":\"2022-05-09T09:11:31+00:00\",\"breadcrumb\":{\"@id\":\"https:\/\/astos.cz\/pl\/poptavkove-formulare\/#breadcrumb\"},\"inLanguage\":\"pl-PL\",\"potentialAction\":[{\"@type\":\"ReadAction\",\"target\":[\"https:\/\/astos.cz\/pl\/poptavkove-formulare\/\"]}]},{\"@type\":\"BreadcrumbList\",\"@id\":\"https:\/\/astos.cz\/pl\/poptavkove-formulare\/#breadcrumb\",\"itemListElement\":[{\"@type\":\"ListItem\",\"position\":1,\"name\":\"Dom\u016f\",\"item\":\"https:\/\/astos.cz\/pl\/\"},{\"@type\":\"ListItem\",\"position\":2,\"name\":\"Formularz zapotrzebowania\"}]}]}<\/script>\n<!-- \/ Yoast SEO plugin. -->","yoast_head_json":{"title":"Formularz zapotrzebowania | ASTOS Machinery","robots":{"index":"index","follow":"follow","max-snippet":"max-snippet:-1","max-image-preview":"max-image-preview:large","max-video-preview":"max-video-preview:-1"},"canonical":"https:\/\/astos.cz\/pl\/poptavkove-formulare\/","og_locale":"pl_PL","og_type":"article","og_title":"Formularz zapotrzebowania | ASTOS Machinery","og_description":"Formularz zapotrzebowania na przeno\u015bniki Formularz zapotrzebowania na przeno\u015bniki do pras Formularz zapotrzebowania na przeno\u015bniki do stacji filtracyjnych","og_url":"https:\/\/astos.cz\/pl\/poptavkove-formulare\/","og_site_name":"ASTOS Machinery","article_modified_time":"2022-05-09T09:11:31+00:00","og_image":[{"width":1140,"height":640,"url":"https:\/\/astos.cz\/wp-content\/uploads\/2015\/10\/nahledovy-obrazek-formulare.jpg","type":"image\/jpeg"}],"twitter_card":"summary","schema":{"@context":"https:\/\/schema.org","@graph":[{"@type":"WebSite","@id":"https:\/\/astos.cz\/#website","url":"https:\/\/astos.cz\/","name":"ASTOS Machinery","description":"Specialista na dopravn\u00edkov\u00e9 syst\u00e9my a krytov\u00e1n\u00ed stroj\u016f","potentialAction":[{"@type":"SearchAction","target":{"@type":"EntryPoint","urlTemplate":"https:\/\/astos.cz\/?s={search_term_string}"},"query-input":"required name=search_term_string"}],"inLanguage":"pl-PL"},{"@type":"ImageObject","@id":"https:\/\/astos.cz\/pl\/poptavkove-formulare\/#primaryimage","inLanguage":"pl-PL","url":"https:\/\/astos.cz\/wp-content\/uploads\/2015\/10\/nahledovy-obrazek-formulare.jpg","contentUrl":"https:\/\/astos.cz\/wp-content\/uploads\/2015\/10\/nahledovy-obrazek-formulare.jpg","width":1140,"height":640,"caption":"A variety of United States tax forms with a pencil"},{"@type":"WebPage","@id":"https:\/\/astos.cz\/pl\/poptavkove-formulare\/#webpage","url":"https:\/\/astos.cz\/pl\/poptavkove-formulare\/","name":"Formularz zapotrzebowania | ASTOS Machinery","isPartOf":{"@id":"https:\/\/astos.cz\/#website"},"primaryImageOfPage":{"@id":"https:\/\/astos.cz\/pl\/poptavkove-formulare\/#primaryimage"},"datePublished":"2015-10-14T12:16:21+00:00","dateModified":"2022-05-09T09:11:31+00:00","breadcrumb":{"@id":"https:\/\/astos.cz\/pl\/poptavkove-formulare\/#breadcrumb"},"inLanguage":"pl-PL","potentialAction":[{"@type":"ReadAction","target":["https:\/\/astos.cz\/pl\/poptavkove-formulare\/"]}]},{"@type":"BreadcrumbList","@id":"https:\/\/astos.cz\/pl\/poptavkove-formulare\/#breadcrumb","itemListElement":[{"@type":"ListItem","position":1,"name":"Dom\u016f","item":"https:\/\/astos.cz\/pl\/"},{"@type":"ListItem","position":2,"name":"Formularz zapotrzebowania"}]}]}},"_links":{"self":[{"href":"https:\/\/astos.cz\/pl\/wp-json\/wp\/v2\/pages\/7112"}],"collection":[{"href":"https:\/\/astos.cz\/pl\/wp-json\/wp\/v2\/pages"}],"about":[{"href":"https:\/\/astos.cz\/pl\/wp-json\/wp\/v2\/types\/page"}],"author":[{"embeddable":true,"href":"https:\/\/astos.cz\/pl\/wp-json\/wp\/v2\/users\/6"}],"replies":[{"embeddable":true,"href":"https:\/\/astos.cz\/pl\/wp-json\/wp\/v2\/comments?post=7112"}],"version-history":[{"count":10,"href":"https:\/\/astos.cz\/pl\/wp-json\/wp\/v2\/pages\/7112\/revisions"}],"predecessor-version":[{"id":9869,"href":"https:\/\/astos.cz\/pl\/wp-json\/wp\/v2\/pages\/7112\/revisions\/9869"}],"wp:featuredmedia":[{"embeddable":true,"href":"https:\/\/astos.cz\/pl\/wp-json\/wp\/v2\/media\/7116"}],"wp:attachment":[{"href":"https:\/\/astos.cz\/pl\/wp-json\/wp\/v2\/media?parent=7112"}],"wp:term":[{"taxonomy":"category","embeddable":true,"href":"https:\/\/astos.cz\/pl\/wp-json\/wp\/v2\/categories?post=7112"},{"taxonomy":"post_tag","embeddable":true,"href":"https:\/\/astos.cz\/pl\/wp-json\/wp\/v2\/tags?post=7112"}],"curies":[{"name":"wp","href":"https:\/\/api.w.org\/{rel}","templated":true}]}}