{"id":7092,"date":"2016-03-04T10:03:06","date_gmt":"2016-03-04T09:03:06","guid":{"rendered":"https:\/\/astos.cz\/pl\/fs-filtracni-stanice\/"},"modified":"2024-05-28T09:23:38","modified_gmt":"2024-05-28T08:23:38","slug":"fs-filtracni-stanice","status":"publish","type":"page","link":"https:\/\/astos.cz\/pl\/nase-vyrobky\/filtracni-zarizeni\/fs-filtracni-stanice\/","title":{"rendered":"FS \u2013 Stacje filtracyjne"},"content":{"rendered":"<h3 style=\"margin-top: 0px;\">Stacje filtracyjne<\/h3>\n<p>Stacje filtracyjne s\u0105 tworzone przez po\u0142\u0105czenie filtra ta\u015bmowego, separatora magnetycznego i zbiornika. Stosowane s\u0105 g\u0142\u00f3wnie do filtracji ch\u0142odziwa w obr\u00f3bce precyzyjnej i szlifowaniu. Wymiary, obj\u0119to\u015b\u0107 i wyposa\u017cenie zbiornika s\u0105 ustalane indywidualnie zgodnie z potrzebami klienta. Standardowo produkujemy zbiorniki o wydajno\u015bci do 200 l\/min. dla element\u00f3w filtruj\u0105cych do 35 mikron\u00f3w. Dok\u0142adno\u015b\u0107 filtracji do 20 mikron\u00f3w mo\u017cna osi\u0105gn\u0105\u0107 za pomoc\u0105 tkaniny filtracyjnej z ograniczeniem przep\u0142ywu cieczy.<\/p>\n<p><a href=\"https:\/\/astos.cz\/wp-content\/uploads\/2016\/03\/FS-Filtracni-stanice-vizualizace.jpg\"  rel=\"lightbox[7092] attachment wp-att-3512\"><img loading=\"lazy\" class=\"alignnone wp-image-3512\" src=\"https:\/\/astos.cz\/wp-content\/uploads\/2016\/03\/FS-Filtracni-stanice-vizualizace.jpg\" alt=\"FS-Filtracni-stanice-vizualizace\" width=\"820\" height=\"460\" srcset=\"https:\/\/astos.cz\/wp-content\/uploads\/2016\/03\/FS-Filtracni-stanice-vizualizace.jpg 1140w, https:\/\/astos.cz\/wp-content\/uploads\/2016\/03\/FS-Filtracni-stanice-vizualizace-300x168.jpg 300w, https:\/\/astos.cz\/wp-content\/uploads\/2016\/03\/FS-Filtracni-stanice-vizualizace-768x431.jpg 768w, https:\/\/astos.cz\/wp-content\/uploads\/2016\/03\/FS-Filtracni-stanice-vizualizace-1024x575.jpg 1024w, https:\/\/astos.cz\/wp-content\/uploads\/2016\/03\/FS-Filtracni-stanice-vizualizace-555x312.jpg 555w\" sizes=\"(max-width: 820px) 100vw, 820px\" \/><\/a><\/p>\n<h4 class=\"alternative-heading\" style=\"margin-top: 0px;\">Stacje filtruj\u0105ce s\u0105 produkowane w dw\u00f3ch podstawowych seriach, okre\u015blonych przez wielko\u015b\u0107 przep\u0142ywu w wersji prawej i lewej:<\/h4>\n<ul>\n<li>Maksymalny przep\u0142yw do 63 l\/min &#8211; FS 63<\/li>\n<li>Maksymalny przep\u0142yw do 200 l\/min &#8211; FS 200<\/li>\n<\/ul>\n<p>Wyposa\u017camy stacje filtracyjne zgodnie z indywidualnymi potrzebami klienta (pompy, separatory oleju, wska\u017aniki poziomu itp.). Uk\u0142ad elektryczny mo\u017ce by\u0107 dostosowany do wymaga\u0144 klienta. Kszta\u0142t, obj\u0119to\u015b\u0107 i konstrukcja zbiornika s\u0105 projektowane indywidualnie. Standardowo do wszystkich stacji filtracyjnych dostarczamy 2 sztuki tkaniny filtracyjnej. Wymiary standardowych stacji filtruj\u0105cych FS 63 i FS 200.<\/p>\n<p>Masz specyficzne wymagania? Skontaktuj si\u0119 z nami, korzystaj\u0105c z naszych danych <a href=\"https:\/\/astos.cz\/pl\/kontakty\/\">kontaktowych<\/a>.<br \/>\nPobierz formularz zapytania ofertowego <a href=\"https:\/\/astos.cz\/pl\/poptavkove-formulare\/\">tutaj<\/a>.<\/p>\n<p><a href=\"https:\/\/astos.cz\/wp-content\/uploads\/2016\/03\/FS-schema.jpg\"  rel=\"lightbox[7092] attachment wp-att-3348\"><img loading=\"lazy\" class=\"alignnone wp-image-3348\" src=\"https:\/\/astos.cz\/wp-content\/uploads\/2016\/03\/FS-schema.jpg\" alt=\"FS-schema\" width=\"410\" height=\"264\" srcset=\"https:\/\/astos.cz\/wp-content\/uploads\/2016\/03\/FS-schema.jpg 700w, https:\/\/astos.cz\/wp-content\/uploads\/2016\/03\/FS-schema-300x193.jpg 300w, https:\/\/astos.cz\/wp-content\/uploads\/2016\/03\/FS-schema-555x357.jpg 555w\" sizes=\"(max-width: 410px) 100vw, 410px\" \/><\/a><\/p>\n","protected":false},"excerpt":{"rendered":"<p>Filtra\u010dn\u00ed stanice vznikaj\u00ed kombinac\u00ed p\u00e1sov\u00e9ho filtru, magnetick\u00e9ho separ\u00e1toru a n\u00e1dr\u017ee. Slou\u017e\u00ed p\u0159edev\u0161\u00edm k filtraci chladic\u00ed kapaliny<\/p>\n","protected":false},"author":6,"featured_media":7097,"parent":7380,"menu_order":0,"comment_status":"closed","ping_status":"closed","template":"","meta":[],"categories":[151],"tags":[],"yoast_head":"<!-- This site is optimized with the Yoast SEO plugin v18.5.1 - https:\/\/yoast.com\/wordpress\/plugins\/seo\/ -->\n<title>FS \u2013 Stacje filtracyjne | ASTOS Machinery<\/title>\n<meta name=\"robots\" content=\"index, follow, max-snippet:-1, max-image-preview:large, max-video-preview:-1\" \/>\n<link rel=\"canonical\" href=\"https:\/\/astos.cz\/pl\/nase-vyrobky\/filtracni-zarizeni\/fs-filtracni-stanice\/\" \/>\n<meta property=\"og:locale\" content=\"pl_PL\" \/>\n<meta property=\"og:type\" content=\"article\" \/>\n<meta property=\"og:title\" content=\"FS \u2013 Stacje filtracyjne | ASTOS Machinery\" \/>\n<meta property=\"og:description\" content=\"Filtra\u010dn\u00ed stanice vznikaj\u00ed kombinac\u00ed p\u00e1sov\u00e9ho filtru, magnetick\u00e9ho separ\u00e1toru a n\u00e1dr\u017ee. Slou\u017e\u00ed p\u0159edev\u0161\u00edm k filtraci chladic\u00ed kapaliny\" \/>\n<meta property=\"og:url\" content=\"https:\/\/astos.cz\/pl\/nase-vyrobky\/filtracni-zarizeni\/fs-filtracni-stanice\/\" \/>\n<meta property=\"og:site_name\" content=\"ASTOS Machinery\" \/>\n<meta property=\"article:modified_time\" content=\"2024-05-28T08:23:38+00:00\" \/>\n<meta property=\"og:image\" content=\"https:\/\/astos.cz\/wp-content\/uploads\/2016\/03\/FS-Filtracni-stanice.jpg\" \/>\n\t<meta property=\"og:image:width\" content=\"1140\" \/>\n\t<meta property=\"og:image:height\" content=\"640\" \/>\n\t<meta property=\"og:image:type\" content=\"image\/jpeg\" \/>\n<meta name=\"twitter:card\" content=\"summary\" \/>\n<meta name=\"twitter:label1\" content=\"Szacowany czas czytania\" \/>\n\t<meta name=\"twitter:data1\" content=\"2 minuty\" \/>\n<script type=\"application\/ld+json\" class=\"yoast-schema-graph\">{\"@context\":\"https:\/\/schema.org\",\"@graph\":[{\"@type\":\"WebSite\",\"@id\":\"https:\/\/astos.cz\/#website\",\"url\":\"https:\/\/astos.cz\/\",\"name\":\"ASTOS Machinery\",\"description\":\"Specialista na dopravn\u00edkov\u00e9 syst\u00e9my a krytov\u00e1n\u00ed stroj\u016f\",\"potentialAction\":[{\"@type\":\"SearchAction\",\"target\":{\"@type\":\"EntryPoint\",\"urlTemplate\":\"https:\/\/astos.cz\/?s={search_term_string}\"},\"query-input\":\"required name=search_term_string\"}],\"inLanguage\":\"pl-PL\"},{\"@type\":\"ImageObject\",\"@id\":\"https:\/\/astos.cz\/pl\/nase-vyrobky\/filtracni-zarizeni\/fs-filtracni-stanice\/#primaryimage\",\"inLanguage\":\"pl-PL\",\"url\":\"https:\/\/astos.cz\/wp-content\/uploads\/2016\/03\/FS-Filtracni-stanice.jpg\",\"contentUrl\":\"https:\/\/astos.cz\/wp-content\/uploads\/2016\/03\/FS-Filtracni-stanice.jpg\",\"width\":1140,\"height\":640},{\"@type\":\"WebPage\",\"@id\":\"https:\/\/astos.cz\/pl\/nase-vyrobky\/filtracni-zarizeni\/fs-filtracni-stanice\/#webpage\",\"url\":\"https:\/\/astos.cz\/pl\/nase-vyrobky\/filtracni-zarizeni\/fs-filtracni-stanice\/\",\"name\":\"FS \u2013 Stacje filtracyjne | ASTOS Machinery\",\"isPartOf\":{\"@id\":\"https:\/\/astos.cz\/#website\"},\"primaryImageOfPage\":{\"@id\":\"https:\/\/astos.cz\/pl\/nase-vyrobky\/filtracni-zarizeni\/fs-filtracni-stanice\/#primaryimage\"},\"datePublished\":\"2016-03-04T09:03:06+00:00\",\"dateModified\":\"2024-05-28T08:23:38+00:00\",\"breadcrumb\":{\"@id\":\"https:\/\/astos.cz\/pl\/nase-vyrobky\/filtracni-zarizeni\/fs-filtracni-stanice\/#breadcrumb\"},\"inLanguage\":\"pl-PL\",\"potentialAction\":[{\"@type\":\"ReadAction\",\"target\":[\"https:\/\/astos.cz\/pl\/nase-vyrobky\/filtracni-zarizeni\/fs-filtracni-stanice\/\"]}]},{\"@type\":\"BreadcrumbList\",\"@id\":\"https:\/\/astos.cz\/pl\/nase-vyrobky\/filtracni-zarizeni\/fs-filtracni-stanice\/#breadcrumb\",\"itemListElement\":[{\"@type\":\"ListItem\",\"position\":1,\"name\":\"Dom\u016f\",\"item\":\"https:\/\/astos.cz\/pl\/\"},{\"@type\":\"ListItem\",\"position\":2,\"name\":\"NASZE PRODUKTY\",\"item\":\"https:\/\/astos.cz\/pl\/nase-vyrobky\/\"},{\"@type\":\"ListItem\",\"position\":3,\"name\":\"Urz\u0105dzenia filtracyjne\",\"item\":\"https:\/\/astos.cz\/pl\/nase-vyrobky\/filtracni-zarizeni\/\"},{\"@type\":\"ListItem\",\"position\":4,\"name\":\"FS \u2013 Stacje filtracyjne\"}]}]}<\/script>\n<!-- \/ Yoast SEO plugin. -->","yoast_head_json":{"title":"FS \u2013 Stacje filtracyjne | ASTOS Machinery","robots":{"index":"index","follow":"follow","max-snippet":"max-snippet:-1","max-image-preview":"max-image-preview:large","max-video-preview":"max-video-preview:-1"},"canonical":"https:\/\/astos.cz\/pl\/nase-vyrobky\/filtracni-zarizeni\/fs-filtracni-stanice\/","og_locale":"pl_PL","og_type":"article","og_title":"FS \u2013 Stacje filtracyjne | ASTOS Machinery","og_description":"Filtra\u010dn\u00ed stanice vznikaj\u00ed kombinac\u00ed p\u00e1sov\u00e9ho filtru, magnetick\u00e9ho separ\u00e1toru a n\u00e1dr\u017ee. Slou\u017e\u00ed p\u0159edev\u0161\u00edm k filtraci chladic\u00ed kapaliny","og_url":"https:\/\/astos.cz\/pl\/nase-vyrobky\/filtracni-zarizeni\/fs-filtracni-stanice\/","og_site_name":"ASTOS Machinery","article_modified_time":"2024-05-28T08:23:38+00:00","og_image":[{"width":1140,"height":640,"url":"https:\/\/astos.cz\/wp-content\/uploads\/2016\/03\/FS-Filtracni-stanice.jpg","type":"image\/jpeg"}],"twitter_card":"summary","twitter_misc":{"Szacowany czas czytania":"2 minuty"},"schema":{"@context":"https:\/\/schema.org","@graph":[{"@type":"WebSite","@id":"https:\/\/astos.cz\/#website","url":"https:\/\/astos.cz\/","name":"ASTOS Machinery","description":"Specialista na dopravn\u00edkov\u00e9 syst\u00e9my a krytov\u00e1n\u00ed stroj\u016f","potentialAction":[{"@type":"SearchAction","target":{"@type":"EntryPoint","urlTemplate":"https:\/\/astos.cz\/?s={search_term_string}"},"query-input":"required name=search_term_string"}],"inLanguage":"pl-PL"},{"@type":"ImageObject","@id":"https:\/\/astos.cz\/pl\/nase-vyrobky\/filtracni-zarizeni\/fs-filtracni-stanice\/#primaryimage","inLanguage":"pl-PL","url":"https:\/\/astos.cz\/wp-content\/uploads\/2016\/03\/FS-Filtracni-stanice.jpg","contentUrl":"https:\/\/astos.cz\/wp-content\/uploads\/2016\/03\/FS-Filtracni-stanice.jpg","width":1140,"height":640},{"@type":"WebPage","@id":"https:\/\/astos.cz\/pl\/nase-vyrobky\/filtracni-zarizeni\/fs-filtracni-stanice\/#webpage","url":"https:\/\/astos.cz\/pl\/nase-vyrobky\/filtracni-zarizeni\/fs-filtracni-stanice\/","name":"FS \u2013 Stacje filtracyjne | ASTOS Machinery","isPartOf":{"@id":"https:\/\/astos.cz\/#website"},"primaryImageOfPage":{"@id":"https:\/\/astos.cz\/pl\/nase-vyrobky\/filtracni-zarizeni\/fs-filtracni-stanice\/#primaryimage"},"datePublished":"2016-03-04T09:03:06+00:00","dateModified":"2024-05-28T08:23:38+00:00","breadcrumb":{"@id":"https:\/\/astos.cz\/pl\/nase-vyrobky\/filtracni-zarizeni\/fs-filtracni-stanice\/#breadcrumb"},"inLanguage":"pl-PL","potentialAction":[{"@type":"ReadAction","target":["https:\/\/astos.cz\/pl\/nase-vyrobky\/filtracni-zarizeni\/fs-filtracni-stanice\/"]}]},{"@type":"BreadcrumbList","@id":"https:\/\/astos.cz\/pl\/nase-vyrobky\/filtracni-zarizeni\/fs-filtracni-stanice\/#breadcrumb","itemListElement":[{"@type":"ListItem","position":1,"name":"Dom\u016f","item":"https:\/\/astos.cz\/pl\/"},{"@type":"ListItem","position":2,"name":"NASZE PRODUKTY","item":"https:\/\/astos.cz\/pl\/nase-vyrobky\/"},{"@type":"ListItem","position":3,"name":"Urz\u0105dzenia filtracyjne","item":"https:\/\/astos.cz\/pl\/nase-vyrobky\/filtracni-zarizeni\/"},{"@type":"ListItem","position":4,"name":"FS \u2013 Stacje filtracyjne"}]}]}},"_links":{"self":[{"href":"https:\/\/astos.cz\/pl\/wp-json\/wp\/v2\/pages\/7092"}],"collection":[{"href":"https:\/\/astos.cz\/pl\/wp-json\/wp\/v2\/pages"}],"about":[{"href":"https:\/\/astos.cz\/pl\/wp-json\/wp\/v2\/types\/page"}],"author":[{"embeddable":true,"href":"https:\/\/astos.cz\/pl\/wp-json\/wp\/v2\/users\/6"}],"replies":[{"embeddable":true,"href":"https:\/\/astos.cz\/pl\/wp-json\/wp\/v2\/comments?post=7092"}],"version-history":[{"count":6,"href":"https:\/\/astos.cz\/pl\/wp-json\/wp\/v2\/pages\/7092\/revisions"}],"predecessor-version":[{"id":10506,"href":"https:\/\/astos.cz\/pl\/wp-json\/wp\/v2\/pages\/7092\/revisions\/10506"}],"up":[{"embeddable":true,"href":"https:\/\/astos.cz\/pl\/wp-json\/wp\/v2\/pages\/7380"}],"wp:featuredmedia":[{"embeddable":true,"href":"https:\/\/astos.cz\/pl\/wp-json\/wp\/v2\/media\/7097"}],"wp:attachment":[{"href":"https:\/\/astos.cz\/pl\/wp-json\/wp\/v2\/media?parent=7092"}],"wp:term":[{"taxonomy":"category","embeddable":true,"href":"https:\/\/astos.cz\/pl\/wp-json\/wp\/v2\/categories?post=7092"},{"taxonomy":"post_tag","embeddable":true,"href":"https:\/\/astos.cz\/pl\/wp-json\/wp\/v2\/tags?post=7092"}],"curies":[{"name":"wp","href":"https:\/\/api.w.org\/{rel}","templated":true}]}}