{"id":7081,"date":"2016-03-04T09:23:50","date_gmt":"2016-03-04T08:23:50","guid":{"rendered":"https:\/\/astos.cz\/pl\/pf-pasove-filtry\/"},"modified":"2024-05-28T09:18:20","modified_gmt":"2024-05-28T08:18:20","slug":"pf-pasove-filtry","status":"publish","type":"page","link":"https:\/\/astos.cz\/pl\/nase-vyrobky\/filtracni-zarizeni\/pf-pasove-filtry\/","title":{"rendered":"PF \u2013 Filtr ta\u015bmowy"},"content":{"rendered":"<div id=\"pl-7081\"  class=\"panel-layout\" ><div id=\"pg-7081-0\"  class=\"panel-grid panel-no-style\" ><div id=\"pgc-7081-0-0\"  class=\"panel-grid-cell\" ><div id=\"panel-7081-0-0-0\" class=\"so-panel widget widget_black-studio-tinymce widget_black_studio_tinymce panel-first-child panel-last-child\" data-index=\"0\" ><div class=\"textwidget\"><h3 style=\"margin-top: 0px;\">Filtr ta\u015bmowy<\/h3>\n<p>Filtry ta\u015bmowe przeznaczone s\u0105 do dok\u0142adnej \ufb01ltracji p\u0142ynu smaruj\u0105co-ch\u0142odz\u0105cego. Dok\u0142adno\u015b\u0107 \ufb01ltracji dana jest zastosowanym typem tkaniny filtracyjnej w zale\u017cno\u015bci od przepuszczalno\u015bci cz\u00f3steczek sta\u0142ych, kt\u00f3re podawane s\u0105 w mikrometrach. Filtracja przebiega w automatycznych cyklach. Przystosowane s\u0105 do monta\u017cu na zbiornik p\u0142ynu ch\u0142odz\u0105cego i mog\u0105 by\u0107 bez trudu kombinowane z separatorem magnetycznym.<\/p>\n<p><a href=\"https:\/\/astos.cz\/wp-content\/uploads\/2016\/02\/PF-Pasove-filtry.jpg\"  rel=\"lightbox[7081] attachment wp-att-2921\"><img class=\"alignnone wp-image-2921\" src=\"https:\/\/astos.cz\/wp-content\/uploads\/2016\/02\/PF-Pasove-filtry.jpg\" alt=\"PF-Pasove-filtry\" width=\"820\" height=\"460\" \/><\/a><\/p>\n<\/div><\/div><\/div><\/div><div id=\"pg-7081-1\"  class=\"panel-grid panel-no-style\" ><div id=\"pgc-7081-1-0\"  class=\"panel-grid-cell\" ><div id=\"panel-7081-1-0-0\" class=\"so-panel widget widget_black-studio-tinymce widget_black_studio_tinymce panel-first-child panel-last-child\" data-index=\"1\" ><div class=\"textwidget\"><h4 class=\"alternative-heading\" style=\"margin-top: 0px;\">Filtry s\u0105 produkowane w czterech zakresach wielko\u015bci, okre\u015blonych przez wielko\u015b\u0107 przep\u0142ywu:<\/h4>\n<ul>\n<li>Maksymalny przep\u0142yw do 63 l\/min - PF 63<\/li>\n<li>Maksymalny przep\u0142yw do 100 l\/min. - PF 100<\/li>\n<li>Maksymalny przep\u0142yw do 150 l\/min - PF 150<\/li>\n<li>Maksymalny przep\u0142yw do 200 l\/min. - PF 200<\/li>\n<\/ul>\n<p>Je\u015bli wymagane jest wi\u0119ksze nat\u0119\u017cenie przep\u0142ywu, z przyjemno\u015bci\u0105 dostarczymy indywidualne rozwi\u0105zanie. Produkujemy w wersji prawej i lewej.<br \/>\nWymiary standardowych filtr\u00f3w ta\u015bmowych PF 150 i PF 200.<\/p>\n<p>Masz specyficzne wymagania? Skontaktuj si\u0119 z nami, korzystaj\u0105c z naszych danych <a href=\"https:\/\/astos.cz\/pl\/kontakty\/\">kontaktowych<\/a>.<\/p>\n<p>Pobierz formularz zapytania ofertowego<a href=\"https:\/\/astos.cz\/pl\/poptavkove-formulare\/\"> tutaj<\/a>.<\/p>\n<\/div><\/div><\/div><div id=\"pgc-7081-1-1\"  class=\"panel-grid-cell\" ><div id=\"panel-7081-1-1-0\" class=\"so-panel widget widget_black-studio-tinymce widget_black_studio_tinymce panel-first-child panel-last-child\" data-index=\"2\" ><div class=\"textwidget\"><p><a href=\"https:\/\/astos.cz\/wp-content\/uploads\/2016\/03\/PF-schema-1-1.jpg\"  rel=\"lightbox[7081] attachment wp-att-3327\"><img class=\"alignnone wp-image-3503\" src=\"https:\/\/astos.cz\/wp-content\/uploads\/2016\/03\/PF-schema-1-1.jpg\" alt=\"\" width=\"410\" height=\"264\" \/><\/a><\/p>\n<\/div><\/div><\/div><\/div><\/div>","protected":false},"excerpt":{"rendered":"<p>P\u00e1sov\u00e9 bubnov\u00e9 filtrace jsou ur\u010den\u00e9 k jemn\u00e9 filtraci chladic\u00edch a \u0159ezn\u00fdch kapalin u obr\u00e1b\u011bc\u00edch stroj\u016f<\/p>\n","protected":false},"author":6,"featured_media":7088,"parent":7380,"menu_order":0,"comment_status":"closed","ping_status":"closed","template":"","meta":[],"categories":[151],"tags":[],"yoast_head":"<!-- This site is optimized with the Yoast SEO plugin v18.5.1 - https:\/\/yoast.com\/wordpress\/plugins\/seo\/ -->\n<title>PF \u2013 Filtr ta\u015bmowy | ASTOS Machinery<\/title>\n<meta name=\"robots\" content=\"index, follow, max-snippet:-1, max-image-preview:large, max-video-preview:-1\" \/>\n<link rel=\"canonical\" href=\"https:\/\/astos.cz\/pl\/nase-vyrobky\/filtracni-zarizeni\/pf-pasove-filtry\/\" \/>\n<meta property=\"og:locale\" content=\"pl_PL\" \/>\n<meta property=\"og:type\" content=\"article\" \/>\n<meta property=\"og:title\" content=\"PF \u2013 Filtr ta\u015bmowy | ASTOS Machinery\" \/>\n<meta property=\"og:description\" content=\"P\u00e1sov\u00e9 bubnov\u00e9 filtrace jsou ur\u010den\u00e9 k jemn\u00e9 filtraci chladic\u00edch a \u0159ezn\u00fdch kapalin u obr\u00e1b\u011bc\u00edch stroj\u016f\" \/>\n<meta property=\"og:url\" content=\"https:\/\/astos.cz\/pl\/nase-vyrobky\/filtracni-zarizeni\/pf-pasove-filtry\/\" \/>\n<meta property=\"og:site_name\" content=\"ASTOS Machinery\" \/>\n<meta property=\"article:modified_time\" content=\"2024-05-28T08:18:20+00:00\" \/>\n<meta property=\"og:image\" content=\"https:\/\/astos.cz\/wp-content\/uploads\/2016\/02\/PF-Pasove-filtry.jpg\" \/>\n\t<meta property=\"og:image:width\" content=\"1140\" \/>\n\t<meta property=\"og:image:height\" content=\"640\" \/>\n\t<meta property=\"og:image:type\" content=\"image\/jpeg\" \/>\n<meta name=\"twitter:card\" content=\"summary\" \/>\n<meta name=\"twitter:label1\" content=\"Szacowany czas czytania\" \/>\n\t<meta name=\"twitter:data1\" content=\"2 minuty\" \/>\n<script type=\"application\/ld+json\" class=\"yoast-schema-graph\">{\"@context\":\"https:\/\/schema.org\",\"@graph\":[{\"@type\":\"WebSite\",\"@id\":\"https:\/\/astos.cz\/#website\",\"url\":\"https:\/\/astos.cz\/\",\"name\":\"ASTOS Machinery\",\"description\":\"Specialista na dopravn\u00edkov\u00e9 syst\u00e9my a krytov\u00e1n\u00ed stroj\u016f\",\"potentialAction\":[{\"@type\":\"SearchAction\",\"target\":{\"@type\":\"EntryPoint\",\"urlTemplate\":\"https:\/\/astos.cz\/?s={search_term_string}\"},\"query-input\":\"required name=search_term_string\"}],\"inLanguage\":\"pl-PL\"},{\"@type\":\"ImageObject\",\"@id\":\"https:\/\/astos.cz\/pl\/nase-vyrobky\/filtracni-zarizeni\/pf-pasove-filtry\/#primaryimage\",\"inLanguage\":\"pl-PL\",\"url\":\"https:\/\/astos.cz\/wp-content\/uploads\/2016\/02\/PF-Pasove-filtry.jpg\",\"contentUrl\":\"https:\/\/astos.cz\/wp-content\/uploads\/2016\/02\/PF-Pasove-filtry.jpg\",\"width\":1140,\"height\":640},{\"@type\":\"WebPage\",\"@id\":\"https:\/\/astos.cz\/pl\/nase-vyrobky\/filtracni-zarizeni\/pf-pasove-filtry\/#webpage\",\"url\":\"https:\/\/astos.cz\/pl\/nase-vyrobky\/filtracni-zarizeni\/pf-pasove-filtry\/\",\"name\":\"PF \u2013 Filtr ta\u015bmowy | ASTOS Machinery\",\"isPartOf\":{\"@id\":\"https:\/\/astos.cz\/#website\"},\"primaryImageOfPage\":{\"@id\":\"https:\/\/astos.cz\/pl\/nase-vyrobky\/filtracni-zarizeni\/pf-pasove-filtry\/#primaryimage\"},\"datePublished\":\"2016-03-04T08:23:50+00:00\",\"dateModified\":\"2024-05-28T08:18:20+00:00\",\"breadcrumb\":{\"@id\":\"https:\/\/astos.cz\/pl\/nase-vyrobky\/filtracni-zarizeni\/pf-pasove-filtry\/#breadcrumb\"},\"inLanguage\":\"pl-PL\",\"potentialAction\":[{\"@type\":\"ReadAction\",\"target\":[\"https:\/\/astos.cz\/pl\/nase-vyrobky\/filtracni-zarizeni\/pf-pasove-filtry\/\"]}]},{\"@type\":\"BreadcrumbList\",\"@id\":\"https:\/\/astos.cz\/pl\/nase-vyrobky\/filtracni-zarizeni\/pf-pasove-filtry\/#breadcrumb\",\"itemListElement\":[{\"@type\":\"ListItem\",\"position\":1,\"name\":\"Dom\u016f\",\"item\":\"https:\/\/astos.cz\/pl\/\"},{\"@type\":\"ListItem\",\"position\":2,\"name\":\"NASZE PRODUKTY\",\"item\":\"https:\/\/astos.cz\/pl\/nase-vyrobky\/\"},{\"@type\":\"ListItem\",\"position\":3,\"name\":\"Urz\u0105dzenia filtracyjne\",\"item\":\"https:\/\/astos.cz\/pl\/nase-vyrobky\/filtracni-zarizeni\/\"},{\"@type\":\"ListItem\",\"position\":4,\"name\":\"PF \u2013 Filtr ta\u015bmowy\"}]}]}<\/script>\n<!-- \/ Yoast SEO plugin. -->","yoast_head_json":{"title":"PF \u2013 Filtr ta\u015bmowy | ASTOS Machinery","robots":{"index":"index","follow":"follow","max-snippet":"max-snippet:-1","max-image-preview":"max-image-preview:large","max-video-preview":"max-video-preview:-1"},"canonical":"https:\/\/astos.cz\/pl\/nase-vyrobky\/filtracni-zarizeni\/pf-pasove-filtry\/","og_locale":"pl_PL","og_type":"article","og_title":"PF \u2013 Filtr ta\u015bmowy | ASTOS Machinery","og_description":"P\u00e1sov\u00e9 bubnov\u00e9 filtrace jsou ur\u010den\u00e9 k jemn\u00e9 filtraci chladic\u00edch a \u0159ezn\u00fdch kapalin u obr\u00e1b\u011bc\u00edch stroj\u016f","og_url":"https:\/\/astos.cz\/pl\/nase-vyrobky\/filtracni-zarizeni\/pf-pasove-filtry\/","og_site_name":"ASTOS Machinery","article_modified_time":"2024-05-28T08:18:20+00:00","og_image":[{"width":1140,"height":640,"url":"https:\/\/astos.cz\/wp-content\/uploads\/2016\/02\/PF-Pasove-filtry.jpg","type":"image\/jpeg"}],"twitter_card":"summary","twitter_misc":{"Szacowany czas czytania":"2 minuty"},"schema":{"@context":"https:\/\/schema.org","@graph":[{"@type":"WebSite","@id":"https:\/\/astos.cz\/#website","url":"https:\/\/astos.cz\/","name":"ASTOS Machinery","description":"Specialista na dopravn\u00edkov\u00e9 syst\u00e9my a krytov\u00e1n\u00ed stroj\u016f","potentialAction":[{"@type":"SearchAction","target":{"@type":"EntryPoint","urlTemplate":"https:\/\/astos.cz\/?s={search_term_string}"},"query-input":"required name=search_term_string"}],"inLanguage":"pl-PL"},{"@type":"ImageObject","@id":"https:\/\/astos.cz\/pl\/nase-vyrobky\/filtracni-zarizeni\/pf-pasove-filtry\/#primaryimage","inLanguage":"pl-PL","url":"https:\/\/astos.cz\/wp-content\/uploads\/2016\/02\/PF-Pasove-filtry.jpg","contentUrl":"https:\/\/astos.cz\/wp-content\/uploads\/2016\/02\/PF-Pasove-filtry.jpg","width":1140,"height":640},{"@type":"WebPage","@id":"https:\/\/astos.cz\/pl\/nase-vyrobky\/filtracni-zarizeni\/pf-pasove-filtry\/#webpage","url":"https:\/\/astos.cz\/pl\/nase-vyrobky\/filtracni-zarizeni\/pf-pasove-filtry\/","name":"PF \u2013 Filtr ta\u015bmowy | ASTOS Machinery","isPartOf":{"@id":"https:\/\/astos.cz\/#website"},"primaryImageOfPage":{"@id":"https:\/\/astos.cz\/pl\/nase-vyrobky\/filtracni-zarizeni\/pf-pasove-filtry\/#primaryimage"},"datePublished":"2016-03-04T08:23:50+00:00","dateModified":"2024-05-28T08:18:20+00:00","breadcrumb":{"@id":"https:\/\/astos.cz\/pl\/nase-vyrobky\/filtracni-zarizeni\/pf-pasove-filtry\/#breadcrumb"},"inLanguage":"pl-PL","potentialAction":[{"@type":"ReadAction","target":["https:\/\/astos.cz\/pl\/nase-vyrobky\/filtracni-zarizeni\/pf-pasove-filtry\/"]}]},{"@type":"BreadcrumbList","@id":"https:\/\/astos.cz\/pl\/nase-vyrobky\/filtracni-zarizeni\/pf-pasove-filtry\/#breadcrumb","itemListElement":[{"@type":"ListItem","position":1,"name":"Dom\u016f","item":"https:\/\/astos.cz\/pl\/"},{"@type":"ListItem","position":2,"name":"NASZE PRODUKTY","item":"https:\/\/astos.cz\/pl\/nase-vyrobky\/"},{"@type":"ListItem","position":3,"name":"Urz\u0105dzenia filtracyjne","item":"https:\/\/astos.cz\/pl\/nase-vyrobky\/filtracni-zarizeni\/"},{"@type":"ListItem","position":4,"name":"PF \u2013 Filtr ta\u015bmowy"}]}]}},"_links":{"self":[{"href":"https:\/\/astos.cz\/pl\/wp-json\/wp\/v2\/pages\/7081"}],"collection":[{"href":"https:\/\/astos.cz\/pl\/wp-json\/wp\/v2\/pages"}],"about":[{"href":"https:\/\/astos.cz\/pl\/wp-json\/wp\/v2\/types\/page"}],"author":[{"embeddable":true,"href":"https:\/\/astos.cz\/pl\/wp-json\/wp\/v2\/users\/6"}],"replies":[{"embeddable":true,"href":"https:\/\/astos.cz\/pl\/wp-json\/wp\/v2\/comments?post=7081"}],"version-history":[{"count":8,"href":"https:\/\/astos.cz\/pl\/wp-json\/wp\/v2\/pages\/7081\/revisions"}],"predecessor-version":[{"id":10502,"href":"https:\/\/astos.cz\/pl\/wp-json\/wp\/v2\/pages\/7081\/revisions\/10502"}],"up":[{"embeddable":true,"href":"https:\/\/astos.cz\/pl\/wp-json\/wp\/v2\/pages\/7380"}],"wp:featuredmedia":[{"embeddable":true,"href":"https:\/\/astos.cz\/pl\/wp-json\/wp\/v2\/media\/7088"}],"wp:attachment":[{"href":"https:\/\/astos.cz\/pl\/wp-json\/wp\/v2\/media?parent=7081"}],"wp:term":[{"taxonomy":"category","embeddable":true,"href":"https:\/\/astos.cz\/pl\/wp-json\/wp\/v2\/categories?post=7081"},{"taxonomy":"post_tag","embeddable":true,"href":"https:\/\/astos.cz\/pl\/wp-json\/wp\/v2\/tags?post=7081"}],"curies":[{"name":"wp","href":"https:\/\/api.w.org\/{rel}","templated":true}]}}