{"id":7024,"date":"2016-03-03T15:09:21","date_gmt":"2016-03-03T14:09:21","guid":{"rendered":"https:\/\/astos.cz\/pl\/hrablove-dopravniky\/"},"modified":"2022-04-19T12:55:50","modified_gmt":"2022-04-19T11:55:50","slug":"hrablove-dopravniky","status":"publish","type":"page","link":"https:\/\/astos.cz\/pl\/nase-vyrobky\/dopravnikove-systemy\/hrablove-dopravniky\/","title":{"rendered":"DHR \u2013 Przeno\u015bnik zgarniakowy wi\u00f3r\u00f3w"},"content":{"rendered":"<div id=\"pl-7024\"  class=\"panel-layout\" ><div id=\"pg-7024-0\"  class=\"panel-grid panel-no-style\" ><div id=\"pgc-7024-0-0\"  class=\"panel-grid-cell\" ><div id=\"panel-7024-0-0-0\" class=\"so-panel widget widget_black-studio-tinymce widget_black_studio_tinymce panel-first-child panel-last-child\" data-index=\"0\" ><div class=\"textwidget\"><h3>Przeno\u015bnik zgarniakowy wi\u00f3r\u00f3w<\/h3>\n<p>Przeno\u015bniki zgarniakowe wi\u00f3r\u00f3w nadaj\u0105 si\u0119 do transportu drobnych i kr\u00f3tkich wi\u00f3r\u00f3w, zw\u0142aszcza wi\u00f3r\u00f3w aluminiowych lub metali kolorowych. Przeno\u015bniki zgarniakowe s\u0105 wyposa\u017cone dla technologii obr\u00f3bki stop\u00f3w aluminium z p\u0142ynem ch\u0142odz\u0105cym, \ufb01ltrem szczelinowym lub integrowanym \ufb01ltrem b\u0119bnowym. Mog\u0105 by\u0107 stosowane tak\u017ce do transportu materia\u0142\u00f3w sypkich. Nie nadaj\u0105 si\u0119 do \u201eko\u0142tun\u00f3w\u201d wi\u00f3r\u00f3w. W celu zwi\u0119kszenia wytrzyma\u0142o\u015bci i \u017cywotno\u015bci przeno\u015bnika, zaleca si\u0119 wzmocnienie skrzyni i ta\u015bmy specjalnym, materia\u0142em odpornym na \u015bcieranie HARDOX.<\/p>\n<p><a href=\"https:\/\/astos.cz\/wp-content\/uploads\/2016\/03\/dopravnik-doubledecker.jpg\"  rel=\"lightbox[7024] attachment wp-att-3262\"><img class=\"alignnone wp-image-3262\" src=\"https:\/\/astos.cz\/wp-content\/uploads\/2016\/03\/dopravnik-doubledecker.jpg\" alt=\"dopravnik-doubledecker\" width=\"820\" height=\"527\" \/><\/a><\/p>\n<\/div><\/div><\/div><\/div><div id=\"pg-7024-1\"  class=\"panel-grid panel-no-style\" ><div id=\"pgc-7024-1-0\"  class=\"panel-grid-cell\" ><div id=\"panel-7024-1-0-0\" class=\"so-panel widget widget_black-studio-tinymce widget_black_studio_tinymce panel-first-child\" data-index=\"1\" ><div class=\"panel-widget-style panel-widget-style-for-7024-1-0-0\" ><div class=\"textwidget\"><h4 class=\"alternative-heading\">Produkujemy w dw\u00f3ch podstawowych szeregach wymiarowych, okre\u015blonych rozstawem cz\u0142on\u00f3w ta\u015bmy:<\/h4>\n<\/div><\/div><\/div><div id=\"panel-7024-1-0-1\" class=\"so-panel widget widget_pt_brochure_box widget-brochure-box\" data-index=\"2\" >\t\t\t<a class=\"brochure-box\" href=\"https:\/\/astos.cz\/wp-content\/uploads\/2016\/03\/schema_DHR_40.pdf\" target=\"_blank\">\n\t\t\t\t<i class=\"fa  fa-file-pdf-o\"><\/i>\n\t\t\t\t<h5 class=\"brochure-box__text\">do lekkich warunk\u00f3w pracy  z rozstawem <strong>t = 40<\/strong><\/h5>\n\t\t\t<\/a>\n\n\t\t\t<\/div><div id=\"panel-7024-1-0-2\" class=\"so-panel widget widget_pt_brochure_box widget-brochure-box panel-last-child\" data-index=\"3\" >\t\t\t<a class=\"brochure-box\" href=\"https:\/\/astos.cz\/wp-content\/uploads\/2016\/03\/schema_DHR_63.pdf\" target=\"_blank\">\n\t\t\t\t<i class=\"fa  fa-file-pdf-o\"><\/i>\n\t\t\t\t<h5 class=\"brochure-box__text\">do \u015brednio ci\u0119\u017ckich i ci\u0119\u017ckich warunk\u00f3w pracy z rozstawem <br> <strong>t = 63<\/strong><\/h5>\n\t\t\t<\/a>\n\n\t\t\t<\/div><\/div><div id=\"pgc-7024-1-1\"  class=\"panel-grid-cell\" ><div id=\"panel-7024-1-1-0\" class=\"so-panel widget widget_black-studio-tinymce widget_black_studio_tinymce panel-first-child panel-last-child\" data-index=\"4\" ><div class=\"textwidget\"><p><a href=\"https:\/\/astos.cz\/wp-content\/uploads\/2016\/03\/detail-dopravniku-doubledecker.jpg\"  rel=\"lightbox[7024] attachment wp-att-3261\"><img class=\"alignnone wp-image-3261\" src=\"https:\/\/astos.cz\/wp-content\/uploads\/2016\/03\/detail-dopravniku-doubledecker.jpg\" alt=\"detail-dopravniku-doubledecker\" width=\"410\" height=\"264\" \/><\/a><\/p>\n<\/div><\/div><\/div><\/div><div id=\"pg-7024-2\"  class=\"panel-grid panel-no-style\" ><div id=\"pgc-7024-2-0\"  class=\"panel-grid-cell\" ><div id=\"panel-7024-2-0-0\" class=\"so-panel widget widget_black-studio-tinymce widget_black_studio_tinymce panel-first-child panel-last-child\" data-index=\"5\" ><div class=\"textwidget\"><h4 class=\"alternative-heading\" style=\"margin-top: 10px;\">Podzia\u0142 wed\u0142ug kszta\u0142tu<\/h4>\n<p>Dopravn\u00edky vyr\u00e1b\u00edme ve t\u0159ech typech:<\/p>\n<p><div id='gallery-1' class='gallery galleryid-7024 gallery-columns-3 gallery-size-medium'><figure class='gallery-item'>\n\t\t\t<div class='gallery-icon landscape'>\n\t\t\t\t<a href='https:\/\/astos.cz\/wp-content\/uploads\/2016\/03\/CDT-prime.jpg' rel=\"lightbox[7024]\"><img width=\"300\" height=\"193\" src=\"https:\/\/astos.cz\/wp-content\/uploads\/2016\/03\/CDT-prime-300x193.jpg\" class=\"attachment-medium size-medium\" alt=\"\" loading=\"lazy\" srcset=\"https:\/\/astos.cz\/wp-content\/uploads\/2016\/03\/CDT-prime-300x193.jpg 300w, https:\/\/astos.cz\/wp-content\/uploads\/2016\/03\/CDT-prime-555x357.jpg 555w, https:\/\/astos.cz\/wp-content\/uploads\/2016\/03\/CDT-prime.jpg 700w\" sizes=\"(max-width: 300px) 100vw, 300px\" \/><\/a>\n\t\t\t<\/div><\/figure><figure class='gallery-item'>\n\t\t\t<div class='gallery-icon landscape'>\n\t\t\t\t<a href='https:\/\/astos.cz\/wp-content\/uploads\/2016\/03\/CDT-1_lomene.jpg' rel=\"lightbox[7024]\"><img width=\"300\" height=\"193\" src=\"https:\/\/astos.cz\/wp-content\/uploads\/2016\/03\/CDT-1_lomene-300x193.jpg\" class=\"attachment-medium size-medium\" alt=\"\" loading=\"lazy\" srcset=\"https:\/\/astos.cz\/wp-content\/uploads\/2016\/03\/CDT-1_lomene-300x193.jpg 300w, https:\/\/astos.cz\/wp-content\/uploads\/2016\/03\/CDT-1_lomene-555x357.jpg 555w, https:\/\/astos.cz\/wp-content\/uploads\/2016\/03\/CDT-1_lomene.jpg 700w\" sizes=\"(max-width: 300px) 100vw, 300px\" \/><\/a>\n\t\t\t<\/div><\/figure><figure class='gallery-item'>\n\t\t\t<div class='gallery-icon landscape'>\n\t\t\t\t<a href='https:\/\/astos.cz\/wp-content\/uploads\/2016\/03\/CDT-2_lomene.jpg' rel=\"lightbox[7024]\"><img width=\"300\" height=\"193\" src=\"https:\/\/astos.cz\/wp-content\/uploads\/2016\/03\/CDT-2_lomene-300x193.jpg\" class=\"attachment-medium size-medium\" alt=\"\" loading=\"lazy\" srcset=\"https:\/\/astos.cz\/wp-content\/uploads\/2016\/03\/CDT-2_lomene-300x193.jpg 300w, https:\/\/astos.cz\/wp-content\/uploads\/2016\/03\/CDT-2_lomene-555x357.jpg 555w, https:\/\/astos.cz\/wp-content\/uploads\/2016\/03\/CDT-2_lomene.jpg 700w\" sizes=\"(max-width: 300px) 100vw, 300px\" \/><\/a>\n\t\t\t<\/div><\/figure>\n\t\t<\/div>\n<\/p>\n<p>Przy pierwotnym projekcie wymiar\u00f3w przeno\u015bnika nale\u017cy opiera\u0107 si\u0119 o rysunki schematyczne przedstawione w niniejszej karcie produktowej, na kt\u00f3rych podane s\u0105 najwa\u017cniejsze wymiary. Klient wybiera wymiary L{1>1<1}, L{2>2<2}, L{3>3<3}. Aby uzyska\u0107 w\u0142a\u015bciwy projekt nale\u017cy dok\u0142adnie wype\u0142ni\u0107 <a href=\"https:\/\/astos.cz\/ke-stazeni\/poptavkove-formulare\">formularz zapytania<\/a> ofertowego.<\/p>\n<\/div><\/div><\/div><\/div><div id=\"pg-7024-3\"  class=\"panel-grid panel-no-style\" ><div id=\"pgc-7024-3-0\"  class=\"panel-grid-cell\" ><div id=\"panel-7024-3-0-0\" class=\"so-panel widget widget_black-studio-tinymce widget_black_studio_tinymce panel-first-child panel-last-child\" data-index=\"6\" ><div class=\"textwidget\"><h4 class=\"alternative-heading\">\u0158ezy sk\u0159\u00edn\u00ed<\/h4>\n<p><div id='gallery-2' class='gallery galleryid-7024 gallery-columns-3 gallery-size-medium'><figure class='gallery-item'>\n\t\t\t<div class='gallery-icon landscape'>\n\t\t\t\t<a href='https:\/\/astos.cz\/wp-content\/uploads\/2016\/03\/schema_DHR_40.jpg' rel=\"lightbox[7024]\"><img width=\"300\" height=\"193\" src=\"https:\/\/astos.cz\/wp-content\/uploads\/2016\/03\/schema_DHR_40-300x193.jpg\" class=\"attachment-medium size-medium\" alt=\"\" loading=\"lazy\" srcset=\"https:\/\/astos.cz\/wp-content\/uploads\/2016\/03\/schema_DHR_40-300x193.jpg 300w, https:\/\/astos.cz\/wp-content\/uploads\/2016\/03\/schema_DHR_40-555x357.jpg 555w, https:\/\/astos.cz\/wp-content\/uploads\/2016\/03\/schema_DHR_40.jpg 700w\" sizes=\"(max-width: 300px) 100vw, 300px\" \/><\/a>\n\t\t\t<\/div><\/figure><figure class='gallery-item'>\n\t\t\t<div class='gallery-icon landscape'>\n\t\t\t\t<a href='https:\/\/astos.cz\/wp-content\/uploads\/2016\/03\/schema_DHR_63.jpg' rel=\"lightbox[7024]\"><img width=\"300\" height=\"193\" src=\"https:\/\/astos.cz\/wp-content\/uploads\/2016\/03\/schema_DHR_63-300x193.jpg\" class=\"attachment-medium size-medium\" alt=\"\" loading=\"lazy\" srcset=\"https:\/\/astos.cz\/wp-content\/uploads\/2016\/03\/schema_DHR_63-300x193.jpg 300w, https:\/\/astos.cz\/wp-content\/uploads\/2016\/03\/schema_DHR_63-555x357.jpg 555w, https:\/\/astos.cz\/wp-content\/uploads\/2016\/03\/schema_DHR_63.jpg 700w\" sizes=\"(max-width: 300px) 100vw, 300px\" \/><\/a>\n\t\t\t<\/div><\/figure>\n\t\t<\/div>\n<\/p>\n<p>Formularz zapotrzebowania do pobrania <a href=\"https:\/\/astos.cz\/ke-stazeni\/poptavkove-formulare\">tutaj<\/a>.<\/p>\n<\/div><\/div><\/div><\/div><\/div>","protected":false},"excerpt":{"rendered":"<p>Hrablov\u00e9 dopravn\u00edky t\u0159\u00edsek jsou vhodn\u00e9 k p\u0159eprav\u011b drobn\u00fdch a kr\u00e1tk\u00fdch t\u0159\u00edsek, zejm\u00e9na z hlin\u00edku <\/p>\n","protected":false},"author":6,"featured_media":7040,"parent":7379,"menu_order":0,"comment_status":"closed","ping_status":"closed","template":"","meta":[],"categories":[150],"tags":[],"yoast_head":"<!-- This site is optimized with the Yoast SEO plugin v18.5.1 - https:\/\/yoast.com\/wordpress\/plugins\/seo\/ -->\n<title>DHR \u2013 Przeno\u015bnik zgarniakowy wi\u00f3r\u00f3w | ASTOS Machinery<\/title>\n<meta name=\"robots\" content=\"index, follow, max-snippet:-1, max-image-preview:large, max-video-preview:-1\" \/>\n<link rel=\"canonical\" href=\"https:\/\/astos.cz\/pl\/nase-vyrobky\/dopravnikove-systemy\/hrablove-dopravniky\/\" \/>\n<meta property=\"og:locale\" content=\"pl_PL\" \/>\n<meta property=\"og:type\" content=\"article\" \/>\n<meta property=\"og:title\" content=\"DHR \u2013 Przeno\u015bnik zgarniakowy wi\u00f3r\u00f3w | ASTOS Machinery\" \/>\n<meta property=\"og:description\" content=\"Hrablov\u00e9 dopravn\u00edky t\u0159\u00edsek jsou vhodn\u00e9 k p\u0159eprav\u011b drobn\u00fdch a kr\u00e1tk\u00fdch t\u0159\u00edsek, zejm\u00e9na z hlin\u00edku\" \/>\n<meta property=\"og:url\" content=\"https:\/\/astos.cz\/pl\/nase-vyrobky\/dopravnikove-systemy\/hrablove-dopravniky\/\" \/>\n<meta property=\"og:site_name\" content=\"ASTOS Machinery\" \/>\n<meta property=\"article:modified_time\" content=\"2022-04-19T11:55:50+00:00\" \/>\n<meta property=\"og:image\" content=\"https:\/\/astos.cz\/wp-content\/uploads\/2016\/02\/DHR-Hrablove.jpg\" \/>\n\t<meta property=\"og:image:width\" content=\"1140\" \/>\n\t<meta property=\"og:image:height\" content=\"640\" \/>\n\t<meta property=\"og:image:type\" content=\"image\/jpeg\" \/>\n<meta name=\"twitter:card\" content=\"summary\" \/>\n<meta name=\"twitter:label1\" content=\"Szacowany czas czytania\" \/>\n\t<meta name=\"twitter:data1\" content=\"1 minuta\" \/>\n<script type=\"application\/ld+json\" class=\"yoast-schema-graph\">{\"@context\":\"https:\/\/schema.org\",\"@graph\":[{\"@type\":\"WebSite\",\"@id\":\"https:\/\/astos.cz\/#website\",\"url\":\"https:\/\/astos.cz\/\",\"name\":\"ASTOS Machinery\",\"description\":\"Specialista na dopravn\u00edkov\u00e9 syst\u00e9my a krytov\u00e1n\u00ed stroj\u016f\",\"potentialAction\":[{\"@type\":\"SearchAction\",\"target\":{\"@type\":\"EntryPoint\",\"urlTemplate\":\"https:\/\/astos.cz\/?s={search_term_string}\"},\"query-input\":\"required name=search_term_string\"}],\"inLanguage\":\"pl-PL\"},{\"@type\":\"ImageObject\",\"@id\":\"https:\/\/astos.cz\/pl\/nase-vyrobky\/dopravnikove-systemy\/hrablove-dopravniky\/#primaryimage\",\"inLanguage\":\"pl-PL\",\"url\":\"https:\/\/astos.cz\/wp-content\/uploads\/2016\/02\/DHR-Hrablove.jpg\",\"contentUrl\":\"https:\/\/astos.cz\/wp-content\/uploads\/2016\/02\/DHR-Hrablove.jpg\",\"width\":1140,\"height\":640},{\"@type\":\"WebPage\",\"@id\":\"https:\/\/astos.cz\/pl\/nase-vyrobky\/dopravnikove-systemy\/hrablove-dopravniky\/#webpage\",\"url\":\"https:\/\/astos.cz\/pl\/nase-vyrobky\/dopravnikove-systemy\/hrablove-dopravniky\/\",\"name\":\"DHR \u2013 Przeno\u015bnik zgarniakowy wi\u00f3r\u00f3w | ASTOS Machinery\",\"isPartOf\":{\"@id\":\"https:\/\/astos.cz\/#website\"},\"primaryImageOfPage\":{\"@id\":\"https:\/\/astos.cz\/pl\/nase-vyrobky\/dopravnikove-systemy\/hrablove-dopravniky\/#primaryimage\"},\"datePublished\":\"2016-03-03T14:09:21+00:00\",\"dateModified\":\"2022-04-19T11:55:50+00:00\",\"breadcrumb\":{\"@id\":\"https:\/\/astos.cz\/pl\/nase-vyrobky\/dopravnikove-systemy\/hrablove-dopravniky\/#breadcrumb\"},\"inLanguage\":\"pl-PL\",\"potentialAction\":[{\"@type\":\"ReadAction\",\"target\":[\"https:\/\/astos.cz\/pl\/nase-vyrobky\/dopravnikove-systemy\/hrablove-dopravniky\/\"]}]},{\"@type\":\"BreadcrumbList\",\"@id\":\"https:\/\/astos.cz\/pl\/nase-vyrobky\/dopravnikove-systemy\/hrablove-dopravniky\/#breadcrumb\",\"itemListElement\":[{\"@type\":\"ListItem\",\"position\":1,\"name\":\"Dom\u016f\",\"item\":\"https:\/\/astos.cz\/pl\/\"},{\"@type\":\"ListItem\",\"position\":2,\"name\":\"NASZE PRODUKTY\",\"item\":\"https:\/\/astos.cz\/pl\/nase-vyrobky\/\"},{\"@type\":\"ListItem\",\"position\":3,\"name\":\"Systemy przeno\u015bnikowe\",\"item\":\"https:\/\/astos.cz\/pl\/nase-vyrobky\/dopravnikove-systemy\/\"},{\"@type\":\"ListItem\",\"position\":4,\"name\":\"DHR \u2013 Przeno\u015bnik zgarniakowy wi\u00f3r\u00f3w\"}]}]}<\/script>\n<!-- \/ Yoast SEO plugin. -->","yoast_head_json":{"title":"DHR \u2013 Przeno\u015bnik zgarniakowy wi\u00f3r\u00f3w | ASTOS Machinery","robots":{"index":"index","follow":"follow","max-snippet":"max-snippet:-1","max-image-preview":"max-image-preview:large","max-video-preview":"max-video-preview:-1"},"canonical":"https:\/\/astos.cz\/pl\/nase-vyrobky\/dopravnikove-systemy\/hrablove-dopravniky\/","og_locale":"pl_PL","og_type":"article","og_title":"DHR \u2013 Przeno\u015bnik zgarniakowy wi\u00f3r\u00f3w | ASTOS Machinery","og_description":"Hrablov\u00e9 dopravn\u00edky t\u0159\u00edsek jsou vhodn\u00e9 k p\u0159eprav\u011b drobn\u00fdch a kr\u00e1tk\u00fdch t\u0159\u00edsek, zejm\u00e9na z hlin\u00edku","og_url":"https:\/\/astos.cz\/pl\/nase-vyrobky\/dopravnikove-systemy\/hrablove-dopravniky\/","og_site_name":"ASTOS Machinery","article_modified_time":"2022-04-19T11:55:50+00:00","og_image":[{"width":1140,"height":640,"url":"https:\/\/astos.cz\/wp-content\/uploads\/2016\/02\/DHR-Hrablove.jpg","type":"image\/jpeg"}],"twitter_card":"summary","twitter_misc":{"Szacowany czas czytania":"1 minuta"},"schema":{"@context":"https:\/\/schema.org","@graph":[{"@type":"WebSite","@id":"https:\/\/astos.cz\/#website","url":"https:\/\/astos.cz\/","name":"ASTOS Machinery","description":"Specialista na dopravn\u00edkov\u00e9 syst\u00e9my a krytov\u00e1n\u00ed stroj\u016f","potentialAction":[{"@type":"SearchAction","target":{"@type":"EntryPoint","urlTemplate":"https:\/\/astos.cz\/?s={search_term_string}"},"query-input":"required name=search_term_string"}],"inLanguage":"pl-PL"},{"@type":"ImageObject","@id":"https:\/\/astos.cz\/pl\/nase-vyrobky\/dopravnikove-systemy\/hrablove-dopravniky\/#primaryimage","inLanguage":"pl-PL","url":"https:\/\/astos.cz\/wp-content\/uploads\/2016\/02\/DHR-Hrablove.jpg","contentUrl":"https:\/\/astos.cz\/wp-content\/uploads\/2016\/02\/DHR-Hrablove.jpg","width":1140,"height":640},{"@type":"WebPage","@id":"https:\/\/astos.cz\/pl\/nase-vyrobky\/dopravnikove-systemy\/hrablove-dopravniky\/#webpage","url":"https:\/\/astos.cz\/pl\/nase-vyrobky\/dopravnikove-systemy\/hrablove-dopravniky\/","name":"DHR \u2013 Przeno\u015bnik zgarniakowy wi\u00f3r\u00f3w | ASTOS Machinery","isPartOf":{"@id":"https:\/\/astos.cz\/#website"},"primaryImageOfPage":{"@id":"https:\/\/astos.cz\/pl\/nase-vyrobky\/dopravnikove-systemy\/hrablove-dopravniky\/#primaryimage"},"datePublished":"2016-03-03T14:09:21+00:00","dateModified":"2022-04-19T11:55:50+00:00","breadcrumb":{"@id":"https:\/\/astos.cz\/pl\/nase-vyrobky\/dopravnikove-systemy\/hrablove-dopravniky\/#breadcrumb"},"inLanguage":"pl-PL","potentialAction":[{"@type":"ReadAction","target":["https:\/\/astos.cz\/pl\/nase-vyrobky\/dopravnikove-systemy\/hrablove-dopravniky\/"]}]},{"@type":"BreadcrumbList","@id":"https:\/\/astos.cz\/pl\/nase-vyrobky\/dopravnikove-systemy\/hrablove-dopravniky\/#breadcrumb","itemListElement":[{"@type":"ListItem","position":1,"name":"Dom\u016f","item":"https:\/\/astos.cz\/pl\/"},{"@type":"ListItem","position":2,"name":"NASZE PRODUKTY","item":"https:\/\/astos.cz\/pl\/nase-vyrobky\/"},{"@type":"ListItem","position":3,"name":"Systemy przeno\u015bnikowe","item":"https:\/\/astos.cz\/pl\/nase-vyrobky\/dopravnikove-systemy\/"},{"@type":"ListItem","position":4,"name":"DHR \u2013 Przeno\u015bnik zgarniakowy wi\u00f3r\u00f3w"}]}]}},"_links":{"self":[{"href":"https:\/\/astos.cz\/pl\/wp-json\/wp\/v2\/pages\/7024"}],"collection":[{"href":"https:\/\/astos.cz\/pl\/wp-json\/wp\/v2\/pages"}],"about":[{"href":"https:\/\/astos.cz\/pl\/wp-json\/wp\/v2\/types\/page"}],"author":[{"embeddable":true,"href":"https:\/\/astos.cz\/pl\/wp-json\/wp\/v2\/users\/6"}],"replies":[{"embeddable":true,"href":"https:\/\/astos.cz\/pl\/wp-json\/wp\/v2\/comments?post=7024"}],"version-history":[{"count":12,"href":"https:\/\/astos.cz\/pl\/wp-json\/wp\/v2\/pages\/7024\/revisions"}],"predecessor-version":[{"id":9742,"href":"https:\/\/astos.cz\/pl\/wp-json\/wp\/v2\/pages\/7024\/revisions\/9742"}],"up":[{"embeddable":true,"href":"https:\/\/astos.cz\/pl\/wp-json\/wp\/v2\/pages\/7379"}],"wp:featuredmedia":[{"embeddable":true,"href":"https:\/\/astos.cz\/pl\/wp-json\/wp\/v2\/media\/7040"}],"wp:attachment":[{"href":"https:\/\/astos.cz\/pl\/wp-json\/wp\/v2\/media?parent=7024"}],"wp:term":[{"taxonomy":"category","embeddable":true,"href":"https:\/\/astos.cz\/pl\/wp-json\/wp\/v2\/categories?post=7024"},{"taxonomy":"post_tag","embeddable":true,"href":"https:\/\/astos.cz\/pl\/wp-json\/wp\/v2\/tags?post=7024"}],"curies":[{"name":"wp","href":"https:\/\/api.w.org\/{rel}","templated":true}]}}