{"id":7015,"date":"2016-03-03T14:50:15","date_gmt":"2016-03-03T13:50:15","guid":{"rendered":"https:\/\/astos.cz\/pl\/dopravniky-k-lisum\/"},"modified":"2022-04-19T12:54:45","modified_gmt":"2022-04-19T11:54:45","slug":"dopravniky-k-lisum","status":"publish","type":"page","link":"https:\/\/astos.cz\/pl\/nase-vyrobky\/dopravnikove-systemy\/dopravniky-k-lisum\/","title":{"rendered":"CDT \u2013 Przeno\u015bniki cz\u0142onowe do pras"},"content":{"rendered":"<div id=\"pl-7015\"  class=\"panel-layout\" ><div id=\"pg-7015-0\"  class=\"panel-grid panel-no-style\" ><div id=\"pgc-7015-0-0\"  class=\"panel-grid-cell\" ><div id=\"panel-7015-0-0-0\" class=\"so-panel widget widget_black-studio-tinymce widget_black_studio_tinymce panel-first-child\" data-index=\"0\" ><div class=\"panel-widget-style panel-widget-style-for-7015-0-0-0\" ><div class=\"textwidget\"><h3 style=\"margin-top: 0px\">Przeno\u015bniki cz\u0142onowe do pras<\/h3>\n<strong>Przeno\u015bniki cz\u0142onowe do pras<\/strong> stosowane s\u0105 do transportu odpadu technologii prasowania metali. W celu zwi\u0119kszenia wytrzyma\u0142o\u015bci i \u017cywotno\u015bci przeno\u015bnika, zaleca si\u0119 wzmocnienie skrzyni i ta\u015bmy specjalnym, materia\u0142em odpornym na \u015bcieranie HARDOX.\n\n<a href=\"https:\/\/astos.cz\/wp-content\/uploads\/2016\/02\/CDT-clankove-lisum.jpg\"  rel=\"lightbox[7015] attachment wp-att-2899\"><img class=\"alignnone wp-image-2899\" src=\"https:\/\/astos.cz\/wp-content\/uploads\/2016\/02\/CDT-clankove-lisum.jpg\" alt=\"CDT-clankove-lisum\" width=\"820\" height=\"460\" \/><\/a><\/div><\/div><\/div><div id=\"panel-7015-0-0-1\" class=\"so-panel widget widget_black-studio-tinymce widget_black_studio_tinymce\" data-index=\"1\" ><div class=\"textwidget\"><h4 class=\"alternative-heading\">Produkujemy w trzech podstawowych szeregach wymiarowych, okre\u015blonych rozstawem cz\u0142on\u00f3w ta\u015bmy:<\/h4>\n<ul>\n\t<li>na drobny odpad (do 0,5m) z rozstawem <strong>t=63<\/strong><\/li>\n\t<li>na \u015bredni odpad (do 1m) z rozstawem <strong>t=100<\/strong><\/li>\n\t<li>na du\u017cy odpad (od 1m)  z rozstawem <strong>t=160<\/strong><\/li>\n<\/ul>\n\n<h4 class=\"alternative-heading\">Podzia\u0142 wed\u0142ug kszta\u0142tu<\/h4>\n\n<div id='gallery-1' class='gallery galleryid-7015 gallery-columns-3 gallery-size-medium'><figure class='gallery-item'>\n\t\t\t<div class='gallery-icon landscape'>\n\t\t\t\t<a href='https:\/\/astos.cz\/wp-content\/uploads\/2016\/03\/CDT-prime.jpg' rel=\"lightbox[7015]\"><img width=\"300\" height=\"193\" src=\"https:\/\/astos.cz\/wp-content\/uploads\/2016\/03\/CDT-prime-300x193.jpg\" class=\"attachment-medium size-medium\" alt=\"\" loading=\"lazy\" srcset=\"https:\/\/astos.cz\/wp-content\/uploads\/2016\/03\/CDT-prime-300x193.jpg 300w, https:\/\/astos.cz\/wp-content\/uploads\/2016\/03\/CDT-prime-555x357.jpg 555w, https:\/\/astos.cz\/wp-content\/uploads\/2016\/03\/CDT-prime.jpg 700w\" sizes=\"(max-width: 300px) 100vw, 300px\" \/><\/a>\n\t\t\t<\/div><\/figure><figure class='gallery-item'>\n\t\t\t<div class='gallery-icon landscape'>\n\t\t\t\t<a href='https:\/\/astos.cz\/wp-content\/uploads\/2016\/03\/CDT-1_lomene.jpg' rel=\"lightbox[7015]\"><img width=\"300\" height=\"193\" src=\"https:\/\/astos.cz\/wp-content\/uploads\/2016\/03\/CDT-1_lomene-300x193.jpg\" class=\"attachment-medium size-medium\" alt=\"\" loading=\"lazy\" srcset=\"https:\/\/astos.cz\/wp-content\/uploads\/2016\/03\/CDT-1_lomene-300x193.jpg 300w, https:\/\/astos.cz\/wp-content\/uploads\/2016\/03\/CDT-1_lomene-555x357.jpg 555w, https:\/\/astos.cz\/wp-content\/uploads\/2016\/03\/CDT-1_lomene.jpg 700w\" sizes=\"(max-width: 300px) 100vw, 300px\" \/><\/a>\n\t\t\t<\/div><\/figure><figure class='gallery-item'>\n\t\t\t<div class='gallery-icon landscape'>\n\t\t\t\t<a href='https:\/\/astos.cz\/wp-content\/uploads\/2016\/03\/CDT-2_lomene.jpg' rel=\"lightbox[7015]\"><img width=\"300\" height=\"193\" src=\"https:\/\/astos.cz\/wp-content\/uploads\/2016\/03\/CDT-2_lomene-300x193.jpg\" class=\"attachment-medium size-medium\" alt=\"\" loading=\"lazy\" srcset=\"https:\/\/astos.cz\/wp-content\/uploads\/2016\/03\/CDT-2_lomene-300x193.jpg 300w, https:\/\/astos.cz\/wp-content\/uploads\/2016\/03\/CDT-2_lomene-555x357.jpg 555w, https:\/\/astos.cz\/wp-content\/uploads\/2016\/03\/CDT-2_lomene.jpg 700w\" sizes=\"(max-width: 300px) 100vw, 300px\" \/><\/a>\n\t\t\t<\/div><\/figure>\n\t\t<\/div>\n\n\nPrzeno\u015bniki do pras mo\u017cna zestawi\u0107 w automatycznie sterowane linie, komunikuj\u0105ce z prasami i innymi urz\u0105dzeniami peryferyjnymi. Dogl\u0105d nad niepe\u0142nieniem kontenera mo\u017cna osi\u0105gn\u0105\u0107 na <strong>dwa sposoby<\/strong>.\n\n<ul>\n\t<li>B\u0105d\u017a poprzez obrotowe \/\u00a0przechylne nasypy wyposa\u017cone w sensory nieustannie \u015bledz\u0105ce wysoko\u015b\u0107 poziomu odpadu, dochodzi przy tym do stopniowego r\u00f3wnomiernego nape\u0142niania kontenera <\/li>\n\t<li>za pomoc\u0105 sensora masy kontenera. Dzi\u0119ki powi\u0105zaniu ca\u0142ego systemu mo\u017cna uzyska\u0107 bezobs\u0142ugow\u0105 prac\u0119 linii.<\/li>\n<\/ul>\n\nFormularz zapotrzebowania do pobrania <a href=\"https:\/\/astos.cz\/ke-stazeni\/poptavkove-formulare\">tutaj<\/a>.<\/div><\/div><div id=\"panel-7015-0-0-2\" class=\"so-panel widget widget_siteorigin-panels-builder panel-last-child\" data-index=\"2\" ><div class=\"panel-widget-style panel-widget-style-for-7015-0-0-2\" ><div id=\"pl-w625ea2fd6700e\"  class=\"panel-layout\" ><div id=\"pg-w625ea2fd6700e-0\"  class=\"panel-grid panel-no-style\" ><div id=\"pgc-w625ea2fd6700e-0-0\"  class=\"panel-grid-cell\" ><div id=\"panel-w625ea2fd6700e-0-0-0\" class=\"so-panel widget widget_black-studio-tinymce widget_black_studio_tinymce panel-first-child panel-last-child\" data-index=\"0\" ><div class=\"textwidget\"><a href=\"https:\/\/astos.cz\/wp-content\/uploads\/2016\/03\/CDT-panel_siemens_2.jpg\"  rel=\"lightbox[7015] attachment wp-att-3248\"><img class=\"alignnone wp-image-3248\" src=\"https:\/\/astos.cz\/wp-content\/uploads\/2016\/03\/CDT-panel_siemens_2.jpg\" alt=\"CDT-panel_siemens_2\" width=\"410\" height=\"264\" \/><\/a><\/div><\/div><\/div><div id=\"pgc-w625ea2fd6700e-0-1\"  class=\"panel-grid-cell\" ><div id=\"panel-w625ea2fd6700e-0-1-0\" class=\"so-panel widget widget_black-studio-tinymce widget_black_studio_tinymce panel-first-child panel-last-child\" data-index=\"1\" ><div class=\"textwidget\"><a href=\"https:\/\/astos.cz\/wp-content\/uploads\/2016\/03\/CDT-panel_siemens.jpg\"  rel=\"lightbox[7015] attachment wp-att-3247\"><img class=\"alignnone wp-image-3247\" src=\"https:\/\/astos.cz\/wp-content\/uploads\/2016\/03\/CDT-panel_siemens.jpg\" alt=\"CDT-panel_siemens\" width=\"410\" height=\"264\" \/><\/a><\/div><\/div><\/div><\/div><\/div><\/div><\/div><\/div><\/div><\/div>","protected":false},"excerpt":{"rendered":"<p>\u010cl\u00e1nkov\u00e9 dopravn\u00edky k lis\u016fm se pou\u017e\u00edvaj\u00ed k p\u0159eprav\u011b odpadu u technologie lisov\u00e1n\u00ed kov\u016f<\/p>\n","protected":false},"author":6,"featured_media":7018,"parent":7379,"menu_order":0,"comment_status":"closed","ping_status":"closed","template":"","meta":[],"categories":[150],"tags":[],"yoast_head":"<!-- This site is optimized with the Yoast SEO plugin v18.5.1 - https:\/\/yoast.com\/wordpress\/plugins\/seo\/ -->\n<title>CDT \u2013 Przeno\u015bniki cz\u0142onowe do pras | ASTOS Machinery<\/title>\n<meta name=\"robots\" content=\"index, follow, max-snippet:-1, max-image-preview:large, max-video-preview:-1\" \/>\n<link rel=\"canonical\" href=\"https:\/\/astos.cz\/pl\/nase-vyrobky\/dopravnikove-systemy\/dopravniky-k-lisum\/\" \/>\n<meta property=\"og:locale\" content=\"pl_PL\" \/>\n<meta property=\"og:type\" content=\"article\" \/>\n<meta property=\"og:title\" content=\"CDT \u2013 Przeno\u015bniki cz\u0142onowe do pras | ASTOS Machinery\" \/>\n<meta property=\"og:description\" content=\"\u010cl\u00e1nkov\u00e9 dopravn\u00edky k lis\u016fm se pou\u017e\u00edvaj\u00ed k p\u0159eprav\u011b odpadu u technologie lisov\u00e1n\u00ed kov\u016f\" \/>\n<meta property=\"og:url\" content=\"https:\/\/astos.cz\/pl\/nase-vyrobky\/dopravnikove-systemy\/dopravniky-k-lisum\/\" \/>\n<meta property=\"og:site_name\" content=\"ASTOS Machinery\" \/>\n<meta property=\"article:modified_time\" content=\"2022-04-19T11:54:45+00:00\" \/>\n<meta property=\"og:image\" content=\"https:\/\/astos.cz\/wp-content\/uploads\/2016\/02\/CDT-clankove-lisum.jpg\" \/>\n\t<meta property=\"og:image:width\" content=\"1140\" \/>\n\t<meta property=\"og:image:height\" content=\"640\" \/>\n\t<meta property=\"og:image:type\" content=\"image\/jpeg\" \/>\n<meta name=\"twitter:card\" content=\"summary\" \/>\n<meta name=\"twitter:label1\" content=\"Szacowany czas czytania\" \/>\n\t<meta name=\"twitter:data1\" content=\"1 minuta\" \/>\n<script type=\"application\/ld+json\" class=\"yoast-schema-graph\">{\"@context\":\"https:\/\/schema.org\",\"@graph\":[{\"@type\":\"WebSite\",\"@id\":\"https:\/\/astos.cz\/#website\",\"url\":\"https:\/\/astos.cz\/\",\"name\":\"ASTOS Machinery\",\"description\":\"Specialista na dopravn\u00edkov\u00e9 syst\u00e9my a krytov\u00e1n\u00ed stroj\u016f\",\"potentialAction\":[{\"@type\":\"SearchAction\",\"target\":{\"@type\":\"EntryPoint\",\"urlTemplate\":\"https:\/\/astos.cz\/?s={search_term_string}\"},\"query-input\":\"required name=search_term_string\"}],\"inLanguage\":\"pl-PL\"},{\"@type\":\"ImageObject\",\"@id\":\"https:\/\/astos.cz\/pl\/nase-vyrobky\/dopravnikove-systemy\/dopravniky-k-lisum\/#primaryimage\",\"inLanguage\":\"pl-PL\",\"url\":\"https:\/\/astos.cz\/wp-content\/uploads\/2016\/02\/CDT-clankove-lisum.jpg\",\"contentUrl\":\"https:\/\/astos.cz\/wp-content\/uploads\/2016\/02\/CDT-clankove-lisum.jpg\",\"width\":1140,\"height\":640},{\"@type\":\"WebPage\",\"@id\":\"https:\/\/astos.cz\/pl\/nase-vyrobky\/dopravnikove-systemy\/dopravniky-k-lisum\/#webpage\",\"url\":\"https:\/\/astos.cz\/pl\/nase-vyrobky\/dopravnikove-systemy\/dopravniky-k-lisum\/\",\"name\":\"CDT \u2013 Przeno\u015bniki cz\u0142onowe do pras | ASTOS Machinery\",\"isPartOf\":{\"@id\":\"https:\/\/astos.cz\/#website\"},\"primaryImageOfPage\":{\"@id\":\"https:\/\/astos.cz\/pl\/nase-vyrobky\/dopravnikove-systemy\/dopravniky-k-lisum\/#primaryimage\"},\"datePublished\":\"2016-03-03T13:50:15+00:00\",\"dateModified\":\"2022-04-19T11:54:45+00:00\",\"breadcrumb\":{\"@id\":\"https:\/\/astos.cz\/pl\/nase-vyrobky\/dopravnikove-systemy\/dopravniky-k-lisum\/#breadcrumb\"},\"inLanguage\":\"pl-PL\",\"potentialAction\":[{\"@type\":\"ReadAction\",\"target\":[\"https:\/\/astos.cz\/pl\/nase-vyrobky\/dopravnikove-systemy\/dopravniky-k-lisum\/\"]}]},{\"@type\":\"BreadcrumbList\",\"@id\":\"https:\/\/astos.cz\/pl\/nase-vyrobky\/dopravnikove-systemy\/dopravniky-k-lisum\/#breadcrumb\",\"itemListElement\":[{\"@type\":\"ListItem\",\"position\":1,\"name\":\"Dom\u016f\",\"item\":\"https:\/\/astos.cz\/pl\/\"},{\"@type\":\"ListItem\",\"position\":2,\"name\":\"NASZE PRODUKTY\",\"item\":\"https:\/\/astos.cz\/pl\/nase-vyrobky\/\"},{\"@type\":\"ListItem\",\"position\":3,\"name\":\"Systemy przeno\u015bnikowe\",\"item\":\"https:\/\/astos.cz\/pl\/nase-vyrobky\/dopravnikove-systemy\/\"},{\"@type\":\"ListItem\",\"position\":4,\"name\":\"CDT \u2013 Przeno\u015bniki cz\u0142onowe do pras\"}]}]}<\/script>\n<!-- \/ Yoast SEO plugin. -->","yoast_head_json":{"title":"CDT \u2013 Przeno\u015bniki cz\u0142onowe do pras | ASTOS Machinery","robots":{"index":"index","follow":"follow","max-snippet":"max-snippet:-1","max-image-preview":"max-image-preview:large","max-video-preview":"max-video-preview:-1"},"canonical":"https:\/\/astos.cz\/pl\/nase-vyrobky\/dopravnikove-systemy\/dopravniky-k-lisum\/","og_locale":"pl_PL","og_type":"article","og_title":"CDT \u2013 Przeno\u015bniki cz\u0142onowe do pras | ASTOS Machinery","og_description":"\u010cl\u00e1nkov\u00e9 dopravn\u00edky k lis\u016fm se pou\u017e\u00edvaj\u00ed k p\u0159eprav\u011b odpadu u technologie lisov\u00e1n\u00ed kov\u016f","og_url":"https:\/\/astos.cz\/pl\/nase-vyrobky\/dopravnikove-systemy\/dopravniky-k-lisum\/","og_site_name":"ASTOS Machinery","article_modified_time":"2022-04-19T11:54:45+00:00","og_image":[{"width":1140,"height":640,"url":"https:\/\/astos.cz\/wp-content\/uploads\/2016\/02\/CDT-clankove-lisum.jpg","type":"image\/jpeg"}],"twitter_card":"summary","twitter_misc":{"Szacowany czas czytania":"1 minuta"},"schema":{"@context":"https:\/\/schema.org","@graph":[{"@type":"WebSite","@id":"https:\/\/astos.cz\/#website","url":"https:\/\/astos.cz\/","name":"ASTOS Machinery","description":"Specialista na dopravn\u00edkov\u00e9 syst\u00e9my a krytov\u00e1n\u00ed stroj\u016f","potentialAction":[{"@type":"SearchAction","target":{"@type":"EntryPoint","urlTemplate":"https:\/\/astos.cz\/?s={search_term_string}"},"query-input":"required name=search_term_string"}],"inLanguage":"pl-PL"},{"@type":"ImageObject","@id":"https:\/\/astos.cz\/pl\/nase-vyrobky\/dopravnikove-systemy\/dopravniky-k-lisum\/#primaryimage","inLanguage":"pl-PL","url":"https:\/\/astos.cz\/wp-content\/uploads\/2016\/02\/CDT-clankove-lisum.jpg","contentUrl":"https:\/\/astos.cz\/wp-content\/uploads\/2016\/02\/CDT-clankove-lisum.jpg","width":1140,"height":640},{"@type":"WebPage","@id":"https:\/\/astos.cz\/pl\/nase-vyrobky\/dopravnikove-systemy\/dopravniky-k-lisum\/#webpage","url":"https:\/\/astos.cz\/pl\/nase-vyrobky\/dopravnikove-systemy\/dopravniky-k-lisum\/","name":"CDT \u2013 Przeno\u015bniki cz\u0142onowe do pras | ASTOS Machinery","isPartOf":{"@id":"https:\/\/astos.cz\/#website"},"primaryImageOfPage":{"@id":"https:\/\/astos.cz\/pl\/nase-vyrobky\/dopravnikove-systemy\/dopravniky-k-lisum\/#primaryimage"},"datePublished":"2016-03-03T13:50:15+00:00","dateModified":"2022-04-19T11:54:45+00:00","breadcrumb":{"@id":"https:\/\/astos.cz\/pl\/nase-vyrobky\/dopravnikove-systemy\/dopravniky-k-lisum\/#breadcrumb"},"inLanguage":"pl-PL","potentialAction":[{"@type":"ReadAction","target":["https:\/\/astos.cz\/pl\/nase-vyrobky\/dopravnikove-systemy\/dopravniky-k-lisum\/"]}]},{"@type":"BreadcrumbList","@id":"https:\/\/astos.cz\/pl\/nase-vyrobky\/dopravnikove-systemy\/dopravniky-k-lisum\/#breadcrumb","itemListElement":[{"@type":"ListItem","position":1,"name":"Dom\u016f","item":"https:\/\/astos.cz\/pl\/"},{"@type":"ListItem","position":2,"name":"NASZE PRODUKTY","item":"https:\/\/astos.cz\/pl\/nase-vyrobky\/"},{"@type":"ListItem","position":3,"name":"Systemy przeno\u015bnikowe","item":"https:\/\/astos.cz\/pl\/nase-vyrobky\/dopravnikove-systemy\/"},{"@type":"ListItem","position":4,"name":"CDT \u2013 Przeno\u015bniki cz\u0142onowe do pras"}]}]}},"_links":{"self":[{"href":"https:\/\/astos.cz\/pl\/wp-json\/wp\/v2\/pages\/7015"}],"collection":[{"href":"https:\/\/astos.cz\/pl\/wp-json\/wp\/v2\/pages"}],"about":[{"href":"https:\/\/astos.cz\/pl\/wp-json\/wp\/v2\/types\/page"}],"author":[{"embeddable":true,"href":"https:\/\/astos.cz\/pl\/wp-json\/wp\/v2\/users\/6"}],"replies":[{"embeddable":true,"href":"https:\/\/astos.cz\/pl\/wp-json\/wp\/v2\/comments?post=7015"}],"version-history":[{"count":11,"href":"https:\/\/astos.cz\/pl\/wp-json\/wp\/v2\/pages\/7015\/revisions"}],"predecessor-version":[{"id":9740,"href":"https:\/\/astos.cz\/pl\/wp-json\/wp\/v2\/pages\/7015\/revisions\/9740"}],"up":[{"embeddable":true,"href":"https:\/\/astos.cz\/pl\/wp-json\/wp\/v2\/pages\/7379"}],"wp:featuredmedia":[{"embeddable":true,"href":"https:\/\/astos.cz\/pl\/wp-json\/wp\/v2\/media\/7018"}],"wp:attachment":[{"href":"https:\/\/astos.cz\/pl\/wp-json\/wp\/v2\/media?parent=7015"}],"wp:term":[{"taxonomy":"category","embeddable":true,"href":"https:\/\/astos.cz\/pl\/wp-json\/wp\/v2\/categories?post=7015"},{"taxonomy":"post_tag","embeddable":true,"href":"https:\/\/astos.cz\/pl\/wp-json\/wp\/v2\/tags?post=7015"}],"curies":[{"name":"wp","href":"https:\/\/api.w.org\/{rel}","templated":true}]}}