{"id":6990,"date":"2016-03-03T13:34:02","date_gmt":"2016-03-03T12:34:02","guid":{"rendered":"https:\/\/astos.cz\/pl\/dopravniky-trisek\/"},"modified":"2022-04-19T12:53:01","modified_gmt":"2022-04-19T11:53:01","slug":"dopravniky-trisek","status":"publish","type":"page","link":"https:\/\/astos.cz\/pl\/nase-vyrobky\/dopravnikove-systemy\/dopravniky-trisek\/","title":{"rendered":"CDT \u2013 Przeno\u015bniki cz\u0142onowe do obrabiarek CNC"},"content":{"rendered":"<div id=\"pl-6990\"  class=\"panel-layout\" ><div id=\"pg-6990-0\"  class=\"panel-grid panel-no-style\" ><div id=\"pgc-6990-0-0\"  class=\"panel-grid-cell\" ><div id=\"panel-6990-0-0-0\" class=\"so-panel widget widget_sow-editor panel-first-child\" data-index=\"0\" ><div class=\"so-widget-sow-editor so-widget-sow-editor-base\">\n<div class=\"siteorigin-widget-tinymce textwidget\">\n\t<h3 style=\"margin-top: 0px\">Przeno\u015bniki cz\u0142onowe do obrabiarek CNC<\/h3>\n<p><strong>Przeno\u015bniki cz\u0142onowe wi\u00f3r\u00f3w<\/strong> s\u0105 najcz\u0119\u015bciej stosowanymi przeno\u015bnikami i nadaj\u0105 si\u0119 do transportu wi\u0119kszo\u015bci rodzaj\u00f3w wi\u00f3r\u00f3w: drobnych, d\u0142ugich spiralnych i \u201eko\u0142tun\u00f3w\u201d wi\u00f3r\u00f3w.<br \/>\nMniej nadaj\u0105 si\u0119 do drobnych aluminiowych wi\u00f3r\u00f3w. W celu zwi\u0119kszenia wytrzyma\u0142o\u015bci i \u017cywotno\u015bci przeno\u015bnika, zaleca si\u0119 wzmocnienie skrzyni i ta\u015bmy specjalnym, materia\u0142em odpornym na \u015bcieranie HARDOX.<\/p>\n<p><a href=\"https:\/\/astos.cz\/wp-content\/uploads\/2016\/02\/CDT-clankove-CNC.jpg\"  rel=\"lightbox[6990] attachment wp-att-2898\"><img loading=\"lazy\" class=\"alignnone wp-image-2898\" src=\"https:\/\/astos.cz\/wp-content\/uploads\/2016\/02\/CDT-clankove-CNC.jpg\" alt=\"Fotografie dopravn\u00edku CDT k CNC\" width=\"820\" height=\"460\" srcset=\"https:\/\/astos.cz\/wp-content\/uploads\/2016\/02\/CDT-clankove-CNC.jpg 1140w, https:\/\/astos.cz\/wp-content\/uploads\/2016\/02\/CDT-clankove-CNC-300x168.jpg 300w, https:\/\/astos.cz\/wp-content\/uploads\/2016\/02\/CDT-clankove-CNC-1024x575.jpg 1024w, https:\/\/astos.cz\/wp-content\/uploads\/2016\/02\/CDT-clankove-CNC-555x312.jpg 555w\" sizes=\"(max-width: 820px) 100vw, 820px\" \/><\/a><\/p>\n<\/div>\n<\/div><\/div><div id=\"panel-6990-0-0-1\" class=\"so-panel widget widget_sow-editor panel-last-child\" data-index=\"1\" ><div class=\"so-widget-sow-editor so-widget-sow-editor-base\">\n<div class=\"siteorigin-widget-tinymce textwidget\">\n\t<h4 class=\"alternative-heading\" style=\"margin-top: 0px\">Produkujemy w trzech podstawowych szeregach wymiarowych, okre\u015blonych rozstawem cz\u0142on\u00f3w ta\u015bmy:<\/h4>\n<\/div>\n<\/div><\/div><\/div><\/div><div id=\"pg-6990-1\"  class=\"panel-grid panel-no-style\" ><div id=\"pgc-6990-1-0\"  class=\"panel-grid-cell\" ><div id=\"panel-6990-1-0-0\" class=\"so-panel widget widget_pt_brochure_box widget-brochure-box panel-first-child\" data-index=\"2\" ><div class=\"panel-widget-style panel-widget-style-for-6990-1-0-0\" >\t\t\t<a class=\"brochure-box\" href=\"https:\/\/astos.cz\/wp-content\/uploads\/2016\/02\/CDT_40.pdf\" target=\"_blank\">\n\t\t\t\t<i class=\"fa  fa-file-pdf-o\"><\/i>\n\t\t\t\t<h5 class=\"brochure-box__text\">do lekkich warunk\u00f3w pracy  z rozstawem  <strong>t=40<\/strong><\/h5>\n\t\t\t<\/a>\n\n\t\t\t<\/div><\/div><div id=\"panel-6990-1-0-1\" class=\"so-panel widget widget_pt_brochure_box widget-brochure-box\" data-index=\"3\" >\t\t\t<a class=\"brochure-box\" href=\"https:\/\/astos.cz\/wp-content\/uploads\/2016\/02\/CDT_63.pdf\" target=\"_blank\">\n\t\t\t\t<i class=\"fa  fa-file-pdf-o\"><\/i>\n\t\t\t\t<h5 class=\"brochure-box__text\">do \u015brednio ci\u0119\u017ckich warunk\u00f3w pracy z rozstawem  <strong>t=63<\/strong><\/h5>\n\t\t\t<\/a>\n\n\t\t\t<\/div><div id=\"panel-6990-1-0-2\" class=\"so-panel widget widget_pt_brochure_box widget-brochure-box\" data-index=\"4\" >\t\t\t<a class=\"brochure-box\" href=\"https:\/\/astos.cz\/wp-content\/uploads\/2016\/02\/CDT_100.pdf\" target=\"_blank\">\n\t\t\t\t<i class=\"fa  fa-file-code-o\"><\/i>\n\t\t\t\t<h5 class=\"brochure-box__text\">do ci\u0119\u017ckich i bardzo ci\u0119\u017ckich warunk\u00f3w pracy z rozstawem <br> <strong>t=100<\/strong><\/h5>\n\t\t\t<\/a>\n\n\t\t\t<\/div><div id=\"panel-6990-1-0-3\" class=\"so-panel widget widget_sow-editor panel-last-child\" data-index=\"5\" ><div class=\"panel-widget-style panel-widget-style-for-6990-1-0-3\" ><div class=\"so-widget-sow-editor so-widget-sow-editor-base\">\n<div class=\"siteorigin-widget-tinymce textwidget\">\n\t<p><a href=\"https:\/\/astos.cz\/wp-content\/uploads\/2016\/03\/cdt_100.jpg\"  rel=\"lightbox[6990] attachment wp-att-5113\"><img loading=\"lazy\" class=\"alignnone wp-image-5113\" src=\"https:\/\/astos.cz\/wp-content\/uploads\/2016\/03\/cdt_100.jpg\" alt=\"cdt_100\" width=\"410\" height=\"232\" style=\"margin-bottom: 0px; margin-top: 0px\" srcset=\"https:\/\/astos.cz\/wp-content\/uploads\/2016\/03\/cdt_100.jpg 848w, https:\/\/astos.cz\/wp-content\/uploads\/2016\/03\/cdt_100-300x170.jpg 300w, https:\/\/astos.cz\/wp-content\/uploads\/2016\/03\/cdt_100-768x435.jpg 768w, https:\/\/astos.cz\/wp-content\/uploads\/2016\/03\/cdt_100-555x314.jpg 555w\" sizes=\"(max-width: 410px) 100vw, 410px\" \/><\/a><\/p>\n<\/div>\n<\/div><\/div><\/div><\/div><div id=\"pgc-6990-1-1\"  class=\"panel-grid-cell\" ><div id=\"panel-6990-1-1-0\" class=\"so-panel widget widget_sow-editor panel-first-child panel-last-child\" data-index=\"6\" ><div class=\"so-widget-sow-editor so-widget-sow-editor-base\">\n<div class=\"siteorigin-widget-tinymce textwidget\">\n\t<p><a href=\"https:\/\/astos.cz\/wp-content\/uploads\/2016\/03\/cdt_40.jpg\"  rel=\"lightbox[6990] attachment wp-att-5092\"><img loading=\"lazy\" class=\"alignnone wp-image-5092\" src=\"https:\/\/astos.cz\/wp-content\/uploads\/2016\/03\/cdt_40.jpg\" alt=\"cdt_40\" width=\"410\" height=\"232\" srcset=\"https:\/\/astos.cz\/wp-content\/uploads\/2016\/03\/cdt_40.jpg 848w, https:\/\/astos.cz\/wp-content\/uploads\/2016\/03\/cdt_40-300x170.jpg 300w, https:\/\/astos.cz\/wp-content\/uploads\/2016\/03\/cdt_40-768x435.jpg 768w, https:\/\/astos.cz\/wp-content\/uploads\/2016\/03\/cdt_40-555x314.jpg 555w\" sizes=\"(max-width: 410px) 100vw, 410px\" \/><\/a><br \/>\n<a href=\"https:\/\/astos.cz\/wp-content\/uploads\/2016\/03\/cdt_63.jpg\"  rel=\"lightbox[6990] attachment wp-att-5110\"><img loading=\"lazy\" class=\"alignnone wp-image-5110\" src=\"https:\/\/astos.cz\/wp-content\/uploads\/2016\/03\/cdt_63.jpg\" alt=\"cdt_63\" width=\"410\" height=\"232\" style=\"margin-bottom: 0px\" srcset=\"https:\/\/astos.cz\/wp-content\/uploads\/2016\/03\/cdt_63.jpg 848w, https:\/\/astos.cz\/wp-content\/uploads\/2016\/03\/cdt_63-300x170.jpg 300w, https:\/\/astos.cz\/wp-content\/uploads\/2016\/03\/cdt_63-768x435.jpg 768w, https:\/\/astos.cz\/wp-content\/uploads\/2016\/03\/cdt_63-555x314.jpg 555w\" sizes=\"(max-width: 410px) 100vw, 410px\" \/><\/a><\/p>\n<\/div>\n<\/div><\/div><\/div><\/div><div id=\"pg-6990-2\"  class=\"panel-grid panel-no-style\" ><div id=\"pgc-6990-2-0\"  class=\"panel-grid-cell\" ><div id=\"panel-6990-2-0-0\" class=\"so-panel widget widget_black-studio-tinymce widget_black_studio_tinymce panel-first-child panel-last-child\" data-index=\"7\" ><div class=\"textwidget\"><h4 class=\"alternative-heading\">Podzia\u0142 wed\u0142ug kszta\u0142tu<\/h4>\n<p><div id='gallery-1' class='gallery galleryid-6990 gallery-columns-3 gallery-size-medium'><figure class='gallery-item'>\n\t\t\t<div class='gallery-icon landscape'>\n\t\t\t\t<a href='https:\/\/astos.cz\/wp-content\/uploads\/2016\/03\/CDT-prime.jpg' rel=\"lightbox[6990]\"><img width=\"300\" height=\"193\" src=\"https:\/\/astos.cz\/wp-content\/uploads\/2016\/03\/CDT-prime-300x193.jpg\" class=\"attachment-medium size-medium\" alt=\"\" loading=\"lazy\" srcset=\"https:\/\/astos.cz\/wp-content\/uploads\/2016\/03\/CDT-prime-300x193.jpg 300w, https:\/\/astos.cz\/wp-content\/uploads\/2016\/03\/CDT-prime-555x357.jpg 555w, https:\/\/astos.cz\/wp-content\/uploads\/2016\/03\/CDT-prime.jpg 700w\" sizes=\"(max-width: 300px) 100vw, 300px\" \/><\/a>\n\t\t\t<\/div><\/figure><figure class='gallery-item'>\n\t\t\t<div class='gallery-icon landscape'>\n\t\t\t\t<a href='https:\/\/astos.cz\/wp-content\/uploads\/2016\/03\/CDT-1_lomene.jpg' rel=\"lightbox[6990]\"><img width=\"300\" height=\"193\" src=\"https:\/\/astos.cz\/wp-content\/uploads\/2016\/03\/CDT-1_lomene-300x193.jpg\" class=\"attachment-medium size-medium\" alt=\"\" loading=\"lazy\" srcset=\"https:\/\/astos.cz\/wp-content\/uploads\/2016\/03\/CDT-1_lomene-300x193.jpg 300w, https:\/\/astos.cz\/wp-content\/uploads\/2016\/03\/CDT-1_lomene-555x357.jpg 555w, https:\/\/astos.cz\/wp-content\/uploads\/2016\/03\/CDT-1_lomene.jpg 700w\" sizes=\"(max-width: 300px) 100vw, 300px\" \/><\/a>\n\t\t\t<\/div><\/figure><figure class='gallery-item'>\n\t\t\t<div class='gallery-icon landscape'>\n\t\t\t\t<a href='https:\/\/astos.cz\/wp-content\/uploads\/2016\/03\/CDT-2_lomene.jpg' rel=\"lightbox[6990]\"><img width=\"300\" height=\"193\" src=\"https:\/\/astos.cz\/wp-content\/uploads\/2016\/03\/CDT-2_lomene-300x193.jpg\" class=\"attachment-medium size-medium\" alt=\"\" loading=\"lazy\" srcset=\"https:\/\/astos.cz\/wp-content\/uploads\/2016\/03\/CDT-2_lomene-300x193.jpg 300w, https:\/\/astos.cz\/wp-content\/uploads\/2016\/03\/CDT-2_lomene-555x357.jpg 555w, https:\/\/astos.cz\/wp-content\/uploads\/2016\/03\/CDT-2_lomene.jpg 700w\" sizes=\"(max-width: 300px) 100vw, 300px\" \/><\/a>\n\t\t\t<\/div><\/figure>\n\t\t<\/div>\n<\/p>\n<p>Przy pierwotnym projekcie wymiar\u00f3w przeno\u015bnika nale\u017cy opiera\u0107 si\u0119 o rysunki schematyczne przedstawione w niniejszej karcie produktowej, na kt\u00f3rych podane s\u0105 najwa\u017cniejsze wymiary. Klient wybiera wymiary L{1>1<1}, L{2>2<2}, L{3>3<3}. Aby uzyska\u0107 w\u0142a\u015bciwy projekt nale\u017cy dok\u0142adnie wype\u0142ni\u0107 <a href=\"https:\/\/astos.cz\/ke-stazeni\/poptavkove-formulare\/\">formularz zapytania <\/a>ofertowego.<\/p>\n<p>Formularz zapotrzebowania do pobrania <a href=\"https:\/\/astos.cz\/ke-stazeni\/poptavkove-formulare\/\">tutaj<\/a>.<\/p>\n<\/div><\/div><\/div><\/div><\/div>","protected":false},"excerpt":{"rendered":"<p>\u010cl\u00e1nkov\u00e9 dopravn\u00edky t\u0159\u00edsek jsou nej\u010dast\u011bji pou\u017e\u00edvan\u00e9 dopravn\u00edky a jsou vhodn\u00e9 k p\u0159eprav\u011b v\u011bt\u0161iny druh\u016f t\u0159\u00edsek<\/p>\n","protected":false},"author":6,"featured_media":7005,"parent":7379,"menu_order":0,"comment_status":"closed","ping_status":"closed","template":"","meta":[],"categories":[150],"tags":[],"yoast_head":"<!-- This site is optimized with the Yoast SEO plugin v18.5.1 - https:\/\/yoast.com\/wordpress\/plugins\/seo\/ -->\n<title>CDT \u2013 Przeno\u015bniki cz\u0142onowe do obrabiarek CNC | ASTOS Machinery<\/title>\n<meta name=\"robots\" content=\"index, follow, max-snippet:-1, max-image-preview:large, max-video-preview:-1\" \/>\n<link rel=\"canonical\" href=\"https:\/\/astos.cz\/pl\/nase-vyrobky\/dopravnikove-systemy\/dopravniky-trisek\/\" \/>\n<meta property=\"og:locale\" content=\"pl_PL\" \/>\n<meta property=\"og:type\" content=\"article\" \/>\n<meta property=\"og:title\" content=\"CDT \u2013 Przeno\u015bniki cz\u0142onowe do obrabiarek CNC | ASTOS Machinery\" \/>\n<meta property=\"og:description\" content=\"\u010cl\u00e1nkov\u00e9 dopravn\u00edky t\u0159\u00edsek jsou nej\u010dast\u011bji pou\u017e\u00edvan\u00e9 dopravn\u00edky a jsou vhodn\u00e9 k p\u0159eprav\u011b v\u011bt\u0161iny druh\u016f t\u0159\u00edsek\" \/>\n<meta property=\"og:url\" content=\"https:\/\/astos.cz\/pl\/nase-vyrobky\/dopravnikove-systemy\/dopravniky-trisek\/\" \/>\n<meta property=\"og:site_name\" content=\"ASTOS Machinery\" \/>\n<meta property=\"article:modified_time\" content=\"2022-04-19T11:53:01+00:00\" \/>\n<meta property=\"og:image\" content=\"https:\/\/astos.cz\/wp-content\/uploads\/2016\/02\/CDT-clankove-CNC.jpg\" \/>\n\t<meta property=\"og:image:width\" content=\"1140\" \/>\n\t<meta property=\"og:image:height\" content=\"640\" \/>\n\t<meta property=\"og:image:type\" content=\"image\/jpeg\" \/>\n<meta name=\"twitter:card\" content=\"summary\" \/>\n<meta name=\"twitter:label1\" content=\"Szacowany czas czytania\" \/>\n\t<meta name=\"twitter:data1\" content=\"1 minuta\" \/>\n<script type=\"application\/ld+json\" class=\"yoast-schema-graph\">{\"@context\":\"https:\/\/schema.org\",\"@graph\":[{\"@type\":\"WebSite\",\"@id\":\"https:\/\/astos.cz\/#website\",\"url\":\"https:\/\/astos.cz\/\",\"name\":\"ASTOS Machinery\",\"description\":\"Specialista na dopravn\u00edkov\u00e9 syst\u00e9my a krytov\u00e1n\u00ed stroj\u016f\",\"potentialAction\":[{\"@type\":\"SearchAction\",\"target\":{\"@type\":\"EntryPoint\",\"urlTemplate\":\"https:\/\/astos.cz\/?s={search_term_string}\"},\"query-input\":\"required name=search_term_string\"}],\"inLanguage\":\"pl-PL\"},{\"@type\":\"ImageObject\",\"@id\":\"https:\/\/astos.cz\/pl\/nase-vyrobky\/dopravnikove-systemy\/dopravniky-trisek\/#primaryimage\",\"inLanguage\":\"pl-PL\",\"url\":\"https:\/\/astos.cz\/wp-content\/uploads\/2016\/02\/CDT-clankove-CNC.jpg\",\"contentUrl\":\"https:\/\/astos.cz\/wp-content\/uploads\/2016\/02\/CDT-clankove-CNC.jpg\",\"width\":1140,\"height\":640},{\"@type\":\"WebPage\",\"@id\":\"https:\/\/astos.cz\/pl\/nase-vyrobky\/dopravnikove-systemy\/dopravniky-trisek\/#webpage\",\"url\":\"https:\/\/astos.cz\/pl\/nase-vyrobky\/dopravnikove-systemy\/dopravniky-trisek\/\",\"name\":\"CDT \u2013 Przeno\u015bniki cz\u0142onowe do obrabiarek CNC | ASTOS Machinery\",\"isPartOf\":{\"@id\":\"https:\/\/astos.cz\/#website\"},\"primaryImageOfPage\":{\"@id\":\"https:\/\/astos.cz\/pl\/nase-vyrobky\/dopravnikove-systemy\/dopravniky-trisek\/#primaryimage\"},\"datePublished\":\"2016-03-03T12:34:02+00:00\",\"dateModified\":\"2022-04-19T11:53:01+00:00\",\"breadcrumb\":{\"@id\":\"https:\/\/astos.cz\/pl\/nase-vyrobky\/dopravnikove-systemy\/dopravniky-trisek\/#breadcrumb\"},\"inLanguage\":\"pl-PL\",\"potentialAction\":[{\"@type\":\"ReadAction\",\"target\":[\"https:\/\/astos.cz\/pl\/nase-vyrobky\/dopravnikove-systemy\/dopravniky-trisek\/\"]}]},{\"@type\":\"BreadcrumbList\",\"@id\":\"https:\/\/astos.cz\/pl\/nase-vyrobky\/dopravnikove-systemy\/dopravniky-trisek\/#breadcrumb\",\"itemListElement\":[{\"@type\":\"ListItem\",\"position\":1,\"name\":\"Dom\u016f\",\"item\":\"https:\/\/astos.cz\/pl\/\"},{\"@type\":\"ListItem\",\"position\":2,\"name\":\"NASZE PRODUKTY\",\"item\":\"https:\/\/astos.cz\/pl\/nase-vyrobky\/\"},{\"@type\":\"ListItem\",\"position\":3,\"name\":\"Systemy przeno\u015bnikowe\",\"item\":\"https:\/\/astos.cz\/pl\/nase-vyrobky\/dopravnikove-systemy\/\"},{\"@type\":\"ListItem\",\"position\":4,\"name\":\"CDT \u2013 Przeno\u015bniki cz\u0142onowe do obrabiarek CNC\"}]}]}<\/script>\n<!-- \/ Yoast SEO plugin. -->","yoast_head_json":{"title":"CDT \u2013 Przeno\u015bniki cz\u0142onowe do obrabiarek CNC | ASTOS Machinery","robots":{"index":"index","follow":"follow","max-snippet":"max-snippet:-1","max-image-preview":"max-image-preview:large","max-video-preview":"max-video-preview:-1"},"canonical":"https:\/\/astos.cz\/pl\/nase-vyrobky\/dopravnikove-systemy\/dopravniky-trisek\/","og_locale":"pl_PL","og_type":"article","og_title":"CDT \u2013 Przeno\u015bniki cz\u0142onowe do obrabiarek CNC | ASTOS Machinery","og_description":"\u010cl\u00e1nkov\u00e9 dopravn\u00edky t\u0159\u00edsek jsou nej\u010dast\u011bji pou\u017e\u00edvan\u00e9 dopravn\u00edky a jsou vhodn\u00e9 k p\u0159eprav\u011b v\u011bt\u0161iny druh\u016f t\u0159\u00edsek","og_url":"https:\/\/astos.cz\/pl\/nase-vyrobky\/dopravnikove-systemy\/dopravniky-trisek\/","og_site_name":"ASTOS Machinery","article_modified_time":"2022-04-19T11:53:01+00:00","og_image":[{"width":1140,"height":640,"url":"https:\/\/astos.cz\/wp-content\/uploads\/2016\/02\/CDT-clankove-CNC.jpg","type":"image\/jpeg"}],"twitter_card":"summary","twitter_misc":{"Szacowany czas czytania":"1 minuta"},"schema":{"@context":"https:\/\/schema.org","@graph":[{"@type":"WebSite","@id":"https:\/\/astos.cz\/#website","url":"https:\/\/astos.cz\/","name":"ASTOS Machinery","description":"Specialista na dopravn\u00edkov\u00e9 syst\u00e9my a krytov\u00e1n\u00ed stroj\u016f","potentialAction":[{"@type":"SearchAction","target":{"@type":"EntryPoint","urlTemplate":"https:\/\/astos.cz\/?s={search_term_string}"},"query-input":"required name=search_term_string"}],"inLanguage":"pl-PL"},{"@type":"ImageObject","@id":"https:\/\/astos.cz\/pl\/nase-vyrobky\/dopravnikove-systemy\/dopravniky-trisek\/#primaryimage","inLanguage":"pl-PL","url":"https:\/\/astos.cz\/wp-content\/uploads\/2016\/02\/CDT-clankove-CNC.jpg","contentUrl":"https:\/\/astos.cz\/wp-content\/uploads\/2016\/02\/CDT-clankove-CNC.jpg","width":1140,"height":640},{"@type":"WebPage","@id":"https:\/\/astos.cz\/pl\/nase-vyrobky\/dopravnikove-systemy\/dopravniky-trisek\/#webpage","url":"https:\/\/astos.cz\/pl\/nase-vyrobky\/dopravnikove-systemy\/dopravniky-trisek\/","name":"CDT \u2013 Przeno\u015bniki cz\u0142onowe do obrabiarek CNC | ASTOS Machinery","isPartOf":{"@id":"https:\/\/astos.cz\/#website"},"primaryImageOfPage":{"@id":"https:\/\/astos.cz\/pl\/nase-vyrobky\/dopravnikove-systemy\/dopravniky-trisek\/#primaryimage"},"datePublished":"2016-03-03T12:34:02+00:00","dateModified":"2022-04-19T11:53:01+00:00","breadcrumb":{"@id":"https:\/\/astos.cz\/pl\/nase-vyrobky\/dopravnikove-systemy\/dopravniky-trisek\/#breadcrumb"},"inLanguage":"pl-PL","potentialAction":[{"@type":"ReadAction","target":["https:\/\/astos.cz\/pl\/nase-vyrobky\/dopravnikove-systemy\/dopravniky-trisek\/"]}]},{"@type":"BreadcrumbList","@id":"https:\/\/astos.cz\/pl\/nase-vyrobky\/dopravnikove-systemy\/dopravniky-trisek\/#breadcrumb","itemListElement":[{"@type":"ListItem","position":1,"name":"Dom\u016f","item":"https:\/\/astos.cz\/pl\/"},{"@type":"ListItem","position":2,"name":"NASZE PRODUKTY","item":"https:\/\/astos.cz\/pl\/nase-vyrobky\/"},{"@type":"ListItem","position":3,"name":"Systemy przeno\u015bnikowe","item":"https:\/\/astos.cz\/pl\/nase-vyrobky\/dopravnikove-systemy\/"},{"@type":"ListItem","position":4,"name":"CDT \u2013 Przeno\u015bniki cz\u0142onowe do obrabiarek CNC"}]}]}},"_links":{"self":[{"href":"https:\/\/astos.cz\/pl\/wp-json\/wp\/v2\/pages\/6990"}],"collection":[{"href":"https:\/\/astos.cz\/pl\/wp-json\/wp\/v2\/pages"}],"about":[{"href":"https:\/\/astos.cz\/pl\/wp-json\/wp\/v2\/types\/page"}],"author":[{"embeddable":true,"href":"https:\/\/astos.cz\/pl\/wp-json\/wp\/v2\/users\/6"}],"replies":[{"embeddable":true,"href":"https:\/\/astos.cz\/pl\/wp-json\/wp\/v2\/comments?post=6990"}],"version-history":[{"count":14,"href":"https:\/\/astos.cz\/pl\/wp-json\/wp\/v2\/pages\/6990\/revisions"}],"predecessor-version":[{"id":9738,"href":"https:\/\/astos.cz\/pl\/wp-json\/wp\/v2\/pages\/6990\/revisions\/9738"}],"up":[{"embeddable":true,"href":"https:\/\/astos.cz\/pl\/wp-json\/wp\/v2\/pages\/7379"}],"wp:featuredmedia":[{"embeddable":true,"href":"https:\/\/astos.cz\/pl\/wp-json\/wp\/v2\/media\/7005"}],"wp:attachment":[{"href":"https:\/\/astos.cz\/pl\/wp-json\/wp\/v2\/media?parent=6990"}],"wp:term":[{"taxonomy":"category","embeddable":true,"href":"https:\/\/astos.cz\/pl\/wp-json\/wp\/v2\/categories?post=6990"},{"taxonomy":"post_tag","embeddable":true,"href":"https:\/\/astos.cz\/pl\/wp-json\/wp\/v2\/tags?post=6990"}],"curies":[{"name":"wp","href":"https:\/\/api.w.org\/{rel}","templated":true}]}}