{"id":12668,"date":"2020-02-19T13:44:25","date_gmt":"2020-02-19T12:44:25","guid":{"rendered":"https:\/\/astos.cz\/vseobcne-nakupni-podminky-spolecnosti-astos-machinery\/"},"modified":"2025-05-12T17:05:19","modified_gmt":"2025-05-12T16:05:19","slug":"vseobcne-nakupni-podminky-spolecnosti-astos-machinery","status":"publish","type":"page","link":"https:\/\/astos.cz\/pl\/vseobcne-nakupni-podminky-spolecnosti-astos-machinery\/","title":{"rendered":"Og\u00f3lne Warunki Zakupu firmy ASTOS Machinery a.s."},"content":{"rendered":"<div id=\"pl-12668\"  class=\"panel-layout\" ><div id=\"pg-12668-0\"  class=\"panel-grid panel-no-style\" ><div id=\"pgc-12668-0-0\"  class=\"panel-grid-cell\" ><div id=\"panel-12668-0-0-0\" class=\"so-panel widget widget_pt_brochure_box widget-brochure-box panel-first-child panel-last-child\" data-index=\"0\" >\n\t\t\t<h4 class=\"sidebar__headings\">V\u0161eobecn\u00e9 n\u00e1kupn\u00ed podm\u00ednky ke sta\u017een\u00ed<\/h4>\n\t\t\t\t\t\t<a class=\"brochure-box\" href=\"https:\/\/astos.cz\/wp-content\/uploads\/2023\/01\/Vseobecne-nakupni-podminky-ASTOS-Machinery-a-s-01-01-2023.pdf\" target=\"_blank\">\n\t\t\t\t<i class=\"fa  fa-file-pdf-o\"><\/i>\n\t\t\t\t<h5 class=\"brochure-box__text\">V\u0161eobecn\u00e9 n\u00e1kupn\u00ed podm\u00ednky v PDF<\/h5>\n\t\t\t<\/a>\n\n\t\t\t<\/div><\/div><\/div><\/div>","protected":false},"excerpt":{"rendered":"<p>V\u0161eobecn\u00e9 n\u00e1kupn\u00ed podm\u00ednky ke sta\u017een\u00ed V\u0161eobecn\u00e9 n\u00e1kupn\u00ed podm\u00ednky v PDF<\/p>\n","protected":false},"author":6,"featured_media":9029,"parent":0,"menu_order":0,"comment_status":"closed","ping_status":"closed","template":"","meta":[],"categories":[],"tags":[],"yoast_head":"<!-- This site is optimized with the Yoast SEO plugin v18.5.1 - https:\/\/yoast.com\/wordpress\/plugins\/seo\/ -->\n<title>Og\u00f3lne Warunki Zakupu firmy ASTOS Machinery a.s. | ASTOS Machinery<\/title>\n<meta name=\"robots\" content=\"index, follow, max-snippet:-1, max-image-preview:large, max-video-preview:-1\" \/>\n<link rel=\"canonical\" href=\"https:\/\/astos.cz\/pl\/vseobcne-nakupni-podminky-spolecnosti-astos-machinery\/\" \/>\n<meta property=\"og:locale\" content=\"pl_PL\" \/>\n<meta property=\"og:type\" content=\"article\" \/>\n<meta property=\"og:title\" content=\"Og\u00f3lne Warunki Zakupu firmy ASTOS Machinery a.s. | ASTOS Machinery\" \/>\n<meta property=\"og:description\" content=\"V\u0161eobecn\u00e9 n\u00e1kupn\u00ed podm\u00ednky ke sta\u017een\u00ed V\u0161eobecn\u00e9 n\u00e1kupn\u00ed podm\u00ednky v PDF\" \/>\n<meta property=\"og:url\" content=\"https:\/\/astos.cz\/pl\/vseobcne-nakupni-podminky-spolecnosti-astos-machinery\/\" \/>\n<meta property=\"og:site_name\" content=\"ASTOS Machinery\" \/>\n<meta property=\"article:modified_time\" content=\"2025-05-12T16:05:19+00:00\" \/>\n<meta property=\"og:image\" content=\"https:\/\/astos.cz\/wp-content\/uploads\/2020\/02\/nahledovy-obrazek-nakupni-podminky.jpg\" \/>\n\t<meta property=\"og:image:width\" content=\"1140\" \/>\n\t<meta property=\"og:image:height\" content=\"640\" \/>\n\t<meta property=\"og:image:type\" content=\"image\/jpeg\" \/>\n<meta name=\"twitter:card\" content=\"summary\" \/>\n<meta name=\"twitter:label1\" content=\"Szacowany czas czytania\" \/>\n\t<meta name=\"twitter:data1\" content=\"1 minuta\" \/>\n<script type=\"application\/ld+json\" class=\"yoast-schema-graph\">{\"@context\":\"https:\/\/schema.org\",\"@graph\":[{\"@type\":\"WebSite\",\"@id\":\"https:\/\/astos.cz\/#website\",\"url\":\"https:\/\/astos.cz\/\",\"name\":\"ASTOS Machinery\",\"description\":\"Specialista na dopravn\u00edkov\u00e9 syst\u00e9my a krytov\u00e1n\u00ed stroj\u016f\",\"potentialAction\":[{\"@type\":\"SearchAction\",\"target\":{\"@type\":\"EntryPoint\",\"urlTemplate\":\"https:\/\/astos.cz\/?s={search_term_string}\"},\"query-input\":\"required name=search_term_string\"}],\"inLanguage\":\"pl-PL\"},{\"@type\":\"ImageObject\",\"@id\":\"https:\/\/astos.cz\/pl\/vseobcne-nakupni-podminky-spolecnosti-astos-machinery\/#primaryimage\",\"inLanguage\":\"pl-PL\",\"url\":\"https:\/\/astos.cz\/wp-content\/uploads\/2020\/02\/nahledovy-obrazek-nakupni-podminky.jpg\",\"contentUrl\":\"https:\/\/astos.cz\/wp-content\/uploads\/2020\/02\/nahledovy-obrazek-nakupni-podminky.jpg\",\"width\":1140,\"height\":640},{\"@type\":\"WebPage\",\"@id\":\"https:\/\/astos.cz\/pl\/vseobcne-nakupni-podminky-spolecnosti-astos-machinery\/#webpage\",\"url\":\"https:\/\/astos.cz\/pl\/vseobcne-nakupni-podminky-spolecnosti-astos-machinery\/\",\"name\":\"Og\u00f3lne Warunki Zakupu firmy ASTOS Machinery a.s. | ASTOS Machinery\",\"isPartOf\":{\"@id\":\"https:\/\/astos.cz\/#website\"},\"primaryImageOfPage\":{\"@id\":\"https:\/\/astos.cz\/pl\/vseobcne-nakupni-podminky-spolecnosti-astos-machinery\/#primaryimage\"},\"datePublished\":\"2020-02-19T12:44:25+00:00\",\"dateModified\":\"2025-05-12T16:05:19+00:00\",\"breadcrumb\":{\"@id\":\"https:\/\/astos.cz\/pl\/vseobcne-nakupni-podminky-spolecnosti-astos-machinery\/#breadcrumb\"},\"inLanguage\":\"pl-PL\",\"potentialAction\":[{\"@type\":\"ReadAction\",\"target\":[\"https:\/\/astos.cz\/pl\/vseobcne-nakupni-podminky-spolecnosti-astos-machinery\/\"]}]},{\"@type\":\"BreadcrumbList\",\"@id\":\"https:\/\/astos.cz\/pl\/vseobcne-nakupni-podminky-spolecnosti-astos-machinery\/#breadcrumb\",\"itemListElement\":[{\"@type\":\"ListItem\",\"position\":1,\"name\":\"Dom\u016f\",\"item\":\"https:\/\/astos.cz\/pl\/\"},{\"@type\":\"ListItem\",\"position\":2,\"name\":\"Og\u00f3lne Warunki Zakupu firmy ASTOS Machinery a.s.\"}]}]}<\/script>\n<!-- \/ Yoast SEO plugin. -->","yoast_head_json":{"title":"Og\u00f3lne Warunki Zakupu firmy ASTOS Machinery a.s. | ASTOS Machinery","robots":{"index":"index","follow":"follow","max-snippet":"max-snippet:-1","max-image-preview":"max-image-preview:large","max-video-preview":"max-video-preview:-1"},"canonical":"https:\/\/astos.cz\/pl\/vseobcne-nakupni-podminky-spolecnosti-astos-machinery\/","og_locale":"pl_PL","og_type":"article","og_title":"Og\u00f3lne Warunki Zakupu firmy ASTOS Machinery a.s. | ASTOS Machinery","og_description":"V\u0161eobecn\u00e9 n\u00e1kupn\u00ed podm\u00ednky ke sta\u017een\u00ed V\u0161eobecn\u00e9 n\u00e1kupn\u00ed podm\u00ednky v PDF","og_url":"https:\/\/astos.cz\/pl\/vseobcne-nakupni-podminky-spolecnosti-astos-machinery\/","og_site_name":"ASTOS Machinery","article_modified_time":"2025-05-12T16:05:19+00:00","og_image":[{"width":1140,"height":640,"url":"https:\/\/astos.cz\/wp-content\/uploads\/2020\/02\/nahledovy-obrazek-nakupni-podminky.jpg","type":"image\/jpeg"}],"twitter_card":"summary","twitter_misc":{"Szacowany czas czytania":"1 minuta"},"schema":{"@context":"https:\/\/schema.org","@graph":[{"@type":"WebSite","@id":"https:\/\/astos.cz\/#website","url":"https:\/\/astos.cz\/","name":"ASTOS Machinery","description":"Specialista na dopravn\u00edkov\u00e9 syst\u00e9my a krytov\u00e1n\u00ed stroj\u016f","potentialAction":[{"@type":"SearchAction","target":{"@type":"EntryPoint","urlTemplate":"https:\/\/astos.cz\/?s={search_term_string}"},"query-input":"required name=search_term_string"}],"inLanguage":"pl-PL"},{"@type":"ImageObject","@id":"https:\/\/astos.cz\/pl\/vseobcne-nakupni-podminky-spolecnosti-astos-machinery\/#primaryimage","inLanguage":"pl-PL","url":"https:\/\/astos.cz\/wp-content\/uploads\/2020\/02\/nahledovy-obrazek-nakupni-podminky.jpg","contentUrl":"https:\/\/astos.cz\/wp-content\/uploads\/2020\/02\/nahledovy-obrazek-nakupni-podminky.jpg","width":1140,"height":640},{"@type":"WebPage","@id":"https:\/\/astos.cz\/pl\/vseobcne-nakupni-podminky-spolecnosti-astos-machinery\/#webpage","url":"https:\/\/astos.cz\/pl\/vseobcne-nakupni-podminky-spolecnosti-astos-machinery\/","name":"Og\u00f3lne Warunki Zakupu firmy ASTOS Machinery a.s. | ASTOS Machinery","isPartOf":{"@id":"https:\/\/astos.cz\/#website"},"primaryImageOfPage":{"@id":"https:\/\/astos.cz\/pl\/vseobcne-nakupni-podminky-spolecnosti-astos-machinery\/#primaryimage"},"datePublished":"2020-02-19T12:44:25+00:00","dateModified":"2025-05-12T16:05:19+00:00","breadcrumb":{"@id":"https:\/\/astos.cz\/pl\/vseobcne-nakupni-podminky-spolecnosti-astos-machinery\/#breadcrumb"},"inLanguage":"pl-PL","potentialAction":[{"@type":"ReadAction","target":["https:\/\/astos.cz\/pl\/vseobcne-nakupni-podminky-spolecnosti-astos-machinery\/"]}]},{"@type":"BreadcrumbList","@id":"https:\/\/astos.cz\/pl\/vseobcne-nakupni-podminky-spolecnosti-astos-machinery\/#breadcrumb","itemListElement":[{"@type":"ListItem","position":1,"name":"Dom\u016f","item":"https:\/\/astos.cz\/pl\/"},{"@type":"ListItem","position":2,"name":"Og\u00f3lne Warunki Zakupu firmy ASTOS Machinery a.s."}]}]}},"_links":{"self":[{"href":"https:\/\/astos.cz\/pl\/wp-json\/wp\/v2\/pages\/12668"}],"collection":[{"href":"https:\/\/astos.cz\/pl\/wp-json\/wp\/v2\/pages"}],"about":[{"href":"https:\/\/astos.cz\/pl\/wp-json\/wp\/v2\/types\/page"}],"author":[{"embeddable":true,"href":"https:\/\/astos.cz\/pl\/wp-json\/wp\/v2\/users\/6"}],"replies":[{"embeddable":true,"href":"https:\/\/astos.cz\/pl\/wp-json\/wp\/v2\/comments?post=12668"}],"version-history":[{"count":8,"href":"https:\/\/astos.cz\/pl\/wp-json\/wp\/v2\/pages\/12668\/revisions"}],"predecessor-version":[{"id":12681,"href":"https:\/\/astos.cz\/pl\/wp-json\/wp\/v2\/pages\/12668\/revisions\/12681"}],"wp:featuredmedia":[{"embeddable":true,"href":"https:\/\/astos.cz\/pl\/wp-json\/wp\/v2\/media\/9029"}],"wp:attachment":[{"href":"https:\/\/astos.cz\/pl\/wp-json\/wp\/v2\/media?parent=12668"}],"wp:term":[{"taxonomy":"category","embeddable":true,"href":"https:\/\/astos.cz\/pl\/wp-json\/wp\/v2\/categories?post=12668"},{"taxonomy":"post_tag","embeddable":true,"href":"https:\/\/astos.cz\/pl\/wp-json\/wp\/v2\/tags?post=12668"}],"curies":[{"name":"wp","href":"https:\/\/api.w.org\/{rel}","templated":true}]}}