{"id":12608,"date":"2024-11-18T12:50:54","date_gmt":"2024-11-18T11:50:54","guid":{"rendered":"https:\/\/astos.cz\/priklad-c-3\/"},"modified":"2024-11-25T10:03:12","modified_gmt":"2024-11-25T09:03:12","slug":"priklad-c-3","status":"publish","type":"page","link":"https:\/\/astos.cz\/pl\/priklad-c-3\/","title":{"rendered":"T\u0142ocznia do produkcji motoryzacyjnej"},"content":{"rendered":"<div id=\"pl-12608\"  class=\"panel-layout\" ><div id=\"pg-12608-0\"  class=\"panel-grid panel-no-style\" ><div id=\"pgc-12608-0-0\"  class=\"panel-grid-cell\" ><div id=\"panel-12608-0-0-0\" class=\"so-panel widget widget_sow-editor panel-first-child panel-last-child\" data-index=\"0\" ><div class=\"so-widget-sow-editor so-widget-sow-editor-base\">\n<div class=\"siteorigin-widget-tinymce textwidget\">\n\t<p><strong>Automatyczna linia przeno\u015bnikowa do transportu odpad\u00f3w lub gotowych produkt\u00f3w dla marki samochod\u00f3w TOYOTA, model Camry.<\/strong><\/p>\n<p><strong>Zastosowanie:<\/strong> T\u0142ocznia w przemy\u015ble motoryzacyjnym \u2013 zewn\u0119trzne elementy karoserii<\/p>\n<\/div>\n<\/div><\/div><\/div><\/div><div id=\"pg-12608-1\"  class=\"panel-grid panel-no-style\" ><div id=\"pgc-12608-1-0\"  class=\"panel-grid-cell\" ><div id=\"panel-12608-1-0-0\" class=\"so-panel widget widget_sow-editor panel-first-child panel-last-child\" data-index=\"1\" ><div class=\"so-widget-sow-editor so-widget-sow-editor-base\">\n<div class=\"siteorigin-widget-tinymce textwidget\">\n\t<p><strong>Konfiguracja 3 przeno\u015bnik\u00f3w cz\u0142onowych:<\/strong><\/p>\n<ul>\n<li>2 proste przeno\u015bniki cz\u0142onowe o d\u0142ugo\u015bci 23 m i 32 m<\/li>\n<li>\u0141amany przeno\u015bnik wi\u00f3r\u00f3w w kszta\u0142cie \"Z\" o ca\u0142kowitej d\u0142ugo\u015bci 36 m i wysoko\u015bci wysypu 14 m<\/li>\n<\/ul>\n<p><strong>Wyposa\u017cenie:<\/strong><\/p>\n<ul>\n<li>Nap\u0119dzany silnikiem obrotowy zsyp wykonany z Hardoxu dla 2 kontener\u00f3w wielkopojemno\u015bciowych z czujnikami do automatycznego monitorowania poziomu nape\u0142nienia<\/li>\n<li>4 leje z Hardoxu<\/li>\n<li>Kontenery wielkopojemno\u015bciowe<\/li>\n<li>Platformy serwisowe, mostek przej\u015bciowy, schody (3 pi\u0119tra), konstrukcja wsporcza i podpora dla przeno\u015bnika wi\u00f3r\u00f3w<\/li>\n<li>Automatyczna jednostka steruj\u0105ca Siemens z ekranem dotykowym do komunikacji mi\u0119dzy prasami, prasami a innymi urz\u0105dzeniami t\u0142oczni oraz do automatycznego nape\u0142niania kontener\u00f3w<\/li>\n<\/ul>\n<\/div>\n<\/div><\/div><\/div><\/div><div id=\"pg-12608-2\"  class=\"panel-grid panel-no-style\" ><div id=\"pgc-12608-2-0\"  class=\"panel-grid-cell\" ><div id=\"panel-12608-2-0-0\" class=\"so-panel widget widget_sow-editor panel-first-child panel-last-child\" data-index=\"2\" ><div class=\"so-widget-sow-editor so-widget-sow-editor-base\">\n<div class=\"siteorigin-widget-tinymce textwidget\">\n\t<figure id=\"attachment_6322\" class=\"wp-caption alignleft\" style=\"width: 410px;\"><a href=\"https:\/\/astos.cz\/wp-content\/uploads\/2017\/05\/TOYOTA-V\u00ddSYPKA-1.jpg\" rel=\"lightbox[12608]\"><img loading=\"lazy\" class=\"alignnone size-full wp-image-7794\" src=\"https:\/\/astos.cz\/wp-content\/uploads\/2017\/05\/TOYOTA-V\u00ddSYPKA.jpg\" alt=\"vykres-oprava-399\" width=\"399\" height=\"257\" \/><\/a><figcaption class=\"wp-caption-text\">Projekt obrotowego zsypu<\/figcaption><\/figure>\n<p>&nbsp;<\/p>\n<figure id=\"attachment_6322\" class=\"wp-caption alignleft\" style=\"width: 410px;\"><a href=\"https:\/\/astos.cz\/wp-content\/uploads\/2017\/05\/TOYOTA-SESTAVA.jpg\" rel=\"lightbox[12608]\"><img loading=\"lazy\" class=\"alignnone size-full wp-image-7794\" src=\"https:\/\/astos.cz\/wp-content\/uploads\/2017\/05\/vykres-oprava-399.jpg\" alt=\"vykres-oprava-399\" width=\"399\" height=\"257\" srcset=\"https:\/\/astos.cz\/wp-content\/uploads\/2017\/05\/vykres-oprava-399.jpg 399w, https:\/\/astos.cz\/wp-content\/uploads\/2017\/05\/vykres-oprava-399-300x193.jpg 300w\" sizes=\"(max-width: 399px) 100vw, 399px\" \/><\/a><figcaption class=\"wp-caption-text\">Projekt przeno\u015bnika wy\u0142adowczego z obrotowym zsypem<\/figcaption><\/figure>\n<\/div>\n<\/div><\/div><\/div><div id=\"pgc-12608-2-1\"  class=\"panel-grid-cell\" ><div id=\"panel-12608-2-1-0\" class=\"so-panel widget widget_sow-editor panel-first-child panel-last-child\" data-index=\"3\" ><div class=\"so-widget-sow-editor so-widget-sow-editor-base\">\n<div class=\"siteorigin-widget-tinymce textwidget\">\n\t<figure id=\"attachment_6322\" class=\"wp-caption alignleft\" style=\"width: 410px;\"><a href=\"https:\/\/astos.cz\/wp-content\/uploads\/2017\/06\/DSC_0451b.jpg\" rel=\"lightbox[12608]\"><img loading=\"lazy\" class=\"alignnone size-full wp-image-7744\" src=\"https:\/\/astos.cz\/wp-content\/uploads\/2017\/06\/DSC_0451b-1.jpg\" alt=\"toyota\" width=\"399\" height=\"257\" \/><\/a><figcaption class=\"wp-caption-text\">Realizacja<\/figcaption><\/figure>\n<figure id=\"attachment_6322\" class=\"wp-caption alignleft\" style=\"width: 410px;\"><a href=\"https:\/\/astos.cz\/wp-content\/uploads\/2017\/05\/P4290085-1.jpg\" rel=\"lightbox[12608]\"><img loading=\"lazy\" class=\"alignnone size-full wp-image-7744\" src=\"https:\/\/astos.cz\/wp-content\/uploads\/2017\/05\/P4290085.jpg\" alt=\"toyota\" width=\"399\" height=\"257\" \/><\/a><figcaption class=\"wp-caption-text\">Realizacja przeno\u015bnika wy\u0142adowczego z obrotowym zsypem<\/figcaption><\/figure>\n<\/div>\n<\/div><\/div><\/div><\/div><\/div>","protected":false},"excerpt":{"rendered":"<p>Automatyczna linia przeno\u015bnikowa do transportu odpad\u00f3w lub gotowych produkt\u00f3w dla marki samochod\u00f3w TOYOTA, model Camry. Zastosowanie: T\u0142ocznia w przemy\u015ble motoryzacyjnym \u2013 zewn\u0119trzne elementy karoserii Konfiguracja 3 przeno\u015bnik\u00f3w cz\u0142onowych: 2 proste przeno\u015bniki cz\u0142onowe o d\u0142ugo\u015bci 23 m i 32 m \u0141amany przeno\u015bnik wi\u00f3r\u00f3w w kszta\u0142cie &#8222;Z&#8221; o ca\u0142kowitej d\u0142ugo\u015bci 36 m i wysoko\u015bci wysypu 14 m &hellip;<\/p>\n","protected":false},"author":8,"featured_media":7797,"parent":0,"menu_order":0,"comment_status":"closed","ping_status":"closed","template":"","meta":[],"categories":[],"tags":[],"yoast_head":"<!-- This site is optimized with the Yoast SEO plugin v18.5.1 - https:\/\/yoast.com\/wordpress\/plugins\/seo\/ -->\n<title>T\u0142ocznia do produkcji motoryzacyjnej | ASTOS Machinery<\/title>\n<meta name=\"robots\" content=\"index, follow, max-snippet:-1, max-image-preview:large, max-video-preview:-1\" \/>\n<link rel=\"canonical\" href=\"https:\/\/astos.cz\/pl\/priklad-c-3\/\" \/>\n<meta property=\"og:locale\" content=\"pl_PL\" \/>\n<meta property=\"og:type\" content=\"article\" \/>\n<meta property=\"og:title\" content=\"T\u0142ocznia do produkcji motoryzacyjnej | ASTOS Machinery\" \/>\n<meta property=\"og:description\" content=\"Automatyczna linia przeno\u015bnikowa do transportu odpad\u00f3w lub gotowych produkt\u00f3w dla marki samochod\u00f3w TOYOTA, model Camry. Zastosowanie: T\u0142ocznia w przemy\u015ble motoryzacyjnym \u2013 zewn\u0119trzne elementy karoserii Konfiguracja 3 przeno\u015bnik\u00f3w cz\u0142onowych: 2 proste przeno\u015bniki cz\u0142onowe o d\u0142ugo\u015bci 23 m i 32 m \u0141amany przeno\u015bnik wi\u00f3r\u00f3w w kszta\u0142cie &quot;Z&quot; o ca\u0142kowitej d\u0142ugo\u015bci 36 m i wysoko\u015bci wysypu 14 m &hellip;\" \/>\n<meta property=\"og:url\" content=\"https:\/\/astos.cz\/pl\/priklad-c-3\/\" \/>\n<meta property=\"og:site_name\" content=\"ASTOS Machinery\" \/>\n<meta property=\"article:modified_time\" content=\"2024-11-25T09:03:12+00:00\" \/>\n<meta property=\"og:image\" content=\"https:\/\/astos.cz\/wp-content\/uploads\/2017\/05\/vykres-oprava-399.jpg\" \/>\n\t<meta property=\"og:image:width\" content=\"399\" \/>\n\t<meta property=\"og:image:height\" content=\"257\" \/>\n\t<meta property=\"og:image:type\" content=\"image\/jpeg\" \/>\n<meta name=\"twitter:card\" content=\"summary\" \/>\n<meta name=\"twitter:label1\" content=\"Szacowany czas czytania\" \/>\n\t<meta name=\"twitter:data1\" content=\"2 minuty\" \/>\n<script type=\"application\/ld+json\" class=\"yoast-schema-graph\">{\"@context\":\"https:\/\/schema.org\",\"@graph\":[{\"@type\":\"WebSite\",\"@id\":\"https:\/\/astos.cz\/#website\",\"url\":\"https:\/\/astos.cz\/\",\"name\":\"ASTOS Machinery\",\"description\":\"Specialista na dopravn\u00edkov\u00e9 syst\u00e9my a krytov\u00e1n\u00ed stroj\u016f\",\"potentialAction\":[{\"@type\":\"SearchAction\",\"target\":{\"@type\":\"EntryPoint\",\"urlTemplate\":\"https:\/\/astos.cz\/?s={search_term_string}\"},\"query-input\":\"required name=search_term_string\"}],\"inLanguage\":\"pl-PL\"},{\"@type\":\"ImageObject\",\"@id\":\"https:\/\/astos.cz\/pl\/priklad-c-3\/#primaryimage\",\"inLanguage\":\"pl-PL\",\"url\":\"https:\/\/astos.cz\/wp-content\/uploads\/2017\/05\/vykres-oprava-399.jpg\",\"contentUrl\":\"https:\/\/astos.cz\/wp-content\/uploads\/2017\/05\/vykres-oprava-399.jpg\",\"width\":399,\"height\":257},{\"@type\":\"WebPage\",\"@id\":\"https:\/\/astos.cz\/pl\/priklad-c-3\/#webpage\",\"url\":\"https:\/\/astos.cz\/pl\/priklad-c-3\/\",\"name\":\"T\u0142ocznia do produkcji motoryzacyjnej | ASTOS Machinery\",\"isPartOf\":{\"@id\":\"https:\/\/astos.cz\/#website\"},\"primaryImageOfPage\":{\"@id\":\"https:\/\/astos.cz\/pl\/priklad-c-3\/#primaryimage\"},\"datePublished\":\"2024-11-18T11:50:54+00:00\",\"dateModified\":\"2024-11-25T09:03:12+00:00\",\"breadcrumb\":{\"@id\":\"https:\/\/astos.cz\/pl\/priklad-c-3\/#breadcrumb\"},\"inLanguage\":\"pl-PL\",\"potentialAction\":[{\"@type\":\"ReadAction\",\"target\":[\"https:\/\/astos.cz\/pl\/priklad-c-3\/\"]}]},{\"@type\":\"BreadcrumbList\",\"@id\":\"https:\/\/astos.cz\/pl\/priklad-c-3\/#breadcrumb\",\"itemListElement\":[{\"@type\":\"ListItem\",\"position\":1,\"name\":\"Dom\u016f\",\"item\":\"https:\/\/astos.cz\/pl\/\"},{\"@type\":\"ListItem\",\"position\":2,\"name\":\"T\u0142ocznia do produkcji motoryzacyjnej\"}]}]}<\/script>\n<!-- \/ Yoast SEO plugin. -->","yoast_head_json":{"title":"T\u0142ocznia do produkcji motoryzacyjnej | ASTOS Machinery","robots":{"index":"index","follow":"follow","max-snippet":"max-snippet:-1","max-image-preview":"max-image-preview:large","max-video-preview":"max-video-preview:-1"},"canonical":"https:\/\/astos.cz\/pl\/priklad-c-3\/","og_locale":"pl_PL","og_type":"article","og_title":"T\u0142ocznia do produkcji motoryzacyjnej | ASTOS Machinery","og_description":"Automatyczna linia przeno\u015bnikowa do transportu odpad\u00f3w lub gotowych produkt\u00f3w dla marki samochod\u00f3w TOYOTA, model Camry. Zastosowanie: T\u0142ocznia w przemy\u015ble motoryzacyjnym \u2013 zewn\u0119trzne elementy karoserii Konfiguracja 3 przeno\u015bnik\u00f3w cz\u0142onowych: 2 proste przeno\u015bniki cz\u0142onowe o d\u0142ugo\u015bci 23 m i 32 m \u0141amany przeno\u015bnik wi\u00f3r\u00f3w w kszta\u0142cie \"Z\" o ca\u0142kowitej d\u0142ugo\u015bci 36 m i wysoko\u015bci wysypu 14 m &hellip;","og_url":"https:\/\/astos.cz\/pl\/priklad-c-3\/","og_site_name":"ASTOS Machinery","article_modified_time":"2024-11-25T09:03:12+00:00","og_image":[{"width":399,"height":257,"url":"https:\/\/astos.cz\/wp-content\/uploads\/2017\/05\/vykres-oprava-399.jpg","type":"image\/jpeg"}],"twitter_card":"summary","twitter_misc":{"Szacowany czas czytania":"2 minuty"},"schema":{"@context":"https:\/\/schema.org","@graph":[{"@type":"WebSite","@id":"https:\/\/astos.cz\/#website","url":"https:\/\/astos.cz\/","name":"ASTOS Machinery","description":"Specialista na dopravn\u00edkov\u00e9 syst\u00e9my a krytov\u00e1n\u00ed stroj\u016f","potentialAction":[{"@type":"SearchAction","target":{"@type":"EntryPoint","urlTemplate":"https:\/\/astos.cz\/?s={search_term_string}"},"query-input":"required name=search_term_string"}],"inLanguage":"pl-PL"},{"@type":"ImageObject","@id":"https:\/\/astos.cz\/pl\/priklad-c-3\/#primaryimage","inLanguage":"pl-PL","url":"https:\/\/astos.cz\/wp-content\/uploads\/2017\/05\/vykres-oprava-399.jpg","contentUrl":"https:\/\/astos.cz\/wp-content\/uploads\/2017\/05\/vykres-oprava-399.jpg","width":399,"height":257},{"@type":"WebPage","@id":"https:\/\/astos.cz\/pl\/priklad-c-3\/#webpage","url":"https:\/\/astos.cz\/pl\/priklad-c-3\/","name":"T\u0142ocznia do produkcji motoryzacyjnej | ASTOS Machinery","isPartOf":{"@id":"https:\/\/astos.cz\/#website"},"primaryImageOfPage":{"@id":"https:\/\/astos.cz\/pl\/priklad-c-3\/#primaryimage"},"datePublished":"2024-11-18T11:50:54+00:00","dateModified":"2024-11-25T09:03:12+00:00","breadcrumb":{"@id":"https:\/\/astos.cz\/pl\/priklad-c-3\/#breadcrumb"},"inLanguage":"pl-PL","potentialAction":[{"@type":"ReadAction","target":["https:\/\/astos.cz\/pl\/priklad-c-3\/"]}]},{"@type":"BreadcrumbList","@id":"https:\/\/astos.cz\/pl\/priklad-c-3\/#breadcrumb","itemListElement":[{"@type":"ListItem","position":1,"name":"Dom\u016f","item":"https:\/\/astos.cz\/pl\/"},{"@type":"ListItem","position":2,"name":"T\u0142ocznia do produkcji motoryzacyjnej"}]}]}},"_links":{"self":[{"href":"https:\/\/astos.cz\/pl\/wp-json\/wp\/v2\/pages\/12608"}],"collection":[{"href":"https:\/\/astos.cz\/pl\/wp-json\/wp\/v2\/pages"}],"about":[{"href":"https:\/\/astos.cz\/pl\/wp-json\/wp\/v2\/types\/page"}],"author":[{"embeddable":true,"href":"https:\/\/astos.cz\/pl\/wp-json\/wp\/v2\/users\/8"}],"replies":[{"embeddable":true,"href":"https:\/\/astos.cz\/pl\/wp-json\/wp\/v2\/comments?post=12608"}],"version-history":[{"count":1,"href":"https:\/\/astos.cz\/pl\/wp-json\/wp\/v2\/pages\/12608\/revisions"}],"predecessor-version":[{"id":12609,"href":"https:\/\/astos.cz\/pl\/wp-json\/wp\/v2\/pages\/12608\/revisions\/12609"}],"wp:featuredmedia":[{"embeddable":true,"href":"https:\/\/astos.cz\/pl\/wp-json\/wp\/v2\/media\/7797"}],"wp:attachment":[{"href":"https:\/\/astos.cz\/pl\/wp-json\/wp\/v2\/media?parent=12608"}],"wp:term":[{"taxonomy":"category","embeddable":true,"href":"https:\/\/astos.cz\/pl\/wp-json\/wp\/v2\/categories?post=12608"},{"taxonomy":"post_tag","embeddable":true,"href":"https:\/\/astos.cz\/pl\/wp-json\/wp\/v2\/tags?post=12608"}],"curies":[{"name":"wp","href":"https:\/\/api.w.org\/{rel}","templated":true}]}}