{"id":12562,"date":"2024-11-18T15:22:45","date_gmt":"2024-11-18T14:22:45","guid":{"rendered":"https:\/\/astos.cz\/nase-vyrobky\/czesci-zamienne\/"},"modified":"2024-11-18T15:27:07","modified_gmt":"2024-11-18T14:27:07","slug":"czesci-zamienne","status":"publish","type":"page","link":"https:\/\/astos.cz\/pl\/nase-vyrobky\/czesci-zamienne\/","title":{"rendered":"Cz\u0119\u015bci zamienne"},"content":{"rendered":"<div id=\"pl-12562\"  class=\"panel-layout\" ><div id=\"pg-12562-0\"  class=\"panel-grid panel-no-style\" ><div id=\"pgc-12562-0-0\"  class=\"panel-grid-cell\" ><div id=\"panel-12562-0-0-0\" class=\"so-panel widget widget_sow-editor panel-first-child panel-last-child\" data-index=\"0\" ><div class=\"so-widget-sow-editor so-widget-sow-editor-base\">\n<div class=\"siteorigin-widget-tinymce textwidget\">\n\t<p>&nbsp;<\/p>\n<h3>Oferujemy cz\u0119\u015bci zamienne do przeno\u015bnik\u00f3w wszystkich producent\u00f3w, w tym azjatyckich.<\/h3>\n<\/div>\n<\/div><\/div><\/div><\/div><div id=\"pg-12562-1\"  class=\"panel-grid panel-no-style\" ><div id=\"pgc-12562-1-0\"  class=\"panel-grid-cell\" ><div id=\"panel-12562-1-0-0\" class=\"so-panel widget widget_sow-editor panel-first-child panel-last-child\" data-index=\"1\" ><div class=\"so-widget-sow-editor so-widget-sow-editor-base\">\n<div class=\"siteorigin-widget-tinymce textwidget\">\n\t<h4 class=\"alternative-heading\">Lista najcz\u0119\u015bciej zamawianych cz\u0119\u015bci zamiennych:<\/h4>\n<p><strong>Pas \u0142a\u0144cuchowy<\/strong> Podzia\u0142ka t 40: perforowany \u2013 nieperforowany Podzia\u0142ka r 63: perforowany \u2013 nieperforowany Podzia\u0142ka t 100: nieperforowany<br \/>\n<strong>Pas zgarniakowy<\/strong><br \/>\nPodzia\u0142ka t 40<br \/>\nPodzia\u0142ka t 63<\/p>\n<p><strong>Ogniwo pasa<\/strong><br \/>\nPodzia\u0142ka t 40, t 63, t 100<\/p>\n<p><strong>Kompletne ogniwo \u0142\u0105cz\u0105ce<\/strong><\/p>\n<p><strong>\u0141a\u0144cuch<\/strong><\/p>\n<p><strong>Ko\u0142a \u0142a\u0144cuchowe<\/strong><br \/>\nNap\u0119dowe i nap\u0119dzane<\/p>\n<p><strong>Wa\u0142<\/strong><br \/>\nNap\u0119dowy i nap\u0119dzany<\/p>\n<p><strong>\u0141o\u017cyska<\/strong><br \/>\nStandardowe i UCP (stacja napinaj\u0105ca)<\/p>\n<p><strong>Przek\u0142adnia<\/strong><\/p>\n<p><strong>Inne akcesoria: pompa, wska\u017anik poziomu itp.<\/strong><\/p>\n<p>Aby zam\u00f3wi\u0107 odpowiednie cz\u0119\u015bci zamienne do przeno\u015bnik\u00f3w ASTOS, prosz\u0119 zawsze poda\u0107 typ produktu, rok produkcji i numer seryjny. Informacje te mo\u017cna znale\u017a\u0107 na tabliczce znamionowej produktu lub w dostarczonej dokumentacji technicznej.<\/p>\n<p>Przyk\u0142ady:<br \/>\nCDT 200 \u2013 1999 \u2013 numer seryjny 0025 (stare oznaczenie, u\u017cywane do po\u0142owy 2007 roku)<\/p>\n<p>CDT 450 \u2013 2008 \u2013 numer seryjny 081401241 (nowe oznaczenie, u\u017cywane od drugiej po\u0142owy 2007 roku)<\/p>\n<\/div>\n<\/div><\/div><\/div><div id=\"pgc-12562-1-1\"  class=\"panel-grid-cell\" ><div id=\"panel-12562-1-1-0\" class=\"so-panel widget widget_sow-editor panel-first-child panel-last-child\" data-index=\"2\" ><div class=\"so-widget-sow-editor so-widget-sow-editor-base\">\n<div class=\"siteorigin-widget-tinymce textwidget\">\n\t\n<p><a href=\"https:\/\/astos.cz\/wp-content\/uploads\/2016\/03\/cdt_63.jpg\"  rel=\"lightbox[12562] attachment wp-att-5110\"><img loading=\"lazy\" class=\"alignnone wp-image-5110\" src=\"https:\/\/astos.cz\/wp-content\/uploads\/2016\/03\/cdt_63.jpg\" alt=\"cdt_63\" width=\"410\" height=\"232\" srcset=\"https:\/\/astos.cz\/wp-content\/uploads\/2016\/03\/cdt_63.jpg 848w, https:\/\/astos.cz\/wp-content\/uploads\/2016\/03\/cdt_63-300x170.jpg 300w, https:\/\/astos.cz\/wp-content\/uploads\/2016\/03\/cdt_63-768x435.jpg 768w, https:\/\/astos.cz\/wp-content\/uploads\/2016\/03\/cdt_63-555x314.jpg 555w\" sizes=\"(max-width: 410px) 100vw, 410px\" \/><\/a><\/p>\n<p><a href=\"https:\/\/astos.cz\/wp-content\/uploads\/2016\/02\/img-Nahradni-dily-hrabla.jpg\"  rel=\"lightbox[12562] attachment wp-att-5698\"><img loading=\"lazy\" class=\"alignnone wp-image-5698\" src=\"https:\/\/astos.cz\/wp-content\/uploads\/2016\/02\/img-Nahradni-dily-hrabla.jpg\" alt=\"img-Nahradni-dily-hrabla\" width=\"410\" height=\"232\" srcset=\"https:\/\/astos.cz\/wp-content\/uploads\/2016\/02\/img-Nahradni-dily-hrabla.jpg 848w, https:\/\/astos.cz\/wp-content\/uploads\/2016\/02\/img-Nahradni-dily-hrabla-300x170.jpg 300w, https:\/\/astos.cz\/wp-content\/uploads\/2016\/02\/img-Nahradni-dily-hrabla-768x435.jpg 768w, https:\/\/astos.cz\/wp-content\/uploads\/2016\/02\/img-Nahradni-dily-hrabla-555x314.jpg 555w\" sizes=\"(max-width: 410px) 100vw, 410px\" \/><\/a><\/p>\n<p><a href=\"https:\/\/astos.cz\/wp-content\/uploads\/2016\/02\/img-Nahradni-dily-spojovaci-clanek.jpg\"  rel=\"lightbox[12562] attachment wp-att-5701\"><img loading=\"lazy\" class=\"alignnone wp-image-5701\" src=\"https:\/\/astos.cz\/wp-content\/uploads\/2016\/02\/img-Nahradni-dily-spojovaci-clanek.jpg\" alt=\"img-Nahradni-dily-spojovaci-clanek\" width=\"410\" height=\"232\" srcset=\"https:\/\/astos.cz\/wp-content\/uploads\/2016\/02\/img-Nahradni-dily-spojovaci-clanek.jpg 848w, https:\/\/astos.cz\/wp-content\/uploads\/2016\/02\/img-Nahradni-dily-spojovaci-clanek-300x170.jpg 300w, https:\/\/astos.cz\/wp-content\/uploads\/2016\/02\/img-Nahradni-dily-spojovaci-clanek-768x435.jpg 768w, https:\/\/astos.cz\/wp-content\/uploads\/2016\/02\/img-Nahradni-dily-spojovaci-clanek-555x314.jpg 555w\" sizes=\"(max-width: 410px) 100vw, 410px\" \/><\/a><\/p>\n<\/div>\n<\/div><\/div><\/div><\/div><div id=\"pg-12562-2\"  class=\"panel-grid panel-no-style\" ><div id=\"pgc-12562-2-0\"  class=\"panel-grid-cell\" ><div id=\"panel-12562-2-0-0\" class=\"so-panel widget widget_sow-editor panel-first-child panel-last-child\" data-index=\"3\" ><div class=\"so-widget-sow-editor so-widget-sow-editor-base\">\n<div class=\"siteorigin-widget-tinymce textwidget\">\n\t<h4 class=\"alternative-heading\">Wype\u0142nij nasz formularz online, a my si\u0119 z Tob\u0105 skontaktujemy!<\/h4>\n<div class=\"wpforms-container wpforms-container-full wpforms-render-modern\" id=\"wpforms-12505\"><form id=\"wpforms-form-12505\" class=\"wpforms-validate wpforms-form wpforms-ajax-form\" data-formid=\"12505\" method=\"post\" enctype=\"multipart\/form-data\" action=\"\/pl\/wp-json\/wp\/v2\/pages\/12562\" data-token=\"47b0645932e53a2a478a2cd95c0769d8\" data-token-time=\"1778067631\"><noscript class=\"wpforms-error-noscript\">Aby wype\u0142ni\u0107 ten formularz, w\u0142\u0105cz obs\u0142ug\u0119 JavaScript w przegl\u0105darce.<\/noscript><div class=\"wpforms-hidden\" id=\"wpforms-error-noscript\">Aby wype\u0142ni\u0107 ten formularz, w\u0142\u0105cz obs\u0142ug\u0119 JavaScript w przegl\u0105darce.<\/div><div class=\"wpforms-field-container\">\t\t<div id=\"wpforms-12505-field_3-container\"\n\t\t\tclass=\"wpforms-field wpforms-field-text\"\n\t\t\tdata-field-type=\"text\"\n\t\t\tdata-field-id=\"3\"\n\t\t\t>\n\t\t\t<label class=\"wpforms-field-label\" for=\"wpforms-12505-field_3\" >potrzebujesz. kt\u00f3rej cz\u0119\u015b\u0107<\/label>\n\t\t\t<input type=\"text\" id=\"wpforms-12505-field_3\" class=\"wpforms-field-medium\" name=\"wpforms[fields][3]\" >\n\t\t<\/div>\n\t\t<div id=\"wpforms-12505-field_1-container\" class=\"wpforms-field wpforms-field-name\" data-field-id=\"1\"><label class=\"wpforms-field-label\" for=\"wpforms-12505-field_1\">Imi\u0119 <span class=\"wpforms-required-label\" aria-hidden=\"true\">*<\/span><\/label><input type=\"text\" id=\"wpforms-12505-field_1\" class=\"wpforms-field-medium wpforms-field-required\" name=\"wpforms[fields][1]\" aria-errormessage=\"wpforms-12505-field_1-error\" required><\/div><div id=\"wpforms-12505-field_2-container\" class=\"wpforms-field wpforms-field-email\" data-field-id=\"2\"><label class=\"wpforms-field-label\" for=\"wpforms-12505-field_2\">E-mail <span class=\"wpforms-required-label\" aria-hidden=\"true\">*<\/span><\/label><input type=\"email\" id=\"wpforms-12505-field_2\" class=\"wpforms-field-medium wpforms-field-required\" name=\"wpforms[fields][2]\" spellcheck=\"false\" aria-errormessage=\"wpforms-12505-field_2-error\" required><\/div><div id=\"wpforms-12505-field_6-container\" class=\"wpforms-field wpforms-field-text\" data-field-id=\"6\"><label class=\"wpforms-field-label\" for=\"wpforms-12505-field_6\">Producent przeno\u015bnika<\/label><input type=\"text\" id=\"wpforms-12505-field_6\" class=\"wpforms-field-medium\" name=\"wpforms[fields][6]\" aria-errormessage=\"wpforms-12505-field_6-error\" ><\/div><div id=\"wpforms-12505-field_4-container\" class=\"wpforms-field wpforms-field-textarea\" data-field-id=\"4\"><label class=\"wpforms-field-label\" for=\"wpforms-12505-field_4\">Prosz\u0119 opisa\u0107 cz\u0119\u015b\u0107 zamienn\u0105, kt\u00f3rej potrzebujesz.<\/label><textarea id=\"wpforms-12505-field_4\" class=\"wpforms-field-medium\" name=\"wpforms[fields][4]\" aria-errormessage=\"wpforms-12505-field_4-error\" ><\/textarea><\/div><script>\n\t\t\t\t( function() {\n\t\t\t\t\tconst style = document.createElement( 'style' );\n\t\t\t\t\tstyle.appendChild( document.createTextNode( '#wpforms-12505-field_3-container { position: absolute !important; overflow: hidden !important; display: inline !important; height: 1px !important; width: 1px !important; z-index: -1000 !important; padding: 0 !important; } #wpforms-12505-field_3-container input { visibility: hidden; } #wpforms-conversational-form-page #wpforms-12505-field_3-container label { counter-increment: none; }' ) );\n\t\t\t\t\tdocument.head.appendChild( style );\n\t\t\t\t\tdocument.currentScript?.remove();\n\t\t\t\t} )();\n\t\t\t<\/script><\/div><!-- .wpforms-field-container --><div class=\"wpforms-submit-container\" ><input type=\"hidden\" name=\"wpforms[id]\" value=\"12505\"><input type=\"hidden\" name=\"page_title\" value=\"\"><input type=\"hidden\" name=\"page_url\" value=\"https:\/\/astos.cz\/pl\/wp-json\/wp\/v2\/pages\/12562\"><button type=\"submit\" name=\"wpforms[submit]\" id=\"wpforms-submit-12505\" class=\"wpforms-submit\" data-alt-text=\"Wysy\u0142anie...\" data-submit-text=\"Wy\u015blij\" aria-live=\"assertive\" value=\"wpforms-submit\">Wy\u015blij<\/button><img src=\"https:\/\/astos.cz\/wp-content\/plugins\/wpforms-lite\/assets\/images\/submit-spin.svg\" class=\"wpforms-submit-spinner\" style=\"display: none;\" width=\"26\" height=\"26\" alt=\"Wczytywanie\"><\/div><\/form><\/div>  <!-- .wpforms-container -->\n<\/div>\n<\/div><\/div><\/div><\/div><\/div>","protected":false},"excerpt":{"rendered":"<p>&nbsp; Oferujemy cz\u0119\u015bci zamienne do przeno\u015bnik\u00f3w wszystkich producent\u00f3w, w tym azjatyckich. Lista najcz\u0119\u015bciej zamawianych cz\u0119\u015bci zamiennych: Pas \u0142a\u0144cuchowy Podzia\u0142ka t 40: perforowany \u2013 nieperforowany Podzia\u0142ka r 63: perforowany \u2013 nieperforowany Podzia\u0142ka t 100: nieperforowany Pas zgarniakowy Podzia\u0142ka t 40 Podzia\u0142ka t 63 Ogniwo pasa Podzia\u0142ka t 40, t 63, t 100 Kompletne ogniwo \u0142\u0105cz\u0105ce \u0141a\u0144cuch &hellip;<\/p>\n","protected":false},"author":6,"featured_media":0,"parent":7371,"menu_order":0,"comment_status":"closed","ping_status":"closed","template":"","meta":[],"categories":[],"tags":[],"yoast_head":"<!-- This site is optimized with the Yoast SEO plugin v18.5.1 - https:\/\/yoast.com\/wordpress\/plugins\/seo\/ -->\n<title>Cz\u0119\u015bci zamienne | ASTOS Machinery<\/title>\n<meta name=\"description\" content=\"Zapoznaj si\u0119 z list\u0105 najcz\u0119\u015bciej zamawianych cz\u0119\u015bci zamiennych.\" \/>\n<meta name=\"robots\" content=\"index, follow, max-snippet:-1, max-image-preview:large, max-video-preview:-1\" \/>\n<link rel=\"canonical\" href=\"https:\/\/astos.cz\/pl\/nase-vyrobky\/czesci-zamienne\/\" \/>\n<meta property=\"og:locale\" content=\"pl_PL\" \/>\n<meta property=\"og:type\" content=\"article\" \/>\n<meta property=\"og:title\" content=\"Cz\u0119\u015bci zamienne | ASTOS Machinery\" \/>\n<meta property=\"og:description\" content=\"Zapoznaj si\u0119 z list\u0105 najcz\u0119\u015bciej zamawianych cz\u0119\u015bci zamiennych.\" \/>\n<meta property=\"og:url\" content=\"https:\/\/astos.cz\/pl\/nase-vyrobky\/czesci-zamienne\/\" \/>\n<meta property=\"og:site_name\" content=\"ASTOS Machinery\" \/>\n<meta property=\"article:modified_time\" content=\"2024-11-18T14:27:07+00:00\" \/>\n<meta property=\"og:image\" content=\"https:\/\/astos.cz\/wp-content\/uploads\/2016\/03\/cdt_63.jpg\" \/>\n<meta name=\"twitter:card\" content=\"summary\" \/>\n<meta name=\"twitter:label1\" content=\"Szacowany czas czytania\" \/>\n\t<meta name=\"twitter:data1\" content=\"2 minuty\" \/>\n<script type=\"application\/ld+json\" class=\"yoast-schema-graph\">{\"@context\":\"https:\/\/schema.org\",\"@graph\":[{\"@type\":\"WebSite\",\"@id\":\"https:\/\/astos.cz\/#website\",\"url\":\"https:\/\/astos.cz\/\",\"name\":\"ASTOS Machinery\",\"description\":\"Specialista na dopravn\u00edkov\u00e9 syst\u00e9my a krytov\u00e1n\u00ed stroj\u016f\",\"potentialAction\":[{\"@type\":\"SearchAction\",\"target\":{\"@type\":\"EntryPoint\",\"urlTemplate\":\"https:\/\/astos.cz\/?s={search_term_string}\"},\"query-input\":\"required name=search_term_string\"}],\"inLanguage\":\"pl-PL\"},{\"@type\":\"ImageObject\",\"@id\":\"https:\/\/astos.cz\/pl\/nase-vyrobky\/czesci-zamienne\/#primaryimage\",\"inLanguage\":\"pl-PL\",\"url\":\"https:\/\/astos.cz\/wp-content\/uploads\/2016\/03\/cdt_63.jpg\",\"contentUrl\":\"https:\/\/astos.cz\/wp-content\/uploads\/2016\/03\/cdt_63.jpg\",\"width\":848,\"height\":480},{\"@type\":\"WebPage\",\"@id\":\"https:\/\/astos.cz\/pl\/nase-vyrobky\/czesci-zamienne\/#webpage\",\"url\":\"https:\/\/astos.cz\/pl\/nase-vyrobky\/czesci-zamienne\/\",\"name\":\"Cz\u0119\u015bci zamienne | ASTOS Machinery\",\"isPartOf\":{\"@id\":\"https:\/\/astos.cz\/#website\"},\"primaryImageOfPage\":{\"@id\":\"https:\/\/astos.cz\/pl\/nase-vyrobky\/czesci-zamienne\/#primaryimage\"},\"datePublished\":\"2024-11-18T14:22:45+00:00\",\"dateModified\":\"2024-11-18T14:27:07+00:00\",\"description\":\"Zapoznaj si\u0119 z list\u0105 najcz\u0119\u015bciej zamawianych cz\u0119\u015bci zamiennych.\",\"breadcrumb\":{\"@id\":\"https:\/\/astos.cz\/pl\/nase-vyrobky\/czesci-zamienne\/#breadcrumb\"},\"inLanguage\":\"pl-PL\",\"potentialAction\":[{\"@type\":\"ReadAction\",\"target\":[\"https:\/\/astos.cz\/pl\/nase-vyrobky\/czesci-zamienne\/\"]}]},{\"@type\":\"BreadcrumbList\",\"@id\":\"https:\/\/astos.cz\/pl\/nase-vyrobky\/czesci-zamienne\/#breadcrumb\",\"itemListElement\":[{\"@type\":\"ListItem\",\"position\":1,\"name\":\"Dom\u016f\",\"item\":\"https:\/\/astos.cz\/pl\/\"},{\"@type\":\"ListItem\",\"position\":2,\"name\":\"NASZE PRODUKTY\",\"item\":\"https:\/\/astos.cz\/pl\/nase-vyrobky\/\"},{\"@type\":\"ListItem\",\"position\":3,\"name\":\"Cz\u0119\u015bci zamienne\"}]}]}<\/script>\n<!-- \/ Yoast SEO plugin. -->","yoast_head_json":{"title":"Cz\u0119\u015bci zamienne | ASTOS Machinery","description":"Zapoznaj si\u0119 z list\u0105 najcz\u0119\u015bciej zamawianych cz\u0119\u015bci zamiennych.","robots":{"index":"index","follow":"follow","max-snippet":"max-snippet:-1","max-image-preview":"max-image-preview:large","max-video-preview":"max-video-preview:-1"},"canonical":"https:\/\/astos.cz\/pl\/nase-vyrobky\/czesci-zamienne\/","og_locale":"pl_PL","og_type":"article","og_title":"Cz\u0119\u015bci zamienne | ASTOS Machinery","og_description":"Zapoznaj si\u0119 z list\u0105 najcz\u0119\u015bciej zamawianych cz\u0119\u015bci zamiennych.","og_url":"https:\/\/astos.cz\/pl\/nase-vyrobky\/czesci-zamienne\/","og_site_name":"ASTOS Machinery","article_modified_time":"2024-11-18T14:27:07+00:00","og_image":[{"url":"https:\/\/astos.cz\/wp-content\/uploads\/2016\/03\/cdt_63.jpg"}],"twitter_card":"summary","twitter_misc":{"Szacowany czas czytania":"2 minuty"},"schema":{"@context":"https:\/\/schema.org","@graph":[{"@type":"WebSite","@id":"https:\/\/astos.cz\/#website","url":"https:\/\/astos.cz\/","name":"ASTOS Machinery","description":"Specialista na dopravn\u00edkov\u00e9 syst\u00e9my a krytov\u00e1n\u00ed stroj\u016f","potentialAction":[{"@type":"SearchAction","target":{"@type":"EntryPoint","urlTemplate":"https:\/\/astos.cz\/?s={search_term_string}"},"query-input":"required name=search_term_string"}],"inLanguage":"pl-PL"},{"@type":"ImageObject","@id":"https:\/\/astos.cz\/pl\/nase-vyrobky\/czesci-zamienne\/#primaryimage","inLanguage":"pl-PL","url":"https:\/\/astos.cz\/wp-content\/uploads\/2016\/03\/cdt_63.jpg","contentUrl":"https:\/\/astos.cz\/wp-content\/uploads\/2016\/03\/cdt_63.jpg","width":848,"height":480},{"@type":"WebPage","@id":"https:\/\/astos.cz\/pl\/nase-vyrobky\/czesci-zamienne\/#webpage","url":"https:\/\/astos.cz\/pl\/nase-vyrobky\/czesci-zamienne\/","name":"Cz\u0119\u015bci zamienne | ASTOS Machinery","isPartOf":{"@id":"https:\/\/astos.cz\/#website"},"primaryImageOfPage":{"@id":"https:\/\/astos.cz\/pl\/nase-vyrobky\/czesci-zamienne\/#primaryimage"},"datePublished":"2024-11-18T14:22:45+00:00","dateModified":"2024-11-18T14:27:07+00:00","description":"Zapoznaj si\u0119 z list\u0105 najcz\u0119\u015bciej zamawianych cz\u0119\u015bci zamiennych.","breadcrumb":{"@id":"https:\/\/astos.cz\/pl\/nase-vyrobky\/czesci-zamienne\/#breadcrumb"},"inLanguage":"pl-PL","potentialAction":[{"@type":"ReadAction","target":["https:\/\/astos.cz\/pl\/nase-vyrobky\/czesci-zamienne\/"]}]},{"@type":"BreadcrumbList","@id":"https:\/\/astos.cz\/pl\/nase-vyrobky\/czesci-zamienne\/#breadcrumb","itemListElement":[{"@type":"ListItem","position":1,"name":"Dom\u016f","item":"https:\/\/astos.cz\/pl\/"},{"@type":"ListItem","position":2,"name":"NASZE PRODUKTY","item":"https:\/\/astos.cz\/pl\/nase-vyrobky\/"},{"@type":"ListItem","position":3,"name":"Cz\u0119\u015bci zamienne"}]}]}},"_links":{"self":[{"href":"https:\/\/astos.cz\/pl\/wp-json\/wp\/v2\/pages\/12562"}],"collection":[{"href":"https:\/\/astos.cz\/pl\/wp-json\/wp\/v2\/pages"}],"about":[{"href":"https:\/\/astos.cz\/pl\/wp-json\/wp\/v2\/types\/page"}],"author":[{"embeddable":true,"href":"https:\/\/astos.cz\/pl\/wp-json\/wp\/v2\/users\/6"}],"replies":[{"embeddable":true,"href":"https:\/\/astos.cz\/pl\/wp-json\/wp\/v2\/comments?post=12562"}],"version-history":[{"count":3,"href":"https:\/\/astos.cz\/pl\/wp-json\/wp\/v2\/pages\/12562\/revisions"}],"predecessor-version":[{"id":12566,"href":"https:\/\/astos.cz\/pl\/wp-json\/wp\/v2\/pages\/12562\/revisions\/12566"}],"up":[{"embeddable":true,"href":"https:\/\/astos.cz\/pl\/wp-json\/wp\/v2\/pages\/7371"}],"wp:attachment":[{"href":"https:\/\/astos.cz\/pl\/wp-json\/wp\/v2\/media?parent=12562"}],"wp:term":[{"taxonomy":"category","embeddable":true,"href":"https:\/\/astos.cz\/pl\/wp-json\/wp\/v2\/categories?post=12562"},{"taxonomy":"post_tag","embeddable":true,"href":"https:\/\/astos.cz\/pl\/wp-json\/wp\/v2\/tags?post=12562"}],"curies":[{"name":"wp","href":"https:\/\/api.w.org\/{rel}","templated":true}]}}