{"id":8887,"date":"2019-10-30T13:55:19","date_gmt":"2019-10-30T12:55:19","guid":{"rendered":"https:\/\/astos.cz\/en\/?page_id=8887"},"modified":"2022-06-15T12:45:09","modified_gmt":"2022-06-15T11:45:09","slug":"fsb-cfs-drum-filtration-station-central-filtration-station","status":"publish","type":"page","link":"https:\/\/astos.cz\/en\/nase-vyrobky\/filtracni-zarizeni\/fsb-cfs-drum-filtration-station-central-filtration-station\/","title":{"rendered":"FSB and CFS &#8211; Drum filtration station and a central filtration station"},"content":{"rendered":"<div id=\"pl-8887\"  class=\"panel-layout\" ><div id=\"pg-8887-0\"  class=\"panel-grid panel-no-style\" ><div id=\"pgc-8887-0-0\"  class=\"panel-grid-cell\" ><div id=\"panel-8887-0-0-0\" class=\"so-panel widget widget_sow-editor panel-first-child panel-last-child\" data-index=\"0\" ><div class=\"so-widget-sow-editor so-widget-sow-editor-base\">\n<div class=\"siteorigin-widget-tinymce textwidget\">\n\t<h3>Drum filtration station and a central filtration station<\/h3>\n<p>This circuit filtration equipment is designed for filtration of different types of liquid contaminated by mechanical particles, e.g. ground-off material from grinding, chips from machining, iron scales from alloy formation, sludge from washing and hardening processes, etc. When the liquid passes through the DFS and CFS equipment, it is decontaminated and may be used in the technological process again.<\/p>\n<p>Both equipment types are custom-manufactured based on individual parameters and requirements, e.g. flow rate, medium to be filtered, viscosity, requested filtration depth,<br \/>\ninput concentration, size and shape of filtered particles.<\/p>\n<p>The definite parameter setting and configuration are prepared based on your parameters or sludge and liquid samples determined for a filtration that are subsequently analysed in our laboratory. The equipment is designed with optimal built-in dimensions and necessary components and blocks.<\/p>\n<p><strong><em>Example of production floor<\/em><\/strong><\/p>\n<p><a href=\"https:\/\/www.astos.cz\/wp-content\/uploads\/2019\/10\/Example-of-production-floor_EN.png\" rel=\"lightbox[8887]\"><img loading=\"lazy\" class=\"aligncenter size-full wp-image-8888\" src=\"https:\/\/www.astos.cz\/wp-content\/uploads\/2019\/10\/Example-of-production-floor_EN.png\" alt=\"Example of production floor_EN\" width=\"1103\" height=\"696\" srcset=\"https:\/\/astos.cz\/wp-content\/uploads\/2019\/10\/Example-of-production-floor_EN.png 1103w, https:\/\/astos.cz\/wp-content\/uploads\/2019\/10\/Example-of-production-floor_EN-300x189.png 300w, https:\/\/astos.cz\/wp-content\/uploads\/2019\/10\/Example-of-production-floor_EN-768x485.png 768w, https:\/\/astos.cz\/wp-content\/uploads\/2019\/10\/Example-of-production-floor_EN-1024x646.png 1024w, https:\/\/astos.cz\/wp-content\/uploads\/2019\/10\/Example-of-production-floor_EN-555x350.png 555w\" sizes=\"(max-width: 1103px) 100vw, 1103px\" \/><\/a><\/p>\n<\/div>\n<\/div><\/div><\/div><\/div><\/div>","protected":false},"excerpt":{"rendered":"<p>Drum filtration station and a central filtration station This circuit filtration equipment is designed for filtration of different types of liquid contaminated by mechanical particles, e.g. ground-off material from grinding, chips from machining, iron scales from alloy formation, sludge from washing and hardening processes, etc. When the liquid passes through the DFS and CFS equipment, &hellip;<\/p>\n","protected":false},"author":4,"featured_media":8796,"parent":4726,"menu_order":0,"comment_status":"closed","ping_status":"closed","template":"","meta":[],"categories":[108],"tags":[],"yoast_head":"<!-- This site is optimized with the Yoast SEO plugin v18.5.1 - https:\/\/yoast.com\/wordpress\/plugins\/seo\/ -->\n<title>FSB and CFS - Drum filtration station and a central filtration station | ASTOS Machinery<\/title>\n<meta name=\"robots\" content=\"index, follow, max-snippet:-1, max-image-preview:large, max-video-preview:-1\" \/>\n<link rel=\"canonical\" href=\"https:\/\/astos.cz\/en\/nase-vyrobky\/filtracni-zarizeni\/fsb-cfs-drum-filtration-station-central-filtration-station\/\" \/>\n<meta property=\"og:locale\" content=\"en_US\" \/>\n<meta property=\"og:type\" content=\"article\" \/>\n<meta property=\"og:title\" content=\"FSB and CFS - Drum filtration station and a central filtration station | ASTOS Machinery\" \/>\n<meta property=\"og:description\" content=\"Drum filtration station and a central filtration station This circuit filtration equipment is designed for filtration of different types of liquid contaminated by mechanical particles, e.g. ground-off material from grinding, chips from machining, iron scales from alloy formation, sludge from washing and hardening processes, etc. When the liquid passes through the DFS and CFS equipment, &hellip;\" \/>\n<meta property=\"og:url\" content=\"https:\/\/astos.cz\/en\/nase-vyrobky\/filtracni-zarizeni\/fsb-cfs-drum-filtration-station-central-filtration-station\/\" \/>\n<meta property=\"og:site_name\" content=\"ASTOS Machinery\" \/>\n<meta property=\"article:modified_time\" content=\"2022-06-15T11:45:09+00:00\" \/>\n<meta property=\"og:image\" content=\"https:\/\/astos.cz\/wp-content\/uploads\/2019\/09\/CFS_Sestava_2-1024x661.jpg\" \/>\n\t<meta property=\"og:image:width\" content=\"1024\" \/>\n\t<meta property=\"og:image:height\" content=\"661\" \/>\n\t<meta property=\"og:image:type\" content=\"image\/jpeg\" \/>\n<meta name=\"twitter:card\" content=\"summary\" \/>\n<meta name=\"twitter:label1\" content=\"Est. reading time\" \/>\n\t<meta name=\"twitter:data1\" content=\"1 minute\" \/>\n<script type=\"application\/ld+json\" class=\"yoast-schema-graph\">{\"@context\":\"https:\/\/schema.org\",\"@graph\":[{\"@type\":\"WebSite\",\"@id\":\"https:\/\/astos.cz\/#website\",\"url\":\"https:\/\/astos.cz\/\",\"name\":\"ASTOS Machinery\",\"description\":\"Specialista na dopravn\u00edkov\u00e9 syst\u00e9my a krytov\u00e1n\u00ed stroj\u016f\",\"potentialAction\":[{\"@type\":\"SearchAction\",\"target\":{\"@type\":\"EntryPoint\",\"urlTemplate\":\"https:\/\/astos.cz\/?s={search_term_string}\"},\"query-input\":\"required name=search_term_string\"}],\"inLanguage\":\"en-US\"},{\"@type\":\"ImageObject\",\"@id\":\"https:\/\/astos.cz\/en\/nase-vyrobky\/filtracni-zarizeni\/fsb-cfs-drum-filtration-station-central-filtration-station\/#primaryimage\",\"inLanguage\":\"en-US\",\"url\":\"https:\/\/astos.cz\/wp-content\/uploads\/2019\/09\/CFS_Sestava_2.jpg\",\"contentUrl\":\"https:\/\/astos.cz\/wp-content\/uploads\/2019\/09\/CFS_Sestava_2.jpg\",\"width\":4134,\"height\":2669},{\"@type\":\"WebPage\",\"@id\":\"https:\/\/astos.cz\/en\/nase-vyrobky\/filtracni-zarizeni\/fsb-cfs-drum-filtration-station-central-filtration-station\/#webpage\",\"url\":\"https:\/\/astos.cz\/en\/nase-vyrobky\/filtracni-zarizeni\/fsb-cfs-drum-filtration-station-central-filtration-station\/\",\"name\":\"FSB and CFS - Drum filtration station and a central filtration station | ASTOS Machinery\",\"isPartOf\":{\"@id\":\"https:\/\/astos.cz\/#website\"},\"primaryImageOfPage\":{\"@id\":\"https:\/\/astos.cz\/en\/nase-vyrobky\/filtracni-zarizeni\/fsb-cfs-drum-filtration-station-central-filtration-station\/#primaryimage\"},\"datePublished\":\"2019-10-30T12:55:19+00:00\",\"dateModified\":\"2022-06-15T11:45:09+00:00\",\"breadcrumb\":{\"@id\":\"https:\/\/astos.cz\/en\/nase-vyrobky\/filtracni-zarizeni\/fsb-cfs-drum-filtration-station-central-filtration-station\/#breadcrumb\"},\"inLanguage\":\"en-US\",\"potentialAction\":[{\"@type\":\"ReadAction\",\"target\":[\"https:\/\/astos.cz\/en\/nase-vyrobky\/filtracni-zarizeni\/fsb-cfs-drum-filtration-station-central-filtration-station\/\"]}]},{\"@type\":\"BreadcrumbList\",\"@id\":\"https:\/\/astos.cz\/en\/nase-vyrobky\/filtracni-zarizeni\/fsb-cfs-drum-filtration-station-central-filtration-station\/#breadcrumb\",\"itemListElement\":[{\"@type\":\"ListItem\",\"position\":1,\"name\":\"Dom\u016f\",\"item\":\"https:\/\/astos.cz\/en\/\"},{\"@type\":\"ListItem\",\"position\":2,\"name\":\"Our Products\",\"item\":\"https:\/\/astos.cz\/en\/nase-vyrobky\/\"},{\"@type\":\"ListItem\",\"position\":3,\"name\":\"Filtration Equipment\",\"item\":\"https:\/\/astos.cz\/en\/nase-vyrobky\/filtracni-zarizeni\/\"},{\"@type\":\"ListItem\",\"position\":4,\"name\":\"FSB and CFS &#8211; Drum filtration station and a central filtration station\"}]}]}<\/script>\n<!-- \/ Yoast SEO plugin. -->","yoast_head_json":{"title":"FSB and CFS - Drum filtration station and a central filtration station | ASTOS Machinery","robots":{"index":"index","follow":"follow","max-snippet":"max-snippet:-1","max-image-preview":"max-image-preview:large","max-video-preview":"max-video-preview:-1"},"canonical":"https:\/\/astos.cz\/en\/nase-vyrobky\/filtracni-zarizeni\/fsb-cfs-drum-filtration-station-central-filtration-station\/","og_locale":"en_US","og_type":"article","og_title":"FSB and CFS - Drum filtration station and a central filtration station | ASTOS Machinery","og_description":"Drum filtration station and a central filtration station This circuit filtration equipment is designed for filtration of different types of liquid contaminated by mechanical particles, e.g. ground-off material from grinding, chips from machining, iron scales from alloy formation, sludge from washing and hardening processes, etc. When the liquid passes through the DFS and CFS equipment, &hellip;","og_url":"https:\/\/astos.cz\/en\/nase-vyrobky\/filtracni-zarizeni\/fsb-cfs-drum-filtration-station-central-filtration-station\/","og_site_name":"ASTOS Machinery","article_modified_time":"2022-06-15T11:45:09+00:00","og_image":[{"width":1024,"height":661,"url":"https:\/\/astos.cz\/wp-content\/uploads\/2019\/09\/CFS_Sestava_2-1024x661.jpg","type":"image\/jpeg"}],"twitter_card":"summary","twitter_misc":{"Est. reading time":"1 minute"},"schema":{"@context":"https:\/\/schema.org","@graph":[{"@type":"WebSite","@id":"https:\/\/astos.cz\/#website","url":"https:\/\/astos.cz\/","name":"ASTOS Machinery","description":"Specialista na dopravn\u00edkov\u00e9 syst\u00e9my a krytov\u00e1n\u00ed stroj\u016f","potentialAction":[{"@type":"SearchAction","target":{"@type":"EntryPoint","urlTemplate":"https:\/\/astos.cz\/?s={search_term_string}"},"query-input":"required name=search_term_string"}],"inLanguage":"en-US"},{"@type":"ImageObject","@id":"https:\/\/astos.cz\/en\/nase-vyrobky\/filtracni-zarizeni\/fsb-cfs-drum-filtration-station-central-filtration-station\/#primaryimage","inLanguage":"en-US","url":"https:\/\/astos.cz\/wp-content\/uploads\/2019\/09\/CFS_Sestava_2.jpg","contentUrl":"https:\/\/astos.cz\/wp-content\/uploads\/2019\/09\/CFS_Sestava_2.jpg","width":4134,"height":2669},{"@type":"WebPage","@id":"https:\/\/astos.cz\/en\/nase-vyrobky\/filtracni-zarizeni\/fsb-cfs-drum-filtration-station-central-filtration-station\/#webpage","url":"https:\/\/astos.cz\/en\/nase-vyrobky\/filtracni-zarizeni\/fsb-cfs-drum-filtration-station-central-filtration-station\/","name":"FSB and CFS - Drum filtration station and a central filtration station | ASTOS Machinery","isPartOf":{"@id":"https:\/\/astos.cz\/#website"},"primaryImageOfPage":{"@id":"https:\/\/astos.cz\/en\/nase-vyrobky\/filtracni-zarizeni\/fsb-cfs-drum-filtration-station-central-filtration-station\/#primaryimage"},"datePublished":"2019-10-30T12:55:19+00:00","dateModified":"2022-06-15T11:45:09+00:00","breadcrumb":{"@id":"https:\/\/astos.cz\/en\/nase-vyrobky\/filtracni-zarizeni\/fsb-cfs-drum-filtration-station-central-filtration-station\/#breadcrumb"},"inLanguage":"en-US","potentialAction":[{"@type":"ReadAction","target":["https:\/\/astos.cz\/en\/nase-vyrobky\/filtracni-zarizeni\/fsb-cfs-drum-filtration-station-central-filtration-station\/"]}]},{"@type":"BreadcrumbList","@id":"https:\/\/astos.cz\/en\/nase-vyrobky\/filtracni-zarizeni\/fsb-cfs-drum-filtration-station-central-filtration-station\/#breadcrumb","itemListElement":[{"@type":"ListItem","position":1,"name":"Dom\u016f","item":"https:\/\/astos.cz\/en\/"},{"@type":"ListItem","position":2,"name":"Our Products","item":"https:\/\/astos.cz\/en\/nase-vyrobky\/"},{"@type":"ListItem","position":3,"name":"Filtration Equipment","item":"https:\/\/astos.cz\/en\/nase-vyrobky\/filtracni-zarizeni\/"},{"@type":"ListItem","position":4,"name":"FSB and CFS &#8211; Drum filtration station and a central filtration station"}]}]}},"_links":{"self":[{"href":"https:\/\/astos.cz\/en\/wp-json\/wp\/v2\/pages\/8887"}],"collection":[{"href":"https:\/\/astos.cz\/en\/wp-json\/wp\/v2\/pages"}],"about":[{"href":"https:\/\/astos.cz\/en\/wp-json\/wp\/v2\/types\/page"}],"author":[{"embeddable":true,"href":"https:\/\/astos.cz\/en\/wp-json\/wp\/v2\/users\/4"}],"replies":[{"embeddable":true,"href":"https:\/\/astos.cz\/en\/wp-json\/wp\/v2\/comments?post=8887"}],"version-history":[{"count":8,"href":"https:\/\/astos.cz\/en\/wp-json\/wp\/v2\/pages\/8887\/revisions"}],"predecessor-version":[{"id":9896,"href":"https:\/\/astos.cz\/en\/wp-json\/wp\/v2\/pages\/8887\/revisions\/9896"}],"up":[{"embeddable":true,"href":"https:\/\/astos.cz\/en\/wp-json\/wp\/v2\/pages\/4726"}],"wp:featuredmedia":[{"embeddable":true,"href":"https:\/\/astos.cz\/en\/wp-json\/wp\/v2\/media\/8796"}],"wp:attachment":[{"href":"https:\/\/astos.cz\/en\/wp-json\/wp\/v2\/media?parent=8887"}],"wp:term":[{"taxonomy":"category","embeddable":true,"href":"https:\/\/astos.cz\/en\/wp-json\/wp\/v2\/categories?post=8887"},{"taxonomy":"post_tag","embeddable":true,"href":"https:\/\/astos.cz\/en\/wp-json\/wp\/v2\/tags?post=8887"}],"curies":[{"name":"wp","href":"https:\/\/api.w.org\/{rel}","templated":true}]}}