{"id":5031,"date":"2015-10-14T13:20:20","date_gmt":"2015-10-14T12:20:20","guid":{"rendered":"https:\/\/astos.cz\/en\/kontakty\/jak-se-k-nam-dostanete\/"},"modified":"2016-06-15T07:36:01","modified_gmt":"2016-06-15T06:36:01","slug":"jak-se-k-nam-dostanete","status":"publish","type":"page","link":"https:\/\/astos.cz\/en\/kontakty\/jak-se-k-nam-dostanete\/","title":{"rendered":"How to get here"},"content":{"rendered":"<div id=\"pl-5031\"  class=\"panel-layout\" ><div id=\"pg-5031-0\"  class=\"panel-grid panel-no-style\" ><div id=\"pgc-5031-0-0\"  class=\"panel-grid-cell\" >\n\t\t\t<div id=\"panel-5031-0-0-0\" class=\"so-panel widget widget_pt_google_map panel-first-child panel-last-child\" data-index=\"0\" >\t\t\t\t<div\n\t\t\t\t\tclass=\"simple-map  js-where-we-are\"\n\t\t\t\t\tdata-latlng=\"50.218999, 12.176792\"\n\t\t\t\t\tdata-markers=\"[{&quot;title&quot;:&quot;ASTOS MACHINERY a.s.&quot;,&quot;locationlatlng&quot;:&quot;50.218999, 12.176792&quot;,&quot;custompinimage&quot;:&quot;&quot;,&quot;id&quot;:&quot;1&quot;}]\"\n\t\t\t\t\tdata-zoom=\"10\"\n\t\t\t\t\tdata-type=\"roadmap\"\n\t\t\t\t\tdata-style=\"[]\"\n\t\t\t\t\tstyle=\"height: 380px;\"\n\t\t\t\t><\/div>\n\t\t\t<\/div>\n\t\t\t<\/div><\/div><div id=\"pg-5031-1\"  class=\"panel-grid panel-no-style\" ><div id=\"pgc-5031-1-0\"  class=\"panel-grid-cell\" ><div id=\"panel-5031-1-0-0\" class=\"so-panel widget widget_black-studio-tinymce widget_black_studio_tinymce panel-first-child panel-last-child\" data-index=\"1\" ><div class=\"textwidget\"><p><span class=\"icon-container\"><span class=\"fa fa-home\"><\/span><\/span> <b>Astos Machinery a.s.<\/b><br \/>\nRegister Nr. 25058851<br \/>\nHeadquarters: Selbsk\u00e1 2746\/18<br \/>\n352 01 A\u0161, Czech Republic<br \/>\n<em>Registered: District Court in Plze\u0148, Part B, Inset 601<\/em><\/p>\n<\/div><\/div><\/div><div id=\"pgc-5031-1-1\"  class=\"panel-grid-cell\" ><div id=\"panel-5031-1-1-0\" class=\"so-panel widget widget_black-studio-tinymce widget_black_studio_tinymce panel-first-child panel-last-child\" data-index=\"2\" ><div class=\"textwidget\"><p><span class=\"icon-container\"><span class=\"fa fa-phone\"><\/span><\/span> <b>+420 354 401 065<\/b><br \/>\n<span class=\"icon-container\"><span class=\"fa fa-fax\"><\/span><\/span> +420 354 401 014<br \/>\n<span class=\"icon-container\"><span class=\"fa fa-envelope\"><\/span><\/span> <a href=\"mailto:sales@astos.cz\">sales@astos.cz<\/a><\/p>\n<\/div><\/div><\/div><div id=\"pgc-5031-1-2\"  class=\"panel-grid-cell\" ><div id=\"panel-5031-1-2-0\" class=\"so-panel widget widget_black-studio-tinymce widget_black_studio_tinymce panel-first-child panel-last-child\" data-index=\"3\" ><div class=\"textwidget\"><p><span class=\"icon-container\"><span class=\"fa fa-home\"><\/span><\/span> <b>Monday - Friday  8 a.m. - 4 p.m.<\/b><br \/>\nSaturday - Sunday CLOSED<\/p>\n<\/div><\/div><\/div><\/div><\/div>","protected":false},"excerpt":{"rendered":"<p>Astos Machinery a.s. Register Nr. 25058851 Headquarters: Selbsk\u00e1 2746\/18 352 01 A\u0161, Czech Republic Registered: District Court in Plze\u0148, Part B, Inset 601 +420 354 401 065 +420 354 401 014 sales@astos.cz Monday &#8211; Friday 8 a.m. &#8211; 4 p.m. Saturday &#8211; Sunday CLOSED<\/p>\n","protected":false},"author":6,"featured_media":5837,"parent":5023,"menu_order":0,"comment_status":"closed","ping_status":"closed","template":"","meta":[],"categories":[],"tags":[],"yoast_head":"<!-- This site is optimized with the Yoast SEO plugin v18.5.1 - https:\/\/yoast.com\/wordpress\/plugins\/seo\/ -->\n<title>How to get here | ASTOS Machinery<\/title>\n<meta name=\"robots\" content=\"index, follow, max-snippet:-1, max-image-preview:large, max-video-preview:-1\" \/>\n<link rel=\"canonical\" href=\"https:\/\/astos.cz\/en\/kontakty\/jak-se-k-nam-dostanete\/\" \/>\n<meta property=\"og:locale\" content=\"en_US\" \/>\n<meta property=\"og:type\" content=\"article\" \/>\n<meta property=\"og:title\" content=\"How to get here | ASTOS Machinery\" \/>\n<meta property=\"og:description\" content=\"Astos Machinery a.s. Register Nr. 25058851 Headquarters: Selbsk\u00e1 2746\/18 352 01 A\u0161, Czech Republic Registered: District Court in Plze\u0148, Part B, Inset 601 +420 354 401 065 +420 354 401 014 sales@astos.cz Monday - Friday 8 a.m. - 4 p.m. Saturday - Sunday CLOSED\" \/>\n<meta property=\"og:url\" content=\"https:\/\/astos.cz\/en\/kontakty\/jak-se-k-nam-dostanete\/\" \/>\n<meta property=\"og:site_name\" content=\"ASTOS Machinery\" \/>\n<meta property=\"article:modified_time\" content=\"2016-06-15T06:36:01+00:00\" \/>\n<meta property=\"og:image\" content=\"https:\/\/astos.cz\/wp-content\/uploads\/2015\/10\/nahledovy-obrazek-mapy-tmava-1.jpg\" \/>\n\t<meta property=\"og:image:width\" content=\"700\" \/>\n\t<meta property=\"og:image:height\" content=\"450\" \/>\n\t<meta property=\"og:image:type\" content=\"image\/jpeg\" \/>\n<meta name=\"twitter:card\" content=\"summary\" \/>\n<script type=\"application\/ld+json\" class=\"yoast-schema-graph\">{\"@context\":\"https:\/\/schema.org\",\"@graph\":[{\"@type\":\"WebSite\",\"@id\":\"https:\/\/astos.cz\/#website\",\"url\":\"https:\/\/astos.cz\/\",\"name\":\"ASTOS Machinery\",\"description\":\"Specialista na dopravn\u00edkov\u00e9 syst\u00e9my a krytov\u00e1n\u00ed stroj\u016f\",\"potentialAction\":[{\"@type\":\"SearchAction\",\"target\":{\"@type\":\"EntryPoint\",\"urlTemplate\":\"https:\/\/astos.cz\/?s={search_term_string}\"},\"query-input\":\"required name=search_term_string\"}],\"inLanguage\":\"en-US\"},{\"@type\":\"ImageObject\",\"@id\":\"https:\/\/astos.cz\/en\/kontakty\/jak-se-k-nam-dostanete\/#primaryimage\",\"inLanguage\":\"en-US\",\"url\":\"https:\/\/astos.cz\/wp-content\/uploads\/2015\/10\/nahledovy-obrazek-mapy-tmava-1.jpg\",\"contentUrl\":\"https:\/\/astos.cz\/wp-content\/uploads\/2015\/10\/nahledovy-obrazek-mapy-tmava-1.jpg\",\"width\":700,\"height\":450},{\"@type\":\"WebPage\",\"@id\":\"https:\/\/astos.cz\/en\/kontakty\/jak-se-k-nam-dostanete\/#webpage\",\"url\":\"https:\/\/astos.cz\/en\/kontakty\/jak-se-k-nam-dostanete\/\",\"name\":\"How to get here | ASTOS Machinery\",\"isPartOf\":{\"@id\":\"https:\/\/astos.cz\/#website\"},\"primaryImageOfPage\":{\"@id\":\"https:\/\/astos.cz\/en\/kontakty\/jak-se-k-nam-dostanete\/#primaryimage\"},\"datePublished\":\"2015-10-14T12:20:20+00:00\",\"dateModified\":\"2016-06-15T06:36:01+00:00\",\"breadcrumb\":{\"@id\":\"https:\/\/astos.cz\/en\/kontakty\/jak-se-k-nam-dostanete\/#breadcrumb\"},\"inLanguage\":\"en-US\",\"potentialAction\":[{\"@type\":\"ReadAction\",\"target\":[\"https:\/\/astos.cz\/en\/kontakty\/jak-se-k-nam-dostanete\/\"]}]},{\"@type\":\"BreadcrumbList\",\"@id\":\"https:\/\/astos.cz\/en\/kontakty\/jak-se-k-nam-dostanete\/#breadcrumb\",\"itemListElement\":[{\"@type\":\"ListItem\",\"position\":1,\"name\":\"Dom\u016f\",\"item\":\"https:\/\/astos.cz\/en\/\"},{\"@type\":\"ListItem\",\"position\":2,\"name\":\"Kontakty\",\"item\":\"https:\/\/astos.cz\/en\/kontakty\/\"},{\"@type\":\"ListItem\",\"position\":3,\"name\":\"How to get here\"}]}]}<\/script>\n<!-- \/ Yoast SEO plugin. -->","yoast_head_json":{"title":"How to get here | ASTOS Machinery","robots":{"index":"index","follow":"follow","max-snippet":"max-snippet:-1","max-image-preview":"max-image-preview:large","max-video-preview":"max-video-preview:-1"},"canonical":"https:\/\/astos.cz\/en\/kontakty\/jak-se-k-nam-dostanete\/","og_locale":"en_US","og_type":"article","og_title":"How to get here | ASTOS Machinery","og_description":"Astos Machinery a.s. Register Nr. 25058851 Headquarters: Selbsk\u00e1 2746\/18 352 01 A\u0161, Czech Republic Registered: District Court in Plze\u0148, Part B, Inset 601 +420 354 401 065 +420 354 401 014 sales@astos.cz Monday - Friday 8 a.m. - 4 p.m. Saturday - Sunday CLOSED","og_url":"https:\/\/astos.cz\/en\/kontakty\/jak-se-k-nam-dostanete\/","og_site_name":"ASTOS Machinery","article_modified_time":"2016-06-15T06:36:01+00:00","og_image":[{"width":700,"height":450,"url":"https:\/\/astos.cz\/wp-content\/uploads\/2015\/10\/nahledovy-obrazek-mapy-tmava-1.jpg","type":"image\/jpeg"}],"twitter_card":"summary","schema":{"@context":"https:\/\/schema.org","@graph":[{"@type":"WebSite","@id":"https:\/\/astos.cz\/#website","url":"https:\/\/astos.cz\/","name":"ASTOS Machinery","description":"Specialista na dopravn\u00edkov\u00e9 syst\u00e9my a krytov\u00e1n\u00ed stroj\u016f","potentialAction":[{"@type":"SearchAction","target":{"@type":"EntryPoint","urlTemplate":"https:\/\/astos.cz\/?s={search_term_string}"},"query-input":"required name=search_term_string"}],"inLanguage":"en-US"},{"@type":"ImageObject","@id":"https:\/\/astos.cz\/en\/kontakty\/jak-se-k-nam-dostanete\/#primaryimage","inLanguage":"en-US","url":"https:\/\/astos.cz\/wp-content\/uploads\/2015\/10\/nahledovy-obrazek-mapy-tmava-1.jpg","contentUrl":"https:\/\/astos.cz\/wp-content\/uploads\/2015\/10\/nahledovy-obrazek-mapy-tmava-1.jpg","width":700,"height":450},{"@type":"WebPage","@id":"https:\/\/astos.cz\/en\/kontakty\/jak-se-k-nam-dostanete\/#webpage","url":"https:\/\/astos.cz\/en\/kontakty\/jak-se-k-nam-dostanete\/","name":"How to get here | ASTOS Machinery","isPartOf":{"@id":"https:\/\/astos.cz\/#website"},"primaryImageOfPage":{"@id":"https:\/\/astos.cz\/en\/kontakty\/jak-se-k-nam-dostanete\/#primaryimage"},"datePublished":"2015-10-14T12:20:20+00:00","dateModified":"2016-06-15T06:36:01+00:00","breadcrumb":{"@id":"https:\/\/astos.cz\/en\/kontakty\/jak-se-k-nam-dostanete\/#breadcrumb"},"inLanguage":"en-US","potentialAction":[{"@type":"ReadAction","target":["https:\/\/astos.cz\/en\/kontakty\/jak-se-k-nam-dostanete\/"]}]},{"@type":"BreadcrumbList","@id":"https:\/\/astos.cz\/en\/kontakty\/jak-se-k-nam-dostanete\/#breadcrumb","itemListElement":[{"@type":"ListItem","position":1,"name":"Dom\u016f","item":"https:\/\/astos.cz\/en\/"},{"@type":"ListItem","position":2,"name":"Kontakty","item":"https:\/\/astos.cz\/en\/kontakty\/"},{"@type":"ListItem","position":3,"name":"How to get here"}]}]}},"_links":{"self":[{"href":"https:\/\/astos.cz\/en\/wp-json\/wp\/v2\/pages\/5031"}],"collection":[{"href":"https:\/\/astos.cz\/en\/wp-json\/wp\/v2\/pages"}],"about":[{"href":"https:\/\/astos.cz\/en\/wp-json\/wp\/v2\/types\/page"}],"author":[{"embeddable":true,"href":"https:\/\/astos.cz\/en\/wp-json\/wp\/v2\/users\/6"}],"replies":[{"embeddable":true,"href":"https:\/\/astos.cz\/en\/wp-json\/wp\/v2\/comments?post=5031"}],"version-history":[{"count":8,"href":"https:\/\/astos.cz\/en\/wp-json\/wp\/v2\/pages\/5031\/revisions"}],"predecessor-version":[{"id":6412,"href":"https:\/\/astos.cz\/en\/wp-json\/wp\/v2\/pages\/5031\/revisions\/6412"}],"up":[{"embeddable":true,"href":"https:\/\/astos.cz\/en\/wp-json\/wp\/v2\/pages\/5023"}],"wp:featuredmedia":[{"embeddable":true,"href":"https:\/\/astos.cz\/en\/wp-json\/wp\/v2\/media\/5837"}],"wp:attachment":[{"href":"https:\/\/astos.cz\/en\/wp-json\/wp\/v2\/media?parent=5031"}],"wp:term":[{"taxonomy":"category","embeddable":true,"href":"https:\/\/astos.cz\/en\/wp-json\/wp\/v2\/categories?post=5031"},{"taxonomy":"post_tag","embeddable":true,"href":"https:\/\/astos.cz\/en\/wp-json\/wp\/v2\/tags?post=5031"}],"curies":[{"name":"wp","href":"https:\/\/api.w.org\/{rel}","templated":true}]}}