{"id":5023,"date":"2015-10-14T13:19:37","date_gmt":"2015-10-14T12:19:37","guid":{"rendered":"https:\/\/astos.cz\/en\/kontakty\/"},"modified":"2025-02-11T15:54:26","modified_gmt":"2025-02-11T14:54:26","slug":"kontakty","status":"publish","type":"page","link":"https:\/\/astos.cz\/en\/kontakty\/","title":{"rendered":"Kontakty"},"content":{"rendered":"<div id=\"pl-5023\"  class=\"panel-layout\" ><div id=\"pg-5023-0\"  class=\"panel-grid panel-no-style\" ><div id=\"pgc-5023-0-0\"  class=\"panel-grid-cell\" ><div id=\"panel-5023-0-0-0\" class=\"so-panel widget widget_sow-editor panel-first-child panel-last-child\" data-index=\"0\" ><div class=\"so-widget-sow-editor so-widget-sow-editor-base\">\n<div class=\"siteorigin-widget-tinymce textwidget\">\n\t<p><b>Astos Machinery a.s.<\/b><br \/>\nRegister Nr. 25058851 Headquarters: Selbsk\u00e1 2746\/18 352 01 A\u0161, Czech Republic <em>Registered: District Court in Plze\u0148, Part B, Inset 601<\/em><\/p>\n<\/div>\n<\/div><\/div><\/div><div id=\"pgc-5023-0-1\"  class=\"panel-grid-cell\" ><div id=\"panel-5023-0-1-0\" class=\"so-panel widget widget_sow-editor panel-first-child panel-last-child\" data-index=\"1\" ><div class=\"so-widget-sow-editor so-widget-sow-editor-base\">\n<div class=\"siteorigin-widget-tinymce textwidget\">\n\t<p><b>+420 354 401 065<\/b><br \/>\n+420 354 401 014<br \/>\n<a href=\"mailto:sales@astos.cz\">sales(a)astos.cz<\/a><\/p>\n<\/div>\n<\/div><\/div><\/div><div id=\"pgc-5023-0-2\"  class=\"panel-grid-cell\" ><div id=\"panel-5023-0-2-0\" class=\"so-panel widget widget_sow-editor panel-first-child panel-last-child\" data-index=\"2\" ><div class=\"so-widget-sow-editor so-widget-sow-editor-base\">\n<div class=\"siteorigin-widget-tinymce textwidget\">\n\t<p><b>Monday - Friday 8 a.m. - 4 p.m.<\/b><br \/>\nSaturday - Sunday CLOSED<\/p>\n<\/div>\n<\/div><\/div><\/div><\/div><div id=\"pg-5023-1\"  class=\"panel-grid panel-no-style\" ><div id=\"pgc-5023-1-0\"  class=\"panel-grid-cell\" ><div id=\"panel-5023-1-0-0\" class=\"so-panel widget widget_sow-editor panel-first-child panel-last-child\" data-index=\"3\" ><div class=\"so-widget-sow-editor so-widget-sow-editor-base\">\n<div class=\"siteorigin-widget-tinymce textwidget\">\n\t<p><iframe loading=\"lazy\" style=\"border: 0;\" src=\"https:\/\/www.google.com\/maps\/embed?pb=!1m18!1m12!1m3!1d2552.9135740181396!2d12.174650416058133!3d50.21883547944424!2m3!1f0!2f0!3f0!3m2!1i1024!2i768!4f13.1!3m3!1m2!1s0x47a0e33a5451763f%3A0x440c6857dd66c26c!2sASTOS+MACHINERY+a.s.!5e0!3m2!1scs!2scz!4v1538043612377\" width=\"840\" height=\"450\" frameborder=\"0\" allowfullscreen=\"allowfullscreen\"><\/iframe><\/p>\n<\/div>\n<\/div><\/div><\/div><\/div><div id=\"pg-5023-2\"  class=\"panel-grid panel-no-style\" ><div id=\"pgc-5023-2-0\"  class=\"panel-grid-cell\" ><div id=\"panel-5023-2-0-0\" class=\"so-panel widget widget_sow-editor panel-first-child panel-last-child\" data-index=\"4\" ><div class=\"so-widget-sow-editor so-widget-sow-editor-base\">\n<div class=\"siteorigin-widget-tinymce textwidget\">\n\t<h4 class=\"alternative-heading\" style=\"margin-top: 0px;\">Executive management<\/h4>\n<\/div>\n<\/div><\/div><\/div><\/div><div id=\"pg-5023-3\"  class=\"panel-grid panel-no-style\" ><div id=\"pgc-5023-3-0\"  class=\"panel-grid-cell\" ><div id=\"panel-5023-3-0-0\" class=\"so-panel widget widget_sow-editor panel-first-child panel-last-child\" data-index=\"5\" ><div class=\"so-widget-sow-editor so-widget-sow-editor-base\">\n<div class=\"siteorigin-widget-tinymce textwidget\">\n\t<p><img loading=\"lazy\" class=\"alignnone wp-image-5776 size-full\" src=\"https:\/\/astos.cz\/wp-content\/uploads\/2015\/10\/foto-Ondraschek-3.jpg\" alt=\"\" width=\"262\" height=\"180\" \/><\/p>\n<h5>CEO Chief Executive Officer<\/h5>\n<div>Ing. Michael Ondraschek<\/div>\n<div>E-mail: <a href=\"mailto:ondraschek@astos.cz\">ondraschek(a)astos.cz<\/a><\/div>\n<\/div>\n<\/div><\/div><\/div><div id=\"pgc-5023-3-1\"  class=\"panel-grid-cell\" ><div id=\"panel-5023-3-1-0\" class=\"so-panel widget widget_sow-editor panel-first-child panel-last-child\" data-index=\"6\" ><div class=\"so-widget-sow-editor so-widget-sow-editor-base\">\n<div class=\"siteorigin-widget-tinymce textwidget\">\n\t<p><img loading=\"lazy\" class=\"alignnone wp-image-8945 size-full\" src=\"https:\/\/www.astos.cz\/wp-content\/uploads\/2019\/11\/foto-bez-fotky-muz-1.jpg\" alt=\"\" width=\"262\" height=\"180\" \/><\/p>\n<h5>CTO Chief Technology Officer<\/h5>\n<div>Ing. Martin Val\u00ed\u010dek<\/div>\n<div>Phone: +420 354 401 060<\/div>\n<div>E-mail: <a href=\"mailto:valicek@astos.cz\">valicek(a)astos.cz<\/a><\/div>\n<\/div>\n<\/div><\/div><\/div><div id=\"pgc-5023-3-2\"  class=\"panel-grid-cell\" ><div id=\"panel-5023-3-2-0\" class=\"so-panel widget widget_sow-editor panel-first-child panel-last-child\" data-index=\"7\" ><div class=\"so-widget-sow-editor so-widget-sow-editor-base\">\n<div class=\"siteorigin-widget-tinymce textwidget\">\n\t<p><img loading=\"lazy\" class=\"alignnone wp-image-5800 size-full\" src=\"https:\/\/astos.cz\/wp-content\/uploads\/2015\/10\/foto-Pancirova-1.jpg\" alt=\"\" width=\"262\" height=\"180\" \/><\/p>\n<h5>Sales Executive Manager<\/h5>\n<div>Jana Panc\u00ed\u0159ov\u00e1<\/div>\n<div>Phone: +420 354 401 065<\/div>\n<div>E-mail: <a href=\"mailto:pancirova@astos.cz\">pancirova(a)astos.cz<\/a> <a href=\"mailto:sales@astos.cz\">sales(a)astos.cz<\/a><\/div>\n<\/div>\n<\/div><\/div><\/div><\/div><div id=\"pg-5023-4\"  class=\"panel-grid panel-no-style\" ><div id=\"pgc-5023-4-0\"  class=\"panel-grid-cell\" ><div id=\"panel-5023-4-0-0\" class=\"so-panel widget widget_sow-editor panel-first-child panel-last-child\" data-index=\"8\" ><div class=\"so-widget-sow-editor so-widget-sow-editor-base\">\n<div class=\"siteorigin-widget-tinymce textwidget\">\n\t<p><img loading=\"lazy\" class=\"alignnone wp-image-5791 size-full\" src=\"\/wp-content\/uploads\/2018\/05\/Dlouh\u00fd.jpg\" alt=\"\" width=\"262\" height=\"180\" \/><\/p>\n<h5>CFO Financial Executive Officer &amp; Human Resource Manager<\/h5>\n<div>Ing. Lud\u011bk Dlouh\u00fd<\/div>\n<div>Phone: +420 354 401 026<\/div>\n<div>E-mail: <a href=\"mailto:dlouhy@astos.cz\">dlouhy(a)astos.cz<\/a><\/div>\n<\/div>\n<\/div><\/div><\/div><\/div><div id=\"pg-5023-5\"  class=\"panel-grid panel-no-style\" ><div id=\"pgc-5023-5-0\"  class=\"panel-grid-cell\" ><div id=\"panel-5023-5-0-0\" class=\"so-panel widget widget_sow-editor panel-first-child panel-last-child\" data-index=\"9\" ><div class=\"so-widget-sow-editor so-widget-sow-editor-base\">\n<div class=\"siteorigin-widget-tinymce textwidget\">\n\t<h4 class=\"alternative-heading\" style=\"margin-top: 0px;\">Sales department<\/h4>\n<\/div>\n<\/div><\/div><\/div><\/div><div id=\"pg-5023-6\"  class=\"panel-grid panel-no-style\" ><div id=\"pgc-5023-6-0\"  class=\"panel-grid-cell\" ><div id=\"panel-5023-6-0-0\" class=\"so-panel widget widget_sow-editor panel-first-child panel-last-child\" data-index=\"10\" ><div class=\"so-widget-sow-editor so-widget-sow-editor-base\">\n<div class=\"siteorigin-widget-tinymce textwidget\">\n\t<p><img loading=\"lazy\" class=\"alignnone wp-image-5806 size-full\" src=\"https:\/\/astos.cz\/wp-content\/uploads\/2015\/10\/foto-Svejkovsky-1.jpg\" alt=\"\" width=\"262\" height=\"180\" \/><\/p>\n<h5>Consultant for German speaking customers<\/h5>\n<div>Robert Svejkovsk\u00fd<\/div>\n<div>Phone: +420 354 401 038<\/div>\n<div>E-mail: <a href=\"mailto:svejkovsky@astos.cz\">svejkovsky(a)astos.cz<\/a><\/div>\n<\/div>\n<\/div><\/div><\/div><div id=\"pgc-5023-6-1\"  class=\"panel-grid-cell\" ><div id=\"panel-5023-6-1-0\" class=\"so-panel widget widget_sow-editor panel-first-child panel-last-child\" data-index=\"11\" ><div class=\"so-widget-sow-editor so-widget-sow-editor-base\">\n<div class=\"siteorigin-widget-tinymce textwidget\">\n\t<p><img loading=\"lazy\" class=\"alignnone wp-image-5782 size-full\" src=\"https:\/\/astos.cz\/wp-content\/uploads\/2015\/10\/foto-bez-fotky.jpg\" alt=\"\" width=\"262\" height=\"180\" \/><\/p>\n<h5>Sales advisor for Czech - German - and English speaking customers<\/h5>\n<div>Eva J\u00edchov\u00e1<\/div>\n<div>Phone: +420 354 401 034<\/div>\n<div>E-mail: <a href=\"mailto:jichova@astos.cz\">jichova(a)astos.cz<\/a><\/div>\n<\/div>\n<\/div><\/div><\/div><div id=\"pgc-5023-6-2\"  class=\"panel-grid-cell\" ><div id=\"panel-5023-6-2-0\" class=\"so-panel widget widget_sow-editor panel-first-child panel-last-child\" data-index=\"12\" ><div class=\"so-widget-sow-editor so-widget-sow-editor-base\">\n<div class=\"siteorigin-widget-tinymce textwidget\">\n\t<p><img loading=\"lazy\" class=\"alignnone wp-image-5782 size-full\" src=\"https:\/\/astos.cz\/wp-content\/uploads\/2015\/10\/foto-bez-fotky.jpg\" alt=\"\" width=\"262\" height=\"180\" \/><\/p>\n<h5>Despatch department<\/h5>\n<div>Kristina Bro\u017ekov\u00e1<\/div>\n<div>Phone.: +420 354 401 066<\/div>\n<div>E-mail: <a href=\"mailto:brozkova@astos.cz\">brozkova(a)astos.cz<\/a><\/div>\n<\/div>\n<\/div><\/div><\/div><\/div><div id=\"pg-5023-7\"  class=\"panel-grid panel-no-style\" ><div id=\"pgc-5023-7-0\"  class=\"panel-grid-cell\" ><div id=\"panel-5023-7-0-0\" class=\"so-panel widget widget_sow-editor panel-first-child panel-last-child\" data-index=\"13\" ><div class=\"so-widget-sow-editor so-widget-sow-editor-base\">\n<div class=\"siteorigin-widget-tinymce textwidget\">\n\t<h4 class=\"alternative-heading\" style=\"margin-top: 0px;\">Procurement department<\/h4>\n<\/div>\n<\/div><\/div><\/div><\/div><div id=\"pg-5023-8\"  class=\"panel-grid panel-no-style\" ><div id=\"pgc-5023-8-0\"  class=\"panel-grid-cell\" ><div id=\"panel-5023-8-0-0\" class=\"so-panel widget widget_sow-editor panel-first-child panel-last-child\" data-index=\"14\" ><div class=\"so-widget-sow-editor so-widget-sow-editor-base\">\n<div class=\"siteorigin-widget-tinymce textwidget\">\n\t<p><img loading=\"lazy\" class=\"alignnone wp-image-5797 size-full\" src=\"https:\/\/astos.cz\/wp-content\/uploads\/2015\/10\/foto-Mraz-1.jpg\" alt=\"\" width=\"262\" height=\"180\" \/><\/p>\n<h5>Purchasing Manager<\/h5>\n<div>Jan Mr\u00e1z<\/div>\n<div>Phone: +420 354 401 049<\/div>\n<div>E-mail: <a href=\"mailto:mraz@astos.cz\">mraz(a)astos.cz<\/a><\/div>\n<\/div>\n<\/div><\/div><\/div><div id=\"pgc-5023-8-1\"  class=\"panel-grid-cell\" ><div id=\"panel-5023-8-1-0\" class=\"so-panel widget widget_sow-editor panel-first-child panel-last-child\" data-index=\"15\" ><div class=\"so-widget-sow-editor so-widget-sow-editor-base\">\n<div class=\"siteorigin-widget-tinymce textwidget\">\n\t<p><a href=\"https:\/\/www.astos.cz\/wp-content\/uploads\/2015\/10\/foto-bez-fotky.jpg\" rel=\"lightbox[5023]\"><img loading=\"lazy\" class=\"alignnone size-full wp-image-5783\" src=\"https:\/\/www.astos.cz\/wp-content\/uploads\/2015\/10\/foto-bez-fotky.jpg\" alt=\"\" width=\"262\" height=\"180\" \/><\/a><\/p>\n<h5>Purchasing Specialist<\/h5>\n<div>Iveta \u0160lingrov\u00e1<\/div>\n<div>Phone: +420 354 401 012<\/div>\n<div>E-mail: <a href=\"mailto:slingrova@astos.cz\">slingrova(a)astos.cz<\/a><\/div>\n<\/div>\n<\/div><\/div><\/div><\/div><\/div>","protected":false},"excerpt":{"rendered":"<p>Astos Machinery a.s. Register Nr. 25058851 Headquarters: Selbsk\u00e1 2746\/18 352 01 A\u0161, Czech Republic Registered: District Court in Plze\u0148, Part B, Inset 601 +420 354 401 065 +420 354 401 014 sales(a)astos.cz Monday &#8211; Friday 8 a.m. &#8211; 4 p.m. Saturday &#8211; Sunday CLOSED<\/p>\n","protected":false},"author":6,"featured_media":0,"parent":0,"menu_order":0,"comment_status":"closed","ping_status":"closed","template":"","meta":[],"categories":[],"tags":[],"yoast_head":"<!-- This site is optimized with the Yoast SEO plugin v18.5.1 - https:\/\/yoast.com\/wordpress\/plugins\/seo\/ -->\n<title>Kontakty | ASTOS Machinery<\/title>\n<meta name=\"description\" content=\"Astos Machinery a.s. Selbsk\u00e1 2746\/18, 352 01 A\u0161, Czech Republic. +420 354 401 065, +420 354 401 014. sales@astos.cz\" \/>\n<meta name=\"robots\" content=\"index, follow, max-snippet:-1, max-image-preview:large, max-video-preview:-1\" \/>\n<link rel=\"canonical\" href=\"https:\/\/astos.cz\/en\/kontakty\/\" \/>\n<meta property=\"og:locale\" content=\"en_US\" \/>\n<meta property=\"og:type\" content=\"article\" \/>\n<meta property=\"og:title\" content=\"Kontakty | ASTOS Machinery\" \/>\n<meta property=\"og:description\" content=\"Astos Machinery a.s. Selbsk\u00e1 2746\/18, 352 01 A\u0161, Czech Republic. +420 354 401 065, +420 354 401 014. sales@astos.cz\" \/>\n<meta property=\"og:url\" content=\"https:\/\/astos.cz\/en\/kontakty\/\" \/>\n<meta property=\"og:site_name\" content=\"ASTOS Machinery\" \/>\n<meta property=\"article:modified_time\" content=\"2025-02-11T14:54:26+00:00\" \/>\n<meta property=\"og:image\" content=\"https:\/\/astos.cz\/wp-content\/uploads\/2015\/10\/foto-Ondraschek-3.jpg\" \/>\n<meta name=\"twitter:card\" content=\"summary\" \/>\n<meta name=\"twitter:label1\" content=\"Est. reading time\" \/>\n\t<meta name=\"twitter:data1\" content=\"3 minutes\" \/>\n<script type=\"application\/ld+json\" class=\"yoast-schema-graph\">{\"@context\":\"https:\/\/schema.org\",\"@graph\":[{\"@type\":\"WebSite\",\"@id\":\"https:\/\/astos.cz\/#website\",\"url\":\"https:\/\/astos.cz\/\",\"name\":\"ASTOS Machinery\",\"description\":\"Specialista na dopravn\u00edkov\u00e9 syst\u00e9my a krytov\u00e1n\u00ed stroj\u016f\",\"potentialAction\":[{\"@type\":\"SearchAction\",\"target\":{\"@type\":\"EntryPoint\",\"urlTemplate\":\"https:\/\/astos.cz\/?s={search_term_string}\"},\"query-input\":\"required name=search_term_string\"}],\"inLanguage\":\"en-US\"},{\"@type\":\"ImageObject\",\"@id\":\"https:\/\/astos.cz\/en\/kontakty\/#primaryimage\",\"inLanguage\":\"en-US\",\"url\":\"https:\/\/astos.cz\/wp-content\/uploads\/2015\/10\/foto-Ondraschek-3.jpg\",\"contentUrl\":\"https:\/\/astos.cz\/wp-content\/uploads\/2015\/10\/foto-Ondraschek-3.jpg\",\"width\":262,\"height\":180},{\"@type\":\"WebPage\",\"@id\":\"https:\/\/astos.cz\/en\/kontakty\/#webpage\",\"url\":\"https:\/\/astos.cz\/en\/kontakty\/\",\"name\":\"Kontakty | ASTOS Machinery\",\"isPartOf\":{\"@id\":\"https:\/\/astos.cz\/#website\"},\"primaryImageOfPage\":{\"@id\":\"https:\/\/astos.cz\/en\/kontakty\/#primaryimage\"},\"datePublished\":\"2015-10-14T12:19:37+00:00\",\"dateModified\":\"2025-02-11T14:54:26+00:00\",\"description\":\"Astos Machinery a.s. Selbsk\u00e1 2746\/18, 352 01 A\u0161, Czech Republic. +420 354 401 065, +420 354 401 014. sales@astos.cz\",\"breadcrumb\":{\"@id\":\"https:\/\/astos.cz\/en\/kontakty\/#breadcrumb\"},\"inLanguage\":\"en-US\",\"potentialAction\":[{\"@type\":\"ReadAction\",\"target\":[\"https:\/\/astos.cz\/en\/kontakty\/\"]}]},{\"@type\":\"BreadcrumbList\",\"@id\":\"https:\/\/astos.cz\/en\/kontakty\/#breadcrumb\",\"itemListElement\":[{\"@type\":\"ListItem\",\"position\":1,\"name\":\"Dom\u016f\",\"item\":\"https:\/\/astos.cz\/en\/\"},{\"@type\":\"ListItem\",\"position\":2,\"name\":\"Kontakty\"}]}]}<\/script>\n<!-- \/ Yoast SEO plugin. -->","yoast_head_json":{"title":"Kontakty | ASTOS Machinery","description":"Astos Machinery a.s. Selbsk\u00e1 2746\/18, 352 01 A\u0161, Czech Republic. +420 354 401 065, +420 354 401 014. sales@astos.cz","robots":{"index":"index","follow":"follow","max-snippet":"max-snippet:-1","max-image-preview":"max-image-preview:large","max-video-preview":"max-video-preview:-1"},"canonical":"https:\/\/astos.cz\/en\/kontakty\/","og_locale":"en_US","og_type":"article","og_title":"Kontakty | ASTOS Machinery","og_description":"Astos Machinery a.s. Selbsk\u00e1 2746\/18, 352 01 A\u0161, Czech Republic. +420 354 401 065, +420 354 401 014. sales@astos.cz","og_url":"https:\/\/astos.cz\/en\/kontakty\/","og_site_name":"ASTOS Machinery","article_modified_time":"2025-02-11T14:54:26+00:00","og_image":[{"url":"https:\/\/astos.cz\/wp-content\/uploads\/2015\/10\/foto-Ondraschek-3.jpg"}],"twitter_card":"summary","twitter_misc":{"Est. reading time":"3 minutes"},"schema":{"@context":"https:\/\/schema.org","@graph":[{"@type":"WebSite","@id":"https:\/\/astos.cz\/#website","url":"https:\/\/astos.cz\/","name":"ASTOS Machinery","description":"Specialista na dopravn\u00edkov\u00e9 syst\u00e9my a krytov\u00e1n\u00ed stroj\u016f","potentialAction":[{"@type":"SearchAction","target":{"@type":"EntryPoint","urlTemplate":"https:\/\/astos.cz\/?s={search_term_string}"},"query-input":"required name=search_term_string"}],"inLanguage":"en-US"},{"@type":"ImageObject","@id":"https:\/\/astos.cz\/en\/kontakty\/#primaryimage","inLanguage":"en-US","url":"https:\/\/astos.cz\/wp-content\/uploads\/2015\/10\/foto-Ondraschek-3.jpg","contentUrl":"https:\/\/astos.cz\/wp-content\/uploads\/2015\/10\/foto-Ondraschek-3.jpg","width":262,"height":180},{"@type":"WebPage","@id":"https:\/\/astos.cz\/en\/kontakty\/#webpage","url":"https:\/\/astos.cz\/en\/kontakty\/","name":"Kontakty | ASTOS Machinery","isPartOf":{"@id":"https:\/\/astos.cz\/#website"},"primaryImageOfPage":{"@id":"https:\/\/astos.cz\/en\/kontakty\/#primaryimage"},"datePublished":"2015-10-14T12:19:37+00:00","dateModified":"2025-02-11T14:54:26+00:00","description":"Astos Machinery a.s. Selbsk\u00e1 2746\/18, 352 01 A\u0161, Czech Republic. +420 354 401 065, +420 354 401 014. sales@astos.cz","breadcrumb":{"@id":"https:\/\/astos.cz\/en\/kontakty\/#breadcrumb"},"inLanguage":"en-US","potentialAction":[{"@type":"ReadAction","target":["https:\/\/astos.cz\/en\/kontakty\/"]}]},{"@type":"BreadcrumbList","@id":"https:\/\/astos.cz\/en\/kontakty\/#breadcrumb","itemListElement":[{"@type":"ListItem","position":1,"name":"Dom\u016f","item":"https:\/\/astos.cz\/en\/"},{"@type":"ListItem","position":2,"name":"Kontakty"}]}]}},"_links":{"self":[{"href":"https:\/\/astos.cz\/en\/wp-json\/wp\/v2\/pages\/5023"}],"collection":[{"href":"https:\/\/astos.cz\/en\/wp-json\/wp\/v2\/pages"}],"about":[{"href":"https:\/\/astos.cz\/en\/wp-json\/wp\/v2\/types\/page"}],"author":[{"embeddable":true,"href":"https:\/\/astos.cz\/en\/wp-json\/wp\/v2\/users\/6"}],"replies":[{"embeddable":true,"href":"https:\/\/astos.cz\/en\/wp-json\/wp\/v2\/comments?post=5023"}],"version-history":[{"count":29,"href":"https:\/\/astos.cz\/en\/wp-json\/wp\/v2\/pages\/5023\/revisions"}],"predecessor-version":[{"id":12646,"href":"https:\/\/astos.cz\/en\/wp-json\/wp\/v2\/pages\/5023\/revisions\/12646"}],"wp:attachment":[{"href":"https:\/\/astos.cz\/en\/wp-json\/wp\/v2\/media?parent=5023"}],"wp:term":[{"taxonomy":"category","embeddable":true,"href":"https:\/\/astos.cz\/en\/wp-json\/wp\/v2\/categories?post=5023"},{"taxonomy":"post_tag","embeddable":true,"href":"https:\/\/astos.cz\/en\/wp-json\/wp\/v2\/tags?post=5023"}],"curies":[{"name":"wp","href":"https:\/\/api.w.org\/{rel}","templated":true}]}}