{"id":5011,"date":"2015-10-14T13:17:59","date_gmt":"2015-10-14T12:17:59","guid":{"rendered":"https:\/\/astos.cz\/en\/kariera\/aktualni-nabidka-pracovnich-prilezitosti\/"},"modified":"2016-06-15T07:44:27","modified_gmt":"2016-06-15T06:44:27","slug":"aktualni-nabidka-pracovnich-prilezitosti","status":"publish","type":"page","link":"https:\/\/astos.cz\/en\/kariera\/aktualni-nabidka-pracovnich-prilezitosti\/","title":{"rendered":"Job Opportunities"},"content":{"rendered":"<div id=\"pl-5011\"  class=\"panel-layout\" ><div id=\"pg-5011-0\"  class=\"panel-grid panel-no-style\" ><div id=\"pgc-5011-0-0\"  class=\"panel-grid-cell\" ><div id=\"panel-5011-0-0-0\" class=\"so-panel widget widget_black-studio-tinymce widget_black_studio_tinymce panel-first-child\" data-index=\"0\" ><div class=\"textwidget\"><h3 style=\"margin-top: 0px\">Z\u00e1vod A\u0161<\/h3>\n<h4 class=\"alternative-heading\">Pracovn\u00edk odd\u011blen\u00ed \u0159\u00edzen\u00ed jakosti (kontrolor)<\/h4>\n<h4 style=\"margin-top: 20px\">Hlavn\u00ed n\u00e1pl\u0148 pr\u00e1ce:<\/h4>\n<ul>\n<li>zodpov\u011bdnost za \u0159\u00e1dn\u00e9 proveden\u00ed kontroly kvality a dodr\u017een\u00ed technologick\u00e9ho postupu vyr\u00e1b\u011bn\u00fdch produkt\u016f<\/li>\n<li>ve spolupr\u00e1ci s ostatn\u00edmi odd\u011blen\u00edmi \u0159e\u0161en\u00ed reklamace a n\u00e1vrhy n\u00e1pravn\u00fdch opat\u0159en\u00ed<\/li>\n<\/ul>\n<h4 style=\"margin-top: 20px\">Po\u017eadujeme:<\/h4>\n<ul>\n<li>S\u0160 vzd\u011bl\u00e1n\u00ed strojn\u00edho zam\u011b\u0159en\u00ed nebo vyu\u010den\u00ed s prax\u00ed minim\u00e1ln\u011b 3 roky<\/li>\n<li>dobr\u00e1 znalost \u010dten\u00ed technick\u00fdch v\u00fdkres\u016f<\/li>\n<li>zku\u0161enost se sva\u0159ov\u00e1n\u00edm, obr\u00e1b\u011bn\u00edm a lakov\u00e1n\u00edm v\u00fdhodou<\/li>\n<li>praxe v oblasti kontroly ve stroj\u00edrensk\u00e9m pr\u016fmyslu v\u00edt\u00e1na<\/li>\n<li>z\u00e1kladn\u00ed u\u017eivatelsk\u00e1 znalost pr\u00e1ce na PC - MC Office<\/li>\n<li>zodpov\u011bdnost, samostatnost, d\u016fslednost a \u010dasov\u00e1 flexibilita<\/li>\n<\/ul>\n<h4 style=\"margin-top: 20px\">Nab\u00edz\u00edme:<\/h4>\n<ul>\n<li>motivuj\u00edc\u00ed finan\u010dn\u00ed ohodnocen\u00ed<\/li>\n<li>mo\u017enost dal\u0161\u00edho vzd\u011bl\u00e1v\u00e1n\u00ed v oboru<\/li>\n<li>profesn\u00ed r\u016fst<\/li>\n<li>perspektivu ve stabiln\u00ed spole\u010dnosti<\/li>\n<\/ul>\n<p>V\u00edce informac\u00ed se dozv\u00edte na telefonn\u00edm \u010d\u00edsle +420 774 407 012<\/p>\n<\/div><\/div><div id=\"panel-5011-0-0-1\" class=\"so-panel widget widget_black-studio-tinymce widget_black_studio_tinymce\" data-index=\"1\" ><div class=\"textwidget\"><h4 class=\"alternative-heading\" style=\"margin-top: 0px;\">Strojn\u00ed z\u00e1me\u010dn\u00edk \u2013 sv\u00e1\u0159e\u010d<\/h4>\n<h4 style=\"margin-top: 20px;\">Po\u017eadujeme:<\/h4>\n<ul>\n<li>platn\u00fd sv\u00e1\u0159ec\u00ed pr\u016fkaz ( sva\u0159ov\u00e1n\u00ed CO<sub>2<\/sub>)<\/li>\n<li>znalost \u010dten\u00ed technick\u00fdch v\u00fdkres\u016f<\/li>\n<li>zru\u010dnost<\/li>\n<li>praxe v oboru v\u00fdhodou<\/li>\n<\/ul>\n<h4 style=\"margin-top: 20px;\">Nab\u00edz\u00edme:<\/h4>\n<ul>\n<li>motivuj\u00edc\u00ed finan\u010dn\u00ed ohodnocen\u00ed<\/li>\n<li>odm\u011bny dle kvality odveden\u00e9 pr\u00e1ce<\/li>\n<li>\u0159adu firemn\u00edch benefit\u016f ( p\u0159\u00edsp\u011bvek na dopravu, p\u0159\u00edsp\u011bvek na stravn\u00e9, penzijn\u00ed p\u0159ipoji\u0161t\u011bn\u00ed atd.)<\/li>\n<li>perspektivu ve stabiln\u00ed spole\u010dnosti<\/li>\n<\/ul>\n<p>V\u00edce informac\u00ed se dozv\u00edte na telefonn\u00edm \u010d\u00edsle +420 774 407 012<\/p>\n<\/div><\/div><div id=\"panel-5011-0-0-2\" class=\"so-panel widget widget_black-studio-tinymce widget_black_studio_tinymce panel-last-child\" data-index=\"2\" ><div class=\"textwidget\"><h3>Z\u00e1vod Kol\u00edn<\/h3>\n<p><strong>Akciov\u00e1 spole\u010dnost ASTOS MACHINERY, je dynamicky se rozv\u00edjej\u00edc\u00ed spole\u010dnost s dlouholetou tradic\u00ed a stabiln\u00edm okruhem z\u00e1kazn\u00edk\u016f jak v \u010cR, tak v zahrani\u010d\u00ed. Mezi na\u0161e obchodn\u00ed partnery se \u0159ad\u00ed nejrenomovan\u011bj\u0161\u00ed sv\u011btov\u00ed v\u00fdrobci stroj\u016f a i jejich u\u017eivatel\u00e9. Na\u0161e spole\u010dnost exportuje do cel\u00e9ho sv\u011bta, p\u0159i\u010dem\u017e nejv\u00fdznamn\u011bj\u0161\u00ed trhem je Evropa. V r\u00e1mci rozvoje a inovace vlastn\u00edch v\u00fdrobk\u016f a pro spolupr\u00e1ci se sesterskou spole\u010dnost\u00ed Machinery Design s.r.o. v Plzni (konstruk\u010dn\u00ed v\u00fdvojov\u00e1 spole\u010dnost), ale i pro zaji\u0161t\u011bn\u00ed nov\u00fdch projekt\u016f pl\u00e1nuje roz\u0161\u00ed\u0159en\u00ed v\u00fdroby do Kol\u00edna. Z tohoto d\u016fvodu hled\u00e1me zru\u010dn\u00e9 zam\u011bstnance na pozice:<\/strong><\/p>\n<h4 class=\"alternative-heading\">Strojn\u00ed z\u00e1me\u010dn\u00edk \u2013 sv\u00e1\u0159e\u010d<\/h4>\n<h4 style=\"margin-top: 20px\">Po\u017eadujeme:<\/h4>\n<ul>\n<li>platn\u00fd sv\u00e1\u0159ec\u00ed pr\u016fkaz (sva\u0159ov\u00e1n\u00ed CO2)<\/li>\n<li>znalost \u010dten\u00ed technick\u00fdch v\u00fdkres\u016f<\/li>\n<li>zru\u010dnost<\/li>\n<li>praxe v oboru v\u00fdhodou<\/li>\n<\/ul>\n<h4 style=\"margin-top: 20px\">Nab\u00edz\u00edme:<\/h4>\n<ul>\n<li>motivuj\u00edc\u00ed finan\u010dn\u00ed ohodnocen\u00ed<\/li>\n<li>odm\u011bny dle kvality odveden\u00e9 pr\u00e1ce<\/li>\n<li>\u0159adu firemn\u00edch benefit\u016f (p\u0159\u00edsp\u011bvek na dopravu, p\u0159\u00edsp\u011bvek na stravn\u00e9, penzijn\u00ed p\u0159ipoji\u0161t\u011bn\u00ed atd.)<\/li>\n<li>perspektivu ve stabiln\u00ed spole\u010dnosti<\/li>\n<\/ul>\n<p>V\u00edce informac\u00ed se dozv\u00edte na telefonn\u00edm \u010d\u00edsle +420 774 407 012<\/p>\n<h4 class=\"alternative-heading\">Strojn\u00ed z\u00e1me\u010dn\u00edk \u2013 mana\u017eer zak\u00e1zek<\/h4>\n<h4 style=\"margin-top: 20px\">Po\u017eadujeme:<\/h4>\n<ul>\n<li>znalost \u010dten\u00ed technick\u00fdch v\u00fdkres\u016f<\/li>\n<li>zru\u010dnost<\/li>\n<li>zku\u0161enost s veden\u00edm men\u0161\u00edho kolektivu v\u00fdhodou (cca 5 zam\u011bstnanc\u016f)<\/li>\n<li>praxe v oboru v\u00fdhodou<\/li>\n<\/ul>\n<h4 style=\"margin-top: 20px\">Nab\u00edz\u00edme:<\/h4>\n<ul>\n<li>motivuj\u00edc\u00ed finan\u010dn\u00ed ohodnocen\u00ed<\/li>\n<li>odm\u011bny dle kvality odveden\u00e9 pr\u00e1ce<\/li>\n<li>\u0159adu firemn\u00edch benefit\u016f ( p\u0159\u00edsp\u011bvek na dopravu, p\u0159\u00edsp\u011bvek na stravn\u00e9, penzijn\u00ed p\u0159ipoji\u0161t\u011bn\u00ed atd.)<\/li>\n<li>perspektivu ve stabiln\u00ed spole\u010dnosti<\/li>\n<\/ul>\n<p>V\u00edce informac\u00ed se dozv\u00edte na telefonn\u00edm \u010d\u00edsle +420 774 407 012<\/p>\n<\/div><\/div><\/div><\/div><\/div>","protected":false},"excerpt":{"rendered":"<p>Aktu\u00e1ln\u00ed nab\u00eddka pracovn\u00edch m\u00edst<\/p>\n","protected":false},"author":6,"featured_media":5762,"parent":5007,"menu_order":0,"comment_status":"closed","ping_status":"closed","template":"","meta":[],"categories":[],"tags":[],"yoast_head":"<!-- This site is optimized with the Yoast SEO plugin v18.5.1 - https:\/\/yoast.com\/wordpress\/plugins\/seo\/ -->\n<title>Job Opportunities | ASTOS Machinery<\/title>\n<meta name=\"robots\" content=\"index, follow, max-snippet:-1, max-image-preview:large, max-video-preview:-1\" \/>\n<link rel=\"canonical\" href=\"https:\/\/astos.cz\/en\/kariera\/aktualni-nabidka-pracovnich-prilezitosti\/\" \/>\n<meta property=\"og:locale\" content=\"en_US\" \/>\n<meta property=\"og:type\" content=\"article\" \/>\n<meta property=\"og:title\" content=\"Job Opportunities | ASTOS Machinery\" \/>\n<meta property=\"og:description\" content=\"Aktu\u00e1ln\u00ed nab\u00eddka pracovn\u00edch m\u00edst\" \/>\n<meta property=\"og:url\" content=\"https:\/\/astos.cz\/en\/kariera\/aktualni-nabidka-pracovnich-prilezitosti\/\" \/>\n<meta property=\"og:site_name\" content=\"ASTOS Machinery\" \/>\n<meta property=\"article:modified_time\" content=\"2016-06-15T06:44:27+00:00\" \/>\n<meta property=\"og:image\" content=\"https:\/\/astos.cz\/wp-content\/uploads\/2015\/10\/nahledovy-obrazek-nabidka-prace-2.jpg\" \/>\n\t<meta property=\"og:image:width\" content=\"1140\" \/>\n\t<meta property=\"og:image:height\" content=\"640\" \/>\n\t<meta property=\"og:image:type\" content=\"image\/jpeg\" \/>\n<meta name=\"twitter:card\" content=\"summary\" \/>\n<meta name=\"twitter:label1\" content=\"Est. reading time\" \/>\n\t<meta name=\"twitter:data1\" content=\"3 minutes\" \/>\n<script type=\"application\/ld+json\" class=\"yoast-schema-graph\">{\"@context\":\"https:\/\/schema.org\",\"@graph\":[{\"@type\":\"WebSite\",\"@id\":\"https:\/\/astos.cz\/#website\",\"url\":\"https:\/\/astos.cz\/\",\"name\":\"ASTOS Machinery\",\"description\":\"Specialista na dopravn\u00edkov\u00e9 syst\u00e9my a krytov\u00e1n\u00ed stroj\u016f\",\"potentialAction\":[{\"@type\":\"SearchAction\",\"target\":{\"@type\":\"EntryPoint\",\"urlTemplate\":\"https:\/\/astos.cz\/?s={search_term_string}\"},\"query-input\":\"required name=search_term_string\"}],\"inLanguage\":\"en-US\"},{\"@type\":\"ImageObject\",\"@id\":\"https:\/\/astos.cz\/en\/kariera\/aktualni-nabidka-pracovnich-prilezitosti\/#primaryimage\",\"inLanguage\":\"en-US\",\"url\":\"https:\/\/astos.cz\/wp-content\/uploads\/2015\/10\/nahledovy-obrazek-nabidka-prace-2.jpg\",\"contentUrl\":\"https:\/\/astos.cz\/wp-content\/uploads\/2015\/10\/nahledovy-obrazek-nabidka-prace-2.jpg\",\"width\":1140,\"height\":640,\"caption\":\"Engineer in front of his team\"},{\"@type\":\"WebPage\",\"@id\":\"https:\/\/astos.cz\/en\/kariera\/aktualni-nabidka-pracovnich-prilezitosti\/#webpage\",\"url\":\"https:\/\/astos.cz\/en\/kariera\/aktualni-nabidka-pracovnich-prilezitosti\/\",\"name\":\"Job Opportunities | ASTOS Machinery\",\"isPartOf\":{\"@id\":\"https:\/\/astos.cz\/#website\"},\"primaryImageOfPage\":{\"@id\":\"https:\/\/astos.cz\/en\/kariera\/aktualni-nabidka-pracovnich-prilezitosti\/#primaryimage\"},\"datePublished\":\"2015-10-14T12:17:59+00:00\",\"dateModified\":\"2016-06-15T06:44:27+00:00\",\"breadcrumb\":{\"@id\":\"https:\/\/astos.cz\/en\/kariera\/aktualni-nabidka-pracovnich-prilezitosti\/#breadcrumb\"},\"inLanguage\":\"en-US\",\"potentialAction\":[{\"@type\":\"ReadAction\",\"target\":[\"https:\/\/astos.cz\/en\/kariera\/aktualni-nabidka-pracovnich-prilezitosti\/\"]}]},{\"@type\":\"BreadcrumbList\",\"@id\":\"https:\/\/astos.cz\/en\/kariera\/aktualni-nabidka-pracovnich-prilezitosti\/#breadcrumb\",\"itemListElement\":[{\"@type\":\"ListItem\",\"position\":1,\"name\":\"Dom\u016f\",\"item\":\"https:\/\/astos.cz\/en\/\"},{\"@type\":\"ListItem\",\"position\":2,\"name\":\"Career\",\"item\":\"https:\/\/astos.cz\/en\/kariera\/\"},{\"@type\":\"ListItem\",\"position\":3,\"name\":\"Job Opportunities\"}]}]}<\/script>\n<!-- \/ Yoast SEO plugin. -->","yoast_head_json":{"title":"Job Opportunities | ASTOS Machinery","robots":{"index":"index","follow":"follow","max-snippet":"max-snippet:-1","max-image-preview":"max-image-preview:large","max-video-preview":"max-video-preview:-1"},"canonical":"https:\/\/astos.cz\/en\/kariera\/aktualni-nabidka-pracovnich-prilezitosti\/","og_locale":"en_US","og_type":"article","og_title":"Job Opportunities | ASTOS Machinery","og_description":"Aktu\u00e1ln\u00ed nab\u00eddka pracovn\u00edch m\u00edst","og_url":"https:\/\/astos.cz\/en\/kariera\/aktualni-nabidka-pracovnich-prilezitosti\/","og_site_name":"ASTOS Machinery","article_modified_time":"2016-06-15T06:44:27+00:00","og_image":[{"width":1140,"height":640,"url":"https:\/\/astos.cz\/wp-content\/uploads\/2015\/10\/nahledovy-obrazek-nabidka-prace-2.jpg","type":"image\/jpeg"}],"twitter_card":"summary","twitter_misc":{"Est. reading time":"3 minutes"},"schema":{"@context":"https:\/\/schema.org","@graph":[{"@type":"WebSite","@id":"https:\/\/astos.cz\/#website","url":"https:\/\/astos.cz\/","name":"ASTOS Machinery","description":"Specialista na dopravn\u00edkov\u00e9 syst\u00e9my a krytov\u00e1n\u00ed stroj\u016f","potentialAction":[{"@type":"SearchAction","target":{"@type":"EntryPoint","urlTemplate":"https:\/\/astos.cz\/?s={search_term_string}"},"query-input":"required name=search_term_string"}],"inLanguage":"en-US"},{"@type":"ImageObject","@id":"https:\/\/astos.cz\/en\/kariera\/aktualni-nabidka-pracovnich-prilezitosti\/#primaryimage","inLanguage":"en-US","url":"https:\/\/astos.cz\/wp-content\/uploads\/2015\/10\/nahledovy-obrazek-nabidka-prace-2.jpg","contentUrl":"https:\/\/astos.cz\/wp-content\/uploads\/2015\/10\/nahledovy-obrazek-nabidka-prace-2.jpg","width":1140,"height":640,"caption":"Engineer in front of his team"},{"@type":"WebPage","@id":"https:\/\/astos.cz\/en\/kariera\/aktualni-nabidka-pracovnich-prilezitosti\/#webpage","url":"https:\/\/astos.cz\/en\/kariera\/aktualni-nabidka-pracovnich-prilezitosti\/","name":"Job Opportunities | ASTOS Machinery","isPartOf":{"@id":"https:\/\/astos.cz\/#website"},"primaryImageOfPage":{"@id":"https:\/\/astos.cz\/en\/kariera\/aktualni-nabidka-pracovnich-prilezitosti\/#primaryimage"},"datePublished":"2015-10-14T12:17:59+00:00","dateModified":"2016-06-15T06:44:27+00:00","breadcrumb":{"@id":"https:\/\/astos.cz\/en\/kariera\/aktualni-nabidka-pracovnich-prilezitosti\/#breadcrumb"},"inLanguage":"en-US","potentialAction":[{"@type":"ReadAction","target":["https:\/\/astos.cz\/en\/kariera\/aktualni-nabidka-pracovnich-prilezitosti\/"]}]},{"@type":"BreadcrumbList","@id":"https:\/\/astos.cz\/en\/kariera\/aktualni-nabidka-pracovnich-prilezitosti\/#breadcrumb","itemListElement":[{"@type":"ListItem","position":1,"name":"Dom\u016f","item":"https:\/\/astos.cz\/en\/"},{"@type":"ListItem","position":2,"name":"Career","item":"https:\/\/astos.cz\/en\/kariera\/"},{"@type":"ListItem","position":3,"name":"Job Opportunities"}]}]}},"_links":{"self":[{"href":"https:\/\/astos.cz\/en\/wp-json\/wp\/v2\/pages\/5011"}],"collection":[{"href":"https:\/\/astos.cz\/en\/wp-json\/wp\/v2\/pages"}],"about":[{"href":"https:\/\/astos.cz\/en\/wp-json\/wp\/v2\/types\/page"}],"author":[{"embeddable":true,"href":"https:\/\/astos.cz\/en\/wp-json\/wp\/v2\/users\/6"}],"replies":[{"embeddable":true,"href":"https:\/\/astos.cz\/en\/wp-json\/wp\/v2\/comments?post=5011"}],"version-history":[{"count":9,"href":"https:\/\/astos.cz\/en\/wp-json\/wp\/v2\/pages\/5011\/revisions"}],"predecessor-version":[{"id":6416,"href":"https:\/\/astos.cz\/en\/wp-json\/wp\/v2\/pages\/5011\/revisions\/6416"}],"up":[{"embeddable":true,"href":"https:\/\/astos.cz\/en\/wp-json\/wp\/v2\/pages\/5007"}],"wp:featuredmedia":[{"embeddable":true,"href":"https:\/\/astos.cz\/en\/wp-json\/wp\/v2\/media\/5762"}],"wp:attachment":[{"href":"https:\/\/astos.cz\/en\/wp-json\/wp\/v2\/media?parent=5011"}],"wp:term":[{"taxonomy":"category","embeddable":true,"href":"https:\/\/astos.cz\/en\/wp-json\/wp\/v2\/categories?post=5011"},{"taxonomy":"post_tag","embeddable":true,"href":"https:\/\/astos.cz\/en\/wp-json\/wp\/v2\/tags?post=5011"}],"curies":[{"name":"wp","href":"https:\/\/api.w.org\/{rel}","templated":true}]}}