{"id":4969,"date":"2015-10-14T13:16:56","date_gmt":"2015-10-14T12:16:56","guid":{"rendered":"https:\/\/astos.cz\/en\/ke-stazeni\/produktove-listy\/"},"modified":"2024-05-31T11:28:33","modified_gmt":"2024-05-31T10:28:33","slug":"produktove-listy","status":"publish","type":"page","link":"https:\/\/astos.cz\/en\/produktove-listy\/","title":{"rendered":"Catalogue"},"content":{"rendered":"<div id=\"pl-4969\"  class=\"panel-layout\" ><div id=\"pg-4969-0\"  class=\"panel-grid panel-no-style\" ><div id=\"pgc-4969-0-0\"  class=\"panel-grid-cell\" ><div id=\"panel-4969-0-0-0\" class=\"so-panel widget widget_black-studio-tinymce widget_black_studio_tinymce panel-first-child\" data-index=\"0\" ><div class=\"panel-widget-style panel-widget-style-for-4969-0-0-0\" ><div class=\"textwidget\"><h4 class=\"alternative-heading\" style=\"margin-top: 0px\">Conveyor systems<\/h4>\n<\/div><\/div><\/div><div id=\"panel-4969-0-0-1\" class=\"so-panel widget widget_pt_brochure_box widget-brochure-box\" data-index=\"1\" >\t\t\t<a class=\"brochure-box\" href=\"https:\/\/astos.cz\/wp-content\/uploads\/2015\/10\/03-CDT-Hinged-belt-type-chip-conveyor.pdf\" target=\"_blank\">\n\t\t\t\t<i class=\"fa  fa-file-pdf-o\"><\/i>\n\t\t\t\t<h5 class=\"brochure-box__text\">CDT \u2013 for CNC machines<\/h5>\n\t\t\t<\/a>\n\n\t\t\t<\/div><div id=\"panel-4969-0-0-2\" class=\"so-panel widget widget_pt_brochure_box widget-brochure-box\" data-index=\"2\" >\t\t\t<a class=\"brochure-box\" href=\"https:\/\/astos.cz\/wp-content\/uploads\/2015\/10\/04-CDT-Hinged-belt-conveyor-stamping-facilities.pdf\" target=\"_blank\">\n\t\t\t\t<i class=\"fa  fa-file-pdf-o\"><\/i>\n\t\t\t\t<h5 class=\"brochure-box__text\">CDT \u2013 for stamping facilities<\/h5>\n\t\t\t<\/a>\n\n\t\t\t<\/div><div id=\"panel-4969-0-0-3\" class=\"so-panel widget widget_pt_brochure_box widget-brochure-box\" data-index=\"3\" >\t\t\t<a class=\"brochure-box\" href=\"https:\/\/astos.cz\/wp-content\/uploads\/2015\/10\/05-DHR-Scraper-chip-conveyors.pdf\" target=\"_blank\">\n\t\t\t\t<i class=\"fa  fa-file-pdf-o\"><\/i>\n\t\t\t\t<h5 class=\"brochure-box__text\">DHR \u2013 Scraper conveyor<\/h5>\n\t\t\t<\/a>\n\n\t\t\t<\/div><div id=\"panel-4969-0-0-4\" class=\"so-panel widget widget_pt_brochure_box widget-brochure-box panel-last-child\" data-index=\"4\" >\t\t\t<a class=\"brochure-box\" href=\"https:\/\/astos.cz\/wp-content\/uploads\/2015\/10\/06-DM-Magnetic-chip-conveyor.pdf\" target=\"_blank\">\n\t\t\t\t<i class=\"fa  fa-file-pdf-o\"><\/i>\n\t\t\t\t<h5 class=\"brochure-box__text\">DM \u2013 Magnetic conveyor<\/h5>\n\t\t\t<\/a>\n\n\t\t\t<\/div><\/div><div id=\"pgc-4969-0-1\"  class=\"panel-grid-cell\" ><div id=\"panel-4969-0-1-0\" class=\"so-panel widget widget_black-studio-tinymce widget_black_studio_tinymce panel-first-child\" data-index=\"5\" ><div class=\"panel-widget-style panel-widget-style-for-4969-0-1-0\" ><div class=\"textwidget\"><h4 class=\"alternative-heading\" style=\"margin-top: 0px\">Filtration equipment<\/h4>\n<\/div><\/div><\/div><div id=\"panel-4969-0-1-1\" class=\"so-panel widget widget_pt_brochure_box widget-brochure-box\" data-index=\"6\" >\t\t\t<a class=\"brochure-box\" href=\"https:\/\/www.astos.cz\/wp-content\/uploads\/2015\/10\/WEB-2019-GB-CFS-PL-Astos.pdf\" >\n\t\t\t\t<i class=\"fa  fa-file-pdf-o\"><\/i>\n\t\t\t\t<h5 class=\"brochure-box__text\">CFS - Central filtration station<\/h5>\n\t\t\t<\/a>\n\n\t\t\t<\/div><div id=\"panel-4969-0-1-2\" class=\"so-panel widget widget_pt_brochure_box widget-brochure-box\" data-index=\"7\" >\t\t\t<a class=\"brochure-box\" href=\"https:\/\/www.astos.cz\/wp-content\/uploads\/2015\/10\/WEB-2019-GB-PFB-PL-Astos.pdf\" >\n\t\t\t\t<i class=\"fa  fa-file-pdf-o\"><\/i>\n\t\t\t\t<h5 class=\"brochure-box__text\">PFB - Drum belt filter<\/h5>\n\t\t\t<\/a>\n\n\t\t\t<\/div><div id=\"panel-4969-0-1-3\" class=\"so-panel widget widget_pt_brochure_box widget-brochure-box\" data-index=\"8\" >\t\t\t<a class=\"brochure-box\" href=\"https:\/\/astos.cz\/wp-content\/uploads\/2015\/10\/11-FS-filtration-stations-.pdf\" >\n\t\t\t\t<i class=\"fa  fa-file-pdf-o\"><\/i>\n\t\t\t\t<h5 class=\"brochure-box__text\">FS - Filter stations<\/h5>\n\t\t\t<\/a>\n\n\t\t\t<\/div><div id=\"panel-4969-0-1-4\" class=\"so-panel widget widget_pt_brochure_box widget-brochure-box\" data-index=\"9\" >\t\t\t<a class=\"brochure-box\" href=\"https:\/\/astos.cz\/wp-content\/uploads\/2015\/10\/09-PF-Band-filter.pdf\" >\n\t\t\t\t<i class=\"fa  fa-file-pdf-o\"><\/i>\n\t\t\t\t<h5 class=\"brochure-box__text\">PF - Band filters<\/h5>\n\t\t\t<\/a>\n\n\t\t\t<\/div><div id=\"panel-4969-0-1-5\" class=\"so-panel widget widget_pt_brochure_box widget-brochure-box panel-last-child\" data-index=\"10\" >\t\t\t<a class=\"brochure-box\" href=\"https:\/\/astos.cz\/wp-content\/uploads\/2015\/10\/10-MS-Magnetic-separator.pdf\" >\n\t\t\t\t<i class=\"fa  fa-file-pdf-o\"><\/i>\n\t\t\t\t<h5 class=\"brochure-box__text\">MS - Magnetic separators<\/h5>\n\t\t\t<\/a>\n\n\t\t\t<\/div><\/div><div id=\"pgc-4969-0-2\"  class=\"panel-grid-cell\" ><div id=\"panel-4969-0-2-0\" class=\"so-panel widget widget_black-studio-tinymce widget_black_studio_tinymce panel-first-child\" data-index=\"11\" ><div class=\"panel-widget-style panel-widget-style-for-4969-0-2-0\" ><div class=\"textwidget\"><h4 class=\"alternative-heading\" style=\"margin-top: 0px\">Additional program<\/h4>\n<\/div><\/div><\/div><div id=\"panel-4969-0-2-1\" class=\"so-panel widget widget_pt_brochure_box widget-brochure-box panel-last-child\" data-index=\"12\" >\t\t\t<a class=\"brochure-box\" href=\"https:\/\/astos.cz\/wp-content\/uploads\/2015\/10\/19-KT-Chip-and-swarf-waste-tipping-skips.pdf\" >\n\t\t\t\t<i class=\"fa  fa-file-pdf-o\"><\/i>\n\t\t\t\t<h5 class=\"brochure-box__text\">KT - Tipping skips<\/h5>\n\t\t\t<\/a>\n\n\t\t\t<\/div><\/div><\/div><\/div>","protected":false},"excerpt":{"rendered":"<p>Conveyor systems Filtration equipment Additional program<\/p>\n","protected":false},"author":6,"featured_media":5729,"parent":0,"menu_order":0,"comment_status":"closed","ping_status":"closed","template":"","meta":[],"categories":[],"tags":[],"yoast_head":"<!-- This site is optimized with the Yoast SEO plugin v18.5.1 - https:\/\/yoast.com\/wordpress\/plugins\/seo\/ -->\n<title>Catalogue | ASTOS Machinery<\/title>\n<meta name=\"robots\" content=\"index, follow, max-snippet:-1, max-image-preview:large, max-video-preview:-1\" \/>\n<link rel=\"canonical\" href=\"https:\/\/astos.cz\/en\/produktove-listy\/\" \/>\n<meta property=\"og:locale\" content=\"en_US\" \/>\n<meta property=\"og:type\" content=\"article\" \/>\n<meta property=\"og:title\" content=\"Catalogue | ASTOS Machinery\" \/>\n<meta property=\"og:description\" content=\"Conveyor systems Filtration equipment Additional program\" \/>\n<meta property=\"og:url\" content=\"https:\/\/astos.cz\/en\/produktove-listy\/\" \/>\n<meta property=\"og:site_name\" content=\"ASTOS Machinery\" \/>\n<meta property=\"article:modified_time\" content=\"2024-05-31T10:28:33+00:00\" \/>\n<meta property=\"og:image\" content=\"https:\/\/astos.cz\/wp-content\/uploads\/2015\/10\/nahledovy-obrazek-produktove-listy.jpg\" \/>\n\t<meta property=\"og:image:width\" content=\"1140\" \/>\n\t<meta property=\"og:image:height\" content=\"640\" \/>\n\t<meta property=\"og:image:type\" content=\"image\/jpeg\" \/>\n<meta name=\"twitter:card\" content=\"summary\" \/>\n<script type=\"application\/ld+json\" class=\"yoast-schema-graph\">{\"@context\":\"https:\/\/schema.org\",\"@graph\":[{\"@type\":\"WebSite\",\"@id\":\"https:\/\/astos.cz\/#website\",\"url\":\"https:\/\/astos.cz\/\",\"name\":\"ASTOS Machinery\",\"description\":\"Specialista na dopravn\u00edkov\u00e9 syst\u00e9my a krytov\u00e1n\u00ed stroj\u016f\",\"potentialAction\":[{\"@type\":\"SearchAction\",\"target\":{\"@type\":\"EntryPoint\",\"urlTemplate\":\"https:\/\/astos.cz\/?s={search_term_string}\"},\"query-input\":\"required name=search_term_string\"}],\"inLanguage\":\"en-US\"},{\"@type\":\"ImageObject\",\"@id\":\"https:\/\/astos.cz\/en\/produktove-listy\/#primaryimage\",\"inLanguage\":\"en-US\",\"url\":\"https:\/\/astos.cz\/wp-content\/uploads\/2015\/10\/nahledovy-obrazek-produktove-listy.jpg\",\"contentUrl\":\"https:\/\/astos.cz\/wp-content\/uploads\/2015\/10\/nahledovy-obrazek-produktove-listy.jpg\",\"width\":1140,\"height\":640},{\"@type\":\"WebPage\",\"@id\":\"https:\/\/astos.cz\/en\/produktove-listy\/#webpage\",\"url\":\"https:\/\/astos.cz\/en\/produktove-listy\/\",\"name\":\"Catalogue | ASTOS Machinery\",\"isPartOf\":{\"@id\":\"https:\/\/astos.cz\/#website\"},\"primaryImageOfPage\":{\"@id\":\"https:\/\/astos.cz\/en\/produktove-listy\/#primaryimage\"},\"datePublished\":\"2015-10-14T12:16:56+00:00\",\"dateModified\":\"2024-05-31T10:28:33+00:00\",\"breadcrumb\":{\"@id\":\"https:\/\/astos.cz\/en\/produktove-listy\/#breadcrumb\"},\"inLanguage\":\"en-US\",\"potentialAction\":[{\"@type\":\"ReadAction\",\"target\":[\"https:\/\/astos.cz\/en\/produktove-listy\/\"]}]},{\"@type\":\"BreadcrumbList\",\"@id\":\"https:\/\/astos.cz\/en\/produktove-listy\/#breadcrumb\",\"itemListElement\":[{\"@type\":\"ListItem\",\"position\":1,\"name\":\"Dom\u016f\",\"item\":\"https:\/\/astos.cz\/en\/\"},{\"@type\":\"ListItem\",\"position\":2,\"name\":\"Catalogue\"}]}]}<\/script>\n<!-- \/ Yoast SEO plugin. -->","yoast_head_json":{"title":"Catalogue | ASTOS Machinery","robots":{"index":"index","follow":"follow","max-snippet":"max-snippet:-1","max-image-preview":"max-image-preview:large","max-video-preview":"max-video-preview:-1"},"canonical":"https:\/\/astos.cz\/en\/produktove-listy\/","og_locale":"en_US","og_type":"article","og_title":"Catalogue | ASTOS Machinery","og_description":"Conveyor systems Filtration equipment Additional program","og_url":"https:\/\/astos.cz\/en\/produktove-listy\/","og_site_name":"ASTOS Machinery","article_modified_time":"2024-05-31T10:28:33+00:00","og_image":[{"width":1140,"height":640,"url":"https:\/\/astos.cz\/wp-content\/uploads\/2015\/10\/nahledovy-obrazek-produktove-listy.jpg","type":"image\/jpeg"}],"twitter_card":"summary","schema":{"@context":"https:\/\/schema.org","@graph":[{"@type":"WebSite","@id":"https:\/\/astos.cz\/#website","url":"https:\/\/astos.cz\/","name":"ASTOS Machinery","description":"Specialista na dopravn\u00edkov\u00e9 syst\u00e9my a krytov\u00e1n\u00ed stroj\u016f","potentialAction":[{"@type":"SearchAction","target":{"@type":"EntryPoint","urlTemplate":"https:\/\/astos.cz\/?s={search_term_string}"},"query-input":"required name=search_term_string"}],"inLanguage":"en-US"},{"@type":"ImageObject","@id":"https:\/\/astos.cz\/en\/produktove-listy\/#primaryimage","inLanguage":"en-US","url":"https:\/\/astos.cz\/wp-content\/uploads\/2015\/10\/nahledovy-obrazek-produktove-listy.jpg","contentUrl":"https:\/\/astos.cz\/wp-content\/uploads\/2015\/10\/nahledovy-obrazek-produktove-listy.jpg","width":1140,"height":640},{"@type":"WebPage","@id":"https:\/\/astos.cz\/en\/produktove-listy\/#webpage","url":"https:\/\/astos.cz\/en\/produktove-listy\/","name":"Catalogue | ASTOS Machinery","isPartOf":{"@id":"https:\/\/astos.cz\/#website"},"primaryImageOfPage":{"@id":"https:\/\/astos.cz\/en\/produktove-listy\/#primaryimage"},"datePublished":"2015-10-14T12:16:56+00:00","dateModified":"2024-05-31T10:28:33+00:00","breadcrumb":{"@id":"https:\/\/astos.cz\/en\/produktove-listy\/#breadcrumb"},"inLanguage":"en-US","potentialAction":[{"@type":"ReadAction","target":["https:\/\/astos.cz\/en\/produktove-listy\/"]}]},{"@type":"BreadcrumbList","@id":"https:\/\/astos.cz\/en\/produktove-listy\/#breadcrumb","itemListElement":[{"@type":"ListItem","position":1,"name":"Dom\u016f","item":"https:\/\/astos.cz\/en\/"},{"@type":"ListItem","position":2,"name":"Catalogue"}]}]}},"_links":{"self":[{"href":"https:\/\/astos.cz\/en\/wp-json\/wp\/v2\/pages\/4969"}],"collection":[{"href":"https:\/\/astos.cz\/en\/wp-json\/wp\/v2\/pages"}],"about":[{"href":"https:\/\/astos.cz\/en\/wp-json\/wp\/v2\/types\/page"}],"author":[{"embeddable":true,"href":"https:\/\/astos.cz\/en\/wp-json\/wp\/v2\/users\/6"}],"replies":[{"embeddable":true,"href":"https:\/\/astos.cz\/en\/wp-json\/wp\/v2\/comments?post=4969"}],"version-history":[{"count":20,"href":"https:\/\/astos.cz\/en\/wp-json\/wp\/v2\/pages\/4969\/revisions"}],"predecessor-version":[{"id":12118,"href":"https:\/\/astos.cz\/en\/wp-json\/wp\/v2\/pages\/4969\/revisions\/12118"}],"wp:featuredmedia":[{"embeddable":true,"href":"https:\/\/astos.cz\/en\/wp-json\/wp\/v2\/media\/5729"}],"wp:attachment":[{"href":"https:\/\/astos.cz\/en\/wp-json\/wp\/v2\/media?parent=4969"}],"wp:term":[{"taxonomy":"category","embeddable":true,"href":"https:\/\/astos.cz\/en\/wp-json\/wp\/v2\/categories?post=4969"},{"taxonomy":"post_tag","embeddable":true,"href":"https:\/\/astos.cz\/en\/wp-json\/wp\/v2\/tags?post=4969"}],"curies":[{"name":"wp","href":"https:\/\/api.w.org\/{rel}","templated":true}]}}