{"id":4947,"date":"2015-10-13T14:39:56","date_gmt":"2015-10-13T13:39:56","guid":{"rendered":"https:\/\/astos.cz\/en\/priklady-zakaznickych-reseni\/aplikace-pro-filtrovani-chladicich-kapalin\/"},"modified":"2022-05-09T09:35:30","modified_gmt":"2022-05-09T08:35:30","slug":"aplikace-pro-filtrovani-chladicich-kapalin","status":"publish","type":"page","link":"https:\/\/astos.cz\/en\/priklady-zakaznickych-reseni\/aplikace-pro-filtrovani-chladicich-kapalin\/","title":{"rendered":"Applications for coolant filtration"},"content":{"rendered":"<div id=\"pl-4947\"  class=\"panel-layout\" ><div id=\"pg-4947-0\"  class=\"panel-grid panel-no-style\" ><div id=\"pgc-4947-0-0\"  class=\"panel-grid-cell\" ><div id=\"panel-4947-0-0-0\" class=\"so-panel widget widget_black-studio-tinymce widget_black_studio_tinymce panel-first-child panel-last-child\" data-index=\"0\" ><div class=\"textwidget\"><p><figure id=\"attachment_5677\" aria-describedby=\"caption-attachment-5677\" style=\"width: 410px\" class=\"wp-caption alignnone\"><a href=\"https:\/\/astos.cz\/wp-content\/uploads\/2015\/10\/FSB250-MS300-Fermat-02.jpg\"  rel=\"lightbox[4947] attachment wp-att-5677\"><img class=\"wp-image-5677\" src=\"https:\/\/astos.cz\/wp-content\/uploads\/2015\/10\/FSB250-MS300-Fermat-02.jpg\" alt=\"FSB250-MS300-Fermat-02\" width=\"410\" height=\"230\" \/><\/a><figcaption id=\"caption-attachment-5677\" class=\"wp-caption-text\">Drum filter with the return flow tank, CZ<\/figcaption><\/figure><\/p>\n<p><figure id=\"attachment_5680\" aria-describedby=\"caption-attachment-5680\" style=\"width: 410px\" class=\"wp-caption alignnone\"><a href=\"https:\/\/astos.cz\/wp-content\/uploads\/2015\/10\/FSB250-MS300-FERMAT-STUDIE.jpg\"  rel=\"lightbox[4947] attachment wp-att-5680\"><img class=\"wp-image-5680\" src=\"https:\/\/astos.cz\/wp-content\/uploads\/2015\/10\/FSB250-MS300-FERMAT-STUDIE.jpg\" alt=\"FSB250-MS300-FERMAT-STUDIE\" width=\"410\" height=\"230\" \/><\/a><figcaption id=\"caption-attachment-5680\" class=\"wp-caption-text\">Drum filter with the return flow tank, different angle of view, CZ<\/figcaption><\/figure><\/p>\n<\/div><\/div><\/div><div id=\"pgc-4947-0-1\"  class=\"panel-grid-cell\" ><div id=\"panel-4947-0-1-0\" class=\"so-panel widget widget_black-studio-tinymce widget_black_studio_tinymce panel-first-child panel-last-child\" data-index=\"1\" ><div class=\"textwidget\"><p><figure id=\"attachment_5683\" aria-describedby=\"caption-attachment-5683\" style=\"width: 410px\" class=\"wp-caption alignnone\"><a href=\"https:\/\/astos.cz\/wp-content\/uploads\/2015\/10\/FSB250-precerpavcka-2-HIPO.jpg\"  rel=\"lightbox[4947] attachment wp-att-5683\"><img class=\"wp-image-5683\" src=\"https:\/\/astos.cz\/wp-content\/uploads\/2015\/10\/FSB250-precerpavcka-2-HIPO.jpg\" alt=\"FSB250-precerpavcka-2-HIPO\" width=\"410\" height=\"230\" \/><\/a><figcaption id=\"caption-attachment-5683\" class=\"wp-caption-text\">Drum filter with the free standing return tank, CZ<\/figcaption><\/figure><\/p>\n<p><figure id=\"attachment_5674\" aria-describedby=\"caption-attachment-5674\" style=\"width: 410px\" class=\"wp-caption alignleft\"><a href=\"https:\/\/astos.cz\/wp-content\/uploads\/2015\/10\/Filtrace-BF.jpg\"  rel=\"lightbox[4947] attachment wp-att-5674\"><img class=\"wp-image-5674\" src=\"https:\/\/astos.cz\/wp-content\/uploads\/2015\/10\/Filtrace-BF.jpg\" alt=\"Filtrace-BF\" width=\"410\" height=\"230\" \/><\/a><figcaption id=\"caption-attachment-5674\" class=\"wp-caption-text\">Section-Drum filter<\/figcaption><\/figure><\/p>\n<\/div><\/div><\/div><\/div><\/div>","protected":false},"excerpt":{"rendered":"<p>Drum filter with the return flow tank, CZ Drum filter with the return flow tank, different angle of view, CZ Drum filter with the free standing return tank, CZ Section-Drum filter<\/p>\n","protected":false},"author":6,"featured_media":5684,"parent":4933,"menu_order":0,"comment_status":"closed","ping_status":"closed","template":"","meta":[],"categories":[],"tags":[],"yoast_head":"<!-- This site is optimized with the Yoast SEO plugin v18.5.1 - https:\/\/yoast.com\/wordpress\/plugins\/seo\/ -->\n<title>Applications for coolant filtration | ASTOS Machinery<\/title>\n<meta name=\"robots\" content=\"index, follow, max-snippet:-1, max-image-preview:large, max-video-preview:-1\" \/>\n<link rel=\"canonical\" href=\"https:\/\/astos.cz\/en\/priklady-zakaznickych-reseni\/aplikace-pro-filtrovani-chladicich-kapalin\/\" \/>\n<meta property=\"og:locale\" content=\"en_US\" \/>\n<meta property=\"og:type\" content=\"article\" \/>\n<meta property=\"og:title\" content=\"Applications for coolant filtration | ASTOS Machinery\" \/>\n<meta property=\"og:description\" content=\"Drum filter with the return flow tank, CZ Drum filter with the return flow tank, different angle of view, CZ Drum filter with the free standing return tank, CZ Section-Drum filter\" \/>\n<meta property=\"og:url\" content=\"https:\/\/astos.cz\/en\/priklady-zakaznickych-reseni\/aplikace-pro-filtrovani-chladicich-kapalin\/\" \/>\n<meta property=\"og:site_name\" content=\"ASTOS Machinery\" \/>\n<meta property=\"article:modified_time\" content=\"2022-05-09T08:35:30+00:00\" \/>\n<meta property=\"og:image\" content=\"https:\/\/astos.cz\/wp-content\/uploads\/2015\/10\/FSB250-precerpavcka-2-HIPO.jpg\" \/>\n\t<meta property=\"og:image:width\" content=\"1140\" \/>\n\t<meta property=\"og:image:height\" content=\"640\" \/>\n\t<meta property=\"og:image:type\" content=\"image\/jpeg\" \/>\n<meta name=\"twitter:card\" content=\"summary\" \/>\n<script type=\"application\/ld+json\" class=\"yoast-schema-graph\">{\"@context\":\"https:\/\/schema.org\",\"@graph\":[{\"@type\":\"WebSite\",\"@id\":\"https:\/\/astos.cz\/#website\",\"url\":\"https:\/\/astos.cz\/\",\"name\":\"ASTOS Machinery\",\"description\":\"Specialista na dopravn\u00edkov\u00e9 syst\u00e9my a krytov\u00e1n\u00ed stroj\u016f\",\"potentialAction\":[{\"@type\":\"SearchAction\",\"target\":{\"@type\":\"EntryPoint\",\"urlTemplate\":\"https:\/\/astos.cz\/?s={search_term_string}\"},\"query-input\":\"required name=search_term_string\"}],\"inLanguage\":\"en-US\"},{\"@type\":\"ImageObject\",\"@id\":\"https:\/\/astos.cz\/en\/priklady-zakaznickych-reseni\/aplikace-pro-filtrovani-chladicich-kapalin\/#primaryimage\",\"inLanguage\":\"en-US\",\"url\":\"https:\/\/astos.cz\/wp-content\/uploads\/2015\/10\/FSB250-precerpavcka-2-HIPO.jpg\",\"contentUrl\":\"https:\/\/astos.cz\/wp-content\/uploads\/2015\/10\/FSB250-precerpavcka-2-HIPO.jpg\",\"width\":1140,\"height\":640},{\"@type\":\"WebPage\",\"@id\":\"https:\/\/astos.cz\/en\/priklady-zakaznickych-reseni\/aplikace-pro-filtrovani-chladicich-kapalin\/#webpage\",\"url\":\"https:\/\/astos.cz\/en\/priklady-zakaznickych-reseni\/aplikace-pro-filtrovani-chladicich-kapalin\/\",\"name\":\"Applications for coolant filtration | ASTOS Machinery\",\"isPartOf\":{\"@id\":\"https:\/\/astos.cz\/#website\"},\"primaryImageOfPage\":{\"@id\":\"https:\/\/astos.cz\/en\/priklady-zakaznickych-reseni\/aplikace-pro-filtrovani-chladicich-kapalin\/#primaryimage\"},\"datePublished\":\"2015-10-13T13:39:56+00:00\",\"dateModified\":\"2022-05-09T08:35:30+00:00\",\"breadcrumb\":{\"@id\":\"https:\/\/astos.cz\/en\/priklady-zakaznickych-reseni\/aplikace-pro-filtrovani-chladicich-kapalin\/#breadcrumb\"},\"inLanguage\":\"en-US\",\"potentialAction\":[{\"@type\":\"ReadAction\",\"target\":[\"https:\/\/astos.cz\/en\/priklady-zakaznickych-reseni\/aplikace-pro-filtrovani-chladicich-kapalin\/\"]}]},{\"@type\":\"BreadcrumbList\",\"@id\":\"https:\/\/astos.cz\/en\/priklady-zakaznickych-reseni\/aplikace-pro-filtrovani-chladicich-kapalin\/#breadcrumb\",\"itemListElement\":[{\"@type\":\"ListItem\",\"position\":1,\"name\":\"Dom\u016f\",\"item\":\"https:\/\/astos.cz\/en\/\"},{\"@type\":\"ListItem\",\"position\":2,\"name\":\"Example of customized solutions\",\"item\":\"https:\/\/astos.cz\/en\/priklady-zakaznickych-reseni\/\"},{\"@type\":\"ListItem\",\"position\":3,\"name\":\"Applications for coolant filtration\"}]}]}<\/script>\n<!-- \/ Yoast SEO plugin. -->","yoast_head_json":{"title":"Applications for coolant filtration | ASTOS Machinery","robots":{"index":"index","follow":"follow","max-snippet":"max-snippet:-1","max-image-preview":"max-image-preview:large","max-video-preview":"max-video-preview:-1"},"canonical":"https:\/\/astos.cz\/en\/priklady-zakaznickych-reseni\/aplikace-pro-filtrovani-chladicich-kapalin\/","og_locale":"en_US","og_type":"article","og_title":"Applications for coolant filtration | ASTOS Machinery","og_description":"Drum filter with the return flow tank, CZ Drum filter with the return flow tank, different angle of view, CZ Drum filter with the free standing return tank, CZ Section-Drum filter","og_url":"https:\/\/astos.cz\/en\/priklady-zakaznickych-reseni\/aplikace-pro-filtrovani-chladicich-kapalin\/","og_site_name":"ASTOS Machinery","article_modified_time":"2022-05-09T08:35:30+00:00","og_image":[{"width":1140,"height":640,"url":"https:\/\/astos.cz\/wp-content\/uploads\/2015\/10\/FSB250-precerpavcka-2-HIPO.jpg","type":"image\/jpeg"}],"twitter_card":"summary","schema":{"@context":"https:\/\/schema.org","@graph":[{"@type":"WebSite","@id":"https:\/\/astos.cz\/#website","url":"https:\/\/astos.cz\/","name":"ASTOS Machinery","description":"Specialista na dopravn\u00edkov\u00e9 syst\u00e9my a krytov\u00e1n\u00ed stroj\u016f","potentialAction":[{"@type":"SearchAction","target":{"@type":"EntryPoint","urlTemplate":"https:\/\/astos.cz\/?s={search_term_string}"},"query-input":"required name=search_term_string"}],"inLanguage":"en-US"},{"@type":"ImageObject","@id":"https:\/\/astos.cz\/en\/priklady-zakaznickych-reseni\/aplikace-pro-filtrovani-chladicich-kapalin\/#primaryimage","inLanguage":"en-US","url":"https:\/\/astos.cz\/wp-content\/uploads\/2015\/10\/FSB250-precerpavcka-2-HIPO.jpg","contentUrl":"https:\/\/astos.cz\/wp-content\/uploads\/2015\/10\/FSB250-precerpavcka-2-HIPO.jpg","width":1140,"height":640},{"@type":"WebPage","@id":"https:\/\/astos.cz\/en\/priklady-zakaznickych-reseni\/aplikace-pro-filtrovani-chladicich-kapalin\/#webpage","url":"https:\/\/astos.cz\/en\/priklady-zakaznickych-reseni\/aplikace-pro-filtrovani-chladicich-kapalin\/","name":"Applications for coolant filtration | ASTOS Machinery","isPartOf":{"@id":"https:\/\/astos.cz\/#website"},"primaryImageOfPage":{"@id":"https:\/\/astos.cz\/en\/priklady-zakaznickych-reseni\/aplikace-pro-filtrovani-chladicich-kapalin\/#primaryimage"},"datePublished":"2015-10-13T13:39:56+00:00","dateModified":"2022-05-09T08:35:30+00:00","breadcrumb":{"@id":"https:\/\/astos.cz\/en\/priklady-zakaznickych-reseni\/aplikace-pro-filtrovani-chladicich-kapalin\/#breadcrumb"},"inLanguage":"en-US","potentialAction":[{"@type":"ReadAction","target":["https:\/\/astos.cz\/en\/priklady-zakaznickych-reseni\/aplikace-pro-filtrovani-chladicich-kapalin\/"]}]},{"@type":"BreadcrumbList","@id":"https:\/\/astos.cz\/en\/priklady-zakaznickych-reseni\/aplikace-pro-filtrovani-chladicich-kapalin\/#breadcrumb","itemListElement":[{"@type":"ListItem","position":1,"name":"Dom\u016f","item":"https:\/\/astos.cz\/en\/"},{"@type":"ListItem","position":2,"name":"Example of customized solutions","item":"https:\/\/astos.cz\/en\/priklady-zakaznickych-reseni\/"},{"@type":"ListItem","position":3,"name":"Applications for coolant filtration"}]}]}},"_links":{"self":[{"href":"https:\/\/astos.cz\/en\/wp-json\/wp\/v2\/pages\/4947"}],"collection":[{"href":"https:\/\/astos.cz\/en\/wp-json\/wp\/v2\/pages"}],"about":[{"href":"https:\/\/astos.cz\/en\/wp-json\/wp\/v2\/types\/page"}],"author":[{"embeddable":true,"href":"https:\/\/astos.cz\/en\/wp-json\/wp\/v2\/users\/6"}],"replies":[{"embeddable":true,"href":"https:\/\/astos.cz\/en\/wp-json\/wp\/v2\/comments?post=4947"}],"version-history":[{"count":10,"href":"https:\/\/astos.cz\/en\/wp-json\/wp\/v2\/pages\/4947\/revisions"}],"predecessor-version":[{"id":9837,"href":"https:\/\/astos.cz\/en\/wp-json\/wp\/v2\/pages\/4947\/revisions\/9837"}],"up":[{"embeddable":true,"href":"https:\/\/astos.cz\/en\/wp-json\/wp\/v2\/pages\/4933"}],"wp:featuredmedia":[{"embeddable":true,"href":"https:\/\/astos.cz\/en\/wp-json\/wp\/v2\/media\/5684"}],"wp:attachment":[{"href":"https:\/\/astos.cz\/en\/wp-json\/wp\/v2\/media?parent=4947"}],"wp:term":[{"taxonomy":"category","embeddable":true,"href":"https:\/\/astos.cz\/en\/wp-json\/wp\/v2\/categories?post=4947"},{"taxonomy":"post_tag","embeddable":true,"href":"https:\/\/astos.cz\/en\/wp-json\/wp\/v2\/tags?post=4947"}],"curies":[{"name":"wp","href":"https:\/\/api.w.org\/{rel}","templated":true}]}}