{"id":4925,"date":"2016-02-25T14:24:26","date_gmt":"2016-02-25T13:24:26","guid":{"rendered":"https:\/\/astos.cz\/en\/o-nas\/slovnicek-pojmu\/"},"modified":"2022-05-09T08:18:39","modified_gmt":"2022-05-09T07:18:39","slug":"slovnicek-pojmu","status":"publish","type":"page","link":"https:\/\/astos.cz\/en\/o-nas\/slovnicek-pojmu\/","title":{"rendered":"Vocabulary"},"content":{"rendered":"<div id=\"pl-4925\"  class=\"panel-layout\" ><div id=\"pg-4925-0\"  class=\"panel-grid panel-no-style\" ><div id=\"pgc-4925-0-0\"  class=\"panel-grid-cell\" ><div id=\"panel-4925-0-0-0\" class=\"so-panel widget widget_black-studio-tinymce widget_black_studio_tinymce panel-first-child panel-last-child\" data-index=\"0\" ><div class=\"textwidget\"><h4 class=\"alternative-heading\" style=\"margin-top: 0px;\">CONVEYOR<\/h4>\n<a class=\"btn  btn-default\" href=\"https:\/\/astos.cz\/en\/nase-vyrobky\/dopravnikove-systemy\/dopravniky-trisek\/\" target=\"_self\">Hinged steel belt conveyor<\/a>\n<a class=\"btn  btn-default\" href=\"https:\/\/astos.cz\/en\/nase-vyrobky\/dopravnikove-systemy\/hrablove-dopravniky\/\" target=\"_self\">Apron conveyor<\/a>\n<a class=\"btn  btn-default\" href=\"https:\/\/astos.cz\/en\/nase-vyrobky\/dopravnikove-systemy\/hrablove-dopravniky\/\" target=\"_self\">Scraper Conveyor<\/a>\n<a class=\"btn  btn-default\" href=\"https:\/\/astos.cz\/en\/nase-vyrobky\/dopravnikove-systemy\/magneticke-dopravniky\/\" target=\"_self\">Magnetic conveyor<\/a>\n<a class=\"btn  btn-default\" href=\"https:\/\/astos.cz\/en\/nase-vyrobky\/dopravnikove-systemy\/spd-specialni-reseni\/\" target=\"_self\">Wire conveyor<\/a>\n<a class=\"btn  btn-default\" href=\"https:\/\/astos.cz\/en\/nase-vyrobky\/dopravnikove-systemy\/dopravniky-trisek\/\" target=\"_self\">Chip transporter<\/a>\n<a class=\"btn  btn-default\" href=\"https:\/\/astos.cz\/en\/nase-vyrobky\/dopravnikove-systemy\/dopravniky-trisek\/\" target=\"_self\">Metal conveyor<\/a>\n<a class=\"btn  btn-default\" href=\"https:\/\/astos.cz\/en\/nase-vyrobky\/dopravnikove-systemy\/dopravniky-trisek\/\" target=\"_self\">Chip and swarf conveyor<\/a>\n<a class=\"btn  btn-default\" href=\"https:\/\/astos.cz\/en\/nase-vyrobky\/dopravnikove-systemy\/dopravniky-trisek\/\" target=\"_self\">Lamella conveyor<\/a>\n<a class=\"btn  btn-default\" href=\"https:\/\/astos.cz\/en\/nase-vyrobky\/dopravnikove-systemy\/spd-specialni-reseni\/\" target=\"_self\">Wire link belt conveyor<\/a>\n<a class=\"btn  btn-default\" href=\"https:\/\/astos.cz\/en\/nase-vyrobky\/dopravnikove-systemy\/dopravniky-trisek\/\" target=\"_self\">Carousel conveyor<\/a>\n<a class=\"btn  btn-default\" href=\"https:\/\/astos.cz\/en\/nase-vyrobky\/dopravnikove-systemy\/spd-specialni-reseni\/\" target=\"_self\">Rubber belt conveyor<\/a>\n<a class=\"btn  btn-default\" href=\"https:\/\/astos.cz\/en\/nase-vyrobky\/dopravnikove-systemy\/dopravniky-trisek\/\" target=\"_self\">Hardox<\/a><\/div><\/div><\/div><\/div><div id=\"pg-4925-1\"  class=\"panel-grid panel-no-style\" ><div id=\"pgc-4925-1-0\"  class=\"panel-grid-cell\" ><div id=\"panel-4925-1-0-0\" class=\"so-panel widget widget_black-studio-tinymce widget_black_studio_tinymce panel-first-child panel-last-child\" data-index=\"1\" ><div class=\"textwidget\"><h4 class=\"alternative-heading\" style=\"margin-top: 0px\">FILTRATION<\/h4>\n<a class=\"btn  btn-default\" href=\"https:\/\/astos.cz\/en\/nase-vyrobky\/filtracni-zarizeni\/\" target=\"_self\">Filtration station<\/a>\n<a class=\"btn  btn-default\" href=\"https:\/\/astos.cz\/en\/nase-vyrobky\/filtracni-zarizeni\/\" target=\"_self\">Filtration unit<\/a>\n<a class=\"btn  btn-default\" href=\"https:\/\/astos.cz\/en\/nase-vyrobky\/filtracni-zarizeni\/\" target=\"_self\">Coolant recovery<\/a>\n<a class=\"btn  btn-default\" href=\"https:\/\/astos.cz\/en\/nase-vyrobky\/filtracni-zarizeni\/\" target=\"_self\">Band filter<\/a>\n<a class=\"btn  btn-default\" href=\"https:\/\/astos.cz\/en\/nase-vyrobky\/filtracni-zarizeni\/\" target=\"_self\">Drum filtration<\/a>\n<a class=\"btn  btn-default\" href=\"https:\/\/astos.cz\/en\/nase-vyrobky\/filtracni-zarizeni\/\" target=\"_self\">Filtration paper<\/a>\n<a class=\"btn  btn-default\" href=\"https:\/\/astos.cz\/en\/nase-vyrobky\/filtracni-zarizeni\/\" target=\"_self\">Cooling unit<\/a>\n<a class=\"btn  btn-default\" href=\"https:\/\/astos.cz\/en\/nase-vyrobky\/filtracni-zarizeni\/\" target=\"_self\">Rinsing unit<\/a>\n<a class=\"btn  btn-default\" href=\"https:\/\/astos.cz\/en\/nase-vyrobky\/filtracni-zarizeni\/\" target=\"_self\">Filtration unit<\/a>\n<a class=\"btn  btn-default\" href=\"https:\/\/astos.cz\/en\/nase-vyrobky\/filtracni-zarizeni\/\" target=\"_self\">Coolant cooler<\/a>\n<a class=\"btn  btn-default\" href=\"https:\/\/astos.cz\/en\/nase-vyrobky\/filtracni-zarizeni\/\" target=\"_self\">Coolant system<\/a>\n<a class=\"btn  btn-default\" href=\"https:\/\/astos.cz\/en\/nase-vyrobky\/filtracni-zarizeni\/\" target=\"_self\">Coolant filtration unit<\/a>\n<a class=\"btn  btn-default\" href=\"https:\/\/astos.cz\/en\/nase-vyrobky\/filtracni-zarizeni\/\" target=\"_self\">Coolant temperature conditioning<\/a>\n<a class=\"btn  btn-default\" href=\"https:\/\/astos.cz\/en\/nase-vyrobky\/filtracni-zarizeni\/\" target=\"_self\">Gradual warming and cooling of the coolant agent<\/a>\n<a class=\"btn  btn-default\" href=\"https:\/\/astos.cz\/en\/nase-vyrobky\/filtracni-zarizeni\/\" target=\"_self\">Transfer flow tank<\/a><\/div><\/div><\/div><\/div><\/div>","protected":false},"excerpt":{"rendered":"<p>CONVEYOR FILTRATION<\/p>\n","protected":false},"author":6,"featured_media":4927,"parent":4882,"menu_order":0,"comment_status":"closed","ping_status":"closed","template":"","meta":[],"categories":[],"tags":[],"yoast_head":"<!-- This site is optimized with the Yoast SEO plugin v18.5.1 - https:\/\/yoast.com\/wordpress\/plugins\/seo\/ -->\n<title>Vocabulary | ASTOS Machinery<\/title>\n<meta name=\"robots\" content=\"index, follow, max-snippet:-1, max-image-preview:large, max-video-preview:-1\" \/>\n<link rel=\"canonical\" href=\"https:\/\/astos.cz\/en\/o-nas\/slovnicek-pojmu\/\" \/>\n<meta property=\"og:locale\" content=\"en_US\" \/>\n<meta property=\"og:type\" content=\"article\" \/>\n<meta property=\"og:title\" content=\"Vocabulary | ASTOS Machinery\" \/>\n<meta property=\"og:description\" content=\"CONVEYOR FILTRATION\" \/>\n<meta property=\"og:url\" content=\"https:\/\/astos.cz\/en\/o-nas\/slovnicek-pojmu\/\" \/>\n<meta property=\"og:site_name\" content=\"ASTOS Machinery\" \/>\n<meta property=\"article:modified_time\" content=\"2022-05-09T07:18:39+00:00\" \/>\n<meta property=\"og:image\" content=\"https:\/\/astos.cz\/wp-content\/uploads\/2016\/02\/nahledovy-obrazek-slovnicek.jpg\" \/>\n\t<meta property=\"og:image:width\" content=\"700\" \/>\n\t<meta property=\"og:image:height\" content=\"450\" \/>\n\t<meta property=\"og:image:type\" content=\"image\/jpeg\" \/>\n<meta name=\"twitter:card\" content=\"summary\" \/>\n<script type=\"application\/ld+json\" class=\"yoast-schema-graph\">{\"@context\":\"https:\/\/schema.org\",\"@graph\":[{\"@type\":\"WebSite\",\"@id\":\"https:\/\/astos.cz\/#website\",\"url\":\"https:\/\/astos.cz\/\",\"name\":\"ASTOS Machinery\",\"description\":\"Specialista na dopravn\u00edkov\u00e9 syst\u00e9my a krytov\u00e1n\u00ed stroj\u016f\",\"potentialAction\":[{\"@type\":\"SearchAction\",\"target\":{\"@type\":\"EntryPoint\",\"urlTemplate\":\"https:\/\/astos.cz\/?s={search_term_string}\"},\"query-input\":\"required name=search_term_string\"}],\"inLanguage\":\"en-US\"},{\"@type\":\"ImageObject\",\"@id\":\"https:\/\/astos.cz\/en\/o-nas\/slovnicek-pojmu\/#primaryimage\",\"inLanguage\":\"en-US\",\"url\":\"https:\/\/astos.cz\/wp-content\/uploads\/2016\/02\/nahledovy-obrazek-slovnicek.jpg\",\"contentUrl\":\"https:\/\/astos.cz\/wp-content\/uploads\/2016\/02\/nahledovy-obrazek-slovnicek.jpg\",\"width\":700,\"height\":450},{\"@type\":\"WebPage\",\"@id\":\"https:\/\/astos.cz\/en\/o-nas\/slovnicek-pojmu\/#webpage\",\"url\":\"https:\/\/astos.cz\/en\/o-nas\/slovnicek-pojmu\/\",\"name\":\"Vocabulary | ASTOS Machinery\",\"isPartOf\":{\"@id\":\"https:\/\/astos.cz\/#website\"},\"primaryImageOfPage\":{\"@id\":\"https:\/\/astos.cz\/en\/o-nas\/slovnicek-pojmu\/#primaryimage\"},\"datePublished\":\"2016-02-25T13:24:26+00:00\",\"dateModified\":\"2022-05-09T07:18:39+00:00\",\"breadcrumb\":{\"@id\":\"https:\/\/astos.cz\/en\/o-nas\/slovnicek-pojmu\/#breadcrumb\"},\"inLanguage\":\"en-US\",\"potentialAction\":[{\"@type\":\"ReadAction\",\"target\":[\"https:\/\/astos.cz\/en\/o-nas\/slovnicek-pojmu\/\"]}]},{\"@type\":\"BreadcrumbList\",\"@id\":\"https:\/\/astos.cz\/en\/o-nas\/slovnicek-pojmu\/#breadcrumb\",\"itemListElement\":[{\"@type\":\"ListItem\",\"position\":1,\"name\":\"Dom\u016f\",\"item\":\"https:\/\/astos.cz\/en\/\"},{\"@type\":\"ListItem\",\"position\":2,\"name\":\"About us\",\"item\":\"https:\/\/astos.cz\/en\/o-nas\/\"},{\"@type\":\"ListItem\",\"position\":3,\"name\":\"Vocabulary\"}]}]}<\/script>\n<!-- \/ Yoast SEO plugin. -->","yoast_head_json":{"title":"Vocabulary | ASTOS Machinery","robots":{"index":"index","follow":"follow","max-snippet":"max-snippet:-1","max-image-preview":"max-image-preview:large","max-video-preview":"max-video-preview:-1"},"canonical":"https:\/\/astos.cz\/en\/o-nas\/slovnicek-pojmu\/","og_locale":"en_US","og_type":"article","og_title":"Vocabulary | ASTOS Machinery","og_description":"CONVEYOR FILTRATION","og_url":"https:\/\/astos.cz\/en\/o-nas\/slovnicek-pojmu\/","og_site_name":"ASTOS Machinery","article_modified_time":"2022-05-09T07:18:39+00:00","og_image":[{"width":700,"height":450,"url":"https:\/\/astos.cz\/wp-content\/uploads\/2016\/02\/nahledovy-obrazek-slovnicek.jpg","type":"image\/jpeg"}],"twitter_card":"summary","schema":{"@context":"https:\/\/schema.org","@graph":[{"@type":"WebSite","@id":"https:\/\/astos.cz\/#website","url":"https:\/\/astos.cz\/","name":"ASTOS Machinery","description":"Specialista na dopravn\u00edkov\u00e9 syst\u00e9my a krytov\u00e1n\u00ed stroj\u016f","potentialAction":[{"@type":"SearchAction","target":{"@type":"EntryPoint","urlTemplate":"https:\/\/astos.cz\/?s={search_term_string}"},"query-input":"required name=search_term_string"}],"inLanguage":"en-US"},{"@type":"ImageObject","@id":"https:\/\/astos.cz\/en\/o-nas\/slovnicek-pojmu\/#primaryimage","inLanguage":"en-US","url":"https:\/\/astos.cz\/wp-content\/uploads\/2016\/02\/nahledovy-obrazek-slovnicek.jpg","contentUrl":"https:\/\/astos.cz\/wp-content\/uploads\/2016\/02\/nahledovy-obrazek-slovnicek.jpg","width":700,"height":450},{"@type":"WebPage","@id":"https:\/\/astos.cz\/en\/o-nas\/slovnicek-pojmu\/#webpage","url":"https:\/\/astos.cz\/en\/o-nas\/slovnicek-pojmu\/","name":"Vocabulary | ASTOS Machinery","isPartOf":{"@id":"https:\/\/astos.cz\/#website"},"primaryImageOfPage":{"@id":"https:\/\/astos.cz\/en\/o-nas\/slovnicek-pojmu\/#primaryimage"},"datePublished":"2016-02-25T13:24:26+00:00","dateModified":"2022-05-09T07:18:39+00:00","breadcrumb":{"@id":"https:\/\/astos.cz\/en\/o-nas\/slovnicek-pojmu\/#breadcrumb"},"inLanguage":"en-US","potentialAction":[{"@type":"ReadAction","target":["https:\/\/astos.cz\/en\/o-nas\/slovnicek-pojmu\/"]}]},{"@type":"BreadcrumbList","@id":"https:\/\/astos.cz\/en\/o-nas\/slovnicek-pojmu\/#breadcrumb","itemListElement":[{"@type":"ListItem","position":1,"name":"Dom\u016f","item":"https:\/\/astos.cz\/en\/"},{"@type":"ListItem","position":2,"name":"About us","item":"https:\/\/astos.cz\/en\/o-nas\/"},{"@type":"ListItem","position":3,"name":"Vocabulary"}]}]}},"_links":{"self":[{"href":"https:\/\/astos.cz\/en\/wp-json\/wp\/v2\/pages\/4925"}],"collection":[{"href":"https:\/\/astos.cz\/en\/wp-json\/wp\/v2\/pages"}],"about":[{"href":"https:\/\/astos.cz\/en\/wp-json\/wp\/v2\/types\/page"}],"author":[{"embeddable":true,"href":"https:\/\/astos.cz\/en\/wp-json\/wp\/v2\/users\/6"}],"replies":[{"embeddable":true,"href":"https:\/\/astos.cz\/en\/wp-json\/wp\/v2\/comments?post=4925"}],"version-history":[{"count":16,"href":"https:\/\/astos.cz\/en\/wp-json\/wp\/v2\/pages\/4925\/revisions"}],"predecessor-version":[{"id":9826,"href":"https:\/\/astos.cz\/en\/wp-json\/wp\/v2\/pages\/4925\/revisions\/9826"}],"up":[{"embeddable":true,"href":"https:\/\/astos.cz\/en\/wp-json\/wp\/v2\/pages\/4882"}],"wp:featuredmedia":[{"embeddable":true,"href":"https:\/\/astos.cz\/en\/wp-json\/wp\/v2\/media\/4927"}],"wp:attachment":[{"href":"https:\/\/astos.cz\/en\/wp-json\/wp\/v2\/media?parent=4925"}],"wp:term":[{"taxonomy":"category","embeddable":true,"href":"https:\/\/astos.cz\/en\/wp-json\/wp\/v2\/categories?post=4925"},{"taxonomy":"post_tag","embeddable":true,"href":"https:\/\/astos.cz\/en\/wp-json\/wp\/v2\/tags?post=4925"}],"curies":[{"name":"wp","href":"https:\/\/api.w.org\/{rel}","templated":true}]}}