{"id":4901,"date":"2015-10-13T14:31:03","date_gmt":"2015-10-13T13:31:03","guid":{"rendered":"https:\/\/astos.cz\/en\/o-nas\/vyvojove-projekty\/"},"modified":"2022-06-15T08:34:33","modified_gmt":"2022-06-15T07:34:33","slug":"vyvojove-projekty","status":"publish","type":"page","link":"https:\/\/astos.cz\/en\/o-nas\/vyvojove-projekty\/","title":{"rendered":"Case studies"},"content":{"rendered":"<div id=\"pl-4901\"  class=\"panel-layout\" ><div id=\"pg-4901-0\"  class=\"panel-grid panel-no-style\" ><div id=\"pgc-4901-0-0\"  class=\"panel-grid-cell\" ><div id=\"panel-4901-0-0-0\" class=\"so-panel widget widget_black-studio-tinymce widget_black_studio_tinymce panel-first-child panel-last-child\" data-index=\"0\" ><div class=\"panel-widget-style panel-widget-style-for-4901-0-0-0\" ><div class=\"textwidget\"><p>Due to ever increasing complexities of long term customers \u2018requirements for the solutions to their material handling needs, we have to have readily available original designs of entire projects.  Astos Machinery in close collaboration with its sister company Machinery Design conducts continuously R&D resulting in many highly specialized technical designs and solutions for varied technological requirements.<\/p>\n<h4 class=\"alternative-heading\">Presentation of successful projects<\/h4>\n<h5 class=\"sub-heading\">Stamping facility of Toyota Motor Company - Saint Petersburg, Russia<\/h5>\n<p>Astos Machinery has been the overall winner of the European selection procedure for the supply of the scrap metal conveyor system for the progressive stamping press.  We turned into an exclusive supplier of the system for the new Toyota stamping plant thanks to great deal of experience.<\/p>\n<p>To be linked with Toyota as its exclusive supplier of the system for the new stamping plant we had to proof to be a worthy partner by providing affirmation of our long term experience and references of excellence by our previous customers.<\/p>\n<p>The conveyor system consists of 3 specifically designed conveyors, number of service platforms with staircases and a tip over hopper. The staircase at the discharge conveyor reaches the height of 12 meters. The system is fully automated, fitted with integrated control technology which is directly communicating with the press. The load capacity of the conveyor system is 6 tons of scrap metal from several stamping presses.  Overall the system\u2019s capacity is up to 110 tons! These amounts put pressure on the logistic side of things too. The space needed for goods waiting to be despatched would take up a good sized football pitch.<\/p>\n<p>The acceptance testing has been attended by 12 experts from Toyota Tsusho Europe and Toyota Motor Corporation, where the system has been test run and the logic controller system has been set.<\/p>\n<p>The conveyor\u2019s length is 26 m in total and this has been assembled together with one of the service platforms on the factories floor. The advanced and well thought through details are what makes this project unique. Our technical solutions to problems which might occur in such a demanding environment are what set us apart from a competition.  The bottom of the conveyor is with a slight incline to ease the outflow of coolant into the central receptacle. In order to allow the best access possible for the servicing and maintenance staff, the bearings have a special placement at the inside of the conveyor. The tightening of the belt, the inspection openings in the side of the conveyor\u2019s body were just few improvements which make the conveyor virtually maintenance free and they increase the overall longevity of the conveyor system. The abrasion resistant steel with a guaranteed minimum surface hardness Hardox 400 has been used to reinforce the chain guide tracks and floor plate of the conveyors.<\/p>\n<\/div><\/div><\/div><\/div><div id=\"pgc-4901-0-1\"  class=\"panel-grid-cell\" ><div id=\"panel-4901-0-1-0\" class=\"so-panel widget widget_black-studio-tinymce widget_black_studio_tinymce panel-first-child panel-last-child\" data-index=\"1\" ><div class=\"textwidget\"><p><a href=\"https:\/\/astos.cz\/wp-content\/uploads\/2015\/10\/toyota-vykres-cele-linky.jpg\" rel=\"lightbox[4901]\"><img class=\"alignnone wp-image-3024\" src=\"https:\/\/astos.cz\/wp-content\/uploads\/2015\/10\/toyota-vykres-cele-linky.jpg\" alt=\"toyota-vykres-cele-linky\" width=\"410\" height=\"504\" style=\"margin-bottom: 0px\" \/><\/a><\/p>\n<p><a href=\"https:\/\/astos.cz\/wp-content\/uploads\/2015\/10\/Toyota_vysypka.jpg\" rel=\"lightbox[4901]\"><img class=\"alignnone wp-image-3006\" src=\"https:\/\/astos.cz\/wp-content\/uploads\/2015\/10\/Toyota_vysypka-1024x575.jpg\" alt=\"Toyota obr\u00e1zek v\u00fdsypka\" width=\"410\" height=\"230\" \/><\/a><\/p>\n<p><a href=\"https:\/\/astos.cz\/wp-content\/uploads\/2015\/10\/vysypnou-casti.jpg\" rel=\"lightbox[4901]\"><img class=\"alignnone wp-image-3007\" src=\"https:\/\/astos.cz\/wp-content\/uploads\/2015\/10\/vysypnou-casti.jpg\" alt=\"Za\u0159\u00edzen\u00ed s automaticky \u0159\u00edzenou v\u00fdsypnou \u010d\u00e1st\u00ed\" width=\"410\" height=\"410\" style=\"margin-top: 18px\"\/><\/a><\/p>\n<\/div><\/div><\/div><\/div><\/div>","protected":false},"excerpt":{"rendered":"<p>Vzhledem k stoupaj\u00edc\u00edm individu\u00e1ln\u00edm pot\u0159eb\u00e1m na\u0161ich z\u00e1kazn\u00edk\u016f je sou\u010d\u00e1st\u00ed na\u0161\u00ed pr\u00e1ce p\u0159ij\u00edt i s origin\u00e1ln\u00edmi \u0159e\u0161en\u00edmi<\/p>\n","protected":false},"author":6,"featured_media":4908,"parent":4882,"menu_order":0,"comment_status":"closed","ping_status":"closed","template":"","meta":[],"categories":[],"tags":[],"yoast_head":"<!-- This site is optimized with the Yoast SEO plugin v18.5.1 - https:\/\/yoast.com\/wordpress\/plugins\/seo\/ -->\n<title>Case studies | ASTOS Machinery<\/title>\n<meta name=\"robots\" content=\"index, follow, max-snippet:-1, max-image-preview:large, max-video-preview:-1\" \/>\n<link rel=\"canonical\" href=\"https:\/\/astos.cz\/en\/o-nas\/vyvojove-projekty\/\" \/>\n<meta property=\"og:locale\" content=\"en_US\" \/>\n<meta property=\"og:type\" content=\"article\" \/>\n<meta property=\"og:title\" content=\"Case studies | ASTOS Machinery\" \/>\n<meta property=\"og:description\" content=\"Vzhledem k stoupaj\u00edc\u00edm individu\u00e1ln\u00edm pot\u0159eb\u00e1m na\u0161ich z\u00e1kazn\u00edk\u016f je sou\u010d\u00e1st\u00ed na\u0161\u00ed pr\u00e1ce p\u0159ij\u00edt i s origin\u00e1ln\u00edmi \u0159e\u0161en\u00edmi\" \/>\n<meta property=\"og:url\" content=\"https:\/\/astos.cz\/en\/o-nas\/vyvojove-projekty\/\" \/>\n<meta property=\"og:site_name\" content=\"ASTOS Machinery\" \/>\n<meta property=\"article:modified_time\" content=\"2022-06-15T07:34:33+00:00\" \/>\n<meta property=\"og:image\" content=\"https:\/\/astos.cz\/wp-content\/uploads\/2015\/10\/Toyota_vysypka.jpg\" \/>\n\t<meta property=\"og:image:width\" content=\"1140\" \/>\n\t<meta property=\"og:image:height\" content=\"640\" \/>\n\t<meta property=\"og:image:type\" content=\"image\/jpeg\" \/>\n<meta name=\"twitter:card\" content=\"summary\" \/>\n<meta name=\"twitter:label1\" content=\"Est. reading time\" \/>\n\t<meta name=\"twitter:data1\" content=\"2 minutes\" \/>\n<script type=\"application\/ld+json\" class=\"yoast-schema-graph\">{\"@context\":\"https:\/\/schema.org\",\"@graph\":[{\"@type\":\"WebSite\",\"@id\":\"https:\/\/astos.cz\/#website\",\"url\":\"https:\/\/astos.cz\/\",\"name\":\"ASTOS Machinery\",\"description\":\"Specialista na dopravn\u00edkov\u00e9 syst\u00e9my a krytov\u00e1n\u00ed stroj\u016f\",\"potentialAction\":[{\"@type\":\"SearchAction\",\"target\":{\"@type\":\"EntryPoint\",\"urlTemplate\":\"https:\/\/astos.cz\/?s={search_term_string}\"},\"query-input\":\"required name=search_term_string\"}],\"inLanguage\":\"en-US\"},{\"@type\":\"ImageObject\",\"@id\":\"https:\/\/astos.cz\/en\/o-nas\/vyvojove-projekty\/#primaryimage\",\"inLanguage\":\"en-US\",\"url\":\"https:\/\/astos.cz\/wp-content\/uploads\/2015\/10\/Toyota_vysypka.jpg\",\"contentUrl\":\"https:\/\/astos.cz\/wp-content\/uploads\/2015\/10\/Toyota_vysypka.jpg\",\"width\":1140,\"height\":640},{\"@type\":\"WebPage\",\"@id\":\"https:\/\/astos.cz\/en\/o-nas\/vyvojove-projekty\/#webpage\",\"url\":\"https:\/\/astos.cz\/en\/o-nas\/vyvojove-projekty\/\",\"name\":\"Case studies | ASTOS Machinery\",\"isPartOf\":{\"@id\":\"https:\/\/astos.cz\/#website\"},\"primaryImageOfPage\":{\"@id\":\"https:\/\/astos.cz\/en\/o-nas\/vyvojove-projekty\/#primaryimage\"},\"datePublished\":\"2015-10-13T13:31:03+00:00\",\"dateModified\":\"2022-06-15T07:34:33+00:00\",\"breadcrumb\":{\"@id\":\"https:\/\/astos.cz\/en\/o-nas\/vyvojove-projekty\/#breadcrumb\"},\"inLanguage\":\"en-US\",\"potentialAction\":[{\"@type\":\"ReadAction\",\"target\":[\"https:\/\/astos.cz\/en\/o-nas\/vyvojove-projekty\/\"]}]},{\"@type\":\"BreadcrumbList\",\"@id\":\"https:\/\/astos.cz\/en\/o-nas\/vyvojove-projekty\/#breadcrumb\",\"itemListElement\":[{\"@type\":\"ListItem\",\"position\":1,\"name\":\"Dom\u016f\",\"item\":\"https:\/\/astos.cz\/en\/\"},{\"@type\":\"ListItem\",\"position\":2,\"name\":\"About us\",\"item\":\"https:\/\/astos.cz\/en\/o-nas\/\"},{\"@type\":\"ListItem\",\"position\":3,\"name\":\"Case studies\"}]}]}<\/script>\n<!-- \/ Yoast SEO plugin. -->","yoast_head_json":{"title":"Case studies | ASTOS Machinery","robots":{"index":"index","follow":"follow","max-snippet":"max-snippet:-1","max-image-preview":"max-image-preview:large","max-video-preview":"max-video-preview:-1"},"canonical":"https:\/\/astos.cz\/en\/o-nas\/vyvojove-projekty\/","og_locale":"en_US","og_type":"article","og_title":"Case studies | ASTOS Machinery","og_description":"Vzhledem k stoupaj\u00edc\u00edm individu\u00e1ln\u00edm pot\u0159eb\u00e1m na\u0161ich z\u00e1kazn\u00edk\u016f je sou\u010d\u00e1st\u00ed na\u0161\u00ed pr\u00e1ce p\u0159ij\u00edt i s origin\u00e1ln\u00edmi \u0159e\u0161en\u00edmi","og_url":"https:\/\/astos.cz\/en\/o-nas\/vyvojove-projekty\/","og_site_name":"ASTOS Machinery","article_modified_time":"2022-06-15T07:34:33+00:00","og_image":[{"width":1140,"height":640,"url":"https:\/\/astos.cz\/wp-content\/uploads\/2015\/10\/Toyota_vysypka.jpg","type":"image\/jpeg"}],"twitter_card":"summary","twitter_misc":{"Est. reading time":"2 minutes"},"schema":{"@context":"https:\/\/schema.org","@graph":[{"@type":"WebSite","@id":"https:\/\/astos.cz\/#website","url":"https:\/\/astos.cz\/","name":"ASTOS Machinery","description":"Specialista na dopravn\u00edkov\u00e9 syst\u00e9my a krytov\u00e1n\u00ed stroj\u016f","potentialAction":[{"@type":"SearchAction","target":{"@type":"EntryPoint","urlTemplate":"https:\/\/astos.cz\/?s={search_term_string}"},"query-input":"required name=search_term_string"}],"inLanguage":"en-US"},{"@type":"ImageObject","@id":"https:\/\/astos.cz\/en\/o-nas\/vyvojove-projekty\/#primaryimage","inLanguage":"en-US","url":"https:\/\/astos.cz\/wp-content\/uploads\/2015\/10\/Toyota_vysypka.jpg","contentUrl":"https:\/\/astos.cz\/wp-content\/uploads\/2015\/10\/Toyota_vysypka.jpg","width":1140,"height":640},{"@type":"WebPage","@id":"https:\/\/astos.cz\/en\/o-nas\/vyvojove-projekty\/#webpage","url":"https:\/\/astos.cz\/en\/o-nas\/vyvojove-projekty\/","name":"Case studies | ASTOS Machinery","isPartOf":{"@id":"https:\/\/astos.cz\/#website"},"primaryImageOfPage":{"@id":"https:\/\/astos.cz\/en\/o-nas\/vyvojove-projekty\/#primaryimage"},"datePublished":"2015-10-13T13:31:03+00:00","dateModified":"2022-06-15T07:34:33+00:00","breadcrumb":{"@id":"https:\/\/astos.cz\/en\/o-nas\/vyvojove-projekty\/#breadcrumb"},"inLanguage":"en-US","potentialAction":[{"@type":"ReadAction","target":["https:\/\/astos.cz\/en\/o-nas\/vyvojove-projekty\/"]}]},{"@type":"BreadcrumbList","@id":"https:\/\/astos.cz\/en\/o-nas\/vyvojove-projekty\/#breadcrumb","itemListElement":[{"@type":"ListItem","position":1,"name":"Dom\u016f","item":"https:\/\/astos.cz\/en\/"},{"@type":"ListItem","position":2,"name":"About us","item":"https:\/\/astos.cz\/en\/o-nas\/"},{"@type":"ListItem","position":3,"name":"Case studies"}]}]}},"_links":{"self":[{"href":"https:\/\/astos.cz\/en\/wp-json\/wp\/v2\/pages\/4901"}],"collection":[{"href":"https:\/\/astos.cz\/en\/wp-json\/wp\/v2\/pages"}],"about":[{"href":"https:\/\/astos.cz\/en\/wp-json\/wp\/v2\/types\/page"}],"author":[{"embeddable":true,"href":"https:\/\/astos.cz\/en\/wp-json\/wp\/v2\/users\/6"}],"replies":[{"embeddable":true,"href":"https:\/\/astos.cz\/en\/wp-json\/wp\/v2\/comments?post=4901"}],"version-history":[{"count":11,"href":"https:\/\/astos.cz\/en\/wp-json\/wp\/v2\/pages\/4901\/revisions"}],"predecessor-version":[{"id":9880,"href":"https:\/\/astos.cz\/en\/wp-json\/wp\/v2\/pages\/4901\/revisions\/9880"}],"up":[{"embeddable":true,"href":"https:\/\/astos.cz\/en\/wp-json\/wp\/v2\/pages\/4882"}],"wp:featuredmedia":[{"embeddable":true,"href":"https:\/\/astos.cz\/en\/wp-json\/wp\/v2\/media\/4908"}],"wp:attachment":[{"href":"https:\/\/astos.cz\/en\/wp-json\/wp\/v2\/media?parent=4901"}],"wp:term":[{"taxonomy":"category","embeddable":true,"href":"https:\/\/astos.cz\/en\/wp-json\/wp\/v2\/categories?post=4901"},{"taxonomy":"post_tag","embeddable":true,"href":"https:\/\/astos.cz\/en\/wp-json\/wp\/v2\/tags?post=4901"}],"curies":[{"name":"wp","href":"https:\/\/api.w.org\/{rel}","templated":true}]}}