{"id":4892,"date":"2015-10-13T14:30:09","date_gmt":"2015-10-13T13:30:09","guid":{"rendered":"https:\/\/astos.cz\/en\/o-nas\/reference\/"},"modified":"2017-06-12T08:50:18","modified_gmt":"2017-06-12T07:50:18","slug":"reference","status":"publish","type":"page","link":"https:\/\/astos.cz\/en\/o-nas\/reference\/","title":{"rendered":"References"},"content":{"rendered":"<p>ASTOS Machinery is an international trader with yearly more than 150 satisfied customers.<br \/>\nWe can supply references upon request. Please contact us <a href=\"https:\/\/astos.cz\/en\/kontakty\/dulezite-kontakty\/\">here<\/a>.<br \/>\n<a href=\"https:\/\/astos.cz\/wp-content\/uploads\/2015\/10\/mapa-zakazniku.jpg\" rel=\"lightbox[4892]\"><img loading=\"lazy\" class=\"alignnone wp-image-2995\" src=\"https:\/\/astos.cz\/wp-content\/uploads\/2015\/10\/mapa-zakazniku-1024x575.jpg\" alt=\"Mapa sv\u011bta se z\u00e1kazn\u00edky\" width=\"848\" height=\"476\" srcset=\"https:\/\/astos.cz\/wp-content\/uploads\/2015\/10\/mapa-zakazniku-1024x575.jpg 1024w, https:\/\/astos.cz\/wp-content\/uploads\/2015\/10\/mapa-zakazniku-300x168.jpg 300w, https:\/\/astos.cz\/wp-content\/uploads\/2015\/10\/mapa-zakazniku-555x312.jpg 555w, https:\/\/astos.cz\/wp-content\/uploads\/2015\/10\/mapa-zakazniku.jpg 1140w\" sizes=\"(max-width: 848px) 100vw, 848px\" \/><\/a><\/p>\n","protected":false},"excerpt":{"rendered":"<p>ASTOS Machinery is an international trader with yearly more than 150 satisfied customers. We can supply references upon request. Please contact us here.<\/p>\n","protected":false},"author":6,"featured_media":5726,"parent":4882,"menu_order":0,"comment_status":"closed","ping_status":"closed","template":"","meta":[],"categories":[],"tags":[],"yoast_head":"<!-- This site is optimized with the Yoast SEO plugin v18.5.1 - https:\/\/yoast.com\/wordpress\/plugins\/seo\/ -->\n<title>References | ASTOS Machinery<\/title>\n<meta name=\"robots\" content=\"index, follow, max-snippet:-1, max-image-preview:large, max-video-preview:-1\" \/>\n<link rel=\"canonical\" href=\"https:\/\/astos.cz\/en\/o-nas\/reference\/\" \/>\n<meta property=\"og:locale\" content=\"en_US\" \/>\n<meta property=\"og:type\" content=\"article\" \/>\n<meta property=\"og:title\" content=\"References | ASTOS Machinery\" \/>\n<meta property=\"og:description\" content=\"ASTOS Machinery is an international trader with yearly more than 150 satisfied customers. We can supply references upon request. Please contact us here.\" \/>\n<meta property=\"og:url\" content=\"https:\/\/astos.cz\/en\/o-nas\/reference\/\" \/>\n<meta property=\"og:site_name\" content=\"ASTOS Machinery\" \/>\n<meta property=\"article:modified_time\" content=\"2017-06-12T07:50:18+00:00\" \/>\n<meta property=\"og:image\" content=\"https:\/\/astos.cz\/wp-content\/uploads\/2015\/10\/mapa-zakazniku-nahled-2.jpg\" \/>\n\t<meta property=\"og:image:width\" content=\"1140\" \/>\n\t<meta property=\"og:image:height\" content=\"640\" \/>\n\t<meta property=\"og:image:type\" content=\"image\/jpeg\" \/>\n<meta name=\"twitter:card\" content=\"summary\" \/>\n<script type=\"application\/ld+json\" class=\"yoast-schema-graph\">{\"@context\":\"https:\/\/schema.org\",\"@graph\":[{\"@type\":\"WebSite\",\"@id\":\"https:\/\/astos.cz\/#website\",\"url\":\"https:\/\/astos.cz\/\",\"name\":\"ASTOS Machinery\",\"description\":\"Specialista na dopravn\u00edkov\u00e9 syst\u00e9my a krytov\u00e1n\u00ed stroj\u016f\",\"potentialAction\":[{\"@type\":\"SearchAction\",\"target\":{\"@type\":\"EntryPoint\",\"urlTemplate\":\"https:\/\/astos.cz\/?s={search_term_string}\"},\"query-input\":\"required name=search_term_string\"}],\"inLanguage\":\"en-US\"},{\"@type\":\"ImageObject\",\"@id\":\"https:\/\/astos.cz\/en\/o-nas\/reference\/#primaryimage\",\"inLanguage\":\"en-US\",\"url\":\"https:\/\/astos.cz\/wp-content\/uploads\/2015\/10\/mapa-zakazniku-nahled-2.jpg\",\"contentUrl\":\"https:\/\/astos.cz\/wp-content\/uploads\/2015\/10\/mapa-zakazniku-nahled-2.jpg\",\"width\":1140,\"height\":640},{\"@type\":\"WebPage\",\"@id\":\"https:\/\/astos.cz\/en\/o-nas\/reference\/#webpage\",\"url\":\"https:\/\/astos.cz\/en\/o-nas\/reference\/\",\"name\":\"References | ASTOS Machinery\",\"isPartOf\":{\"@id\":\"https:\/\/astos.cz\/#website\"},\"primaryImageOfPage\":{\"@id\":\"https:\/\/astos.cz\/en\/o-nas\/reference\/#primaryimage\"},\"datePublished\":\"2015-10-13T13:30:09+00:00\",\"dateModified\":\"2017-06-12T07:50:18+00:00\",\"breadcrumb\":{\"@id\":\"https:\/\/astos.cz\/en\/o-nas\/reference\/#breadcrumb\"},\"inLanguage\":\"en-US\",\"potentialAction\":[{\"@type\":\"ReadAction\",\"target\":[\"https:\/\/astos.cz\/en\/o-nas\/reference\/\"]}]},{\"@type\":\"BreadcrumbList\",\"@id\":\"https:\/\/astos.cz\/en\/o-nas\/reference\/#breadcrumb\",\"itemListElement\":[{\"@type\":\"ListItem\",\"position\":1,\"name\":\"Dom\u016f\",\"item\":\"https:\/\/astos.cz\/en\/\"},{\"@type\":\"ListItem\",\"position\":2,\"name\":\"About us\",\"item\":\"https:\/\/astos.cz\/en\/o-nas\/\"},{\"@type\":\"ListItem\",\"position\":3,\"name\":\"References\"}]}]}<\/script>\n<!-- \/ Yoast SEO plugin. -->","yoast_head_json":{"title":"References | ASTOS Machinery","robots":{"index":"index","follow":"follow","max-snippet":"max-snippet:-1","max-image-preview":"max-image-preview:large","max-video-preview":"max-video-preview:-1"},"canonical":"https:\/\/astos.cz\/en\/o-nas\/reference\/","og_locale":"en_US","og_type":"article","og_title":"References | ASTOS Machinery","og_description":"ASTOS Machinery is an international trader with yearly more than 150 satisfied customers. We can supply references upon request. Please contact us here.","og_url":"https:\/\/astos.cz\/en\/o-nas\/reference\/","og_site_name":"ASTOS Machinery","article_modified_time":"2017-06-12T07:50:18+00:00","og_image":[{"width":1140,"height":640,"url":"https:\/\/astos.cz\/wp-content\/uploads\/2015\/10\/mapa-zakazniku-nahled-2.jpg","type":"image\/jpeg"}],"twitter_card":"summary","schema":{"@context":"https:\/\/schema.org","@graph":[{"@type":"WebSite","@id":"https:\/\/astos.cz\/#website","url":"https:\/\/astos.cz\/","name":"ASTOS Machinery","description":"Specialista na dopravn\u00edkov\u00e9 syst\u00e9my a krytov\u00e1n\u00ed stroj\u016f","potentialAction":[{"@type":"SearchAction","target":{"@type":"EntryPoint","urlTemplate":"https:\/\/astos.cz\/?s={search_term_string}"},"query-input":"required name=search_term_string"}],"inLanguage":"en-US"},{"@type":"ImageObject","@id":"https:\/\/astos.cz\/en\/o-nas\/reference\/#primaryimage","inLanguage":"en-US","url":"https:\/\/astos.cz\/wp-content\/uploads\/2015\/10\/mapa-zakazniku-nahled-2.jpg","contentUrl":"https:\/\/astos.cz\/wp-content\/uploads\/2015\/10\/mapa-zakazniku-nahled-2.jpg","width":1140,"height":640},{"@type":"WebPage","@id":"https:\/\/astos.cz\/en\/o-nas\/reference\/#webpage","url":"https:\/\/astos.cz\/en\/o-nas\/reference\/","name":"References | ASTOS Machinery","isPartOf":{"@id":"https:\/\/astos.cz\/#website"},"primaryImageOfPage":{"@id":"https:\/\/astos.cz\/en\/o-nas\/reference\/#primaryimage"},"datePublished":"2015-10-13T13:30:09+00:00","dateModified":"2017-06-12T07:50:18+00:00","breadcrumb":{"@id":"https:\/\/astos.cz\/en\/o-nas\/reference\/#breadcrumb"},"inLanguage":"en-US","potentialAction":[{"@type":"ReadAction","target":["https:\/\/astos.cz\/en\/o-nas\/reference\/"]}]},{"@type":"BreadcrumbList","@id":"https:\/\/astos.cz\/en\/o-nas\/reference\/#breadcrumb","itemListElement":[{"@type":"ListItem","position":1,"name":"Dom\u016f","item":"https:\/\/astos.cz\/en\/"},{"@type":"ListItem","position":2,"name":"About us","item":"https:\/\/astos.cz\/en\/o-nas\/"},{"@type":"ListItem","position":3,"name":"References"}]}]}},"_links":{"self":[{"href":"https:\/\/astos.cz\/en\/wp-json\/wp\/v2\/pages\/4892"}],"collection":[{"href":"https:\/\/astos.cz\/en\/wp-json\/wp\/v2\/pages"}],"about":[{"href":"https:\/\/astos.cz\/en\/wp-json\/wp\/v2\/types\/page"}],"author":[{"embeddable":true,"href":"https:\/\/astos.cz\/en\/wp-json\/wp\/v2\/users\/6"}],"replies":[{"embeddable":true,"href":"https:\/\/astos.cz\/en\/wp-json\/wp\/v2\/comments?post=4892"}],"version-history":[{"count":5,"href":"https:\/\/astos.cz\/en\/wp-json\/wp\/v2\/pages\/4892\/revisions"}],"predecessor-version":[{"id":7887,"href":"https:\/\/astos.cz\/en\/wp-json\/wp\/v2\/pages\/4892\/revisions\/7887"}],"up":[{"embeddable":true,"href":"https:\/\/astos.cz\/en\/wp-json\/wp\/v2\/pages\/4882"}],"wp:featuredmedia":[{"embeddable":true,"href":"https:\/\/astos.cz\/en\/wp-json\/wp\/v2\/media\/5726"}],"wp:attachment":[{"href":"https:\/\/astos.cz\/en\/wp-json\/wp\/v2\/media?parent=4892"}],"wp:term":[{"taxonomy":"category","embeddable":true,"href":"https:\/\/astos.cz\/en\/wp-json\/wp\/v2\/categories?post=4892"},{"taxonomy":"post_tag","embeddable":true,"href":"https:\/\/astos.cz\/en\/wp-json\/wp\/v2\/tags?post=4892"}],"curies":[{"name":"wp","href":"https:\/\/api.w.org\/{rel}","templated":true}]}}