{"id":4886,"date":"2015-10-13T14:29:29","date_gmt":"2015-10-13T13:29:29","guid":{"rendered":"https:\/\/astos.cz\/en\/o-nas\/napsali-o-nas\/"},"modified":"2022-06-15T08:30:42","modified_gmt":"2022-06-15T07:30:42","slug":"napsali-o-nas","status":"publish","type":"page","link":"https:\/\/astos.cz\/en\/o-nas\/napsali-o-nas\/","title":{"rendered":"Press releases"},"content":{"rendered":"<div id=\"pl-4886\"  class=\"panel-layout\" ><div id=\"pg-4886-0\"  class=\"panel-grid panel-no-style\" ><div id=\"pgc-4886-0-0\"  class=\"panel-grid-cell\" ><div id=\"panel-4886-0-0-0\" class=\"so-panel widget widget_black-studio-tinymce widget_black_studio_tinymce panel-first-child\" data-index=\"0\" ><div class=\"panel-widget-style panel-widget-style-for-4886-0-0-0\" ><div class=\"textwidget\"><p>ASTOS Machinery in its 25 years of existence gained more than 3500 satisfied customers across the globe. Our customers are leading corporations as well as medium and small businesses and enterprises. Astos has the expertise and versatility to provide a solution to even the most complex and specialized requirements of our customers.<\/p>\n<h4 class=\"alternative-heading\">Selected extracts:<\/h4>\n<\/div><\/div><\/div><div id=\"panel-4886-0-0-1\" class=\"so-panel widget widget_siteorigin-panels-builder panel-last-child\" data-index=\"1\" ><div id=\"pl-w62a98a9a52dc5\"  class=\"panel-layout\" ><div id=\"pg-w62a98a9a52dc5-0\"  class=\"panel-grid panel-no-style\" ><div id=\"pgc-w62a98a9a52dc5-0-0\"  class=\"panel-grid-cell\" ><div id=\"panel-w62a98a9a52dc5-0-0-0\" class=\"so-panel widget widget_black-studio-tinymce widget_black_studio_tinymce panel-first-child panel-last-child\" data-index=\"0\" ><div class=\"textwidget\"><p><a href=\"https:\/\/astos.cz\/wp-content\/uploads\/2015\/10\/Industry-Europe-nahledovy-obrazek.jpg\" rel=\"lightbox[4886]\"><img class=\"alignleft wp-image-5468 size-full\" src=\"https:\/\/astos.cz\/wp-content\/uploads\/2015\/10\/Industry-Europe-nahledovy-obrazek.jpg\" alt=\"\" width=\"410\" height=\"350\" \/><\/a><\/p>\n<h5>INDUSTRY EUROPE<\/h5>\n<p><a href=\"https:\/\/astos.cz\/wp-content\/uploads\/2015\/10\/Industry-Europe-Speciman.pdf\" rel=\"\">To download the article in PDF<\/a><\/p>\n<\/div><\/div><\/div><div id=\"pgc-w62a98a9a52dc5-0-1\"  class=\"panel-grid-cell panel-grid-cell-empty panel-grid-cell-mobile-last\" ><\/div><div id=\"pgc-w62a98a9a52dc5-0-2\"  class=\"panel-grid-cell panel-grid-cell-empty\" ><\/div><\/div><\/div><\/div><\/div><\/div><\/div>","protected":false},"excerpt":{"rendered":"<p>ASTOS Machinery in its 25 years of existence gained more than 3500 satisfied customers<\/p>\n","protected":false},"author":6,"featured_media":4888,"parent":4882,"menu_order":0,"comment_status":"closed","ping_status":"closed","template":"","meta":[],"categories":[],"tags":[],"yoast_head":"<!-- This site is optimized with the Yoast SEO plugin v18.5.1 - https:\/\/yoast.com\/wordpress\/plugins\/seo\/ -->\n<title>Press releases | ASTOS Machinery<\/title>\n<meta name=\"robots\" content=\"index, follow, max-snippet:-1, max-image-preview:large, max-video-preview:-1\" \/>\n<link rel=\"canonical\" href=\"https:\/\/astos.cz\/en\/o-nas\/napsali-o-nas\/\" \/>\n<meta property=\"og:locale\" content=\"en_US\" \/>\n<meta property=\"og:type\" content=\"article\" \/>\n<meta property=\"og:title\" content=\"Press releases | ASTOS Machinery\" \/>\n<meta property=\"og:description\" content=\"ASTOS Machinery in its 25 years of existence gained more than 3500 satisfied customers\" \/>\n<meta property=\"og:url\" content=\"https:\/\/astos.cz\/en\/o-nas\/napsali-o-nas\/\" \/>\n<meta property=\"og:site_name\" content=\"ASTOS Machinery\" \/>\n<meta property=\"article:modified_time\" content=\"2022-06-15T07:30:42+00:00\" \/>\n<meta property=\"og:image\" content=\"https:\/\/astos.cz\/wp-content\/uploads\/2015\/10\/nahledovy-obrazek.jpg\" \/>\n\t<meta property=\"og:image:width\" content=\"700\" \/>\n\t<meta property=\"og:image:height\" content=\"450\" \/>\n\t<meta property=\"og:image:type\" content=\"image\/jpeg\" \/>\n<meta name=\"twitter:card\" content=\"summary\" \/>\n<script type=\"application\/ld+json\" class=\"yoast-schema-graph\">{\"@context\":\"https:\/\/schema.org\",\"@graph\":[{\"@type\":\"WebSite\",\"@id\":\"https:\/\/astos.cz\/#website\",\"url\":\"https:\/\/astos.cz\/\",\"name\":\"ASTOS Machinery\",\"description\":\"Specialista na dopravn\u00edkov\u00e9 syst\u00e9my a krytov\u00e1n\u00ed stroj\u016f\",\"potentialAction\":[{\"@type\":\"SearchAction\",\"target\":{\"@type\":\"EntryPoint\",\"urlTemplate\":\"https:\/\/astos.cz\/?s={search_term_string}\"},\"query-input\":\"required name=search_term_string\"}],\"inLanguage\":\"en-US\"},{\"@type\":\"ImageObject\",\"@id\":\"https:\/\/astos.cz\/en\/o-nas\/napsali-o-nas\/#primaryimage\",\"inLanguage\":\"en-US\",\"url\":\"https:\/\/astos.cz\/wp-content\/uploads\/2015\/10\/nahledovy-obrazek.jpg\",\"contentUrl\":\"https:\/\/astos.cz\/wp-content\/uploads\/2015\/10\/nahledovy-obrazek.jpg\",\"width\":700,\"height\":450},{\"@type\":\"WebPage\",\"@id\":\"https:\/\/astos.cz\/en\/o-nas\/napsali-o-nas\/#webpage\",\"url\":\"https:\/\/astos.cz\/en\/o-nas\/napsali-o-nas\/\",\"name\":\"Press releases | ASTOS Machinery\",\"isPartOf\":{\"@id\":\"https:\/\/astos.cz\/#website\"},\"primaryImageOfPage\":{\"@id\":\"https:\/\/astos.cz\/en\/o-nas\/napsali-o-nas\/#primaryimage\"},\"datePublished\":\"2015-10-13T13:29:29+00:00\",\"dateModified\":\"2022-06-15T07:30:42+00:00\",\"breadcrumb\":{\"@id\":\"https:\/\/astos.cz\/en\/o-nas\/napsali-o-nas\/#breadcrumb\"},\"inLanguage\":\"en-US\",\"potentialAction\":[{\"@type\":\"ReadAction\",\"target\":[\"https:\/\/astos.cz\/en\/o-nas\/napsali-o-nas\/\"]}]},{\"@type\":\"BreadcrumbList\",\"@id\":\"https:\/\/astos.cz\/en\/o-nas\/napsali-o-nas\/#breadcrumb\",\"itemListElement\":[{\"@type\":\"ListItem\",\"position\":1,\"name\":\"Dom\u016f\",\"item\":\"https:\/\/astos.cz\/en\/\"},{\"@type\":\"ListItem\",\"position\":2,\"name\":\"About us\",\"item\":\"https:\/\/astos.cz\/en\/o-nas\/\"},{\"@type\":\"ListItem\",\"position\":3,\"name\":\"Press releases\"}]}]}<\/script>\n<!-- \/ Yoast SEO plugin. -->","yoast_head_json":{"title":"Press releases | ASTOS Machinery","robots":{"index":"index","follow":"follow","max-snippet":"max-snippet:-1","max-image-preview":"max-image-preview:large","max-video-preview":"max-video-preview:-1"},"canonical":"https:\/\/astos.cz\/en\/o-nas\/napsali-o-nas\/","og_locale":"en_US","og_type":"article","og_title":"Press releases | ASTOS Machinery","og_description":"ASTOS Machinery in its 25 years of existence gained more than 3500 satisfied customers","og_url":"https:\/\/astos.cz\/en\/o-nas\/napsali-o-nas\/","og_site_name":"ASTOS Machinery","article_modified_time":"2022-06-15T07:30:42+00:00","og_image":[{"width":700,"height":450,"url":"https:\/\/astos.cz\/wp-content\/uploads\/2015\/10\/nahledovy-obrazek.jpg","type":"image\/jpeg"}],"twitter_card":"summary","schema":{"@context":"https:\/\/schema.org","@graph":[{"@type":"WebSite","@id":"https:\/\/astos.cz\/#website","url":"https:\/\/astos.cz\/","name":"ASTOS Machinery","description":"Specialista na dopravn\u00edkov\u00e9 syst\u00e9my a krytov\u00e1n\u00ed stroj\u016f","potentialAction":[{"@type":"SearchAction","target":{"@type":"EntryPoint","urlTemplate":"https:\/\/astos.cz\/?s={search_term_string}"},"query-input":"required name=search_term_string"}],"inLanguage":"en-US"},{"@type":"ImageObject","@id":"https:\/\/astos.cz\/en\/o-nas\/napsali-o-nas\/#primaryimage","inLanguage":"en-US","url":"https:\/\/astos.cz\/wp-content\/uploads\/2015\/10\/nahledovy-obrazek.jpg","contentUrl":"https:\/\/astos.cz\/wp-content\/uploads\/2015\/10\/nahledovy-obrazek.jpg","width":700,"height":450},{"@type":"WebPage","@id":"https:\/\/astos.cz\/en\/o-nas\/napsali-o-nas\/#webpage","url":"https:\/\/astos.cz\/en\/o-nas\/napsali-o-nas\/","name":"Press releases | ASTOS Machinery","isPartOf":{"@id":"https:\/\/astos.cz\/#website"},"primaryImageOfPage":{"@id":"https:\/\/astos.cz\/en\/o-nas\/napsali-o-nas\/#primaryimage"},"datePublished":"2015-10-13T13:29:29+00:00","dateModified":"2022-06-15T07:30:42+00:00","breadcrumb":{"@id":"https:\/\/astos.cz\/en\/o-nas\/napsali-o-nas\/#breadcrumb"},"inLanguage":"en-US","potentialAction":[{"@type":"ReadAction","target":["https:\/\/astos.cz\/en\/o-nas\/napsali-o-nas\/"]}]},{"@type":"BreadcrumbList","@id":"https:\/\/astos.cz\/en\/o-nas\/napsali-o-nas\/#breadcrumb","itemListElement":[{"@type":"ListItem","position":1,"name":"Dom\u016f","item":"https:\/\/astos.cz\/en\/"},{"@type":"ListItem","position":2,"name":"About us","item":"https:\/\/astos.cz\/en\/o-nas\/"},{"@type":"ListItem","position":3,"name":"Press releases"}]}]}},"_links":{"self":[{"href":"https:\/\/astos.cz\/en\/wp-json\/wp\/v2\/pages\/4886"}],"collection":[{"href":"https:\/\/astos.cz\/en\/wp-json\/wp\/v2\/pages"}],"about":[{"href":"https:\/\/astos.cz\/en\/wp-json\/wp\/v2\/types\/page"}],"author":[{"embeddable":true,"href":"https:\/\/astos.cz\/en\/wp-json\/wp\/v2\/users\/6"}],"replies":[{"embeddable":true,"href":"https:\/\/astos.cz\/en\/wp-json\/wp\/v2\/comments?post=4886"}],"version-history":[{"count":16,"href":"https:\/\/astos.cz\/en\/wp-json\/wp\/v2\/pages\/4886\/revisions"}],"predecessor-version":[{"id":9877,"href":"https:\/\/astos.cz\/en\/wp-json\/wp\/v2\/pages\/4886\/revisions\/9877"}],"up":[{"embeddable":true,"href":"https:\/\/astos.cz\/en\/wp-json\/wp\/v2\/pages\/4882"}],"wp:featuredmedia":[{"embeddable":true,"href":"https:\/\/astos.cz\/en\/wp-json\/wp\/v2\/media\/4888"}],"wp:attachment":[{"href":"https:\/\/astos.cz\/en\/wp-json\/wp\/v2\/media?parent=4886"}],"wp:term":[{"taxonomy":"category","embeddable":true,"href":"https:\/\/astos.cz\/en\/wp-json\/wp\/v2\/categories?post=4886"},{"taxonomy":"post_tag","embeddable":true,"href":"https:\/\/astos.cz\/en\/wp-json\/wp\/v2\/tags?post=4886"}],"curies":[{"name":"wp","href":"https:\/\/api.w.org\/{rel}","templated":true}]}}