{"id":4869,"date":"2016-03-04T11:14:14","date_gmt":"2016-03-04T10:14:14","guid":{"rendered":"https:\/\/astos.cz\/en\/nase-vyrobky\/doplnkovy-program\/kt-kontejnery\/"},"modified":"2022-06-15T12:56:56","modified_gmt":"2022-06-15T11:56:56","slug":"kt-kontejnery","status":"publish","type":"page","link":"https:\/\/astos.cz\/en\/nase-vyrobky\/doplnkovy-program\/kt-kontejnery\/","title":{"rendered":"KT &#8211; Containers"},"content":{"rendered":"<div id=\"pl-4869\"  class=\"panel-layout\" ><div id=\"pg-4869-0\"  class=\"panel-grid panel-no-style\" ><div id=\"pgc-4869-0-0\"  class=\"panel-grid-cell\" ><div id=\"panel-4869-0-0-0\" class=\"so-panel widget widget_black-studio-tinymce widget_black_studio_tinymce panel-first-child panel-last-child\" data-index=\"0\" ><div class=\"textwidget\"><h3 style=\"margin-top: 0px\">Chip and swarf waste tipping skips<\/h3>\n<p><strong>Tipping skips and containers<\/strong> are suitable for management of chips and swarf waste from machine tools. All skips are easy to operate either by forklift or stacker.<\/p>\n<p>We can supply either double floor tipping skips for solid chips with residual coolant, or single floor tipping skip for dry metal chips, swarf or other dry material as glass, cinder etc.<\/p>\n<p>Double floor skips are supplied with a coolant drain plug or tap. It is equipped with a set of 4 polyamide castors (\u2300100 or \u2300160 mm) 2 castors are fitted with brakes. Emptying skip is mobile and easy to move by hand or forklift.<\/p>\n<\/div><\/div><\/div><div id=\"pgc-4869-0-1\"  class=\"panel-grid-cell\" ><div id=\"panel-4869-0-1-0\" class=\"so-panel widget widget_black-studio-tinymce widget_black_studio_tinymce panel-first-child panel-last-child\" data-index=\"1\" ><div class=\"textwidget\"><p><a href=\"https:\/\/astos.cz\/wp-content\/uploads\/2016\/03\/obrazek-kontejneru-Astos.jpg\"  rel=\"lightbox[4869] attachment wp-att-3529\"><img class=\"alignnone wp-image-3529\" src=\"https:\/\/astos.cz\/wp-content\/uploads\/2016\/03\/obrazek-kontejneru-Astos.jpg\" alt=\"obrazek-kontejneru-Astos\" width=\"410\" height=\"264\" \/><\/a> <a href=\"https:\/\/astos.cz\/wp-content\/uploads\/2016\/03\/KT-schema.jpg\"  rel=\"lightbox[4869] attachment wp-att-3406\"><img class=\"alignnone size-full wp-image-3406\" src=\"https:\/\/astos.cz\/wp-content\/uploads\/2016\/03\/KT-schema.jpg\" alt=\"KT-schema\" width=\"700\" height=\"450\" \/><\/a><\/p>\n<\/div><\/div><\/div><\/div><\/div>","protected":false},"excerpt":{"rendered":"<p>Tipping skips and containers are suitable for management of chips and swarf waste from<\/p>\n","protected":false},"author":6,"featured_media":6799,"parent":4842,"menu_order":0,"comment_status":"closed","ping_status":"closed","template":"","meta":[],"categories":[110],"tags":[],"yoast_head":"<!-- This site is optimized with the Yoast SEO plugin v18.5.1 - https:\/\/yoast.com\/wordpress\/plugins\/seo\/ -->\n<title>KT - Containers | ASTOS Machinery<\/title>\n<meta name=\"robots\" content=\"index, follow, max-snippet:-1, max-image-preview:large, max-video-preview:-1\" \/>\n<link rel=\"canonical\" href=\"https:\/\/astos.cz\/en\/nase-vyrobky\/doplnkovy-program\/kt-kontejnery\/\" \/>\n<meta property=\"og:locale\" content=\"en_US\" \/>\n<meta property=\"og:type\" content=\"article\" \/>\n<meta property=\"og:title\" content=\"KT - Containers | ASTOS Machinery\" \/>\n<meta property=\"og:description\" content=\"Tipping skips and containers are suitable for management of chips and swarf waste from\" \/>\n<meta property=\"og:url\" content=\"https:\/\/astos.cz\/en\/nase-vyrobky\/doplnkovy-program\/kt-kontejnery\/\" \/>\n<meta property=\"og:site_name\" content=\"ASTOS Machinery\" \/>\n<meta property=\"article:modified_time\" content=\"2022-06-15T11:56:56+00:00\" \/>\n<meta property=\"og:image\" content=\"https:\/\/astos.cz\/wp-content\/uploads\/2016\/03\/KT-Kontejnery_01.jpg\" \/>\n\t<meta property=\"og:image:width\" content=\"670\" \/>\n\t<meta property=\"og:image:height\" content=\"530\" \/>\n\t<meta property=\"og:image:type\" content=\"image\/jpeg\" \/>\n<meta name=\"twitter:card\" content=\"summary\" \/>\n<meta name=\"twitter:label1\" content=\"Est. reading time\" \/>\n\t<meta name=\"twitter:data1\" content=\"1 minute\" \/>\n<script type=\"application\/ld+json\" class=\"yoast-schema-graph\">{\"@context\":\"https:\/\/schema.org\",\"@graph\":[{\"@type\":\"WebSite\",\"@id\":\"https:\/\/astos.cz\/#website\",\"url\":\"https:\/\/astos.cz\/\",\"name\":\"ASTOS Machinery\",\"description\":\"Specialista na dopravn\u00edkov\u00e9 syst\u00e9my a krytov\u00e1n\u00ed stroj\u016f\",\"potentialAction\":[{\"@type\":\"SearchAction\",\"target\":{\"@type\":\"EntryPoint\",\"urlTemplate\":\"https:\/\/astos.cz\/?s={search_term_string}\"},\"query-input\":\"required name=search_term_string\"}],\"inLanguage\":\"en-US\"},{\"@type\":\"ImageObject\",\"@id\":\"https:\/\/astos.cz\/en\/nase-vyrobky\/doplnkovy-program\/kt-kontejnery\/#primaryimage\",\"inLanguage\":\"en-US\",\"url\":\"https:\/\/astos.cz\/wp-content\/uploads\/2016\/03\/KT-Kontejnery_01.jpg\",\"contentUrl\":\"https:\/\/astos.cz\/wp-content\/uploads\/2016\/03\/KT-Kontejnery_01.jpg\",\"width\":670,\"height\":530},{\"@type\":\"WebPage\",\"@id\":\"https:\/\/astos.cz\/en\/nase-vyrobky\/doplnkovy-program\/kt-kontejnery\/#webpage\",\"url\":\"https:\/\/astos.cz\/en\/nase-vyrobky\/doplnkovy-program\/kt-kontejnery\/\",\"name\":\"KT - Containers | ASTOS Machinery\",\"isPartOf\":{\"@id\":\"https:\/\/astos.cz\/#website\"},\"primaryImageOfPage\":{\"@id\":\"https:\/\/astos.cz\/en\/nase-vyrobky\/doplnkovy-program\/kt-kontejnery\/#primaryimage\"},\"datePublished\":\"2016-03-04T10:14:14+00:00\",\"dateModified\":\"2022-06-15T11:56:56+00:00\",\"breadcrumb\":{\"@id\":\"https:\/\/astos.cz\/en\/nase-vyrobky\/doplnkovy-program\/kt-kontejnery\/#breadcrumb\"},\"inLanguage\":\"en-US\",\"potentialAction\":[{\"@type\":\"ReadAction\",\"target\":[\"https:\/\/astos.cz\/en\/nase-vyrobky\/doplnkovy-program\/kt-kontejnery\/\"]}]},{\"@type\":\"BreadcrumbList\",\"@id\":\"https:\/\/astos.cz\/en\/nase-vyrobky\/doplnkovy-program\/kt-kontejnery\/#breadcrumb\",\"itemListElement\":[{\"@type\":\"ListItem\",\"position\":1,\"name\":\"Dom\u016f\",\"item\":\"https:\/\/astos.cz\/en\/\"},{\"@type\":\"ListItem\",\"position\":2,\"name\":\"Our Products\",\"item\":\"https:\/\/astos.cz\/en\/nase-vyrobky\/\"},{\"@type\":\"ListItem\",\"position\":3,\"name\":\"Additional program\",\"item\":\"https:\/\/astos.cz\/en\/nase-vyrobky\/doplnkovy-program\/\"},{\"@type\":\"ListItem\",\"position\":4,\"name\":\"KT &#8211; Containers\"}]}]}<\/script>\n<!-- \/ Yoast SEO plugin. -->","yoast_head_json":{"title":"KT - Containers | ASTOS Machinery","robots":{"index":"index","follow":"follow","max-snippet":"max-snippet:-1","max-image-preview":"max-image-preview:large","max-video-preview":"max-video-preview:-1"},"canonical":"https:\/\/astos.cz\/en\/nase-vyrobky\/doplnkovy-program\/kt-kontejnery\/","og_locale":"en_US","og_type":"article","og_title":"KT - Containers | ASTOS Machinery","og_description":"Tipping skips and containers are suitable for management of chips and swarf waste from","og_url":"https:\/\/astos.cz\/en\/nase-vyrobky\/doplnkovy-program\/kt-kontejnery\/","og_site_name":"ASTOS Machinery","article_modified_time":"2022-06-15T11:56:56+00:00","og_image":[{"width":670,"height":530,"url":"https:\/\/astos.cz\/wp-content\/uploads\/2016\/03\/KT-Kontejnery_01.jpg","type":"image\/jpeg"}],"twitter_card":"summary","twitter_misc":{"Est. reading time":"1 minute"},"schema":{"@context":"https:\/\/schema.org","@graph":[{"@type":"WebSite","@id":"https:\/\/astos.cz\/#website","url":"https:\/\/astos.cz\/","name":"ASTOS Machinery","description":"Specialista na dopravn\u00edkov\u00e9 syst\u00e9my a krytov\u00e1n\u00ed stroj\u016f","potentialAction":[{"@type":"SearchAction","target":{"@type":"EntryPoint","urlTemplate":"https:\/\/astos.cz\/?s={search_term_string}"},"query-input":"required name=search_term_string"}],"inLanguage":"en-US"},{"@type":"ImageObject","@id":"https:\/\/astos.cz\/en\/nase-vyrobky\/doplnkovy-program\/kt-kontejnery\/#primaryimage","inLanguage":"en-US","url":"https:\/\/astos.cz\/wp-content\/uploads\/2016\/03\/KT-Kontejnery_01.jpg","contentUrl":"https:\/\/astos.cz\/wp-content\/uploads\/2016\/03\/KT-Kontejnery_01.jpg","width":670,"height":530},{"@type":"WebPage","@id":"https:\/\/astos.cz\/en\/nase-vyrobky\/doplnkovy-program\/kt-kontejnery\/#webpage","url":"https:\/\/astos.cz\/en\/nase-vyrobky\/doplnkovy-program\/kt-kontejnery\/","name":"KT - Containers | ASTOS Machinery","isPartOf":{"@id":"https:\/\/astos.cz\/#website"},"primaryImageOfPage":{"@id":"https:\/\/astos.cz\/en\/nase-vyrobky\/doplnkovy-program\/kt-kontejnery\/#primaryimage"},"datePublished":"2016-03-04T10:14:14+00:00","dateModified":"2022-06-15T11:56:56+00:00","breadcrumb":{"@id":"https:\/\/astos.cz\/en\/nase-vyrobky\/doplnkovy-program\/kt-kontejnery\/#breadcrumb"},"inLanguage":"en-US","potentialAction":[{"@type":"ReadAction","target":["https:\/\/astos.cz\/en\/nase-vyrobky\/doplnkovy-program\/kt-kontejnery\/"]}]},{"@type":"BreadcrumbList","@id":"https:\/\/astos.cz\/en\/nase-vyrobky\/doplnkovy-program\/kt-kontejnery\/#breadcrumb","itemListElement":[{"@type":"ListItem","position":1,"name":"Dom\u016f","item":"https:\/\/astos.cz\/en\/"},{"@type":"ListItem","position":2,"name":"Our Products","item":"https:\/\/astos.cz\/en\/nase-vyrobky\/"},{"@type":"ListItem","position":3,"name":"Additional program","item":"https:\/\/astos.cz\/en\/nase-vyrobky\/doplnkovy-program\/"},{"@type":"ListItem","position":4,"name":"KT &#8211; Containers"}]}]}},"_links":{"self":[{"href":"https:\/\/astos.cz\/en\/wp-json\/wp\/v2\/pages\/4869"}],"collection":[{"href":"https:\/\/astos.cz\/en\/wp-json\/wp\/v2\/pages"}],"about":[{"href":"https:\/\/astos.cz\/en\/wp-json\/wp\/v2\/types\/page"}],"author":[{"embeddable":true,"href":"https:\/\/astos.cz\/en\/wp-json\/wp\/v2\/users\/6"}],"replies":[{"embeddable":true,"href":"https:\/\/astos.cz\/en\/wp-json\/wp\/v2\/comments?post=4869"}],"version-history":[{"count":12,"href":"https:\/\/astos.cz\/en\/wp-json\/wp\/v2\/pages\/4869\/revisions"}],"predecessor-version":[{"id":9898,"href":"https:\/\/astos.cz\/en\/wp-json\/wp\/v2\/pages\/4869\/revisions\/9898"}],"up":[{"embeddable":true,"href":"https:\/\/astos.cz\/en\/wp-json\/wp\/v2\/pages\/4842"}],"wp:featuredmedia":[{"embeddable":true,"href":"https:\/\/astos.cz\/en\/wp-json\/wp\/v2\/media\/6799"}],"wp:attachment":[{"href":"https:\/\/astos.cz\/en\/wp-json\/wp\/v2\/media?parent=4869"}],"wp:term":[{"taxonomy":"category","embeddable":true,"href":"https:\/\/astos.cz\/en\/wp-json\/wp\/v2\/categories?post=4869"},{"taxonomy":"post_tag","embeddable":true,"href":"https:\/\/astos.cz\/en\/wp-json\/wp\/v2\/tags?post=4869"}],"curies":[{"name":"wp","href":"https:\/\/api.w.org\/{rel}","templated":true}]}}