{"id":4852,"date":"2016-02-29T14:28:13","date_gmt":"2016-02-29T13:28:13","guid":{"rendered":"https:\/\/astos.cz\/en\/nase-vyrobky\/sluzby\/"},"modified":"2022-05-09T08:03:35","modified_gmt":"2022-05-09T07:03:35","slug":"sluzby","status":"publish","type":"page","link":"https:\/\/astos.cz\/en\/nase-vyrobky\/sluzby\/","title":{"rendered":"Services"},"content":{"rendered":"<div id=\"pl-4852\"  class=\"panel-layout\" ><div id=\"pg-4852-0\"  class=\"panel-grid panel-no-style\" ><div id=\"pgc-4852-0-0\"  class=\"panel-grid-cell\" ><div id=\"panel-4852-0-0-0\" class=\"so-panel widget widget_black-studio-tinymce widget_black_studio_tinymce panel-first-child panel-last-child\" data-index=\"0\" ><div class=\"panel-widget-style panel-widget-style-for-4852-0-0-0\" ><div class=\"textwidget\"><h4 class=\"alternative-heading\" style=\"margin-top: 0px;\">Technical assistance and support, installation, service, retrofit and more<\/h4>\n<p>Thanks to our technical expertise we are able to provide the solution even for the most challenging requirements of our customers. With our products you receive complex range of services.<\/p>\n<\/div><\/div><\/div><\/div><\/div><div id=\"pg-4852-1\"  class=\"panel-grid panel-has-style\" ><div class=\"panel-row-style panel-row-style-for-4852-1\" ><div id=\"pgc-4852-1-0\"  class=\"panel-grid-cell panel-grid-cell-mobile-last\" ><div id=\"panel-4852-1-0-0\" class=\"so-panel widget widget_black-studio-tinymce widget_black_studio_tinymce panel-first-child panel-last-child\" data-index=\"1\" ><div class=\"panel-widget-style panel-widget-style-for-4852-1-0-0\" ><div class=\"textwidget\"><h4 class=\"alternative-heading\">Our standard services<\/h4>\n<ul>\n<li>Technical assistance and support<\/li>\n<li>Site survey<\/li>\n<li>Design and layout<\/li>\n<li>Custom made product<\/li>\n<li>Installation<\/li>\n<li>Warranty service<\/li>\n<li>Spare parts supply<\/li>\n<li>Retrofit<\/li>\n<\/ul>\n<\/div><\/div><\/div><\/div><div id=\"pgc-4852-1-1\"  class=\"panel-grid-cell panel-grid-cell-empty\" ><\/div><\/div><\/div><\/div>","protected":false},"excerpt":{"rendered":"<p>Technical assistance and support, installation, service, retrofit and more Thanks to our technical expertise we are able to provide the solution even for the most challenging requirements of our customers. With our products you receive complex range of services. Our standard services Technical assistance and support Site survey Design and layout Custom made product Installation &hellip;<\/p>\n","protected":false},"author":6,"featured_media":0,"parent":4654,"menu_order":0,"comment_status":"closed","ping_status":"closed","template":"","meta":[],"categories":[],"tags":[],"yoast_head":"<!-- This site is optimized with the Yoast SEO plugin v18.5.1 - https:\/\/yoast.com\/wordpress\/plugins\/seo\/ -->\n<title>Services | ASTOS Machinery<\/title>\n<meta name=\"robots\" content=\"index, follow, max-snippet:-1, max-image-preview:large, max-video-preview:-1\" \/>\n<link rel=\"canonical\" href=\"https:\/\/astos.cz\/en\/nase-vyrobky\/sluzby\/\" \/>\n<meta property=\"og:locale\" content=\"en_US\" \/>\n<meta property=\"og:type\" content=\"article\" \/>\n<meta property=\"og:title\" content=\"Services | ASTOS Machinery\" \/>\n<meta property=\"og:description\" content=\"Technical assistance and support, installation, service, retrofit and more Thanks to our technical expertise we are able to provide the solution even for the most challenging requirements of our customers. With our products you receive complex range of services. Our standard services Technical assistance and support Site survey Design and layout Custom made product Installation &hellip;\" \/>\n<meta property=\"og:url\" content=\"https:\/\/astos.cz\/en\/nase-vyrobky\/sluzby\/\" \/>\n<meta property=\"og:site_name\" content=\"ASTOS Machinery\" \/>\n<meta property=\"article:modified_time\" content=\"2022-05-09T07:03:35+00:00\" \/>\n<meta name=\"twitter:card\" content=\"summary\" \/>\n<script type=\"application\/ld+json\" class=\"yoast-schema-graph\">{\"@context\":\"https:\/\/schema.org\",\"@graph\":[{\"@type\":\"WebSite\",\"@id\":\"https:\/\/astos.cz\/#website\",\"url\":\"https:\/\/astos.cz\/\",\"name\":\"ASTOS Machinery\",\"description\":\"Specialista na dopravn\u00edkov\u00e9 syst\u00e9my a krytov\u00e1n\u00ed stroj\u016f\",\"potentialAction\":[{\"@type\":\"SearchAction\",\"target\":{\"@type\":\"EntryPoint\",\"urlTemplate\":\"https:\/\/astos.cz\/?s={search_term_string}\"},\"query-input\":\"required name=search_term_string\"}],\"inLanguage\":\"en-US\"},{\"@type\":\"WebPage\",\"@id\":\"https:\/\/astos.cz\/en\/nase-vyrobky\/sluzby\/#webpage\",\"url\":\"https:\/\/astos.cz\/en\/nase-vyrobky\/sluzby\/\",\"name\":\"Services | ASTOS Machinery\",\"isPartOf\":{\"@id\":\"https:\/\/astos.cz\/#website\"},\"datePublished\":\"2016-02-29T13:28:13+00:00\",\"dateModified\":\"2022-05-09T07:03:35+00:00\",\"breadcrumb\":{\"@id\":\"https:\/\/astos.cz\/en\/nase-vyrobky\/sluzby\/#breadcrumb\"},\"inLanguage\":\"en-US\",\"potentialAction\":[{\"@type\":\"ReadAction\",\"target\":[\"https:\/\/astos.cz\/en\/nase-vyrobky\/sluzby\/\"]}]},{\"@type\":\"BreadcrumbList\",\"@id\":\"https:\/\/astos.cz\/en\/nase-vyrobky\/sluzby\/#breadcrumb\",\"itemListElement\":[{\"@type\":\"ListItem\",\"position\":1,\"name\":\"Dom\u016f\",\"item\":\"https:\/\/astos.cz\/en\/\"},{\"@type\":\"ListItem\",\"position\":2,\"name\":\"Our Products\",\"item\":\"https:\/\/astos.cz\/en\/nase-vyrobky\/\"},{\"@type\":\"ListItem\",\"position\":3,\"name\":\"Services\"}]}]}<\/script>\n<!-- \/ Yoast SEO plugin. -->","yoast_head_json":{"title":"Services | ASTOS Machinery","robots":{"index":"index","follow":"follow","max-snippet":"max-snippet:-1","max-image-preview":"max-image-preview:large","max-video-preview":"max-video-preview:-1"},"canonical":"https:\/\/astos.cz\/en\/nase-vyrobky\/sluzby\/","og_locale":"en_US","og_type":"article","og_title":"Services | ASTOS Machinery","og_description":"Technical assistance and support, installation, service, retrofit and more Thanks to our technical expertise we are able to provide the solution even for the most challenging requirements of our customers. With our products you receive complex range of services. Our standard services Technical assistance and support Site survey Design and layout Custom made product Installation &hellip;","og_url":"https:\/\/astos.cz\/en\/nase-vyrobky\/sluzby\/","og_site_name":"ASTOS Machinery","article_modified_time":"2022-05-09T07:03:35+00:00","twitter_card":"summary","schema":{"@context":"https:\/\/schema.org","@graph":[{"@type":"WebSite","@id":"https:\/\/astos.cz\/#website","url":"https:\/\/astos.cz\/","name":"ASTOS Machinery","description":"Specialista na dopravn\u00edkov\u00e9 syst\u00e9my a krytov\u00e1n\u00ed stroj\u016f","potentialAction":[{"@type":"SearchAction","target":{"@type":"EntryPoint","urlTemplate":"https:\/\/astos.cz\/?s={search_term_string}"},"query-input":"required name=search_term_string"}],"inLanguage":"en-US"},{"@type":"WebPage","@id":"https:\/\/astos.cz\/en\/nase-vyrobky\/sluzby\/#webpage","url":"https:\/\/astos.cz\/en\/nase-vyrobky\/sluzby\/","name":"Services | ASTOS Machinery","isPartOf":{"@id":"https:\/\/astos.cz\/#website"},"datePublished":"2016-02-29T13:28:13+00:00","dateModified":"2022-05-09T07:03:35+00:00","breadcrumb":{"@id":"https:\/\/astos.cz\/en\/nase-vyrobky\/sluzby\/#breadcrumb"},"inLanguage":"en-US","potentialAction":[{"@type":"ReadAction","target":["https:\/\/astos.cz\/en\/nase-vyrobky\/sluzby\/"]}]},{"@type":"BreadcrumbList","@id":"https:\/\/astos.cz\/en\/nase-vyrobky\/sluzby\/#breadcrumb","itemListElement":[{"@type":"ListItem","position":1,"name":"Dom\u016f","item":"https:\/\/astos.cz\/en\/"},{"@type":"ListItem","position":2,"name":"Our Products","item":"https:\/\/astos.cz\/en\/nase-vyrobky\/"},{"@type":"ListItem","position":3,"name":"Services"}]}]}},"_links":{"self":[{"href":"https:\/\/astos.cz\/en\/wp-json\/wp\/v2\/pages\/4852"}],"collection":[{"href":"https:\/\/astos.cz\/en\/wp-json\/wp\/v2\/pages"}],"about":[{"href":"https:\/\/astos.cz\/en\/wp-json\/wp\/v2\/types\/page"}],"author":[{"embeddable":true,"href":"https:\/\/astos.cz\/en\/wp-json\/wp\/v2\/users\/6"}],"replies":[{"embeddable":true,"href":"https:\/\/astos.cz\/en\/wp-json\/wp\/v2\/comments?post=4852"}],"version-history":[{"count":6,"href":"https:\/\/astos.cz\/en\/wp-json\/wp\/v2\/pages\/4852\/revisions"}],"predecessor-version":[{"id":9805,"href":"https:\/\/astos.cz\/en\/wp-json\/wp\/v2\/pages\/4852\/revisions\/9805"}],"up":[{"embeddable":true,"href":"https:\/\/astos.cz\/en\/wp-json\/wp\/v2\/pages\/4654"}],"wp:attachment":[{"href":"https:\/\/astos.cz\/en\/wp-json\/wp\/v2\/media?parent=4852"}],"wp:term":[{"taxonomy":"category","embeddable":true,"href":"https:\/\/astos.cz\/en\/wp-json\/wp\/v2\/categories?post=4852"},{"taxonomy":"post_tag","embeddable":true,"href":"https:\/\/astos.cz\/en\/wp-json\/wp\/v2\/tags?post=4852"}],"curies":[{"name":"wp","href":"https:\/\/api.w.org\/{rel}","templated":true}]}}