{"id":4847,"date":"2016-02-29T14:27:50","date_gmt":"2016-02-29T13:27:50","guid":{"rendered":"https:\/\/astos.cz\/en\/nase-vyrobky\/nahradni-dily\/"},"modified":"2024-11-14T10:26:31","modified_gmt":"2024-11-14T09:26:31","slug":"nahradni-dily","status":"publish","type":"page","link":"https:\/\/astos.cz\/en\/nase-vyrobky\/nahradni-dily\/","title":{"rendered":"Spare Parts"},"content":{"rendered":"<div id=\"pl-4847\"  class=\"panel-layout\" ><div id=\"pg-4847-0\"  class=\"panel-grid panel-no-style\" ><div id=\"pgc-4847-0-0\"  class=\"panel-grid-cell\" ><div id=\"panel-4847-0-0-0\" class=\"so-panel widget widget_sow-editor panel-first-child panel-last-child\" data-index=\"0\" ><div class=\"so-widget-sow-editor so-widget-sow-editor-base\">\n<div class=\"siteorigin-widget-tinymce textwidget\">\n\t<h3>We offer spare parts for conveyors from all manufacturers, including Asian ones.<\/h3>\n<\/div>\n<\/div><\/div><\/div><\/div><div id=\"pg-4847-1\"  class=\"panel-grid panel-no-style\" ><div id=\"pgc-4847-1-0\"  class=\"panel-grid-cell\" ><div id=\"panel-4847-1-0-0\" class=\"so-panel widget widget_black-studio-tinymce widget_black_studio_tinymce panel-first-child panel-last-child\" data-index=\"1\" ><div class=\"textwidget\"><h4 class=\"alternative-heading\">List of the most frequently ordered spare parts:<\/h4>\n<p><strong>Hinged steel belt<\/strong><br \/>\nLink pitch 40: perforated- non perforated<br \/>\nLink pitch 63: perforated- non perforated<br \/>\nLink pitch 100: non perforated<\/p>\n<p><strong>Scraper conveyor chain<\/strong><br \/>\nlink pitch 40<br \/>\nlink pitch 63<\/p>\n<p><strong>Belt link, chain link<\/strong><br \/>\npitch t=40, t=63, t=100<\/p>\n<p><strong>Complete connecting link<\/strong><\/p>\n<p><strong>Chain<\/strong><\/p>\n<p><strong>Gear wheel<\/strong><br \/>\nDrive and driven wheels<\/p>\n<p><strong>Shaft<\/strong><br \/>\nDriving and driven shaft<\/p>\n<p><strong>Bearings<\/strong><br \/>\nClassic and UCP bearing<\/p>\n<p><strong>Drive, gearbox<\/strong><\/p>\n<p><strong>Fittings: Pump, level sensor etc. <\/strong><\/p>\n<p>When ordering spare parts, you should indicate the complete machine type, its serial number, construction year and the information indicated on the nameplate or in the manual.<\/p>\n<p>Examples:<br \/>\nCDT 200 \u2013 1999 \u2013 v. \u010d. 0025 (classification, used until first half of the year 2007)<\/p>\n<p>CDT 450 \u2013 2008 \u2013 v. \u010d. 081401241 (current classification used from the second half of the year 2007)<\/p>\n<\/div><\/div><\/div><div id=\"pgc-4847-1-1\"  class=\"panel-grid-cell\" ><div id=\"panel-4847-1-1-0\" class=\"so-panel widget widget_black-studio-tinymce widget_black_studio_tinymce panel-first-child panel-last-child\" data-index=\"2\" ><div class=\"textwidget\"><p><a href=\"https:\/\/astos.cz\/wp-content\/uploads\/2016\/03\/cdt_63.jpg\"  rel=\"lightbox[4847] attachment wp-att-5110\"><img class=\"alignnone wp-image-5110\" src=\"https:\/\/astos.cz\/wp-content\/uploads\/2016\/03\/cdt_63.jpg\" alt=\"cdt_63\" width=\"410\" height=\"232\" \/><\/a><\/p>\n<p><a href=\"https:\/\/astos.cz\/wp-content\/uploads\/2016\/02\/img-Nahradni-dily-hrabla-EN-1.jpg\" rel=\"lightbox[4847]\"><img class=\"alignnone wp-image-6501\" src=\"https:\/\/astos.cz\/wp-content\/uploads\/2016\/02\/img-Nahradni-dily-hrabla-EN-1.jpg\" alt=\"img-Nahradni-dily-hrabla-EN\" width=\"410\" height=\"232\" \/><\/a><\/p>\n<p><a href=\"https:\/\/astos.cz\/wp-content\/uploads\/2016\/02\/img-Nahradni-dily-spojovaci-clanek-EN-1.jpg\" rel=\"lightbox[4847]\"><img class=\"alignnone wp-image-6504\" src=\"https:\/\/astos.cz\/wp-content\/uploads\/2016\/02\/img-Nahradni-dily-spojovaci-clanek-EN-1.jpg\" alt=\"img-Nahradni-dily-spojovaci-clanek-EN\" width=\"410\" height=\"232\" \/><\/a><\/p>\n<\/div><\/div><\/div><\/div><div id=\"pg-4847-2\"  class=\"panel-grid panel-no-style\" ><div id=\"pgc-4847-2-0\"  class=\"panel-grid-cell\" ><div id=\"panel-4847-2-0-0\" class=\"so-panel widget widget_sow-editor panel-first-child panel-last-child\" data-index=\"3\" ><div class=\"so-widget-sow-editor so-widget-sow-editor-base\">\n<div class=\"siteorigin-widget-tinymce textwidget\">\n\t<h4 class=\"alternative-heading\">Fill out our online form, and we will get back to you!<\/h4>\n<div class=\"wpforms-container wpforms-container-full wpforms-render-modern\" id=\"wpforms-12500\"><form id=\"wpforms-form-12500\" class=\"wpforms-validate wpforms-form wpforms-ajax-form\" data-formid=\"12500\" method=\"post\" enctype=\"multipart\/form-data\" action=\"\/en\/wp-json\/wp\/v2\/pages\/4847\" data-token=\"942e1c5dfcd8626d586d786a2a02e649\" data-token-time=\"1777538958\"><noscript class=\"wpforms-error-noscript\">Please enable JavaScript in your browser to complete this form.<\/noscript><div class=\"wpforms-hidden\" id=\"wpforms-error-noscript\">Please enable JavaScript in your browser to complete this form.<\/div><div class=\"wpforms-field-container\"><div id=\"wpforms-12500-field_1-container\" class=\"wpforms-field wpforms-field-name\" data-field-id=\"1\"><label class=\"wpforms-field-label\" for=\"wpforms-12500-field_1\">Name <span class=\"wpforms-required-label\" aria-hidden=\"true\">*<\/span><\/label><input type=\"text\" id=\"wpforms-12500-field_1\" class=\"wpforms-field-medium wpforms-field-required\" name=\"wpforms[fields][1]\" aria-errormessage=\"wpforms-12500-field_1-error\" required><\/div><div id=\"wpforms-12500-field_2-container\" class=\"wpforms-field wpforms-field-email\" data-field-id=\"2\"><label class=\"wpforms-field-label\" for=\"wpforms-12500-field_2\">E-mail <span class=\"wpforms-required-label\" aria-hidden=\"true\">*<\/span><\/label><input type=\"email\" id=\"wpforms-12500-field_2\" class=\"wpforms-field-medium wpforms-field-required\" name=\"wpforms[fields][2]\" spellcheck=\"false\" aria-errormessage=\"wpforms-12500-field_2-error\" required><\/div>\t\t<div id=\"wpforms-12500-field_3-container\"\n\t\t\tclass=\"wpforms-field wpforms-field-text\"\n\t\t\tdata-field-type=\"text\"\n\t\t\tdata-field-id=\"3\"\n\t\t\t>\n\t\t\t<label class=\"wpforms-field-label\" for=\"wpforms-12500-field_3\" >conveyor Name you<\/label>\n\t\t\t<input type=\"text\" id=\"wpforms-12500-field_3\" class=\"wpforms-field-medium\" name=\"wpforms[fields][3]\" >\n\t\t<\/div>\n\t\t<div id=\"wpforms-12500-field_6-container\" class=\"wpforms-field wpforms-field-text\" data-field-id=\"6\"><label class=\"wpforms-field-label\" for=\"wpforms-12500-field_6\">Manufacturer of the conveyor<\/label><input type=\"text\" id=\"wpforms-12500-field_6\" class=\"wpforms-field-medium\" name=\"wpforms[fields][6]\" aria-errormessage=\"wpforms-12500-field_6-error\" ><\/div><div id=\"wpforms-12500-field_4-container\" class=\"wpforms-field wpforms-field-textarea\" data-field-id=\"4\"><label class=\"wpforms-field-label\" for=\"wpforms-12500-field_4\">Please describe the spare part you need.<\/label><textarea id=\"wpforms-12500-field_4\" class=\"wpforms-field-medium\" name=\"wpforms[fields][4]\" aria-errormessage=\"wpforms-12500-field_4-error\" ><\/textarea><\/div><script>\n\t\t\t\t( function() {\n\t\t\t\t\tconst style = document.createElement( 'style' );\n\t\t\t\t\tstyle.appendChild( document.createTextNode( '#wpforms-12500-field_3-container { position: absolute !important; overflow: hidden !important; display: inline !important; height: 1px !important; width: 1px !important; z-index: -1000 !important; padding: 0 !important; } #wpforms-12500-field_3-container input { visibility: hidden; } #wpforms-conversational-form-page #wpforms-12500-field_3-container label { counter-increment: none; }' ) );\n\t\t\t\t\tdocument.head.appendChild( style );\n\t\t\t\t\tdocument.currentScript?.remove();\n\t\t\t\t} )();\n\t\t\t<\/script><\/div><!-- .wpforms-field-container --><div class=\"wpforms-submit-container\" ><input type=\"hidden\" name=\"wpforms[id]\" value=\"12500\"><input type=\"hidden\" name=\"page_title\" value=\"\"><input type=\"hidden\" name=\"page_url\" value=\"https:\/\/astos.cz\/en\/wp-json\/wp\/v2\/pages\/4847\"><button type=\"submit\" name=\"wpforms[submit]\" id=\"wpforms-submit-12500\" class=\"wpforms-submit\" data-alt-text=\"Sending...\" data-submit-text=\"Send\" aria-live=\"assertive\" value=\"wpforms-submit\">Send<\/button><img src=\"https:\/\/astos.cz\/wp-content\/plugins\/wpforms-lite\/assets\/images\/submit-spin.svg\" class=\"wpforms-submit-spinner\" style=\"display: none;\" width=\"26\" height=\"26\" alt=\"Loading\"><\/div><\/form><\/div>  <!-- .wpforms-container -->\n<\/div>\n<\/div><\/div><\/div><\/div><\/div>","protected":false},"excerpt":{"rendered":"<p>We offer spare parts for conveyors from all manufacturers, including Asian ones. List of the most frequently ordered spare parts: Hinged steel belt Link pitch 40: perforated- non perforated Link pitch 63: perforated- non perforated Link pitch 100: non perforated Scraper conveyor chain link pitch 40 link pitch 63 Belt link, chain link pitch t=40, &hellip;<\/p>\n","protected":false},"author":6,"featured_media":0,"parent":4654,"menu_order":0,"comment_status":"closed","ping_status":"closed","template":"","meta":[],"categories":[],"tags":[],"yoast_head":"<!-- This site is optimized with the Yoast SEO plugin v18.5.1 - https:\/\/yoast.com\/wordpress\/plugins\/seo\/ -->\n<title>Spare Parts | ASTOS Machinery<\/title>\n<meta name=\"robots\" content=\"index, follow, max-snippet:-1, max-image-preview:large, max-video-preview:-1\" \/>\n<link rel=\"canonical\" href=\"https:\/\/astos.cz\/en\/nase-vyrobky\/nahradni-dily\/\" \/>\n<meta property=\"og:locale\" content=\"en_US\" \/>\n<meta property=\"og:type\" content=\"article\" \/>\n<meta property=\"og:title\" content=\"Spare Parts | ASTOS Machinery\" \/>\n<meta property=\"og:description\" content=\"We offer spare parts for conveyors from all manufacturers, including Asian ones. List of the most frequently ordered spare parts: Hinged steel belt Link pitch 40: perforated- non perforated Link pitch 63: perforated- non perforated Link pitch 100: non perforated Scraper conveyor chain link pitch 40 link pitch 63 Belt link, chain link pitch t=40, &hellip;\" \/>\n<meta property=\"og:url\" content=\"https:\/\/astos.cz\/en\/nase-vyrobky\/nahradni-dily\/\" \/>\n<meta property=\"og:site_name\" content=\"ASTOS Machinery\" \/>\n<meta property=\"article:modified_time\" content=\"2024-11-14T09:26:31+00:00\" \/>\n<meta property=\"og:image\" content=\"https:\/\/astos.cz\/wp-content\/uploads\/2016\/03\/cdt_63.jpg\" \/>\n<meta name=\"twitter:card\" content=\"summary\" \/>\n<meta name=\"twitter:label1\" content=\"Est. reading time\" \/>\n\t<meta name=\"twitter:data1\" content=\"2 minutes\" \/>\n<script type=\"application\/ld+json\" class=\"yoast-schema-graph\">{\"@context\":\"https:\/\/schema.org\",\"@graph\":[{\"@type\":\"WebSite\",\"@id\":\"https:\/\/astos.cz\/#website\",\"url\":\"https:\/\/astos.cz\/\",\"name\":\"ASTOS Machinery\",\"description\":\"Specialista na dopravn\u00edkov\u00e9 syst\u00e9my a krytov\u00e1n\u00ed stroj\u016f\",\"potentialAction\":[{\"@type\":\"SearchAction\",\"target\":{\"@type\":\"EntryPoint\",\"urlTemplate\":\"https:\/\/astos.cz\/?s={search_term_string}\"},\"query-input\":\"required name=search_term_string\"}],\"inLanguage\":\"en-US\"},{\"@type\":\"ImageObject\",\"@id\":\"https:\/\/astos.cz\/en\/nase-vyrobky\/nahradni-dily\/#primaryimage\",\"inLanguage\":\"en-US\",\"url\":\"https:\/\/astos.cz\/wp-content\/uploads\/2016\/03\/cdt_63.jpg\",\"contentUrl\":\"https:\/\/astos.cz\/wp-content\/uploads\/2016\/03\/cdt_63.jpg\",\"width\":848,\"height\":480},{\"@type\":\"WebPage\",\"@id\":\"https:\/\/astos.cz\/en\/nase-vyrobky\/nahradni-dily\/#webpage\",\"url\":\"https:\/\/astos.cz\/en\/nase-vyrobky\/nahradni-dily\/\",\"name\":\"Spare Parts | ASTOS Machinery\",\"isPartOf\":{\"@id\":\"https:\/\/astos.cz\/#website\"},\"primaryImageOfPage\":{\"@id\":\"https:\/\/astos.cz\/en\/nase-vyrobky\/nahradni-dily\/#primaryimage\"},\"datePublished\":\"2016-02-29T13:27:50+00:00\",\"dateModified\":\"2024-11-14T09:26:31+00:00\",\"breadcrumb\":{\"@id\":\"https:\/\/astos.cz\/en\/nase-vyrobky\/nahradni-dily\/#breadcrumb\"},\"inLanguage\":\"en-US\",\"potentialAction\":[{\"@type\":\"ReadAction\",\"target\":[\"https:\/\/astos.cz\/en\/nase-vyrobky\/nahradni-dily\/\"]}]},{\"@type\":\"BreadcrumbList\",\"@id\":\"https:\/\/astos.cz\/en\/nase-vyrobky\/nahradni-dily\/#breadcrumb\",\"itemListElement\":[{\"@type\":\"ListItem\",\"position\":1,\"name\":\"Dom\u016f\",\"item\":\"https:\/\/astos.cz\/en\/\"},{\"@type\":\"ListItem\",\"position\":2,\"name\":\"Our Products\",\"item\":\"https:\/\/astos.cz\/en\/nase-vyrobky\/\"},{\"@type\":\"ListItem\",\"position\":3,\"name\":\"Spare Parts\"}]}]}<\/script>\n<!-- \/ Yoast SEO plugin. -->","yoast_head_json":{"title":"Spare Parts | ASTOS Machinery","robots":{"index":"index","follow":"follow","max-snippet":"max-snippet:-1","max-image-preview":"max-image-preview:large","max-video-preview":"max-video-preview:-1"},"canonical":"https:\/\/astos.cz\/en\/nase-vyrobky\/nahradni-dily\/","og_locale":"en_US","og_type":"article","og_title":"Spare Parts | ASTOS Machinery","og_description":"We offer spare parts for conveyors from all manufacturers, including Asian ones. List of the most frequently ordered spare parts: Hinged steel belt Link pitch 40: perforated- non perforated Link pitch 63: perforated- non perforated Link pitch 100: non perforated Scraper conveyor chain link pitch 40 link pitch 63 Belt link, chain link pitch t=40, &hellip;","og_url":"https:\/\/astos.cz\/en\/nase-vyrobky\/nahradni-dily\/","og_site_name":"ASTOS Machinery","article_modified_time":"2024-11-14T09:26:31+00:00","og_image":[{"url":"https:\/\/astos.cz\/wp-content\/uploads\/2016\/03\/cdt_63.jpg"}],"twitter_card":"summary","twitter_misc":{"Est. reading time":"2 minutes"},"schema":{"@context":"https:\/\/schema.org","@graph":[{"@type":"WebSite","@id":"https:\/\/astos.cz\/#website","url":"https:\/\/astos.cz\/","name":"ASTOS Machinery","description":"Specialista na dopravn\u00edkov\u00e9 syst\u00e9my a krytov\u00e1n\u00ed stroj\u016f","potentialAction":[{"@type":"SearchAction","target":{"@type":"EntryPoint","urlTemplate":"https:\/\/astos.cz\/?s={search_term_string}"},"query-input":"required name=search_term_string"}],"inLanguage":"en-US"},{"@type":"ImageObject","@id":"https:\/\/astos.cz\/en\/nase-vyrobky\/nahradni-dily\/#primaryimage","inLanguage":"en-US","url":"https:\/\/astos.cz\/wp-content\/uploads\/2016\/03\/cdt_63.jpg","contentUrl":"https:\/\/astos.cz\/wp-content\/uploads\/2016\/03\/cdt_63.jpg","width":848,"height":480},{"@type":"WebPage","@id":"https:\/\/astos.cz\/en\/nase-vyrobky\/nahradni-dily\/#webpage","url":"https:\/\/astos.cz\/en\/nase-vyrobky\/nahradni-dily\/","name":"Spare Parts | ASTOS Machinery","isPartOf":{"@id":"https:\/\/astos.cz\/#website"},"primaryImageOfPage":{"@id":"https:\/\/astos.cz\/en\/nase-vyrobky\/nahradni-dily\/#primaryimage"},"datePublished":"2016-02-29T13:27:50+00:00","dateModified":"2024-11-14T09:26:31+00:00","breadcrumb":{"@id":"https:\/\/astos.cz\/en\/nase-vyrobky\/nahradni-dily\/#breadcrumb"},"inLanguage":"en-US","potentialAction":[{"@type":"ReadAction","target":["https:\/\/astos.cz\/en\/nase-vyrobky\/nahradni-dily\/"]}]},{"@type":"BreadcrumbList","@id":"https:\/\/astos.cz\/en\/nase-vyrobky\/nahradni-dily\/#breadcrumb","itemListElement":[{"@type":"ListItem","position":1,"name":"Dom\u016f","item":"https:\/\/astos.cz\/en\/"},{"@type":"ListItem","position":2,"name":"Our Products","item":"https:\/\/astos.cz\/en\/nase-vyrobky\/"},{"@type":"ListItem","position":3,"name":"Spare Parts"}]}]}},"_links":{"self":[{"href":"https:\/\/astos.cz\/en\/wp-json\/wp\/v2\/pages\/4847"}],"collection":[{"href":"https:\/\/astos.cz\/en\/wp-json\/wp\/v2\/pages"}],"about":[{"href":"https:\/\/astos.cz\/en\/wp-json\/wp\/v2\/types\/page"}],"author":[{"embeddable":true,"href":"https:\/\/astos.cz\/en\/wp-json\/wp\/v2\/users\/6"}],"replies":[{"embeddable":true,"href":"https:\/\/astos.cz\/en\/wp-json\/wp\/v2\/comments?post=4847"}],"version-history":[{"count":16,"href":"https:\/\/astos.cz\/en\/wp-json\/wp\/v2\/pages\/4847\/revisions"}],"predecessor-version":[{"id":12495,"href":"https:\/\/astos.cz\/en\/wp-json\/wp\/v2\/pages\/4847\/revisions\/12495"}],"up":[{"embeddable":true,"href":"https:\/\/astos.cz\/en\/wp-json\/wp\/v2\/pages\/4654"}],"wp:attachment":[{"href":"https:\/\/astos.cz\/en\/wp-json\/wp\/v2\/media?parent=4847"}],"wp:term":[{"taxonomy":"category","embeddable":true,"href":"https:\/\/astos.cz\/en\/wp-json\/wp\/v2\/categories?post=4847"},{"taxonomy":"post_tag","embeddable":true,"href":"https:\/\/astos.cz\/en\/wp-json\/wp\/v2\/tags?post=4847"}],"curies":[{"name":"wp","href":"https:\/\/api.w.org\/{rel}","templated":true}]}}