{"id":4831,"date":"2016-03-04T11:03:09","date_gmt":"2016-03-04T10:03:09","guid":{"rendered":"https:\/\/astos.cz\/en\/nase-vyrobky\/krytovani-stroju\/kb-kabiny-a-krytovani-vyrobnich-linek\/"},"modified":"2022-04-20T12:11:17","modified_gmt":"2022-04-20T11:11:17","slug":"kb-kabiny-a-krytovani-vyrobnich-linek","status":"publish","type":"page","link":"https:\/\/astos.cz\/en\/nase-vyrobky\/krytovani-stroju\/kb-kabiny-a-krytovani-vyrobnich-linek\/","title":{"rendered":"KB &#8211; Cabins and cladding of production lines"},"content":{"rendered":"<div id=\"pl-4831\"  class=\"panel-layout\" ><div id=\"pg-4831-0\"  class=\"panel-grid panel-no-style\" ><div id=\"pgc-4831-0-0\"  class=\"panel-grid-cell\" ><div id=\"panel-4831-0-0-0\" class=\"so-panel widget widget_black-studio-tinymce widget_black_studio_tinymce panel-first-child\" data-index=\"0\" ><div class=\"textwidget\"><h3 style=\"margin-top: 0px\">Covering<\/h3>\n<p>Astos Machinery has the experience and hence the ability to solve the very specific and technically advanced solutions for covering not only the working area but also the whole tool machine., ie. machinery housing. As an additional program we supply also the crew cabs. All our tool machine housing and cabs meet the health and safety measures with regard to required puncture resistance. Our products comply with the environmental requirements for exhaust, vapour recovery and air quality. We supply the covering in modern sleek designs. We design and fabricate fences for whole technological units and machinery systems as part of our solution to tool machinery foot print reduction.<\/p>\n<p>If you need further assistance or have any special requirements related to our machine covering  solutions, please do not hesitate<br \/>\nto <a href=\"https:\/\/astos.cz\/en\/kontakty\/dulezite-kontakty\/\">contact our team of experts<\/a>.<\/p>\n<\/div><\/div><div id=\"panel-4831-0-0-1\" class=\"so-panel widget widget_black-studio-tinymce widget_black_studio_tinymce\" data-index=\"1\" ><div class=\"panel-widget-style panel-widget-style-for-4831-0-0-1\" ><div class=\"textwidget\"><p><strong><em>Design solutions<\/em><\/strong><br \/>\n<a href=\"https:\/\/astos.cz\/wp-content\/uploads\/2016\/03\/KB-Kabiny-Junker-Konstrukcni-reseni.jpg\"  rel=\"lightbox[4831] attachment wp-att-5397\"><img class=\"alignnone wp-image-5397\" src=\"https:\/\/astos.cz\/wp-content\/uploads\/2016\/03\/KB-Kabiny-Junker-Konstrukcni-reseni.jpg\" alt=\"KB-Kabiny-Junker-Konstrukcni-reseni\" width=\"819\" height=\"460\" \/><\/a><\/p>\n<\/div><\/div><\/div><div id=\"panel-4831-0-0-2\" class=\"so-panel widget widget_black-studio-tinymce widget_black_studio_tinymce panel-last-child\" data-index=\"2\" ><div class=\"textwidget\"><p><strong><em>Realization<\/em><\/strong><br \/>\n<a href=\"https:\/\/astos.cz\/wp-content\/uploads\/2016\/03\/KB-Kabiny-Junker-Realizace.jpg\"  rel=\"lightbox[4831] attachment wp-att-5397\"><img class=\"alignnone wp-image-5403\" src=\"https:\/\/astos.cz\/wp-content\/uploads\/2016\/03\/KB-Kabiny-Junker-Realizace.jpg\" alt=\"Junker realizace\" width=\"819\" height=\"460\" \/><\/a><\/p>\n<\/div><\/div><\/div><\/div><\/div>","protected":false},"excerpt":{"rendered":"<p>Astos Machinery has the experience and hence the ability to solve the very specific and technically advanced<\/p>\n","protected":false},"author":6,"featured_media":4834,"parent":4799,"menu_order":0,"comment_status":"closed","ping_status":"closed","template":"","meta":[],"categories":[109],"tags":[],"yoast_head":"<!-- This site is optimized with the Yoast SEO plugin v18.5.1 - https:\/\/yoast.com\/wordpress\/plugins\/seo\/ -->\n<title>KB - Cabins and cladding of production lines | ASTOS Machinery<\/title>\n<meta name=\"robots\" content=\"index, follow, max-snippet:-1, max-image-preview:large, max-video-preview:-1\" \/>\n<link rel=\"canonical\" href=\"https:\/\/astos.cz\/en\/nase-vyrobky\/krytovani-stroju\/kb-kabiny-a-krytovani-vyrobnich-linek\/\" \/>\n<meta property=\"og:locale\" content=\"en_US\" \/>\n<meta property=\"og:type\" content=\"article\" \/>\n<meta property=\"og:title\" content=\"KB - Cabins and cladding of production lines | ASTOS Machinery\" \/>\n<meta property=\"og:description\" content=\"Astos Machinery has the experience and hence the ability to solve the very specific and technically advanced\" \/>\n<meta property=\"og:url\" content=\"https:\/\/astos.cz\/en\/nase-vyrobky\/krytovani-stroju\/kb-kabiny-a-krytovani-vyrobnich-linek\/\" \/>\n<meta property=\"og:site_name\" content=\"ASTOS Machinery\" \/>\n<meta property=\"article:modified_time\" content=\"2022-04-20T11:11:17+00:00\" \/>\n<meta property=\"og:image\" content=\"https:\/\/astos.cz\/wp-content\/uploads\/2016\/03\/KB-Kabiny-vyrobnich-linek.jpg\" \/>\n\t<meta property=\"og:image:width\" content=\"700\" \/>\n\t<meta property=\"og:image:height\" content=\"450\" \/>\n\t<meta property=\"og:image:type\" content=\"image\/jpeg\" \/>\n<meta name=\"twitter:card\" content=\"summary\" \/>\n<meta name=\"twitter:label1\" content=\"Est. reading time\" \/>\n\t<meta name=\"twitter:data1\" content=\"1 minute\" \/>\n<script type=\"application\/ld+json\" class=\"yoast-schema-graph\">{\"@context\":\"https:\/\/schema.org\",\"@graph\":[{\"@type\":\"WebSite\",\"@id\":\"https:\/\/astos.cz\/#website\",\"url\":\"https:\/\/astos.cz\/\",\"name\":\"ASTOS Machinery\",\"description\":\"Specialista na dopravn\u00edkov\u00e9 syst\u00e9my a krytov\u00e1n\u00ed stroj\u016f\",\"potentialAction\":[{\"@type\":\"SearchAction\",\"target\":{\"@type\":\"EntryPoint\",\"urlTemplate\":\"https:\/\/astos.cz\/?s={search_term_string}\"},\"query-input\":\"required name=search_term_string\"}],\"inLanguage\":\"en-US\"},{\"@type\":\"ImageObject\",\"@id\":\"https:\/\/astos.cz\/en\/nase-vyrobky\/krytovani-stroju\/kb-kabiny-a-krytovani-vyrobnich-linek\/#primaryimage\",\"inLanguage\":\"en-US\",\"url\":\"https:\/\/astos.cz\/wp-content\/uploads\/2016\/03\/KB-Kabiny-vyrobnich-linek.jpg\",\"contentUrl\":\"https:\/\/astos.cz\/wp-content\/uploads\/2016\/03\/KB-Kabiny-vyrobnich-linek.jpg\",\"width\":700,\"height\":450},{\"@type\":\"WebPage\",\"@id\":\"https:\/\/astos.cz\/en\/nase-vyrobky\/krytovani-stroju\/kb-kabiny-a-krytovani-vyrobnich-linek\/#webpage\",\"url\":\"https:\/\/astos.cz\/en\/nase-vyrobky\/krytovani-stroju\/kb-kabiny-a-krytovani-vyrobnich-linek\/\",\"name\":\"KB - Cabins and cladding of production lines | ASTOS Machinery\",\"isPartOf\":{\"@id\":\"https:\/\/astos.cz\/#website\"},\"primaryImageOfPage\":{\"@id\":\"https:\/\/astos.cz\/en\/nase-vyrobky\/krytovani-stroju\/kb-kabiny-a-krytovani-vyrobnich-linek\/#primaryimage\"},\"datePublished\":\"2016-03-04T10:03:09+00:00\",\"dateModified\":\"2022-04-20T11:11:17+00:00\",\"breadcrumb\":{\"@id\":\"https:\/\/astos.cz\/en\/nase-vyrobky\/krytovani-stroju\/kb-kabiny-a-krytovani-vyrobnich-linek\/#breadcrumb\"},\"inLanguage\":\"en-US\",\"potentialAction\":[{\"@type\":\"ReadAction\",\"target\":[\"https:\/\/astos.cz\/en\/nase-vyrobky\/krytovani-stroju\/kb-kabiny-a-krytovani-vyrobnich-linek\/\"]}]},{\"@type\":\"BreadcrumbList\",\"@id\":\"https:\/\/astos.cz\/en\/nase-vyrobky\/krytovani-stroju\/kb-kabiny-a-krytovani-vyrobnich-linek\/#breadcrumb\",\"itemListElement\":[{\"@type\":\"ListItem\",\"position\":1,\"name\":\"Dom\u016f\",\"item\":\"https:\/\/astos.cz\/en\/\"},{\"@type\":\"ListItem\",\"position\":2,\"name\":\"Our Products\",\"item\":\"https:\/\/astos.cz\/en\/nase-vyrobky\/\"},{\"@type\":\"ListItem\",\"position\":3,\"name\":\"Machinery Protective Housing\",\"item\":\"https:\/\/astos.cz\/en\/nase-vyrobky\/krytovani-stroju\/\"},{\"@type\":\"ListItem\",\"position\":4,\"name\":\"KB &#8211; Cabins and cladding of production lines\"}]}]}<\/script>\n<!-- \/ Yoast SEO plugin. -->","yoast_head_json":{"title":"KB - Cabins and cladding of production lines | ASTOS Machinery","robots":{"index":"index","follow":"follow","max-snippet":"max-snippet:-1","max-image-preview":"max-image-preview:large","max-video-preview":"max-video-preview:-1"},"canonical":"https:\/\/astos.cz\/en\/nase-vyrobky\/krytovani-stroju\/kb-kabiny-a-krytovani-vyrobnich-linek\/","og_locale":"en_US","og_type":"article","og_title":"KB - Cabins and cladding of production lines | ASTOS Machinery","og_description":"Astos Machinery has the experience and hence the ability to solve the very specific and technically advanced","og_url":"https:\/\/astos.cz\/en\/nase-vyrobky\/krytovani-stroju\/kb-kabiny-a-krytovani-vyrobnich-linek\/","og_site_name":"ASTOS Machinery","article_modified_time":"2022-04-20T11:11:17+00:00","og_image":[{"width":700,"height":450,"url":"https:\/\/astos.cz\/wp-content\/uploads\/2016\/03\/KB-Kabiny-vyrobnich-linek.jpg","type":"image\/jpeg"}],"twitter_card":"summary","twitter_misc":{"Est. reading time":"1 minute"},"schema":{"@context":"https:\/\/schema.org","@graph":[{"@type":"WebSite","@id":"https:\/\/astos.cz\/#website","url":"https:\/\/astos.cz\/","name":"ASTOS Machinery","description":"Specialista na dopravn\u00edkov\u00e9 syst\u00e9my a krytov\u00e1n\u00ed stroj\u016f","potentialAction":[{"@type":"SearchAction","target":{"@type":"EntryPoint","urlTemplate":"https:\/\/astos.cz\/?s={search_term_string}"},"query-input":"required name=search_term_string"}],"inLanguage":"en-US"},{"@type":"ImageObject","@id":"https:\/\/astos.cz\/en\/nase-vyrobky\/krytovani-stroju\/kb-kabiny-a-krytovani-vyrobnich-linek\/#primaryimage","inLanguage":"en-US","url":"https:\/\/astos.cz\/wp-content\/uploads\/2016\/03\/KB-Kabiny-vyrobnich-linek.jpg","contentUrl":"https:\/\/astos.cz\/wp-content\/uploads\/2016\/03\/KB-Kabiny-vyrobnich-linek.jpg","width":700,"height":450},{"@type":"WebPage","@id":"https:\/\/astos.cz\/en\/nase-vyrobky\/krytovani-stroju\/kb-kabiny-a-krytovani-vyrobnich-linek\/#webpage","url":"https:\/\/astos.cz\/en\/nase-vyrobky\/krytovani-stroju\/kb-kabiny-a-krytovani-vyrobnich-linek\/","name":"KB - Cabins and cladding of production lines | ASTOS Machinery","isPartOf":{"@id":"https:\/\/astos.cz\/#website"},"primaryImageOfPage":{"@id":"https:\/\/astos.cz\/en\/nase-vyrobky\/krytovani-stroju\/kb-kabiny-a-krytovani-vyrobnich-linek\/#primaryimage"},"datePublished":"2016-03-04T10:03:09+00:00","dateModified":"2022-04-20T11:11:17+00:00","breadcrumb":{"@id":"https:\/\/astos.cz\/en\/nase-vyrobky\/krytovani-stroju\/kb-kabiny-a-krytovani-vyrobnich-linek\/#breadcrumb"},"inLanguage":"en-US","potentialAction":[{"@type":"ReadAction","target":["https:\/\/astos.cz\/en\/nase-vyrobky\/krytovani-stroju\/kb-kabiny-a-krytovani-vyrobnich-linek\/"]}]},{"@type":"BreadcrumbList","@id":"https:\/\/astos.cz\/en\/nase-vyrobky\/krytovani-stroju\/kb-kabiny-a-krytovani-vyrobnich-linek\/#breadcrumb","itemListElement":[{"@type":"ListItem","position":1,"name":"Dom\u016f","item":"https:\/\/astos.cz\/en\/"},{"@type":"ListItem","position":2,"name":"Our Products","item":"https:\/\/astos.cz\/en\/nase-vyrobky\/"},{"@type":"ListItem","position":3,"name":"Machinery Protective Housing","item":"https:\/\/astos.cz\/en\/nase-vyrobky\/krytovani-stroju\/"},{"@type":"ListItem","position":4,"name":"KB &#8211; Cabins and cladding of production lines"}]}]}},"_links":{"self":[{"href":"https:\/\/astos.cz\/en\/wp-json\/wp\/v2\/pages\/4831"}],"collection":[{"href":"https:\/\/astos.cz\/en\/wp-json\/wp\/v2\/pages"}],"about":[{"href":"https:\/\/astos.cz\/en\/wp-json\/wp\/v2\/types\/page"}],"author":[{"embeddable":true,"href":"https:\/\/astos.cz\/en\/wp-json\/wp\/v2\/users\/6"}],"replies":[{"embeddable":true,"href":"https:\/\/astos.cz\/en\/wp-json\/wp\/v2\/comments?post=4831"}],"version-history":[{"count":12,"href":"https:\/\/astos.cz\/en\/wp-json\/wp\/v2\/pages\/4831\/revisions"}],"predecessor-version":[{"id":9790,"href":"https:\/\/astos.cz\/en\/wp-json\/wp\/v2\/pages\/4831\/revisions\/9790"}],"up":[{"embeddable":true,"href":"https:\/\/astos.cz\/en\/wp-json\/wp\/v2\/pages\/4799"}],"wp:featuredmedia":[{"embeddable":true,"href":"https:\/\/astos.cz\/en\/wp-json\/wp\/v2\/media\/4834"}],"wp:attachment":[{"href":"https:\/\/astos.cz\/en\/wp-json\/wp\/v2\/media?parent=4831"}],"wp:term":[{"taxonomy":"category","embeddable":true,"href":"https:\/\/astos.cz\/en\/wp-json\/wp\/v2\/categories?post=4831"},{"taxonomy":"post_tag","embeddable":true,"href":"https:\/\/astos.cz\/en\/wp-json\/wp\/v2\/tags?post=4831"}],"curies":[{"name":"wp","href":"https:\/\/api.w.org\/{rel}","templated":true}]}}