{"id":4823,"date":"2016-03-04T10:58:51","date_gmt":"2016-03-04T09:58:51","guid":{"rendered":"https:\/\/astos.cz\/en\/nase-vyrobky\/krytovani-stroju\/ks-oplasteni-obrabecich-stroju\/"},"modified":"2022-04-20T12:10:17","modified_gmt":"2022-04-20T11:10:17","slug":"ks-oplasteni-obrabecich-stroju","status":"publish","type":"page","link":"https:\/\/astos.cz\/en\/nase-vyrobky\/krytovani-stroju\/ks-oplasteni-obrabecich-stroju\/","title":{"rendered":"KS &#8211; Machinery Covering"},"content":{"rendered":"<div id=\"pl-4823\"  class=\"panel-layout\" ><div id=\"pg-4823-0\"  class=\"panel-grid panel-no-style\" ><div id=\"pgc-4823-0-0\"  class=\"panel-grid-cell\" ><div id=\"panel-4823-0-0-0\" class=\"so-panel widget widget_siteorigin-panels-builder panel-first-child\" data-index=\"0\" ><div class=\"panel-widget-style panel-widget-style-for-4823-0-0-0\" ><div id=\"pl-w625fea10b2e52\"  class=\"panel-layout\" ><div id=\"pg-w625fea10b2e52-0\"  class=\"panel-grid panel-no-style\" ><div id=\"pgc-w625fea10b2e52-0-0\"  class=\"panel-grid-cell\" ><div id=\"panel-w625fea10b2e52-0-0-0\" class=\"so-panel widget widget_black-studio-tinymce widget_black_studio_tinymce panel-first-child panel-last-child\" data-index=\"0\" ><div class=\"textwidget\"><h3 style=\"margin-top: 0px\">Protective cladding<\/h3>\n<p><strong>Protective cladding<\/strong> for tool machinery is the common solution to the machine covering. Based on our experience we design and manufacture cladding which is effortless and quick to dismantle, provides an easy access for repair and maintenance. We deliver the modern design which stresses the singularity of the machine while complying with all health and safety requirements. Astos Machinery a.s. proved to be chosen protective machine covering manufacturer of many tool machine suppliers and owners and successfully completed commissions for various types of cladding.<\/p>\n<p>If you need further assistance or have any special requirements related to our machine cladding solutions, please do not hesitate to <a href=\"https:\/\/astos.cz\/en\/kontakty\/dulezite-kontakty\/\">contact our team of experts<\/a>.<\/p>\n<\/div><\/div><\/div><div id=\"pgc-w625fea10b2e52-0-1\"  class=\"panel-grid-cell\" ><div id=\"panel-w625fea10b2e52-0-1-0\" class=\"so-panel widget widget_black-studio-tinymce widget_black_studio_tinymce panel-first-child panel-last-child\" data-index=\"1\" ><div class=\"textwidget\"><p><a href=\"https:\/\/astos.cz\/wp-content\/uploads\/2016\/03\/WHN-Realizace.jpg\"  rel=\"lightbox[4823] attachment wp-att-5340\"><img class=\"alignleft size-full wp-image-5340\" src=\"https:\/\/astos.cz\/wp-content\/uploads\/2016\/03\/WHN-Realizace.jpg\" alt=\"WHN-Realizace\" width=\"410\" height=\"230\" \/><\/a><\/p>\n<\/div><\/div><\/div><\/div><\/div><\/div><\/div><div id=\"panel-4823-0-0-1\" class=\"so-panel widget widget_black-studio-tinymce widget_black_studio_tinymce panel-last-child\" data-index=\"1\" ><div class=\"textwidget\"><p><a href=\"https:\/\/astos.cz\/wp-content\/uploads\/2016\/03\/WHN-render.jpg\"  rel=\"lightbox[4823] attachment wp-att-5334\"><img class=\"alignleft wp-image-5334\" src=\"https:\/\/astos.cz\/wp-content\/uploads\/2016\/03\/WHN-render.jpg\" alt=\"WHN-render\" width=\"820\" height=\"460\" \/><\/a><\/p>\n<\/div><\/div><\/div><\/div><\/div>","protected":false},"excerpt":{"rendered":"<p>Protective cladding for tool machinery is the common solution to the machine covering. Based on our experience<\/p>\n","protected":false},"author":6,"featured_media":5335,"parent":4799,"menu_order":0,"comment_status":"closed","ping_status":"closed","template":"","meta":[],"categories":[109],"tags":[],"yoast_head":"<!-- This site is optimized with the Yoast SEO plugin v18.5.1 - https:\/\/yoast.com\/wordpress\/plugins\/seo\/ -->\n<title>KS - Machinery Covering | ASTOS Machinery<\/title>\n<meta name=\"robots\" content=\"index, follow, max-snippet:-1, max-image-preview:large, max-video-preview:-1\" \/>\n<link rel=\"canonical\" href=\"https:\/\/astos.cz\/en\/nase-vyrobky\/krytovani-stroju\/ks-oplasteni-obrabecich-stroju\/\" \/>\n<meta property=\"og:locale\" content=\"en_US\" \/>\n<meta property=\"og:type\" content=\"article\" \/>\n<meta property=\"og:title\" content=\"KS - Machinery Covering | ASTOS Machinery\" \/>\n<meta property=\"og:description\" content=\"Protective cladding for tool machinery is the common solution to the machine covering. Based on our experience\" \/>\n<meta property=\"og:url\" content=\"https:\/\/astos.cz\/en\/nase-vyrobky\/krytovani-stroju\/ks-oplasteni-obrabecich-stroju\/\" \/>\n<meta property=\"og:site_name\" content=\"ASTOS Machinery\" \/>\n<meta property=\"article:modified_time\" content=\"2022-04-20T11:10:17+00:00\" \/>\n<meta property=\"og:image\" content=\"https:\/\/astos.cz\/wp-content\/uploads\/2016\/03\/WHN-render.jpg\" \/>\n\t<meta property=\"og:image:width\" content=\"1140\" \/>\n\t<meta property=\"og:image:height\" content=\"640\" \/>\n\t<meta property=\"og:image:type\" content=\"image\/jpeg\" \/>\n<meta name=\"twitter:card\" content=\"summary\" \/>\n<meta name=\"twitter:label1\" content=\"Est. reading time\" \/>\n\t<meta name=\"twitter:data1\" content=\"1 minute\" \/>\n<script type=\"application\/ld+json\" class=\"yoast-schema-graph\">{\"@context\":\"https:\/\/schema.org\",\"@graph\":[{\"@type\":\"WebSite\",\"@id\":\"https:\/\/astos.cz\/#website\",\"url\":\"https:\/\/astos.cz\/\",\"name\":\"ASTOS Machinery\",\"description\":\"Specialista na dopravn\u00edkov\u00e9 syst\u00e9my a krytov\u00e1n\u00ed stroj\u016f\",\"potentialAction\":[{\"@type\":\"SearchAction\",\"target\":{\"@type\":\"EntryPoint\",\"urlTemplate\":\"https:\/\/astos.cz\/?s={search_term_string}\"},\"query-input\":\"required name=search_term_string\"}],\"inLanguage\":\"en-US\"},{\"@type\":\"ImageObject\",\"@id\":\"https:\/\/astos.cz\/en\/nase-vyrobky\/krytovani-stroju\/ks-oplasteni-obrabecich-stroju\/#primaryimage\",\"inLanguage\":\"en-US\",\"url\":\"https:\/\/astos.cz\/wp-content\/uploads\/2016\/03\/WHN-render.jpg\",\"contentUrl\":\"https:\/\/astos.cz\/wp-content\/uploads\/2016\/03\/WHN-render.jpg\",\"width\":1140,\"height\":640},{\"@type\":\"WebPage\",\"@id\":\"https:\/\/astos.cz\/en\/nase-vyrobky\/krytovani-stroju\/ks-oplasteni-obrabecich-stroju\/#webpage\",\"url\":\"https:\/\/astos.cz\/en\/nase-vyrobky\/krytovani-stroju\/ks-oplasteni-obrabecich-stroju\/\",\"name\":\"KS - Machinery Covering | ASTOS Machinery\",\"isPartOf\":{\"@id\":\"https:\/\/astos.cz\/#website\"},\"primaryImageOfPage\":{\"@id\":\"https:\/\/astos.cz\/en\/nase-vyrobky\/krytovani-stroju\/ks-oplasteni-obrabecich-stroju\/#primaryimage\"},\"datePublished\":\"2016-03-04T09:58:51+00:00\",\"dateModified\":\"2022-04-20T11:10:17+00:00\",\"breadcrumb\":{\"@id\":\"https:\/\/astos.cz\/en\/nase-vyrobky\/krytovani-stroju\/ks-oplasteni-obrabecich-stroju\/#breadcrumb\"},\"inLanguage\":\"en-US\",\"potentialAction\":[{\"@type\":\"ReadAction\",\"target\":[\"https:\/\/astos.cz\/en\/nase-vyrobky\/krytovani-stroju\/ks-oplasteni-obrabecich-stroju\/\"]}]},{\"@type\":\"BreadcrumbList\",\"@id\":\"https:\/\/astos.cz\/en\/nase-vyrobky\/krytovani-stroju\/ks-oplasteni-obrabecich-stroju\/#breadcrumb\",\"itemListElement\":[{\"@type\":\"ListItem\",\"position\":1,\"name\":\"Dom\u016f\",\"item\":\"https:\/\/astos.cz\/en\/\"},{\"@type\":\"ListItem\",\"position\":2,\"name\":\"Our Products\",\"item\":\"https:\/\/astos.cz\/en\/nase-vyrobky\/\"},{\"@type\":\"ListItem\",\"position\":3,\"name\":\"Machinery Protective Housing\",\"item\":\"https:\/\/astos.cz\/en\/nase-vyrobky\/krytovani-stroju\/\"},{\"@type\":\"ListItem\",\"position\":4,\"name\":\"KS &#8211; Machinery Covering\"}]}]}<\/script>\n<!-- \/ Yoast SEO plugin. -->","yoast_head_json":{"title":"KS - Machinery Covering | ASTOS Machinery","robots":{"index":"index","follow":"follow","max-snippet":"max-snippet:-1","max-image-preview":"max-image-preview:large","max-video-preview":"max-video-preview:-1"},"canonical":"https:\/\/astos.cz\/en\/nase-vyrobky\/krytovani-stroju\/ks-oplasteni-obrabecich-stroju\/","og_locale":"en_US","og_type":"article","og_title":"KS - Machinery Covering | ASTOS Machinery","og_description":"Protective cladding for tool machinery is the common solution to the machine covering. Based on our experience","og_url":"https:\/\/astos.cz\/en\/nase-vyrobky\/krytovani-stroju\/ks-oplasteni-obrabecich-stroju\/","og_site_name":"ASTOS Machinery","article_modified_time":"2022-04-20T11:10:17+00:00","og_image":[{"width":1140,"height":640,"url":"https:\/\/astos.cz\/wp-content\/uploads\/2016\/03\/WHN-render.jpg","type":"image\/jpeg"}],"twitter_card":"summary","twitter_misc":{"Est. reading time":"1 minute"},"schema":{"@context":"https:\/\/schema.org","@graph":[{"@type":"WebSite","@id":"https:\/\/astos.cz\/#website","url":"https:\/\/astos.cz\/","name":"ASTOS Machinery","description":"Specialista na dopravn\u00edkov\u00e9 syst\u00e9my a krytov\u00e1n\u00ed stroj\u016f","potentialAction":[{"@type":"SearchAction","target":{"@type":"EntryPoint","urlTemplate":"https:\/\/astos.cz\/?s={search_term_string}"},"query-input":"required name=search_term_string"}],"inLanguage":"en-US"},{"@type":"ImageObject","@id":"https:\/\/astos.cz\/en\/nase-vyrobky\/krytovani-stroju\/ks-oplasteni-obrabecich-stroju\/#primaryimage","inLanguage":"en-US","url":"https:\/\/astos.cz\/wp-content\/uploads\/2016\/03\/WHN-render.jpg","contentUrl":"https:\/\/astos.cz\/wp-content\/uploads\/2016\/03\/WHN-render.jpg","width":1140,"height":640},{"@type":"WebPage","@id":"https:\/\/astos.cz\/en\/nase-vyrobky\/krytovani-stroju\/ks-oplasteni-obrabecich-stroju\/#webpage","url":"https:\/\/astos.cz\/en\/nase-vyrobky\/krytovani-stroju\/ks-oplasteni-obrabecich-stroju\/","name":"KS - Machinery Covering | ASTOS Machinery","isPartOf":{"@id":"https:\/\/astos.cz\/#website"},"primaryImageOfPage":{"@id":"https:\/\/astos.cz\/en\/nase-vyrobky\/krytovani-stroju\/ks-oplasteni-obrabecich-stroju\/#primaryimage"},"datePublished":"2016-03-04T09:58:51+00:00","dateModified":"2022-04-20T11:10:17+00:00","breadcrumb":{"@id":"https:\/\/astos.cz\/en\/nase-vyrobky\/krytovani-stroju\/ks-oplasteni-obrabecich-stroju\/#breadcrumb"},"inLanguage":"en-US","potentialAction":[{"@type":"ReadAction","target":["https:\/\/astos.cz\/en\/nase-vyrobky\/krytovani-stroju\/ks-oplasteni-obrabecich-stroju\/"]}]},{"@type":"BreadcrumbList","@id":"https:\/\/astos.cz\/en\/nase-vyrobky\/krytovani-stroju\/ks-oplasteni-obrabecich-stroju\/#breadcrumb","itemListElement":[{"@type":"ListItem","position":1,"name":"Dom\u016f","item":"https:\/\/astos.cz\/en\/"},{"@type":"ListItem","position":2,"name":"Our Products","item":"https:\/\/astos.cz\/en\/nase-vyrobky\/"},{"@type":"ListItem","position":3,"name":"Machinery Protective Housing","item":"https:\/\/astos.cz\/en\/nase-vyrobky\/krytovani-stroju\/"},{"@type":"ListItem","position":4,"name":"KS &#8211; Machinery Covering"}]}]}},"_links":{"self":[{"href":"https:\/\/astos.cz\/en\/wp-json\/wp\/v2\/pages\/4823"}],"collection":[{"href":"https:\/\/astos.cz\/en\/wp-json\/wp\/v2\/pages"}],"about":[{"href":"https:\/\/astos.cz\/en\/wp-json\/wp\/v2\/types\/page"}],"author":[{"embeddable":true,"href":"https:\/\/astos.cz\/en\/wp-json\/wp\/v2\/users\/6"}],"replies":[{"embeddable":true,"href":"https:\/\/astos.cz\/en\/wp-json\/wp\/v2\/comments?post=4823"}],"version-history":[{"count":10,"href":"https:\/\/astos.cz\/en\/wp-json\/wp\/v2\/pages\/4823\/revisions"}],"predecessor-version":[{"id":9789,"href":"https:\/\/astos.cz\/en\/wp-json\/wp\/v2\/pages\/4823\/revisions\/9789"}],"up":[{"embeddable":true,"href":"https:\/\/astos.cz\/en\/wp-json\/wp\/v2\/pages\/4799"}],"wp:featuredmedia":[{"embeddable":true,"href":"https:\/\/astos.cz\/en\/wp-json\/wp\/v2\/media\/5335"}],"wp:attachment":[{"href":"https:\/\/astos.cz\/en\/wp-json\/wp\/v2\/media?parent=4823"}],"wp:term":[{"taxonomy":"category","embeddable":true,"href":"https:\/\/astos.cz\/en\/wp-json\/wp\/v2\/categories?post=4823"},{"taxonomy":"post_tag","embeddable":true,"href":"https:\/\/astos.cz\/en\/wp-json\/wp\/v2\/tags?post=4823"}],"curies":[{"name":"wp","href":"https:\/\/api.w.org\/{rel}","templated":true}]}}