{"id":4804,"date":"2016-03-04T10:39:44","date_gmt":"2016-03-04T09:39:44","guid":{"rendered":"https:\/\/astos.cz\/en\/nase-vyrobky\/krytovani-stroju\/kk-krytovani-obrabecich-stroju\/"},"modified":"2022-04-20T12:07:51","modified_gmt":"2022-04-20T11:07:51","slug":"kk-krytovani-obrabecich-stroju","status":"publish","type":"page","link":"https:\/\/astos.cz\/en\/nase-vyrobky\/krytovani-stroju\/kk-krytovani-obrabecich-stroju\/","title":{"rendered":"KK &#8211; Tool Machinery Protective Housing"},"content":{"rendered":"<div id=\"pl-4804\"  class=\"panel-layout\" ><div id=\"pg-4804-0\"  class=\"panel-grid panel-no-style\" ><div id=\"pgc-4804-0-0\"  class=\"panel-grid-cell\" ><div id=\"panel-4804-0-0-0\" class=\"so-panel widget widget_black-studio-tinymce widget_black_studio_tinymce panel-first-child panel-last-child\" data-index=\"0\" ><div class=\"panel-widget-style panel-widget-style-for-4804-0-0-0\" ><div class=\"textwidget\"><h3 style=\"margin-top: 0px;\">Tool machinery protective guards and enclosures<\/h3>\n<p>Thanks to its extensive design and manufacturing experience ASTOS Machinery produces bespoke tool machinery enclosures and guards to the highest standards and customer\u2019s specific requirements. The wide range of protective machine guarding solutions includes:<\/p>\n<ul>\n<li><strong>Guards for CNC machinery<\/strong><\/li>\n<li><strong>Stationary and mobile protective housing<\/strong><\/li>\n<li><strong>Enclosures for the entire production lines<\/strong><\/li>\n<\/ul>\n<p>Our tool machinery protective enclosures are turnkey solutions to meet specific requirements of machine tool design. Our typical customers are the suppliers of small to medium sized CNC multi axis machines, large vertical lathes, horizontal boring machines, grinding machines and machinery production lines.<\/p>\n<p>We are able to supply a modern design (including the study) for complete system. Our product saves so on foot print of the machinery, down time and overall costs. ASTOS Machinery manufactures machinery protective enclosures also to customer\u2019s technical specification. Our vast experience in supplying the protective steel covers, enclosures and housing for machine tool manufacturers worldwide means,  we are an acknowledged and proved business partner in the field.<\/p>\n<p><a href=\"https:\/\/astos.cz\/wp-content\/uploads\/2016\/03\/Realizace-krytovani-Hulin-orez.jpg\"  rel=\"lightbox[4804] attachment wp-att-5312\"><img class=\"alignnone wp-image-5312\" src=\"https:\/\/astos.cz\/wp-content\/uploads\/2016\/03\/Realizace-krytovani-Hulin-orez.jpg\" alt=\"Realizace-krytovani-Hulin-orez\" width=\"820\" height=\"460\" \/><\/a><\/p>\n<p>Based on our experience we are able to deliver solutions to very definite demands of users of specific technologies, (such as electro erosion tool machine \u2013 see picture below).<\/p>\n<p>The very specialized demands require solutions which provide answer to health and safety and environmental issues. The focus is primarily on the tightness of the enclosure to protect operators as well as expensive machinery. Important are various switches, glass see through, door closers, mechanical resistance, noise insulation, vapour recovery, air condition etc.<\/p>\n<\/div><\/div><\/div><\/div><\/div><div id=\"pg-4804-1\"  class=\"panel-grid panel-no-style\" ><div id=\"pgc-4804-1-0\"  class=\"panel-grid-cell\" ><div id=\"panel-4804-1-0-0\" class=\"so-panel widget widget_black-studio-tinymce widget_black_studio_tinymce panel-first-child\" data-index=\"1\" ><div class=\"panel-widget-style panel-widget-style-for-4804-1-0-0\" ><div class=\"textwidget\"><h4 class=\"alternative-heading\">Covering of electro - erosive machine including telescopic covers<\/h4>\n<\/div><\/div><\/div><div id=\"panel-4804-1-0-1\" class=\"so-panel widget widget_siteorigin-panels-builder panel-last-child\" data-index=\"2\" ><div id=\"pl-w625fe980bf082\"  class=\"panel-layout\" ><div id=\"pg-w625fe980bf082-0\"  class=\"panel-grid panel-no-style\" ><div id=\"pgc-w625fe980bf082-0-0\"  class=\"panel-grid-cell\" ><div id=\"panel-w625fe980bf082-0-0-0\" class=\"so-panel widget widget_black-studio-tinymce widget_black_studio_tinymce panel-first-child panel-last-child\" data-index=\"0\" ><div class=\"panel-widget-style panel-widget-style-for-w625fe980bf082-0-0-0\" ><div class=\"textwidget\"><p><strong><em>from a design\u2026<\/em><\/strong><\/p>\n<p><a href=\"https:\/\/astos.cz\/wp-content\/uploads\/2016\/03\/KK-Krytovani-obrabecich-stroju-2.jpg\"  rel=\"lightbox[4804] attachment wp-att-3374\"><img class=\"alignnone wp-image-3374\" src=\"https:\/\/astos.cz\/wp-content\/uploads\/2016\/03\/KK-Krytovani-obrabecich-stroju-2.jpg\" alt=\"KK-Krytovani-obrabecich-stroju-2\" width=\"410\" height=\"264\" \/><\/a><\/p>\n<\/div><\/div><\/div><\/div><div id=\"pgc-w625fe980bf082-0-1\"  class=\"panel-grid-cell\" ><div id=\"panel-w625fe980bf082-0-1-0\" class=\"so-panel widget widget_black-studio-tinymce widget_black_studio_tinymce panel-first-child panel-last-child\" data-index=\"1\" ><div class=\"panel-widget-style panel-widget-style-for-w625fe980bf082-0-1-0\" ><div class=\"textwidget\"><p style=\"text-align: right;\"><strong><em>\u2026to the implementation<\/em><\/strong><br \/>\n<a href=\"https:\/\/astos.cz\/wp-content\/uploads\/2016\/03\/KK-Krytovani-obrabecich-stroju.jpg\"  rel=\"lightbox[4804] attachment wp-att-3373\"><img class=\"alignnone wp-image-3373\" src=\"https:\/\/astos.cz\/wp-content\/uploads\/2016\/03\/KK-Krytovani-obrabecich-stroju.jpg\" alt=\"KK-Krytovani-obrabecich-stroju\" width=\"410\" height=\"264\" \/><\/a><\/p>\n<\/div><\/div><\/div><\/div><\/div><div id=\"pg-w625fe980bf082-1\"  class=\"panel-grid panel-no-style\" ><div id=\"pgc-w625fe980bf082-1-0\"  class=\"panel-grid-cell\" ><div id=\"panel-w625fe980bf082-1-0-0\" class=\"so-panel widget widget_black-studio-tinymce widget_black_studio_tinymce panel-first-child panel-last-child\" data-index=\"2\" ><div class=\"textwidget\"><p><strong>a. Machine description<\/strong><br \/>\nSmall foot print, double shell design for safety, security glass, easy access to electrical fittings and systems, covering space for automatic tool exchange, integrated peripherals, easy handling and accessibility by above crane and by fork lift from the front, effortless assembly and disassembly, significant improvement in neatness and appearance of tool machine housing.<\/p>\n<\/div><\/div><\/div><\/div><\/div><\/div><\/div><\/div><div id=\"pg-4804-2\"  class=\"panel-grid panel-no-style\" ><div id=\"pgc-4804-2-0\"  class=\"panel-grid-cell\" ><div id=\"panel-4804-2-0-0\" class=\"so-panel widget widget_black-studio-tinymce widget_black_studio_tinymce panel-first-child panel-last-child\" data-index=\"3\" ><div class=\"textwidget\"><p><a href=\"https:\/\/astos.cz\/wp-content\/uploads\/2016\/03\/KK-Krytovani-obrabecich-stroju-3.jpg\"  rel=\"lightbox[4804] attachment wp-att-3375\"><img class=\"alignnone wp-image-3375\" src=\"https:\/\/astos.cz\/wp-content\/uploads\/2016\/03\/KK-Krytovani-obrabecich-stroju-3.jpg\" alt=\"KK-Krytovani-obrabecich-stroju-3\" width=\"410\" height=\"264\" \/><\/a><\/p>\n<\/div><\/div><\/div><div id=\"pgc-4804-2-1\"  class=\"panel-grid-cell\" ><div id=\"panel-4804-2-1-0\" class=\"so-panel widget widget_black-studio-tinymce widget_black_studio_tinymce panel-first-child panel-last-child\" data-index=\"4\" ><div class=\"textwidget\"><p><strong>b. Specific requirements implemented (BT 1250 Siemens)<\/strong><br \/>\nIn order to provide an access to the worktable and uploading of a large work piece by overhead crane, the top of the enclosure had to be removable. Enclosure fitted with two extraction units which separate oil from the oil mist. Oil is than reused in the machine processing.<\/p>\n<p>If you need further assistance or have any special requirements related to our machine guarding solutions, please do not hesitate to <a href=\"https:\/\/astos.cz\/en\/kontakty\/dulezite-kontakty\/\">contact our team of experts<\/a>.<\/p>\n<\/div><\/div><\/div><\/div><\/div>","protected":false},"excerpt":{"rendered":"<p>Thanks to its extensive design and manufacturing experience ASTOS Machinery produces bespoke tool machinery enclosures<\/p>\n","protected":false},"author":6,"featured_media":4811,"parent":4799,"menu_order":0,"comment_status":"closed","ping_status":"closed","template":"","meta":[],"categories":[109],"tags":[],"yoast_head":"<!-- This site is optimized with the Yoast SEO plugin v18.5.1 - https:\/\/yoast.com\/wordpress\/plugins\/seo\/ -->\n<title>KK - Tool Machinery Protective Housing | ASTOS Machinery<\/title>\n<meta name=\"robots\" content=\"index, follow, max-snippet:-1, max-image-preview:large, max-video-preview:-1\" \/>\n<link rel=\"canonical\" href=\"https:\/\/astos.cz\/en\/nase-vyrobky\/krytovani-stroju\/kk-krytovani-obrabecich-stroju\/\" \/>\n<meta property=\"og:locale\" content=\"en_US\" \/>\n<meta property=\"og:type\" content=\"article\" \/>\n<meta property=\"og:title\" content=\"KK - Tool Machinery Protective Housing | ASTOS Machinery\" \/>\n<meta property=\"og:description\" content=\"Thanks to its extensive design and manufacturing experience ASTOS Machinery produces bespoke tool machinery enclosures\" \/>\n<meta property=\"og:url\" content=\"https:\/\/astos.cz\/en\/nase-vyrobky\/krytovani-stroju\/kk-krytovani-obrabecich-stroju\/\" \/>\n<meta property=\"og:site_name\" content=\"ASTOS Machinery\" \/>\n<meta property=\"article:modified_time\" content=\"2022-04-20T11:07:51+00:00\" \/>\n<meta property=\"og:image\" content=\"https:\/\/astos.cz\/wp-content\/uploads\/2016\/03\/KK-Krytovani-obrabecich-stroju-3.jpg\" \/>\n\t<meta property=\"og:image:width\" content=\"700\" \/>\n\t<meta property=\"og:image:height\" content=\"450\" \/>\n\t<meta property=\"og:image:type\" content=\"image\/jpeg\" \/>\n<meta name=\"twitter:card\" content=\"summary\" \/>\n<meta name=\"twitter:label1\" content=\"Est. reading time\" \/>\n\t<meta name=\"twitter:data1\" content=\"2 minutes\" \/>\n<script type=\"application\/ld+json\" class=\"yoast-schema-graph\">{\"@context\":\"https:\/\/schema.org\",\"@graph\":[{\"@type\":\"WebSite\",\"@id\":\"https:\/\/astos.cz\/#website\",\"url\":\"https:\/\/astos.cz\/\",\"name\":\"ASTOS Machinery\",\"description\":\"Specialista na dopravn\u00edkov\u00e9 syst\u00e9my a krytov\u00e1n\u00ed stroj\u016f\",\"potentialAction\":[{\"@type\":\"SearchAction\",\"target\":{\"@type\":\"EntryPoint\",\"urlTemplate\":\"https:\/\/astos.cz\/?s={search_term_string}\"},\"query-input\":\"required name=search_term_string\"}],\"inLanguage\":\"en-US\"},{\"@type\":\"ImageObject\",\"@id\":\"https:\/\/astos.cz\/en\/nase-vyrobky\/krytovani-stroju\/kk-krytovani-obrabecich-stroju\/#primaryimage\",\"inLanguage\":\"en-US\",\"url\":\"https:\/\/astos.cz\/wp-content\/uploads\/2016\/03\/KK-Krytovani-obrabecich-stroju-3.jpg\",\"contentUrl\":\"https:\/\/astos.cz\/wp-content\/uploads\/2016\/03\/KK-Krytovani-obrabecich-stroju-3.jpg\",\"width\":700,\"height\":450},{\"@type\":\"WebPage\",\"@id\":\"https:\/\/astos.cz\/en\/nase-vyrobky\/krytovani-stroju\/kk-krytovani-obrabecich-stroju\/#webpage\",\"url\":\"https:\/\/astos.cz\/en\/nase-vyrobky\/krytovani-stroju\/kk-krytovani-obrabecich-stroju\/\",\"name\":\"KK - Tool Machinery Protective Housing | ASTOS Machinery\",\"isPartOf\":{\"@id\":\"https:\/\/astos.cz\/#website\"},\"primaryImageOfPage\":{\"@id\":\"https:\/\/astos.cz\/en\/nase-vyrobky\/krytovani-stroju\/kk-krytovani-obrabecich-stroju\/#primaryimage\"},\"datePublished\":\"2016-03-04T09:39:44+00:00\",\"dateModified\":\"2022-04-20T11:07:51+00:00\",\"breadcrumb\":{\"@id\":\"https:\/\/astos.cz\/en\/nase-vyrobky\/krytovani-stroju\/kk-krytovani-obrabecich-stroju\/#breadcrumb\"},\"inLanguage\":\"en-US\",\"potentialAction\":[{\"@type\":\"ReadAction\",\"target\":[\"https:\/\/astos.cz\/en\/nase-vyrobky\/krytovani-stroju\/kk-krytovani-obrabecich-stroju\/\"]}]},{\"@type\":\"BreadcrumbList\",\"@id\":\"https:\/\/astos.cz\/en\/nase-vyrobky\/krytovani-stroju\/kk-krytovani-obrabecich-stroju\/#breadcrumb\",\"itemListElement\":[{\"@type\":\"ListItem\",\"position\":1,\"name\":\"Dom\u016f\",\"item\":\"https:\/\/astos.cz\/en\/\"},{\"@type\":\"ListItem\",\"position\":2,\"name\":\"Our Products\",\"item\":\"https:\/\/astos.cz\/en\/nase-vyrobky\/\"},{\"@type\":\"ListItem\",\"position\":3,\"name\":\"Machinery Protective Housing\",\"item\":\"https:\/\/astos.cz\/en\/nase-vyrobky\/krytovani-stroju\/\"},{\"@type\":\"ListItem\",\"position\":4,\"name\":\"KK &#8211; Tool Machinery Protective Housing\"}]}]}<\/script>\n<!-- \/ Yoast SEO plugin. -->","yoast_head_json":{"title":"KK - Tool Machinery Protective Housing | ASTOS Machinery","robots":{"index":"index","follow":"follow","max-snippet":"max-snippet:-1","max-image-preview":"max-image-preview:large","max-video-preview":"max-video-preview:-1"},"canonical":"https:\/\/astos.cz\/en\/nase-vyrobky\/krytovani-stroju\/kk-krytovani-obrabecich-stroju\/","og_locale":"en_US","og_type":"article","og_title":"KK - Tool Machinery Protective Housing | ASTOS Machinery","og_description":"Thanks to its extensive design and manufacturing experience ASTOS Machinery produces bespoke tool machinery enclosures","og_url":"https:\/\/astos.cz\/en\/nase-vyrobky\/krytovani-stroju\/kk-krytovani-obrabecich-stroju\/","og_site_name":"ASTOS Machinery","article_modified_time":"2022-04-20T11:07:51+00:00","og_image":[{"width":700,"height":450,"url":"https:\/\/astos.cz\/wp-content\/uploads\/2016\/03\/KK-Krytovani-obrabecich-stroju-3.jpg","type":"image\/jpeg"}],"twitter_card":"summary","twitter_misc":{"Est. reading time":"2 minutes"},"schema":{"@context":"https:\/\/schema.org","@graph":[{"@type":"WebSite","@id":"https:\/\/astos.cz\/#website","url":"https:\/\/astos.cz\/","name":"ASTOS Machinery","description":"Specialista na dopravn\u00edkov\u00e9 syst\u00e9my a krytov\u00e1n\u00ed stroj\u016f","potentialAction":[{"@type":"SearchAction","target":{"@type":"EntryPoint","urlTemplate":"https:\/\/astos.cz\/?s={search_term_string}"},"query-input":"required name=search_term_string"}],"inLanguage":"en-US"},{"@type":"ImageObject","@id":"https:\/\/astos.cz\/en\/nase-vyrobky\/krytovani-stroju\/kk-krytovani-obrabecich-stroju\/#primaryimage","inLanguage":"en-US","url":"https:\/\/astos.cz\/wp-content\/uploads\/2016\/03\/KK-Krytovani-obrabecich-stroju-3.jpg","contentUrl":"https:\/\/astos.cz\/wp-content\/uploads\/2016\/03\/KK-Krytovani-obrabecich-stroju-3.jpg","width":700,"height":450},{"@type":"WebPage","@id":"https:\/\/astos.cz\/en\/nase-vyrobky\/krytovani-stroju\/kk-krytovani-obrabecich-stroju\/#webpage","url":"https:\/\/astos.cz\/en\/nase-vyrobky\/krytovani-stroju\/kk-krytovani-obrabecich-stroju\/","name":"KK - Tool Machinery Protective Housing | ASTOS Machinery","isPartOf":{"@id":"https:\/\/astos.cz\/#website"},"primaryImageOfPage":{"@id":"https:\/\/astos.cz\/en\/nase-vyrobky\/krytovani-stroju\/kk-krytovani-obrabecich-stroju\/#primaryimage"},"datePublished":"2016-03-04T09:39:44+00:00","dateModified":"2022-04-20T11:07:51+00:00","breadcrumb":{"@id":"https:\/\/astos.cz\/en\/nase-vyrobky\/krytovani-stroju\/kk-krytovani-obrabecich-stroju\/#breadcrumb"},"inLanguage":"en-US","potentialAction":[{"@type":"ReadAction","target":["https:\/\/astos.cz\/en\/nase-vyrobky\/krytovani-stroju\/kk-krytovani-obrabecich-stroju\/"]}]},{"@type":"BreadcrumbList","@id":"https:\/\/astos.cz\/en\/nase-vyrobky\/krytovani-stroju\/kk-krytovani-obrabecich-stroju\/#breadcrumb","itemListElement":[{"@type":"ListItem","position":1,"name":"Dom\u016f","item":"https:\/\/astos.cz\/en\/"},{"@type":"ListItem","position":2,"name":"Our Products","item":"https:\/\/astos.cz\/en\/nase-vyrobky\/"},{"@type":"ListItem","position":3,"name":"Machinery Protective Housing","item":"https:\/\/astos.cz\/en\/nase-vyrobky\/krytovani-stroju\/"},{"@type":"ListItem","position":4,"name":"KK &#8211; Tool Machinery Protective Housing"}]}]}},"_links":{"self":[{"href":"https:\/\/astos.cz\/en\/wp-json\/wp\/v2\/pages\/4804"}],"collection":[{"href":"https:\/\/astos.cz\/en\/wp-json\/wp\/v2\/pages"}],"about":[{"href":"https:\/\/astos.cz\/en\/wp-json\/wp\/v2\/types\/page"}],"author":[{"embeddable":true,"href":"https:\/\/astos.cz\/en\/wp-json\/wp\/v2\/users\/6"}],"replies":[{"embeddable":true,"href":"https:\/\/astos.cz\/en\/wp-json\/wp\/v2\/comments?post=4804"}],"version-history":[{"count":17,"href":"https:\/\/astos.cz\/en\/wp-json\/wp\/v2\/pages\/4804\/revisions"}],"predecessor-version":[{"id":9774,"href":"https:\/\/astos.cz\/en\/wp-json\/wp\/v2\/pages\/4804\/revisions\/9774"}],"up":[{"embeddable":true,"href":"https:\/\/astos.cz\/en\/wp-json\/wp\/v2\/pages\/4799"}],"wp:featuredmedia":[{"embeddable":true,"href":"https:\/\/astos.cz\/en\/wp-json\/wp\/v2\/media\/4811"}],"wp:attachment":[{"href":"https:\/\/astos.cz\/en\/wp-json\/wp\/v2\/media?parent=4804"}],"wp:term":[{"taxonomy":"category","embeddable":true,"href":"https:\/\/astos.cz\/en\/wp-json\/wp\/v2\/categories?post=4804"},{"taxonomy":"post_tag","embeddable":true,"href":"https:\/\/astos.cz\/en\/wp-json\/wp\/v2\/tags?post=4804"}],"curies":[{"name":"wp","href":"https:\/\/api.w.org\/{rel}","templated":true}]}}