{"id":4744,"date":"2016-03-04T09:49:55","date_gmt":"2016-03-04T08:49:55","guid":{"rendered":"https:\/\/astos.cz\/en\/nase-vyrobky\/filtracni-zarizeni\/ms-magneticke-separatory\/"},"modified":"2022-04-20T07:41:17","modified_gmt":"2022-04-20T06:41:17","slug":"ms-magneticke-separatory","status":"publish","type":"page","link":"https:\/\/astos.cz\/en\/nase-vyrobky\/filtracni-zarizeni\/ms-magneticke-separatory\/","title":{"rendered":"MS &#8211; Magnetic separator"},"content":{"rendered":"<div id=\"pl-4744\"  class=\"panel-layout\" ><div id=\"pg-4744-0\"  class=\"panel-grid panel-no-style\" ><div id=\"pgc-4744-0-0\"  class=\"panel-grid-cell\" ><div id=\"panel-4744-0-0-0\" class=\"so-panel widget widget_black-studio-tinymce widget_black_studio_tinymce panel-first-child panel-last-child\" data-index=\"0\" ><div class=\"textwidget\"><h3 style=\"margin-top: 0px;\">Magnetic separators<\/h3>\n<p>Magnetic separators are designed to remove magnetic metal impurities from the contaminated industrial coolants.<\/p>\n<p><a href=\"https:\/\/astos.cz\/wp-content\/uploads\/2016\/03\/MS-Magneticky-separator.jpg\"  rel=\"lightbox[4744] attachment wp-att-3505\"><img class=\"alignnone wp-image-3505\" src=\"https:\/\/astos.cz\/wp-content\/uploads\/2016\/03\/MS-Magneticky-separator.jpg\" alt=\"MS-Magneticky-separator\" width=\"820\" height=\"460\" \/><\/a><\/p>\n<h4 class=\"alternative-heading\">Categories according to flow capacity<\/h4>\n<p>Magnetic separators are available in two standard models for flow rates:<\/p>\n<ul>\n<li>MS 63 - max. flow 63 l per minute<\/li>\n<li>MS 100 - max. flow 100 l per minute<\/li>\n<\/ul>\n<p>According to customers requirement MS can also be fitted with a tank. Ideal to be combined into a system with a band filter. We offer fabrication of larger magnetic separators. Available in right and left hand versions.<\/p>\n<p>If required, we can manufacture a separator with higher flow capacity.<\/p>\n<p>Dimensions of standard magnetic separators <strong>MS 63 and MS 100<\/strong>.<\/p>\n<p><div id='gallery-1' class='gallery galleryid-4744 gallery-columns-3 gallery-size-medium'><figure class='gallery-item'>\n\t\t\t<div class='gallery-icon landscape'>\n\t\t\t\t<a href='https:\/\/astos.cz\/wp-content\/uploads\/2016\/03\/MS-schema-1-1.jpg' rel=\"lightbox[4744]\"><img width=\"300\" height=\"193\" src=\"https:\/\/astos.cz\/wp-content\/uploads\/2016\/03\/MS-schema-1-1-300x193.jpg\" class=\"attachment-medium size-medium\" alt=\"\" loading=\"lazy\" srcset=\"https:\/\/astos.cz\/wp-content\/uploads\/2016\/03\/MS-schema-1-1-300x193.jpg 300w, https:\/\/astos.cz\/wp-content\/uploads\/2016\/03\/MS-schema-1-1-555x357.jpg 555w, https:\/\/astos.cz\/wp-content\/uploads\/2016\/03\/MS-schema-1-1.jpg 700w\" sizes=\"(max-width: 300px) 100vw, 300px\" \/><\/a>\n\t\t\t<\/div><\/figure><figure class='gallery-item'>\n\t\t\t<div class='gallery-icon landscape'>\n\t\t\t\t<a href='https:\/\/astos.cz\/wp-content\/uploads\/2016\/03\/MS-schema-2-1.jpg' rel=\"lightbox[4744]\"><img width=\"300\" height=\"193\" src=\"https:\/\/astos.cz\/wp-content\/uploads\/2016\/03\/MS-schema-2-1-300x193.jpg\" class=\"attachment-medium size-medium\" alt=\"\" loading=\"lazy\" srcset=\"https:\/\/astos.cz\/wp-content\/uploads\/2016\/03\/MS-schema-2-1-300x193.jpg 300w, https:\/\/astos.cz\/wp-content\/uploads\/2016\/03\/MS-schema-2-1-555x357.jpg 555w, https:\/\/astos.cz\/wp-content\/uploads\/2016\/03\/MS-schema-2-1.jpg 700w\" sizes=\"(max-width: 300px) 100vw, 300px\" \/><\/a>\n\t\t\t<\/div><\/figure><figure class='gallery-item'>\n\t\t\t<div class='gallery-icon landscape'>\n\t\t\t\t<a href='https:\/\/astos.cz\/wp-content\/uploads\/2016\/03\/MS-schema-3-1.jpg' rel=\"lightbox[4744]\"><img width=\"300\" height=\"193\" src=\"https:\/\/astos.cz\/wp-content\/uploads\/2016\/03\/MS-schema-3-1-300x193.jpg\" class=\"attachment-medium size-medium\" alt=\"\" loading=\"lazy\" srcset=\"https:\/\/astos.cz\/wp-content\/uploads\/2016\/03\/MS-schema-3-1-300x193.jpg 300w, https:\/\/astos.cz\/wp-content\/uploads\/2016\/03\/MS-schema-3-1-555x357.jpg 555w, https:\/\/astos.cz\/wp-content\/uploads\/2016\/03\/MS-schema-3-1.jpg 700w\" sizes=\"(max-width: 300px) 100vw, 300px\" \/><\/a>\n\t\t\t<\/div><\/figure>\n\t\t<\/div>\n<\/p>\n<p>If you need further assistance or have any special requirements related to magnetic separators, please do not hesitate to contact our team of experts. <a href=\"https:\/\/astos.cz\/en\/kontakty\/dulezite-kontakty\/\">Contact information.<\/a><\/p>\n<p><a href=\"https:\/\/astos.cz\/en\/ke-stazeni\/poptavkove-formulare\/\">Inquiry form to download here.<\/a><\/p>\n<\/div><\/div><\/div><\/div><\/div>","protected":false},"excerpt":{"rendered":"<p>Magnetic separators are designed to remove magnetic metal impurities from the contaminated<\/p>\n","protected":false},"author":6,"featured_media":4754,"parent":4726,"menu_order":0,"comment_status":"closed","ping_status":"closed","template":"","meta":[],"categories":[108],"tags":[],"yoast_head":"<!-- This site is optimized with the Yoast SEO plugin v18.5.1 - https:\/\/yoast.com\/wordpress\/plugins\/seo\/ -->\n<title>MS - Magnetic separator | ASTOS Machinery<\/title>\n<meta name=\"robots\" content=\"index, follow, max-snippet:-1, max-image-preview:large, max-video-preview:-1\" \/>\n<link rel=\"canonical\" href=\"https:\/\/astos.cz\/en\/nase-vyrobky\/filtracni-zarizeni\/ms-magneticke-separatory\/\" \/>\n<meta property=\"og:locale\" content=\"en_US\" \/>\n<meta property=\"og:type\" content=\"article\" \/>\n<meta property=\"og:title\" content=\"MS - Magnetic separator | ASTOS Machinery\" \/>\n<meta property=\"og:description\" content=\"Magnetic separators are designed to remove magnetic metal impurities from the contaminated\" \/>\n<meta property=\"og:url\" content=\"https:\/\/astos.cz\/en\/nase-vyrobky\/filtracni-zarizeni\/ms-magneticke-separatory\/\" \/>\n<meta property=\"og:site_name\" content=\"ASTOS Machinery\" \/>\n<meta property=\"article:modified_time\" content=\"2022-04-20T06:41:17+00:00\" \/>\n<meta property=\"og:image\" content=\"https:\/\/astos.cz\/wp-content\/uploads\/2016\/03\/MS-Magneticke-separatory.jpg\" \/>\n\t<meta property=\"og:image:width\" content=\"1140\" \/>\n\t<meta property=\"og:image:height\" content=\"640\" \/>\n\t<meta property=\"og:image:type\" content=\"image\/jpeg\" \/>\n<meta name=\"twitter:card\" content=\"summary\" \/>\n<meta name=\"twitter:label1\" content=\"Est. reading time\" \/>\n\t<meta name=\"twitter:data1\" content=\"1 minute\" \/>\n<script type=\"application\/ld+json\" class=\"yoast-schema-graph\">{\"@context\":\"https:\/\/schema.org\",\"@graph\":[{\"@type\":\"WebSite\",\"@id\":\"https:\/\/astos.cz\/#website\",\"url\":\"https:\/\/astos.cz\/\",\"name\":\"ASTOS Machinery\",\"description\":\"Specialista na dopravn\u00edkov\u00e9 syst\u00e9my a krytov\u00e1n\u00ed stroj\u016f\",\"potentialAction\":[{\"@type\":\"SearchAction\",\"target\":{\"@type\":\"EntryPoint\",\"urlTemplate\":\"https:\/\/astos.cz\/?s={search_term_string}\"},\"query-input\":\"required name=search_term_string\"}],\"inLanguage\":\"en-US\"},{\"@type\":\"ImageObject\",\"@id\":\"https:\/\/astos.cz\/en\/nase-vyrobky\/filtracni-zarizeni\/ms-magneticke-separatory\/#primaryimage\",\"inLanguage\":\"en-US\",\"url\":\"https:\/\/astos.cz\/wp-content\/uploads\/2016\/03\/MS-Magneticke-separatory.jpg\",\"contentUrl\":\"https:\/\/astos.cz\/wp-content\/uploads\/2016\/03\/MS-Magneticke-separatory.jpg\",\"width\":1140,\"height\":640},{\"@type\":\"WebPage\",\"@id\":\"https:\/\/astos.cz\/en\/nase-vyrobky\/filtracni-zarizeni\/ms-magneticke-separatory\/#webpage\",\"url\":\"https:\/\/astos.cz\/en\/nase-vyrobky\/filtracni-zarizeni\/ms-magneticke-separatory\/\",\"name\":\"MS - Magnetic separator | ASTOS Machinery\",\"isPartOf\":{\"@id\":\"https:\/\/astos.cz\/#website\"},\"primaryImageOfPage\":{\"@id\":\"https:\/\/astos.cz\/en\/nase-vyrobky\/filtracni-zarizeni\/ms-magneticke-separatory\/#primaryimage\"},\"datePublished\":\"2016-03-04T08:49:55+00:00\",\"dateModified\":\"2022-04-20T06:41:17+00:00\",\"breadcrumb\":{\"@id\":\"https:\/\/astos.cz\/en\/nase-vyrobky\/filtracni-zarizeni\/ms-magneticke-separatory\/#breadcrumb\"},\"inLanguage\":\"en-US\",\"potentialAction\":[{\"@type\":\"ReadAction\",\"target\":[\"https:\/\/astos.cz\/en\/nase-vyrobky\/filtracni-zarizeni\/ms-magneticke-separatory\/\"]}]},{\"@type\":\"BreadcrumbList\",\"@id\":\"https:\/\/astos.cz\/en\/nase-vyrobky\/filtracni-zarizeni\/ms-magneticke-separatory\/#breadcrumb\",\"itemListElement\":[{\"@type\":\"ListItem\",\"position\":1,\"name\":\"Dom\u016f\",\"item\":\"https:\/\/astos.cz\/en\/\"},{\"@type\":\"ListItem\",\"position\":2,\"name\":\"Our Products\",\"item\":\"https:\/\/astos.cz\/en\/nase-vyrobky\/\"},{\"@type\":\"ListItem\",\"position\":3,\"name\":\"Filtration Equipment\",\"item\":\"https:\/\/astos.cz\/en\/nase-vyrobky\/filtracni-zarizeni\/\"},{\"@type\":\"ListItem\",\"position\":4,\"name\":\"MS &#8211; Magnetic separator\"}]}]}<\/script>\n<!-- \/ Yoast SEO plugin. -->","yoast_head_json":{"title":"MS - Magnetic separator | ASTOS Machinery","robots":{"index":"index","follow":"follow","max-snippet":"max-snippet:-1","max-image-preview":"max-image-preview:large","max-video-preview":"max-video-preview:-1"},"canonical":"https:\/\/astos.cz\/en\/nase-vyrobky\/filtracni-zarizeni\/ms-magneticke-separatory\/","og_locale":"en_US","og_type":"article","og_title":"MS - Magnetic separator | ASTOS Machinery","og_description":"Magnetic separators are designed to remove magnetic metal impurities from the contaminated","og_url":"https:\/\/astos.cz\/en\/nase-vyrobky\/filtracni-zarizeni\/ms-magneticke-separatory\/","og_site_name":"ASTOS Machinery","article_modified_time":"2022-04-20T06:41:17+00:00","og_image":[{"width":1140,"height":640,"url":"https:\/\/astos.cz\/wp-content\/uploads\/2016\/03\/MS-Magneticke-separatory.jpg","type":"image\/jpeg"}],"twitter_card":"summary","twitter_misc":{"Est. reading time":"1 minute"},"schema":{"@context":"https:\/\/schema.org","@graph":[{"@type":"WebSite","@id":"https:\/\/astos.cz\/#website","url":"https:\/\/astos.cz\/","name":"ASTOS Machinery","description":"Specialista na dopravn\u00edkov\u00e9 syst\u00e9my a krytov\u00e1n\u00ed stroj\u016f","potentialAction":[{"@type":"SearchAction","target":{"@type":"EntryPoint","urlTemplate":"https:\/\/astos.cz\/?s={search_term_string}"},"query-input":"required name=search_term_string"}],"inLanguage":"en-US"},{"@type":"ImageObject","@id":"https:\/\/astos.cz\/en\/nase-vyrobky\/filtracni-zarizeni\/ms-magneticke-separatory\/#primaryimage","inLanguage":"en-US","url":"https:\/\/astos.cz\/wp-content\/uploads\/2016\/03\/MS-Magneticke-separatory.jpg","contentUrl":"https:\/\/astos.cz\/wp-content\/uploads\/2016\/03\/MS-Magneticke-separatory.jpg","width":1140,"height":640},{"@type":"WebPage","@id":"https:\/\/astos.cz\/en\/nase-vyrobky\/filtracni-zarizeni\/ms-magneticke-separatory\/#webpage","url":"https:\/\/astos.cz\/en\/nase-vyrobky\/filtracni-zarizeni\/ms-magneticke-separatory\/","name":"MS - Magnetic separator | ASTOS Machinery","isPartOf":{"@id":"https:\/\/astos.cz\/#website"},"primaryImageOfPage":{"@id":"https:\/\/astos.cz\/en\/nase-vyrobky\/filtracni-zarizeni\/ms-magneticke-separatory\/#primaryimage"},"datePublished":"2016-03-04T08:49:55+00:00","dateModified":"2022-04-20T06:41:17+00:00","breadcrumb":{"@id":"https:\/\/astos.cz\/en\/nase-vyrobky\/filtracni-zarizeni\/ms-magneticke-separatory\/#breadcrumb"},"inLanguage":"en-US","potentialAction":[{"@type":"ReadAction","target":["https:\/\/astos.cz\/en\/nase-vyrobky\/filtracni-zarizeni\/ms-magneticke-separatory\/"]}]},{"@type":"BreadcrumbList","@id":"https:\/\/astos.cz\/en\/nase-vyrobky\/filtracni-zarizeni\/ms-magneticke-separatory\/#breadcrumb","itemListElement":[{"@type":"ListItem","position":1,"name":"Dom\u016f","item":"https:\/\/astos.cz\/en\/"},{"@type":"ListItem","position":2,"name":"Our Products","item":"https:\/\/astos.cz\/en\/nase-vyrobky\/"},{"@type":"ListItem","position":3,"name":"Filtration Equipment","item":"https:\/\/astos.cz\/en\/nase-vyrobky\/filtracni-zarizeni\/"},{"@type":"ListItem","position":4,"name":"MS &#8211; Magnetic separator"}]}]}},"_links":{"self":[{"href":"https:\/\/astos.cz\/en\/wp-json\/wp\/v2\/pages\/4744"}],"collection":[{"href":"https:\/\/astos.cz\/en\/wp-json\/wp\/v2\/pages"}],"about":[{"href":"https:\/\/astos.cz\/en\/wp-json\/wp\/v2\/types\/page"}],"author":[{"embeddable":true,"href":"https:\/\/astos.cz\/en\/wp-json\/wp\/v2\/users\/6"}],"replies":[{"embeddable":true,"href":"https:\/\/astos.cz\/en\/wp-json\/wp\/v2\/comments?post=4744"}],"version-history":[{"count":12,"href":"https:\/\/astos.cz\/en\/wp-json\/wp\/v2\/pages\/4744\/revisions"}],"predecessor-version":[{"id":9770,"href":"https:\/\/astos.cz\/en\/wp-json\/wp\/v2\/pages\/4744\/revisions\/9770"}],"up":[{"embeddable":true,"href":"https:\/\/astos.cz\/en\/wp-json\/wp\/v2\/pages\/4726"}],"wp:featuredmedia":[{"embeddable":true,"href":"https:\/\/astos.cz\/en\/wp-json\/wp\/v2\/media\/4754"}],"wp:attachment":[{"href":"https:\/\/astos.cz\/en\/wp-json\/wp\/v2\/media?parent=4744"}],"wp:term":[{"taxonomy":"category","embeddable":true,"href":"https:\/\/astos.cz\/en\/wp-json\/wp\/v2\/categories?post=4744"},{"taxonomy":"post_tag","embeddable":true,"href":"https:\/\/astos.cz\/en\/wp-json\/wp\/v2\/tags?post=4744"}],"curies":[{"name":"wp","href":"https:\/\/api.w.org\/{rel}","templated":true}]}}