{"id":4728,"date":"2016-03-04T09:23:50","date_gmt":"2016-03-04T08:23:50","guid":{"rendered":"https:\/\/astos.cz\/en\/nase-vyrobky\/filtracni-zarizeni\/pf-pasove-filtry\/"},"modified":"2022-04-20T07:39:56","modified_gmt":"2022-04-20T06:39:56","slug":"pf-pasove-filtry","status":"publish","type":"page","link":"https:\/\/astos.cz\/en\/nase-vyrobky\/filtracni-zarizeni\/pf-pasove-filtry\/","title":{"rendered":"PF &#8211; Band filters"},"content":{"rendered":"<div id=\"pl-4728\"  class=\"panel-layout\" ><div id=\"pg-4728-0\"  class=\"panel-grid panel-no-style\" ><div id=\"pgc-4728-0-0\"  class=\"panel-grid-cell\" ><div id=\"panel-4728-0-0-0\" class=\"so-panel widget widget_black-studio-tinymce widget_black_studio_tinymce panel-first-child panel-last-child\" data-index=\"0\" ><div class=\"textwidget\"><h3 style=\"margin-top: 0px;\">Band filter<\/h3>\n<p>Band filters are used for fine filtration of industrial cutting fluid or coolant. The fineness of the filtration depends on the type of filtration fabric and its permeability of solid impurities. The size of particles is measured in micrometres. The filtration is carried out in automatic cycles. The band filters are adapted to be installed onto the collecting tank of the industrial coolant and can be easily fitted with magnetic separators.<\/p>\n<p><a href=\"https:\/\/astos.cz\/wp-content\/uploads\/2016\/02\/PF-Pasove-filtry.jpg\"  rel=\"lightbox[4728] attachment wp-att-2921\"><img class=\"alignnone wp-image-2921\" src=\"https:\/\/astos.cz\/wp-content\/uploads\/2016\/02\/PF-Pasove-filtry.jpg\" alt=\"PF-Pasove-filtry\" width=\"820\" height=\"460\" \/><\/a><\/p>\n<\/div><\/div><\/div><\/div><div id=\"pg-4728-1\"  class=\"panel-grid panel-no-style\" ><div id=\"pgc-4728-1-0\"  class=\"panel-grid-cell\" ><div id=\"panel-4728-1-0-0\" class=\"so-panel widget widget_black-studio-tinymce widget_black_studio_tinymce panel-first-child panel-last-child\" data-index=\"1\" ><div class=\"textwidget\"><h4 class=\"alternative-heading\" style=\"margin-top: 0px\">Categories according to flow capacity<\/h4>\n<p>Available in 4 standard series according to the rate of flow:<\/p>\n<ul>\n<li><strong>PF 63<\/strong> \u2013 max. flow is 63 l\/min<\/li>\n<li><strong>PF 100<\/strong> \u2013 max. flow is 100 l\/min<\/li>\n<li><strong>PF 150<\/strong> \u2013 max. flow is 150 l\/min<\/li>\n<li><strong>PF 200<\/strong> \u2013 max. flow is 200 l\/min<\/li>\n<\/ul>\n<p>We offer fabrication of a larger band filter with higher than 200 l\/min flow capacity. Available in right hand and left hand versions.<\/p>\n<p>Dimensions of standard band filters <strong>PF 150 and PF 200<\/strong>.<\/p>\n<p>If you need further assistance or have any special requirements related to Coolant filter stations, please do not hesitate to contact our team of experts. <a href=\"https:\/\/astos.cz\/en\/kontakty\/dulezite-kontakty\/\">Contact information<\/a><\/p>\n<p><a href=\"https:\/\/astos.cz\/en\/ke-stazeni\/poptavkove-formulare\/\">Inquiry form to download here.<\/a><\/p>\n<\/div><\/div><\/div><div id=\"pgc-4728-1-1\"  class=\"panel-grid-cell\" ><div id=\"panel-4728-1-1-0\" class=\"so-panel widget widget_black-studio-tinymce widget_black_studio_tinymce panel-first-child panel-last-child\" data-index=\"2\" ><div class=\"textwidget\"><p><a href=\"https:\/\/astos.cz\/wp-content\/uploads\/2016\/03\/PF-schema-1-1.jpg\"  rel=\"lightbox[4728] attachment wp-att-3327\"><img class=\"alignnone wp-image-3503\" src=\"https:\/\/astos.cz\/wp-content\/uploads\/2016\/03\/PF-schema-1-1.jpg\" alt=\"\" width=\"410\" height=\"264\" \/><\/a><\/p>\n<\/div><\/div><\/div><\/div><\/div>","protected":false},"excerpt":{"rendered":"<p>Band filters are used for fine filtration of industrial cutting fluid or coolant. The fineness of the filtration<\/p>\n","protected":false},"author":6,"featured_media":4735,"parent":4726,"menu_order":0,"comment_status":"closed","ping_status":"closed","template":"","meta":[],"categories":[108],"tags":[],"yoast_head":"<!-- This site is optimized with the Yoast SEO plugin v18.5.1 - https:\/\/yoast.com\/wordpress\/plugins\/seo\/ -->\n<title>PF - Band filters | ASTOS Machinery<\/title>\n<meta name=\"robots\" content=\"index, follow, max-snippet:-1, max-image-preview:large, max-video-preview:-1\" \/>\n<link rel=\"canonical\" href=\"https:\/\/astos.cz\/en\/nase-vyrobky\/filtracni-zarizeni\/pf-pasove-filtry\/\" \/>\n<meta property=\"og:locale\" content=\"en_US\" \/>\n<meta property=\"og:type\" content=\"article\" \/>\n<meta property=\"og:title\" content=\"PF - Band filters | ASTOS Machinery\" \/>\n<meta property=\"og:description\" content=\"Band filters are used for fine filtration of industrial cutting fluid or coolant. The fineness of the filtration\" \/>\n<meta property=\"og:url\" content=\"https:\/\/astos.cz\/en\/nase-vyrobky\/filtracni-zarizeni\/pf-pasove-filtry\/\" \/>\n<meta property=\"og:site_name\" content=\"ASTOS Machinery\" \/>\n<meta property=\"article:modified_time\" content=\"2022-04-20T06:39:56+00:00\" \/>\n<meta property=\"og:image\" content=\"https:\/\/astos.cz\/wp-content\/uploads\/2016\/02\/PF-Pasove-filtry.jpg\" \/>\n\t<meta property=\"og:image:width\" content=\"1140\" \/>\n\t<meta property=\"og:image:height\" content=\"640\" \/>\n\t<meta property=\"og:image:type\" content=\"image\/jpeg\" \/>\n<meta name=\"twitter:card\" content=\"summary\" \/>\n<meta name=\"twitter:label1\" content=\"Est. reading time\" \/>\n\t<meta name=\"twitter:data1\" content=\"1 minute\" \/>\n<script type=\"application\/ld+json\" class=\"yoast-schema-graph\">{\"@context\":\"https:\/\/schema.org\",\"@graph\":[{\"@type\":\"WebSite\",\"@id\":\"https:\/\/astos.cz\/#website\",\"url\":\"https:\/\/astos.cz\/\",\"name\":\"ASTOS Machinery\",\"description\":\"Specialista na dopravn\u00edkov\u00e9 syst\u00e9my a krytov\u00e1n\u00ed stroj\u016f\",\"potentialAction\":[{\"@type\":\"SearchAction\",\"target\":{\"@type\":\"EntryPoint\",\"urlTemplate\":\"https:\/\/astos.cz\/?s={search_term_string}\"},\"query-input\":\"required name=search_term_string\"}],\"inLanguage\":\"en-US\"},{\"@type\":\"ImageObject\",\"@id\":\"https:\/\/astos.cz\/en\/nase-vyrobky\/filtracni-zarizeni\/pf-pasove-filtry\/#primaryimage\",\"inLanguage\":\"en-US\",\"url\":\"https:\/\/astos.cz\/wp-content\/uploads\/2016\/02\/PF-Pasove-filtry.jpg\",\"contentUrl\":\"https:\/\/astos.cz\/wp-content\/uploads\/2016\/02\/PF-Pasove-filtry.jpg\",\"width\":1140,\"height\":640},{\"@type\":\"WebPage\",\"@id\":\"https:\/\/astos.cz\/en\/nase-vyrobky\/filtracni-zarizeni\/pf-pasove-filtry\/#webpage\",\"url\":\"https:\/\/astos.cz\/en\/nase-vyrobky\/filtracni-zarizeni\/pf-pasove-filtry\/\",\"name\":\"PF - Band filters | ASTOS Machinery\",\"isPartOf\":{\"@id\":\"https:\/\/astos.cz\/#website\"},\"primaryImageOfPage\":{\"@id\":\"https:\/\/astos.cz\/en\/nase-vyrobky\/filtracni-zarizeni\/pf-pasove-filtry\/#primaryimage\"},\"datePublished\":\"2016-03-04T08:23:50+00:00\",\"dateModified\":\"2022-04-20T06:39:56+00:00\",\"breadcrumb\":{\"@id\":\"https:\/\/astos.cz\/en\/nase-vyrobky\/filtracni-zarizeni\/pf-pasove-filtry\/#breadcrumb\"},\"inLanguage\":\"en-US\",\"potentialAction\":[{\"@type\":\"ReadAction\",\"target\":[\"https:\/\/astos.cz\/en\/nase-vyrobky\/filtracni-zarizeni\/pf-pasove-filtry\/\"]}]},{\"@type\":\"BreadcrumbList\",\"@id\":\"https:\/\/astos.cz\/en\/nase-vyrobky\/filtracni-zarizeni\/pf-pasove-filtry\/#breadcrumb\",\"itemListElement\":[{\"@type\":\"ListItem\",\"position\":1,\"name\":\"Dom\u016f\",\"item\":\"https:\/\/astos.cz\/en\/\"},{\"@type\":\"ListItem\",\"position\":2,\"name\":\"Our Products\",\"item\":\"https:\/\/astos.cz\/en\/nase-vyrobky\/\"},{\"@type\":\"ListItem\",\"position\":3,\"name\":\"Filtration Equipment\",\"item\":\"https:\/\/astos.cz\/en\/nase-vyrobky\/filtracni-zarizeni\/\"},{\"@type\":\"ListItem\",\"position\":4,\"name\":\"PF &#8211; Band filters\"}]}]}<\/script>\n<!-- \/ Yoast SEO plugin. -->","yoast_head_json":{"title":"PF - Band filters | ASTOS Machinery","robots":{"index":"index","follow":"follow","max-snippet":"max-snippet:-1","max-image-preview":"max-image-preview:large","max-video-preview":"max-video-preview:-1"},"canonical":"https:\/\/astos.cz\/en\/nase-vyrobky\/filtracni-zarizeni\/pf-pasove-filtry\/","og_locale":"en_US","og_type":"article","og_title":"PF - Band filters | ASTOS Machinery","og_description":"Band filters are used for fine filtration of industrial cutting fluid or coolant. The fineness of the filtration","og_url":"https:\/\/astos.cz\/en\/nase-vyrobky\/filtracni-zarizeni\/pf-pasove-filtry\/","og_site_name":"ASTOS Machinery","article_modified_time":"2022-04-20T06:39:56+00:00","og_image":[{"width":1140,"height":640,"url":"https:\/\/astos.cz\/wp-content\/uploads\/2016\/02\/PF-Pasove-filtry.jpg","type":"image\/jpeg"}],"twitter_card":"summary","twitter_misc":{"Est. reading time":"1 minute"},"schema":{"@context":"https:\/\/schema.org","@graph":[{"@type":"WebSite","@id":"https:\/\/astos.cz\/#website","url":"https:\/\/astos.cz\/","name":"ASTOS Machinery","description":"Specialista na dopravn\u00edkov\u00e9 syst\u00e9my a krytov\u00e1n\u00ed stroj\u016f","potentialAction":[{"@type":"SearchAction","target":{"@type":"EntryPoint","urlTemplate":"https:\/\/astos.cz\/?s={search_term_string}"},"query-input":"required name=search_term_string"}],"inLanguage":"en-US"},{"@type":"ImageObject","@id":"https:\/\/astos.cz\/en\/nase-vyrobky\/filtracni-zarizeni\/pf-pasove-filtry\/#primaryimage","inLanguage":"en-US","url":"https:\/\/astos.cz\/wp-content\/uploads\/2016\/02\/PF-Pasove-filtry.jpg","contentUrl":"https:\/\/astos.cz\/wp-content\/uploads\/2016\/02\/PF-Pasove-filtry.jpg","width":1140,"height":640},{"@type":"WebPage","@id":"https:\/\/astos.cz\/en\/nase-vyrobky\/filtracni-zarizeni\/pf-pasove-filtry\/#webpage","url":"https:\/\/astos.cz\/en\/nase-vyrobky\/filtracni-zarizeni\/pf-pasove-filtry\/","name":"PF - Band filters | ASTOS Machinery","isPartOf":{"@id":"https:\/\/astos.cz\/#website"},"primaryImageOfPage":{"@id":"https:\/\/astos.cz\/en\/nase-vyrobky\/filtracni-zarizeni\/pf-pasove-filtry\/#primaryimage"},"datePublished":"2016-03-04T08:23:50+00:00","dateModified":"2022-04-20T06:39:56+00:00","breadcrumb":{"@id":"https:\/\/astos.cz\/en\/nase-vyrobky\/filtracni-zarizeni\/pf-pasove-filtry\/#breadcrumb"},"inLanguage":"en-US","potentialAction":[{"@type":"ReadAction","target":["https:\/\/astos.cz\/en\/nase-vyrobky\/filtracni-zarizeni\/pf-pasove-filtry\/"]}]},{"@type":"BreadcrumbList","@id":"https:\/\/astos.cz\/en\/nase-vyrobky\/filtracni-zarizeni\/pf-pasove-filtry\/#breadcrumb","itemListElement":[{"@type":"ListItem","position":1,"name":"Dom\u016f","item":"https:\/\/astos.cz\/en\/"},{"@type":"ListItem","position":2,"name":"Our Products","item":"https:\/\/astos.cz\/en\/nase-vyrobky\/"},{"@type":"ListItem","position":3,"name":"Filtration Equipment","item":"https:\/\/astos.cz\/en\/nase-vyrobky\/filtracni-zarizeni\/"},{"@type":"ListItem","position":4,"name":"PF &#8211; Band filters"}]}]}},"_links":{"self":[{"href":"https:\/\/astos.cz\/en\/wp-json\/wp\/v2\/pages\/4728"}],"collection":[{"href":"https:\/\/astos.cz\/en\/wp-json\/wp\/v2\/pages"}],"about":[{"href":"https:\/\/astos.cz\/en\/wp-json\/wp\/v2\/types\/page"}],"author":[{"embeddable":true,"href":"https:\/\/astos.cz\/en\/wp-json\/wp\/v2\/users\/6"}],"replies":[{"embeddable":true,"href":"https:\/\/astos.cz\/en\/wp-json\/wp\/v2\/comments?post=4728"}],"version-history":[{"count":11,"href":"https:\/\/astos.cz\/en\/wp-json\/wp\/v2\/pages\/4728\/revisions"}],"predecessor-version":[{"id":9768,"href":"https:\/\/astos.cz\/en\/wp-json\/wp\/v2\/pages\/4728\/revisions\/9768"}],"up":[{"embeddable":true,"href":"https:\/\/astos.cz\/en\/wp-json\/wp\/v2\/pages\/4726"}],"wp:featuredmedia":[{"embeddable":true,"href":"https:\/\/astos.cz\/en\/wp-json\/wp\/v2\/media\/4735"}],"wp:attachment":[{"href":"https:\/\/astos.cz\/en\/wp-json\/wp\/v2\/media?parent=4728"}],"wp:term":[{"taxonomy":"category","embeddable":true,"href":"https:\/\/astos.cz\/en\/wp-json\/wp\/v2\/categories?post=4728"},{"taxonomy":"post_tag","embeddable":true,"href":"https:\/\/astos.cz\/en\/wp-json\/wp\/v2\/tags?post=4728"}],"curies":[{"name":"wp","href":"https:\/\/api.w.org\/{rel}","templated":true}]}}