{"id":4718,"date":"2016-03-04T09:11:30","date_gmt":"2016-03-04T08:11:30","guid":{"rendered":"https:\/\/astos.cz\/en\/nase-vyrobky\/dopravnikove-systemy\/spd-specialni-reseni\/"},"modified":"2022-04-19T12:24:07","modified_gmt":"2022-04-19T11:24:07","slug":"spd-specialni-reseni","status":"publish","type":"page","link":"https:\/\/astos.cz\/en\/nase-vyrobky\/dopravnikove-systemy\/spd-specialni-reseni\/","title":{"rendered":"SPD &#8211; Special solution"},"content":{"rendered":"<div id=\"pl-4718\"  class=\"panel-layout\" ><div id=\"pg-4718-0\"  class=\"panel-grid panel-no-style\" ><div id=\"pgc-4718-0-0\"  class=\"panel-grid-cell\" ><div id=\"panel-4718-0-0-0\" class=\"so-panel widget widget_black-studio-tinymce widget_black_studio_tinymce panel-first-child panel-last-child\" data-index=\"0\" ><div class=\"textwidget\"><h3 style=\"margin-top: 0px;\">Belt conveyor<\/h3>\n<p>Belt conveyors are durable and versatile.  Used for transporting of small, irregular shaped objects, small parts, loose material etc.  The belts are of premium quality with reduced stretch and high puncture resistance.<\/p>\n<p><a href=\"https:\/\/astos.cz\/wp-content\/uploads\/2016\/03\/pasove-dopravniky-trisek.jpg\"  rel=\"lightbox[4718] attachment wp-att-3465\"><img class=\"alignnone wp-image-3465\" src=\"https:\/\/astos.cz\/wp-content\/uploads\/2016\/03\/pasove-dopravniky-trisek.jpg\" alt=\"pasove-dopravniky-trisek\" width=\"820\" height=\"460\" \/><\/a><\/p>\n<h4 class=\"alternative-heading\">Classification as per shape<\/h4>\n<p><div id='gallery-1' class='gallery galleryid-4718 gallery-columns-3 gallery-size-medium'><figure class='gallery-item'>\n\t\t\t<div class='gallery-icon landscape'>\n\t\t\t\t<a href='https:\/\/astos.cz\/wp-content\/uploads\/2016\/03\/CDT-prime-EN.jpg' rel=\"lightbox[4718]\"><img width=\"300\" height=\"193\" src=\"https:\/\/astos.cz\/wp-content\/uploads\/2016\/03\/CDT-prime-EN-300x193.jpg\" class=\"attachment-medium size-medium\" alt=\"\" loading=\"lazy\" srcset=\"https:\/\/astos.cz\/wp-content\/uploads\/2016\/03\/CDT-prime-EN-300x193.jpg 300w, https:\/\/astos.cz\/wp-content\/uploads\/2016\/03\/CDT-prime-EN-555x357.jpg 555w, https:\/\/astos.cz\/wp-content\/uploads\/2016\/03\/CDT-prime-EN.jpg 700w\" sizes=\"(max-width: 300px) 100vw, 300px\" \/><\/a>\n\t\t\t<\/div><\/figure><figure class='gallery-item'>\n\t\t\t<div class='gallery-icon landscape'>\n\t\t\t\t<a href='https:\/\/astos.cz\/wp-content\/uploads\/2016\/03\/CDT-1_lomene-EN.jpg' rel=\"lightbox[4718]\"><img width=\"300\" height=\"193\" src=\"https:\/\/astos.cz\/wp-content\/uploads\/2016\/03\/CDT-1_lomene-EN-300x193.jpg\" class=\"attachment-medium size-medium\" alt=\"\" loading=\"lazy\" srcset=\"https:\/\/astos.cz\/wp-content\/uploads\/2016\/03\/CDT-1_lomene-EN-300x193.jpg 300w, https:\/\/astos.cz\/wp-content\/uploads\/2016\/03\/CDT-1_lomene-EN-555x357.jpg 555w, https:\/\/astos.cz\/wp-content\/uploads\/2016\/03\/CDT-1_lomene-EN.jpg 700w\" sizes=\"(max-width: 300px) 100vw, 300px\" \/><\/a>\n\t\t\t<\/div><\/figure><figure class='gallery-item'>\n\t\t\t<div class='gallery-icon landscape'>\n\t\t\t\t<a href='https:\/\/astos.cz\/wp-content\/uploads\/2016\/03\/CDT-2_lomene-EN.jpg' rel=\"lightbox[4718]\"><img width=\"300\" height=\"193\" src=\"https:\/\/astos.cz\/wp-content\/uploads\/2016\/03\/CDT-2_lomene-EN-300x193.jpg\" class=\"attachment-medium size-medium\" alt=\"\" loading=\"lazy\" srcset=\"https:\/\/astos.cz\/wp-content\/uploads\/2016\/03\/CDT-2_lomene-EN-300x193.jpg 300w, https:\/\/astos.cz\/wp-content\/uploads\/2016\/03\/CDT-2_lomene-EN-555x357.jpg 555w, https:\/\/astos.cz\/wp-content\/uploads\/2016\/03\/CDT-2_lomene-EN.jpg 700w\" sizes=\"(max-width: 300px) 100vw, 300px\" \/><\/a>\n\t\t\t<\/div><\/figure>\n\t\t<\/div>\n<\/p>\n<p>The drive of the conveyor can be mounted either on left or right hand side.<\/p>\n<h4 class=\"alternative-heading\">Advantages of the belt conveyor<\/h4>\n<ul>\n<li>versatility and variability<\/li>\n<li>diversity in the use<\/li>\n<li>can be used in automated distribution, in warehousing and on manufacturing assembly lines as well as in service sector (banks, post services, shops etc.) and secondary industries (textile, paper, glass - industry)<\/li>\n<\/ul>\n<p>If you need further assistance or have any special requirements related to our belt conveyors, please do not hesitate to contact our team of experts. <a href=\"https:\/\/astos.cz\/en\/kontakty\/dulezite-kontakty\/\">Contact information.<\/a><\/p>\n<p><a href=\"https:\/\/astos.cz\/en\/ke-stazeni\/poptavkove-formulare\/\">Inquiry form to download here.<\/a><\/p>\n<\/div><\/div><\/div><\/div><\/div>","protected":false},"excerpt":{"rendered":"<p>Belt conveyors are durable and versatile.  Used for transporting of small, irregular shaped objects<\/p>\n","protected":false},"author":6,"featured_media":4721,"parent":4656,"menu_order":0,"comment_status":"closed","ping_status":"closed","template":"","meta":[],"categories":[107],"tags":[],"yoast_head":"<!-- This site is optimized with the Yoast SEO plugin v18.5.1 - https:\/\/yoast.com\/wordpress\/plugins\/seo\/ -->\n<title>SPD - Special solution | ASTOS Machinery<\/title>\n<meta name=\"robots\" content=\"index, follow, max-snippet:-1, max-image-preview:large, max-video-preview:-1\" \/>\n<link rel=\"canonical\" href=\"https:\/\/astos.cz\/en\/nase-vyrobky\/dopravnikove-systemy\/spd-specialni-reseni\/\" \/>\n<meta property=\"og:locale\" content=\"en_US\" \/>\n<meta property=\"og:type\" content=\"article\" \/>\n<meta property=\"og:title\" content=\"SPD - Special solution | ASTOS Machinery\" \/>\n<meta property=\"og:description\" content=\"Belt conveyors are durable and versatile. Used for transporting of small, irregular shaped objects\" \/>\n<meta property=\"og:url\" content=\"https:\/\/astos.cz\/en\/nase-vyrobky\/dopravnikove-systemy\/spd-specialni-reseni\/\" \/>\n<meta property=\"og:site_name\" content=\"ASTOS Machinery\" \/>\n<meta property=\"article:modified_time\" content=\"2022-04-19T11:24:07+00:00\" \/>\n<meta property=\"og:image\" content=\"https:\/\/astos.cz\/wp-content\/uploads\/2016\/02\/SPD-specialni-reseni1.jpg\" \/>\n\t<meta property=\"og:image:width\" content=\"1140\" \/>\n\t<meta property=\"og:image:height\" content=\"640\" \/>\n\t<meta property=\"og:image:type\" content=\"image\/jpeg\" \/>\n<meta name=\"twitter:card\" content=\"summary\" \/>\n<meta name=\"twitter:label1\" content=\"Est. reading time\" \/>\n\t<meta name=\"twitter:data1\" content=\"1 minute\" \/>\n<script type=\"application\/ld+json\" class=\"yoast-schema-graph\">{\"@context\":\"https:\/\/schema.org\",\"@graph\":[{\"@type\":\"WebSite\",\"@id\":\"https:\/\/astos.cz\/#website\",\"url\":\"https:\/\/astos.cz\/\",\"name\":\"ASTOS Machinery\",\"description\":\"Specialista na dopravn\u00edkov\u00e9 syst\u00e9my a krytov\u00e1n\u00ed stroj\u016f\",\"potentialAction\":[{\"@type\":\"SearchAction\",\"target\":{\"@type\":\"EntryPoint\",\"urlTemplate\":\"https:\/\/astos.cz\/?s={search_term_string}\"},\"query-input\":\"required name=search_term_string\"}],\"inLanguage\":\"en-US\"},{\"@type\":\"ImageObject\",\"@id\":\"https:\/\/astos.cz\/en\/nase-vyrobky\/dopravnikove-systemy\/spd-specialni-reseni\/#primaryimage\",\"inLanguage\":\"en-US\",\"url\":\"https:\/\/astos.cz\/wp-content\/uploads\/2016\/02\/SPD-specialni-reseni1.jpg\",\"contentUrl\":\"https:\/\/astos.cz\/wp-content\/uploads\/2016\/02\/SPD-specialni-reseni1.jpg\",\"width\":1140,\"height\":640},{\"@type\":\"WebPage\",\"@id\":\"https:\/\/astos.cz\/en\/nase-vyrobky\/dopravnikove-systemy\/spd-specialni-reseni\/#webpage\",\"url\":\"https:\/\/astos.cz\/en\/nase-vyrobky\/dopravnikove-systemy\/spd-specialni-reseni\/\",\"name\":\"SPD - Special solution | ASTOS Machinery\",\"isPartOf\":{\"@id\":\"https:\/\/astos.cz\/#website\"},\"primaryImageOfPage\":{\"@id\":\"https:\/\/astos.cz\/en\/nase-vyrobky\/dopravnikove-systemy\/spd-specialni-reseni\/#primaryimage\"},\"datePublished\":\"2016-03-04T08:11:30+00:00\",\"dateModified\":\"2022-04-19T11:24:07+00:00\",\"breadcrumb\":{\"@id\":\"https:\/\/astos.cz\/en\/nase-vyrobky\/dopravnikove-systemy\/spd-specialni-reseni\/#breadcrumb\"},\"inLanguage\":\"en-US\",\"potentialAction\":[{\"@type\":\"ReadAction\",\"target\":[\"https:\/\/astos.cz\/en\/nase-vyrobky\/dopravnikove-systemy\/spd-specialni-reseni\/\"]}]},{\"@type\":\"BreadcrumbList\",\"@id\":\"https:\/\/astos.cz\/en\/nase-vyrobky\/dopravnikove-systemy\/spd-specialni-reseni\/#breadcrumb\",\"itemListElement\":[{\"@type\":\"ListItem\",\"position\":1,\"name\":\"Dom\u016f\",\"item\":\"https:\/\/astos.cz\/en\/\"},{\"@type\":\"ListItem\",\"position\":2,\"name\":\"Our Products\",\"item\":\"https:\/\/astos.cz\/en\/nase-vyrobky\/\"},{\"@type\":\"ListItem\",\"position\":3,\"name\":\"Conveyor systems\",\"item\":\"https:\/\/astos.cz\/en\/nase-vyrobky\/dopravnikove-systemy\/\"},{\"@type\":\"ListItem\",\"position\":4,\"name\":\"SPD &#8211; Special solution\"}]}]}<\/script>\n<!-- \/ Yoast SEO plugin. -->","yoast_head_json":{"title":"SPD - Special solution | ASTOS Machinery","robots":{"index":"index","follow":"follow","max-snippet":"max-snippet:-1","max-image-preview":"max-image-preview:large","max-video-preview":"max-video-preview:-1"},"canonical":"https:\/\/astos.cz\/en\/nase-vyrobky\/dopravnikove-systemy\/spd-specialni-reseni\/","og_locale":"en_US","og_type":"article","og_title":"SPD - Special solution | ASTOS Machinery","og_description":"Belt conveyors are durable and versatile. Used for transporting of small, irregular shaped objects","og_url":"https:\/\/astos.cz\/en\/nase-vyrobky\/dopravnikove-systemy\/spd-specialni-reseni\/","og_site_name":"ASTOS Machinery","article_modified_time":"2022-04-19T11:24:07+00:00","og_image":[{"width":1140,"height":640,"url":"https:\/\/astos.cz\/wp-content\/uploads\/2016\/02\/SPD-specialni-reseni1.jpg","type":"image\/jpeg"}],"twitter_card":"summary","twitter_misc":{"Est. reading time":"1 minute"},"schema":{"@context":"https:\/\/schema.org","@graph":[{"@type":"WebSite","@id":"https:\/\/astos.cz\/#website","url":"https:\/\/astos.cz\/","name":"ASTOS Machinery","description":"Specialista na dopravn\u00edkov\u00e9 syst\u00e9my a krytov\u00e1n\u00ed stroj\u016f","potentialAction":[{"@type":"SearchAction","target":{"@type":"EntryPoint","urlTemplate":"https:\/\/astos.cz\/?s={search_term_string}"},"query-input":"required name=search_term_string"}],"inLanguage":"en-US"},{"@type":"ImageObject","@id":"https:\/\/astos.cz\/en\/nase-vyrobky\/dopravnikove-systemy\/spd-specialni-reseni\/#primaryimage","inLanguage":"en-US","url":"https:\/\/astos.cz\/wp-content\/uploads\/2016\/02\/SPD-specialni-reseni1.jpg","contentUrl":"https:\/\/astos.cz\/wp-content\/uploads\/2016\/02\/SPD-specialni-reseni1.jpg","width":1140,"height":640},{"@type":"WebPage","@id":"https:\/\/astos.cz\/en\/nase-vyrobky\/dopravnikove-systemy\/spd-specialni-reseni\/#webpage","url":"https:\/\/astos.cz\/en\/nase-vyrobky\/dopravnikove-systemy\/spd-specialni-reseni\/","name":"SPD - Special solution | ASTOS Machinery","isPartOf":{"@id":"https:\/\/astos.cz\/#website"},"primaryImageOfPage":{"@id":"https:\/\/astos.cz\/en\/nase-vyrobky\/dopravnikove-systemy\/spd-specialni-reseni\/#primaryimage"},"datePublished":"2016-03-04T08:11:30+00:00","dateModified":"2022-04-19T11:24:07+00:00","breadcrumb":{"@id":"https:\/\/astos.cz\/en\/nase-vyrobky\/dopravnikove-systemy\/spd-specialni-reseni\/#breadcrumb"},"inLanguage":"en-US","potentialAction":[{"@type":"ReadAction","target":["https:\/\/astos.cz\/en\/nase-vyrobky\/dopravnikove-systemy\/spd-specialni-reseni\/"]}]},{"@type":"BreadcrumbList","@id":"https:\/\/astos.cz\/en\/nase-vyrobky\/dopravnikove-systemy\/spd-specialni-reseni\/#breadcrumb","itemListElement":[{"@type":"ListItem","position":1,"name":"Dom\u016f","item":"https:\/\/astos.cz\/en\/"},{"@type":"ListItem","position":2,"name":"Our Products","item":"https:\/\/astos.cz\/en\/nase-vyrobky\/"},{"@type":"ListItem","position":3,"name":"Conveyor systems","item":"https:\/\/astos.cz\/en\/nase-vyrobky\/dopravnikove-systemy\/"},{"@type":"ListItem","position":4,"name":"SPD &#8211; Special solution"}]}]}},"_links":{"self":[{"href":"https:\/\/astos.cz\/en\/wp-json\/wp\/v2\/pages\/4718"}],"collection":[{"href":"https:\/\/astos.cz\/en\/wp-json\/wp\/v2\/pages"}],"about":[{"href":"https:\/\/astos.cz\/en\/wp-json\/wp\/v2\/types\/page"}],"author":[{"embeddable":true,"href":"https:\/\/astos.cz\/en\/wp-json\/wp\/v2\/users\/6"}],"replies":[{"embeddable":true,"href":"https:\/\/astos.cz\/en\/wp-json\/wp\/v2\/comments?post=4718"}],"version-history":[{"count":16,"href":"https:\/\/astos.cz\/en\/wp-json\/wp\/v2\/pages\/4718\/revisions"}],"predecessor-version":[{"id":9736,"href":"https:\/\/astos.cz\/en\/wp-json\/wp\/v2\/pages\/4718\/revisions\/9736"}],"up":[{"embeddable":true,"href":"https:\/\/astos.cz\/en\/wp-json\/wp\/v2\/pages\/4656"}],"wp:featuredmedia":[{"embeddable":true,"href":"https:\/\/astos.cz\/en\/wp-json\/wp\/v2\/media\/4721"}],"wp:attachment":[{"href":"https:\/\/astos.cz\/en\/wp-json\/wp\/v2\/media?parent=4718"}],"wp:term":[{"taxonomy":"category","embeddable":true,"href":"https:\/\/astos.cz\/en\/wp-json\/wp\/v2\/categories?post=4718"},{"taxonomy":"post_tag","embeddable":true,"href":"https:\/\/astos.cz\/en\/wp-json\/wp\/v2\/tags?post=4718"}],"curies":[{"name":"wp","href":"https:\/\/api.w.org\/{rel}","templated":true}]}}