{"id":4692,"date":"2016-03-03T15:31:14","date_gmt":"2016-03-03T14:31:14","guid":{"rendered":"https:\/\/astos.cz\/en\/nase-vyrobky\/dopravnikove-systemy\/magneticke-dopravniky\/"},"modified":"2022-04-19T12:20:50","modified_gmt":"2022-04-19T11:20:50","slug":"magneticke-dopravniky","status":"publish","type":"page","link":"https:\/\/astos.cz\/en\/nase-vyrobky\/dopravnikove-systemy\/magneticke-dopravniky\/","title":{"rendered":"DM &#8211; Magnetic conveyors"},"content":{"rendered":"<div id=\"pl-4692\"  class=\"panel-layout\" ><div id=\"pg-4692-0\"  class=\"panel-grid panel-no-style\" ><div id=\"pgc-4692-0-0\"  class=\"panel-grid-cell\" ><div id=\"panel-4692-0-0-0\" class=\"so-panel widget widget_black-studio-tinymce widget_black_studio_tinymce panel-first-child\" data-index=\"0\" ><div class=\"panel-widget-style panel-widget-style-for-4692-0-0-0\" ><div class=\"textwidget\"><h3 style=\"margin-top: 0px\">Magnetic chip conveyor<\/h3>\n<p>Magnetic chip conveyors are designed to convey either dry or wet ferrous parts or chips and turnings, waste from metal working machinery.<\/p>\n<p><a href=\"https:\/\/astos.cz\/wp-content\/uploads\/2016\/02\/DM-Magneticke.jpg\"  rel=\"lightbox[4692] attachment wp-att-2901\"><img class=\"alignnone wp-image-2901\" src=\"https:\/\/astos.cz\/wp-content\/uploads\/2016\/02\/DM-Magneticke.jpg\" alt=\"DM-Magneticke\" width=\"820\" height=\"460\" \/><\/a><\/p>\n<h4 class=\"alternative-heading\">Categories as per working load<\/h4>\n<p>Magnetic chip conveyors are available in three different dimension series conforming to working load:<\/p>\n<\/div><\/div><\/div><div id=\"panel-4692-0-0-1\" class=\"so-panel widget widget_pt_brochure_box widget-brochure-box\" data-index=\"1\" >\t\t\t<a class=\"brochure-box\" href=\"https:\/\/astos.cz\/wp-content\/uploads\/2016\/03\/schema_DM_97-EN.pdf\" target=\"_blank\">\n\t\t\t\t<i class=\"fa  fa-file-pdf-o\"><\/i>\n\t\t\t\t<h5 class=\"brochure-box__text\">For light or medium use (conveying load 500 kg\/h and less) \u2013 <strong>DM 97<\/strong><\/h5>\n\t\t\t<\/a>\n\n\t\t\t<\/div><div id=\"panel-4692-0-0-2\" class=\"so-panel widget widget_pt_brochure_box widget-brochure-box\" data-index=\"2\" >\t\t\t<a class=\"brochure-box\" href=\"https:\/\/astos.cz\/wp-content\/uploads\/2016\/03\/schema_DM_125-EN.pdf\" target=\"_blank\">\n\t\t\t\t<i class=\"fa  fa-file-pdf-o\"><\/i>\n\t\t\t\t<h5 class=\"brochure-box__text\">For moderate heavy use (conveying load up to 900 kg\/h) \u2013 <strong>DM 125<\/strong><\/h5>\n\t\t\t<\/a>\n\n\t\t\t<\/div><div id=\"panel-4692-0-0-3\" class=\"so-panel widget widget_pt_brochure_box widget-brochure-box\" data-index=\"3\" ><div class=\"panel-widget-style panel-widget-style-for-4692-0-0-3\" >\t\t\t<a class=\"brochure-box\" href=\"https:\/\/astos.cz\/wp-content\/uploads\/2016\/03\/schema_DM_225-EN.pdf\" target=\"_blank\">\n\t\t\t\t<i class=\"fa  fa-file-pdf-o\"><\/i>\n\t\t\t\t<h5 class=\"brochure-box__text\">For heavy industrial use (conveying load up to 2 000 kg\/h) \u2013 <strong>DM 225<\/strong><\/h5>\n\t\t\t<\/a>\n\n\t\t\t<\/div><\/div><div id=\"panel-4692-0-0-4\" class=\"so-panel widget widget_black-studio-tinymce widget_black_studio_tinymce panel-last-child\" data-index=\"4\" ><div class=\"textwidget\"><p>The conveyors are outfitted with either a permanent ferrite magnets, permanent neodymium magnet or specific magnets such as samarium cobalt magnets with higher temperature ratings and higher coercivity.<\/p>\n<\/div><\/div><\/div><\/div><div id=\"pg-4692-1\"  class=\"panel-grid panel-no-style\" ><div id=\"pgc-4692-1-0\"  class=\"panel-grid-cell\" ><div id=\"panel-4692-1-0-0\" class=\"so-panel widget widget_black-studio-tinymce widget_black_studio_tinymce panel-first-child panel-last-child\" data-index=\"5\" ><div class=\"textwidget\"><h4 class=\"alternative-heading\">Classification as per shape<\/h4>\n<p><div id='gallery-1' class='gallery galleryid-4692 gallery-columns-3 gallery-size-medium'><figure class='gallery-item'>\n\t\t\t<div class='gallery-icon landscape'>\n\t\t\t\t<a href='https:\/\/astos.cz\/wp-content\/uploads\/2016\/03\/CDT-prime-EN.jpg' rel=\"lightbox[4692]\"><img width=\"300\" height=\"193\" src=\"https:\/\/astos.cz\/wp-content\/uploads\/2016\/03\/CDT-prime-EN-300x193.jpg\" class=\"attachment-medium size-medium\" alt=\"\" loading=\"lazy\" srcset=\"https:\/\/astos.cz\/wp-content\/uploads\/2016\/03\/CDT-prime-EN-300x193.jpg 300w, https:\/\/astos.cz\/wp-content\/uploads\/2016\/03\/CDT-prime-EN-555x357.jpg 555w, https:\/\/astos.cz\/wp-content\/uploads\/2016\/03\/CDT-prime-EN.jpg 700w\" sizes=\"(max-width: 300px) 100vw, 300px\" \/><\/a>\n\t\t\t<\/div><\/figure><figure class='gallery-item'>\n\t\t\t<div class='gallery-icon landscape'>\n\t\t\t\t<a href='https:\/\/astos.cz\/wp-content\/uploads\/2016\/03\/CDT-1_lomene-EN.jpg' rel=\"lightbox[4692]\"><img width=\"300\" height=\"193\" src=\"https:\/\/astos.cz\/wp-content\/uploads\/2016\/03\/CDT-1_lomene-EN-300x193.jpg\" class=\"attachment-medium size-medium\" alt=\"\" loading=\"lazy\" srcset=\"https:\/\/astos.cz\/wp-content\/uploads\/2016\/03\/CDT-1_lomene-EN-300x193.jpg 300w, https:\/\/astos.cz\/wp-content\/uploads\/2016\/03\/CDT-1_lomene-EN-555x357.jpg 555w, https:\/\/astos.cz\/wp-content\/uploads\/2016\/03\/CDT-1_lomene-EN.jpg 700w\" sizes=\"(max-width: 300px) 100vw, 300px\" \/><\/a>\n\t\t\t<\/div><\/figure><figure class='gallery-item'>\n\t\t\t<div class='gallery-icon landscape'>\n\t\t\t\t<a href='https:\/\/astos.cz\/wp-content\/uploads\/2016\/03\/CDT-2_lomene-EN.jpg' rel=\"lightbox[4692]\"><img width=\"300\" height=\"193\" src=\"https:\/\/astos.cz\/wp-content\/uploads\/2016\/03\/CDT-2_lomene-EN-300x193.jpg\" class=\"attachment-medium size-medium\" alt=\"\" loading=\"lazy\" srcset=\"https:\/\/astos.cz\/wp-content\/uploads\/2016\/03\/CDT-2_lomene-EN-300x193.jpg 300w, https:\/\/astos.cz\/wp-content\/uploads\/2016\/03\/CDT-2_lomene-EN-555x357.jpg 555w, https:\/\/astos.cz\/wp-content\/uploads\/2016\/03\/CDT-2_lomene-EN.jpg 700w\" sizes=\"(max-width: 300px) 100vw, 300px\" \/><\/a>\n\t\t\t<\/div><\/figure>\n\t\t<\/div>\n<\/p>\n<p>The drive of the conveyor can be either on left or right hand side.<\/p>\n<p>If you need further assistance or have any special requirements related to magnetic conveyors, please do not hesitate to contact our team of experts. <a href=\"https:\/\/astos.cz\/en\/kontakty\/dulezite-kontakty\/\">Contact information.<\/a><\/p>\n<\/div><\/div><\/div><\/div><\/div>","protected":false},"excerpt":{"rendered":"<p>Magnetic chip conveyors are designed to convey either dry or wet ferrous parts or chips and turnings<\/p>\n","protected":false},"author":6,"featured_media":4696,"parent":4656,"menu_order":0,"comment_status":"closed","ping_status":"closed","template":"","meta":[],"categories":[107],"tags":[],"yoast_head":"<!-- This site is optimized with the Yoast SEO plugin v18.5.1 - https:\/\/yoast.com\/wordpress\/plugins\/seo\/ -->\n<title>DM - Magnetic conveyors | ASTOS Machinery<\/title>\n<meta name=\"robots\" content=\"index, follow, max-snippet:-1, max-image-preview:large, max-video-preview:-1\" \/>\n<link rel=\"canonical\" href=\"https:\/\/astos.cz\/en\/nase-vyrobky\/dopravnikove-systemy\/magneticke-dopravniky\/\" \/>\n<meta property=\"og:locale\" content=\"en_US\" \/>\n<meta property=\"og:type\" content=\"article\" \/>\n<meta property=\"og:title\" content=\"DM - Magnetic conveyors | ASTOS Machinery\" \/>\n<meta property=\"og:description\" content=\"Magnetic chip conveyors are designed to convey either dry or wet ferrous parts or chips and turnings\" \/>\n<meta property=\"og:url\" content=\"https:\/\/astos.cz\/en\/nase-vyrobky\/dopravnikove-systemy\/magneticke-dopravniky\/\" \/>\n<meta property=\"og:site_name\" content=\"ASTOS Machinery\" \/>\n<meta property=\"article:modified_time\" content=\"2022-04-19T11:20:50+00:00\" \/>\n<meta property=\"og:image\" content=\"https:\/\/astos.cz\/wp-content\/uploads\/2016\/02\/DM-Magneticke.jpg\" \/>\n\t<meta property=\"og:image:width\" content=\"1140\" \/>\n\t<meta property=\"og:image:height\" content=\"640\" \/>\n\t<meta property=\"og:image:type\" content=\"image\/jpeg\" \/>\n<meta name=\"twitter:card\" content=\"summary\" \/>\n<meta name=\"twitter:label1\" content=\"Est. reading time\" \/>\n\t<meta name=\"twitter:data1\" content=\"1 minute\" \/>\n<script type=\"application\/ld+json\" class=\"yoast-schema-graph\">{\"@context\":\"https:\/\/schema.org\",\"@graph\":[{\"@type\":\"WebSite\",\"@id\":\"https:\/\/astos.cz\/#website\",\"url\":\"https:\/\/astos.cz\/\",\"name\":\"ASTOS Machinery\",\"description\":\"Specialista na dopravn\u00edkov\u00e9 syst\u00e9my a krytov\u00e1n\u00ed stroj\u016f\",\"potentialAction\":[{\"@type\":\"SearchAction\",\"target\":{\"@type\":\"EntryPoint\",\"urlTemplate\":\"https:\/\/astos.cz\/?s={search_term_string}\"},\"query-input\":\"required name=search_term_string\"}],\"inLanguage\":\"en-US\"},{\"@type\":\"ImageObject\",\"@id\":\"https:\/\/astos.cz\/en\/nase-vyrobky\/dopravnikove-systemy\/magneticke-dopravniky\/#primaryimage\",\"inLanguage\":\"en-US\",\"url\":\"https:\/\/astos.cz\/wp-content\/uploads\/2016\/02\/DM-Magneticke.jpg\",\"contentUrl\":\"https:\/\/astos.cz\/wp-content\/uploads\/2016\/02\/DM-Magneticke.jpg\",\"width\":1140,\"height\":640},{\"@type\":\"WebPage\",\"@id\":\"https:\/\/astos.cz\/en\/nase-vyrobky\/dopravnikove-systemy\/magneticke-dopravniky\/#webpage\",\"url\":\"https:\/\/astos.cz\/en\/nase-vyrobky\/dopravnikove-systemy\/magneticke-dopravniky\/\",\"name\":\"DM - Magnetic conveyors | ASTOS Machinery\",\"isPartOf\":{\"@id\":\"https:\/\/astos.cz\/#website\"},\"primaryImageOfPage\":{\"@id\":\"https:\/\/astos.cz\/en\/nase-vyrobky\/dopravnikove-systemy\/magneticke-dopravniky\/#primaryimage\"},\"datePublished\":\"2016-03-03T14:31:14+00:00\",\"dateModified\":\"2022-04-19T11:20:50+00:00\",\"breadcrumb\":{\"@id\":\"https:\/\/astos.cz\/en\/nase-vyrobky\/dopravnikove-systemy\/magneticke-dopravniky\/#breadcrumb\"},\"inLanguage\":\"en-US\",\"potentialAction\":[{\"@type\":\"ReadAction\",\"target\":[\"https:\/\/astos.cz\/en\/nase-vyrobky\/dopravnikove-systemy\/magneticke-dopravniky\/\"]}]},{\"@type\":\"BreadcrumbList\",\"@id\":\"https:\/\/astos.cz\/en\/nase-vyrobky\/dopravnikove-systemy\/magneticke-dopravniky\/#breadcrumb\",\"itemListElement\":[{\"@type\":\"ListItem\",\"position\":1,\"name\":\"Dom\u016f\",\"item\":\"https:\/\/astos.cz\/en\/\"},{\"@type\":\"ListItem\",\"position\":2,\"name\":\"Our Products\",\"item\":\"https:\/\/astos.cz\/en\/nase-vyrobky\/\"},{\"@type\":\"ListItem\",\"position\":3,\"name\":\"Conveyor systems\",\"item\":\"https:\/\/astos.cz\/en\/nase-vyrobky\/dopravnikove-systemy\/\"},{\"@type\":\"ListItem\",\"position\":4,\"name\":\"DM &#8211; Magnetic conveyors\"}]}]}<\/script>\n<!-- \/ Yoast SEO plugin. -->","yoast_head_json":{"title":"DM - Magnetic conveyors | ASTOS Machinery","robots":{"index":"index","follow":"follow","max-snippet":"max-snippet:-1","max-image-preview":"max-image-preview:large","max-video-preview":"max-video-preview:-1"},"canonical":"https:\/\/astos.cz\/en\/nase-vyrobky\/dopravnikove-systemy\/magneticke-dopravniky\/","og_locale":"en_US","og_type":"article","og_title":"DM - Magnetic conveyors | ASTOS Machinery","og_description":"Magnetic chip conveyors are designed to convey either dry or wet ferrous parts or chips and turnings","og_url":"https:\/\/astos.cz\/en\/nase-vyrobky\/dopravnikove-systemy\/magneticke-dopravniky\/","og_site_name":"ASTOS Machinery","article_modified_time":"2022-04-19T11:20:50+00:00","og_image":[{"width":1140,"height":640,"url":"https:\/\/astos.cz\/wp-content\/uploads\/2016\/02\/DM-Magneticke.jpg","type":"image\/jpeg"}],"twitter_card":"summary","twitter_misc":{"Est. reading time":"1 minute"},"schema":{"@context":"https:\/\/schema.org","@graph":[{"@type":"WebSite","@id":"https:\/\/astos.cz\/#website","url":"https:\/\/astos.cz\/","name":"ASTOS Machinery","description":"Specialista na dopravn\u00edkov\u00e9 syst\u00e9my a krytov\u00e1n\u00ed stroj\u016f","potentialAction":[{"@type":"SearchAction","target":{"@type":"EntryPoint","urlTemplate":"https:\/\/astos.cz\/?s={search_term_string}"},"query-input":"required name=search_term_string"}],"inLanguage":"en-US"},{"@type":"ImageObject","@id":"https:\/\/astos.cz\/en\/nase-vyrobky\/dopravnikove-systemy\/magneticke-dopravniky\/#primaryimage","inLanguage":"en-US","url":"https:\/\/astos.cz\/wp-content\/uploads\/2016\/02\/DM-Magneticke.jpg","contentUrl":"https:\/\/astos.cz\/wp-content\/uploads\/2016\/02\/DM-Magneticke.jpg","width":1140,"height":640},{"@type":"WebPage","@id":"https:\/\/astos.cz\/en\/nase-vyrobky\/dopravnikove-systemy\/magneticke-dopravniky\/#webpage","url":"https:\/\/astos.cz\/en\/nase-vyrobky\/dopravnikove-systemy\/magneticke-dopravniky\/","name":"DM - Magnetic conveyors | ASTOS Machinery","isPartOf":{"@id":"https:\/\/astos.cz\/#website"},"primaryImageOfPage":{"@id":"https:\/\/astos.cz\/en\/nase-vyrobky\/dopravnikove-systemy\/magneticke-dopravniky\/#primaryimage"},"datePublished":"2016-03-03T14:31:14+00:00","dateModified":"2022-04-19T11:20:50+00:00","breadcrumb":{"@id":"https:\/\/astos.cz\/en\/nase-vyrobky\/dopravnikove-systemy\/magneticke-dopravniky\/#breadcrumb"},"inLanguage":"en-US","potentialAction":[{"@type":"ReadAction","target":["https:\/\/astos.cz\/en\/nase-vyrobky\/dopravnikove-systemy\/magneticke-dopravniky\/"]}]},{"@type":"BreadcrumbList","@id":"https:\/\/astos.cz\/en\/nase-vyrobky\/dopravnikove-systemy\/magneticke-dopravniky\/#breadcrumb","itemListElement":[{"@type":"ListItem","position":1,"name":"Dom\u016f","item":"https:\/\/astos.cz\/en\/"},{"@type":"ListItem","position":2,"name":"Our Products","item":"https:\/\/astos.cz\/en\/nase-vyrobky\/"},{"@type":"ListItem","position":3,"name":"Conveyor systems","item":"https:\/\/astos.cz\/en\/nase-vyrobky\/dopravnikove-systemy\/"},{"@type":"ListItem","position":4,"name":"DM &#8211; Magnetic conveyors"}]}]}},"_links":{"self":[{"href":"https:\/\/astos.cz\/en\/wp-json\/wp\/v2\/pages\/4692"}],"collection":[{"href":"https:\/\/astos.cz\/en\/wp-json\/wp\/v2\/pages"}],"about":[{"href":"https:\/\/astos.cz\/en\/wp-json\/wp\/v2\/types\/page"}],"author":[{"embeddable":true,"href":"https:\/\/astos.cz\/en\/wp-json\/wp\/v2\/users\/6"}],"replies":[{"embeddable":true,"href":"https:\/\/astos.cz\/en\/wp-json\/wp\/v2\/comments?post=4692"}],"version-history":[{"count":12,"href":"https:\/\/astos.cz\/en\/wp-json\/wp\/v2\/pages\/4692\/revisions"}],"predecessor-version":[{"id":9733,"href":"https:\/\/astos.cz\/en\/wp-json\/wp\/v2\/pages\/4692\/revisions\/9733"}],"up":[{"embeddable":true,"href":"https:\/\/astos.cz\/en\/wp-json\/wp\/v2\/pages\/4656"}],"wp:featuredmedia":[{"embeddable":true,"href":"https:\/\/astos.cz\/en\/wp-json\/wp\/v2\/media\/4696"}],"wp:attachment":[{"href":"https:\/\/astos.cz\/en\/wp-json\/wp\/v2\/media?parent=4692"}],"wp:term":[{"taxonomy":"category","embeddable":true,"href":"https:\/\/astos.cz\/en\/wp-json\/wp\/v2\/categories?post=4692"},{"taxonomy":"post_tag","embeddable":true,"href":"https:\/\/astos.cz\/en\/wp-json\/wp\/v2\/tags?post=4692"}],"curies":[{"name":"wp","href":"https:\/\/api.w.org\/{rel}","templated":true}]}}