{"id":4674,"date":"2016-03-03T15:09:21","date_gmt":"2016-03-03T14:09:21","guid":{"rendered":"https:\/\/astos.cz\/en\/nase-vyrobky\/dopravnikove-systemy\/hrablove-dopravniky\/"},"modified":"2022-04-19T11:54:41","modified_gmt":"2022-04-19T10:54:41","slug":"hrablove-dopravniky","status":"publish","type":"page","link":"https:\/\/astos.cz\/en\/nase-vyrobky\/dopravnikove-systemy\/hrablove-dopravniky\/","title":{"rendered":"DHR &#8211; Scraper conveyor for CNC machines"},"content":{"rendered":"<div id=\"pl-4674\"  class=\"panel-layout\" ><div id=\"pg-4674-0\"  class=\"panel-grid panel-no-style\" ><div id=\"pgc-4674-0-0\"  class=\"panel-grid-cell\" ><div id=\"panel-4674-0-0-0\" class=\"so-panel widget widget_black-studio-tinymce widget_black_studio_tinymce panel-first-child panel-last-child\" data-index=\"0\" ><div class=\"textwidget\"><h3 style=\"margin-top: 0px;\">Scraper Conveyor<\/h3>\n<p>Scraper chip conveyors are designed for transport of fine broken chips, needle chips and short steel chips. It is particularly well suited for aluminium, aluminium alloys and nonferrous metal swarf generated by metal cutting operations. In order to separate the fine particles from coolant, scraper conveyors are fitted with coolant sludge discharge slot filter or combined with the drum filter. Scraper conveyors can be used for transport of loose material. It is not suited for conveying clots of metal chip swarf.<\/p>\n<p>For longer wear life of a conveyor we advise reinforcement of the frame and the belt with HARDOX - hardened wear resistant steel plate.<\/p>\n<p><a href=\"https:\/\/astos.cz\/wp-content\/uploads\/2016\/03\/dopravnik-doubledecker.jpg\"  rel=\"lightbox[4674] attachment wp-att-3262\"><img class=\"alignnone wp-image-3262\" src=\"https:\/\/astos.cz\/wp-content\/uploads\/2016\/03\/dopravnik-doubledecker.jpg\" alt=\"dopravnik-doubledecker\" width=\"820\" height=\"527\" \/><\/a><\/p>\n<\/div><\/div><\/div><\/div><div id=\"pg-4674-1\"  class=\"panel-grid panel-no-style\" ><div id=\"pgc-4674-1-0\"  class=\"panel-grid-cell\" ><div id=\"panel-4674-1-0-0\" class=\"so-panel widget widget_black-studio-tinymce widget_black_studio_tinymce panel-first-child\" data-index=\"1\" ><div class=\"panel-widget-style panel-widget-style-for-4674-1-0-0\" ><div class=\"textwidget\"><h4 class=\"alternative-heading\">Categories according to link pitch<\/h4>\n<\/div><\/div><\/div><div id=\"panel-4674-1-0-1\" class=\"so-panel widget widget_pt_brochure_box widget-brochure-box\" data-index=\"2\" >\t\t\t<a class=\"brochure-box\" href=\"https:\/\/astos.cz\/wp-content\/uploads\/2016\/03\/schema_DHR_40-EN.pdf\" target=\"_blank\">\n\t\t\t\t<i class=\"fa  fa-file-pdf-o\"><\/i>\n\t\t\t\t<h5 class=\"brochure-box__text\">For lightweight industrial with the pitch of <strong>t=40<\/strong><\/h5>\n\t\t\t<\/a>\n\n\t\t\t<\/div><div id=\"panel-4674-1-0-2\" class=\"so-panel widget widget_pt_brochure_box widget-brochure-box panel-last-child\" data-index=\"3\" >\t\t\t<a class=\"brochure-box\" href=\"https:\/\/astos.cz\/wp-content\/uploads\/2016\/03\/schema_DHR_63-EN.pdf\" target=\"_blank\">\n\t\t\t\t<i class=\"fa  fa-file-pdf-o\"><\/i>\n\t\t\t\t<h5 class=\"brochure-box__text\">For moderate weight industrial with the pitch of <strong>t=63<\/strong><\/h5>\n\t\t\t<\/a>\n\n\t\t\t<\/div><\/div><div id=\"pgc-4674-1-1\"  class=\"panel-grid-cell\" ><div id=\"panel-4674-1-1-0\" class=\"so-panel widget widget_black-studio-tinymce widget_black_studio_tinymce panel-first-child panel-last-child\" data-index=\"4\" ><div class=\"textwidget\"><p><a href=\"https:\/\/astos.cz\/wp-content\/uploads\/2016\/03\/detail-dopravniku-doubledecker.jpg\"  rel=\"lightbox[4674] attachment wp-att-3261\"><img class=\"alignnone wp-image-3261\" src=\"https:\/\/astos.cz\/wp-content\/uploads\/2016\/03\/detail-dopravniku-doubledecker.jpg\" alt=\"detail-dopravniku-doubledecker\" width=\"410\" height=\"264\" \/><\/a><\/p>\n<\/div><\/div><\/div><\/div><div id=\"pg-4674-2\"  class=\"panel-grid panel-no-style\" ><div id=\"pgc-4674-2-0\"  class=\"panel-grid-cell\" ><div id=\"panel-4674-2-0-0\" class=\"so-panel widget widget_black-studio-tinymce widget_black_studio_tinymce panel-first-child panel-last-child\" data-index=\"5\" ><div class=\"textwidget\"><h4 class=\"alternative-heading\" style=\"margin-top: 10px;\">Classification as per shape<\/h4>\n<p><div id='gallery-1' class='gallery galleryid-4674 gallery-columns-3 gallery-size-medium'><figure class='gallery-item'>\n\t\t\t<div class='gallery-icon landscape'>\n\t\t\t\t<a href='https:\/\/astos.cz\/wp-content\/uploads\/2016\/03\/CDT-prime-EN.jpg' rel=\"lightbox[4674]\"><img width=\"300\" height=\"193\" src=\"https:\/\/astos.cz\/wp-content\/uploads\/2016\/03\/CDT-prime-EN-300x193.jpg\" class=\"attachment-medium size-medium\" alt=\"\" loading=\"lazy\" srcset=\"https:\/\/astos.cz\/wp-content\/uploads\/2016\/03\/CDT-prime-EN-300x193.jpg 300w, https:\/\/astos.cz\/wp-content\/uploads\/2016\/03\/CDT-prime-EN-555x357.jpg 555w, https:\/\/astos.cz\/wp-content\/uploads\/2016\/03\/CDT-prime-EN.jpg 700w\" sizes=\"(max-width: 300px) 100vw, 300px\" \/><\/a>\n\t\t\t<\/div><\/figure><figure class='gallery-item'>\n\t\t\t<div class='gallery-icon landscape'>\n\t\t\t\t<a href='https:\/\/astos.cz\/wp-content\/uploads\/2016\/03\/CDT-1_lomene-EN.jpg' rel=\"lightbox[4674]\"><img width=\"300\" height=\"193\" src=\"https:\/\/astos.cz\/wp-content\/uploads\/2016\/03\/CDT-1_lomene-EN-300x193.jpg\" class=\"attachment-medium size-medium\" alt=\"\" loading=\"lazy\" srcset=\"https:\/\/astos.cz\/wp-content\/uploads\/2016\/03\/CDT-1_lomene-EN-300x193.jpg 300w, https:\/\/astos.cz\/wp-content\/uploads\/2016\/03\/CDT-1_lomene-EN-555x357.jpg 555w, https:\/\/astos.cz\/wp-content\/uploads\/2016\/03\/CDT-1_lomene-EN.jpg 700w\" sizes=\"(max-width: 300px) 100vw, 300px\" \/><\/a>\n\t\t\t<\/div><\/figure><figure class='gallery-item'>\n\t\t\t<div class='gallery-icon landscape'>\n\t\t\t\t<a href='https:\/\/astos.cz\/wp-content\/uploads\/2016\/03\/CDT-2_lomene-EN.jpg' rel=\"lightbox[4674]\"><img width=\"300\" height=\"193\" src=\"https:\/\/astos.cz\/wp-content\/uploads\/2016\/03\/CDT-2_lomene-EN-300x193.jpg\" class=\"attachment-medium size-medium\" alt=\"\" loading=\"lazy\" srcset=\"https:\/\/astos.cz\/wp-content\/uploads\/2016\/03\/CDT-2_lomene-EN-300x193.jpg 300w, https:\/\/astos.cz\/wp-content\/uploads\/2016\/03\/CDT-2_lomene-EN-555x357.jpg 555w, https:\/\/astos.cz\/wp-content\/uploads\/2016\/03\/CDT-2_lomene-EN.jpg 700w\" sizes=\"(max-width: 300px) 100vw, 300px\" \/><\/a>\n\t\t\t<\/div><\/figure>\n\t\t<\/div>\n<\/p>\n<p>It is important to choose the form of the conveyor according to the schematic drawing showed in the <a href=\"https:\/\/astos.cz\/en\/ke-stazeni\/produktove-listy\/\">catalogue<\/a>. The drawings show the key dimensions. It is necessary to enter the dimensions L1, L2, L3 into the <a href=\"https:\/\/astos.cz\/en\/ke-stazeni\/poptavkove-formulare\/\">Inquiry form<\/a>.<\/p>\n<\/div><\/div><\/div><\/div><div id=\"pg-4674-3\"  class=\"panel-grid panel-no-style\" ><div id=\"pgc-4674-3-0\"  class=\"panel-grid-cell\" ><div id=\"panel-4674-3-0-0\" class=\"so-panel widget widget_black-studio-tinymce widget_black_studio_tinymce panel-first-child panel-last-child\" data-index=\"6\" ><div class=\"textwidget\"><h4 class=\"alternative-heading\">Section<\/h4>\n<p><div id='gallery-2' class='gallery galleryid-4674 gallery-columns-3 gallery-size-medium'><figure class='gallery-item'>\n\t\t\t<div class='gallery-icon landscape'>\n\t\t\t\t<a href='https:\/\/astos.cz\/wp-content\/uploads\/2016\/03\/schema_DHR_40.jpg' rel=\"lightbox[4674]\"><img width=\"300\" height=\"193\" src=\"https:\/\/astos.cz\/wp-content\/uploads\/2016\/03\/schema_DHR_40-300x193.jpg\" class=\"attachment-medium size-medium\" alt=\"\" loading=\"lazy\" srcset=\"https:\/\/astos.cz\/wp-content\/uploads\/2016\/03\/schema_DHR_40-300x193.jpg 300w, https:\/\/astos.cz\/wp-content\/uploads\/2016\/03\/schema_DHR_40-555x357.jpg 555w, https:\/\/astos.cz\/wp-content\/uploads\/2016\/03\/schema_DHR_40.jpg 700w\" sizes=\"(max-width: 300px) 100vw, 300px\" \/><\/a>\n\t\t\t<\/div><\/figure><figure class='gallery-item'>\n\t\t\t<div class='gallery-icon landscape'>\n\t\t\t\t<a href='https:\/\/astos.cz\/wp-content\/uploads\/2016\/03\/schema_DHR_63.jpg' rel=\"lightbox[4674]\"><img width=\"300\" height=\"193\" src=\"https:\/\/astos.cz\/wp-content\/uploads\/2016\/03\/schema_DHR_63-300x193.jpg\" class=\"attachment-medium size-medium\" alt=\"\" loading=\"lazy\" srcset=\"https:\/\/astos.cz\/wp-content\/uploads\/2016\/03\/schema_DHR_63-300x193.jpg 300w, https:\/\/astos.cz\/wp-content\/uploads\/2016\/03\/schema_DHR_63-555x357.jpg 555w, https:\/\/astos.cz\/wp-content\/uploads\/2016\/03\/schema_DHR_63.jpg 700w\" sizes=\"(max-width: 300px) 100vw, 300px\" \/><\/a>\n\t\t\t<\/div><\/figure>\n\t\t<\/div>\n<\/p>\n<p><strong>Notes: It is necessary to adhere to given height of the frame. Parameter A is conforming to customer\u2019s requirements. <\/strong><br \/>\nIf you need further assistance or have any special requirements related to scraper conveyors, please do not hesitate to contact our team of experts. <a href=\"https:\/\/astos.cz\/en\/kontakty\/dulezite-kontakty\/\">Contact information.<\/a><\/p>\n<\/div><\/div><\/div><\/div><\/div>","protected":false},"excerpt":{"rendered":"<p>Scraper chip conveyors are designed for transport of fine broken chips, needle chips and<\/p>\n","protected":false},"author":6,"featured_media":4682,"parent":4656,"menu_order":0,"comment_status":"closed","ping_status":"closed","template":"","meta":[],"categories":[107],"tags":[],"yoast_head":"<!-- This site is optimized with the Yoast SEO plugin v18.5.1 - https:\/\/yoast.com\/wordpress\/plugins\/seo\/ -->\n<title>DHR - Scraper conveyor for CNC machines | ASTOS Machinery<\/title>\n<meta name=\"robots\" content=\"index, follow, max-snippet:-1, max-image-preview:large, max-video-preview:-1\" \/>\n<link rel=\"canonical\" href=\"https:\/\/astos.cz\/en\/nase-vyrobky\/dopravnikove-systemy\/hrablove-dopravniky\/\" \/>\n<meta property=\"og:locale\" content=\"en_US\" \/>\n<meta property=\"og:type\" content=\"article\" \/>\n<meta property=\"og:title\" content=\"DHR - Scraper conveyor for CNC machines | ASTOS Machinery\" \/>\n<meta property=\"og:description\" content=\"Scraper chip conveyors are designed for transport of fine broken chips, needle chips and\" \/>\n<meta property=\"og:url\" content=\"https:\/\/astos.cz\/en\/nase-vyrobky\/dopravnikove-systemy\/hrablove-dopravniky\/\" \/>\n<meta property=\"og:site_name\" content=\"ASTOS Machinery\" \/>\n<meta property=\"article:modified_time\" content=\"2022-04-19T10:54:41+00:00\" \/>\n<meta property=\"og:image\" content=\"https:\/\/astos.cz\/wp-content\/uploads\/2016\/02\/DHR-Hrablove.jpg\" \/>\n\t<meta property=\"og:image:width\" content=\"1140\" \/>\n\t<meta property=\"og:image:height\" content=\"640\" \/>\n\t<meta property=\"og:image:type\" content=\"image\/jpeg\" \/>\n<meta name=\"twitter:card\" content=\"summary\" \/>\n<meta name=\"twitter:label1\" content=\"Est. reading time\" \/>\n\t<meta name=\"twitter:data1\" content=\"1 minute\" \/>\n<script type=\"application\/ld+json\" class=\"yoast-schema-graph\">{\"@context\":\"https:\/\/schema.org\",\"@graph\":[{\"@type\":\"WebSite\",\"@id\":\"https:\/\/astos.cz\/#website\",\"url\":\"https:\/\/astos.cz\/\",\"name\":\"ASTOS Machinery\",\"description\":\"Specialista na dopravn\u00edkov\u00e9 syst\u00e9my a krytov\u00e1n\u00ed stroj\u016f\",\"potentialAction\":[{\"@type\":\"SearchAction\",\"target\":{\"@type\":\"EntryPoint\",\"urlTemplate\":\"https:\/\/astos.cz\/?s={search_term_string}\"},\"query-input\":\"required name=search_term_string\"}],\"inLanguage\":\"en-US\"},{\"@type\":\"ImageObject\",\"@id\":\"https:\/\/astos.cz\/en\/nase-vyrobky\/dopravnikove-systemy\/hrablove-dopravniky\/#primaryimage\",\"inLanguage\":\"en-US\",\"url\":\"https:\/\/astos.cz\/wp-content\/uploads\/2016\/02\/DHR-Hrablove.jpg\",\"contentUrl\":\"https:\/\/astos.cz\/wp-content\/uploads\/2016\/02\/DHR-Hrablove.jpg\",\"width\":1140,\"height\":640},{\"@type\":\"WebPage\",\"@id\":\"https:\/\/astos.cz\/en\/nase-vyrobky\/dopravnikove-systemy\/hrablove-dopravniky\/#webpage\",\"url\":\"https:\/\/astos.cz\/en\/nase-vyrobky\/dopravnikove-systemy\/hrablove-dopravniky\/\",\"name\":\"DHR - Scraper conveyor for CNC machines | ASTOS Machinery\",\"isPartOf\":{\"@id\":\"https:\/\/astos.cz\/#website\"},\"primaryImageOfPage\":{\"@id\":\"https:\/\/astos.cz\/en\/nase-vyrobky\/dopravnikove-systemy\/hrablove-dopravniky\/#primaryimage\"},\"datePublished\":\"2016-03-03T14:09:21+00:00\",\"dateModified\":\"2022-04-19T10:54:41+00:00\",\"breadcrumb\":{\"@id\":\"https:\/\/astos.cz\/en\/nase-vyrobky\/dopravnikove-systemy\/hrablove-dopravniky\/#breadcrumb\"},\"inLanguage\":\"en-US\",\"potentialAction\":[{\"@type\":\"ReadAction\",\"target\":[\"https:\/\/astos.cz\/en\/nase-vyrobky\/dopravnikove-systemy\/hrablove-dopravniky\/\"]}]},{\"@type\":\"BreadcrumbList\",\"@id\":\"https:\/\/astos.cz\/en\/nase-vyrobky\/dopravnikove-systemy\/hrablove-dopravniky\/#breadcrumb\",\"itemListElement\":[{\"@type\":\"ListItem\",\"position\":1,\"name\":\"Dom\u016f\",\"item\":\"https:\/\/astos.cz\/en\/\"},{\"@type\":\"ListItem\",\"position\":2,\"name\":\"Our Products\",\"item\":\"https:\/\/astos.cz\/en\/nase-vyrobky\/\"},{\"@type\":\"ListItem\",\"position\":3,\"name\":\"Conveyor systems\",\"item\":\"https:\/\/astos.cz\/en\/nase-vyrobky\/dopravnikove-systemy\/\"},{\"@type\":\"ListItem\",\"position\":4,\"name\":\"DHR &#8211; Scraper conveyor for CNC machines\"}]}]}<\/script>\n<!-- \/ Yoast SEO plugin. -->","yoast_head_json":{"title":"DHR - Scraper conveyor for CNC machines | ASTOS Machinery","robots":{"index":"index","follow":"follow","max-snippet":"max-snippet:-1","max-image-preview":"max-image-preview:large","max-video-preview":"max-video-preview:-1"},"canonical":"https:\/\/astos.cz\/en\/nase-vyrobky\/dopravnikove-systemy\/hrablove-dopravniky\/","og_locale":"en_US","og_type":"article","og_title":"DHR - Scraper conveyor for CNC machines | ASTOS Machinery","og_description":"Scraper chip conveyors are designed for transport of fine broken chips, needle chips and","og_url":"https:\/\/astos.cz\/en\/nase-vyrobky\/dopravnikove-systemy\/hrablove-dopravniky\/","og_site_name":"ASTOS Machinery","article_modified_time":"2022-04-19T10:54:41+00:00","og_image":[{"width":1140,"height":640,"url":"https:\/\/astos.cz\/wp-content\/uploads\/2016\/02\/DHR-Hrablove.jpg","type":"image\/jpeg"}],"twitter_card":"summary","twitter_misc":{"Est. reading time":"1 minute"},"schema":{"@context":"https:\/\/schema.org","@graph":[{"@type":"WebSite","@id":"https:\/\/astos.cz\/#website","url":"https:\/\/astos.cz\/","name":"ASTOS Machinery","description":"Specialista na dopravn\u00edkov\u00e9 syst\u00e9my a krytov\u00e1n\u00ed stroj\u016f","potentialAction":[{"@type":"SearchAction","target":{"@type":"EntryPoint","urlTemplate":"https:\/\/astos.cz\/?s={search_term_string}"},"query-input":"required name=search_term_string"}],"inLanguage":"en-US"},{"@type":"ImageObject","@id":"https:\/\/astos.cz\/en\/nase-vyrobky\/dopravnikove-systemy\/hrablove-dopravniky\/#primaryimage","inLanguage":"en-US","url":"https:\/\/astos.cz\/wp-content\/uploads\/2016\/02\/DHR-Hrablove.jpg","contentUrl":"https:\/\/astos.cz\/wp-content\/uploads\/2016\/02\/DHR-Hrablove.jpg","width":1140,"height":640},{"@type":"WebPage","@id":"https:\/\/astos.cz\/en\/nase-vyrobky\/dopravnikove-systemy\/hrablove-dopravniky\/#webpage","url":"https:\/\/astos.cz\/en\/nase-vyrobky\/dopravnikove-systemy\/hrablove-dopravniky\/","name":"DHR - Scraper conveyor for CNC machines | ASTOS Machinery","isPartOf":{"@id":"https:\/\/astos.cz\/#website"},"primaryImageOfPage":{"@id":"https:\/\/astos.cz\/en\/nase-vyrobky\/dopravnikove-systemy\/hrablove-dopravniky\/#primaryimage"},"datePublished":"2016-03-03T14:09:21+00:00","dateModified":"2022-04-19T10:54:41+00:00","breadcrumb":{"@id":"https:\/\/astos.cz\/en\/nase-vyrobky\/dopravnikove-systemy\/hrablove-dopravniky\/#breadcrumb"},"inLanguage":"en-US","potentialAction":[{"@type":"ReadAction","target":["https:\/\/astos.cz\/en\/nase-vyrobky\/dopravnikove-systemy\/hrablove-dopravniky\/"]}]},{"@type":"BreadcrumbList","@id":"https:\/\/astos.cz\/en\/nase-vyrobky\/dopravnikove-systemy\/hrablove-dopravniky\/#breadcrumb","itemListElement":[{"@type":"ListItem","position":1,"name":"Dom\u016f","item":"https:\/\/astos.cz\/en\/"},{"@type":"ListItem","position":2,"name":"Our Products","item":"https:\/\/astos.cz\/en\/nase-vyrobky\/"},{"@type":"ListItem","position":3,"name":"Conveyor systems","item":"https:\/\/astos.cz\/en\/nase-vyrobky\/dopravnikove-systemy\/"},{"@type":"ListItem","position":4,"name":"DHR &#8211; Scraper conveyor for CNC machines"}]}]}},"_links":{"self":[{"href":"https:\/\/astos.cz\/en\/wp-json\/wp\/v2\/pages\/4674"}],"collection":[{"href":"https:\/\/astos.cz\/en\/wp-json\/wp\/v2\/pages"}],"about":[{"href":"https:\/\/astos.cz\/en\/wp-json\/wp\/v2\/types\/page"}],"author":[{"embeddable":true,"href":"https:\/\/astos.cz\/en\/wp-json\/wp\/v2\/users\/6"}],"replies":[{"embeddable":true,"href":"https:\/\/astos.cz\/en\/wp-json\/wp\/v2\/comments?post=4674"}],"version-history":[{"count":21,"href":"https:\/\/astos.cz\/en\/wp-json\/wp\/v2\/pages\/4674\/revisions"}],"predecessor-version":[{"id":9729,"href":"https:\/\/astos.cz\/en\/wp-json\/wp\/v2\/pages\/4674\/revisions\/9729"}],"up":[{"embeddable":true,"href":"https:\/\/astos.cz\/en\/wp-json\/wp\/v2\/pages\/4656"}],"wp:featuredmedia":[{"embeddable":true,"href":"https:\/\/astos.cz\/en\/wp-json\/wp\/v2\/media\/4682"}],"wp:attachment":[{"href":"https:\/\/astos.cz\/en\/wp-json\/wp\/v2\/media?parent=4674"}],"wp:term":[{"taxonomy":"category","embeddable":true,"href":"https:\/\/astos.cz\/en\/wp-json\/wp\/v2\/categories?post=4674"},{"taxonomy":"post_tag","embeddable":true,"href":"https:\/\/astos.cz\/en\/wp-json\/wp\/v2\/tags?post=4674"}],"curies":[{"name":"wp","href":"https:\/\/api.w.org\/{rel}","templated":true}]}}