{"id":4666,"date":"2016-03-03T14:50:15","date_gmt":"2016-03-03T13:50:15","guid":{"rendered":"https:\/\/astos.cz\/en\/nase-vyrobky\/dopravnikove-systemy\/dopravniky-k-lisum\/"},"modified":"2022-04-19T11:53:40","modified_gmt":"2022-04-19T10:53:40","slug":"dopravniky-k-lisum","status":"publish","type":"page","link":"https:\/\/astos.cz\/en\/nase-vyrobky\/dopravnikove-systemy\/dopravniky-k-lisum\/","title":{"rendered":"CDT &#8211; Hinged steel belt conveyors for stamping facilities"},"content":{"rendered":"<div id=\"pl-4666\"  class=\"panel-layout\" ><div id=\"pg-4666-0\"  class=\"panel-grid panel-no-style\" ><div id=\"pgc-4666-0-0\"  class=\"panel-grid-cell\" ><div id=\"panel-4666-0-0-0\" class=\"so-panel widget widget_black-studio-tinymce widget_black_studio_tinymce panel-first-child\" data-index=\"0\" ><div class=\"panel-widget-style panel-widget-style-for-4666-0-0-0\" ><div class=\"textwidget\"><h3 style=\"margin-top: 0px\">Hinged steel belt conveyor for stam<\/h3>\nHinged steel belt conveyor for industrial power press is engineered for conveying stamping scrap in the metal forming industry.\nFor longer wear life of a conveyor we advise reinforcement of the case and the belt with HARDOX - hardened wear resistant steel plate.\n\n<a href=\"https:\/\/astos.cz\/wp-content\/uploads\/2016\/02\/CDT-clankove-lisum.jpg\"  rel=\"lightbox[4666] attachment wp-att-2899\"><img class=\"alignnone wp-image-2899\" src=\"https:\/\/astos.cz\/wp-content\/uploads\/2016\/02\/CDT-clankove-lisum.jpg\" alt=\"CDT-clankove-lisum\" width=\"820\" height=\"460\" \/><\/a><\/div><\/div><\/div><div id=\"panel-4666-0-0-1\" class=\"so-panel widget widget_black-studio-tinymce widget_black_studio_tinymce\" data-index=\"1\" ><div class=\"textwidget\"><h4 class=\"alternative-heading\">Categories according to link pitch<\/h4>\n<p>Conveyors for industrial press are manufactured in three different dimensions of the hinged belt link pitch:<\/p>\n<ul>\n<li>For lightweight stamping scrap (up to 0, 5 m) with the pitch of t=63<\/li>\n<li>For moderate size stamping scrap (up to 1 m) with the pitch of t=100<\/li>\n<li>For heavy industrial stamping scrap (from 1 m) with the link pitch of t=160<\/li>\n<\/ul>\n<h4 class=\"alternative-heading\">Classification as per shape<\/h4>\n<p><div id='gallery-1' class='gallery galleryid-4666 gallery-columns-3 gallery-size-medium'><figure class='gallery-item'>\n\t\t\t<div class='gallery-icon landscape'>\n\t\t\t\t<a href='https:\/\/astos.cz\/wp-content\/uploads\/2016\/03\/CDT-prime-EN.jpg' rel=\"lightbox[4666]\"><img width=\"300\" height=\"193\" src=\"https:\/\/astos.cz\/wp-content\/uploads\/2016\/03\/CDT-prime-EN-300x193.jpg\" class=\"attachment-medium size-medium\" alt=\"\" loading=\"lazy\" srcset=\"https:\/\/astos.cz\/wp-content\/uploads\/2016\/03\/CDT-prime-EN-300x193.jpg 300w, https:\/\/astos.cz\/wp-content\/uploads\/2016\/03\/CDT-prime-EN-555x357.jpg 555w, https:\/\/astos.cz\/wp-content\/uploads\/2016\/03\/CDT-prime-EN.jpg 700w\" sizes=\"(max-width: 300px) 100vw, 300px\" \/><\/a>\n\t\t\t<\/div><\/figure><figure class='gallery-item'>\n\t\t\t<div class='gallery-icon landscape'>\n\t\t\t\t<a href='https:\/\/astos.cz\/wp-content\/uploads\/2016\/03\/CDT-1_lomene-EN.jpg' rel=\"lightbox[4666]\"><img width=\"300\" height=\"193\" src=\"https:\/\/astos.cz\/wp-content\/uploads\/2016\/03\/CDT-1_lomene-EN-300x193.jpg\" class=\"attachment-medium size-medium\" alt=\"\" loading=\"lazy\" srcset=\"https:\/\/astos.cz\/wp-content\/uploads\/2016\/03\/CDT-1_lomene-EN-300x193.jpg 300w, https:\/\/astos.cz\/wp-content\/uploads\/2016\/03\/CDT-1_lomene-EN-555x357.jpg 555w, https:\/\/astos.cz\/wp-content\/uploads\/2016\/03\/CDT-1_lomene-EN.jpg 700w\" sizes=\"(max-width: 300px) 100vw, 300px\" \/><\/a>\n\t\t\t<\/div><\/figure><figure class='gallery-item'>\n\t\t\t<div class='gallery-icon landscape'>\n\t\t\t\t<a href='https:\/\/astos.cz\/wp-content\/uploads\/2016\/03\/CDT-2_lomene-EN.jpg' rel=\"lightbox[4666]\"><img width=\"300\" height=\"193\" src=\"https:\/\/astos.cz\/wp-content\/uploads\/2016\/03\/CDT-2_lomene-EN-300x193.jpg\" class=\"attachment-medium size-medium\" alt=\"\" loading=\"lazy\" srcset=\"https:\/\/astos.cz\/wp-content\/uploads\/2016\/03\/CDT-2_lomene-EN-300x193.jpg 300w, https:\/\/astos.cz\/wp-content\/uploads\/2016\/03\/CDT-2_lomene-EN-555x357.jpg 555w, https:\/\/astos.cz\/wp-content\/uploads\/2016\/03\/CDT-2_lomene-EN.jpg 700w\" sizes=\"(max-width: 300px) 100vw, 300px\" \/><\/a>\n\t\t\t<\/div><\/figure>\n\t\t<\/div>\n<\/p>\n<p>The drive of the conveyor can be either on left or right hand side.<\/p>\n<p>We can provide automated stamping scrap handling systems communicating directly with the stamping facility and its additional peripheral devices. The precise level control of skip inflow can be achieved in two possible ways.<\/p>\n<p>The sensor at the <strong>tipping hopper<\/strong> continuously scans the level of the surcharge angle of the scrap<br \/>\nand hence the scrap container usage is optimized.<\/p>\n<p>The other possibility to ensure even skipinflow is by a <strong>weight sensor<\/strong>. By consequently interconnecting several features we ensure the system delivers fully automated scrap transport.<\/p>\n<p><a href=\"https:\/\/astos.cz\/en\/ke-stazeni\/poptavkove-formulare\/\">Inquiry form to download here.<\/a><\/p>\n<\/div><\/div><div id=\"panel-4666-0-0-2\" class=\"so-panel widget widget_siteorigin-panels-builder panel-last-child\" data-index=\"2\" ><div class=\"panel-widget-style panel-widget-style-for-4666-0-0-2\" ><div id=\"pl-w625e9495a84ac\"  class=\"panel-layout\" ><div id=\"pg-w625e9495a84ac-0\"  class=\"panel-grid panel-no-style\" ><div id=\"pgc-w625e9495a84ac-0-0\"  class=\"panel-grid-cell\" ><div id=\"panel-w625e9495a84ac-0-0-0\" class=\"so-panel widget widget_black-studio-tinymce widget_black_studio_tinymce panel-first-child panel-last-child\" data-index=\"0\" ><div class=\"textwidget\"><a href=\"https:\/\/astos.cz\/wp-content\/uploads\/2016\/03\/CDT-panel_siemens_2.jpg\"  rel=\"lightbox[4666] attachment wp-att-3248\"><img class=\"alignnone wp-image-3248\" src=\"https:\/\/astos.cz\/wp-content\/uploads\/2016\/03\/CDT-panel_siemens_2.jpg\" alt=\"CDT-panel_siemens_2\" width=\"410\" height=\"264\" \/><\/a><\/div><\/div><\/div><div id=\"pgc-w625e9495a84ac-0-1\"  class=\"panel-grid-cell\" ><div id=\"panel-w625e9495a84ac-0-1-0\" class=\"so-panel widget widget_black-studio-tinymce widget_black_studio_tinymce panel-first-child panel-last-child\" data-index=\"1\" ><div class=\"textwidget\"><a href=\"https:\/\/astos.cz\/wp-content\/uploads\/2016\/03\/CDT-panel_siemens.jpg\"  rel=\"lightbox[4666] attachment wp-att-3247\"><img class=\"alignnone wp-image-3247\" src=\"https:\/\/astos.cz\/wp-content\/uploads\/2016\/03\/CDT-panel_siemens.jpg\" alt=\"CDT-panel_siemens\" width=\"410\" height=\"264\" \/><\/a><\/div><\/div><\/div><\/div><\/div><\/div><\/div><\/div><\/div><\/div>","protected":false},"excerpt":{"rendered":"<p>Hinged steel belt conveyor for industrial power press is engineered for conveying stamping scrap<\/p>\n","protected":false},"author":6,"featured_media":4669,"parent":4656,"menu_order":0,"comment_status":"closed","ping_status":"closed","template":"","meta":[],"categories":[107],"tags":[],"yoast_head":"<!-- This site is optimized with the Yoast SEO plugin v18.5.1 - https:\/\/yoast.com\/wordpress\/plugins\/seo\/ -->\n<title>CDT - Hinged steel belt conveyors for stamping facilities | ASTOS Machinery<\/title>\n<meta name=\"robots\" content=\"index, follow, max-snippet:-1, max-image-preview:large, max-video-preview:-1\" \/>\n<link rel=\"canonical\" href=\"https:\/\/astos.cz\/en\/nase-vyrobky\/dopravnikove-systemy\/dopravniky-k-lisum\/\" \/>\n<meta property=\"og:locale\" content=\"en_US\" \/>\n<meta property=\"og:type\" content=\"article\" \/>\n<meta property=\"og:title\" content=\"CDT - Hinged steel belt conveyors for stamping facilities | ASTOS Machinery\" \/>\n<meta property=\"og:description\" content=\"Hinged steel belt conveyor for industrial power press is engineered for conveying stamping scrap\" \/>\n<meta property=\"og:url\" content=\"https:\/\/astos.cz\/en\/nase-vyrobky\/dopravnikove-systemy\/dopravniky-k-lisum\/\" \/>\n<meta property=\"og:site_name\" content=\"ASTOS Machinery\" \/>\n<meta property=\"article:modified_time\" content=\"2022-04-19T10:53:40+00:00\" \/>\n<meta property=\"og:image\" content=\"https:\/\/astos.cz\/wp-content\/uploads\/2016\/02\/CDT-clankove-lisum.jpg\" \/>\n\t<meta property=\"og:image:width\" content=\"1140\" \/>\n\t<meta property=\"og:image:height\" content=\"640\" \/>\n\t<meta property=\"og:image:type\" content=\"image\/jpeg\" \/>\n<meta name=\"twitter:card\" content=\"summary\" \/>\n<meta name=\"twitter:label1\" content=\"Est. reading time\" \/>\n\t<meta name=\"twitter:data1\" content=\"1 minute\" \/>\n<script type=\"application\/ld+json\" class=\"yoast-schema-graph\">{\"@context\":\"https:\/\/schema.org\",\"@graph\":[{\"@type\":\"WebSite\",\"@id\":\"https:\/\/astos.cz\/#website\",\"url\":\"https:\/\/astos.cz\/\",\"name\":\"ASTOS Machinery\",\"description\":\"Specialista na dopravn\u00edkov\u00e9 syst\u00e9my a krytov\u00e1n\u00ed stroj\u016f\",\"potentialAction\":[{\"@type\":\"SearchAction\",\"target\":{\"@type\":\"EntryPoint\",\"urlTemplate\":\"https:\/\/astos.cz\/?s={search_term_string}\"},\"query-input\":\"required name=search_term_string\"}],\"inLanguage\":\"en-US\"},{\"@type\":\"ImageObject\",\"@id\":\"https:\/\/astos.cz\/en\/nase-vyrobky\/dopravnikove-systemy\/dopravniky-k-lisum\/#primaryimage\",\"inLanguage\":\"en-US\",\"url\":\"https:\/\/astos.cz\/wp-content\/uploads\/2016\/02\/CDT-clankove-lisum.jpg\",\"contentUrl\":\"https:\/\/astos.cz\/wp-content\/uploads\/2016\/02\/CDT-clankove-lisum.jpg\",\"width\":1140,\"height\":640},{\"@type\":\"WebPage\",\"@id\":\"https:\/\/astos.cz\/en\/nase-vyrobky\/dopravnikove-systemy\/dopravniky-k-lisum\/#webpage\",\"url\":\"https:\/\/astos.cz\/en\/nase-vyrobky\/dopravnikove-systemy\/dopravniky-k-lisum\/\",\"name\":\"CDT - Hinged steel belt conveyors for stamping facilities | ASTOS Machinery\",\"isPartOf\":{\"@id\":\"https:\/\/astos.cz\/#website\"},\"primaryImageOfPage\":{\"@id\":\"https:\/\/astos.cz\/en\/nase-vyrobky\/dopravnikove-systemy\/dopravniky-k-lisum\/#primaryimage\"},\"datePublished\":\"2016-03-03T13:50:15+00:00\",\"dateModified\":\"2022-04-19T10:53:40+00:00\",\"breadcrumb\":{\"@id\":\"https:\/\/astos.cz\/en\/nase-vyrobky\/dopravnikove-systemy\/dopravniky-k-lisum\/#breadcrumb\"},\"inLanguage\":\"en-US\",\"potentialAction\":[{\"@type\":\"ReadAction\",\"target\":[\"https:\/\/astos.cz\/en\/nase-vyrobky\/dopravnikove-systemy\/dopravniky-k-lisum\/\"]}]},{\"@type\":\"BreadcrumbList\",\"@id\":\"https:\/\/astos.cz\/en\/nase-vyrobky\/dopravnikove-systemy\/dopravniky-k-lisum\/#breadcrumb\",\"itemListElement\":[{\"@type\":\"ListItem\",\"position\":1,\"name\":\"Dom\u016f\",\"item\":\"https:\/\/astos.cz\/en\/\"},{\"@type\":\"ListItem\",\"position\":2,\"name\":\"Our Products\",\"item\":\"https:\/\/astos.cz\/en\/nase-vyrobky\/\"},{\"@type\":\"ListItem\",\"position\":3,\"name\":\"Conveyor systems\",\"item\":\"https:\/\/astos.cz\/en\/nase-vyrobky\/dopravnikove-systemy\/\"},{\"@type\":\"ListItem\",\"position\":4,\"name\":\"CDT &#8211; Hinged steel belt conveyors for stamping facilities\"}]}]}<\/script>\n<!-- \/ Yoast SEO plugin. -->","yoast_head_json":{"title":"CDT - Hinged steel belt conveyors for stamping facilities | ASTOS Machinery","robots":{"index":"index","follow":"follow","max-snippet":"max-snippet:-1","max-image-preview":"max-image-preview:large","max-video-preview":"max-video-preview:-1"},"canonical":"https:\/\/astos.cz\/en\/nase-vyrobky\/dopravnikove-systemy\/dopravniky-k-lisum\/","og_locale":"en_US","og_type":"article","og_title":"CDT - Hinged steel belt conveyors for stamping facilities | ASTOS Machinery","og_description":"Hinged steel belt conveyor for industrial power press is engineered for conveying stamping scrap","og_url":"https:\/\/astos.cz\/en\/nase-vyrobky\/dopravnikove-systemy\/dopravniky-k-lisum\/","og_site_name":"ASTOS Machinery","article_modified_time":"2022-04-19T10:53:40+00:00","og_image":[{"width":1140,"height":640,"url":"https:\/\/astos.cz\/wp-content\/uploads\/2016\/02\/CDT-clankove-lisum.jpg","type":"image\/jpeg"}],"twitter_card":"summary","twitter_misc":{"Est. reading time":"1 minute"},"schema":{"@context":"https:\/\/schema.org","@graph":[{"@type":"WebSite","@id":"https:\/\/astos.cz\/#website","url":"https:\/\/astos.cz\/","name":"ASTOS Machinery","description":"Specialista na dopravn\u00edkov\u00e9 syst\u00e9my a krytov\u00e1n\u00ed stroj\u016f","potentialAction":[{"@type":"SearchAction","target":{"@type":"EntryPoint","urlTemplate":"https:\/\/astos.cz\/?s={search_term_string}"},"query-input":"required name=search_term_string"}],"inLanguage":"en-US"},{"@type":"ImageObject","@id":"https:\/\/astos.cz\/en\/nase-vyrobky\/dopravnikove-systemy\/dopravniky-k-lisum\/#primaryimage","inLanguage":"en-US","url":"https:\/\/astos.cz\/wp-content\/uploads\/2016\/02\/CDT-clankove-lisum.jpg","contentUrl":"https:\/\/astos.cz\/wp-content\/uploads\/2016\/02\/CDT-clankove-lisum.jpg","width":1140,"height":640},{"@type":"WebPage","@id":"https:\/\/astos.cz\/en\/nase-vyrobky\/dopravnikove-systemy\/dopravniky-k-lisum\/#webpage","url":"https:\/\/astos.cz\/en\/nase-vyrobky\/dopravnikove-systemy\/dopravniky-k-lisum\/","name":"CDT - Hinged steel belt conveyors for stamping facilities | ASTOS Machinery","isPartOf":{"@id":"https:\/\/astos.cz\/#website"},"primaryImageOfPage":{"@id":"https:\/\/astos.cz\/en\/nase-vyrobky\/dopravnikove-systemy\/dopravniky-k-lisum\/#primaryimage"},"datePublished":"2016-03-03T13:50:15+00:00","dateModified":"2022-04-19T10:53:40+00:00","breadcrumb":{"@id":"https:\/\/astos.cz\/en\/nase-vyrobky\/dopravnikove-systemy\/dopravniky-k-lisum\/#breadcrumb"},"inLanguage":"en-US","potentialAction":[{"@type":"ReadAction","target":["https:\/\/astos.cz\/en\/nase-vyrobky\/dopravnikove-systemy\/dopravniky-k-lisum\/"]}]},{"@type":"BreadcrumbList","@id":"https:\/\/astos.cz\/en\/nase-vyrobky\/dopravnikove-systemy\/dopravniky-k-lisum\/#breadcrumb","itemListElement":[{"@type":"ListItem","position":1,"name":"Dom\u016f","item":"https:\/\/astos.cz\/en\/"},{"@type":"ListItem","position":2,"name":"Our Products","item":"https:\/\/astos.cz\/en\/nase-vyrobky\/"},{"@type":"ListItem","position":3,"name":"Conveyor systems","item":"https:\/\/astos.cz\/en\/nase-vyrobky\/dopravnikove-systemy\/"},{"@type":"ListItem","position":4,"name":"CDT &#8211; Hinged steel belt conveyors for stamping facilities"}]}]}},"_links":{"self":[{"href":"https:\/\/astos.cz\/en\/wp-json\/wp\/v2\/pages\/4666"}],"collection":[{"href":"https:\/\/astos.cz\/en\/wp-json\/wp\/v2\/pages"}],"about":[{"href":"https:\/\/astos.cz\/en\/wp-json\/wp\/v2\/types\/page"}],"author":[{"embeddable":true,"href":"https:\/\/astos.cz\/en\/wp-json\/wp\/v2\/users\/6"}],"replies":[{"embeddable":true,"href":"https:\/\/astos.cz\/en\/wp-json\/wp\/v2\/comments?post=4666"}],"version-history":[{"count":19,"href":"https:\/\/astos.cz\/en\/wp-json\/wp\/v2\/pages\/4666\/revisions"}],"predecessor-version":[{"id":9727,"href":"https:\/\/astos.cz\/en\/wp-json\/wp\/v2\/pages\/4666\/revisions\/9727"}],"up":[{"embeddable":true,"href":"https:\/\/astos.cz\/en\/wp-json\/wp\/v2\/pages\/4656"}],"wp:featuredmedia":[{"embeddable":true,"href":"https:\/\/astos.cz\/en\/wp-json\/wp\/v2\/media\/4669"}],"wp:attachment":[{"href":"https:\/\/astos.cz\/en\/wp-json\/wp\/v2\/media?parent=4666"}],"wp:term":[{"taxonomy":"category","embeddable":true,"href":"https:\/\/astos.cz\/en\/wp-json\/wp\/v2\/categories?post=4666"},{"taxonomy":"post_tag","embeddable":true,"href":"https:\/\/astos.cz\/en\/wp-json\/wp\/v2\/tags?post=4666"}],"curies":[{"name":"wp","href":"https:\/\/api.w.org\/{rel}","templated":true}]}}