{"id":4658,"date":"2016-03-03T13:34:02","date_gmt":"2016-03-03T12:34:02","guid":{"rendered":"https:\/\/astos.cz\/en\/nase-vyrobky\/dopravnikove-systemy\/dopravniky-trisek\/"},"modified":"2022-04-19T11:52:07","modified_gmt":"2022-04-19T10:52:07","slug":"dopravniky-trisek","status":"publish","type":"page","link":"https:\/\/astos.cz\/en\/nase-vyrobky\/dopravnikove-systemy\/dopravniky-trisek\/","title":{"rendered":"CDT &#8211; Hinged steel belt conveyor for CNC machines"},"content":{"rendered":"<div id=\"pl-4658\"  class=\"panel-layout\" ><div id=\"pg-4658-0\"  class=\"panel-grid panel-no-style\" ><div id=\"pgc-4658-0-0\"  class=\"panel-grid-cell\" ><div id=\"panel-4658-0-0-0\" class=\"so-panel widget widget_sow-editor panel-first-child\" data-index=\"0\" ><div class=\"so-widget-sow-editor so-widget-sow-editor-base\">\n<div class=\"siteorigin-widget-tinymce textwidget\">\n\t<h3 style=\"margin-top: 0px\">Hinged steel belt chip conveyors<\/h3>\n<p>Hinged steel belt chip conveyors satisfy an exceptionally wide range of bulk conveying applications. They are suitable for managing heavy swarf and chip loads, stringy chips, continuous and discontinuous chips, high speed segmented chips and chip curls. Hinged steel belt chip conveyors are less suited for small aluminium chips.<\/p>\n<p>For longer wear life of a conveyor we advise reinforcement of the frame and the belt with HARDOX - hardened wear resistant steel plate.<\/p>\n<p><a href=\"https:\/\/astos.cz\/wp-content\/uploads\/2016\/02\/CDT-clankove-CNC.jpg\"  rel=\"lightbox[4658] attachment wp-att-2898\"><img loading=\"lazy\" class=\"alignnone wp-image-2898\" src=\"https:\/\/astos.cz\/wp-content\/uploads\/2016\/02\/CDT-clankove-CNC.jpg\" alt=\"Fotografie dopravn\u00edku CDT k CNC\" width=\"820\" height=\"460\" srcset=\"https:\/\/astos.cz\/wp-content\/uploads\/2016\/02\/CDT-clankove-CNC.jpg 1140w, https:\/\/astos.cz\/wp-content\/uploads\/2016\/02\/CDT-clankove-CNC-300x168.jpg 300w, https:\/\/astos.cz\/wp-content\/uploads\/2016\/02\/CDT-clankove-CNC-1024x575.jpg 1024w, https:\/\/astos.cz\/wp-content\/uploads\/2016\/02\/CDT-clankove-CNC-555x312.jpg 555w\" sizes=\"(max-width: 820px) 100vw, 820px\" \/><\/a><\/p>\n<\/div>\n<\/div><\/div><div id=\"panel-4658-0-0-1\" class=\"so-panel widget widget_sow-editor panel-last-child\" data-index=\"1\" ><div class=\"so-widget-sow-editor so-widget-sow-editor-base\">\n<div class=\"siteorigin-widget-tinymce textwidget\">\n\t<h4 class=\"alternative-heading\" style=\"margin-top: 0px\">Categories according to link pitch<\/h4>\n<p>Hinged belt type chip conveyors are available in three different dimensions of the hinged belt link pitch:<\/p>\n<\/div>\n<\/div><\/div><\/div><\/div><div id=\"pg-4658-1\"  class=\"panel-grid panel-no-style\" ><div id=\"pgc-4658-1-0\"  class=\"panel-grid-cell\" ><div id=\"panel-4658-1-0-0\" class=\"so-panel widget widget_pt_brochure_box widget-brochure-box panel-first-child\" data-index=\"2\" ><div class=\"panel-widget-style panel-widget-style-for-4658-1-0-0\" >\t\t\t<a class=\"brochure-box\" href=\"https:\/\/astos.cz\/wp-content\/uploads\/2016\/03\/CDT_40-EN.pdf\" target=\"_blank\">\n\t\t\t\t<i class=\"fa  fa-file-pdf-o\"><\/i>\n\t\t\t\t<h5 class=\"brochure-box__text\">For lightweight industrial with the link pitch of <strong>t=40<\/strong><\/h5>\n\t\t\t<\/a>\n\n\t\t\t<\/div><\/div><div id=\"panel-4658-1-0-1\" class=\"so-panel widget widget_pt_brochure_box widget-brochure-box\" data-index=\"3\" >\t\t\t<a class=\"brochure-box\" href=\"https:\/\/astos.cz\/wp-content\/uploads\/2016\/03\/CDT_63-EN.pdf\" target=\"_blank\">\n\t\t\t\t<i class=\"fa  fa-file-pdf-o\"><\/i>\n\t\t\t\t<h5 class=\"brochure-box__text\">For moderate weight industrial with the link pitch of <strong>t=63<\/strong><\/h5>\n\t\t\t<\/a>\n\n\t\t\t<\/div><div id=\"panel-4658-1-0-2\" class=\"so-panel widget widget_pt_brochure_box widget-brochure-box\" data-index=\"4\" >\t\t\t<a class=\"brochure-box\" href=\"https:\/\/astos.cz\/wp-content\/uploads\/2016\/03\/CDT_100-EN.pdf\" target=\"_blank\">\n\t\t\t\t<i class=\"fa  fa-file-pdf-o\"><\/i>\n\t\t\t\t<h5 class=\"brochure-box__text\">For heavy industrial  with the link pitch of <strong>t=100<\/strong><\/h5>\n\t\t\t<\/a>\n\n\t\t\t<\/div><div id=\"panel-4658-1-0-3\" class=\"so-panel widget widget_sow-editor panel-last-child\" data-index=\"5\" ><div class=\"panel-widget-style panel-widget-style-for-4658-1-0-3\" ><div class=\"so-widget-sow-editor so-widget-sow-editor-base\">\n<div class=\"siteorigin-widget-tinymce textwidget\">\n\t<p><a href=\"https:\/\/astos.cz\/wp-content\/uploads\/2016\/03\/cdt_100.jpg\"  rel=\"lightbox[4658] attachment wp-att-5113\"><img loading=\"lazy\" class=\"alignnone wp-image-5113\" src=\"https:\/\/astos.cz\/wp-content\/uploads\/2016\/03\/cdt_100.jpg\" alt=\"cdt_100\" width=\"410\" height=\"232\" style=\"margin-bottom: 0px; margin-top: 0px\" srcset=\"https:\/\/astos.cz\/wp-content\/uploads\/2016\/03\/cdt_100.jpg 848w, https:\/\/astos.cz\/wp-content\/uploads\/2016\/03\/cdt_100-300x170.jpg 300w, https:\/\/astos.cz\/wp-content\/uploads\/2016\/03\/cdt_100-768x435.jpg 768w, https:\/\/astos.cz\/wp-content\/uploads\/2016\/03\/cdt_100-555x314.jpg 555w\" sizes=\"(max-width: 410px) 100vw, 410px\" \/><\/a><\/p>\n<\/div>\n<\/div><\/div><\/div><\/div><div id=\"pgc-4658-1-1\"  class=\"panel-grid-cell\" ><div id=\"panel-4658-1-1-0\" class=\"so-panel widget widget_sow-editor panel-first-child panel-last-child\" data-index=\"6\" ><div class=\"so-widget-sow-editor so-widget-sow-editor-base\">\n<div class=\"siteorigin-widget-tinymce textwidget\">\n\t<p><a href=\"https:\/\/astos.cz\/wp-content\/uploads\/2016\/03\/cdt_40.jpg\"  rel=\"lightbox[4658] attachment wp-att-5092\"><img loading=\"lazy\" class=\"alignnone wp-image-5092\" src=\"https:\/\/astos.cz\/wp-content\/uploads\/2016\/03\/cdt_40.jpg\" alt=\"cdt_40\" width=\"410\" height=\"232\" srcset=\"https:\/\/astos.cz\/wp-content\/uploads\/2016\/03\/cdt_40.jpg 848w, https:\/\/astos.cz\/wp-content\/uploads\/2016\/03\/cdt_40-300x170.jpg 300w, https:\/\/astos.cz\/wp-content\/uploads\/2016\/03\/cdt_40-768x435.jpg 768w, https:\/\/astos.cz\/wp-content\/uploads\/2016\/03\/cdt_40-555x314.jpg 555w\" sizes=\"(max-width: 410px) 100vw, 410px\" \/><\/a><br \/>\n<a href=\"https:\/\/astos.cz\/wp-content\/uploads\/2016\/03\/cdt_63.jpg\"  rel=\"lightbox[4658] attachment wp-att-5110\"><img loading=\"lazy\" class=\"alignnone wp-image-5110\" src=\"https:\/\/astos.cz\/wp-content\/uploads\/2016\/03\/cdt_63.jpg\" alt=\"cdt_63\" width=\"410\" height=\"232\" style=\"margin-bottom: 0px\" srcset=\"https:\/\/astos.cz\/wp-content\/uploads\/2016\/03\/cdt_63.jpg 848w, https:\/\/astos.cz\/wp-content\/uploads\/2016\/03\/cdt_63-300x170.jpg 300w, https:\/\/astos.cz\/wp-content\/uploads\/2016\/03\/cdt_63-768x435.jpg 768w, https:\/\/astos.cz\/wp-content\/uploads\/2016\/03\/cdt_63-555x314.jpg 555w\" sizes=\"(max-width: 410px) 100vw, 410px\" \/><\/a><\/p>\n<\/div>\n<\/div><\/div><\/div><\/div><div id=\"pg-4658-2\"  class=\"panel-grid panel-no-style\" ><div id=\"pgc-4658-2-0\"  class=\"panel-grid-cell\" ><div id=\"panel-4658-2-0-0\" class=\"so-panel widget widget_black-studio-tinymce widget_black_studio_tinymce panel-first-child panel-last-child\" data-index=\"7\" ><div class=\"textwidget\"><h4 class=\"alternative-heading\">Classification as per shape<\/h4>\n<p><div id='gallery-1' class='gallery galleryid-4658 gallery-columns-3 gallery-size-medium'><figure class='gallery-item'>\n\t\t\t<div class='gallery-icon landscape'>\n\t\t\t\t<a href='https:\/\/astos.cz\/wp-content\/uploads\/2016\/03\/CDT-prime-EN.jpg' rel=\"lightbox[4658]\"><img width=\"300\" height=\"193\" src=\"https:\/\/astos.cz\/wp-content\/uploads\/2016\/03\/CDT-prime-EN-300x193.jpg\" class=\"attachment-medium size-medium\" alt=\"\" loading=\"lazy\" srcset=\"https:\/\/astos.cz\/wp-content\/uploads\/2016\/03\/CDT-prime-EN-300x193.jpg 300w, https:\/\/astos.cz\/wp-content\/uploads\/2016\/03\/CDT-prime-EN-555x357.jpg 555w, https:\/\/astos.cz\/wp-content\/uploads\/2016\/03\/CDT-prime-EN.jpg 700w\" sizes=\"(max-width: 300px) 100vw, 300px\" \/><\/a>\n\t\t\t<\/div><\/figure><figure class='gallery-item'>\n\t\t\t<div class='gallery-icon landscape'>\n\t\t\t\t<a href='https:\/\/astos.cz\/wp-content\/uploads\/2016\/03\/CDT-1_lomene-EN.jpg' rel=\"lightbox[4658]\"><img width=\"300\" height=\"193\" src=\"https:\/\/astos.cz\/wp-content\/uploads\/2016\/03\/CDT-1_lomene-EN-300x193.jpg\" class=\"attachment-medium size-medium\" alt=\"\" loading=\"lazy\" srcset=\"https:\/\/astos.cz\/wp-content\/uploads\/2016\/03\/CDT-1_lomene-EN-300x193.jpg 300w, https:\/\/astos.cz\/wp-content\/uploads\/2016\/03\/CDT-1_lomene-EN-555x357.jpg 555w, https:\/\/astos.cz\/wp-content\/uploads\/2016\/03\/CDT-1_lomene-EN.jpg 700w\" sizes=\"(max-width: 300px) 100vw, 300px\" \/><\/a>\n\t\t\t<\/div><\/figure><figure class='gallery-item'>\n\t\t\t<div class='gallery-icon landscape'>\n\t\t\t\t<a href='https:\/\/astos.cz\/wp-content\/uploads\/2016\/03\/CDT-2_lomene-EN.jpg' rel=\"lightbox[4658]\"><img width=\"300\" height=\"193\" src=\"https:\/\/astos.cz\/wp-content\/uploads\/2016\/03\/CDT-2_lomene-EN-300x193.jpg\" class=\"attachment-medium size-medium\" alt=\"\" loading=\"lazy\" srcset=\"https:\/\/astos.cz\/wp-content\/uploads\/2016\/03\/CDT-2_lomene-EN-300x193.jpg 300w, https:\/\/astos.cz\/wp-content\/uploads\/2016\/03\/CDT-2_lomene-EN-555x357.jpg 555w, https:\/\/astos.cz\/wp-content\/uploads\/2016\/03\/CDT-2_lomene-EN.jpg 700w\" sizes=\"(max-width: 300px) 100vw, 300px\" \/><\/a>\n\t\t\t<\/div><\/figure>\n\t\t<\/div>\n<\/p>\n<p>It is important to choose the form of the conveyor according to the schematic drawing showed in the catalogue. Proklik na produktov\u00fd katalog. The drawings show the key dimensions. It is necessary to enter the dimensions L1, L2, L3 into the <a href=\"https:\/\/astos.cz\/en\/ke-stazeni\/poptavkove-formulare\/\">Inquiry form<\/a>.<\/p>\n<p>If you need further assistance or have any special requirements related to chip conveyors, please do not hesitate to contact our team of experts. <a href=\"https:\/\/astos.cz\/en\/kontakty\/dulezite-kontakty\/\">Contact information.<\/a><\/p>\n<h4 class=\"alternative-heading\">Section<\/h4>\n<p><div id='gallery-2' class='gallery galleryid-4658 gallery-columns-3 gallery-size-medium'><figure class='gallery-item'>\n\t\t\t<div class='gallery-icon landscape'>\n\t\t\t\t<a href='https:\/\/astos.cz\/wp-content\/uploads\/2016\/02\/cdt_40_rez.jpg' rel=\"lightbox[4658]\"><img width=\"300\" height=\"193\" src=\"https:\/\/astos.cz\/wp-content\/uploads\/2016\/02\/cdt_40_rez-300x193.jpg\" class=\"attachment-medium size-medium\" alt=\"\" loading=\"lazy\" srcset=\"https:\/\/astos.cz\/wp-content\/uploads\/2016\/02\/cdt_40_rez-300x193.jpg 300w, https:\/\/astos.cz\/wp-content\/uploads\/2016\/02\/cdt_40_rez-555x357.jpg 555w, https:\/\/astos.cz\/wp-content\/uploads\/2016\/02\/cdt_40_rez.jpg 700w\" sizes=\"(max-width: 300px) 100vw, 300px\" \/><\/a>\n\t\t\t<\/div><\/figure><figure class='gallery-item'>\n\t\t\t<div class='gallery-icon landscape'>\n\t\t\t\t<a href='https:\/\/astos.cz\/wp-content\/uploads\/2016\/02\/cdt_63_rez.jpg' rel=\"lightbox[4658]\"><img width=\"300\" height=\"193\" src=\"https:\/\/astos.cz\/wp-content\/uploads\/2016\/02\/cdt_63_rez-300x193.jpg\" class=\"attachment-medium size-medium\" alt=\"\" loading=\"lazy\" srcset=\"https:\/\/astos.cz\/wp-content\/uploads\/2016\/02\/cdt_63_rez-300x193.jpg 300w, https:\/\/astos.cz\/wp-content\/uploads\/2016\/02\/cdt_63_rez-555x357.jpg 555w, https:\/\/astos.cz\/wp-content\/uploads\/2016\/02\/cdt_63_rez.jpg 700w\" sizes=\"(max-width: 300px) 100vw, 300px\" \/><\/a>\n\t\t\t<\/div><\/figure><figure class='gallery-item'>\n\t\t\t<div class='gallery-icon landscape'>\n\t\t\t\t<a href='https:\/\/astos.cz\/wp-content\/uploads\/2016\/02\/cdt_100_rez.jpg' rel=\"lightbox[4658]\"><img width=\"300\" height=\"193\" src=\"https:\/\/astos.cz\/wp-content\/uploads\/2016\/02\/cdt_100_rez-300x193.jpg\" class=\"attachment-medium size-medium\" alt=\"\" loading=\"lazy\" srcset=\"https:\/\/astos.cz\/wp-content\/uploads\/2016\/02\/cdt_100_rez-300x193.jpg 300w, https:\/\/astos.cz\/wp-content\/uploads\/2016\/02\/cdt_100_rez-555x357.jpg 555w, https:\/\/astos.cz\/wp-content\/uploads\/2016\/02\/cdt_100_rez.jpg 700w\" sizes=\"(max-width: 300px) 100vw, 300px\" \/><\/a>\n\t\t\t<\/div><\/figure>\n\t\t<\/div>\n<\/p>\n<p><strong>Notes: Its necessary to adhere to given height of the frame (140,213 and 360 mm). B- width of the loading section of the conveyor. Parameter A and red marked types of loading section are conforming to customer\u2019s requirements. <\/strong><\/p>\n<p>If you need further assistance or have any special requirements related to chip conveyors, please do not hesitate to contact our team of experts. <a href=\"https:\/\/astos.cz\/en\/kontakty\/dulezite-kontakty\/\">Contact information.<\/a><\/p>\n<\/div><\/div><\/div><\/div><\/div>","protected":false},"excerpt":{"rendered":"<p>Hinged steel belt chip conveyors satisfy an exceptionally wide range of bulk conveying<\/p>\n","protected":false},"author":6,"featured_media":4661,"parent":4656,"menu_order":0,"comment_status":"closed","ping_status":"closed","template":"","meta":[],"categories":[107],"tags":[],"yoast_head":"<!-- This site is optimized with the Yoast SEO plugin v18.5.1 - https:\/\/yoast.com\/wordpress\/plugins\/seo\/ -->\n<title>CDT - Hinged steel belt conveyor for CNC machines | ASTOS Machinery<\/title>\n<meta name=\"robots\" content=\"index, follow, max-snippet:-1, max-image-preview:large, max-video-preview:-1\" \/>\n<link rel=\"canonical\" href=\"https:\/\/astos.cz\/en\/nase-vyrobky\/dopravnikove-systemy\/dopravniky-trisek\/\" \/>\n<meta property=\"og:locale\" content=\"en_US\" \/>\n<meta property=\"og:type\" content=\"article\" \/>\n<meta property=\"og:title\" content=\"CDT - Hinged steel belt conveyor for CNC machines | ASTOS Machinery\" \/>\n<meta property=\"og:description\" content=\"Hinged steel belt chip conveyors satisfy an exceptionally wide range of bulk conveying\" \/>\n<meta property=\"og:url\" content=\"https:\/\/astos.cz\/en\/nase-vyrobky\/dopravnikove-systemy\/dopravniky-trisek\/\" \/>\n<meta property=\"og:site_name\" content=\"ASTOS Machinery\" \/>\n<meta property=\"article:modified_time\" content=\"2022-04-19T10:52:07+00:00\" \/>\n<meta property=\"og:image\" content=\"https:\/\/astos.cz\/wp-content\/uploads\/2016\/02\/CDT-clankove-CNC.jpg\" \/>\n\t<meta property=\"og:image:width\" content=\"1140\" \/>\n\t<meta property=\"og:image:height\" content=\"640\" \/>\n\t<meta property=\"og:image:type\" content=\"image\/jpeg\" \/>\n<meta name=\"twitter:card\" content=\"summary\" \/>\n<meta name=\"twitter:label1\" content=\"Est. reading time\" \/>\n\t<meta name=\"twitter:data1\" content=\"1 minute\" \/>\n<script type=\"application\/ld+json\" class=\"yoast-schema-graph\">{\"@context\":\"https:\/\/schema.org\",\"@graph\":[{\"@type\":\"WebSite\",\"@id\":\"https:\/\/astos.cz\/#website\",\"url\":\"https:\/\/astos.cz\/\",\"name\":\"ASTOS Machinery\",\"description\":\"Specialista na dopravn\u00edkov\u00e9 syst\u00e9my a krytov\u00e1n\u00ed stroj\u016f\",\"potentialAction\":[{\"@type\":\"SearchAction\",\"target\":{\"@type\":\"EntryPoint\",\"urlTemplate\":\"https:\/\/astos.cz\/?s={search_term_string}\"},\"query-input\":\"required name=search_term_string\"}],\"inLanguage\":\"en-US\"},{\"@type\":\"ImageObject\",\"@id\":\"https:\/\/astos.cz\/en\/nase-vyrobky\/dopravnikove-systemy\/dopravniky-trisek\/#primaryimage\",\"inLanguage\":\"en-US\",\"url\":\"https:\/\/astos.cz\/wp-content\/uploads\/2016\/02\/CDT-clankove-CNC.jpg\",\"contentUrl\":\"https:\/\/astos.cz\/wp-content\/uploads\/2016\/02\/CDT-clankove-CNC.jpg\",\"width\":1140,\"height\":640},{\"@type\":\"WebPage\",\"@id\":\"https:\/\/astos.cz\/en\/nase-vyrobky\/dopravnikove-systemy\/dopravniky-trisek\/#webpage\",\"url\":\"https:\/\/astos.cz\/en\/nase-vyrobky\/dopravnikove-systemy\/dopravniky-trisek\/\",\"name\":\"CDT - Hinged steel belt conveyor for CNC machines | ASTOS Machinery\",\"isPartOf\":{\"@id\":\"https:\/\/astos.cz\/#website\"},\"primaryImageOfPage\":{\"@id\":\"https:\/\/astos.cz\/en\/nase-vyrobky\/dopravnikove-systemy\/dopravniky-trisek\/#primaryimage\"},\"datePublished\":\"2016-03-03T12:34:02+00:00\",\"dateModified\":\"2022-04-19T10:52:07+00:00\",\"breadcrumb\":{\"@id\":\"https:\/\/astos.cz\/en\/nase-vyrobky\/dopravnikove-systemy\/dopravniky-trisek\/#breadcrumb\"},\"inLanguage\":\"en-US\",\"potentialAction\":[{\"@type\":\"ReadAction\",\"target\":[\"https:\/\/astos.cz\/en\/nase-vyrobky\/dopravnikove-systemy\/dopravniky-trisek\/\"]}]},{\"@type\":\"BreadcrumbList\",\"@id\":\"https:\/\/astos.cz\/en\/nase-vyrobky\/dopravnikove-systemy\/dopravniky-trisek\/#breadcrumb\",\"itemListElement\":[{\"@type\":\"ListItem\",\"position\":1,\"name\":\"Dom\u016f\",\"item\":\"https:\/\/astos.cz\/en\/\"},{\"@type\":\"ListItem\",\"position\":2,\"name\":\"Our Products\",\"item\":\"https:\/\/astos.cz\/en\/nase-vyrobky\/\"},{\"@type\":\"ListItem\",\"position\":3,\"name\":\"Conveyor systems\",\"item\":\"https:\/\/astos.cz\/en\/nase-vyrobky\/dopravnikove-systemy\/\"},{\"@type\":\"ListItem\",\"position\":4,\"name\":\"CDT &#8211; Hinged steel belt conveyor for CNC machines\"}]}]}<\/script>\n<!-- \/ Yoast SEO plugin. -->","yoast_head_json":{"title":"CDT - Hinged steel belt conveyor for CNC machines | ASTOS Machinery","robots":{"index":"index","follow":"follow","max-snippet":"max-snippet:-1","max-image-preview":"max-image-preview:large","max-video-preview":"max-video-preview:-1"},"canonical":"https:\/\/astos.cz\/en\/nase-vyrobky\/dopravnikove-systemy\/dopravniky-trisek\/","og_locale":"en_US","og_type":"article","og_title":"CDT - Hinged steel belt conveyor for CNC machines | ASTOS Machinery","og_description":"Hinged steel belt chip conveyors satisfy an exceptionally wide range of bulk conveying","og_url":"https:\/\/astos.cz\/en\/nase-vyrobky\/dopravnikove-systemy\/dopravniky-trisek\/","og_site_name":"ASTOS Machinery","article_modified_time":"2022-04-19T10:52:07+00:00","og_image":[{"width":1140,"height":640,"url":"https:\/\/astos.cz\/wp-content\/uploads\/2016\/02\/CDT-clankove-CNC.jpg","type":"image\/jpeg"}],"twitter_card":"summary","twitter_misc":{"Est. reading time":"1 minute"},"schema":{"@context":"https:\/\/schema.org","@graph":[{"@type":"WebSite","@id":"https:\/\/astos.cz\/#website","url":"https:\/\/astos.cz\/","name":"ASTOS Machinery","description":"Specialista na dopravn\u00edkov\u00e9 syst\u00e9my a krytov\u00e1n\u00ed stroj\u016f","potentialAction":[{"@type":"SearchAction","target":{"@type":"EntryPoint","urlTemplate":"https:\/\/astos.cz\/?s={search_term_string}"},"query-input":"required name=search_term_string"}],"inLanguage":"en-US"},{"@type":"ImageObject","@id":"https:\/\/astos.cz\/en\/nase-vyrobky\/dopravnikove-systemy\/dopravniky-trisek\/#primaryimage","inLanguage":"en-US","url":"https:\/\/astos.cz\/wp-content\/uploads\/2016\/02\/CDT-clankove-CNC.jpg","contentUrl":"https:\/\/astos.cz\/wp-content\/uploads\/2016\/02\/CDT-clankove-CNC.jpg","width":1140,"height":640},{"@type":"WebPage","@id":"https:\/\/astos.cz\/en\/nase-vyrobky\/dopravnikove-systemy\/dopravniky-trisek\/#webpage","url":"https:\/\/astos.cz\/en\/nase-vyrobky\/dopravnikove-systemy\/dopravniky-trisek\/","name":"CDT - Hinged steel belt conveyor for CNC machines | ASTOS Machinery","isPartOf":{"@id":"https:\/\/astos.cz\/#website"},"primaryImageOfPage":{"@id":"https:\/\/astos.cz\/en\/nase-vyrobky\/dopravnikove-systemy\/dopravniky-trisek\/#primaryimage"},"datePublished":"2016-03-03T12:34:02+00:00","dateModified":"2022-04-19T10:52:07+00:00","breadcrumb":{"@id":"https:\/\/astos.cz\/en\/nase-vyrobky\/dopravnikove-systemy\/dopravniky-trisek\/#breadcrumb"},"inLanguage":"en-US","potentialAction":[{"@type":"ReadAction","target":["https:\/\/astos.cz\/en\/nase-vyrobky\/dopravnikove-systemy\/dopravniky-trisek\/"]}]},{"@type":"BreadcrumbList","@id":"https:\/\/astos.cz\/en\/nase-vyrobky\/dopravnikove-systemy\/dopravniky-trisek\/#breadcrumb","itemListElement":[{"@type":"ListItem","position":1,"name":"Dom\u016f","item":"https:\/\/astos.cz\/en\/"},{"@type":"ListItem","position":2,"name":"Our Products","item":"https:\/\/astos.cz\/en\/nase-vyrobky\/"},{"@type":"ListItem","position":3,"name":"Conveyor systems","item":"https:\/\/astos.cz\/en\/nase-vyrobky\/dopravnikove-systemy\/"},{"@type":"ListItem","position":4,"name":"CDT &#8211; Hinged steel belt conveyor for CNC machines"}]}]}},"_links":{"self":[{"href":"https:\/\/astos.cz\/en\/wp-json\/wp\/v2\/pages\/4658"}],"collection":[{"href":"https:\/\/astos.cz\/en\/wp-json\/wp\/v2\/pages"}],"about":[{"href":"https:\/\/astos.cz\/en\/wp-json\/wp\/v2\/types\/page"}],"author":[{"embeddable":true,"href":"https:\/\/astos.cz\/en\/wp-json\/wp\/v2\/users\/6"}],"replies":[{"embeddable":true,"href":"https:\/\/astos.cz\/en\/wp-json\/wp\/v2\/comments?post=4658"}],"version-history":[{"count":48,"href":"https:\/\/astos.cz\/en\/wp-json\/wp\/v2\/pages\/4658\/revisions"}],"predecessor-version":[{"id":9723,"href":"https:\/\/astos.cz\/en\/wp-json\/wp\/v2\/pages\/4658\/revisions\/9723"}],"up":[{"embeddable":true,"href":"https:\/\/astos.cz\/en\/wp-json\/wp\/v2\/pages\/4656"}],"wp:featuredmedia":[{"embeddable":true,"href":"https:\/\/astos.cz\/en\/wp-json\/wp\/v2\/media\/4661"}],"wp:attachment":[{"href":"https:\/\/astos.cz\/en\/wp-json\/wp\/v2\/media?parent=4658"}],"wp:term":[{"taxonomy":"category","embeddable":true,"href":"https:\/\/astos.cz\/en\/wp-json\/wp\/v2\/categories?post=4658"},{"taxonomy":"post_tag","embeddable":true,"href":"https:\/\/astos.cz\/en\/wp-json\/wp\/v2\/tags?post=4658"}],"curies":[{"name":"wp","href":"https:\/\/api.w.org\/{rel}","templated":true}]}}