{"id":4636,"date":"2015-10-13T14:29:05","date_gmt":"2015-10-13T13:29:05","guid":{"rendered":"https:\/\/astos.cz\/en\/predstaveni-spolecnosti\/"},"modified":"2024-06-04T09:51:20","modified_gmt":"2024-06-04T08:51:20","slug":"predstaveni-spolecnosti","status":"publish","type":"page","link":"https:\/\/astos.cz\/en\/o-nas\/predstaveni-spolecnosti\/","title":{"rendered":"Introduction"},"content":{"rendered":"<div id=\"pl-4636\"  class=\"panel-layout\" ><div id=\"pg-4636-0\"  class=\"panel-grid panel-no-style\" ><div id=\"pgc-4636-0-0\"  class=\"panel-grid-cell\" ><div id=\"panel-4636-0-0-0\" class=\"so-panel widget widget_sow-editor panel-first-child\" data-index=\"0\" ><div class=\"so-widget-sow-editor so-widget-sow-editor-base\">\n<div class=\"siteorigin-widget-tinymce textwidget\">\n\t<p><strong>ASTOS Machinery<\/strong> is thanks to its advanced technical solutions recognized as a top ranking European company supplying customers world-wide. ASTOS, as progressive company with outstanding tradition in manufacturing of handling <strong>conveyors, integrated chip conveyor systems, chip management automated lines for CNC and stamping plants as well as coolant filtration equipment<\/strong>, supplies whole range of proven solutions to engineering and automotive industry. We win our customers through expertise and our designer team\u2019s answers to their complex, highly sophisticated and individual requirements for technologically advanced production.<\/p>\n<\/div>\n<\/div><\/div><div id=\"panel-4636-0-0-1\" class=\"so-panel widget widget_sow-editor panel-last-child\" data-index=\"1\" ><div class=\"so-widget-sow-editor so-widget-sow-editor-base\">\n<div class=\"siteorigin-widget-tinymce textwidget\">\n\t<h4 class=\"alternative-heading\">Why ASTOS Machinery?<\/h4>\n<p><strong>Originality and uniqueness of the solution<\/strong> \u2013 Thanks to realized R&amp;D we are a holder of several exclusive patent rights and industrial design rights.<\/p>\n<p><strong>Quality, reliability and durability<\/strong> \u2013 typical characteristics of our products. Increase in efficiency and decrease in production costs, down time- our products hold up to the most advanced industries.<\/p>\n<p><strong>Ergonomics, functionality, quality of the execution<\/strong> \u2013 it guarantees us the international recognition.<\/p>\n<\/div>\n<\/div><\/div><\/div><div id=\"pgc-4636-0-1\"  class=\"panel-grid-cell\" ><div id=\"panel-4636-0-1-0\" class=\"so-panel widget widget_sow-editor panel-first-child panel-last-child\" data-index=\"2\" ><div class=\"so-widget-sow-editor so-widget-sow-editor-base\">\n<div class=\"siteorigin-widget-tinymce textwidget\">\n\t<p><img loading=\"lazy\" class=\"alignleft wp-image-3671\" src=\"https:\/\/astos.cz\/wp-content\/uploads\/2015\/10\/fotka-vyrobni-haly-A.jpg\" alt=\"fotka v\u00fdrobn\u00ed haly Astos v A\u0161i\" width=\"410\" height=\"230\" srcset=\"https:\/\/astos.cz\/wp-content\/uploads\/2015\/10\/fotka-vyrobni-haly-A.jpg 1140w, https:\/\/astos.cz\/wp-content\/uploads\/2015\/10\/fotka-vyrobni-haly-A-300x168.jpg 300w, https:\/\/astos.cz\/wp-content\/uploads\/2015\/10\/fotka-vyrobni-haly-A-768x431.jpg 768w, https:\/\/astos.cz\/wp-content\/uploads\/2015\/10\/fotka-vyrobni-haly-A-1024x575.jpg 1024w, https:\/\/astos.cz\/wp-content\/uploads\/2015\/10\/fotka-vyrobni-haly-A-555x312.jpg 555w\" sizes=\"(max-width: 410px) 100vw, 410px\" \/><\/p>\n<p><img loading=\"lazy\" class=\"alignleft wp-image-3672\" style=\"margin-bottom: 0px;\" src=\"https:\/\/astos.cz\/wp-content\/uploads\/2015\/10\/fotka-vyrobni-haly-B.jpg\" alt=\"fotka dal\u0161\u00ed v\u00fdrobn\u00ed haly\" width=\"410\" height=\"230\" srcset=\"https:\/\/astos.cz\/wp-content\/uploads\/2015\/10\/fotka-vyrobni-haly-B.jpg 1140w, https:\/\/astos.cz\/wp-content\/uploads\/2015\/10\/fotka-vyrobni-haly-B-300x168.jpg 300w, https:\/\/astos.cz\/wp-content\/uploads\/2015\/10\/fotka-vyrobni-haly-B-768x431.jpg 768w, https:\/\/astos.cz\/wp-content\/uploads\/2015\/10\/fotka-vyrobni-haly-B-1024x575.jpg 1024w, https:\/\/astos.cz\/wp-content\/uploads\/2015\/10\/fotka-vyrobni-haly-B-555x312.jpg 555w\" sizes=\"(max-width: 410px) 100vw, 410px\" \/><\/p>\n<\/div>\n<\/div><\/div><\/div><\/div><div id=\"pg-4636-1\"  class=\"panel-grid panel-no-style\" ><div id=\"pgc-4636-1-0\"  class=\"panel-grid-cell\" ><div id=\"panel-4636-1-0-0\" class=\"so-panel widget widget_sow-editor panel-first-child panel-last-child\" data-index=\"3\" ><div class=\"so-widget-sow-editor so-widget-sow-editor-base\">\n<div class=\"siteorigin-widget-tinymce textwidget\">\n\t<h4 class=\"alternative-heading\">What else should you know?<\/h4>\n<p><strong>Automated PLC controlled lines<\/strong> - we realized whole range of projects for chip and stamping material management lines, incorporated into existing systems of the customer and fitted with sensors and containers.<\/p>\n<p><strong>Coolant filtration systems<\/strong> \u2013 we offer whole range of solutions from simple cost effective products to bespoke complex coolant filtration systems integrated with coolant temperature conditioning, and continual removal of impurities.<\/p>\n<p><strong>Maintenance, service and operator training<\/strong> \u2013 we deliver continual support.<\/p>\n<h4 class=\"alternative-heading\">Successful company<\/h4>\n<p><strong>ASTOS Machinery, a. s.,<\/strong> enjoys a reputation for performance and is recognized in Czech rep., Europe and overseas.<\/p>\n<p>Thanks to our dedication to quality we managed to establish relationship of mutual cooperation with our customers. We are highly motivated to improve our products and range of services. Our motto: <strong>Our solution - your technical advantage.<\/strong><\/p>\n<\/div>\n<\/div><\/div><\/div><\/div><\/div>","protected":false},"excerpt":{"rendered":"<p>ASTOS Machinery is thanks to its advanced technical solutions recognized as a top ranking European company supplying customers world-wide.<\/p>\n","protected":false},"author":6,"featured_media":4642,"parent":4882,"menu_order":0,"comment_status":"closed","ping_status":"closed","template":"","meta":[],"categories":[],"tags":[],"yoast_head":"<!-- This site is optimized with the Yoast SEO plugin v18.5.1 - https:\/\/yoast.com\/wordpress\/plugins\/seo\/ -->\n<title>Introduction | ASTOS Machinery<\/title>\n<meta name=\"robots\" content=\"index, follow, max-snippet:-1, max-image-preview:large, max-video-preview:-1\" \/>\n<link rel=\"canonical\" href=\"https:\/\/astos.cz\/en\/o-nas\/predstaveni-spolecnosti\/\" \/>\n<meta property=\"og:locale\" content=\"en_US\" \/>\n<meta property=\"og:type\" content=\"article\" \/>\n<meta property=\"og:title\" content=\"Introduction | ASTOS Machinery\" \/>\n<meta property=\"og:description\" content=\"ASTOS Machinery is thanks to its advanced technical solutions recognized as a top ranking European company supplying customers world-wide.\" \/>\n<meta property=\"og:url\" content=\"https:\/\/astos.cz\/en\/o-nas\/predstaveni-spolecnosti\/\" \/>\n<meta property=\"og:site_name\" content=\"ASTOS Machinery\" \/>\n<meta property=\"article:modified_time\" content=\"2024-06-04T08:51:20+00:00\" \/>\n<meta property=\"og:image\" content=\"https:\/\/astos.cz\/wp-content\/uploads\/2015\/10\/Hala_A.jpg\" \/>\n\t<meta property=\"og:image:width\" content=\"1140\" \/>\n\t<meta property=\"og:image:height\" content=\"640\" \/>\n\t<meta property=\"og:image:type\" content=\"image\/jpeg\" \/>\n<meta name=\"twitter:card\" content=\"summary\" \/>\n<meta name=\"twitter:label1\" content=\"Est. reading time\" \/>\n\t<meta name=\"twitter:data1\" content=\"3 minutes\" \/>\n<script type=\"application\/ld+json\" class=\"yoast-schema-graph\">{\"@context\":\"https:\/\/schema.org\",\"@graph\":[{\"@type\":\"WebSite\",\"@id\":\"https:\/\/astos.cz\/#website\",\"url\":\"https:\/\/astos.cz\/\",\"name\":\"ASTOS Machinery\",\"description\":\"Specialista na dopravn\u00edkov\u00e9 syst\u00e9my a krytov\u00e1n\u00ed stroj\u016f\",\"potentialAction\":[{\"@type\":\"SearchAction\",\"target\":{\"@type\":\"EntryPoint\",\"urlTemplate\":\"https:\/\/astos.cz\/?s={search_term_string}\"},\"query-input\":\"required name=search_term_string\"}],\"inLanguage\":\"en-US\"},{\"@type\":\"ImageObject\",\"@id\":\"https:\/\/astos.cz\/en\/o-nas\/predstaveni-spolecnosti\/#primaryimage\",\"inLanguage\":\"en-US\",\"url\":\"https:\/\/astos.cz\/wp-content\/uploads\/2015\/10\/Hala_A.jpg\",\"contentUrl\":\"https:\/\/astos.cz\/wp-content\/uploads\/2015\/10\/Hala_A.jpg\",\"width\":1140,\"height\":640},{\"@type\":\"WebPage\",\"@id\":\"https:\/\/astos.cz\/en\/o-nas\/predstaveni-spolecnosti\/#webpage\",\"url\":\"https:\/\/astos.cz\/en\/o-nas\/predstaveni-spolecnosti\/\",\"name\":\"Introduction | ASTOS Machinery\",\"isPartOf\":{\"@id\":\"https:\/\/astos.cz\/#website\"},\"primaryImageOfPage\":{\"@id\":\"https:\/\/astos.cz\/en\/o-nas\/predstaveni-spolecnosti\/#primaryimage\"},\"datePublished\":\"2015-10-13T13:29:05+00:00\",\"dateModified\":\"2024-06-04T08:51:20+00:00\",\"breadcrumb\":{\"@id\":\"https:\/\/astos.cz\/en\/o-nas\/predstaveni-spolecnosti\/#breadcrumb\"},\"inLanguage\":\"en-US\",\"potentialAction\":[{\"@type\":\"ReadAction\",\"target\":[\"https:\/\/astos.cz\/en\/o-nas\/predstaveni-spolecnosti\/\"]}]},{\"@type\":\"BreadcrumbList\",\"@id\":\"https:\/\/astos.cz\/en\/o-nas\/predstaveni-spolecnosti\/#breadcrumb\",\"itemListElement\":[{\"@type\":\"ListItem\",\"position\":1,\"name\":\"Dom\u016f\",\"item\":\"https:\/\/astos.cz\/en\/\"},{\"@type\":\"ListItem\",\"position\":2,\"name\":\"About us\",\"item\":\"https:\/\/astos.cz\/en\/o-nas\/\"},{\"@type\":\"ListItem\",\"position\":3,\"name\":\"Introduction\"}]}]}<\/script>\n<!-- \/ Yoast SEO plugin. -->","yoast_head_json":{"title":"Introduction | ASTOS Machinery","robots":{"index":"index","follow":"follow","max-snippet":"max-snippet:-1","max-image-preview":"max-image-preview:large","max-video-preview":"max-video-preview:-1"},"canonical":"https:\/\/astos.cz\/en\/o-nas\/predstaveni-spolecnosti\/","og_locale":"en_US","og_type":"article","og_title":"Introduction | ASTOS Machinery","og_description":"ASTOS Machinery is thanks to its advanced technical solutions recognized as a top ranking European company supplying customers world-wide.","og_url":"https:\/\/astos.cz\/en\/o-nas\/predstaveni-spolecnosti\/","og_site_name":"ASTOS Machinery","article_modified_time":"2024-06-04T08:51:20+00:00","og_image":[{"width":1140,"height":640,"url":"https:\/\/astos.cz\/wp-content\/uploads\/2015\/10\/Hala_A.jpg","type":"image\/jpeg"}],"twitter_card":"summary","twitter_misc":{"Est. reading time":"3 minutes"},"schema":{"@context":"https:\/\/schema.org","@graph":[{"@type":"WebSite","@id":"https:\/\/astos.cz\/#website","url":"https:\/\/astos.cz\/","name":"ASTOS Machinery","description":"Specialista na dopravn\u00edkov\u00e9 syst\u00e9my a krytov\u00e1n\u00ed stroj\u016f","potentialAction":[{"@type":"SearchAction","target":{"@type":"EntryPoint","urlTemplate":"https:\/\/astos.cz\/?s={search_term_string}"},"query-input":"required name=search_term_string"}],"inLanguage":"en-US"},{"@type":"ImageObject","@id":"https:\/\/astos.cz\/en\/o-nas\/predstaveni-spolecnosti\/#primaryimage","inLanguage":"en-US","url":"https:\/\/astos.cz\/wp-content\/uploads\/2015\/10\/Hala_A.jpg","contentUrl":"https:\/\/astos.cz\/wp-content\/uploads\/2015\/10\/Hala_A.jpg","width":1140,"height":640},{"@type":"WebPage","@id":"https:\/\/astos.cz\/en\/o-nas\/predstaveni-spolecnosti\/#webpage","url":"https:\/\/astos.cz\/en\/o-nas\/predstaveni-spolecnosti\/","name":"Introduction | ASTOS Machinery","isPartOf":{"@id":"https:\/\/astos.cz\/#website"},"primaryImageOfPage":{"@id":"https:\/\/astos.cz\/en\/o-nas\/predstaveni-spolecnosti\/#primaryimage"},"datePublished":"2015-10-13T13:29:05+00:00","dateModified":"2024-06-04T08:51:20+00:00","breadcrumb":{"@id":"https:\/\/astos.cz\/en\/o-nas\/predstaveni-spolecnosti\/#breadcrumb"},"inLanguage":"en-US","potentialAction":[{"@type":"ReadAction","target":["https:\/\/astos.cz\/en\/o-nas\/predstaveni-spolecnosti\/"]}]},{"@type":"BreadcrumbList","@id":"https:\/\/astos.cz\/en\/o-nas\/predstaveni-spolecnosti\/#breadcrumb","itemListElement":[{"@type":"ListItem","position":1,"name":"Dom\u016f","item":"https:\/\/astos.cz\/en\/"},{"@type":"ListItem","position":2,"name":"About us","item":"https:\/\/astos.cz\/en\/o-nas\/"},{"@type":"ListItem","position":3,"name":"Introduction"}]}]}},"_links":{"self":[{"href":"https:\/\/astos.cz\/en\/wp-json\/wp\/v2\/pages\/4636"}],"collection":[{"href":"https:\/\/astos.cz\/en\/wp-json\/wp\/v2\/pages"}],"about":[{"href":"https:\/\/astos.cz\/en\/wp-json\/wp\/v2\/types\/page"}],"author":[{"embeddable":true,"href":"https:\/\/astos.cz\/en\/wp-json\/wp\/v2\/users\/6"}],"replies":[{"embeddable":true,"href":"https:\/\/astos.cz\/en\/wp-json\/wp\/v2\/comments?post=4636"}],"version-history":[{"count":9,"href":"https:\/\/astos.cz\/en\/wp-json\/wp\/v2\/pages\/4636\/revisions"}],"predecessor-version":[{"id":12126,"href":"https:\/\/astos.cz\/en\/wp-json\/wp\/v2\/pages\/4636\/revisions\/12126"}],"up":[{"embeddable":true,"href":"https:\/\/astos.cz\/en\/wp-json\/wp\/v2\/pages\/4882"}],"wp:featuredmedia":[{"embeddable":true,"href":"https:\/\/astos.cz\/en\/wp-json\/wp\/v2\/media\/4642"}],"wp:attachment":[{"href":"https:\/\/astos.cz\/en\/wp-json\/wp\/v2\/media?parent=4636"}],"wp:term":[{"taxonomy":"category","embeddable":true,"href":"https:\/\/astos.cz\/en\/wp-json\/wp\/v2\/categories?post=4636"},{"taxonomy":"post_tag","embeddable":true,"href":"https:\/\/astos.cz\/en\/wp-json\/wp\/v2\/tags?post=4636"}],"curies":[{"name":"wp","href":"https:\/\/api.w.org\/{rel}","templated":true}]}}