{"id":4615,"date":"2016-02-29T12:09:14","date_gmt":"2016-02-29T11:09:14","guid":{"rendered":"https:\/\/astos.cz\/en\/fakulta-strojni-pri-zcu-v-plzni\/"},"modified":"2016-06-09T09:52:30","modified_gmt":"2016-06-09T08:52:30","slug":"fakulta-strojni-pri-zcu-v-plzni","status":"publish","type":"page","link":"https:\/\/astos.cz\/en\/kariera\/spoluprace-se-skolami\/fakulta-strojni-pri-zcu-v-plzni\/","title":{"rendered":"Faculty of Engineering-  University of West Bohemia"},"content":{"rendered":"<p>Faculty of Engineering -one of the oldest faculty of West Bohemia University. Astos Machinery conducts close collaboration with the faculty from the year 2006. Our engineers and the university students work in close collaboration on varied projects since 2006.<\/p>\n<p><a href=\"https:\/\/astos.cz\/wp-content\/uploads\/2016\/02\/Fakulta-strojni-ZCU.jpg\" rel=\"lightbox[4615]\"><img loading=\"lazy\" class=\"alignnone wp-image-2888\" src=\"https:\/\/astos.cz\/wp-content\/uploads\/2016\/02\/Fakulta-strojni-ZCU-300x168.jpg\" alt=\"Fakulta strojni ZCU\" height=\"230\" width=\"410\" srcset=\"https:\/\/astos.cz\/wp-content\/uploads\/2016\/02\/Fakulta-strojni-ZCU-300x168.jpg 300w, https:\/\/astos.cz\/wp-content\/uploads\/2016\/02\/Fakulta-strojni-ZCU-1024x575.jpg 1024w, https:\/\/astos.cz\/wp-content\/uploads\/2016\/02\/Fakulta-strojni-ZCU-555x312.jpg 555w, https:\/\/astos.cz\/wp-content\/uploads\/2016\/02\/Fakulta-strojni-ZCU.jpg 1140w\" sizes=\"(max-width: 410px) 100vw, 410px\" \/><\/a><a href=\"https:\/\/astos.cz\/wp-content\/uploads\/2016\/02\/zcu-vysypka-studenti.jpg\"  rel=\"lightbox[4615] attachment wp-att-5746\"><img loading=\"lazy\" class=\"alignnone wp-image-5746\" src=\"https:\/\/astos.cz\/wp-content\/uploads\/2016\/02\/zcu-vysypka-studenti.jpg\" alt=\"zcu-vysypka-studenti\" height=\"230\" width=\"410\" srcset=\"https:\/\/astos.cz\/wp-content\/uploads\/2016\/02\/zcu-vysypka-studenti.jpg 1140w, https:\/\/astos.cz\/wp-content\/uploads\/2016\/02\/zcu-vysypka-studenti-300x168.jpg 300w, https:\/\/astos.cz\/wp-content\/uploads\/2016\/02\/zcu-vysypka-studenti-768x431.jpg 768w, https:\/\/astos.cz\/wp-content\/uploads\/2016\/02\/zcu-vysypka-studenti-1024x575.jpg 1024w, https:\/\/astos.cz\/wp-content\/uploads\/2016\/02\/zcu-vysypka-studenti-555x312.jpg 555w\" sizes=\"(max-width: 410px) 100vw, 410px\" \/><\/a><\/p>\n","protected":false},"excerpt":{"rendered":"<p>Faculty of Engineering -one of the oldest faculty of West Bohemia University. Astos Machinery conducts close collaboration with the faculty from the year 2006<\/p>\n","protected":false},"author":6,"featured_media":4616,"parent":5019,"menu_order":0,"comment_status":"closed","ping_status":"closed","template":"","meta":[],"categories":[],"tags":[],"yoast_head":"<!-- This site is optimized with the Yoast SEO plugin v18.5.1 - https:\/\/yoast.com\/wordpress\/plugins\/seo\/ -->\n<title>Faculty of Engineering- University of West Bohemia | ASTOS Machinery<\/title>\n<meta name=\"robots\" content=\"index, follow, max-snippet:-1, max-image-preview:large, max-video-preview:-1\" \/>\n<link rel=\"canonical\" href=\"https:\/\/astos.cz\/en\/kariera\/spoluprace-se-skolami\/fakulta-strojni-pri-zcu-v-plzni\/\" \/>\n<meta property=\"og:locale\" content=\"en_US\" \/>\n<meta property=\"og:type\" content=\"article\" \/>\n<meta property=\"og:title\" content=\"Faculty of Engineering- University of West Bohemia | ASTOS Machinery\" \/>\n<meta property=\"og:description\" content=\"Faculty of Engineering -one of the oldest faculty of West Bohemia University. Astos Machinery conducts close collaboration with the faculty from the year 2006\" \/>\n<meta property=\"og:url\" content=\"https:\/\/astos.cz\/en\/kariera\/spoluprace-se-skolami\/fakulta-strojni-pri-zcu-v-plzni\/\" \/>\n<meta property=\"og:site_name\" content=\"ASTOS Machinery\" \/>\n<meta property=\"article:modified_time\" content=\"2016-06-09T08:52:30+00:00\" \/>\n<meta property=\"og:image\" content=\"https:\/\/astos.cz\/wp-content\/uploads\/2016\/02\/Fakulta-strojni-ZCU.jpg\" \/>\n\t<meta property=\"og:image:width\" content=\"1140\" \/>\n\t<meta property=\"og:image:height\" content=\"640\" \/>\n\t<meta property=\"og:image:type\" content=\"image\/jpeg\" \/>\n<meta name=\"twitter:card\" content=\"summary\" \/>\n<script type=\"application\/ld+json\" class=\"yoast-schema-graph\">{\"@context\":\"https:\/\/schema.org\",\"@graph\":[{\"@type\":\"WebSite\",\"@id\":\"https:\/\/astos.cz\/#website\",\"url\":\"https:\/\/astos.cz\/\",\"name\":\"ASTOS Machinery\",\"description\":\"Specialista na dopravn\u00edkov\u00e9 syst\u00e9my a krytov\u00e1n\u00ed stroj\u016f\",\"potentialAction\":[{\"@type\":\"SearchAction\",\"target\":{\"@type\":\"EntryPoint\",\"urlTemplate\":\"https:\/\/astos.cz\/?s={search_term_string}\"},\"query-input\":\"required name=search_term_string\"}],\"inLanguage\":\"en-US\"},{\"@type\":\"ImageObject\",\"@id\":\"https:\/\/astos.cz\/en\/kariera\/spoluprace-se-skolami\/fakulta-strojni-pri-zcu-v-plzni\/#primaryimage\",\"inLanguage\":\"en-US\",\"url\":\"https:\/\/astos.cz\/wp-content\/uploads\/2016\/02\/Fakulta-strojni-ZCU.jpg\",\"contentUrl\":\"https:\/\/astos.cz\/wp-content\/uploads\/2016\/02\/Fakulta-strojni-ZCU.jpg\",\"width\":1140,\"height\":640},{\"@type\":\"WebPage\",\"@id\":\"https:\/\/astos.cz\/en\/kariera\/spoluprace-se-skolami\/fakulta-strojni-pri-zcu-v-plzni\/#webpage\",\"url\":\"https:\/\/astos.cz\/en\/kariera\/spoluprace-se-skolami\/fakulta-strojni-pri-zcu-v-plzni\/\",\"name\":\"Faculty of Engineering- University of West Bohemia | ASTOS Machinery\",\"isPartOf\":{\"@id\":\"https:\/\/astos.cz\/#website\"},\"primaryImageOfPage\":{\"@id\":\"https:\/\/astos.cz\/en\/kariera\/spoluprace-se-skolami\/fakulta-strojni-pri-zcu-v-plzni\/#primaryimage\"},\"datePublished\":\"2016-02-29T11:09:14+00:00\",\"dateModified\":\"2016-06-09T08:52:30+00:00\",\"breadcrumb\":{\"@id\":\"https:\/\/astos.cz\/en\/kariera\/spoluprace-se-skolami\/fakulta-strojni-pri-zcu-v-plzni\/#breadcrumb\"},\"inLanguage\":\"en-US\",\"potentialAction\":[{\"@type\":\"ReadAction\",\"target\":[\"https:\/\/astos.cz\/en\/kariera\/spoluprace-se-skolami\/fakulta-strojni-pri-zcu-v-plzni\/\"]}]},{\"@type\":\"BreadcrumbList\",\"@id\":\"https:\/\/astos.cz\/en\/kariera\/spoluprace-se-skolami\/fakulta-strojni-pri-zcu-v-plzni\/#breadcrumb\",\"itemListElement\":[{\"@type\":\"ListItem\",\"position\":1,\"name\":\"Dom\u016f\",\"item\":\"https:\/\/astos.cz\/en\/\"},{\"@type\":\"ListItem\",\"position\":2,\"name\":\"Career\",\"item\":\"https:\/\/astos.cz\/en\/kariera\/\"},{\"@type\":\"ListItem\",\"position\":3,\"name\":\"Partnership with University\",\"item\":\"https:\/\/astos.cz\/en\/kariera\/spoluprace-se-skolami\/\"},{\"@type\":\"ListItem\",\"position\":4,\"name\":\"Faculty of Engineering- University of West Bohemia\"}]}]}<\/script>\n<!-- \/ Yoast SEO plugin. -->","yoast_head_json":{"title":"Faculty of Engineering- University of West Bohemia | ASTOS Machinery","robots":{"index":"index","follow":"follow","max-snippet":"max-snippet:-1","max-image-preview":"max-image-preview:large","max-video-preview":"max-video-preview:-1"},"canonical":"https:\/\/astos.cz\/en\/kariera\/spoluprace-se-skolami\/fakulta-strojni-pri-zcu-v-plzni\/","og_locale":"en_US","og_type":"article","og_title":"Faculty of Engineering- University of West Bohemia | ASTOS Machinery","og_description":"Faculty of Engineering -one of the oldest faculty of West Bohemia University. Astos Machinery conducts close collaboration with the faculty from the year 2006","og_url":"https:\/\/astos.cz\/en\/kariera\/spoluprace-se-skolami\/fakulta-strojni-pri-zcu-v-plzni\/","og_site_name":"ASTOS Machinery","article_modified_time":"2016-06-09T08:52:30+00:00","og_image":[{"width":1140,"height":640,"url":"https:\/\/astos.cz\/wp-content\/uploads\/2016\/02\/Fakulta-strojni-ZCU.jpg","type":"image\/jpeg"}],"twitter_card":"summary","schema":{"@context":"https:\/\/schema.org","@graph":[{"@type":"WebSite","@id":"https:\/\/astos.cz\/#website","url":"https:\/\/astos.cz\/","name":"ASTOS Machinery","description":"Specialista na dopravn\u00edkov\u00e9 syst\u00e9my a krytov\u00e1n\u00ed stroj\u016f","potentialAction":[{"@type":"SearchAction","target":{"@type":"EntryPoint","urlTemplate":"https:\/\/astos.cz\/?s={search_term_string}"},"query-input":"required name=search_term_string"}],"inLanguage":"en-US"},{"@type":"ImageObject","@id":"https:\/\/astos.cz\/en\/kariera\/spoluprace-se-skolami\/fakulta-strojni-pri-zcu-v-plzni\/#primaryimage","inLanguage":"en-US","url":"https:\/\/astos.cz\/wp-content\/uploads\/2016\/02\/Fakulta-strojni-ZCU.jpg","contentUrl":"https:\/\/astos.cz\/wp-content\/uploads\/2016\/02\/Fakulta-strojni-ZCU.jpg","width":1140,"height":640},{"@type":"WebPage","@id":"https:\/\/astos.cz\/en\/kariera\/spoluprace-se-skolami\/fakulta-strojni-pri-zcu-v-plzni\/#webpage","url":"https:\/\/astos.cz\/en\/kariera\/spoluprace-se-skolami\/fakulta-strojni-pri-zcu-v-plzni\/","name":"Faculty of Engineering- University of West Bohemia | ASTOS Machinery","isPartOf":{"@id":"https:\/\/astos.cz\/#website"},"primaryImageOfPage":{"@id":"https:\/\/astos.cz\/en\/kariera\/spoluprace-se-skolami\/fakulta-strojni-pri-zcu-v-plzni\/#primaryimage"},"datePublished":"2016-02-29T11:09:14+00:00","dateModified":"2016-06-09T08:52:30+00:00","breadcrumb":{"@id":"https:\/\/astos.cz\/en\/kariera\/spoluprace-se-skolami\/fakulta-strojni-pri-zcu-v-plzni\/#breadcrumb"},"inLanguage":"en-US","potentialAction":[{"@type":"ReadAction","target":["https:\/\/astos.cz\/en\/kariera\/spoluprace-se-skolami\/fakulta-strojni-pri-zcu-v-plzni\/"]}]},{"@type":"BreadcrumbList","@id":"https:\/\/astos.cz\/en\/kariera\/spoluprace-se-skolami\/fakulta-strojni-pri-zcu-v-plzni\/#breadcrumb","itemListElement":[{"@type":"ListItem","position":1,"name":"Dom\u016f","item":"https:\/\/astos.cz\/en\/"},{"@type":"ListItem","position":2,"name":"Career","item":"https:\/\/astos.cz\/en\/kariera\/"},{"@type":"ListItem","position":3,"name":"Partnership with University","item":"https:\/\/astos.cz\/en\/kariera\/spoluprace-se-skolami\/"},{"@type":"ListItem","position":4,"name":"Faculty of Engineering- University of West Bohemia"}]}]}},"_links":{"self":[{"href":"https:\/\/astos.cz\/en\/wp-json\/wp\/v2\/pages\/4615"}],"collection":[{"href":"https:\/\/astos.cz\/en\/wp-json\/wp\/v2\/pages"}],"about":[{"href":"https:\/\/astos.cz\/en\/wp-json\/wp\/v2\/types\/page"}],"author":[{"embeddable":true,"href":"https:\/\/astos.cz\/en\/wp-json\/wp\/v2\/users\/6"}],"replies":[{"embeddable":true,"href":"https:\/\/astos.cz\/en\/wp-json\/wp\/v2\/comments?post=4615"}],"version-history":[{"count":3,"href":"https:\/\/astos.cz\/en\/wp-json\/wp\/v2\/pages\/4615\/revisions"}],"predecessor-version":[{"id":6352,"href":"https:\/\/astos.cz\/en\/wp-json\/wp\/v2\/pages\/4615\/revisions\/6352"}],"up":[{"embeddable":true,"href":"https:\/\/astos.cz\/en\/wp-json\/wp\/v2\/pages\/5019"}],"wp:featuredmedia":[{"embeddable":true,"href":"https:\/\/astos.cz\/en\/wp-json\/wp\/v2\/media\/4616"}],"wp:attachment":[{"href":"https:\/\/astos.cz\/en\/wp-json\/wp\/v2\/media?parent=4615"}],"wp:term":[{"taxonomy":"category","embeddable":true,"href":"https:\/\/astos.cz\/en\/wp-json\/wp\/v2\/categories?post=4615"},{"taxonomy":"post_tag","embeddable":true,"href":"https:\/\/astos.cz\/en\/wp-json\/wp\/v2\/tags?post=4615"}],"curies":[{"name":"wp","href":"https:\/\/api.w.org\/{rel}","templated":true}]}}