{"id":4600,"date":"2016-02-29T11:22:22","date_gmt":"2016-02-29T10:22:22","guid":{"rendered":"https:\/\/astos.cz\/en\/vyvojova-spolecnost-machinery-design\/"},"modified":"2022-05-09T08:15:03","modified_gmt":"2022-05-09T07:15:03","slug":"vyvojova-spolecnost-machinery-design","status":"publish","type":"page","link":"https:\/\/astos.cz\/en\/o-nas\/vyvojova-spolecnost-machinery-design\/","title":{"rendered":"Company  Machinery Design s.r.o."},"content":{"rendered":"<div id=\"pl-4600\"  class=\"panel-layout\" ><div id=\"pg-4600-0\"  class=\"panel-grid panel-no-style\" ><div id=\"pgc-4600-0-0\"  class=\"panel-grid-cell\" ><div id=\"panel-4600-0-0-0\" class=\"so-panel widget widget_black-studio-tinymce widget_black_studio_tinymce panel-first-child panel-last-child\" data-index=\"0\" ><div class=\"textwidget\"><p>Due to ever increasing complexities of customer\u2019s requirements for the solution to their material handling needs we decided to promote new company - Machinery Design s.r.o with its Headquarters in the Technological Park of the neighbouring West Bohemia University of Plze\u0148. The Technological Park and the  related research, innovation and development are  directly supported by EU.   Machinery Design s.r.o. delivers direct support to Design Department of ASTOS Machinery. <\/p>\n<hr \/>\n<p><em>Machinery Design s.r.o.<br \/>\nRegister Nr.: 29159016, Headquarters: Teslova 1241\/5a,<br \/>\nSkvr\u0148any, 301 00 Plze\u0148, Registered: District Court in Plze\u0148, Part C, Inset 27678.<\/em><\/p>\n<\/div><\/div><\/div><div id=\"pgc-4600-0-1\"  class=\"panel-grid-cell\" ><div id=\"panel-4600-0-1-0\" class=\"so-panel widget widget_black-studio-tinymce widget_black_studio_tinymce panel-first-child panel-last-child\" data-index=\"1\" ><div class=\"textwidget\"><p><a href=\"https:\/\/astos.cz\/wp-content\/uploads\/2016\/02\/budova-vyvojoveho-centra.jpg\" rel=\"lightbox[4600]\"><img class=\"alignnone wp-image-2876\" src=\"https:\/\/astos.cz\/wp-content\/uploads\/2016\/02\/budova-vyvojoveho-centra-300x168.jpg\" alt=\"Pohled na budovu v\u00fdvojov\u00e9ho centra\" width=\"410\" height=\"230\" \/><\/a><\/p>\n<p>&nbsp;<\/p>\n<\/div><\/div><\/div><\/div><\/div>","protected":false},"excerpt":{"rendered":"<p>Due to ever increasing complexities of customer\u2019s requirements for the solution to their material handling needs we decided to promote new company- Machinery Design<\/p>\n","protected":false},"author":6,"featured_media":4604,"parent":4882,"menu_order":0,"comment_status":"closed","ping_status":"closed","template":"","meta":[],"categories":[],"tags":[],"yoast_head":"<!-- This site is optimized with the Yoast SEO plugin v18.5.1 - https:\/\/yoast.com\/wordpress\/plugins\/seo\/ -->\n<title>Company Machinery Design s.r.o. | ASTOS Machinery<\/title>\n<meta name=\"robots\" content=\"index, follow, max-snippet:-1, max-image-preview:large, max-video-preview:-1\" \/>\n<link rel=\"canonical\" href=\"https:\/\/astos.cz\/en\/o-nas\/vyvojova-spolecnost-machinery-design\/\" \/>\n<meta property=\"og:locale\" content=\"en_US\" \/>\n<meta property=\"og:type\" content=\"article\" \/>\n<meta property=\"og:title\" content=\"Company Machinery Design s.r.o. | ASTOS Machinery\" \/>\n<meta property=\"og:description\" content=\"Due to ever increasing complexities of customer\u2019s requirements for the solution to their material handling needs we decided to promote new company- Machinery Design\" \/>\n<meta property=\"og:url\" content=\"https:\/\/astos.cz\/en\/o-nas\/vyvojova-spolecnost-machinery-design\/\" \/>\n<meta property=\"og:site_name\" content=\"ASTOS Machinery\" \/>\n<meta property=\"article:modified_time\" content=\"2022-05-09T07:15:03+00:00\" \/>\n<meta property=\"og:image\" content=\"https:\/\/astos.cz\/wp-content\/uploads\/2016\/02\/budova-vyvojoveho-centra.jpg\" \/>\n\t<meta property=\"og:image:width\" content=\"1140\" \/>\n\t<meta property=\"og:image:height\" content=\"640\" \/>\n\t<meta property=\"og:image:type\" content=\"image\/jpeg\" \/>\n<meta name=\"twitter:card\" content=\"summary\" \/>\n<script type=\"application\/ld+json\" class=\"yoast-schema-graph\">{\"@context\":\"https:\/\/schema.org\",\"@graph\":[{\"@type\":\"WebSite\",\"@id\":\"https:\/\/astos.cz\/#website\",\"url\":\"https:\/\/astos.cz\/\",\"name\":\"ASTOS Machinery\",\"description\":\"Specialista na dopravn\u00edkov\u00e9 syst\u00e9my a krytov\u00e1n\u00ed stroj\u016f\",\"potentialAction\":[{\"@type\":\"SearchAction\",\"target\":{\"@type\":\"EntryPoint\",\"urlTemplate\":\"https:\/\/astos.cz\/?s={search_term_string}\"},\"query-input\":\"required name=search_term_string\"}],\"inLanguage\":\"en-US\"},{\"@type\":\"ImageObject\",\"@id\":\"https:\/\/astos.cz\/en\/o-nas\/vyvojova-spolecnost-machinery-design\/#primaryimage\",\"inLanguage\":\"en-US\",\"url\":\"https:\/\/astos.cz\/wp-content\/uploads\/2016\/02\/budova-vyvojoveho-centra.jpg\",\"contentUrl\":\"https:\/\/astos.cz\/wp-content\/uploads\/2016\/02\/budova-vyvojoveho-centra.jpg\",\"width\":1140,\"height\":640,\"caption\":\"Pohled na budovu v\u00fdvojov\u00e9ho centra\"},{\"@type\":\"WebPage\",\"@id\":\"https:\/\/astos.cz\/en\/o-nas\/vyvojova-spolecnost-machinery-design\/#webpage\",\"url\":\"https:\/\/astos.cz\/en\/o-nas\/vyvojova-spolecnost-machinery-design\/\",\"name\":\"Company Machinery Design s.r.o. | ASTOS Machinery\",\"isPartOf\":{\"@id\":\"https:\/\/astos.cz\/#website\"},\"primaryImageOfPage\":{\"@id\":\"https:\/\/astos.cz\/en\/o-nas\/vyvojova-spolecnost-machinery-design\/#primaryimage\"},\"datePublished\":\"2016-02-29T10:22:22+00:00\",\"dateModified\":\"2022-05-09T07:15:03+00:00\",\"breadcrumb\":{\"@id\":\"https:\/\/astos.cz\/en\/o-nas\/vyvojova-spolecnost-machinery-design\/#breadcrumb\"},\"inLanguage\":\"en-US\",\"potentialAction\":[{\"@type\":\"ReadAction\",\"target\":[\"https:\/\/astos.cz\/en\/o-nas\/vyvojova-spolecnost-machinery-design\/\"]}]},{\"@type\":\"BreadcrumbList\",\"@id\":\"https:\/\/astos.cz\/en\/o-nas\/vyvojova-spolecnost-machinery-design\/#breadcrumb\",\"itemListElement\":[{\"@type\":\"ListItem\",\"position\":1,\"name\":\"Dom\u016f\",\"item\":\"https:\/\/astos.cz\/en\/\"},{\"@type\":\"ListItem\",\"position\":2,\"name\":\"About us\",\"item\":\"https:\/\/astos.cz\/en\/o-nas\/\"},{\"@type\":\"ListItem\",\"position\":3,\"name\":\"Company Machinery Design s.r.o.\"}]}]}<\/script>\n<!-- \/ Yoast SEO plugin. -->","yoast_head_json":{"title":"Company Machinery Design s.r.o. | ASTOS Machinery","robots":{"index":"index","follow":"follow","max-snippet":"max-snippet:-1","max-image-preview":"max-image-preview:large","max-video-preview":"max-video-preview:-1"},"canonical":"https:\/\/astos.cz\/en\/o-nas\/vyvojova-spolecnost-machinery-design\/","og_locale":"en_US","og_type":"article","og_title":"Company Machinery Design s.r.o. | ASTOS Machinery","og_description":"Due to ever increasing complexities of customer\u2019s requirements for the solution to their material handling needs we decided to promote new company- Machinery Design","og_url":"https:\/\/astos.cz\/en\/o-nas\/vyvojova-spolecnost-machinery-design\/","og_site_name":"ASTOS Machinery","article_modified_time":"2022-05-09T07:15:03+00:00","og_image":[{"width":1140,"height":640,"url":"https:\/\/astos.cz\/wp-content\/uploads\/2016\/02\/budova-vyvojoveho-centra.jpg","type":"image\/jpeg"}],"twitter_card":"summary","schema":{"@context":"https:\/\/schema.org","@graph":[{"@type":"WebSite","@id":"https:\/\/astos.cz\/#website","url":"https:\/\/astos.cz\/","name":"ASTOS Machinery","description":"Specialista na dopravn\u00edkov\u00e9 syst\u00e9my a krytov\u00e1n\u00ed stroj\u016f","potentialAction":[{"@type":"SearchAction","target":{"@type":"EntryPoint","urlTemplate":"https:\/\/astos.cz\/?s={search_term_string}"},"query-input":"required name=search_term_string"}],"inLanguage":"en-US"},{"@type":"ImageObject","@id":"https:\/\/astos.cz\/en\/o-nas\/vyvojova-spolecnost-machinery-design\/#primaryimage","inLanguage":"en-US","url":"https:\/\/astos.cz\/wp-content\/uploads\/2016\/02\/budova-vyvojoveho-centra.jpg","contentUrl":"https:\/\/astos.cz\/wp-content\/uploads\/2016\/02\/budova-vyvojoveho-centra.jpg","width":1140,"height":640,"caption":"Pohled na budovu v\u00fdvojov\u00e9ho centra"},{"@type":"WebPage","@id":"https:\/\/astos.cz\/en\/o-nas\/vyvojova-spolecnost-machinery-design\/#webpage","url":"https:\/\/astos.cz\/en\/o-nas\/vyvojova-spolecnost-machinery-design\/","name":"Company Machinery Design s.r.o. | ASTOS Machinery","isPartOf":{"@id":"https:\/\/astos.cz\/#website"},"primaryImageOfPage":{"@id":"https:\/\/astos.cz\/en\/o-nas\/vyvojova-spolecnost-machinery-design\/#primaryimage"},"datePublished":"2016-02-29T10:22:22+00:00","dateModified":"2022-05-09T07:15:03+00:00","breadcrumb":{"@id":"https:\/\/astos.cz\/en\/o-nas\/vyvojova-spolecnost-machinery-design\/#breadcrumb"},"inLanguage":"en-US","potentialAction":[{"@type":"ReadAction","target":["https:\/\/astos.cz\/en\/o-nas\/vyvojova-spolecnost-machinery-design\/"]}]},{"@type":"BreadcrumbList","@id":"https:\/\/astos.cz\/en\/o-nas\/vyvojova-spolecnost-machinery-design\/#breadcrumb","itemListElement":[{"@type":"ListItem","position":1,"name":"Dom\u016f","item":"https:\/\/astos.cz\/en\/"},{"@type":"ListItem","position":2,"name":"About us","item":"https:\/\/astos.cz\/en\/o-nas\/"},{"@type":"ListItem","position":3,"name":"Company Machinery Design s.r.o."}]}]}},"_links":{"self":[{"href":"https:\/\/astos.cz\/en\/wp-json\/wp\/v2\/pages\/4600"}],"collection":[{"href":"https:\/\/astos.cz\/en\/wp-json\/wp\/v2\/pages"}],"about":[{"href":"https:\/\/astos.cz\/en\/wp-json\/wp\/v2\/types\/page"}],"author":[{"embeddable":true,"href":"https:\/\/astos.cz\/en\/wp-json\/wp\/v2\/users\/6"}],"replies":[{"embeddable":true,"href":"https:\/\/astos.cz\/en\/wp-json\/wp\/v2\/comments?post=4600"}],"version-history":[{"count":7,"href":"https:\/\/astos.cz\/en\/wp-json\/wp\/v2\/pages\/4600\/revisions"}],"predecessor-version":[{"id":9816,"href":"https:\/\/astos.cz\/en\/wp-json\/wp\/v2\/pages\/4600\/revisions\/9816"}],"up":[{"embeddable":true,"href":"https:\/\/astos.cz\/en\/wp-json\/wp\/v2\/pages\/4882"}],"wp:featuredmedia":[{"embeddable":true,"href":"https:\/\/astos.cz\/en\/wp-json\/wp\/v2\/media\/4604"}],"wp:attachment":[{"href":"https:\/\/astos.cz\/en\/wp-json\/wp\/v2\/media?parent=4600"}],"wp:term":[{"taxonomy":"category","embeddable":true,"href":"https:\/\/astos.cz\/en\/wp-json\/wp\/v2\/categories?post=4600"},{"taxonomy":"post_tag","embeddable":true,"href":"https:\/\/astos.cz\/en\/wp-json\/wp\/v2\/tags?post=4600"}],"curies":[{"name":"wp","href":"https:\/\/api.w.org\/{rel}","templated":true}]}}