{"id":12606,"date":"2024-11-18T12:50:54","date_gmt":"2024-11-18T11:50:54","guid":{"rendered":"https:\/\/astos.cz\/priklady-zakaznickych-reseni\/aplikace-pro-lisovny\/priklad-c-3\/"},"modified":"2024-11-25T09:59:00","modified_gmt":"2024-11-25T08:59:00","slug":"priklad-c-3","status":"publish","type":"page","link":"https:\/\/astos.cz\/en\/priklady-zakaznickych-reseni\/aplikace-pro-lisovny\/priklad-c-3\/","title":{"rendered":"Press Shop for Automotive Production"},"content":{"rendered":"<div id=\"pl-12606\"  class=\"panel-layout\" ><div id=\"pg-12606-0\"  class=\"panel-grid panel-no-style\" ><div id=\"pgc-12606-0-0\"  class=\"panel-grid-cell\" ><div id=\"panel-12606-0-0-0\" class=\"so-panel widget widget_sow-editor panel-first-child panel-last-child\" data-index=\"0\" ><div class=\"so-widget-sow-editor so-widget-sow-editor-base\">\n<div class=\"siteorigin-widget-tinymce textwidget\">\n\t<p><strong>Automatic Conveyor Line for Transporting Waste or Finished Products for the TOYOTA Brand, Model Camry.<\/strong><\/p>\n<p><strong>Application:<\/strong> Press Shop in the Automotive Industry \u2013 Outer Body Panels<\/p>\n<\/div>\n<\/div><\/div><\/div><\/div><div id=\"pg-12606-1\"  class=\"panel-grid panel-no-style\" ><div id=\"pgc-12606-1-0\"  class=\"panel-grid-cell\" ><div id=\"panel-12606-1-0-0\" class=\"so-panel widget widget_sow-editor panel-first-child panel-last-child\" data-index=\"1\" ><div class=\"so-widget-sow-editor so-widget-sow-editor-base\">\n<div class=\"siteorigin-widget-tinymce textwidget\">\n\t<p><strong>Setup of 3 chain conveyors:<\/strong><\/p>\n<ul>\n<li>2 straight conveyors with lengths of 23 m and 32 m<\/li>\n<li>Z-shaped chip conveyor with a total length of 36 m and an ejection height of 14 m<\/li>\n<\/ul>\n<p><strong>Equipment:<\/strong><\/p>\n<ul>\n<li>Motor-driven pivoting discharge hopper made of Hardox for 2 high-capacity containers with sensors for automatic filling level monitoring<\/li>\n<li>4 Hardox hoppers<\/li>\n<li>High-capacity containers<\/li>\n<li>Maintenance platforms, transition bridge, stairs (3 levels), support structure, and support for the chip conveyor<\/li>\n<li>Siemens automatic control unit with a touchscreen for communication between presses, presses and other press shop equipment, and automatic container filling<\/li>\n<\/ul>\n<\/div>\n<\/div><\/div><\/div><\/div><div id=\"pg-12606-2\"  class=\"panel-grid panel-no-style\" ><div id=\"pgc-12606-2-0\"  class=\"panel-grid-cell\" ><div id=\"panel-12606-2-0-0\" class=\"so-panel widget widget_sow-editor panel-first-child panel-last-child\" data-index=\"2\" ><div class=\"so-widget-sow-editor so-widget-sow-editor-base\">\n<div class=\"siteorigin-widget-tinymce textwidget\">\n\t<figure id=\"attachment_6322\" class=\"wp-caption alignleft\" style=\"width: 410px;\"><a href=\"https:\/\/astos.cz\/wp-content\/uploads\/2017\/05\/TOYOTA-V\u00ddSYPKA-1.jpg\" rel=\"lightbox[12606]\"><img loading=\"lazy\" class=\"alignnone size-full wp-image-7794\" src=\"https:\/\/astos.cz\/wp-content\/uploads\/2017\/05\/TOYOTA-V\u00ddSYPKA.jpg\" alt=\"vykres-oprava-399\" width=\"399\" height=\"257\" \/><\/a><figcaption class=\"wp-caption-text\">Design of a pivoting discharge hopper<\/figcaption><\/figure>\n<p>&nbsp;<\/p>\n<figure id=\"attachment_6322\" class=\"wp-caption alignleft\" style=\"width: 410px;\"><a href=\"https:\/\/astos.cz\/wp-content\/uploads\/2017\/05\/TOYOTA-SESTAVA.jpg\" rel=\"lightbox[12606]\"><img loading=\"lazy\" class=\"alignnone size-full wp-image-7794\" src=\"https:\/\/astos.cz\/wp-content\/uploads\/2017\/05\/vykres-oprava-399.jpg\" alt=\"vykres-oprava-399\" width=\"399\" height=\"257\" srcset=\"https:\/\/astos.cz\/wp-content\/uploads\/2017\/05\/vykres-oprava-399.jpg 399w, https:\/\/astos.cz\/wp-content\/uploads\/2017\/05\/vykres-oprava-399-300x193.jpg 300w\" sizes=\"(max-width: 399px) 100vw, 399px\" \/><\/a><figcaption class=\"wp-caption-text\">Design of an ejection conveyor with a pivoting discharge hopper<\/figcaption><\/figure>\n<\/div>\n<\/div><\/div><\/div><div id=\"pgc-12606-2-1\"  class=\"panel-grid-cell\" ><div id=\"panel-12606-2-1-0\" class=\"so-panel widget widget_sow-editor panel-first-child panel-last-child\" data-index=\"3\" ><div class=\"so-widget-sow-editor so-widget-sow-editor-base\">\n<div class=\"siteorigin-widget-tinymce textwidget\">\n\t<figure id=\"attachment_6322\" class=\"wp-caption alignleft\" style=\"width: 410px;\"><a href=\"https:\/\/astos.cz\/wp-content\/uploads\/2017\/06\/DSC_0451b.jpg\" rel=\"lightbox[12606]\"><img loading=\"lazy\" class=\"alignnone size-full wp-image-7744\" src=\"https:\/\/astos.cz\/wp-content\/uploads\/2017\/06\/DSC_0451b-1.jpg\" alt=\"toyota\" width=\"399\" height=\"257\" \/><\/a><figcaption class=\"wp-caption-text\">Implementation<\/figcaption><\/figure>\n<figure id=\"attachment_6322\" class=\"wp-caption alignleft\" style=\"width: 410px;\"><a href=\"https:\/\/astos.cz\/wp-content\/uploads\/2017\/05\/P4290085-1.jpg\" rel=\"lightbox[12606]\"><img loading=\"lazy\" class=\"alignnone size-full wp-image-7744\" src=\"https:\/\/astos.cz\/wp-content\/uploads\/2017\/05\/P4290085.jpg\" alt=\"toyota\" width=\"399\" height=\"257\" \/><\/a><figcaption class=\"wp-caption-text\">Implementation of an ejection conveyor with a pivoting discharge hopper<\/figcaption><\/figure>\n<\/div>\n<\/div><\/div><\/div><\/div><\/div>","protected":false},"excerpt":{"rendered":"<p>Automatic Conveyor Line for Transporting Waste or Finished Products for the TOYOTA Brand, Model Camry. Application: Press Shop in the Automotive Industry \u2013 Outer Body Panels Setup of 3 chain conveyors: 2 straight conveyors with lengths of 23 m and 32 m Z-shaped chip conveyor with a total length of 36 m and an ejection &hellip;<\/p>\n","protected":false},"author":8,"featured_media":7795,"parent":4951,"menu_order":0,"comment_status":"closed","ping_status":"closed","template":"","meta":[],"categories":[],"tags":[],"yoast_head":"<!-- This site is optimized with the Yoast SEO plugin v18.5.1 - https:\/\/yoast.com\/wordpress\/plugins\/seo\/ -->\n<title>Press Shop for Automotive Production | ASTOS Machinery<\/title>\n<meta name=\"robots\" content=\"index, follow, max-snippet:-1, max-image-preview:large, max-video-preview:-1\" \/>\n<link rel=\"canonical\" href=\"https:\/\/astos.cz\/en\/priklady-zakaznickych-reseni\/aplikace-pro-lisovny\/priklad-c-3\/\" \/>\n<meta property=\"og:locale\" content=\"en_US\" \/>\n<meta property=\"og:type\" content=\"article\" \/>\n<meta property=\"og:title\" content=\"Press Shop for Automotive Production | ASTOS Machinery\" \/>\n<meta property=\"og:description\" content=\"Automatic Conveyor Line for Transporting Waste or Finished Products for the TOYOTA Brand, Model Camry. Application: Press Shop in the Automotive Industry \u2013 Outer Body Panels Setup of 3 chain conveyors: 2 straight conveyors with lengths of 23 m and 32 m Z-shaped chip conveyor with a total length of 36 m and an ejection &hellip;\" \/>\n<meta property=\"og:url\" content=\"https:\/\/astos.cz\/en\/priklady-zakaznickych-reseni\/aplikace-pro-lisovny\/priklad-c-3\/\" \/>\n<meta property=\"og:site_name\" content=\"ASTOS Machinery\" \/>\n<meta property=\"article:modified_time\" content=\"2024-11-25T08:59:00+00:00\" \/>\n<meta property=\"og:image\" content=\"https:\/\/astos.cz\/wp-content\/uploads\/2017\/05\/vykres-oprava-399.jpg\" \/>\n\t<meta property=\"og:image:width\" content=\"399\" \/>\n\t<meta property=\"og:image:height\" content=\"257\" \/>\n\t<meta property=\"og:image:type\" content=\"image\/jpeg\" \/>\n<meta name=\"twitter:card\" content=\"summary\" \/>\n<meta name=\"twitter:label1\" content=\"Est. reading time\" \/>\n\t<meta name=\"twitter:data1\" content=\"2 minutes\" \/>\n<script type=\"application\/ld+json\" class=\"yoast-schema-graph\">{\"@context\":\"https:\/\/schema.org\",\"@graph\":[{\"@type\":\"WebSite\",\"@id\":\"https:\/\/astos.cz\/#website\",\"url\":\"https:\/\/astos.cz\/\",\"name\":\"ASTOS Machinery\",\"description\":\"Specialista na dopravn\u00edkov\u00e9 syst\u00e9my a krytov\u00e1n\u00ed stroj\u016f\",\"potentialAction\":[{\"@type\":\"SearchAction\",\"target\":{\"@type\":\"EntryPoint\",\"urlTemplate\":\"https:\/\/astos.cz\/?s={search_term_string}\"},\"query-input\":\"required name=search_term_string\"}],\"inLanguage\":\"en-US\"},{\"@type\":\"ImageObject\",\"@id\":\"https:\/\/astos.cz\/en\/priklady-zakaznickych-reseni\/aplikace-pro-lisovny\/priklad-c-3\/#primaryimage\",\"inLanguage\":\"en-US\",\"url\":\"https:\/\/astos.cz\/wp-content\/uploads\/2017\/05\/vykres-oprava-399.jpg\",\"contentUrl\":\"https:\/\/astos.cz\/wp-content\/uploads\/2017\/05\/vykres-oprava-399.jpg\",\"width\":399,\"height\":257},{\"@type\":\"WebPage\",\"@id\":\"https:\/\/astos.cz\/en\/priklady-zakaznickych-reseni\/aplikace-pro-lisovny\/priklad-c-3\/#webpage\",\"url\":\"https:\/\/astos.cz\/en\/priklady-zakaznickych-reseni\/aplikace-pro-lisovny\/priklad-c-3\/\",\"name\":\"Press Shop for Automotive Production | ASTOS Machinery\",\"isPartOf\":{\"@id\":\"https:\/\/astos.cz\/#website\"},\"primaryImageOfPage\":{\"@id\":\"https:\/\/astos.cz\/en\/priklady-zakaznickych-reseni\/aplikace-pro-lisovny\/priklad-c-3\/#primaryimage\"},\"datePublished\":\"2024-11-18T11:50:54+00:00\",\"dateModified\":\"2024-11-25T08:59:00+00:00\",\"breadcrumb\":{\"@id\":\"https:\/\/astos.cz\/en\/priklady-zakaznickych-reseni\/aplikace-pro-lisovny\/priklad-c-3\/#breadcrumb\"},\"inLanguage\":\"en-US\",\"potentialAction\":[{\"@type\":\"ReadAction\",\"target\":[\"https:\/\/astos.cz\/en\/priklady-zakaznickych-reseni\/aplikace-pro-lisovny\/priklad-c-3\/\"]}]},{\"@type\":\"BreadcrumbList\",\"@id\":\"https:\/\/astos.cz\/en\/priklady-zakaznickych-reseni\/aplikace-pro-lisovny\/priklad-c-3\/#breadcrumb\",\"itemListElement\":[{\"@type\":\"ListItem\",\"position\":1,\"name\":\"Dom\u016f\",\"item\":\"https:\/\/astos.cz\/en\/\"},{\"@type\":\"ListItem\",\"position\":2,\"name\":\"Example of customized solutions\",\"item\":\"https:\/\/astos.cz\/en\/priklady-zakaznickych-reseni\/\"},{\"@type\":\"ListItem\",\"position\":3,\"name\":\"Applications for Stamping Facilities\",\"item\":\"https:\/\/astos.cz\/en\/priklady-zakaznickych-reseni\/aplikace-pro-lisovny\/\"},{\"@type\":\"ListItem\",\"position\":4,\"name\":\"Press Shop for Automotive Production\"}]}]}<\/script>\n<!-- \/ Yoast SEO plugin. -->","yoast_head_json":{"title":"Press Shop for Automotive Production | ASTOS Machinery","robots":{"index":"index","follow":"follow","max-snippet":"max-snippet:-1","max-image-preview":"max-image-preview:large","max-video-preview":"max-video-preview:-1"},"canonical":"https:\/\/astos.cz\/en\/priklady-zakaznickych-reseni\/aplikace-pro-lisovny\/priklad-c-3\/","og_locale":"en_US","og_type":"article","og_title":"Press Shop for Automotive Production | ASTOS Machinery","og_description":"Automatic Conveyor Line for Transporting Waste or Finished Products for the TOYOTA Brand, Model Camry. Application: Press Shop in the Automotive Industry \u2013 Outer Body Panels Setup of 3 chain conveyors: 2 straight conveyors with lengths of 23 m and 32 m Z-shaped chip conveyor with a total length of 36 m and an ejection &hellip;","og_url":"https:\/\/astos.cz\/en\/priklady-zakaznickych-reseni\/aplikace-pro-lisovny\/priklad-c-3\/","og_site_name":"ASTOS Machinery","article_modified_time":"2024-11-25T08:59:00+00:00","og_image":[{"width":399,"height":257,"url":"https:\/\/astos.cz\/wp-content\/uploads\/2017\/05\/vykres-oprava-399.jpg","type":"image\/jpeg"}],"twitter_card":"summary","twitter_misc":{"Est. reading time":"2 minutes"},"schema":{"@context":"https:\/\/schema.org","@graph":[{"@type":"WebSite","@id":"https:\/\/astos.cz\/#website","url":"https:\/\/astos.cz\/","name":"ASTOS Machinery","description":"Specialista na dopravn\u00edkov\u00e9 syst\u00e9my a krytov\u00e1n\u00ed stroj\u016f","potentialAction":[{"@type":"SearchAction","target":{"@type":"EntryPoint","urlTemplate":"https:\/\/astos.cz\/?s={search_term_string}"},"query-input":"required name=search_term_string"}],"inLanguage":"en-US"},{"@type":"ImageObject","@id":"https:\/\/astos.cz\/en\/priklady-zakaznickych-reseni\/aplikace-pro-lisovny\/priklad-c-3\/#primaryimage","inLanguage":"en-US","url":"https:\/\/astos.cz\/wp-content\/uploads\/2017\/05\/vykres-oprava-399.jpg","contentUrl":"https:\/\/astos.cz\/wp-content\/uploads\/2017\/05\/vykres-oprava-399.jpg","width":399,"height":257},{"@type":"WebPage","@id":"https:\/\/astos.cz\/en\/priklady-zakaznickych-reseni\/aplikace-pro-lisovny\/priklad-c-3\/#webpage","url":"https:\/\/astos.cz\/en\/priklady-zakaznickych-reseni\/aplikace-pro-lisovny\/priklad-c-3\/","name":"Press Shop for Automotive Production | ASTOS Machinery","isPartOf":{"@id":"https:\/\/astos.cz\/#website"},"primaryImageOfPage":{"@id":"https:\/\/astos.cz\/en\/priklady-zakaznickych-reseni\/aplikace-pro-lisovny\/priklad-c-3\/#primaryimage"},"datePublished":"2024-11-18T11:50:54+00:00","dateModified":"2024-11-25T08:59:00+00:00","breadcrumb":{"@id":"https:\/\/astos.cz\/en\/priklady-zakaznickych-reseni\/aplikace-pro-lisovny\/priklad-c-3\/#breadcrumb"},"inLanguage":"en-US","potentialAction":[{"@type":"ReadAction","target":["https:\/\/astos.cz\/en\/priklady-zakaznickych-reseni\/aplikace-pro-lisovny\/priklad-c-3\/"]}]},{"@type":"BreadcrumbList","@id":"https:\/\/astos.cz\/en\/priklady-zakaznickych-reseni\/aplikace-pro-lisovny\/priklad-c-3\/#breadcrumb","itemListElement":[{"@type":"ListItem","position":1,"name":"Dom\u016f","item":"https:\/\/astos.cz\/en\/"},{"@type":"ListItem","position":2,"name":"Example of customized solutions","item":"https:\/\/astos.cz\/en\/priklady-zakaznickych-reseni\/"},{"@type":"ListItem","position":3,"name":"Applications for Stamping Facilities","item":"https:\/\/astos.cz\/en\/priklady-zakaznickych-reseni\/aplikace-pro-lisovny\/"},{"@type":"ListItem","position":4,"name":"Press Shop for Automotive Production"}]}]}},"_links":{"self":[{"href":"https:\/\/astos.cz\/en\/wp-json\/wp\/v2\/pages\/12606"}],"collection":[{"href":"https:\/\/astos.cz\/en\/wp-json\/wp\/v2\/pages"}],"about":[{"href":"https:\/\/astos.cz\/en\/wp-json\/wp\/v2\/types\/page"}],"author":[{"embeddable":true,"href":"https:\/\/astos.cz\/en\/wp-json\/wp\/v2\/users\/8"}],"replies":[{"embeddable":true,"href":"https:\/\/astos.cz\/en\/wp-json\/wp\/v2\/comments?post=12606"}],"version-history":[{"count":1,"href":"https:\/\/astos.cz\/en\/wp-json\/wp\/v2\/pages\/12606\/revisions"}],"predecessor-version":[{"id":12607,"href":"https:\/\/astos.cz\/en\/wp-json\/wp\/v2\/pages\/12606\/revisions\/12607"}],"up":[{"embeddable":true,"href":"https:\/\/astos.cz\/en\/wp-json\/wp\/v2\/pages\/4951"}],"wp:featuredmedia":[{"embeddable":true,"href":"https:\/\/astos.cz\/en\/wp-json\/wp\/v2\/media\/7795"}],"wp:attachment":[{"href":"https:\/\/astos.cz\/en\/wp-json\/wp\/v2\/media?parent=12606"}],"wp:term":[{"taxonomy":"category","embeddable":true,"href":"https:\/\/astos.cz\/en\/wp-json\/wp\/v2\/categories?post=12606"},{"taxonomy":"post_tag","embeddable":true,"href":"https:\/\/astos.cz\/en\/wp-json\/wp\/v2\/tags?post=12606"}],"curies":[{"name":"wp","href":"https:\/\/api.w.org\/{rel}","templated":true}]}}