{"id":12594,"date":"2024-11-14T14:17:49","date_gmt":"2024-11-14T13:17:49","guid":{"rendered":"https:\/\/astos.cz\/priklady-zakaznickych-reseni\/aplikace-pro-lisovny\/lisovna-pro-automobilovou-vyrobu-ahlen-nemecko\/"},"modified":"2024-11-25T09:21:47","modified_gmt":"2024-11-25T08:21:47","slug":"lisovna-pro-automobilovou-vyrobu-ahlen-nemecko","status":"publish","type":"page","link":"https:\/\/astos.cz\/en\/priklady-zakaznickych-reseni\/aplikace-pro-lisovny\/lisovna-pro-automobilovou-vyrobu-ahlen-nemecko\/","title":{"rendered":"Press Shop for Automotive Production \u2013 Ahlen, Germany"},"content":{"rendered":"<div id=\"pl-12594\"  class=\"panel-layout\" ><div id=\"pg-12594-0\"  class=\"panel-grid panel-no-style\" ><div id=\"pgc-12594-0-0\"  class=\"panel-grid-cell\" ><div id=\"panel-12594-0-0-0\" class=\"so-panel widget widget_sow-editor panel-first-child panel-last-child\" data-index=\"0\" ><div class=\"so-widget-sow-editor so-widget-sow-editor-base\">\n<div class=\"siteorigin-widget-tinymce textwidget\">\n\t<h4>Automatic Line for Scrap Management in a Press Shop for Automotive Industry Suppliers.<\/h4>\n<\/div>\n<\/div><\/div><\/div><\/div><div id=\"pg-12594-1\"  class=\"panel-grid panel-no-style\" ><div id=\"pgc-12594-1-0\"  class=\"panel-grid-cell\" ><div id=\"panel-12594-1-0-0\" class=\"so-panel widget widget_sow-editor panel-first-child panel-last-child\" data-index=\"1\" ><div class=\"so-widget-sow-editor so-widget-sow-editor-base\">\n<div class=\"siteorigin-widget-tinymce textwidget\">\n\t<p><strong>Automatic Line for Scrap Management in a Press Shop for Automotive Industry Suppliers.<\/strong><br \/>\n<strong>Application:<\/strong> Press shop for automotive production<br \/>\n<strong>Location:<\/strong> Ahlen, Germany<br \/>\n<strong>Capacity:<\/strong> 3 t\/hour<br \/>\n<strong>Presses:<\/strong> Two stamping presses and two progressive presses<\/p>\n<ul>\n<li><strong>Setup:<\/strong> 3 conveyors \u2013 one straight chip conveyor (6 m long), two chip conveyors with double \"Z\" bends (16 m and 18 m long)<\/li>\n<li><strong>Reversible conveyor<\/strong><\/li>\n<li><strong>Rotating discharge hoppers made of Hardox<\/strong><\/li>\n<li><strong>Automatic floor-embedded scales for maximum weight control<\/strong><\/li>\n<li><strong>High-capacity containers with automatic filling control using UV sensors<\/strong><\/li>\n<li><strong>Automatic control system with Siemens and touchscreen interface<\/strong><\/li>\n<\/ul>\n<\/div>\n<\/div><\/div><\/div><\/div><div id=\"pg-12594-2\"  class=\"panel-grid panel-no-style\" ><div id=\"pgc-12594-2-0\"  class=\"panel-grid-cell\" ><div id=\"panel-12594-2-0-0\" class=\"so-panel widget widget_sow-editor panel-first-child panel-last-child\" data-index=\"2\" ><div class=\"so-widget-sow-editor so-widget-sow-editor-base\">\n<div class=\"siteorigin-widget-tinymce textwidget\">\n\t<figure id=\"attachment_5637\" class=\"wp-caption alignnone\" style=\"width: 410px;\"><a href=\"https:\/\/astos.cz\/wp-content\/uploads\/2017\/05\/WPC.jpg\" rel=\"lightbox[12594]\"><img loading=\"lazy\" class=\"alignnone size-large wp-image-7666\" src=\"https:\/\/astos.cz\/wp-content\/uploads\/2017\/05\/WPC-renderjpg-1024x553.jpg\" alt=\"WPC-renderjpg\" width=\"1024\" height=\"553\" srcset=\"https:\/\/astos.cz\/wp-content\/uploads\/2017\/05\/WPC-renderjpg-1024x553.jpg 1024w, https:\/\/astos.cz\/wp-content\/uploads\/2017\/05\/WPC-renderjpg-300x162.jpg 300w, https:\/\/astos.cz\/wp-content\/uploads\/2017\/05\/WPC-renderjpg-768x415.jpg 768w, https:\/\/astos.cz\/wp-content\/uploads\/2017\/05\/WPC-renderjpg-555x300.jpg 555w, https:\/\/astos.cz\/wp-content\/uploads\/2017\/05\/WPC-renderjpg.jpg 2000w\" sizes=\"(max-width: 1024px) 100vw, 1024px\" \/><\/a><figcaption class=\"wp-caption-text\">Overall view of the automatic line<\/figcaption><\/figure>\n<\/div>\n<\/div><\/div><\/div><div id=\"pgc-12594-2-1\"  class=\"panel-grid-cell\" ><div id=\"panel-12594-2-1-0\" class=\"so-panel widget widget_sow-editor panel-first-child panel-last-child\" data-index=\"3\" ><div class=\"so-widget-sow-editor so-widget-sow-editor-base\">\n<div class=\"siteorigin-widget-tinymce textwidget\">\n\t<figure id=\"attachment_5637\" class=\"wp-caption alignnone\" style=\"width: 410px;\"><a href=\"https:\/\/astos.cz\/wp-content\/uploads\/2017\/05\/WPC-t\u0159\u00edd\u011bn\u00ed-opad\u016f-pomoc\u00ed-v\u00fdklopn\u00fdch-v\u00fdsypek-do-dvou-na-sob\u011b-nez\u00e1visl\u00fdch-kontejner\u016fb.jpg\" rel=\"lightbox[12594]\"><img loading=\"lazy\" class=\"alignnone size-large wp-image-7666\" src=\"https:\/\/astos.cz\/wp-content\/uploads\/2017\/05\/WPC-t\u0159\u00edd\u011bn\u00ed-opad\u016f-pomoc\u00ed-v\u00fdklopn\u00fdch-v\u00fdsypek-do-dvou-na-sob\u011b-nez\u00e1visl\u00fdch-kontejner\u016fb.jpg\" alt=\"WPC-renderjpg\" width=\"1024\" height=\"553\" \/><\/a><figcaption class=\"wp-caption-text\">\nSorting into containers using a reversible conveyor with pivoting chutes<\/figcaption><\/figure>\n<\/div>\n<\/div><\/div><\/div><\/div><\/div>","protected":false},"excerpt":{"rendered":"<p>Automatic Line for Scrap Management in a Press Shop for Automotive Industry Suppliers. Automatic Line for Scrap Management in a Press Shop for Automotive Industry Suppliers. Application: Press shop for automotive production Location: Ahlen, Germany Capacity: 3 t\/hour Presses: Two stamping presses and two progressive presses Setup: 3 conveyors \u2013 one straight chip conveyor (6 &hellip;<\/p>\n","protected":false},"author":8,"featured_media":7863,"parent":4951,"menu_order":0,"comment_status":"closed","ping_status":"closed","template":"","meta":[],"categories":[],"tags":[],"yoast_head":"<!-- This site is optimized with the Yoast SEO plugin v18.5.1 - https:\/\/yoast.com\/wordpress\/plugins\/seo\/ -->\n<title>Press Shop for Automotive Production \u2013 Ahlen, Germany | ASTOS Machinery<\/title>\n<meta name=\"robots\" content=\"index, follow, max-snippet:-1, max-image-preview:large, max-video-preview:-1\" \/>\n<link rel=\"canonical\" href=\"https:\/\/astos.cz\/en\/priklady-zakaznickych-reseni\/aplikace-pro-lisovny\/lisovna-pro-automobilovou-vyrobu-ahlen-nemecko\/\" \/>\n<meta property=\"og:locale\" content=\"en_US\" \/>\n<meta property=\"og:type\" content=\"article\" \/>\n<meta property=\"og:title\" content=\"Press Shop for Automotive Production \u2013 Ahlen, Germany | ASTOS Machinery\" \/>\n<meta property=\"og:description\" content=\"Automatic Line for Scrap Management in a Press Shop for Automotive Industry Suppliers. Automatic Line for Scrap Management in a Press Shop for Automotive Industry Suppliers. Application: Press shop for automotive production Location: Ahlen, Germany Capacity: 3 t\/hour Presses: Two stamping presses and two progressive presses Setup: 3 conveyors \u2013 one straight chip conveyor (6 &hellip;\" \/>\n<meta property=\"og:url\" content=\"https:\/\/astos.cz\/en\/priklady-zakaznickych-reseni\/aplikace-pro-lisovny\/lisovna-pro-automobilovou-vyrobu-ahlen-nemecko\/\" \/>\n<meta property=\"og:site_name\" content=\"ASTOS Machinery\" \/>\n<meta property=\"article:modified_time\" content=\"2024-11-25T08:21:47+00:00\" \/>\n<meta property=\"og:image\" content=\"https:\/\/astos.cz\/wp-content\/uploads\/2017\/05\/WPC.jpg\" \/>\n\t<meta property=\"og:image:width\" content=\"1000\" \/>\n\t<meta property=\"og:image:height\" content=\"540\" \/>\n\t<meta property=\"og:image:type\" content=\"image\/jpeg\" \/>\n<meta name=\"twitter:card\" content=\"summary\" \/>\n<meta name=\"twitter:label1\" content=\"Est. reading time\" \/>\n\t<meta name=\"twitter:data1\" content=\"1 minute\" \/>\n<script type=\"application\/ld+json\" class=\"yoast-schema-graph\">{\"@context\":\"https:\/\/schema.org\",\"@graph\":[{\"@type\":\"WebSite\",\"@id\":\"https:\/\/astos.cz\/#website\",\"url\":\"https:\/\/astos.cz\/\",\"name\":\"ASTOS Machinery\",\"description\":\"Specialista na dopravn\u00edkov\u00e9 syst\u00e9my a krytov\u00e1n\u00ed stroj\u016f\",\"potentialAction\":[{\"@type\":\"SearchAction\",\"target\":{\"@type\":\"EntryPoint\",\"urlTemplate\":\"https:\/\/astos.cz\/?s={search_term_string}\"},\"query-input\":\"required name=search_term_string\"}],\"inLanguage\":\"en-US\"},{\"@type\":\"ImageObject\",\"@id\":\"https:\/\/astos.cz\/en\/priklady-zakaznickych-reseni\/aplikace-pro-lisovny\/lisovna-pro-automobilovou-vyrobu-ahlen-nemecko\/#primaryimage\",\"inLanguage\":\"en-US\",\"url\":\"https:\/\/astos.cz\/wp-content\/uploads\/2017\/05\/WPC.jpg\",\"contentUrl\":\"https:\/\/astos.cz\/wp-content\/uploads\/2017\/05\/WPC.jpg\",\"width\":1000,\"height\":540},{\"@type\":\"WebPage\",\"@id\":\"https:\/\/astos.cz\/en\/priklady-zakaznickych-reseni\/aplikace-pro-lisovny\/lisovna-pro-automobilovou-vyrobu-ahlen-nemecko\/#webpage\",\"url\":\"https:\/\/astos.cz\/en\/priklady-zakaznickych-reseni\/aplikace-pro-lisovny\/lisovna-pro-automobilovou-vyrobu-ahlen-nemecko\/\",\"name\":\"Press Shop for Automotive Production \u2013 Ahlen, Germany | ASTOS Machinery\",\"isPartOf\":{\"@id\":\"https:\/\/astos.cz\/#website\"},\"primaryImageOfPage\":{\"@id\":\"https:\/\/astos.cz\/en\/priklady-zakaznickych-reseni\/aplikace-pro-lisovny\/lisovna-pro-automobilovou-vyrobu-ahlen-nemecko\/#primaryimage\"},\"datePublished\":\"2024-11-14T13:17:49+00:00\",\"dateModified\":\"2024-11-25T08:21:47+00:00\",\"breadcrumb\":{\"@id\":\"https:\/\/astos.cz\/en\/priklady-zakaznickych-reseni\/aplikace-pro-lisovny\/lisovna-pro-automobilovou-vyrobu-ahlen-nemecko\/#breadcrumb\"},\"inLanguage\":\"en-US\",\"potentialAction\":[{\"@type\":\"ReadAction\",\"target\":[\"https:\/\/astos.cz\/en\/priklady-zakaznickych-reseni\/aplikace-pro-lisovny\/lisovna-pro-automobilovou-vyrobu-ahlen-nemecko\/\"]}]},{\"@type\":\"BreadcrumbList\",\"@id\":\"https:\/\/astos.cz\/en\/priklady-zakaznickych-reseni\/aplikace-pro-lisovny\/lisovna-pro-automobilovou-vyrobu-ahlen-nemecko\/#breadcrumb\",\"itemListElement\":[{\"@type\":\"ListItem\",\"position\":1,\"name\":\"Dom\u016f\",\"item\":\"https:\/\/astos.cz\/en\/\"},{\"@type\":\"ListItem\",\"position\":2,\"name\":\"Example of customized solutions\",\"item\":\"https:\/\/astos.cz\/en\/priklady-zakaznickych-reseni\/\"},{\"@type\":\"ListItem\",\"position\":3,\"name\":\"Applications for Stamping Facilities\",\"item\":\"https:\/\/astos.cz\/en\/priklady-zakaznickych-reseni\/aplikace-pro-lisovny\/\"},{\"@type\":\"ListItem\",\"position\":4,\"name\":\"Press Shop for Automotive Production \u2013 Ahlen, Germany\"}]}]}<\/script>\n<!-- \/ Yoast SEO plugin. -->","yoast_head_json":{"title":"Press Shop for Automotive Production \u2013 Ahlen, Germany | ASTOS Machinery","robots":{"index":"index","follow":"follow","max-snippet":"max-snippet:-1","max-image-preview":"max-image-preview:large","max-video-preview":"max-video-preview:-1"},"canonical":"https:\/\/astos.cz\/en\/priklady-zakaznickych-reseni\/aplikace-pro-lisovny\/lisovna-pro-automobilovou-vyrobu-ahlen-nemecko\/","og_locale":"en_US","og_type":"article","og_title":"Press Shop for Automotive Production \u2013 Ahlen, Germany | ASTOS Machinery","og_description":"Automatic Line for Scrap Management in a Press Shop for Automotive Industry Suppliers. Automatic Line for Scrap Management in a Press Shop for Automotive Industry Suppliers. Application: Press shop for automotive production Location: Ahlen, Germany Capacity: 3 t\/hour Presses: Two stamping presses and two progressive presses Setup: 3 conveyors \u2013 one straight chip conveyor (6 &hellip;","og_url":"https:\/\/astos.cz\/en\/priklady-zakaznickych-reseni\/aplikace-pro-lisovny\/lisovna-pro-automobilovou-vyrobu-ahlen-nemecko\/","og_site_name":"ASTOS Machinery","article_modified_time":"2024-11-25T08:21:47+00:00","og_image":[{"width":1000,"height":540,"url":"https:\/\/astos.cz\/wp-content\/uploads\/2017\/05\/WPC.jpg","type":"image\/jpeg"}],"twitter_card":"summary","twitter_misc":{"Est. reading time":"1 minute"},"schema":{"@context":"https:\/\/schema.org","@graph":[{"@type":"WebSite","@id":"https:\/\/astos.cz\/#website","url":"https:\/\/astos.cz\/","name":"ASTOS Machinery","description":"Specialista na dopravn\u00edkov\u00e9 syst\u00e9my a krytov\u00e1n\u00ed stroj\u016f","potentialAction":[{"@type":"SearchAction","target":{"@type":"EntryPoint","urlTemplate":"https:\/\/astos.cz\/?s={search_term_string}"},"query-input":"required name=search_term_string"}],"inLanguage":"en-US"},{"@type":"ImageObject","@id":"https:\/\/astos.cz\/en\/priklady-zakaznickych-reseni\/aplikace-pro-lisovny\/lisovna-pro-automobilovou-vyrobu-ahlen-nemecko\/#primaryimage","inLanguage":"en-US","url":"https:\/\/astos.cz\/wp-content\/uploads\/2017\/05\/WPC.jpg","contentUrl":"https:\/\/astos.cz\/wp-content\/uploads\/2017\/05\/WPC.jpg","width":1000,"height":540},{"@type":"WebPage","@id":"https:\/\/astos.cz\/en\/priklady-zakaznickych-reseni\/aplikace-pro-lisovny\/lisovna-pro-automobilovou-vyrobu-ahlen-nemecko\/#webpage","url":"https:\/\/astos.cz\/en\/priklady-zakaznickych-reseni\/aplikace-pro-lisovny\/lisovna-pro-automobilovou-vyrobu-ahlen-nemecko\/","name":"Press Shop for Automotive Production \u2013 Ahlen, Germany | ASTOS Machinery","isPartOf":{"@id":"https:\/\/astos.cz\/#website"},"primaryImageOfPage":{"@id":"https:\/\/astos.cz\/en\/priklady-zakaznickych-reseni\/aplikace-pro-lisovny\/lisovna-pro-automobilovou-vyrobu-ahlen-nemecko\/#primaryimage"},"datePublished":"2024-11-14T13:17:49+00:00","dateModified":"2024-11-25T08:21:47+00:00","breadcrumb":{"@id":"https:\/\/astos.cz\/en\/priklady-zakaznickych-reseni\/aplikace-pro-lisovny\/lisovna-pro-automobilovou-vyrobu-ahlen-nemecko\/#breadcrumb"},"inLanguage":"en-US","potentialAction":[{"@type":"ReadAction","target":["https:\/\/astos.cz\/en\/priklady-zakaznickych-reseni\/aplikace-pro-lisovny\/lisovna-pro-automobilovou-vyrobu-ahlen-nemecko\/"]}]},{"@type":"BreadcrumbList","@id":"https:\/\/astos.cz\/en\/priklady-zakaznickych-reseni\/aplikace-pro-lisovny\/lisovna-pro-automobilovou-vyrobu-ahlen-nemecko\/#breadcrumb","itemListElement":[{"@type":"ListItem","position":1,"name":"Dom\u016f","item":"https:\/\/astos.cz\/en\/"},{"@type":"ListItem","position":2,"name":"Example of customized solutions","item":"https:\/\/astos.cz\/en\/priklady-zakaznickych-reseni\/"},{"@type":"ListItem","position":3,"name":"Applications for Stamping Facilities","item":"https:\/\/astos.cz\/en\/priklady-zakaznickych-reseni\/aplikace-pro-lisovny\/"},{"@type":"ListItem","position":4,"name":"Press Shop for Automotive Production \u2013 Ahlen, Germany"}]}]}},"_links":{"self":[{"href":"https:\/\/astos.cz\/en\/wp-json\/wp\/v2\/pages\/12594"}],"collection":[{"href":"https:\/\/astos.cz\/en\/wp-json\/wp\/v2\/pages"}],"about":[{"href":"https:\/\/astos.cz\/en\/wp-json\/wp\/v2\/types\/page"}],"author":[{"embeddable":true,"href":"https:\/\/astos.cz\/en\/wp-json\/wp\/v2\/users\/8"}],"replies":[{"embeddable":true,"href":"https:\/\/astos.cz\/en\/wp-json\/wp\/v2\/comments?post=12594"}],"version-history":[{"count":1,"href":"https:\/\/astos.cz\/en\/wp-json\/wp\/v2\/pages\/12594\/revisions"}],"predecessor-version":[{"id":12595,"href":"https:\/\/astos.cz\/en\/wp-json\/wp\/v2\/pages\/12594\/revisions\/12595"}],"up":[{"embeddable":true,"href":"https:\/\/astos.cz\/en\/wp-json\/wp\/v2\/pages\/4951"}],"wp:featuredmedia":[{"embeddable":true,"href":"https:\/\/astos.cz\/en\/wp-json\/wp\/v2\/media\/7863"}],"wp:attachment":[{"href":"https:\/\/astos.cz\/en\/wp-json\/wp\/v2\/media?parent=12594"}],"wp:term":[{"taxonomy":"category","embeddable":true,"href":"https:\/\/astos.cz\/en\/wp-json\/wp\/v2\/categories?post=12594"},{"taxonomy":"post_tag","embeddable":true,"href":"https:\/\/astos.cz\/en\/wp-json\/wp\/v2\/tags?post=12594"}],"curies":[{"name":"wp","href":"https:\/\/api.w.org\/{rel}","templated":true}]}}