{"id":10429,"date":"2020-09-04T08:12:18","date_gmt":"2020-09-04T07:12:18","guid":{"rendered":"https:\/\/astos.cz\/nase-vyrobky\/filtracni-zarizeni\/vfs-vertikalni-filtracni-stanice\/"},"modified":"2024-04-08T12:05:16","modified_gmt":"2024-04-08T11:05:16","slug":"vfs-vertikalni-filtracni-stanice","status":"publish","type":"page","link":"https:\/\/astos.cz\/en\/nase-vyrobky\/filtracni-zarizeni\/vfs-vertikalni-filtracni-stanice\/","title":{"rendered":"VFS &#8211; Vertical Filtration Station"},"content":{"rendered":"<div id=\"pl-10429\"  class=\"panel-layout\" ><div id=\"pg-10429-0\"  class=\"panel-grid panel-no-style\" ><div id=\"pgc-10429-0-0\"  class=\"panel-grid-cell\" ><div id=\"panel-10429-0-0-0\" class=\"so-panel widget widget_black-studio-tinymce widget_black_studio_tinymce panel-first-child panel-last-child\" data-index=\"0\" ><div class=\"panel-widget-style panel-widget-style-for-10429-0-0-0\" ><div class=\"textwidget\"><p><strong>Vertical Filtration Station - NEW!<\/strong><\/p>\n<p>Based on numerous requests from our customers, our engineers have developed a unique device - <strong>the Vertical Filtration Station<\/strong>.<br \/>\n<strong>The solution is protected by industrial property rights.<\/strong><\/p>\n<p>This unique Vertical Filtration Station, the first of its kind in the world, is a device designed to filter many types of cooling and cutting fluids contaminated by mechanical particles such as abrasives from grinding processes, chips from machining, scale from forming, sludge from washing and quenching processes, etc.<\/p>\n<p><strong><span style=\"color: #ff6600;\">Advantages:<\/span><\/strong><\/p>\n<ul>\n<li><strong><span style=\"color: #ff6600;\">Small footprint - significant area savings, up to 50% compared to conventional competitive flat filters<\/span><\/strong><\/li>\n<li><strong><span style=\"color: #ff6600;\">High cleaning efficiency - up to 30 microns<\/span><\/strong><\/li>\n<li><strong><span style=\"color: #ff6600;\">Low cost of ownership - no filter cloth required<\/span><\/strong><\/li>\n<li><strong><span style=\"color: #ff6600;\">Environmentally friendly operation - no additional waste\/hazardous materials to dispose of high reliability<\/span><\/strong><\/li>\n<\/ul>\n<p>&nbsp;<\/p>\n<\/div><\/div><\/div><\/div><\/div><div id=\"pg-10429-1\"  class=\"panel-grid panel-no-style\" ><div id=\"pgc-10429-1-0\"  class=\"panel-grid-cell\" ><div id=\"panel-10429-1-0-0\" class=\"so-panel widget widget_black-studio-tinymce widget_black_studio_tinymce panel-first-child panel-last-child\" data-index=\"1\" ><div class=\"panel-widget-style panel-widget-style-for-10429-1-0-0\" ><div class=\"textwidget\"><p><a href=\"https:\/\/www.astos.cz\/wp-content\/uploads\/2020\/09\/VFS_6.png\" rel=\"lightbox[10429]\"><img class=\"size-medium wp-image-9300 alignright\" src=\"https:\/\/www.astos.cz\/wp-content\/uploads\/2020\/09\/VFS_6-273x300.png\" alt=\"\" width=\"273\" height=\"300\" \/><\/a><\/p>\n<p>The principle of this unique filtration is based on <strong>a drum<\/strong> <strong>with a stainless steel filter mesh<\/strong>, which is placed in the upper part of the tank of the filtration station. The impurities from the coolant and cutting fluid settle on the drum wall and gradually form a layer of sludge called the <strong>\"filter cake\" (FK)<\/strong>. The clean fluid, free of impurities, flows into the clean tank.<\/p>\n<p>The sludge released from the FK is gradually discharged into a <strong>waste container by a rake conveyor<\/strong>. <strong>The sludge recovery process is fully automatic.<\/strong><\/p>\n<p>The filtered liquid is collected in a clean tank from where it is pumped to the machine by a distribution pump. A standard 6-8 bar block pump can be supplemented with a 20 bar high pressure pump.<\/p>\n<\/div><\/div><\/div><\/div><\/div><div id=\"pg-10429-2\"  class=\"panel-grid panel-no-style\" ><div id=\"pgc-10429-2-0\"  class=\"panel-grid-cell\" ><div id=\"panel-10429-2-0-0\" class=\"so-panel widget widget_black-studio-tinymce widget_black_studio_tinymce panel-first-child panel-last-child\" data-index=\"2\" ><div class=\"panel-widget-style panel-widget-style-for-10429-2-0-0\" ><div class=\"textwidget\"><p><a href=\"https:\/\/www.astos.cz\/wp-content\/uploads\/2020\/09\/VFS_7.png\" rel=\"lightbox[10429]\"><img class=\"size-medium wp-image-9319 alignleft\" src=\"https:\/\/www.astos.cz\/wp-content\/uploads\/2020\/09\/VFS_7-300x286.png\" alt=\"\" width=\"300\" height=\"286\" \/><\/a><\/p>\n<p><span style=\"color: #ff6600;\"><strong>We manufacture units in two sizes:<\/strong><\/span><\/p>\n<ul>\n<li>with a flow rate of 250l\/min and a footprint of 700x1450, suitable for the usual flow rate of powerful CNC machine tools, grinding machines, etc.<\/li>\n<li>with a flow rate of 600l\/min and a footprint of 900x2200, suitable for filtration of several machines as a central unit.<\/li>\n<\/ul>\n<p>&nbsp;<\/p>\n<ul>\n<li>For larger flow rates, the number of units can be multiplied.<\/li>\n<li>According to the requirements, we can supply automatic coolant refill system, fluid conditioning, storage tank, etc.<\/li>\n<\/ul>\n<\/div><\/div><\/div><\/div><\/div><div id=\"pg-10429-3\"  class=\"panel-grid panel-no-style\" ><div id=\"pgc-10429-3-0\"  class=\"panel-grid-cell\" ><div id=\"panel-10429-3-0-0\" class=\"so-panel widget widget_black-studio-tinymce widget_black_studio_tinymce panel-first-child panel-last-child\" data-index=\"3\" ><div class=\"panel-widget-style panel-widget-style-for-10429-3-0-0\" ><div class=\"textwidget\"><p>Do you have a specific requirement? Please contact us using the details <a href=\"https:\/\/astos.cz\/en\/kontakty\/dulezite-kontakty\/\">below<\/a>.<\/p>\n<p>Download the enquiry form <a href=\"https:\/\/astos.cz\/en\/poptavkove-formulare\/\">here<\/a>.<\/p>\n<p>&nbsp;<\/p>\n<p>.<\/p>\n<\/div><\/div><\/div><\/div><\/div><\/div>","protected":false},"excerpt":{"rendered":"<p>Vertical Filtration Station &#8211; NEW! Based on numerous requests from our customers, our engineers have developed a unique device &#8211; the Vertical Filtration Station. The solution is protected by industrial property rights. This unique Vertical Filtration Station, the first of its kind in the world, is a device designed to filter many types of cooling &hellip;<\/p>\n","protected":false},"author":8,"featured_media":9190,"parent":4726,"menu_order":0,"comment_status":"closed","ping_status":"closed","template":"","meta":[],"categories":[108],"tags":[],"yoast_head":"<!-- This site is optimized with the Yoast SEO plugin v18.5.1 - https:\/\/yoast.com\/wordpress\/plugins\/seo\/ -->\n<title>VFS - Vertical Filtration Station | ASTOS Machinery<\/title>\n<meta name=\"robots\" content=\"index, follow, max-snippet:-1, max-image-preview:large, max-video-preview:-1\" \/>\n<link rel=\"canonical\" href=\"https:\/\/astos.cz\/en\/nase-vyrobky\/filtracni-zarizeni\/vfs-vertikalni-filtracni-stanice\/\" \/>\n<meta property=\"og:locale\" content=\"en_US\" \/>\n<meta property=\"og:type\" content=\"article\" \/>\n<meta property=\"og:title\" content=\"VFS - Vertical Filtration Station | ASTOS Machinery\" \/>\n<meta property=\"og:description\" content=\"Vertical Filtration Station - NEW! Based on numerous requests from our customers, our engineers have developed a unique device - the Vertical Filtration Station. The solution is protected by industrial property rights. This unique Vertical Filtration Station, the first of its kind in the world, is a device designed to filter many types of cooling &hellip;\" \/>\n<meta property=\"og:url\" content=\"https:\/\/astos.cz\/en\/nase-vyrobky\/filtracni-zarizeni\/vfs-vertikalni-filtracni-stanice\/\" \/>\n<meta property=\"og:site_name\" content=\"ASTOS Machinery\" \/>\n<meta property=\"article:modified_time\" content=\"2024-04-08T11:05:16+00:00\" \/>\n<meta property=\"og:image\" content=\"https:\/\/astos.cz\/wp-content\/uploads\/2020\/09\/VFS_3.png\" \/>\n\t<meta property=\"og:image:width\" content=\"754\" \/>\n\t<meta property=\"og:image:height\" content=\"740\" \/>\n\t<meta property=\"og:image:type\" content=\"image\/png\" \/>\n<meta name=\"twitter:card\" content=\"summary\" \/>\n<meta name=\"twitter:label1\" content=\"Est. reading time\" \/>\n\t<meta name=\"twitter:data1\" content=\"3 minutes\" \/>\n<script type=\"application\/ld+json\" class=\"yoast-schema-graph\">{\"@context\":\"https:\/\/schema.org\",\"@graph\":[{\"@type\":\"WebSite\",\"@id\":\"https:\/\/astos.cz\/#website\",\"url\":\"https:\/\/astos.cz\/\",\"name\":\"ASTOS Machinery\",\"description\":\"Specialista na dopravn\u00edkov\u00e9 syst\u00e9my a krytov\u00e1n\u00ed stroj\u016f\",\"potentialAction\":[{\"@type\":\"SearchAction\",\"target\":{\"@type\":\"EntryPoint\",\"urlTemplate\":\"https:\/\/astos.cz\/?s={search_term_string}\"},\"query-input\":\"required name=search_term_string\"}],\"inLanguage\":\"en-US\"},{\"@type\":\"ImageObject\",\"@id\":\"https:\/\/astos.cz\/en\/nase-vyrobky\/filtracni-zarizeni\/vfs-vertikalni-filtracni-stanice\/#primaryimage\",\"inLanguage\":\"en-US\",\"url\":\"https:\/\/astos.cz\/wp-content\/uploads\/2020\/09\/VFS_3.png\",\"contentUrl\":\"https:\/\/astos.cz\/wp-content\/uploads\/2020\/09\/VFS_3.png\",\"width\":754,\"height\":740},{\"@type\":\"WebPage\",\"@id\":\"https:\/\/astos.cz\/en\/nase-vyrobky\/filtracni-zarizeni\/vfs-vertikalni-filtracni-stanice\/#webpage\",\"url\":\"https:\/\/astos.cz\/en\/nase-vyrobky\/filtracni-zarizeni\/vfs-vertikalni-filtracni-stanice\/\",\"name\":\"VFS - Vertical Filtration Station | ASTOS Machinery\",\"isPartOf\":{\"@id\":\"https:\/\/astos.cz\/#website\"},\"primaryImageOfPage\":{\"@id\":\"https:\/\/astos.cz\/en\/nase-vyrobky\/filtracni-zarizeni\/vfs-vertikalni-filtracni-stanice\/#primaryimage\"},\"datePublished\":\"2020-09-04T07:12:18+00:00\",\"dateModified\":\"2024-04-08T11:05:16+00:00\",\"breadcrumb\":{\"@id\":\"https:\/\/astos.cz\/en\/nase-vyrobky\/filtracni-zarizeni\/vfs-vertikalni-filtracni-stanice\/#breadcrumb\"},\"inLanguage\":\"en-US\",\"potentialAction\":[{\"@type\":\"ReadAction\",\"target\":[\"https:\/\/astos.cz\/en\/nase-vyrobky\/filtracni-zarizeni\/vfs-vertikalni-filtracni-stanice\/\"]}]},{\"@type\":\"BreadcrumbList\",\"@id\":\"https:\/\/astos.cz\/en\/nase-vyrobky\/filtracni-zarizeni\/vfs-vertikalni-filtracni-stanice\/#breadcrumb\",\"itemListElement\":[{\"@type\":\"ListItem\",\"position\":1,\"name\":\"Dom\u016f\",\"item\":\"https:\/\/astos.cz\/en\/\"},{\"@type\":\"ListItem\",\"position\":2,\"name\":\"Our Products\",\"item\":\"https:\/\/astos.cz\/en\/nase-vyrobky\/\"},{\"@type\":\"ListItem\",\"position\":3,\"name\":\"Filtration Equipment\",\"item\":\"https:\/\/astos.cz\/en\/nase-vyrobky\/filtracni-zarizeni\/\"},{\"@type\":\"ListItem\",\"position\":4,\"name\":\"VFS &#8211; Vertical Filtration Station\"}]}]}<\/script>\n<!-- \/ Yoast SEO plugin. -->","yoast_head_json":{"title":"VFS - Vertical Filtration Station | ASTOS Machinery","robots":{"index":"index","follow":"follow","max-snippet":"max-snippet:-1","max-image-preview":"max-image-preview:large","max-video-preview":"max-video-preview:-1"},"canonical":"https:\/\/astos.cz\/en\/nase-vyrobky\/filtracni-zarizeni\/vfs-vertikalni-filtracni-stanice\/","og_locale":"en_US","og_type":"article","og_title":"VFS - Vertical Filtration Station | ASTOS Machinery","og_description":"Vertical Filtration Station - NEW! Based on numerous requests from our customers, our engineers have developed a unique device - the Vertical Filtration Station. The solution is protected by industrial property rights. This unique Vertical Filtration Station, the first of its kind in the world, is a device designed to filter many types of cooling &hellip;","og_url":"https:\/\/astos.cz\/en\/nase-vyrobky\/filtracni-zarizeni\/vfs-vertikalni-filtracni-stanice\/","og_site_name":"ASTOS Machinery","article_modified_time":"2024-04-08T11:05:16+00:00","og_image":[{"width":754,"height":740,"url":"https:\/\/astos.cz\/wp-content\/uploads\/2020\/09\/VFS_3.png","type":"image\/png"}],"twitter_card":"summary","twitter_misc":{"Est. reading time":"3 minutes"},"schema":{"@context":"https:\/\/schema.org","@graph":[{"@type":"WebSite","@id":"https:\/\/astos.cz\/#website","url":"https:\/\/astos.cz\/","name":"ASTOS Machinery","description":"Specialista na dopravn\u00edkov\u00e9 syst\u00e9my a krytov\u00e1n\u00ed stroj\u016f","potentialAction":[{"@type":"SearchAction","target":{"@type":"EntryPoint","urlTemplate":"https:\/\/astos.cz\/?s={search_term_string}"},"query-input":"required name=search_term_string"}],"inLanguage":"en-US"},{"@type":"ImageObject","@id":"https:\/\/astos.cz\/en\/nase-vyrobky\/filtracni-zarizeni\/vfs-vertikalni-filtracni-stanice\/#primaryimage","inLanguage":"en-US","url":"https:\/\/astos.cz\/wp-content\/uploads\/2020\/09\/VFS_3.png","contentUrl":"https:\/\/astos.cz\/wp-content\/uploads\/2020\/09\/VFS_3.png","width":754,"height":740},{"@type":"WebPage","@id":"https:\/\/astos.cz\/en\/nase-vyrobky\/filtracni-zarizeni\/vfs-vertikalni-filtracni-stanice\/#webpage","url":"https:\/\/astos.cz\/en\/nase-vyrobky\/filtracni-zarizeni\/vfs-vertikalni-filtracni-stanice\/","name":"VFS - Vertical Filtration Station | ASTOS Machinery","isPartOf":{"@id":"https:\/\/astos.cz\/#website"},"primaryImageOfPage":{"@id":"https:\/\/astos.cz\/en\/nase-vyrobky\/filtracni-zarizeni\/vfs-vertikalni-filtracni-stanice\/#primaryimage"},"datePublished":"2020-09-04T07:12:18+00:00","dateModified":"2024-04-08T11:05:16+00:00","breadcrumb":{"@id":"https:\/\/astos.cz\/en\/nase-vyrobky\/filtracni-zarizeni\/vfs-vertikalni-filtracni-stanice\/#breadcrumb"},"inLanguage":"en-US","potentialAction":[{"@type":"ReadAction","target":["https:\/\/astos.cz\/en\/nase-vyrobky\/filtracni-zarizeni\/vfs-vertikalni-filtracni-stanice\/"]}]},{"@type":"BreadcrumbList","@id":"https:\/\/astos.cz\/en\/nase-vyrobky\/filtracni-zarizeni\/vfs-vertikalni-filtracni-stanice\/#breadcrumb","itemListElement":[{"@type":"ListItem","position":1,"name":"Dom\u016f","item":"https:\/\/astos.cz\/en\/"},{"@type":"ListItem","position":2,"name":"Our Products","item":"https:\/\/astos.cz\/en\/nase-vyrobky\/"},{"@type":"ListItem","position":3,"name":"Filtration Equipment","item":"https:\/\/astos.cz\/en\/nase-vyrobky\/filtracni-zarizeni\/"},{"@type":"ListItem","position":4,"name":"VFS &#8211; Vertical Filtration Station"}]}]}},"_links":{"self":[{"href":"https:\/\/astos.cz\/en\/wp-json\/wp\/v2\/pages\/10429"}],"collection":[{"href":"https:\/\/astos.cz\/en\/wp-json\/wp\/v2\/pages"}],"about":[{"href":"https:\/\/astos.cz\/en\/wp-json\/wp\/v2\/types\/page"}],"author":[{"embeddable":true,"href":"https:\/\/astos.cz\/en\/wp-json\/wp\/v2\/users\/8"}],"replies":[{"embeddable":true,"href":"https:\/\/astos.cz\/en\/wp-json\/wp\/v2\/comments?post=10429"}],"version-history":[{"count":7,"href":"https:\/\/astos.cz\/en\/wp-json\/wp\/v2\/pages\/10429\/revisions"}],"predecessor-version":[{"id":10438,"href":"https:\/\/astos.cz\/en\/wp-json\/wp\/v2\/pages\/10429\/revisions\/10438"}],"up":[{"embeddable":true,"href":"https:\/\/astos.cz\/en\/wp-json\/wp\/v2\/pages\/4726"}],"wp:featuredmedia":[{"embeddable":true,"href":"https:\/\/astos.cz\/en\/wp-json\/wp\/v2\/media\/9190"}],"wp:attachment":[{"href":"https:\/\/astos.cz\/en\/wp-json\/wp\/v2\/media?parent=10429"}],"wp:term":[{"taxonomy":"category","embeddable":true,"href":"https:\/\/astos.cz\/en\/wp-json\/wp\/v2\/categories?post=10429"},{"taxonomy":"post_tag","embeddable":true,"href":"https:\/\/astos.cz\/en\/wp-json\/wp\/v2\/tags?post=10429"}],"curies":[{"name":"wp","href":"https:\/\/api.w.org\/{rel}","templated":true}]}}