{"id":10087,"date":"2020-02-19T13:44:25","date_gmt":"2020-02-19T12:44:25","guid":{"rendered":"https:\/\/astos.cz\/vseobcne-nakupni-podminky-spolecnosti-astos-machinery\/"},"modified":"2025-10-31T13:53:29","modified_gmt":"2025-10-31T12:53:29","slug":"vseobcne-nakupni-podminky-spolecnosti-astos-machinery","status":"publish","type":"page","link":"https:\/\/astos.cz\/en\/vseobcne-nakupni-podminky-spolecnosti-astos-machinery\/","title":{"rendered":"General Purchasing Terms and Conditions"},"content":{"rendered":"<div id=\"pl-10087\"  class=\"panel-layout\" ><div id=\"pg-10087-0\"  class=\"panel-grid panel-no-style\" ><div id=\"pgc-10087-0-0\"  class=\"panel-grid-cell\" ><div id=\"panel-10087-0-0-0\" class=\"so-panel widget widget_pt_brochure_box widget-brochure-box panel-first-child panel-last-child\" data-index=\"0\" >\n\t\t\t<h4 class=\"sidebar__headings\">General Purchase Terms and Conditions for Download<\/h4>\n\t\t\t\t\t\t<a class=\"brochure-box\" href=\"https:\/\/astos.cz\/wp-content\/uploads\/2025\/05\/General-purchasing-terms-and-conditions_01-2025.pdf\" target=\"_blank\">\n\t\t\t\t<i class=\"fa  fa-file-pdf-o\"><\/i>\n\t\t\t\t<h5 class=\"brochure-box__text\">General Purchase Terms and Conditions_pdf<\/h5>\n\t\t\t<\/a>\n\n\t\t\t<\/div><\/div><\/div><\/div>","protected":false},"excerpt":{"rendered":"<p>General Purchase Terms and Conditions for Download General Purchase Terms and Conditions_pdf<\/p>\n","protected":false},"author":6,"featured_media":9027,"parent":0,"menu_order":0,"comment_status":"closed","ping_status":"closed","template":"","meta":[],"categories":[],"tags":[],"yoast_head":"<!-- This site is optimized with the Yoast SEO plugin v18.5.1 - https:\/\/yoast.com\/wordpress\/plugins\/seo\/ -->\n<title>General Purchasing Terms and Conditions | ASTOS Machinery<\/title>\n<meta name=\"robots\" content=\"index, follow, max-snippet:-1, max-image-preview:large, max-video-preview:-1\" \/>\n<link rel=\"canonical\" href=\"https:\/\/astos.cz\/en\/vseobcne-nakupni-podminky-spolecnosti-astos-machinery\/\" \/>\n<meta property=\"og:locale\" content=\"en_US\" \/>\n<meta property=\"og:type\" content=\"article\" \/>\n<meta property=\"og:title\" content=\"General Purchasing Terms and Conditions | ASTOS Machinery\" \/>\n<meta property=\"og:description\" content=\"General Purchase Terms and Conditions for Download General Purchase Terms and Conditions_pdf\" \/>\n<meta property=\"og:url\" content=\"https:\/\/astos.cz\/en\/vseobcne-nakupni-podminky-spolecnosti-astos-machinery\/\" \/>\n<meta property=\"og:site_name\" content=\"ASTOS Machinery\" \/>\n<meta property=\"article:modified_time\" content=\"2025-10-31T12:53:29+00:00\" \/>\n<meta property=\"og:image\" content=\"https:\/\/astos.cz\/wp-content\/uploads\/2020\/02\/nahledovy-obrazek-nakupni-podminky.jpg\" \/>\n\t<meta property=\"og:image:width\" content=\"1140\" \/>\n\t<meta property=\"og:image:height\" content=\"640\" \/>\n\t<meta property=\"og:image:type\" content=\"image\/jpeg\" \/>\n<meta name=\"twitter:card\" content=\"summary\" \/>\n<meta name=\"twitter:label1\" content=\"Est. reading time\" \/>\n\t<meta name=\"twitter:data1\" content=\"1 minute\" \/>\n<script type=\"application\/ld+json\" class=\"yoast-schema-graph\">{\"@context\":\"https:\/\/schema.org\",\"@graph\":[{\"@type\":\"WebSite\",\"@id\":\"https:\/\/astos.cz\/#website\",\"url\":\"https:\/\/astos.cz\/\",\"name\":\"ASTOS Machinery\",\"description\":\"Specialista na dopravn\u00edkov\u00e9 syst\u00e9my a krytov\u00e1n\u00ed stroj\u016f\",\"potentialAction\":[{\"@type\":\"SearchAction\",\"target\":{\"@type\":\"EntryPoint\",\"urlTemplate\":\"https:\/\/astos.cz\/?s={search_term_string}\"},\"query-input\":\"required name=search_term_string\"}],\"inLanguage\":\"en-US\"},{\"@type\":\"ImageObject\",\"@id\":\"https:\/\/astos.cz\/en\/vseobcne-nakupni-podminky-spolecnosti-astos-machinery\/#primaryimage\",\"inLanguage\":\"en-US\",\"url\":\"https:\/\/astos.cz\/wp-content\/uploads\/2020\/02\/nahledovy-obrazek-nakupni-podminky.jpg\",\"contentUrl\":\"https:\/\/astos.cz\/wp-content\/uploads\/2020\/02\/nahledovy-obrazek-nakupni-podminky.jpg\",\"width\":1140,\"height\":640},{\"@type\":\"WebPage\",\"@id\":\"https:\/\/astos.cz\/en\/vseobcne-nakupni-podminky-spolecnosti-astos-machinery\/#webpage\",\"url\":\"https:\/\/astos.cz\/en\/vseobcne-nakupni-podminky-spolecnosti-astos-machinery\/\",\"name\":\"General Purchasing Terms and Conditions | ASTOS Machinery\",\"isPartOf\":{\"@id\":\"https:\/\/astos.cz\/#website\"},\"primaryImageOfPage\":{\"@id\":\"https:\/\/astos.cz\/en\/vseobcne-nakupni-podminky-spolecnosti-astos-machinery\/#primaryimage\"},\"datePublished\":\"2020-02-19T12:44:25+00:00\",\"dateModified\":\"2025-10-31T12:53:29+00:00\",\"breadcrumb\":{\"@id\":\"https:\/\/astos.cz\/en\/vseobcne-nakupni-podminky-spolecnosti-astos-machinery\/#breadcrumb\"},\"inLanguage\":\"en-US\",\"potentialAction\":[{\"@type\":\"ReadAction\",\"target\":[\"https:\/\/astos.cz\/en\/vseobcne-nakupni-podminky-spolecnosti-astos-machinery\/\"]}]},{\"@type\":\"BreadcrumbList\",\"@id\":\"https:\/\/astos.cz\/en\/vseobcne-nakupni-podminky-spolecnosti-astos-machinery\/#breadcrumb\",\"itemListElement\":[{\"@type\":\"ListItem\",\"position\":1,\"name\":\"Dom\u016f\",\"item\":\"https:\/\/astos.cz\/en\/\"},{\"@type\":\"ListItem\",\"position\":2,\"name\":\"General Purchasing Terms and Conditions\"}]}]}<\/script>\n<!-- \/ Yoast SEO plugin. -->","yoast_head_json":{"title":"General Purchasing Terms and Conditions | ASTOS Machinery","robots":{"index":"index","follow":"follow","max-snippet":"max-snippet:-1","max-image-preview":"max-image-preview:large","max-video-preview":"max-video-preview:-1"},"canonical":"https:\/\/astos.cz\/en\/vseobcne-nakupni-podminky-spolecnosti-astos-machinery\/","og_locale":"en_US","og_type":"article","og_title":"General Purchasing Terms and Conditions | ASTOS Machinery","og_description":"General Purchase Terms and Conditions for Download General Purchase Terms and Conditions_pdf","og_url":"https:\/\/astos.cz\/en\/vseobcne-nakupni-podminky-spolecnosti-astos-machinery\/","og_site_name":"ASTOS Machinery","article_modified_time":"2025-10-31T12:53:29+00:00","og_image":[{"width":1140,"height":640,"url":"https:\/\/astos.cz\/wp-content\/uploads\/2020\/02\/nahledovy-obrazek-nakupni-podminky.jpg","type":"image\/jpeg"}],"twitter_card":"summary","twitter_misc":{"Est. reading time":"1 minute"},"schema":{"@context":"https:\/\/schema.org","@graph":[{"@type":"WebSite","@id":"https:\/\/astos.cz\/#website","url":"https:\/\/astos.cz\/","name":"ASTOS Machinery","description":"Specialista na dopravn\u00edkov\u00e9 syst\u00e9my a krytov\u00e1n\u00ed stroj\u016f","potentialAction":[{"@type":"SearchAction","target":{"@type":"EntryPoint","urlTemplate":"https:\/\/astos.cz\/?s={search_term_string}"},"query-input":"required name=search_term_string"}],"inLanguage":"en-US"},{"@type":"ImageObject","@id":"https:\/\/astos.cz\/en\/vseobcne-nakupni-podminky-spolecnosti-astos-machinery\/#primaryimage","inLanguage":"en-US","url":"https:\/\/astos.cz\/wp-content\/uploads\/2020\/02\/nahledovy-obrazek-nakupni-podminky.jpg","contentUrl":"https:\/\/astos.cz\/wp-content\/uploads\/2020\/02\/nahledovy-obrazek-nakupni-podminky.jpg","width":1140,"height":640},{"@type":"WebPage","@id":"https:\/\/astos.cz\/en\/vseobcne-nakupni-podminky-spolecnosti-astos-machinery\/#webpage","url":"https:\/\/astos.cz\/en\/vseobcne-nakupni-podminky-spolecnosti-astos-machinery\/","name":"General Purchasing Terms and Conditions | ASTOS Machinery","isPartOf":{"@id":"https:\/\/astos.cz\/#website"},"primaryImageOfPage":{"@id":"https:\/\/astos.cz\/en\/vseobcne-nakupni-podminky-spolecnosti-astos-machinery\/#primaryimage"},"datePublished":"2020-02-19T12:44:25+00:00","dateModified":"2025-10-31T12:53:29+00:00","breadcrumb":{"@id":"https:\/\/astos.cz\/en\/vseobcne-nakupni-podminky-spolecnosti-astos-machinery\/#breadcrumb"},"inLanguage":"en-US","potentialAction":[{"@type":"ReadAction","target":["https:\/\/astos.cz\/en\/vseobcne-nakupni-podminky-spolecnosti-astos-machinery\/"]}]},{"@type":"BreadcrumbList","@id":"https:\/\/astos.cz\/en\/vseobcne-nakupni-podminky-spolecnosti-astos-machinery\/#breadcrumb","itemListElement":[{"@type":"ListItem","position":1,"name":"Dom\u016f","item":"https:\/\/astos.cz\/en\/"},{"@type":"ListItem","position":2,"name":"General Purchasing Terms and Conditions"}]}]}},"_links":{"self":[{"href":"https:\/\/astos.cz\/en\/wp-json\/wp\/v2\/pages\/10087"}],"collection":[{"href":"https:\/\/astos.cz\/en\/wp-json\/wp\/v2\/pages"}],"about":[{"href":"https:\/\/astos.cz\/en\/wp-json\/wp\/v2\/types\/page"}],"author":[{"embeddable":true,"href":"https:\/\/astos.cz\/en\/wp-json\/wp\/v2\/users\/6"}],"replies":[{"embeddable":true,"href":"https:\/\/astos.cz\/en\/wp-json\/wp\/v2\/comments?post=10087"}],"version-history":[{"count":9,"href":"https:\/\/astos.cz\/en\/wp-json\/wp\/v2\/pages\/10087\/revisions"}],"predecessor-version":[{"id":13571,"href":"https:\/\/astos.cz\/en\/wp-json\/wp\/v2\/pages\/10087\/revisions\/13571"}],"wp:featuredmedia":[{"embeddable":true,"href":"https:\/\/astos.cz\/en\/wp-json\/wp\/v2\/media\/9027"}],"wp:attachment":[{"href":"https:\/\/astos.cz\/en\/wp-json\/wp\/v2\/media?parent=10087"}],"wp:term":[{"taxonomy":"category","embeddable":true,"href":"https:\/\/astos.cz\/en\/wp-json\/wp\/v2\/categories?post=10087"},{"taxonomy":"post_tag","embeddable":true,"href":"https:\/\/astos.cz\/en\/wp-json\/wp\/v2\/tags?post=10087"}],"curies":[{"name":"wp","href":"https:\/\/api.w.org\/{rel}","templated":true}]}}